{"id":13,"date":"2022-12-09T08:54:43","date_gmt":"2022-12-09T08:54:43","guid":{"rendered":"https:\/\/sites.uef.fi\/100sverigefinska\/?page_id=13"},"modified":"2023-01-16T15:26:29","modified_gmt":"2023-01-16T13:26:29","slug":"huvudsida","status":"publish","type":"page","link":"https:\/\/sites.uef.fi\/100sverigefinska\/","title":{"rendered":"Huvudsida"},"content":{"rendered":"\n<figure class=\"wp-block-image size-large\"><img loading=\"lazy\" decoding=\"async\" width=\"1024\" height=\"684\" src=\"https:\/\/sites.uef.fi\/100sverigefinska\/wp-content\/uploads\/sites\/400\/2022\/12\/Tommi-ja-penkki-2000px-1024x684.jpg\" alt=\"\" class=\"wp-image-179\" srcset=\"https:\/\/sites.uef.fi\/100sverigefinska\/wp-content\/uploads\/sites\/400\/2022\/12\/Tommi-ja-penkki-2000px-1024x684.jpg 1024w, https:\/\/sites.uef.fi\/100sverigefinska\/wp-content\/uploads\/sites\/400\/2022\/12\/Tommi-ja-penkki-2000px-300x200.jpg 300w, https:\/\/sites.uef.fi\/100sverigefinska\/wp-content\/uploads\/sites\/400\/2022\/12\/Tommi-ja-penkki-2000px-768x513.jpg 768w, https:\/\/sites.uef.fi\/100sverigefinska\/wp-content\/uploads\/sites\/400\/2022\/12\/Tommi-ja-penkki-2000px-1536x1025.jpg 1536w, https:\/\/sites.uef.fi\/100sverigefinska\/wp-content\/uploads\/sites\/400\/2022\/12\/Tommi-ja-penkki-2000px.jpg 2000w\" sizes=\"auto, (max-width: 1024px) 100vw, 1024px\" \/><figcaption class=\"wp-element-caption\">Tommi och Dundret i G\u00e4llivare. Foto: Pauli Raitaniemi<\/figcaption><\/figure>\n\n\n\n<h2 class=\"wp-block-heading\"><strong>Projektet Hundra sverigefinska och tornedalska spr\u00e5kliga livsber\u00e4ttelser<\/strong><\/h2>\n\n\n\n<p>I projektet Hundra sverigefinska och tornedalska spr\u00e5kliga livsber\u00e4ttelser ber\u00e4ttar drygt hundra finsk- och svenskspr\u00e5kiga samt me\u00e4nkielitalande personer om sina spr\u00e5kliga erfarenheter i Sverige. Materialet f\u00f6r de spr\u00e5kliga biografierna har samlats in genom intervjuer.<\/p>\n\n\n\n<p>Ytterligare information:<\/p>\n\n\n\n<p>Projektets ledare: Jaana Kolu (tel. +358(0)45-8820690; +358(0)50 472 8276, jaana.kolu@uef.fi)<\/p>\n\n\n\n<p>Foto: Pauli Raitaniemi<\/p>\n","protected":false},"excerpt":{"rendered":"<p>Projektet Hundra sverigefinska och tornedalska spr\u00e5kliga livsber\u00e4ttelser I projektet Hundra sverigefinska och tornedalska spr\u00e5kliga livsber\u00e4ttelser ber\u00e4ttar drygt hundra finsk- och svenskspr\u00e5kiga samt me\u00e4nkielitalande personer om sina spr\u00e5kliga erfarenheter i Sverige. Materialet f\u00f6r de spr\u00e5kliga biografierna har samlats in genom intervjuer. Ytterligare information: Projektets ledare: Jaana Kolu (tel. +358(0)45-8820690; +358(0)50 472 8276, jaana.kolu@uef.fi) Foto: Pauli Raitaniemi<\/p>\n","protected":false},"author":2,"featured_media":0,"parent":0,"menu_order":0,"comment_status":"closed","ping_status":"closed","template":"","meta":{"_acf_changed":false,"footnotes":""},"class_list":["post-13","page","type-page","status-publish","hentry"],"acf":[],"yoast_head":"<!-- This site is optimized with the Yoast SEO plugin v27.1.1 - https:\/\/yoast.com\/product\/yoast-seo-wordpress\/ -->\n<title>Huvudsida - Hundra sverigefinska och tornedalska spr\u00e5kliga livsber\u00e4ttelser<\/title>\n<meta name=\"robots\" content=\"index, follow, max-snippet:-1, max-image-preview:large, max-video-preview:-1\" \/>\n<link rel=\"canonical\" href=\"https:\/\/sites.uef.fi\/100sverigefinska\/\" \/>\n<meta property=\"og:locale\" content=\"sv_SE\" \/>\n<meta property=\"og:type\" content=\"article\" \/>\n<meta property=\"og:title\" content=\"Huvudsida - Hundra sverigefinska och tornedalska spr\u00e5kliga livsber\u00e4ttelser\" \/>\n<meta property=\"og:description\" content=\"Projektet Hundra sverigefinska och tornedalska spr\u00e5kliga livsber\u00e4ttelser I projektet Hundra sverigefinska och tornedalska spr\u00e5kliga livsber\u00e4ttelser ber\u00e4ttar drygt hundra finsk- och svenskspr\u00e5kiga samt me\u00e4nkielitalande personer om sina spr\u00e5kliga erfarenheter i Sverige. Materialet f\u00f6r de spr\u00e5kliga biografierna har samlats in genom intervjuer. Ytterligare information: Projektets ledare: Jaana Kolu (tel. +358(0)45-8820690; +358(0)50 472 8276, jaana.kolu@uef.fi) Foto: Pauli Raitaniemi\" \/>\n<meta property=\"og:url\" content=\"https:\/\/sites.uef.fi\/100sverigefinska\/\" \/>\n<meta property=\"og:site_name\" content=\"Hundra sverigefinska och tornedalska spr\u00e5kliga livsber\u00e4ttelser\" \/>\n<meta property=\"article:modified_time\" content=\"2023-01-16T13:26:29+00:00\" \/>\n<meta property=\"og:image\" content=\"https:\/\/sites.uef.fi\/100sverigefinska\/wp-content\/uploads\/sites\/400\/2022\/12\/Tommi-ja-penkki-2000px-1024x684.jpg\" \/>\n<meta name=\"twitter:card\" content=\"summary_large_image\" \/>\n<script type=\"application\/ld+json\" class=\"yoast-schema-graph\">{\"@context\":\"https:\/\/schema.org\",\"@graph\":[{\"@type\":\"WebPage\",\"@id\":\"https:\/\/sites.uef.fi\/100sverigefinska\/\",\"url\":\"https:\/\/sites.uef.fi\/100sverigefinska\/\",\"name\":\"Huvudsida - Hundra sverigefinska och tornedalska spr\u00e5kliga livsber\u00e4ttelser\",\"isPartOf\":{\"@id\":\"https:\/\/sites.uef.fi\/100sverigefinska\/#website\"},\"primaryImageOfPage\":{\"@id\":\"https:\/\/sites.uef.fi\/100sverigefinska\/#primaryimage\"},\"image\":{\"@id\":\"https:\/\/sites.uef.fi\/100sverigefinska\/#primaryimage\"},\"thumbnailUrl\":\"https:\/\/sites.uef.fi\/100sverigefinska\/wp-content\/uploads\/sites\/400\/2022\/12\/Tommi-ja-penkki-2000px-1024x684.jpg\",\"datePublished\":\"2022-12-09T08:54:43+00:00\",\"dateModified\":\"2023-01-16T13:26:29+00:00\",\"breadcrumb\":{\"@id\":\"https:\/\/sites.uef.fi\/100sverigefinska\/#breadcrumb\"},\"inLanguage\":\"sv-SE\",\"potentialAction\":[{\"@type\":\"ReadAction\",\"target\":[\"https:\/\/sites.uef.fi\/100sverigefinska\/\"]}]},{\"@type\":\"ImageObject\",\"inLanguage\":\"sv-SE\",\"@id\":\"https:\/\/sites.uef.fi\/100sverigefinska\/#primaryimage\",\"url\":\"https:\/\/sites.uef.fi\/100sverigefinska\/wp-content\/uploads\/sites\/400\/2022\/12\/Tommi-ja-penkki-2000px.jpg\",\"contentUrl\":\"https:\/\/sites.uef.fi\/100sverigefinska\/wp-content\/uploads\/sites\/400\/2022\/12\/Tommi-ja-penkki-2000px.jpg\",\"width\":2000,\"height\":1335},{\"@type\":\"BreadcrumbList\",\"@id\":\"https:\/\/sites.uef.fi\/100sverigefinska\/#breadcrumb\",\"itemListElement\":[{\"@type\":\"ListItem\",\"position\":1,\"name\":\"Home\",\"item\":\"https:\/\/sites.uef.fi\/100sverigefinska\/\"},{\"@type\":\"ListItem\",\"position\":2,\"name\":\"Huvudsida\"}]},{\"@type\":\"WebSite\",\"@id\":\"https:\/\/sites.uef.fi\/100sverigefinska\/#website\",\"url\":\"https:\/\/sites.uef.fi\/100sverigefinska\/\",\"name\":\"Hundra sverigefinska och tornedalska spr\u00e5kliga livsber\u00e4ttelser\",\"description\":\"\",\"publisher\":{\"@id\":\"https:\/\/sites.uef.fi\/100sverigefinska\/#organization\"},\"potentialAction\":[{\"@type\":\"SearchAction\",\"target\":{\"@type\":\"EntryPoint\",\"urlTemplate\":\"https:\/\/sites.uef.fi\/100sverigefinska\/?s={search_term_string}\"},\"query-input\":{\"@type\":\"PropertyValueSpecification\",\"valueRequired\":true,\"valueName\":\"search_term_string\"}}],\"inLanguage\":\"sv-SE\"},{\"@type\":\"Organization\",\"@id\":\"https:\/\/sites.uef.fi\/100sverigefinska\/#organization\",\"name\":\"Hundra sverigefinska och tornedalska spr\u00e5kliga livsber\u00e4ttelser\",\"url\":\"https:\/\/sites.uef.fi\/100sverigefinska\/\",\"logo\":{\"@type\":\"ImageObject\",\"inLanguage\":\"sv-SE\",\"@id\":\"https:\/\/sites.uef.fi\/100sverigefinska\/#\/schema\/logo\/image\/\",\"url\":\"https:\/\/sites.uef.fi\/100sverigefinska\/wp-content\/uploads\/sites\/400\/2022\/12\/cropped-UEF_wordpress_white.png\",\"contentUrl\":\"https:\/\/sites.uef.fi\/100sverigefinska\/wp-content\/uploads\/sites\/400\/2022\/12\/cropped-UEF_wordpress_white.png\",\"width\":250,\"height\":250,\"caption\":\"Hundra sverigefinska och tornedalska spr\u00e5kliga livsber\u00e4ttelser\"},\"image\":{\"@id\":\"https:\/\/sites.uef.fi\/100sverigefinska\/#\/schema\/logo\/image\/\"}}]}<\/script>\n<!-- \/ Yoast SEO plugin. -->","yoast_head_json":{"title":"Huvudsida - Hundra sverigefinska och tornedalska spr\u00e5kliga livsber\u00e4ttelser","robots":{"index":"index","follow":"follow","max-snippet":"max-snippet:-1","max-image-preview":"max-image-preview:large","max-video-preview":"max-video-preview:-1"},"canonical":"https:\/\/sites.uef.fi\/100sverigefinska\/","og_locale":"sv_SE","og_type":"article","og_title":"Huvudsida - Hundra sverigefinska och tornedalska spr\u00e5kliga livsber\u00e4ttelser","og_description":"Projektet Hundra sverigefinska och tornedalska spr\u00e5kliga livsber\u00e4ttelser I projektet Hundra sverigefinska och tornedalska spr\u00e5kliga livsber\u00e4ttelser ber\u00e4ttar drygt hundra finsk- och svenskspr\u00e5kiga samt me\u00e4nkielitalande personer om sina spr\u00e5kliga erfarenheter i Sverige. Materialet f\u00f6r de spr\u00e5kliga biografierna har samlats in genom intervjuer. Ytterligare information: Projektets ledare: Jaana Kolu (tel. +358(0)45-8820690; +358(0)50 472 8276, jaana.kolu@uef.fi) Foto: Pauli Raitaniemi","og_url":"https:\/\/sites.uef.fi\/100sverigefinska\/","og_site_name":"Hundra sverigefinska och tornedalska spr\u00e5kliga livsber\u00e4ttelser","article_modified_time":"2023-01-16T13:26:29+00:00","og_image":[{"url":"https:\/\/sites.uef.fi\/100sverigefinska\/wp-content\/uploads\/sites\/400\/2022\/12\/Tommi-ja-penkki-2000px-1024x684.jpg","type":"","width":"","height":""}],"twitter_card":"summary_large_image","schema":{"@context":"https:\/\/schema.org","@graph":[{"@type":"WebPage","@id":"https:\/\/sites.uef.fi\/100sverigefinska\/","url":"https:\/\/sites.uef.fi\/100sverigefinska\/","name":"Huvudsida - Hundra sverigefinska och tornedalska spr\u00e5kliga livsber\u00e4ttelser","isPartOf":{"@id":"https:\/\/sites.uef.fi\/100sverigefinska\/#website"},"primaryImageOfPage":{"@id":"https:\/\/sites.uef.fi\/100sverigefinska\/#primaryimage"},"image":{"@id":"https:\/\/sites.uef.fi\/100sverigefinska\/#primaryimage"},"thumbnailUrl":"https:\/\/sites.uef.fi\/100sverigefinska\/wp-content\/uploads\/sites\/400\/2022\/12\/Tommi-ja-penkki-2000px-1024x684.jpg","datePublished":"2022-12-09T08:54:43+00:00","dateModified":"2023-01-16T13:26:29+00:00","breadcrumb":{"@id":"https:\/\/sites.uef.fi\/100sverigefinska\/#breadcrumb"},"inLanguage":"sv-SE","potentialAction":[{"@type":"ReadAction","target":["https:\/\/sites.uef.fi\/100sverigefinska\/"]}]},{"@type":"ImageObject","inLanguage":"sv-SE","@id":"https:\/\/sites.uef.fi\/100sverigefinska\/#primaryimage","url":"https:\/\/sites.uef.fi\/100sverigefinska\/wp-content\/uploads\/sites\/400\/2022\/12\/Tommi-ja-penkki-2000px.jpg","contentUrl":"https:\/\/sites.uef.fi\/100sverigefinska\/wp-content\/uploads\/sites\/400\/2022\/12\/Tommi-ja-penkki-2000px.jpg","width":2000,"height":1335},{"@type":"BreadcrumbList","@id":"https:\/\/sites.uef.fi\/100sverigefinska\/#breadcrumb","itemListElement":[{"@type":"ListItem","position":1,"name":"Home","item":"https:\/\/sites.uef.fi\/100sverigefinska\/"},{"@type":"ListItem","position":2,"name":"Huvudsida"}]},{"@type":"WebSite","@id":"https:\/\/sites.uef.fi\/100sverigefinska\/#website","url":"https:\/\/sites.uef.fi\/100sverigefinska\/","name":"Hundra sverigefinska och tornedalska spr\u00e5kliga livsber\u00e4ttelser","description":"","publisher":{"@id":"https:\/\/sites.uef.fi\/100sverigefinska\/#organization"},"potentialAction":[{"@type":"SearchAction","target":{"@type":"EntryPoint","urlTemplate":"https:\/\/sites.uef.fi\/100sverigefinska\/?s={search_term_string}"},"query-input":{"@type":"PropertyValueSpecification","valueRequired":true,"valueName":"search_term_string"}}],"inLanguage":"sv-SE"},{"@type":"Organization","@id":"https:\/\/sites.uef.fi\/100sverigefinska\/#organization","name":"Hundra sverigefinska och tornedalska spr\u00e5kliga livsber\u00e4ttelser","url":"https:\/\/sites.uef.fi\/100sverigefinska\/","logo":{"@type":"ImageObject","inLanguage":"sv-SE","@id":"https:\/\/sites.uef.fi\/100sverigefinska\/#\/schema\/logo\/image\/","url":"https:\/\/sites.uef.fi\/100sverigefinska\/wp-content\/uploads\/sites\/400\/2022\/12\/cropped-UEF_wordpress_white.png","contentUrl":"https:\/\/sites.uef.fi\/100sverigefinska\/wp-content\/uploads\/sites\/400\/2022\/12\/cropped-UEF_wordpress_white.png","width":250,"height":250,"caption":"Hundra sverigefinska och tornedalska spr\u00e5kliga livsber\u00e4ttelser"},"image":{"@id":"https:\/\/sites.uef.fi\/100sverigefinska\/#\/schema\/logo\/image\/"}}]}},"_links":{"self":[{"href":"https:\/\/sites.uef.fi\/100sverigefinska\/wp-json\/wp\/v2\/pages\/13","targetHints":{"allow":["GET"]}}],"collection":[{"href":"https:\/\/sites.uef.fi\/100sverigefinska\/wp-json\/wp\/v2\/pages"}],"about":[{"href":"https:\/\/sites.uef.fi\/100sverigefinska\/wp-json\/wp\/v2\/types\/page"}],"author":[{"embeddable":true,"href":"https:\/\/sites.uef.fi\/100sverigefinska\/wp-json\/wp\/v2\/users\/2"}],"replies":[{"embeddable":true,"href":"https:\/\/sites.uef.fi\/100sverigefinska\/wp-json\/wp\/v2\/comments?post=13"}],"version-history":[{"count":2,"href":"https:\/\/sites.uef.fi\/100sverigefinska\/wp-json\/wp\/v2\/pages\/13\/revisions"}],"predecessor-version":[{"id":365,"href":"https:\/\/sites.uef.fi\/100sverigefinska\/wp-json\/wp\/v2\/pages\/13\/revisions\/365"}],"wp:attachment":[{"href":"https:\/\/sites.uef.fi\/100sverigefinska\/wp-json\/wp\/v2\/media?parent=13"}],"curies":[{"name":"wp","href":"https:\/\/api.w.org\/{rel}","templated":true}]}}