{"id":42,"date":"2022-12-12T02:19:00","date_gmt":"2022-12-12T00:19:00","guid":{"rendered":"https:\/\/sites.uef.fi\/100sverigefinska\/?page_id=42"},"modified":"2023-01-16T15:14:33","modified_gmt":"2023-01-16T13:14:33","slug":"projekt","status":"publish","type":"page","link":"https:\/\/sites.uef.fi\/100sverigefinska\/projekt\/","title":{"rendered":"Projekt"},"content":{"rendered":"\n<p>Sidan h\u00e5ller p\u00e5 att uppdateras!<\/p>\n\n\n\n<figure class=\"wp-block-image size-large\"><img loading=\"lazy\" decoding=\"async\" width=\"1024\" height=\"664\" src=\"https:\/\/sites.uef.fi\/100sverigefinska\/wp-content\/uploads\/sites\/400\/2022\/12\/Ellen-terassi_M8Q3800-1024x664.jpg\" alt=\"\" class=\"wp-image-167\" srcset=\"https:\/\/sites.uef.fi\/100sverigefinska\/wp-content\/uploads\/sites\/400\/2022\/12\/Ellen-terassi_M8Q3800-1024x664.jpg 1024w, https:\/\/sites.uef.fi\/100sverigefinska\/wp-content\/uploads\/sites\/400\/2022\/12\/Ellen-terassi_M8Q3800-300x194.jpg 300w, https:\/\/sites.uef.fi\/100sverigefinska\/wp-content\/uploads\/sites\/400\/2022\/12\/Ellen-terassi_M8Q3800-768x498.jpg 768w, https:\/\/sites.uef.fi\/100sverigefinska\/wp-content\/uploads\/sites\/400\/2022\/12\/Ellen-terassi_M8Q3800-1536x996.jpg 1536w, https:\/\/sites.uef.fi\/100sverigefinska\/wp-content\/uploads\/sites\/400\/2022\/12\/Ellen-terassi_M8Q3800-2048x1327.jpg 2048w\" sizes=\"auto, (max-width: 1024px) 100vw, 1024px\" \/><figcaption class=\"wp-element-caption\">Ellen i G\u00e4llivare. Foto: Pauli Raitaniemi.<\/figcaption><\/figure>\n\n\n\n<h2 class=\"wp-block-heading\"><strong>Beskrivningen av projektet<\/strong><\/h2>\n\n\n\n<p>Hundra sverigefinska och me\u00e4nkielitalandes spr\u00e5kliga livsber\u00e4ttelser \u00e4r ett projekt som omfattar hundra sverigefinnars och tordedalingars spr\u00e5kliga autobiografier som samlas in genom intervjuer i Sverige. Id\u00e9n till projektet kom fr\u00e5n motsvarande projekt som har gjorts i Finland: <a href=\"https:\/\/blogs.helsinki.fi\/100finlandska\/\">Hundra finl\u00e4ndska spr\u00e5kliga livshistorier<\/a>.<\/p>\n\n\n\n<p>N\u00e5gra av de intervjuade fotograferas, och i samband med projektet ordnas utst\u00e4llningar d\u00e4r b\u00e5de fotografier och utdrag ur intervjuerna presenteras.<\/p>\n\n\n\n<p>Projektet genomf\u00f6rs vid \u00d6stra Finlands universitet 1.8.2021 \u2013 31.5.2026. &nbsp;Projektet har finansierats av Kulturfonden mellan Sverige och Finland. <\/p>\n\n\n\n<p>Ytterligare information:<\/p>\n\n\n\n<p>Projektets ledare:  Jaana Kolu (tel. +358(0)45-8820690; +358(0)50 472 8276, jaana.kolu@uef.fi)  <\/p>\n\n\n\n<p>Foto:  Pauli Raitaniemi<\/p>\n\n\n\n<p>Samarbetspartners: Finska spr\u00e5ket vid Stockholms universitet, Suomi-kerho i G\u00e4llivare, G\u00e4llivare kommun, G\u00e4llivare konstmuseum<\/p>\n\n\n\n<figure class=\"wp-block-image\"><a href=\"https:\/\/kulturfonden.net\/\"><img decoding=\"async\" src=\"https:\/\/kulturfonden.net\/wp-content\/uploads\/2020\/11\/logo@2x.png\" alt=\"Kulturfonden\" \/><\/a><\/figure>\n\n\n\n<figure class=\"wp-block-image size-large\"><img loading=\"lazy\" decoding=\"async\" width=\"1024\" height=\"664\" src=\"https:\/\/sites.uef.fi\/100sverigefinska\/wp-content\/uploads\/sites\/400\/2022\/12\/Jari-Aitik_M8Q3642-B-2000px-2-1024x664.jpg\" alt=\"\" class=\"wp-image-158\" srcset=\"https:\/\/sites.uef.fi\/100sverigefinska\/wp-content\/uploads\/sites\/400\/2022\/12\/Jari-Aitik_M8Q3642-B-2000px-2-1024x664.jpg 1024w, https:\/\/sites.uef.fi\/100sverigefinska\/wp-content\/uploads\/sites\/400\/2022\/12\/Jari-Aitik_M8Q3642-B-2000px-2-300x195.jpg 300w, https:\/\/sites.uef.fi\/100sverigefinska\/wp-content\/uploads\/sites\/400\/2022\/12\/Jari-Aitik_M8Q3642-B-2000px-2-768x498.jpg 768w, https:\/\/sites.uef.fi\/100sverigefinska\/wp-content\/uploads\/sites\/400\/2022\/12\/Jari-Aitik_M8Q3642-B-2000px-2-1536x996.jpg 1536w, https:\/\/sites.uef.fi\/100sverigefinska\/wp-content\/uploads\/sites\/400\/2022\/12\/Jari-Aitik_M8Q3642-B-2000px-2.jpg 2000w\" sizes=\"auto, (max-width: 1024px) 100vw, 1024px\" \/><\/figure>\n\n\n\n<p>Jari och Aitik. Aitik, strax s\u00f6der om G\u00e4llivare, \u00e4r Sveriges st\u00f6rsta koppardagbrott. Foto: Pauli Raitaniemi.<\/p>\n","protected":false},"excerpt":{"rendered":"<p>Sidan h\u00e5ller p\u00e5 att uppdateras! Beskrivningen av projektet Hundra sverigefinska och me\u00e4nkielitalandes spr\u00e5kliga livsber\u00e4ttelser \u00e4r ett projekt som omfattar hundra sverigefinnars och tordedalingars spr\u00e5kliga autobiografier som samlas in genom intervjuer i Sverige. Id\u00e9n till projektet kom fr\u00e5n motsvarande projekt som har gjorts i Finland: Hundra finl\u00e4ndska spr\u00e5kliga livshistorier. N\u00e5gra av de intervjuade fotograferas, och i [&hellip;]<\/p>\n","protected":false},"author":870,"featured_media":0,"parent":0,"menu_order":0,"comment_status":"closed","ping_status":"closed","template":"","meta":{"_acf_changed":false,"footnotes":""},"class_list":["post-42","page","type-page","status-publish","hentry"],"acf":[],"yoast_head":"<!-- This site is optimized with the Yoast SEO plugin v27.1.1 - https:\/\/yoast.com\/product\/yoast-seo-wordpress\/ -->\n<title>Projekt - Hundra sverigefinska och tornedalska spr\u00e5kliga livsber\u00e4ttelser<\/title>\n<meta name=\"robots\" content=\"index, follow, max-snippet:-1, max-image-preview:large, max-video-preview:-1\" \/>\n<link rel=\"canonical\" href=\"https:\/\/sites.uef.fi\/100sverigefinska\/projekt\/\" \/>\n<meta property=\"og:locale\" content=\"sv_SE\" \/>\n<meta property=\"og:type\" content=\"article\" \/>\n<meta property=\"og:title\" content=\"Projekt - Hundra sverigefinska och tornedalska spr\u00e5kliga livsber\u00e4ttelser\" \/>\n<meta property=\"og:description\" content=\"Sidan h\u00e5ller p\u00e5 att uppdateras! Beskrivningen av projektet Hundra sverigefinska och me\u00e4nkielitalandes spr\u00e5kliga livsber\u00e4ttelser \u00e4r ett projekt som omfattar hundra sverigefinnars och tordedalingars spr\u00e5kliga autobiografier som samlas in genom intervjuer i Sverige. Id\u00e9n till projektet kom fr\u00e5n motsvarande projekt som har gjorts i Finland: Hundra finl\u00e4ndska spr\u00e5kliga livshistorier. N\u00e5gra av de intervjuade fotograferas, och i [&hellip;]\" \/>\n<meta property=\"og:url\" content=\"https:\/\/sites.uef.fi\/100sverigefinska\/projekt\/\" \/>\n<meta property=\"og:site_name\" content=\"Hundra sverigefinska och tornedalska spr\u00e5kliga livsber\u00e4ttelser\" \/>\n<meta property=\"article:modified_time\" content=\"2023-01-16T13:14:33+00:00\" \/>\n<meta property=\"og:image\" content=\"https:\/\/sites.uef.fi\/100sverigefinska\/wp-content\/uploads\/sites\/400\/2022\/12\/Ellen-terassi_M8Q3800-1024x664.jpg\" \/>\n<meta name=\"twitter:card\" content=\"summary_large_image\" \/>\n<meta name=\"twitter:label1\" content=\"Ber\u00e4knad l\u00e4stid\" \/>\n\t<meta name=\"twitter:data1\" content=\"1 minut\" \/>\n<script type=\"application\/ld+json\" class=\"yoast-schema-graph\">{\"@context\":\"https:\/\/schema.org\",\"@graph\":[{\"@type\":\"WebPage\",\"@id\":\"https:\/\/sites.uef.fi\/100sverigefinska\/projekt\/\",\"url\":\"https:\/\/sites.uef.fi\/100sverigefinska\/projekt\/\",\"name\":\"Projekt - Hundra sverigefinska och tornedalska spr\u00e5kliga livsber\u00e4ttelser\",\"isPartOf\":{\"@id\":\"https:\/\/sites.uef.fi\/100sverigefinska\/#website\"},\"primaryImageOfPage\":{\"@id\":\"https:\/\/sites.uef.fi\/100sverigefinska\/projekt\/#primaryimage\"},\"image\":{\"@id\":\"https:\/\/sites.uef.fi\/100sverigefinska\/projekt\/#primaryimage\"},\"thumbnailUrl\":\"https:\/\/sites.uef.fi\/100sverigefinska\/wp-content\/uploads\/sites\/400\/2022\/12\/Ellen-terassi_M8Q3800-1024x664.jpg\",\"datePublished\":\"2022-12-12T00:19:00+00:00\",\"dateModified\":\"2023-01-16T13:14:33+00:00\",\"breadcrumb\":{\"@id\":\"https:\/\/sites.uef.fi\/100sverigefinska\/projekt\/#breadcrumb\"},\"inLanguage\":\"sv-SE\",\"potentialAction\":[{\"@type\":\"ReadAction\",\"target\":[\"https:\/\/sites.uef.fi\/100sverigefinska\/projekt\/\"]}]},{\"@type\":\"ImageObject\",\"inLanguage\":\"sv-SE\",\"@id\":\"https:\/\/sites.uef.fi\/100sverigefinska\/projekt\/#primaryimage\",\"url\":\"https:\/\/sites.uef.fi\/100sverigefinska\/wp-content\/uploads\/sites\/400\/2022\/12\/Ellen-terassi_M8Q3800-scaled.jpg\",\"contentUrl\":\"https:\/\/sites.uef.fi\/100sverigefinska\/wp-content\/uploads\/sites\/400\/2022\/12\/Ellen-terassi_M8Q3800-scaled.jpg\",\"width\":2560,\"height\":1659},{\"@type\":\"BreadcrumbList\",\"@id\":\"https:\/\/sites.uef.fi\/100sverigefinska\/projekt\/#breadcrumb\",\"itemListElement\":[{\"@type\":\"ListItem\",\"position\":1,\"name\":\"Home\",\"item\":\"https:\/\/sites.uef.fi\/100sverigefinska\/\"},{\"@type\":\"ListItem\",\"position\":2,\"name\":\"Projekt\"}]},{\"@type\":\"WebSite\",\"@id\":\"https:\/\/sites.uef.fi\/100sverigefinska\/#website\",\"url\":\"https:\/\/sites.uef.fi\/100sverigefinska\/\",\"name\":\"Hundra sverigefinska och tornedalska spr\u00e5kliga livsber\u00e4ttelser\",\"description\":\"\",\"publisher\":{\"@id\":\"https:\/\/sites.uef.fi\/100sverigefinska\/#organization\"},\"potentialAction\":[{\"@type\":\"SearchAction\",\"target\":{\"@type\":\"EntryPoint\",\"urlTemplate\":\"https:\/\/sites.uef.fi\/100sverigefinska\/?s={search_term_string}\"},\"query-input\":{\"@type\":\"PropertyValueSpecification\",\"valueRequired\":true,\"valueName\":\"search_term_string\"}}],\"inLanguage\":\"sv-SE\"},{\"@type\":\"Organization\",\"@id\":\"https:\/\/sites.uef.fi\/100sverigefinska\/#organization\",\"name\":\"Hundra sverigefinska och tornedalska spr\u00e5kliga livsber\u00e4ttelser\",\"url\":\"https:\/\/sites.uef.fi\/100sverigefinska\/\",\"logo\":{\"@type\":\"ImageObject\",\"inLanguage\":\"sv-SE\",\"@id\":\"https:\/\/sites.uef.fi\/100sverigefinska\/#\/schema\/logo\/image\/\",\"url\":\"https:\/\/sites.uef.fi\/100sverigefinska\/wp-content\/uploads\/sites\/400\/2022\/12\/cropped-UEF_wordpress_white.png\",\"contentUrl\":\"https:\/\/sites.uef.fi\/100sverigefinska\/wp-content\/uploads\/sites\/400\/2022\/12\/cropped-UEF_wordpress_white.png\",\"width\":250,\"height\":250,\"caption\":\"Hundra sverigefinska och tornedalska spr\u00e5kliga livsber\u00e4ttelser\"},\"image\":{\"@id\":\"https:\/\/sites.uef.fi\/100sverigefinska\/#\/schema\/logo\/image\/\"}}]}<\/script>\n<!-- \/ Yoast SEO plugin. -->","yoast_head_json":{"title":"Projekt - Hundra sverigefinska och tornedalska spr\u00e5kliga livsber\u00e4ttelser","robots":{"index":"index","follow":"follow","max-snippet":"max-snippet:-1","max-image-preview":"max-image-preview:large","max-video-preview":"max-video-preview:-1"},"canonical":"https:\/\/sites.uef.fi\/100sverigefinska\/projekt\/","og_locale":"sv_SE","og_type":"article","og_title":"Projekt - Hundra sverigefinska och tornedalska spr\u00e5kliga livsber\u00e4ttelser","og_description":"Sidan h\u00e5ller p\u00e5 att uppdateras! Beskrivningen av projektet Hundra sverigefinska och me\u00e4nkielitalandes spr\u00e5kliga livsber\u00e4ttelser \u00e4r ett projekt som omfattar hundra sverigefinnars och tordedalingars spr\u00e5kliga autobiografier som samlas in genom intervjuer i Sverige. Id\u00e9n till projektet kom fr\u00e5n motsvarande projekt som har gjorts i Finland: Hundra finl\u00e4ndska spr\u00e5kliga livshistorier. N\u00e5gra av de intervjuade fotograferas, och i [&hellip;]","og_url":"https:\/\/sites.uef.fi\/100sverigefinska\/projekt\/","og_site_name":"Hundra sverigefinska och tornedalska spr\u00e5kliga livsber\u00e4ttelser","article_modified_time":"2023-01-16T13:14:33+00:00","og_image":[{"url":"https:\/\/sites.uef.fi\/100sverigefinska\/wp-content\/uploads\/sites\/400\/2022\/12\/Ellen-terassi_M8Q3800-1024x664.jpg","type":"","width":"","height":""}],"twitter_card":"summary_large_image","twitter_misc":{"Ber\u00e4knad l\u00e4stid":"1 minut"},"schema":{"@context":"https:\/\/schema.org","@graph":[{"@type":"WebPage","@id":"https:\/\/sites.uef.fi\/100sverigefinska\/projekt\/","url":"https:\/\/sites.uef.fi\/100sverigefinska\/projekt\/","name":"Projekt - Hundra sverigefinska och tornedalska spr\u00e5kliga livsber\u00e4ttelser","isPartOf":{"@id":"https:\/\/sites.uef.fi\/100sverigefinska\/#website"},"primaryImageOfPage":{"@id":"https:\/\/sites.uef.fi\/100sverigefinska\/projekt\/#primaryimage"},"image":{"@id":"https:\/\/sites.uef.fi\/100sverigefinska\/projekt\/#primaryimage"},"thumbnailUrl":"https:\/\/sites.uef.fi\/100sverigefinska\/wp-content\/uploads\/sites\/400\/2022\/12\/Ellen-terassi_M8Q3800-1024x664.jpg","datePublished":"2022-12-12T00:19:00+00:00","dateModified":"2023-01-16T13:14:33+00:00","breadcrumb":{"@id":"https:\/\/sites.uef.fi\/100sverigefinska\/projekt\/#breadcrumb"},"inLanguage":"sv-SE","potentialAction":[{"@type":"ReadAction","target":["https:\/\/sites.uef.fi\/100sverigefinska\/projekt\/"]}]},{"@type":"ImageObject","inLanguage":"sv-SE","@id":"https:\/\/sites.uef.fi\/100sverigefinska\/projekt\/#primaryimage","url":"https:\/\/sites.uef.fi\/100sverigefinska\/wp-content\/uploads\/sites\/400\/2022\/12\/Ellen-terassi_M8Q3800-scaled.jpg","contentUrl":"https:\/\/sites.uef.fi\/100sverigefinska\/wp-content\/uploads\/sites\/400\/2022\/12\/Ellen-terassi_M8Q3800-scaled.jpg","width":2560,"height":1659},{"@type":"BreadcrumbList","@id":"https:\/\/sites.uef.fi\/100sverigefinska\/projekt\/#breadcrumb","itemListElement":[{"@type":"ListItem","position":1,"name":"Home","item":"https:\/\/sites.uef.fi\/100sverigefinska\/"},{"@type":"ListItem","position":2,"name":"Projekt"}]},{"@type":"WebSite","@id":"https:\/\/sites.uef.fi\/100sverigefinska\/#website","url":"https:\/\/sites.uef.fi\/100sverigefinska\/","name":"Hundra sverigefinska och tornedalska spr\u00e5kliga livsber\u00e4ttelser","description":"","publisher":{"@id":"https:\/\/sites.uef.fi\/100sverigefinska\/#organization"},"potentialAction":[{"@type":"SearchAction","target":{"@type":"EntryPoint","urlTemplate":"https:\/\/sites.uef.fi\/100sverigefinska\/?s={search_term_string}"},"query-input":{"@type":"PropertyValueSpecification","valueRequired":true,"valueName":"search_term_string"}}],"inLanguage":"sv-SE"},{"@type":"Organization","@id":"https:\/\/sites.uef.fi\/100sverigefinska\/#organization","name":"Hundra sverigefinska och tornedalska spr\u00e5kliga livsber\u00e4ttelser","url":"https:\/\/sites.uef.fi\/100sverigefinska\/","logo":{"@type":"ImageObject","inLanguage":"sv-SE","@id":"https:\/\/sites.uef.fi\/100sverigefinska\/#\/schema\/logo\/image\/","url":"https:\/\/sites.uef.fi\/100sverigefinska\/wp-content\/uploads\/sites\/400\/2022\/12\/cropped-UEF_wordpress_white.png","contentUrl":"https:\/\/sites.uef.fi\/100sverigefinska\/wp-content\/uploads\/sites\/400\/2022\/12\/cropped-UEF_wordpress_white.png","width":250,"height":250,"caption":"Hundra sverigefinska och tornedalska spr\u00e5kliga livsber\u00e4ttelser"},"image":{"@id":"https:\/\/sites.uef.fi\/100sverigefinska\/#\/schema\/logo\/image\/"}}]}},"_links":{"self":[{"href":"https:\/\/sites.uef.fi\/100sverigefinska\/wp-json\/wp\/v2\/pages\/42","targetHints":{"allow":["GET"]}}],"collection":[{"href":"https:\/\/sites.uef.fi\/100sverigefinska\/wp-json\/wp\/v2\/pages"}],"about":[{"href":"https:\/\/sites.uef.fi\/100sverigefinska\/wp-json\/wp\/v2\/types\/page"}],"author":[{"embeddable":true,"href":"https:\/\/sites.uef.fi\/100sverigefinska\/wp-json\/wp\/v2\/users\/870"}],"replies":[{"embeddable":true,"href":"https:\/\/sites.uef.fi\/100sverigefinska\/wp-json\/wp\/v2\/comments?post=42"}],"version-history":[{"count":1,"href":"https:\/\/sites.uef.fi\/100sverigefinska\/wp-json\/wp\/v2\/pages\/42\/revisions"}],"predecessor-version":[{"id":338,"href":"https:\/\/sites.uef.fi\/100sverigefinska\/wp-json\/wp\/v2\/pages\/42\/revisions\/338"}],"wp:attachment":[{"href":"https:\/\/sites.uef.fi\/100sverigefinska\/wp-json\/wp\/v2\/media?parent=42"}],"curies":[{"name":"wp","href":"https:\/\/api.w.org\/{rel}","templated":true}]}}