{"id":1568,"date":"2023-09-28T14:26:04","date_gmt":"2023-09-28T11:26:04","guid":{"rendered":"https:\/\/sites.uef.fi\/aerosol\/?page_id=1568"},"modified":"2023-11-22T10:16:02","modified_gmt":"2023-11-22T07:16:02","slug":"programme","status":"publish","type":"page","link":"https:\/\/sites.uef.fi\/aerosol\/accc\/programme\/","title":{"rendered":"Programme"},"content":{"rendered":"\n<h2 class=\"wp-block-heading\"><strong>Tuesday 21.11.<\/strong><\/h2>\n\n\n\n<p><strong>13:00-13:20&nbsp;&nbsp;&nbsp;&nbsp;&nbsp; Welcoming words<\/strong><\/p>\n\n\n\n<p><strong>13:20-15:05&nbsp;&nbsp;&nbsp;&nbsp;&nbsp; Session 1<\/strong>: Quantifying and activating the potential of land-based climate change mitigation<\/p>\n\n\n\n<p>&nbsp;&nbsp;&nbsp;&nbsp;&nbsp;&nbsp;&nbsp;&nbsp;&nbsp;&nbsp;&nbsp;&nbsp;&nbsp;&nbsp;&nbsp;&nbsp;&nbsp;&nbsp;&nbsp;&nbsp;&nbsp;&nbsp;&nbsp;&nbsp;&nbsp; Session Chairs: Vitus Besel &amp; Tiina T\u00f6rm\u00e4nen<\/p>\n\n\n\n<p>13:20-14:05&nbsp;&nbsp;&nbsp;&nbsp;&nbsp;&nbsp; <strong>Plenary by Anna Laine-Pet\u00e4j\u00e4kangas (UEF)<\/strong>: <em>Peatland restoration as a nature based solution to tackle climate change and biodiversity loss<\/em><\/p>\n\n\n\n<p>14:05-14:15&nbsp;&nbsp;&nbsp;&nbsp;&nbsp;&nbsp; Lejish Vettikkat (UEF): Ammonia flux measurements at the SMEAR-agri station using benzene-CIMS<\/p>\n\n\n\n<p>14:15-14:25&nbsp;&nbsp;&nbsp;&nbsp;&nbsp;&nbsp; Liisa Kulmala (FMI): Carbon Sequestration in Different Urban Vegetation Types<\/p>\n\n\n\n<p>14:25-14:35&nbsp;&nbsp;&nbsp;&nbsp;&nbsp;&nbsp; Ekaterina Ezhova (UH): Air mass transformation over boreal forest: effect on clouds and photosynthesis<\/p>\n\n\n\n<p>14:35-14:45&nbsp;&nbsp;&nbsp;&nbsp;&nbsp;&nbsp; Eliezer Khaling (UEF): Reactive nitrogenous gas (Nitrous acid) emissions along the fen-bog gradient from southern boreal in Finland to subarctic peatland in the context of changing climatic conditions.<\/p>\n\n\n\n<p>14:45-14:55&nbsp;&nbsp;&nbsp;&nbsp;&nbsp;&nbsp; Erkka Rinne (FMI): Local climate effects of peatland rewetting \u2013 A site pair analysis to simulate forest-to-wetland transition in boreal ecosystems<\/p>\n\n\n\n<p>14:55-15:05&nbsp;&nbsp;&nbsp;&nbsp;&nbsp;&nbsp; Magdalena Held (UH): Interconduit pits of two conifer species scale with conduit dimensions<\/p>\n\n\n\n<p><strong>15:05-15:30&nbsp;&nbsp;&nbsp;&nbsp;&nbsp; Coffee break<\/strong><\/p>\n\n\n\n<p><strong><strong>(16:00-17:00&nbsp;&nbsp;&nbsp;&nbsp;&nbsp; SIAB-meeting (only for SIAB members, room 1035)<\/strong><\/strong>)<\/p>\n\n\n\n<p><strong>15:30-17:30&nbsp;&nbsp;&nbsp;&nbsp;&nbsp; Session 2<\/strong>: Climate change impact<\/p>\n\n\n\n<p>&nbsp;&nbsp;&nbsp;&nbsp;&nbsp;&nbsp;&nbsp;&nbsp;&nbsp;&nbsp;&nbsp;&nbsp;&nbsp;&nbsp;&nbsp;&nbsp;&nbsp;&nbsp;&nbsp;&nbsp;&nbsp;&nbsp;&nbsp;&nbsp;&nbsp;&nbsp;Session Chairs: Nicola Kokkonen &amp; Ville Leinonen<\/p>\n\n\n\n<p>15:30-16:15&nbsp;&nbsp;&nbsp;&nbsp;&nbsp;&nbsp; <strong>Plenary by Tero Mielonen (FMI)<\/strong>: <em>Are we in the same boat? Impacts of climate change and climate action are not distributed evenly<\/em><\/p>\n\n\n\n<p>16:15-16:25&nbsp;&nbsp;&nbsp;&nbsp;&nbsp;&nbsp; Egle K\u00f6ster (UEF): Impact of long-term water level drawdown and contrasting weather conditions on ground level vegetation in boreal peatlands<\/p>\n\n\n\n<p>16:25-16:35&nbsp;&nbsp;&nbsp;&nbsp;&nbsp;&nbsp; Victoria Sinclair (UH): Identifying controls of the intensity of extra-tropical cyclones using a massive ensemble of baroclinic life cycle simulations<\/p>\n\n\n\n<p>16:35-16:45&nbsp;&nbsp;&nbsp;&nbsp;&nbsp;&nbsp; Tommi Bergman (FMI): Earth system impacts of a realistic ocean alkalinization deployment scenario<\/p>\n\n\n\n<p><strong>16:45-16:55&nbsp;&nbsp;&nbsp;&nbsp;&nbsp; Short break<\/strong><\/p>\n\n\n\n<p>16:55-17:05&nbsp;&nbsp;&nbsp;&nbsp;&nbsp;&nbsp; Carlos Palacin-Lizarbe (UEF): Winter nitrogen cycling in sediments of large boreal lakes affected by browning and mining<\/p>\n\n\n\n<p>17:05-17:15&nbsp;&nbsp;&nbsp;&nbsp;&nbsp;&nbsp; Katja Lauri &amp; Rosa Rantanen (UH): Exploring climate change relevant art-science methodologies<\/p>\n\n\n\n<p>17:15-17:30&nbsp;&nbsp;&nbsp;&nbsp;&nbsp;&nbsp; Ending day 1<\/p>\n\n\n\n<p><strong>19:00-23:00&nbsp;&nbsp;&nbsp;&nbsp;&nbsp; Dinner at Kuopion Klubi<\/strong><\/p>\n\n\n\n<p><\/p>\n\n\n\n<p><\/p>\n\n\n\n<h2 class=\"wp-block-heading\"><strong>Wednesday 22.11.<\/strong><\/h2>\n\n\n\n<p><strong>8:30-8:35&nbsp;&nbsp;&nbsp;&nbsp;&nbsp;&nbsp;&nbsp;&nbsp;&nbsp;&nbsp; Opening the day<\/strong><\/p>\n\n\n\n<p><strong>8:35-10:00&nbsp;&nbsp;&nbsp;&nbsp;&nbsp;&nbsp;&nbsp;&nbsp; Session 3<\/strong>: Quantifying the air quality \u2013 climate interactions and their impacts<\/p>\n\n\n\n<p>&nbsp;&nbsp;&nbsp;&nbsp;&nbsp;&nbsp;&nbsp;&nbsp;&nbsp;&nbsp;&nbsp;&nbsp;&nbsp;&nbsp;&nbsp;&nbsp;&nbsp;&nbsp;&nbsp;&nbsp;&nbsp;&nbsp;&nbsp;&nbsp;&nbsp;&nbsp; Session Chairs: Laura Salo &amp; Andrea Wagner<\/p>\n\n\n\n<p>8:35-9:20&nbsp;&nbsp;&nbsp;&nbsp;&nbsp;&nbsp;&nbsp;&nbsp;&nbsp;&nbsp; <strong>Plenary by Miikka Dal Maso (TAU)<\/strong>: <em>Atmospheric aerosols as an example of the benefits of addressing climate and air quality together<\/em><\/p>\n\n\n\n<p>9:20-9:30&nbsp;&nbsp;&nbsp;&nbsp;&nbsp;&nbsp;&nbsp;&nbsp;&nbsp;&nbsp; Liqing Hao (UEF): Direct mitigation of organic aerosol particulate pollutants by photocatalysis:&nbsp; an innovative concept for air pollution control<\/p>\n\n\n\n<p>9:30-9:40&nbsp;&nbsp;&nbsp;&nbsp;&nbsp;&nbsp;&nbsp;&nbsp;&nbsp;&nbsp; Juha Sulo (UH): Physicochemical processes behind new particle formation in the Po-Valley, Italy<\/p>\n\n\n\n<p>9:40-9:50&nbsp;&nbsp;&nbsp;&nbsp;&nbsp;&nbsp;&nbsp;&nbsp;&nbsp;&nbsp; Teemu Lepist\u00f6 (TAU): Lung deposited surface area of particles near varying pollution sources and in different countries: Relationship with PM2.5<\/p>\n\n\n\n<p>9:50-10:00&nbsp;&nbsp;&nbsp;&nbsp;&nbsp;&nbsp;&nbsp;&nbsp; Evgeny Kadantsev (FMI): Bioaerosol flow cytometry in the atmosphere<\/p>\n\n\n\n<p><strong>10:00-10:15&nbsp;&nbsp;&nbsp;&nbsp;&nbsp; FAAR Award Ceremony<\/strong><\/p>\n\n\n\n<p><strong>10:15-11:40&nbsp;&nbsp;&nbsp;&nbsp;&nbsp; Coffee and posters<\/strong>: Tietoteknia foyer and adjacent rooms 1035 and 1036<\/p>\n\n\n\n<p><strong>11:40-12:40\u00a0\u00a0\u00a0 Lunch<\/strong><\/p>\n\n\n\n<p><strong>12:40-14:15&nbsp;&nbsp;&nbsp;&nbsp;&nbsp; Sessions 3 <\/strong><\/p>\n\n\n\n<p>&nbsp;&nbsp;&nbsp;&nbsp;&nbsp;&nbsp;&nbsp;&nbsp;&nbsp;&nbsp;&nbsp;&nbsp;&nbsp;&nbsp;&nbsp;&nbsp;&nbsp;&nbsp;&nbsp;&nbsp;&nbsp;&nbsp;&nbsp;&nbsp;&nbsp; Session Chairs: Laura Salo &amp; Andrea Wagner<\/p>\n\n\n\n<p>12:40-12:50&nbsp;&nbsp;&nbsp;&nbsp;&nbsp; Saara Peltokorpi (UEF): The effect of burning condition on the CCN activity of biomass burning particles<\/p>\n\n\n\n<p>12:50-13:00&nbsp;&nbsp;&nbsp;&nbsp;&nbsp; Pauli Paasonen (UH): Particle GR should be influenced by the mixing layer vertical temperature gradient<\/p>\n\n\n\n<p>13:00-13:10&nbsp;&nbsp;&nbsp;&nbsp;&nbsp; Johanna Tamminen (FMI): Satellite proxies for estimating spatial variation of new particle formation<\/p>\n\n\n\n<p>13:10-13:20&nbsp;&nbsp;&nbsp;&nbsp;&nbsp; Giulia Saponaro (ACTRIS ERIC): ACTRIS &#8211; shaping the future of atmospheric research<\/p>\n\n\n\n<p><strong>&nbsp;&nbsp;&nbsp;&nbsp;&nbsp;&nbsp;&nbsp;&nbsp;&nbsp;&nbsp;&nbsp;&nbsp;&nbsp;&nbsp;&nbsp;&nbsp;&nbsp;&nbsp;&nbsp;&nbsp;&nbsp;&nbsp;&nbsp;&nbsp;&nbsp;Session 4:<\/strong> Other topics<\/p>\n\n\n\n<p>&nbsp;&nbsp;&nbsp;&nbsp;&nbsp;&nbsp;&nbsp;&nbsp;&nbsp;&nbsp;&nbsp;&nbsp;&nbsp;&nbsp;&nbsp;&nbsp;&nbsp;&nbsp;&nbsp;&nbsp;&nbsp;&nbsp;&nbsp;&nbsp;&nbsp;Session Chairs: Magdalena Okuljar &amp; Niko Kinnunen<\/p>\n\n\n\n<p>13:20-14:05&nbsp;&nbsp;&nbsp;&nbsp;&nbsp; <strong>Plenary by Katrianne Lehtipalo (UH)<\/strong>: <em>Aerosol formation in a changing climate: recent results and future directions<\/em><\/p>\n\n\n\n<p>14:05-14:15&nbsp;&nbsp;&nbsp;&nbsp;&nbsp; Markku Kulmala (UH): The new paradigm to investigate NPF<\/p>\n\n\n\n<p><strong>14:15-14:35&nbsp;&nbsp;&nbsp;&nbsp;&nbsp; Coffee break<\/strong><\/p>\n\n\n\n<p>14:35-14:45&nbsp;&nbsp;&nbsp;&nbsp;&nbsp; Niklas L\u00f6ther (UEF): Turning complex science into coherent policy: Why do scientific findings on the links between climate change and air pollution not have a bigger impact on governance?<\/p>\n\n\n\n<p>14:45-14:55&nbsp;&nbsp;&nbsp;&nbsp;&nbsp; Tea Thum (FMI): Modelling carbon exchange in a deciduous forest using leaf chlorophyll data<\/p>\n\n\n\n<p>14:55-15:05&nbsp;&nbsp;&nbsp;&nbsp;&nbsp; Fabian Schmidt-Ott (UH): mass and mobility of ions produced by radioactive sources and<br>corona discharges<\/p>\n\n\n\n<p>15:05-15:15&nbsp;&nbsp;&nbsp;&nbsp;&nbsp; Andreas Uppstu (FMI): Increasing trend of global in-air desert dust concentration based on the SILAM dispersion model and ERA5 meteorological data<\/p>\n\n\n\n<p>15:15-15:25&nbsp;&nbsp;&nbsp;&nbsp;&nbsp; Tiina T\u00f6rm\u00e4nen (UEF): Smart indicators for the restoration of ecosystem services in European wetlands<\/p>\n\n\n\n<p>15:25-15:35&nbsp;&nbsp;&nbsp;&nbsp;&nbsp; Hanna Lappalainen (UH): Climate university for virtual exchange (CLUVEX)<\/p>\n\n\n\n<p><strong>15:35-16:00&nbsp;&nbsp;&nbsp;&nbsp;&nbsp; Closing words<\/strong><\/p>\n\n\n\n<p><\/p>\n\n\n\n<p><\/p>\n\n\n\n<p><\/p>\n\n\n\n<p><\/p>\n\n\n\n<p><\/p>\n\n\n\n<p><\/p>\n\n\n\n<p><\/p>\n\n\n\n<p><\/p>\n\n\n\n<p><\/p>\n\n\n\n<p><\/p>\n\n\n\n<p><sub>Edited 16.11.2023<\/sub><\/p>\n","protected":false},"excerpt":{"rendered":"<p>Tuesday 21.11. 13:00-13:20&nbsp;&nbsp;&nbsp;&nbsp;&nbsp; Welcoming words 13:20-15:05&nbsp;&nbsp;&nbsp;&nbsp;&nbsp; Session 1: Quantifying and activating the potential of land-based climate change mitigation &nbsp;&nbsp;&nbsp;&nbsp;&nbsp;&nbsp;&nbsp;&nbsp;&nbsp;&nbsp;&nbsp;&nbsp;&nbsp;&nbsp;&nbsp;&nbsp;&nbsp;&nbsp;&nbsp;&nbsp;&nbsp;&nbsp;&nbsp;&nbsp;&nbsp; Session Chairs: Vitus Besel &amp; Tiina T\u00f6rm\u00e4nen 13:20-14:05&nbsp;&nbsp;&nbsp;&nbsp;&nbsp;&nbsp; Plenary by Anna Laine-Pet\u00e4j\u00e4kangas (UEF): Peatland restoration as a nature based solution to tackle climate change and biodiversity loss 14:05-14:15&nbsp;&nbsp;&nbsp;&nbsp;&nbsp;&nbsp; Lejish Vettikkat (UEF): Ammonia flux measurements at the [&hellip;]<\/p>\n","protected":false},"author":117,"featured_media":0,"parent":1359,"menu_order":0,"comment_status":"closed","ping_status":"closed","template":"","meta":{"_acf_changed":false,"_monsterinsights_skip_tracking":false,"_monsterinsights_sitenote_active":false,"_monsterinsights_sitenote_note":"","_monsterinsights_sitenote_category":0,"footnotes":""},"class_list":["post-1568","page","type-page","status-publish","hentry"],"acf":[],"yoast_head":"<!-- This site is optimized with the Yoast SEO plugin v27.1.1 - https:\/\/yoast.com\/product\/yoast-seo-wordpress\/ -->\n<title>Programme - Aerosol Physics Research Group<\/title>\n<meta name=\"robots\" content=\"index, follow, max-snippet:-1, max-image-preview:large, max-video-preview:-1\" \/>\n<link rel=\"canonical\" href=\"https:\/\/sites.uef.fi\/aerosol\/accc\/programme\/\" \/>\n<meta property=\"og:locale\" content=\"en_US\" \/>\n<meta property=\"og:type\" content=\"article\" \/>\n<meta property=\"og:title\" content=\"Programme - Aerosol Physics Research Group\" \/>\n<meta property=\"og:description\" content=\"Tuesday 21.11. 13:00-13:20&nbsp;&nbsp;&nbsp;&nbsp;&nbsp; Welcoming words 13:20-15:05&nbsp;&nbsp;&nbsp;&nbsp;&nbsp; Session 1: Quantifying and activating the potential of land-based climate change mitigation &nbsp;&nbsp;&nbsp;&nbsp;&nbsp;&nbsp;&nbsp;&nbsp;&nbsp;&nbsp;&nbsp;&nbsp;&nbsp;&nbsp;&nbsp;&nbsp;&nbsp;&nbsp;&nbsp;&nbsp;&nbsp;&nbsp;&nbsp;&nbsp;&nbsp; Session Chairs: Vitus Besel &amp; Tiina T\u00f6rm\u00e4nen 13:20-14:05&nbsp;&nbsp;&nbsp;&nbsp;&nbsp;&nbsp; Plenary by Anna Laine-Pet\u00e4j\u00e4kangas (UEF): Peatland restoration as a nature based solution to tackle climate change and biodiversity loss 14:05-14:15&nbsp;&nbsp;&nbsp;&nbsp;&nbsp;&nbsp; Lejish Vettikkat (UEF): Ammonia flux measurements at the [&hellip;]\" \/>\n<meta property=\"og:url\" content=\"https:\/\/sites.uef.fi\/aerosol\/accc\/programme\/\" \/>\n<meta property=\"og:site_name\" content=\"Aerosol Physics Research Group\" \/>\n<meta property=\"article:modified_time\" content=\"2023-11-22T07:16:02+00:00\" \/>\n<meta name=\"twitter:card\" content=\"summary_large_image\" \/>\n<meta name=\"twitter:label1\" content=\"Est. reading time\" \/>\n\t<meta name=\"twitter:data1\" content=\"3 minutes\" \/>\n<script type=\"application\/ld+json\" class=\"yoast-schema-graph\">{\"@context\":\"https:\/\/schema.org\",\"@graph\":[{\"@type\":\"WebPage\",\"@id\":\"https:\/\/sites.uef.fi\/aerosol\/accc\/programme\/\",\"url\":\"https:\/\/sites.uef.fi\/aerosol\/accc\/programme\/\",\"name\":\"Programme - Aerosol Physics Research Group\",\"isPartOf\":{\"@id\":\"https:\/\/sites.uef.fi\/aerosol\/#website\"},\"datePublished\":\"2023-09-28T11:26:04+00:00\",\"dateModified\":\"2023-11-22T07:16:02+00:00\",\"breadcrumb\":{\"@id\":\"https:\/\/sites.uef.fi\/aerosol\/accc\/programme\/#breadcrumb\"},\"inLanguage\":\"en-US\",\"potentialAction\":[{\"@type\":\"ReadAction\",\"target\":[\"https:\/\/sites.uef.fi\/aerosol\/accc\/programme\/\"]}]},{\"@type\":\"BreadcrumbList\",\"@id\":\"https:\/\/sites.uef.fi\/aerosol\/accc\/programme\/#breadcrumb\",\"itemListElement\":[{\"@type\":\"ListItem\",\"position\":1,\"name\":\"Home\",\"item\":\"https:\/\/sites.uef.fi\/aerosol\/\"},{\"@type\":\"ListItem\",\"position\":2,\"name\":\"ACCC-FASN Science Conference 2023\",\"item\":\"https:\/\/sites.uef.fi\/aerosol\/accc\/\"},{\"@type\":\"ListItem\",\"position\":3,\"name\":\"Programme\"}]},{\"@type\":\"WebSite\",\"@id\":\"https:\/\/sites.uef.fi\/aerosol\/#website\",\"url\":\"https:\/\/sites.uef.fi\/aerosol\/\",\"name\":\"Aerosol Physics Research Group\",\"description\":\"\",\"potentialAction\":[{\"@type\":\"SearchAction\",\"target\":{\"@type\":\"EntryPoint\",\"urlTemplate\":\"https:\/\/sites.uef.fi\/aerosol\/?s={search_term_string}\"},\"query-input\":{\"@type\":\"PropertyValueSpecification\",\"valueRequired\":true,\"valueName\":\"search_term_string\"}}],\"inLanguage\":\"en-US\"}]}<\/script>\n<!-- \/ Yoast SEO plugin. -->","yoast_head_json":{"title":"Programme - Aerosol Physics Research Group","robots":{"index":"index","follow":"follow","max-snippet":"max-snippet:-1","max-image-preview":"max-image-preview:large","max-video-preview":"max-video-preview:-1"},"canonical":"https:\/\/sites.uef.fi\/aerosol\/accc\/programme\/","og_locale":"en_US","og_type":"article","og_title":"Programme - Aerosol Physics Research Group","og_description":"Tuesday 21.11. 13:00-13:20&nbsp;&nbsp;&nbsp;&nbsp;&nbsp; Welcoming words 13:20-15:05&nbsp;&nbsp;&nbsp;&nbsp;&nbsp; Session 1: Quantifying and activating the potential of land-based climate change mitigation &nbsp;&nbsp;&nbsp;&nbsp;&nbsp;&nbsp;&nbsp;&nbsp;&nbsp;&nbsp;&nbsp;&nbsp;&nbsp;&nbsp;&nbsp;&nbsp;&nbsp;&nbsp;&nbsp;&nbsp;&nbsp;&nbsp;&nbsp;&nbsp;&nbsp; Session Chairs: Vitus Besel &amp; Tiina T\u00f6rm\u00e4nen 13:20-14:05&nbsp;&nbsp;&nbsp;&nbsp;&nbsp;&nbsp; Plenary by Anna Laine-Pet\u00e4j\u00e4kangas (UEF): Peatland restoration as a nature based solution to tackle climate change and biodiversity loss 14:05-14:15&nbsp;&nbsp;&nbsp;&nbsp;&nbsp;&nbsp; Lejish Vettikkat (UEF): Ammonia flux measurements at the [&hellip;]","og_url":"https:\/\/sites.uef.fi\/aerosol\/accc\/programme\/","og_site_name":"Aerosol Physics Research Group","article_modified_time":"2023-11-22T07:16:02+00:00","twitter_card":"summary_large_image","twitter_misc":{"Est. reading time":"3 minutes"},"schema":{"@context":"https:\/\/schema.org","@graph":[{"@type":"WebPage","@id":"https:\/\/sites.uef.fi\/aerosol\/accc\/programme\/","url":"https:\/\/sites.uef.fi\/aerosol\/accc\/programme\/","name":"Programme - Aerosol Physics Research Group","isPartOf":{"@id":"https:\/\/sites.uef.fi\/aerosol\/#website"},"datePublished":"2023-09-28T11:26:04+00:00","dateModified":"2023-11-22T07:16:02+00:00","breadcrumb":{"@id":"https:\/\/sites.uef.fi\/aerosol\/accc\/programme\/#breadcrumb"},"inLanguage":"en-US","potentialAction":[{"@type":"ReadAction","target":["https:\/\/sites.uef.fi\/aerosol\/accc\/programme\/"]}]},{"@type":"BreadcrumbList","@id":"https:\/\/sites.uef.fi\/aerosol\/accc\/programme\/#breadcrumb","itemListElement":[{"@type":"ListItem","position":1,"name":"Home","item":"https:\/\/sites.uef.fi\/aerosol\/"},{"@type":"ListItem","position":2,"name":"ACCC-FASN Science Conference 2023","item":"https:\/\/sites.uef.fi\/aerosol\/accc\/"},{"@type":"ListItem","position":3,"name":"Programme"}]},{"@type":"WebSite","@id":"https:\/\/sites.uef.fi\/aerosol\/#website","url":"https:\/\/sites.uef.fi\/aerosol\/","name":"Aerosol Physics Research Group","description":"","potentialAction":[{"@type":"SearchAction","target":{"@type":"EntryPoint","urlTemplate":"https:\/\/sites.uef.fi\/aerosol\/?s={search_term_string}"},"query-input":{"@type":"PropertyValueSpecification","valueRequired":true,"valueName":"search_term_string"}}],"inLanguage":"en-US"}]}},"_links":{"self":[{"href":"https:\/\/sites.uef.fi\/aerosol\/wp-json\/wp\/v2\/pages\/1568","targetHints":{"allow":["GET"]}}],"collection":[{"href":"https:\/\/sites.uef.fi\/aerosol\/wp-json\/wp\/v2\/pages"}],"about":[{"href":"https:\/\/sites.uef.fi\/aerosol\/wp-json\/wp\/v2\/types\/page"}],"author":[{"embeddable":true,"href":"https:\/\/sites.uef.fi\/aerosol\/wp-json\/wp\/v2\/users\/117"}],"replies":[{"embeddable":true,"href":"https:\/\/sites.uef.fi\/aerosol\/wp-json\/wp\/v2\/comments?post=1568"}],"version-history":[{"count":2,"href":"https:\/\/sites.uef.fi\/aerosol\/wp-json\/wp\/v2\/pages\/1568\/revisions"}],"predecessor-version":[{"id":2299,"href":"https:\/\/sites.uef.fi\/aerosol\/wp-json\/wp\/v2\/pages\/1568\/revisions\/2299"}],"up":[{"embeddable":true,"href":"https:\/\/sites.uef.fi\/aerosol\/wp-json\/wp\/v2\/pages\/1359"}],"wp:attachment":[{"href":"https:\/\/sites.uef.fi\/aerosol\/wp-json\/wp\/v2\/media?parent=1568"}],"curies":[{"name":"wp","href":"https:\/\/api.w.org\/{rel}","templated":true}]}}