{"id":1577,"date":"2023-09-28T14:31:15","date_gmt":"2023-09-28T11:31:15","guid":{"rendered":"https:\/\/sites.uef.fi\/aerosol\/?page_id=1577"},"modified":"2023-11-15T14:02:11","modified_gmt":"2023-11-15T11:02:11","slug":"organisers","status":"publish","type":"page","link":"https:\/\/sites.uef.fi\/aerosol\/accc\/organisers\/","title":{"rendered":"Organising committee"},"content":{"rendered":"\n<p>This year&#8217;s organisers are Lejish Vettikkat, Iida Pullinen, Santtu Mikkonen, Oskari Kangasniemi, Anna Lintunen, Egle K\u00f6ster, Magdalena Held, Raihanatul Jannat, Taija Saarela, Ali Kooh Andaz, Elisa M\u00e4nnist\u00f6 and Tero Siili.<\/p>\n\n\n\n<p>In case you have any questions, feel free to contact us!<\/p>\n\n\n\n<p>Iida Pullinen <a href=\"mailto:iida.pullinen@uef.fi\">iida.pullinen@uef.fi<\/a><\/p>\n\n\n\n<p>Lejish Vettikkat Parameswaran <a href=\"mailto:lejish.vettikkat.parameswaran@uef.fi\">lejish.vettikkat.parameswaran@uef.fi<\/a><\/p>\n\n\n\n<div class=\"person-card\">\n    \n                    <div class=\"person-card-item\">\n                    <div class=\"person-card-column-left\">\n                                                    <img decoding=\"async\" class=\"person-card-image\" src=\"https:\/\/sites.uef.fi\/aerosol\/wp-content\/uploads\/sites\/53\/2023\/10\/LejishVettikkat.jpg\" alt=\"\" \/>\n                                            <\/div>\n\n                    <div class=\"person-card-column-right\">\n                                                <p class=\"person-card-name\">Lejish Vettikkat<\/p>\n                        \n                        \n                        \n                                                <p class=\"person-card-text\">I am a doctoral researcher in the Aerosol Physics Research Group at the University of Eastern Finland. My research focus is on utilizing chemical ionization mass spectrometry (CIMS) to perform ecosystem-scale exchange of volatile organic compounds (VOCs), their oxidation products and ammonia using eddy covariance technique.<\/p>\n                        \n                                            <\/div>\n                <\/div>\n                                        <div class=\"person-card-item\">\n                    <div class=\"person-card-column-left\">\n                                                    <img decoding=\"async\" class=\"person-card-image\" src=\"https:\/\/sites.uef.fi\/aerosol\/wp-content\/uploads\/sites\/53\/2023\/10\/iida-e1696509086456.png\" alt=\"\" \/>\n                                            <\/div>\n\n                    <div class=\"person-card-column-right\">\n                                                <p class=\"person-card-name\">Iida Pullinen<\/p>\n                        \n                        \n                        \n                                                <p class=\"person-card-text\">I am a postdoctoral researcher in the Aerosol Physics Research Group at the University of Eastern Finland. My research interests include the properties and formation of biogenic aerosol, and how changes in ecosystems may be reflected in the aerosols. <\/p>\n                        \n                                            <\/div>\n                <\/div>\n                                        <div class=\"person-card-item\">\n                    <div class=\"person-card-column-left\">\n                                                    <img decoding=\"async\" class=\"person-card-image\" src=\"https:\/\/sites.uef.fi\/aerosol\/wp-content\/uploads\/sites\/53\/2021\/01\/nesslingin_saatio_Santtu_Mikkonen-3-of-4_rajattu-scaled.jpg\" alt=\"\" \/>\n                                            <\/div>\n\n                    <div class=\"person-card-column-right\">\n                                                <p class=\"person-card-name\">Santtu Mikkonen<\/p>\n                        \n                        \n                        \n                                                <p class=\"person-card-text\">I am Research Director at the UEF, currently in the research group in Environmental Epidemiology, but I have long history (and still one foot partly) in Aerosol Physics Research Group. My main research interests lie in statistical analysis of the emissions from on-road vehicles and health effects of atmospheric pollution and changing climate.<\/p>\n                        \n                                            <\/div>\n                <\/div>\n                                        <div class=\"person-card-item\">\n                    <div class=\"person-card-column-left\">\n                                                    <img decoding=\"async\" class=\"person-card-image\" src=\"https:\/\/sites.uef.fi\/aerosol\/wp-content\/uploads\/sites\/53\/2023\/10\/Mannisto-Elisa-500x500_6351.jpg\" alt=\"\" \/>\n                                            <\/div>\n\n                    <div class=\"person-card-column-right\">\n                                                <p class=\"person-card-name\">Elisa M\u00e4nnist\u00f6<\/p>\n                        \n                        \n                        \n                                                <p class=\"person-card-text\">I am a postdoctoral researcher in the Peatland and Soil Ecology Research group (Peat&amp;Trees) in University of Eastern Finland, Joensuu campus. I am interested in ecology and carbon dynamics of boreal peatland ecosystems under the changing climate. Currently, I study how vegetation impacts greenhouse gas fluxes (CO2, CH4, BVOCs) in boreal peatlands.\r\n<\/p>\n                        \n                                            <\/div>\n                <\/div>\n                                        <div class=\"person-card-item\">\n                    <div class=\"person-card-column-left\">\n                                                    <img decoding=\"async\" class=\"person-card-image\" src=\"https:\/\/sites.uef.fi\/aerosol\/wp-content\/uploads\/sites\/53\/2023\/10\/Magdalena-Held.jpg\" alt=\"\" \/>\n                                            <\/div>\n\n                    <div class=\"person-card-column-right\">\n                                                <p class=\"person-card-name\">Magdalena Held<\/p>\n                        \n                        \n                        \n                                                <p class=\"person-card-text\">I am a doctoral researcher in the research group Boreal Trees and Climate Change (INAR\/Forest Sciences). My focus is on wood anatomy and growth. I am analyzing the dimensions and growth dynamics of water conducting cells, and how environmental conditions affect those.<\/p>\n                        \n                                            <\/div>\n                <\/div>\n                                        <div class=\"person-card-item\">\n                    <div class=\"person-card-column-left\">\n                                                    <img decoding=\"async\" class=\"person-card-image\" src=\"https:\/\/sites.uef.fi\/aerosol\/wp-content\/uploads\/sites\/53\/2023\/10\/Egle-Koster.jpg\" alt=\"\" \/>\n                                            <\/div>\n\n                    <div class=\"person-card-column-right\">\n                                                <p class=\"person-card-name\">Egle K\u00f6ster<\/p>\n                        \n                        \n                        \n                                                <p class=\"person-card-text\">I am a project researcher in the Peatland and Soil Ecology Research group (Peat&amp;Trees), and coordinator of the Biosphere Laboratory of Eastern Finland (BioLab) in University of Eastern Finland. I am interested in how the climate change affects boreal peatland ecosystems. Currently, I study the effects of drying trends on the development and functionality of peatland vegetation.<\/p>\n                        \n                                            <\/div>\n                <\/div>\n                                        <div class=\"person-card-item\">\n                    <div class=\"person-card-column-left\">\n                                                    <img decoding=\"async\" class=\"person-card-image\" src=\"https:\/\/sites.uef.fi\/aerosol\/wp-content\/uploads\/sites\/53\/2023\/10\/Saarela_Taija_1447-scaled-e1697020892286.jpg\" alt=\"\" \/>\n                                            <\/div>\n\n                    <div class=\"person-card-column-right\">\n                                                <p class=\"person-card-name\">Taija Saarela<\/p>\n                        \n                        \n                        \n                                                <p class=\"person-card-text\">I am a postdoctoral researcher in the Biogeochemistry Research group in University of Eastern Finland, Kuopio campus. My studies focus on the dynamics of dissolved organic matter (DOM) and greenhouse gases (carbon dioxide, CO2 and methane, CH4) in boreal and arctic freshwater ecosystems. <\/p>\n                        \n                                            <\/div>\n                <\/div>\n                                        <div class=\"person-card-item\">\n                    <div class=\"person-card-column-left\">\n                                                    <img decoding=\"async\" class=\"person-card-image\" src=\"https:\/\/sites.uef.fi\/aerosol\/wp-content\/uploads\/sites\/53\/2023\/10\/oskariPic.jpg\" alt=\"\" \/>\n                                            <\/div>\n\n                    <div class=\"person-card-column-right\">\n                                                <p class=\"person-card-name\">Oskari Kangasniemi<\/p>\n                        \n                        \n                        \n                                                <p class=\"person-card-text\">I\u2019m a doctoral researcher in the Aerosol Physics Group in Tampere University. My main interest is studying the volatility and evolution of traffic-related particle and gas phase emissions in the atmosphere using measurement data and modelling.<\/p>\n                        \n                                            <\/div>\n                <\/div>\n                                        <div class=\"person-card-item\">\n                    <div class=\"person-card-column-left\">\n                                                    <span class=\"person-placeholder\"><\/span>\n                                            <\/div>\n\n                    <div class=\"person-card-column-right\">\n                                                <p class=\"person-card-name\">Tero Siili<\/p>\n                        \n                        \n                        \n                                                <p class=\"person-card-text\">I am since April 2021 research coordinator for the Finnish Meteorological Institute\u2019s ACCC Flagship activities and also contribute to the joint operations of the ACCC. The Flagship\u2019s higher-than-usual emphasis on the societal impact of research is a particularly motivating feature.<\/p>\n                        \n                                            <\/div>\n                <\/div>\n                                        <div class=\"person-card-item\">\n                    <div class=\"person-card-column-left\">\n                                                    <img decoding=\"async\" class=\"person-card-image\" src=\"https:\/\/sites.uef.fi\/aerosol\/wp-content\/uploads\/sites\/53\/2023\/11\/ali.jpg\" alt=\"\" \/>\n                                            <\/div>\n\n                    <div class=\"person-card-column-right\">\n                                                <p class=\"person-card-name\">Ali Kooh Andaz<\/p>\n                        \n                        \n                        \n                                                <p class=\"person-card-text\">I\u2019m a doctoral researcher in the Aerosol Physics Group at Tampere University. I use CFD simulations to study the behavior of particles, specifically, particles deposition in different conditions.<\/p>\n                        \n                                            <\/div>\n                <\/div>\n                                        <div class=\"person-card-item\">\n                    <div class=\"person-card-column-left\">\n                                                    <img decoding=\"async\" class=\"person-card-image\" src=\"https:\/\/sites.uef.fi\/aerosol\/wp-content\/uploads\/sites\/53\/2023\/11\/annalintunen-scaled.jpg\" alt=\"\" \/>\n                                            <\/div>\n\n                    <div class=\"person-card-column-right\">\n                                                <p class=\"person-card-name\">Anna Lintunen<\/p>\n                        \n                        \n                        \n                                                <p class=\"person-card-text\">I am a university researcher in INAR and docent in tree ecophysiology. In the ACCC research flagship, I am one of the leaders in the Research Program 1. I study how boreal forests respond to changing climate and how forests affect the climate.\r\n\r\n<\/p>\n                        \n                                            <\/div>\n                <\/div>\n                            <\/div>\n","protected":false},"excerpt":{"rendered":"<p>This year&#8217;s organisers are Lejish Vettikkat, Iida Pullinen, Santtu Mikkonen, Oskari Kangasniemi, Anna Lintunen, Egle K\u00f6ster, Magdalena Held, Raihanatul Jannat, Taija Saarela, Ali Kooh Andaz, Elisa M\u00e4nnist\u00f6 and Tero Siili. In case you have any questions, feel free to contact us! Iida Pullinen iida.pullinen@uef.fi Lejish Vettikkat Parameswaran lejish.vettikkat.parameswaran@uef.fi<\/p>\n","protected":false},"author":117,"featured_media":0,"parent":1359,"menu_order":0,"comment_status":"closed","ping_status":"closed","template":"","meta":{"_acf_changed":false,"_monsterinsights_skip_tracking":false,"_monsterinsights_sitenote_active":false,"_monsterinsights_sitenote_note":"","_monsterinsights_sitenote_category":0,"footnotes":""},"class_list":["post-1577","page","type-page","status-publish","hentry"],"acf":[],"yoast_head":"<!-- This site is optimized with the Yoast SEO plugin v27.1.1 - https:\/\/yoast.com\/product\/yoast-seo-wordpress\/ -->\n<title>Organising committee - Aerosol Physics Research Group<\/title>\n<meta name=\"robots\" content=\"index, follow, max-snippet:-1, max-image-preview:large, max-video-preview:-1\" \/>\n<link rel=\"canonical\" href=\"https:\/\/sites.uef.fi\/aerosol\/accc\/organisers\/\" \/>\n<meta property=\"og:locale\" content=\"en_US\" \/>\n<meta property=\"og:type\" content=\"article\" \/>\n<meta property=\"og:title\" content=\"Organising committee - Aerosol Physics Research Group\" \/>\n<meta property=\"og:description\" content=\"This year&#8217;s organisers are Lejish Vettikkat, Iida Pullinen, Santtu Mikkonen, Oskari Kangasniemi, Anna Lintunen, Egle K\u00f6ster, Magdalena Held, Raihanatul Jannat, Taija Saarela, Ali Kooh Andaz, Elisa M\u00e4nnist\u00f6 and Tero Siili. In case you have any questions, feel free to contact us! Iida Pullinen iida.pullinen@uef.fi Lejish Vettikkat Parameswaran lejish.vettikkat.parameswaran@uef.fi\" \/>\n<meta property=\"og:url\" content=\"https:\/\/sites.uef.fi\/aerosol\/accc\/organisers\/\" \/>\n<meta property=\"og:site_name\" content=\"Aerosol Physics Research Group\" \/>\n<meta property=\"article:modified_time\" content=\"2023-11-15T11:02:11+00:00\" \/>\n<meta name=\"twitter:card\" content=\"summary_large_image\" \/>\n<meta name=\"twitter:label1\" content=\"Est. reading time\" \/>\n\t<meta name=\"twitter:data1\" content=\"1 minute\" \/>\n<script type=\"application\/ld+json\" class=\"yoast-schema-graph\">{\"@context\":\"https:\/\/schema.org\",\"@graph\":[{\"@type\":\"WebPage\",\"@id\":\"https:\/\/sites.uef.fi\/aerosol\/accc\/organisers\/\",\"url\":\"https:\/\/sites.uef.fi\/aerosol\/accc\/organisers\/\",\"name\":\"Organising committee - Aerosol Physics Research Group\",\"isPartOf\":{\"@id\":\"https:\/\/sites.uef.fi\/aerosol\/#website\"},\"datePublished\":\"2023-09-28T11:31:15+00:00\",\"dateModified\":\"2023-11-15T11:02:11+00:00\",\"breadcrumb\":{\"@id\":\"https:\/\/sites.uef.fi\/aerosol\/accc\/organisers\/#breadcrumb\"},\"inLanguage\":\"en-US\",\"potentialAction\":[{\"@type\":\"ReadAction\",\"target\":[\"https:\/\/sites.uef.fi\/aerosol\/accc\/organisers\/\"]}]},{\"@type\":\"BreadcrumbList\",\"@id\":\"https:\/\/sites.uef.fi\/aerosol\/accc\/organisers\/#breadcrumb\",\"itemListElement\":[{\"@type\":\"ListItem\",\"position\":1,\"name\":\"Home\",\"item\":\"https:\/\/sites.uef.fi\/aerosol\/\"},{\"@type\":\"ListItem\",\"position\":2,\"name\":\"ACCC-FASN Science Conference 2023\",\"item\":\"https:\/\/sites.uef.fi\/aerosol\/accc\/\"},{\"@type\":\"ListItem\",\"position\":3,\"name\":\"Organising committee\"}]},{\"@type\":\"WebSite\",\"@id\":\"https:\/\/sites.uef.fi\/aerosol\/#website\",\"url\":\"https:\/\/sites.uef.fi\/aerosol\/\",\"name\":\"Aerosol Physics Research Group\",\"description\":\"\",\"potentialAction\":[{\"@type\":\"SearchAction\",\"target\":{\"@type\":\"EntryPoint\",\"urlTemplate\":\"https:\/\/sites.uef.fi\/aerosol\/?s={search_term_string}\"},\"query-input\":{\"@type\":\"PropertyValueSpecification\",\"valueRequired\":true,\"valueName\":\"search_term_string\"}}],\"inLanguage\":\"en-US\"}]}<\/script>\n<!-- \/ Yoast SEO plugin. -->","yoast_head_json":{"title":"Organising committee - Aerosol Physics Research Group","robots":{"index":"index","follow":"follow","max-snippet":"max-snippet:-1","max-image-preview":"max-image-preview:large","max-video-preview":"max-video-preview:-1"},"canonical":"https:\/\/sites.uef.fi\/aerosol\/accc\/organisers\/","og_locale":"en_US","og_type":"article","og_title":"Organising committee - Aerosol Physics Research Group","og_description":"This year&#8217;s organisers are Lejish Vettikkat, Iida Pullinen, Santtu Mikkonen, Oskari Kangasniemi, Anna Lintunen, Egle K\u00f6ster, Magdalena Held, Raihanatul Jannat, Taija Saarela, Ali Kooh Andaz, Elisa M\u00e4nnist\u00f6 and Tero Siili. In case you have any questions, feel free to contact us! Iida Pullinen iida.pullinen@uef.fi Lejish Vettikkat Parameswaran lejish.vettikkat.parameswaran@uef.fi","og_url":"https:\/\/sites.uef.fi\/aerosol\/accc\/organisers\/","og_site_name":"Aerosol Physics Research Group","article_modified_time":"2023-11-15T11:02:11+00:00","twitter_card":"summary_large_image","twitter_misc":{"Est. reading time":"1 minute"},"schema":{"@context":"https:\/\/schema.org","@graph":[{"@type":"WebPage","@id":"https:\/\/sites.uef.fi\/aerosol\/accc\/organisers\/","url":"https:\/\/sites.uef.fi\/aerosol\/accc\/organisers\/","name":"Organising committee - Aerosol Physics Research Group","isPartOf":{"@id":"https:\/\/sites.uef.fi\/aerosol\/#website"},"datePublished":"2023-09-28T11:31:15+00:00","dateModified":"2023-11-15T11:02:11+00:00","breadcrumb":{"@id":"https:\/\/sites.uef.fi\/aerosol\/accc\/organisers\/#breadcrumb"},"inLanguage":"en-US","potentialAction":[{"@type":"ReadAction","target":["https:\/\/sites.uef.fi\/aerosol\/accc\/organisers\/"]}]},{"@type":"BreadcrumbList","@id":"https:\/\/sites.uef.fi\/aerosol\/accc\/organisers\/#breadcrumb","itemListElement":[{"@type":"ListItem","position":1,"name":"Home","item":"https:\/\/sites.uef.fi\/aerosol\/"},{"@type":"ListItem","position":2,"name":"ACCC-FASN Science Conference 2023","item":"https:\/\/sites.uef.fi\/aerosol\/accc\/"},{"@type":"ListItem","position":3,"name":"Organising committee"}]},{"@type":"WebSite","@id":"https:\/\/sites.uef.fi\/aerosol\/#website","url":"https:\/\/sites.uef.fi\/aerosol\/","name":"Aerosol Physics Research Group","description":"","potentialAction":[{"@type":"SearchAction","target":{"@type":"EntryPoint","urlTemplate":"https:\/\/sites.uef.fi\/aerosol\/?s={search_term_string}"},"query-input":{"@type":"PropertyValueSpecification","valueRequired":true,"valueName":"search_term_string"}}],"inLanguage":"en-US"}]}},"_links":{"self":[{"href":"https:\/\/sites.uef.fi\/aerosol\/wp-json\/wp\/v2\/pages\/1577","targetHints":{"allow":["GET"]}}],"collection":[{"href":"https:\/\/sites.uef.fi\/aerosol\/wp-json\/wp\/v2\/pages"}],"about":[{"href":"https:\/\/sites.uef.fi\/aerosol\/wp-json\/wp\/v2\/types\/page"}],"author":[{"embeddable":true,"href":"https:\/\/sites.uef.fi\/aerosol\/wp-json\/wp\/v2\/users\/117"}],"replies":[{"embeddable":true,"href":"https:\/\/sites.uef.fi\/aerosol\/wp-json\/wp\/v2\/comments?post=1577"}],"version-history":[{"count":1,"href":"https:\/\/sites.uef.fi\/aerosol\/wp-json\/wp\/v2\/pages\/1577\/revisions"}],"predecessor-version":[{"id":2182,"href":"https:\/\/sites.uef.fi\/aerosol\/wp-json\/wp\/v2\/pages\/1577\/revisions\/2182"}],"up":[{"embeddable":true,"href":"https:\/\/sites.uef.fi\/aerosol\/wp-json\/wp\/v2\/pages\/1359"}],"wp:attachment":[{"href":"https:\/\/sites.uef.fi\/aerosol\/wp-json\/wp\/v2\/media?parent=1577"}],"curies":[{"name":"wp","href":"https:\/\/api.w.org\/{rel}","templated":true}]}}