{"id":212,"date":"2020-04-22T16:09:36","date_gmt":"2020-04-22T13:09:36","guid":{"rendered":"https:\/\/sites.uef.fi\/aerosol\/?page_id=212"},"modified":"2025-09-03T10:33:22","modified_gmt":"2025-09-03T07:33:22","slug":"santtu-mikkonen","status":"publish","type":"page","link":"https:\/\/sites.uef.fi\/aerosol\/santtu-mikkonen\/","title":{"rendered":"Santtu Mikkonen"},"content":{"rendered":"<div class=\"journal-content-article\">\n<h2>Santtu Mikkonen<\/h2>\n<table border=\"1\" summary=\"text\" width=\"90%\" cellspacing=\"3\" cellpadding=\"0\">\n<tbody>\n<tr>\n<td align=\"center\" valign=\"top\" width=\"40%\"><img loading=\"lazy\" decoding=\"async\" class=\"alignnone size-medium wp-image-663\" src=\"https:\/\/sites.uef.fi\/aerosol\/wp-content\/uploads\/sites\/53\/2021\/01\/nesslingin_saatio_Santtu_Mikkonen-3-of-4_rajattu-300x259.jpg\" alt=\"\" width=\"300\" height=\"259\" srcset=\"https:\/\/sites.uef.fi\/aerosol\/wp-content\/uploads\/sites\/53\/2021\/01\/nesslingin_saatio_Santtu_Mikkonen-3-of-4_rajattu-300x259.jpg 300w, https:\/\/sites.uef.fi\/aerosol\/wp-content\/uploads\/sites\/53\/2021\/01\/nesslingin_saatio_Santtu_Mikkonen-3-of-4_rajattu-1024x885.jpg 1024w, https:\/\/sites.uef.fi\/aerosol\/wp-content\/uploads\/sites\/53\/2021\/01\/nesslingin_saatio_Santtu_Mikkonen-3-of-4_rajattu-768x664.jpg 768w, https:\/\/sites.uef.fi\/aerosol\/wp-content\/uploads\/sites\/53\/2021\/01\/nesslingin_saatio_Santtu_Mikkonen-3-of-4_rajattu-1536x1328.jpg 1536w, https:\/\/sites.uef.fi\/aerosol\/wp-content\/uploads\/sites\/53\/2021\/01\/nesslingin_saatio_Santtu_Mikkonen-3-of-4_rajattu-2048x1770.jpg 2048w\" sizes=\"auto, (max-width: 300px) 100vw, 300px\" \/><\/td>\n<td rowspan=\"2\" valign=\"top\" width=\"60%\">\n<h4>\u00a0 Research Director, Statistician, Ph.D, Docent<\/h4>\n<ul>\n<li style=\"list-style-type: none\">\n<ul>\n<li style=\"text-align: left\">Phone: +358 (0)40 355 2319<\/li>\n<li style=\"text-align: left\">Email: santtu.mikkonen(at)uef.fi<\/li>\n<li><a href=\"https:\/\/uefconnect.uef.fi\/en\/person\/santtu.mikkonen\/\">Profile in UEF Connect<\/a><\/li>\n<\/ul>\n<\/li>\n<\/ul>\n<\/td>\n<\/tr>\n<\/tbody>\n<\/table>\n<h3>Education<\/h3>\n<ul>\n<li>M.Sc. -thesis in Statistics 2005: Analyysi Selk\u00e4meren silakan yksikk\u00f6saaliiden vaihteluun vaikuttavista tekij\u00f6ist\u00e4 lineaaristen sekamallien avulla. (in Finnish), University of Jyv\u00e4skyl\u00e4. <a href=\"http:\/\/dx.doi.org\/10.1093\/icesjms\/fsn135\" target=\"_blank\" rel=\"noopener noreferrer\"> Resulting article <\/a><\/li>\n<li>Ph.D -thesis in Computational engineering 2011: Statistical studies of atmospheric nanoparticles and their precursors <a href=\"http:\/\/www.atm.helsinki.fi\/FAAR\/reportseries\/rs-127.pdf\" target=\"_blank\" rel=\"noopener noreferrer\"> (PDF)<\/a><\/li>\n<li>Title of Docent 2019: Statistical Methods in Atmospheric Research<\/li>\n<\/ul>\n<h3>Research areas<\/h3>\n<ul>\n<li>Applying statistical methodology to atmospheric measurement data<\/li>\n<li>Epidemiology and environmental health<\/li>\n<li>Multivariate data analysis<\/li>\n<li>Time series analysis<\/li>\n<li>Mixed models<\/li>\n<li>Causal Models<\/li>\n<li>Structural equation models<\/li>\n<\/ul>\n<h3>Teaching<\/h3>\n<ul>\n<li><a href=\"https:\/\/weboodi.uef.fi\/weboodi\/opasopintjakstied.jsp?MD5avain=a8d2bc80-6e00-470c-9086-da308c20e3f5&amp;OpinKohd=62660786&amp;Kieli=6\">Statistical data analysis for Technical Physics<\/a><\/li>\n<li><a href=\"https:\/\/climateuniversity.fi\/index.php\/portfolio-items\/statistical-tools-for-climate-and-atmospheric-science\/\">Statistical Tools for Climate and Atmospheric Data<\/a><\/li>\n<li><a href=\"https:\/\/weboodi.uef.fi\/weboodi\/opasopintjakstied.jsp?MD5avain=ecf225fb-8744-408f-8a3e-0a4248659c77&amp;Kieli=1&amp;OpinKohd=57934780\">Causal Models<\/a><\/li>\n<\/ul>\n<h3>Publications<\/h3>\n<ul>\n<li><a href=\"https:\/\/sites.uef.fi\/aerosol\/santtu-mikkonen\/publications_santtu\/\">Publication list, includes papers in press and abstracts <\/a><\/li>\n<li><a href=\"https:\/\/wiivi.uef.fi\/crisyp\/disp\/_\/fi\/cr_redir_all\/fet\/fet\/sea?direction=3&amp;id=2700083\">Publications in SoleCRIS<\/a><\/li>\n<li><a href=\"http:\/\/www.researcherid.com\/rid\/E-8568-2011\" target=\"_blank\" rel=\"noopener noreferrer\">Publications in ResearcherID<\/a><\/li>\n<li><a href=\"http:\/\/orcid.org\/0000-0003-0595-0657\">ORCID<\/a><\/li>\n<\/ul>\n<h3>Links:<\/h3>\n<ul>\n<li><a href=\"http:\/\/www.faar.fi\/\" target=\"_blank\" rel=\"noopener noreferrer\">FAAR <\/a><\/li>\n<li><a href=\"http:\/\/www.r-project.org\/\" target=\"_blank\" rel=\"noopener noreferrer\">Forget Matlab and use R <\/a><\/li>\n<li><a href=\"http:\/\/www.jyu.fi\/science\/laitokset\/maths\" target=\"_blank\" rel=\"noopener noreferrer\">Alma mater: University of Jyv\u00e4skyl\u00e4, Department of Statistics <\/a><\/li>\n<\/ul>\n<\/div>\n","protected":false},"excerpt":{"rendered":"<p>Santtu Mikkonen \u00a0 Research Director, Statistician, Ph.D, Docent Phone: +358 (0)40 355 2319 Email: santtu.mikkonen(at)uef.fi Profile in UEF Connect Education M.Sc. -thesis in Statistics 2005: Analyysi Selk\u00e4meren silakan yksikk\u00f6saaliiden vaihteluun vaikuttavista tekij\u00f6ist\u00e4 lineaaristen sekamallien avulla. (in Finnish), University of Jyv\u00e4skyl\u00e4. Resulting article Ph.D -thesis in Computational engineering 2011: Statistical studies of atmospheric nanoparticles and their [&hellip;]<\/p>\n","protected":false},"author":117,"featured_media":0,"parent":0,"menu_order":0,"comment_status":"closed","ping_status":"closed","template":"","meta":{"_acf_changed":false,"_monsterinsights_skip_tracking":false,"_monsterinsights_sitenote_active":false,"_monsterinsights_sitenote_note":"","_monsterinsights_sitenote_category":0,"footnotes":""},"class_list":["post-212","page","type-page","status-publish","hentry"],"acf":[],"yoast_head":"<!-- This site is optimized with the Yoast SEO plugin v27.3 - https:\/\/yoast.com\/product\/yoast-seo-wordpress\/ -->\n<title>Santtu Mikkonen - Aerosol Physics Research Group<\/title>\n<meta name=\"robots\" content=\"index, follow, max-snippet:-1, max-image-preview:large, max-video-preview:-1\" \/>\n<link rel=\"canonical\" href=\"https:\/\/sites.uef.fi\/aerosol\/santtu-mikkonen\/\" \/>\n<meta property=\"og:locale\" content=\"en_US\" \/>\n<meta property=\"og:type\" content=\"article\" \/>\n<meta property=\"og:title\" content=\"Santtu Mikkonen - Aerosol Physics Research Group\" \/>\n<meta property=\"og:description\" content=\"Santtu Mikkonen \u00a0 Research Director, Statistician, Ph.D, Docent Phone: +358 (0)40 355 2319 Email: santtu.mikkonen(at)uef.fi Profile in UEF Connect Education M.Sc. -thesis in Statistics 2005: Analyysi Selk\u00e4meren silakan yksikk\u00f6saaliiden vaihteluun vaikuttavista tekij\u00f6ist\u00e4 lineaaristen sekamallien avulla. (in Finnish), University of Jyv\u00e4skyl\u00e4. Resulting article Ph.D -thesis in Computational engineering 2011: Statistical studies of atmospheric nanoparticles and their [&hellip;]\" \/>\n<meta property=\"og:url\" content=\"https:\/\/sites.uef.fi\/aerosol\/santtu-mikkonen\/\" \/>\n<meta property=\"og:site_name\" content=\"Aerosol Physics Research Group\" \/>\n<meta property=\"article:modified_time\" content=\"2025-09-03T07:33:22+00:00\" \/>\n<meta property=\"og:image\" content=\"https:\/\/sites.uef.fi\/aerosol\/wp-content\/uploads\/sites\/53\/2021\/01\/nesslingin_saatio_Santtu_Mikkonen-3-of-4_rajattu-scaled.jpg\" \/>\n\t<meta property=\"og:image:width\" content=\"2560\" \/>\n\t<meta property=\"og:image:height\" content=\"2213\" \/>\n\t<meta property=\"og:image:type\" content=\"image\/jpeg\" \/>\n<meta name=\"twitter:card\" content=\"summary_large_image\" \/>\n<meta name=\"twitter:label1\" content=\"Est. reading time\" \/>\n\t<meta name=\"twitter:data1\" content=\"1 minute\" \/>\n<script type=\"application\/ld+json\" class=\"yoast-schema-graph\">{\"@context\":\"https:\\\/\\\/schema.org\",\"@graph\":[{\"@type\":\"WebPage\",\"@id\":\"https:\\\/\\\/sites.uef.fi\\\/aerosol\\\/santtu-mikkonen\\\/\",\"url\":\"https:\\\/\\\/sites.uef.fi\\\/aerosol\\\/santtu-mikkonen\\\/\",\"name\":\"Santtu Mikkonen - Aerosol Physics Research Group\",\"isPartOf\":{\"@id\":\"https:\\\/\\\/sites.uef.fi\\\/aerosol\\\/#website\"},\"primaryImageOfPage\":{\"@id\":\"https:\\\/\\\/sites.uef.fi\\\/aerosol\\\/santtu-mikkonen\\\/#primaryimage\"},\"image\":{\"@id\":\"https:\\\/\\\/sites.uef.fi\\\/aerosol\\\/santtu-mikkonen\\\/#primaryimage\"},\"thumbnailUrl\":\"https:\\\/\\\/sites.uef.fi\\\/aerosol\\\/wp-content\\\/uploads\\\/sites\\\/53\\\/2021\\\/01\\\/nesslingin_saatio_Santtu_Mikkonen-3-of-4_rajattu-300x259.jpg\",\"datePublished\":\"2020-04-22T13:09:36+00:00\",\"dateModified\":\"2025-09-03T07:33:22+00:00\",\"breadcrumb\":{\"@id\":\"https:\\\/\\\/sites.uef.fi\\\/aerosol\\\/santtu-mikkonen\\\/#breadcrumb\"},\"inLanguage\":\"en-US\",\"potentialAction\":[{\"@type\":\"ReadAction\",\"target\":[\"https:\\\/\\\/sites.uef.fi\\\/aerosol\\\/santtu-mikkonen\\\/\"]}]},{\"@type\":\"ImageObject\",\"inLanguage\":\"en-US\",\"@id\":\"https:\\\/\\\/sites.uef.fi\\\/aerosol\\\/santtu-mikkonen\\\/#primaryimage\",\"url\":\"https:\\\/\\\/sites.uef.fi\\\/aerosol\\\/wp-content\\\/uploads\\\/sites\\\/53\\\/2021\\\/01\\\/nesslingin_saatio_Santtu_Mikkonen-3-of-4_rajattu-scaled.jpg\",\"contentUrl\":\"https:\\\/\\\/sites.uef.fi\\\/aerosol\\\/wp-content\\\/uploads\\\/sites\\\/53\\\/2021\\\/01\\\/nesslingin_saatio_Santtu_Mikkonen-3-of-4_rajattu-scaled.jpg\",\"width\":2560,\"height\":2213},{\"@type\":\"BreadcrumbList\",\"@id\":\"https:\\\/\\\/sites.uef.fi\\\/aerosol\\\/santtu-mikkonen\\\/#breadcrumb\",\"itemListElement\":[{\"@type\":\"ListItem\",\"position\":1,\"name\":\"Home\",\"item\":\"https:\\\/\\\/sites.uef.fi\\\/aerosol\\\/\"},{\"@type\":\"ListItem\",\"position\":2,\"name\":\"Santtu Mikkonen\"}]},{\"@type\":\"WebSite\",\"@id\":\"https:\\\/\\\/sites.uef.fi\\\/aerosol\\\/#website\",\"url\":\"https:\\\/\\\/sites.uef.fi\\\/aerosol\\\/\",\"name\":\"Aerosol Physics Research Group\",\"description\":\"\",\"potentialAction\":[{\"@type\":\"SearchAction\",\"target\":{\"@type\":\"EntryPoint\",\"urlTemplate\":\"https:\\\/\\\/sites.uef.fi\\\/aerosol\\\/?s={search_term_string}\"},\"query-input\":{\"@type\":\"PropertyValueSpecification\",\"valueRequired\":true,\"valueName\":\"search_term_string\"}}],\"inLanguage\":\"en-US\"}]}<\/script>\n<!-- \/ Yoast SEO plugin. -->","yoast_head_json":{"title":"Santtu Mikkonen - Aerosol Physics Research Group","robots":{"index":"index","follow":"follow","max-snippet":"max-snippet:-1","max-image-preview":"max-image-preview:large","max-video-preview":"max-video-preview:-1"},"canonical":"https:\/\/sites.uef.fi\/aerosol\/santtu-mikkonen\/","og_locale":"en_US","og_type":"article","og_title":"Santtu Mikkonen - Aerosol Physics Research Group","og_description":"Santtu Mikkonen \u00a0 Research Director, Statistician, Ph.D, Docent Phone: +358 (0)40 355 2319 Email: santtu.mikkonen(at)uef.fi Profile in UEF Connect Education M.Sc. -thesis in Statistics 2005: Analyysi Selk\u00e4meren silakan yksikk\u00f6saaliiden vaihteluun vaikuttavista tekij\u00f6ist\u00e4 lineaaristen sekamallien avulla. (in Finnish), University of Jyv\u00e4skyl\u00e4. Resulting article Ph.D -thesis in Computational engineering 2011: Statistical studies of atmospheric nanoparticles and their [&hellip;]","og_url":"https:\/\/sites.uef.fi\/aerosol\/santtu-mikkonen\/","og_site_name":"Aerosol Physics Research Group","article_modified_time":"2025-09-03T07:33:22+00:00","og_image":[{"width":2560,"height":2213,"url":"https:\/\/sites.uef.fi\/aerosol\/wp-content\/uploads\/sites\/53\/2021\/01\/nesslingin_saatio_Santtu_Mikkonen-3-of-4_rajattu-scaled.jpg","type":"image\/jpeg"}],"twitter_card":"summary_large_image","twitter_misc":{"Est. reading time":"1 minute"},"schema":{"@context":"https:\/\/schema.org","@graph":[{"@type":"WebPage","@id":"https:\/\/sites.uef.fi\/aerosol\/santtu-mikkonen\/","url":"https:\/\/sites.uef.fi\/aerosol\/santtu-mikkonen\/","name":"Santtu Mikkonen - Aerosol Physics Research Group","isPartOf":{"@id":"https:\/\/sites.uef.fi\/aerosol\/#website"},"primaryImageOfPage":{"@id":"https:\/\/sites.uef.fi\/aerosol\/santtu-mikkonen\/#primaryimage"},"image":{"@id":"https:\/\/sites.uef.fi\/aerosol\/santtu-mikkonen\/#primaryimage"},"thumbnailUrl":"https:\/\/sites.uef.fi\/aerosol\/wp-content\/uploads\/sites\/53\/2021\/01\/nesslingin_saatio_Santtu_Mikkonen-3-of-4_rajattu-300x259.jpg","datePublished":"2020-04-22T13:09:36+00:00","dateModified":"2025-09-03T07:33:22+00:00","breadcrumb":{"@id":"https:\/\/sites.uef.fi\/aerosol\/santtu-mikkonen\/#breadcrumb"},"inLanguage":"en-US","potentialAction":[{"@type":"ReadAction","target":["https:\/\/sites.uef.fi\/aerosol\/santtu-mikkonen\/"]}]},{"@type":"ImageObject","inLanguage":"en-US","@id":"https:\/\/sites.uef.fi\/aerosol\/santtu-mikkonen\/#primaryimage","url":"https:\/\/sites.uef.fi\/aerosol\/wp-content\/uploads\/sites\/53\/2021\/01\/nesslingin_saatio_Santtu_Mikkonen-3-of-4_rajattu-scaled.jpg","contentUrl":"https:\/\/sites.uef.fi\/aerosol\/wp-content\/uploads\/sites\/53\/2021\/01\/nesslingin_saatio_Santtu_Mikkonen-3-of-4_rajattu-scaled.jpg","width":2560,"height":2213},{"@type":"BreadcrumbList","@id":"https:\/\/sites.uef.fi\/aerosol\/santtu-mikkonen\/#breadcrumb","itemListElement":[{"@type":"ListItem","position":1,"name":"Home","item":"https:\/\/sites.uef.fi\/aerosol\/"},{"@type":"ListItem","position":2,"name":"Santtu Mikkonen"}]},{"@type":"WebSite","@id":"https:\/\/sites.uef.fi\/aerosol\/#website","url":"https:\/\/sites.uef.fi\/aerosol\/","name":"Aerosol Physics Research Group","description":"","potentialAction":[{"@type":"SearchAction","target":{"@type":"EntryPoint","urlTemplate":"https:\/\/sites.uef.fi\/aerosol\/?s={search_term_string}"},"query-input":{"@type":"PropertyValueSpecification","valueRequired":true,"valueName":"search_term_string"}}],"inLanguage":"en-US"}]}},"_links":{"self":[{"href":"https:\/\/sites.uef.fi\/aerosol\/wp-json\/wp\/v2\/pages\/212","targetHints":{"allow":["GET"]}}],"collection":[{"href":"https:\/\/sites.uef.fi\/aerosol\/wp-json\/wp\/v2\/pages"}],"about":[{"href":"https:\/\/sites.uef.fi\/aerosol\/wp-json\/wp\/v2\/types\/page"}],"author":[{"embeddable":true,"href":"https:\/\/sites.uef.fi\/aerosol\/wp-json\/wp\/v2\/users\/117"}],"replies":[{"embeddable":true,"href":"https:\/\/sites.uef.fi\/aerosol\/wp-json\/wp\/v2\/comments?post=212"}],"version-history":[{"count":2,"href":"https:\/\/sites.uef.fi\/aerosol\/wp-json\/wp\/v2\/pages\/212\/revisions"}],"predecessor-version":[{"id":2786,"href":"https:\/\/sites.uef.fi\/aerosol\/wp-json\/wp\/v2\/pages\/212\/revisions\/2786"}],"wp:attachment":[{"href":"https:\/\/sites.uef.fi\/aerosol\/wp-json\/wp\/v2\/media?parent=212"}],"curies":[{"name":"wp","href":"https:\/\/api.w.org\/{rel}","templated":true}]}}