{"id":38,"date":"2020-04-22T15:49:46","date_gmt":"2020-04-22T12:49:46","guid":{"rendered":"https:\/\/sites.uef.fi\/aerosol\/?page_id=38"},"modified":"2025-09-03T10:24:57","modified_gmt":"2025-09-03T07:24:57","slug":"people","status":"publish","type":"page","link":"https:\/\/sites.uef.fi\/aerosol\/people\/","title":{"rendered":"People"},"content":{"rendered":"<div><img loading=\"lazy\" decoding=\"async\" class=\"alignnone wp-image-2650 \" src=\"https:\/\/sites.uef.fi\/aerosol\/wp-content\/uploads\/sites\/53\/2024\/10\/group_2023-300x143.jpg\" alt=\"\" width=\"713\" height=\"340\" srcset=\"https:\/\/sites.uef.fi\/aerosol\/wp-content\/uploads\/sites\/53\/2024\/10\/group_2023-300x143.jpg 300w, https:\/\/sites.uef.fi\/aerosol\/wp-content\/uploads\/sites\/53\/2024\/10\/group_2023-1024x489.jpg 1024w, https:\/\/sites.uef.fi\/aerosol\/wp-content\/uploads\/sites\/53\/2024\/10\/group_2023-768x367.jpg 768w, https:\/\/sites.uef.fi\/aerosol\/wp-content\/uploads\/sites\/53\/2024\/10\/group_2023-1536x733.jpg 1536w, https:\/\/sites.uef.fi\/aerosol\/wp-content\/uploads\/sites\/53\/2024\/10\/group_2023-2048x978.jpg 2048w\" sizes=\"auto, (max-width: 713px) 100vw, 713px\" \/><\/div>\n<div class=\"contact\">The research group was established in 1998. The Aerosol Physics Group is part of the <a href=\"https:\/\/www.acccflagship.fi\/\">Atmosphere and Climate Competence Center (ACCC)<\/a><\/div>\n<div class=\"contact\">The research staff that is currently involved in the Aerosol Physics Group is:<\/div>\n<h3><strong>Professors<\/strong><\/h3>\n<ul>\n<li><a href=\"https:\/\/sites.uef.fi\/aerosol\/annele-virtanen\" target=\"_blank\" rel=\"noopener noreferrer\">Annele Virtanen<\/a>, Dr. Tech., Professor, Head of the research group<\/li>\n<li><a href=\"https:\/\/uefconnect.uef.fi\/en\/harri.kokkola\/\">Harri Kokkola<\/a>, PhD, Professor<\/li>\n<li><a href=\"https:\/\/sites.uef.fi\/aerosol\/siegfried-schobesberger\" target=\"_blank\" rel=\"noopener noreferrer\">Siegfried Schobesberger<\/a>, PhD, Professor, Head of the Mass spectrometry group<\/li>\n<li><a href=\"https:\/\/sites.uef.fi\/aerosol\/kari-lehtinen\" target=\"_blank\" rel=\"noopener noreferrer\">Kari Lehtinen<\/a>, Dr. Tech., Professor, Dean<\/li>\n<\/ul>\n<h3><strong>Senior scientists and visiting professors<\/strong><\/h3>\n<ul>\n<li><a href=\"https:\/\/sites.uef.fi\/aerosol\/aerosol\/taina-yli-juuti\" target=\"_blank\" rel=\"noopener noreferrer\">Taina Yli-Juuti<\/a>, PhD, Research Director, Head of the Modelling group<\/li>\n<li><a href=\"https:\/\/sites.uef.fi\/aerosol\/jorma-joutsensaari\/\">Jorma Joutsensaari<\/a>, Dr.Tech., Docent, Senior Researcher<\/li>\n<li><a href=\"https:\/\/uefconnect.uef.fi\/en\/liqing.hao\/\">Hao Liqing<\/a>, Ph.D, Senior Researcher<\/li>\n<li><a href=\"https:\/\/uefconnect.uef.fi\/en\/angela.buchholz\/\">Angela Buchholz<\/a>, Ph.D, Senior Researcher<\/li>\n<li>Ari Leskinen, Ph.D, Senior Researcher<\/li>\n<li><a href=\"https:\/\/sites.uef.fi\/aerosol\/santtu\" target=\"_blank\" rel=\"noopener noreferrer\">Santtu Mikkonen,<\/a> Ph.D, Docent, Research Director<\/li>\n<li>Ari Laaksonen, Ph.D., Professor<\/li>\n<li>Douglas Worsnop, Ph.D., Visiting Professor<\/li>\n<li><a href=\"https:\/\/uefconnect.uef.fi\/en\/iida.pullinen\/\">Iida Pullinen<\/a>, Ph.D, Project Coordinator<\/li>\n<\/ul>\n<div class=\"contact\">\n<h3><strong>Post-Docs:<\/strong><\/h3>\n<ul>\n<li><a href=\"https:\/\/uefconnect.uef.fi\/en\/sini.talvinen\/\">Sini Talvinen<\/a>, Ph.D, Post-doctoral researcher<\/li>\n<li>Daniel Katz, Ph.D, Post-doctoral researcher<\/li>\n<\/ul>\n<\/div>\n<div class=\"contact\">\n<h3><strong>Postgraduate students:<\/strong><\/h3>\n<ul>\n<li><a href=\"https:\/\/uefconnect.uef.fi\/henkilo\/snehitha.kommula\/\">Snehitha Kommula<\/a>, M.Sc, Early-career researcher<\/li>\n<li><a href=\"https:\/\/uefconnect.uef.fi\/en\/aki.nissinen\/\">Aki Nissinen<\/a>, M.Sc, Early-career researcher<\/li>\n<li><a href=\"https:\/\/uefconnect.uef.fi\/henkilo\/henri.oikarinen\/\">Henri Oikarinen<\/a>, M.Sc, Early-career researcher<\/li>\n<li><a href=\"https:\/\/uefconnect.uef.fi\/en\/saara.peltokorpi\/\">Saara Peltokorpi<\/a>, M.Sc, Early-career researcher<\/li>\n<li><a href=\"https:\/\/uefconnect.uef.fi\/en\/antti.vartiainen\/\">Antti Vartiainen<\/a>, M.Sc, Early-career researcher<\/li>\n<li><a href=\"https:\/\/uefconnect.uef.fi\/en\/gurmanjot.singh\/\">Gurmanjot Singh<\/a>, M.Sc., Early-career researcher<\/li>\n<li><a href=\"https:\/\/uefconnect.uef.fi\/en\/prithvi.jallu\/\">Prithvi Jallu<\/a>, M.Sc, Early-career researcher<\/li>\n<li><a href=\"https:\/\/uefconnect.uef.fi\/en\/hermanni.halonen\/\">Hermanni Halonen<\/a>, M.Sc., Early-career researcher<\/li>\n<li>Olli V\u00e4is\u00e4nen, M.Sc, Early-career researcher<\/li>\n<li>Pasi Yli-Piril\u00e4<a href=\"http:\/\/www.uku.fi\/wwwdata\/pulu\/Henkilot\/5878.shtml\" target=\"_top\" rel=\"noopener noreferrer\">,<\/a> M.Sc, Early-career researcher<\/li>\n<\/ul>\n<\/div>\n<h3>Undergraduate students:<\/h3>\n<ul>\n<li>Karolina Klemi<\/li>\n<\/ul>\n<h3>Supporting staff<\/h3>\n<ul>\n<li><a href=\"https:\/\/uefconnect.uef.fi\/en\/pasi.miettinen-2\/\">Pasi Miettinen<\/a>, M.Sc, Lab engineer<\/li>\n<li><a href=\"https:\/\/uefconnect.uef.fi\/en\/arttu.ylisirnio\/\">Arttu Ylisirni\u00f6<\/a>, Ph.D, Research Engineer<\/li>\n<\/ul>\n<h3>Alumni:<\/h3>\n<ul>\n<li>Eka Dian Pusfitasari, Ph.D, Post-doctoral researcher, Aarhus University<\/li>\n<li><a href=\"https:\/\/uefconnect.uef.fi\/en\/person\/irfan.sukunimeton\/\">Irfan Mohammed<\/a>, Ph.D<\/li>\n<li><a href=\"https:\/\/uefconnect.uef.fi\/en\/person\/lejish.vettikkat-parameswaran\/\">Lejish Vettikkat<\/a>, Ph.D<\/li>\n<li>Arto Heitto, Ph.D, Savonia-AMK<\/li>\n<li>Mitch Alton, Senior Scientist at Aerodyne Research, Inc<\/li>\n<li><a href=\"https:\/\/www.tuni.fi\/en\/ville-leinonen\">Ville Leinonen<\/a>, Ph.D, Post-doctoral research fellow, Tampere University<\/li>\n<li><a href=\"https:\/\/wiivi.uef.fi\/crisyp\/disp\/_\/fi\/cr_redir_all\/fet\/fet\/sea?direction=3&amp;id=54804653\">Sini Isok\u00e4\u00e4nt\u00e4<\/a>, Ph.D, Post-doctoral researcher, Stockholm University<\/li>\n<li><a href=\"https:\/\/wiivi.uef.fi\/crisyp\/disp\/_\/fi\/cr_redir_all\/fet\/fet\/sea?direction=3&amp;id=45229760\">Zijun Li (Rex)<\/a>, Ph.D, Post-doctoral researcher, Queensland University of Technology<\/li>\n<li><a href=\"https:\/\/wiivi.uef.fi\/crisyp\/disp\/_\/fi\/cr_redir_all\/fet\/fet\/sea?direction=3&amp;id=49838469\">Tuuli Miinalainen<\/a>, Ph.D, Post-doctoral researcher, Finish Meteorological Institute<\/li>\n<li>Maria Laurikainen, MSc, Measurement Engineer, Aeromon Ltd.<\/li>\n<li><a href=\"https:\/\/wiivi.uef.fi\/crisyp\/disp\/_\/fi\/cr_redir_all\/fet\/fet\/sea?direction=3&amp;id=8326136\" target=\"_blank\" rel=\"noopener noreferrer\">Thomas K\u00fchn<\/a>, Ph.D, Docent, Group Leader, Finnish Meteorological Institute<\/li>\n<li><a href=\"https:\/\/wiivi.uef.fi\/crisyp\/disp\/_\/fi\/cr_redir_all\/fet\/fet\/sea?direction=3&amp;id=14722048\" target=\"_blank\" rel=\"noopener noreferrer\">Kimmo Korhonen<\/a>, Ph.D, Post-doctoral researcher, Tampere University<\/li>\n<li><a href=\"https:\/\/uefconnect.uef.fi\/henkilo\/noora.hyttinen\/\">Noora Hyttinen<\/a>, Ph.D, Post-doctoral researcher, University of Jyv\u00e4skyl\u00e4<\/li>\n<li><a href=\"https:\/\/wiivi.uef.fi\/crisyp\/disp\/_\/fi\/cr_redir_all\/fet\/fet\/sea?direction=3&amp;id=45007048\">Matthew Ozon<\/a>, Ph.D., Post-doctoral researcher<\/li>\n<li><a href=\"https:\/\/wiivi.uef.fi\/crisyp\/disp\/_\/fi\/cr_redir_all\/fet\/fet\/sea?direction=3&amp;id=34337543\" target=\"_blank\" rel=\"noopener noreferrer\">Olli-Pekka Tikkanen<\/a>, Ph.D, Post doctoral Researcher, University of Helsinki<\/li>\n<li><a href=\"https:\/\/wiivi.uef.fi\/crisyp\/disp\/_\/fi\/cr_redir_all\/fet\/fet\/sea?direction=3&amp;id=36960422\" target=\"_blank\" rel=\"noopener noreferrer\">Tuomo Nieminen<\/a>, Ph.D, Assistant Professor, University of Helsinki<\/li>\n<li><a href=\"https:\/\/wiivi.uef.fi\/crisyp\/disp\/_\/fi\/cr_redir_all\/fet\/fet\/sea?direction=3&amp;id=23037645\" target=\"_blank\" rel=\"noopener noreferrer\">Eetu Kari<\/a>, Ph.D., R&amp;D Specialist in Neste Oy.<\/li>\n<li><a href=\"https:\/\/wiivi.uef.fi\/crisyp\/disp\/_\/fi\/cr_redir_all\/fet\/fet\/sea?direction=3&amp;id=52318502\">Luis Barreira<\/a>, Ph.D, Researcher in Finnish Meteorological Institute<\/li>\n<li><a href=\"https:\/\/wiivi.uef.fi\/crisyp\/disp\/_\/fi\/cr_redir_all\/fet\/fet\/sea?direction=3&amp;id=49251628\">Eemeli Holopainen, <\/a>M.Sc., Resercher in Finnish Meteorological Institute<\/li>\n<li><a href=\"https:\/\/www.chem.uci.edu\/people\/sergey-nizkorodov\">Sergey Nizkorodov<\/a>, Ph.D., Professor, University of California, Irvine, USA<\/li>\n<li><a href=\"http:\/\/www.me.umn.edu\/people\/garrick.shtml\">Sean Garrick<\/a>, Ph.D., Professor, University of Minnesota, USA<\/li>\n<li><a href=\"https:\/\/wiivi.uef.fi\/crisyp\/disp\/_\/fi\/cr_redir_all\/fet\/fet\/sea?direction=3&amp;id=27288602\" target=\"_blank\" rel=\"noopener noreferrer\">Celia Faiola<\/a>, Assistant Professor, <a href=\"http:\/\/faculty.sites.uci.edu\/cfaiola\/\">University of California, Irvine, USA<\/a><\/li>\n<li><a href=\"https:\/\/wiivi.uef.fi\/crisyp\/disp\/_\/fi\/cr_redir_all\/fet\/fet\/sea?direction=3&amp;id=12240575\" target=\"_blank\" rel=\"noopener noreferrer\">Aki Pajunoja<\/a>, Ph.D., CEO, Airmodus Ltd.<\/li>\n<li>Jani Huttunen, Ph.D., Engineer at Teollisuuden Voima Oyj<\/li>\n<li>Anssi Liikanen, R&amp;D Engineer, Agco Power Ltd<\/li>\n<li><a href=\"https:\/\/wiivi.uef.fi\/crisyp\/disp\/_\/fi\/cr_redir_all\/fet\/fet\/sea?direction=3&amp;id=23733827\" target=\"_blank\" rel=\"noopener noreferrer\">Elham Baranizadeh<\/a>, Ph.D, Researcher, University of California, Riverside, USA<\/li>\n<li><a href=\"https:\/\/wiivi.uef.fi\/crisyp\/disp\/_\/en\/cr_redir_all\/fet\/fet\/sea?direction=3&amp;id=23659023\" target=\"_blank\" rel=\"noopener noreferrer\">Hao Wang<\/a>, Ph.D, Research professorr, Jinan University, Guangdong, China<\/li>\n<li><a href=\"https:\/\/wiivi.uef.fi\/crisyp\/disp\/_\/fi\/cr_redir_all\/fet\/fet\/sea?direction=3&amp;id=16580816\" target=\"_blank\" rel=\"noopener noreferrer\">Antti Jaatinen<\/a>, Optomechanics, R&amp;D, Oplatek Oy<\/li>\n<li><a href=\"https:\/\/wiivi.uef.fi\/crisyp\/disp\/_\/fi\/cr_redir_all\/fet\/fet\/sea?direction=3&amp;id=6914622\" target=\"_blank\" rel=\"noopener noreferrer\">Zubair Maalick<\/a>, Ph.D, Data Scientist, CSC- IT centre for Science<\/li>\n<li><a href=\"https:\/\/wiivi.uef.fi\/crisyp\/disp\/_\/fi\/cr_redir_all\/fet\/fet\/sea?direction=3&amp;id=2701330\" target=\"_blank\" rel=\"noopener noreferrer\">Jussi Malila<\/a>, Ph.D, Post doctoral researcher, University of Oulu<\/li>\n<li>Anneke Batenburg, Researcher, Max Planck Institute for Chemistry, Germany<\/li>\n<li>Jae-Seok Kim, Researcher, Korean Polar Insititute, South Korea<\/li>\n<li>Sami Romakkaniemi, Research professor, Head of the Unit, Finnish Meteorological Institute, Kuopio<\/li>\n<li>Yu Jun Leong, Consult, Geosyntec Consultants, USA<\/li>\n<li>Helmi Keskinen, Researcher, University of Helsinki \/Hyyti\u00e4l\u00e4 Forest Station<\/li>\n<li>Jim Smith, Ph.D., Professor, University of California, Irvine, USA<\/li>\n<li>Mike Lawler, Post Doc, University of California, Irvine, USA<\/li>\n<li>Irshad Ahmad, MSc<\/li>\n<li>Aki Kortelainen, Ph.D, Educational sector<\/li>\n<li>Tapani Korhola, MSc, Educational sector<\/li>\n<li>Amar Hamed, Ph.D<\/li>\n<li>Petri Vaattovaara, EHS manager, Hexion corporation<\/li>\n<li>Hannele Korhonen, Research professor, Finnish Meteorological Institute<\/li>\n<li>Riikka Sorjamaa, Researcher, Finnish institute of occupational health<\/li>\n<li>Joni-Pekka Pietik\u00e4inen, Ph.D, Research Scientist, Climate Service Center Germany<\/li>\n<li>Petri Tiitta, Post Doc, Univ. Eastern Finland, Dept. of Environ. Sci.<\/li>\n<li>Harri Kokkola, Group leader, Finnish Meteorological Institute<\/li>\n<li>Tomi Raatikainen, Researcher, Finnish Meteorological Institute<\/li>\n<li>Ismo Koponen, Senior researcher, National Research Centre for the Working Environment, Denmark<\/li>\n<\/ul>\n","protected":false},"excerpt":{"rendered":"<p>The research group was established in 1998. The Aerosol Physics Group is part of the Atmosphere and Climate Competence Center (ACCC) The research staff that is currently involved in the Aerosol Physics Group is: Professors Annele Virtanen, Dr. Tech., Professor, Head of the research group Harri Kokkola, PhD, Professor Siegfried Schobesberger, PhD, Professor, Head of [&hellip;]<\/p>\n","protected":false},"author":117,"featured_media":0,"parent":0,"menu_order":0,"comment_status":"closed","ping_status":"closed","template":"","meta":{"_acf_changed":false,"_monsterinsights_skip_tracking":false,"_monsterinsights_sitenote_active":false,"_monsterinsights_sitenote_note":"","_monsterinsights_sitenote_category":0,"footnotes":""},"class_list":["post-38","page","type-page","status-publish","hentry"],"acf":[],"yoast_head":"<!-- This site is optimized with the Yoast SEO plugin v27.1.1 - https:\/\/yoast.com\/product\/yoast-seo-wordpress\/ -->\n<title>People - Aerosol Physics Research Group<\/title>\n<meta name=\"robots\" content=\"index, follow, max-snippet:-1, max-image-preview:large, max-video-preview:-1\" \/>\n<link rel=\"canonical\" href=\"https:\/\/sites.uef.fi\/aerosol\/people\/\" \/>\n<meta property=\"og:locale\" content=\"en_US\" \/>\n<meta property=\"og:type\" content=\"article\" \/>\n<meta property=\"og:title\" content=\"People - Aerosol Physics Research Group\" \/>\n<meta property=\"og:description\" content=\"The research group was established in 1998. The Aerosol Physics Group is part of the Atmosphere and Climate Competence Center (ACCC) The research staff that is currently involved in the Aerosol Physics Group is: Professors Annele Virtanen, Dr. Tech., Professor, Head of the research group Harri Kokkola, PhD, Professor Siegfried Schobesberger, PhD, Professor, Head of [&hellip;]\" \/>\n<meta property=\"og:url\" content=\"https:\/\/sites.uef.fi\/aerosol\/people\/\" \/>\n<meta property=\"og:site_name\" content=\"Aerosol Physics Research Group\" \/>\n<meta property=\"article:modified_time\" content=\"2025-09-03T07:24:57+00:00\" \/>\n<meta property=\"og:image\" content=\"https:\/\/sites.uef.fi\/aerosol\/wp-content\/uploads\/sites\/53\/2024\/10\/group_2023-scaled.jpg\" \/>\n\t<meta property=\"og:image:width\" content=\"2560\" \/>\n\t<meta property=\"og:image:height\" content=\"1222\" \/>\n\t<meta property=\"og:image:type\" content=\"image\/jpeg\" \/>\n<meta name=\"twitter:card\" content=\"summary_large_image\" \/>\n<meta name=\"twitter:label1\" content=\"Est. reading time\" \/>\n\t<meta name=\"twitter:data1\" content=\"3 minutes\" \/>\n<script type=\"application\/ld+json\" class=\"yoast-schema-graph\">{\"@context\":\"https:\/\/schema.org\",\"@graph\":[{\"@type\":\"WebPage\",\"@id\":\"https:\/\/sites.uef.fi\/aerosol\/people\/\",\"url\":\"https:\/\/sites.uef.fi\/aerosol\/people\/\",\"name\":\"People - Aerosol Physics Research Group\",\"isPartOf\":{\"@id\":\"https:\/\/sites.uef.fi\/aerosol\/#website\"},\"primaryImageOfPage\":{\"@id\":\"https:\/\/sites.uef.fi\/aerosol\/people\/#primaryimage\"},\"image\":{\"@id\":\"https:\/\/sites.uef.fi\/aerosol\/people\/#primaryimage\"},\"thumbnailUrl\":\"https:\/\/sites.uef.fi\/aerosol\/wp-content\/uploads\/sites\/53\/2024\/10\/group_2023-300x143.jpg\",\"datePublished\":\"2020-04-22T12:49:46+00:00\",\"dateModified\":\"2025-09-03T07:24:57+00:00\",\"breadcrumb\":{\"@id\":\"https:\/\/sites.uef.fi\/aerosol\/people\/#breadcrumb\"},\"inLanguage\":\"en-US\",\"potentialAction\":[{\"@type\":\"ReadAction\",\"target\":[\"https:\/\/sites.uef.fi\/aerosol\/people\/\"]}]},{\"@type\":\"ImageObject\",\"inLanguage\":\"en-US\",\"@id\":\"https:\/\/sites.uef.fi\/aerosol\/people\/#primaryimage\",\"url\":\"https:\/\/sites.uef.fi\/aerosol\/wp-content\/uploads\/sites\/53\/2024\/10\/group_2023-scaled.jpg\",\"contentUrl\":\"https:\/\/sites.uef.fi\/aerosol\/wp-content\/uploads\/sites\/53\/2024\/10\/group_2023-scaled.jpg\",\"width\":2560,\"height\":1222},{\"@type\":\"BreadcrumbList\",\"@id\":\"https:\/\/sites.uef.fi\/aerosol\/people\/#breadcrumb\",\"itemListElement\":[{\"@type\":\"ListItem\",\"position\":1,\"name\":\"Home\",\"item\":\"https:\/\/sites.uef.fi\/aerosol\/\"},{\"@type\":\"ListItem\",\"position\":2,\"name\":\"People\"}]},{\"@type\":\"WebSite\",\"@id\":\"https:\/\/sites.uef.fi\/aerosol\/#website\",\"url\":\"https:\/\/sites.uef.fi\/aerosol\/\",\"name\":\"Aerosol Physics Research Group\",\"description\":\"\",\"potentialAction\":[{\"@type\":\"SearchAction\",\"target\":{\"@type\":\"EntryPoint\",\"urlTemplate\":\"https:\/\/sites.uef.fi\/aerosol\/?s={search_term_string}\"},\"query-input\":{\"@type\":\"PropertyValueSpecification\",\"valueRequired\":true,\"valueName\":\"search_term_string\"}}],\"inLanguage\":\"en-US\"}]}<\/script>\n<!-- \/ Yoast SEO plugin. -->","yoast_head_json":{"title":"People - Aerosol Physics Research Group","robots":{"index":"index","follow":"follow","max-snippet":"max-snippet:-1","max-image-preview":"max-image-preview:large","max-video-preview":"max-video-preview:-1"},"canonical":"https:\/\/sites.uef.fi\/aerosol\/people\/","og_locale":"en_US","og_type":"article","og_title":"People - Aerosol Physics Research Group","og_description":"The research group was established in 1998. The Aerosol Physics Group is part of the Atmosphere and Climate Competence Center (ACCC) The research staff that is currently involved in the Aerosol Physics Group is: Professors Annele Virtanen, Dr. Tech., Professor, Head of the research group Harri Kokkola, PhD, Professor Siegfried Schobesberger, PhD, Professor, Head of [&hellip;]","og_url":"https:\/\/sites.uef.fi\/aerosol\/people\/","og_site_name":"Aerosol Physics Research Group","article_modified_time":"2025-09-03T07:24:57+00:00","og_image":[{"width":2560,"height":1222,"url":"https:\/\/sites.uef.fi\/aerosol\/wp-content\/uploads\/sites\/53\/2024\/10\/group_2023-scaled.jpg","type":"image\/jpeg"}],"twitter_card":"summary_large_image","twitter_misc":{"Est. reading time":"3 minutes"},"schema":{"@context":"https:\/\/schema.org","@graph":[{"@type":"WebPage","@id":"https:\/\/sites.uef.fi\/aerosol\/people\/","url":"https:\/\/sites.uef.fi\/aerosol\/people\/","name":"People - Aerosol Physics Research Group","isPartOf":{"@id":"https:\/\/sites.uef.fi\/aerosol\/#website"},"primaryImageOfPage":{"@id":"https:\/\/sites.uef.fi\/aerosol\/people\/#primaryimage"},"image":{"@id":"https:\/\/sites.uef.fi\/aerosol\/people\/#primaryimage"},"thumbnailUrl":"https:\/\/sites.uef.fi\/aerosol\/wp-content\/uploads\/sites\/53\/2024\/10\/group_2023-300x143.jpg","datePublished":"2020-04-22T12:49:46+00:00","dateModified":"2025-09-03T07:24:57+00:00","breadcrumb":{"@id":"https:\/\/sites.uef.fi\/aerosol\/people\/#breadcrumb"},"inLanguage":"en-US","potentialAction":[{"@type":"ReadAction","target":["https:\/\/sites.uef.fi\/aerosol\/people\/"]}]},{"@type":"ImageObject","inLanguage":"en-US","@id":"https:\/\/sites.uef.fi\/aerosol\/people\/#primaryimage","url":"https:\/\/sites.uef.fi\/aerosol\/wp-content\/uploads\/sites\/53\/2024\/10\/group_2023-scaled.jpg","contentUrl":"https:\/\/sites.uef.fi\/aerosol\/wp-content\/uploads\/sites\/53\/2024\/10\/group_2023-scaled.jpg","width":2560,"height":1222},{"@type":"BreadcrumbList","@id":"https:\/\/sites.uef.fi\/aerosol\/people\/#breadcrumb","itemListElement":[{"@type":"ListItem","position":1,"name":"Home","item":"https:\/\/sites.uef.fi\/aerosol\/"},{"@type":"ListItem","position":2,"name":"People"}]},{"@type":"WebSite","@id":"https:\/\/sites.uef.fi\/aerosol\/#website","url":"https:\/\/sites.uef.fi\/aerosol\/","name":"Aerosol Physics Research Group","description":"","potentialAction":[{"@type":"SearchAction","target":{"@type":"EntryPoint","urlTemplate":"https:\/\/sites.uef.fi\/aerosol\/?s={search_term_string}"},"query-input":{"@type":"PropertyValueSpecification","valueRequired":true,"valueName":"search_term_string"}}],"inLanguage":"en-US"}]}},"_links":{"self":[{"href":"https:\/\/sites.uef.fi\/aerosol\/wp-json\/wp\/v2\/pages\/38","targetHints":{"allow":["GET"]}}],"collection":[{"href":"https:\/\/sites.uef.fi\/aerosol\/wp-json\/wp\/v2\/pages"}],"about":[{"href":"https:\/\/sites.uef.fi\/aerosol\/wp-json\/wp\/v2\/types\/page"}],"author":[{"embeddable":true,"href":"https:\/\/sites.uef.fi\/aerosol\/wp-json\/wp\/v2\/users\/117"}],"replies":[{"embeddable":true,"href":"https:\/\/sites.uef.fi\/aerosol\/wp-json\/wp\/v2\/comments?post=38"}],"version-history":[{"count":1,"href":"https:\/\/sites.uef.fi\/aerosol\/wp-json\/wp\/v2\/pages\/38\/revisions"}],"predecessor-version":[{"id":2781,"href":"https:\/\/sites.uef.fi\/aerosol\/wp-json\/wp\/v2\/pages\/38\/revisions\/2781"}],"wp:attachment":[{"href":"https:\/\/sites.uef.fi\/aerosol\/wp-json\/wp\/v2\/media?parent=38"}],"curies":[{"name":"wp","href":"https:\/\/api.w.org\/{rel}","templated":true}]}}