{"id":106,"date":"2025-02-24T16:21:31","date_gmt":"2025-02-24T14:21:31","guid":{"rendered":"https:\/\/sites.uef.fi\/afinla2025\/?page_id=106"},"modified":"2025-11-05T09:57:30","modified_gmt":"2025-11-05T07:57:30","slug":"tervetuloa-joensuuhun","status":"publish","type":"page","link":"https:\/\/sites.uef.fi\/afinla2025\/tervetuloa-joensuuhun\/","title":{"rendered":"Tervetuloa Joensuuhun"},"content":{"rendered":"\n<h2 class=\"wp-block-heading\">AFinLAn syyssymposium 2025 \u2013 Voimaa variaatiosta<\/h2>\n\n\n\n<p>Tervetuloa Suomen soveltavan kielitieteen yhdistyksen AFinLAn vuotuiseen syyssymposiumiin Joensuuhun 6.\u20138.11.2025! Symposiumin teemana on <strong>Voimaa variaatiosta \u2013 Strength in Variation \u2013 V\u00e4gie variaciesp\u00e4i \u2013 Variationens kraft<\/strong>. Tarkoitus on pit\u00e4\u00e4 esill\u00e4 kielellist\u00e4 moninaisuutta ja variaatiota sek\u00e4 erityisesti niiden etuja ja hy\u00f6tyj\u00e4 kielikoulutuksessa ja -kasvatuksessa, ty\u00f6el\u00e4m\u00e4ss\u00e4 ja koko yhteiskunnassa. Kiinnit\u00e4mme huomiota my\u00f6s v\u00e4hemmist\u00f6kieliin, niiden asemaan, n\u00e4kyvyyteen ja elinvoimaisuuteen sek\u00e4 variaation merkitykseen k\u00e4\u00e4nn\u00f6stieteess\u00e4 ja k\u00e4\u00e4nt\u00e4j\u00e4koulutuksessa. Toivomme esitelmi\u00e4 ja ty\u00f6pajaehdotuksia erityisesti seuraavista aiheista:<\/p>\n\n\n\n<ul class=\"wp-block-list\">\n<li>Kielellinen variaatio kieltenopetuksessa ja kielikasvatuksessa<\/li>\n\n\n\n<li>Monikielisyys ja kielellinen variaatio ty\u00f6el\u00e4m\u00e4ss\u00e4<\/li>\n\n\n\n<li>Monikielisyys, variaatio ja hyvinvointi<\/li>\n\n\n\n<li>Kielellinen variaatio, v\u00e4hemmist\u00f6kielet ja kielten elvytys<\/li>\n\n\n\n<li>Variaatio ja reseptiivinen monikielisyys<\/li>\n\n\n\n<li>Variaatio, k\u00e4\u00e4nt\u00e4minen ja k\u00e4\u00e4nt\u00e4j\u00e4koulutus<\/li>\n<\/ul>\n\n\n\n<p>Toivotamme tervetulleiksi my\u00f6s kaikki muut soveltavan kielitieteen osa-alueita k\u00e4sittelev\u00e4t esitelm\u00e4t.<\/p>\n\n\n\n<h3 class=\"wp-block-heading\">Tapahtumapaikka<\/h3>\n\n\n\n<p>Symposium j\u00e4rjestet\u00e4\u00e4n It\u00e4-Suomen yliopiston Joensuun kampuksella, joka sijaitsee 10 minuutin k\u00e4velymatkan p\u00e4\u00e4ss\u00e4 Joensuun keskustasta sek\u00e4 aivan bussipys\u00e4kkien vieress\u00e4. Tietoa kampuksesta ja saapumisesta (julkisen liikenteen aikataulut, pys\u00e4k\u00f6intimaksut jne.) l\u00f6yd\u00e4t osoitteesta <a href=\"https:\/\/www.uef.fi\/fi\/joensuun-kampus\">https:\/\/www.uef.fi\/fi\/joensuun-kampus<\/a>.<\/p>\n\n\n\n<h2 class=\"wp-block-heading\">Hotellit<\/h2>\n\n\n\n<p>L\u00f6yd\u00e4t hotellien ja erityistarjousten tiedot alla olevasta liitetiedostosta:<\/p>\n\n\n\n<p><a href=\"https:\/\/sites.uef.fi\/afinla2025\/wp-content\/uploads\/sites\/547\/2025\/10\/AFinLA-2025-hotellit.pdf\">AFinLA 2025 hotellit.pdf<\/a><\/p>\n\n\n\n<h3 class=\"wp-block-heading\">Ohjelma<\/h3>\n\n\n\n<p>Symposiumin ohjelma l\u00f6ytyy <a href=\"https:\/\/sites.uef.fi\/afinla2025\/ohjelma\/\">t\u00e4st\u00e4<\/a>.<\/p>\n\n\n\n<p>Symposium alkaa torstaina 6. marraskuuta klo 12 ja p\u00e4\u00e4ttyy lauantaina 8. marraskuuta klo 15 menness\u00e4.<\/p>\n\n\n\n<h3 class=\"wp-block-heading\">Abstraktikirja<\/h3>\n\n\n\n<p>Abstraktikirja julkaistaan my\u00f6hemmin ohjelmasivulla.<\/p>\n\n\n\n<h3 class=\"wp-block-heading\">Esitelm\u00e4t<\/h3>\n\n\n\n<h4 class=\"wp-block-heading\">Suulliset esitelm\u00e4t<\/h4>\n\n\n\n<p>Yliopiston saleissa on tavanomainen tietokone- ja dataprojekterivarustus. Esityssalien koneissa on k\u00e4yt\u00f6ss\u00e4 Office 365, k\u00e4yt\u00e4th\u00e4n siis mieluiten Powerpoint-esityst\u00e4. Jos esitykseesi kuuluu video- tai \u00e4\u00e4nitiedostoja, suosittelemme niiden upottamista Powerpoint-esitykseen.<\/p>\n\n\n\n<p>Pyyd\u00e4mme esitelm\u00e4npit\u00e4ji\u00e4 tuomaan esitelm\u00e4ns\u00e4 dia- tai muun materiaalin muistitikulla sessiota edelt\u00e4v\u00e4ll\u00e4 tauolla. N\u00e4in varmistamme sujuvat siirtym\u00e4t esitelmien v\u00e4lill\u00e4 ja v\u00e4lt\u00e4mme teknisi\u00e4 ongelmia.<\/p>\n\n\n\n<h4 class=\"wp-block-heading\">Temaattiset ty\u00f6pajat<\/h4>\n\n\n\n<p>Temaattisten ty\u00f6pajojen j\u00e4rjestelyist\u00e4 vastaavat ty\u00f6pajojen koollekutsujat. K\u00e4ytett\u00e4viss\u00e4 ovat samat laitteistot kuin sektioesitelmiss\u00e4.<\/p>\n\n\n\n<h4 class=\"wp-block-heading\">Posteriesitelm\u00e4t<\/h4>\n\n\n\n<p>Posterisessio pidet\u00e4\u00e4n Metrian aulassa. Suositeltu koko postereille on A0 pystysuunnassa. Posteriesiintyjien toivotaan seisovan posteriensa vieress\u00e4 posterisession aikana ja varautuvan esittelem\u00e4\u00e4n ty\u00f6t\u00e4\u00e4n siit\u00e4 kiinnostuneille.<\/p>\n\n\n\n<h3 class=\"wp-block-heading\">Langaton verkko<\/h3>\n\n\n\n<p>Ulkopuoliset k\u00e4ytt\u00e4j\u00e4t kirjautuvat&nbsp;Eduroam-verkkoon oman organisaationsa ohjeiden mukaan. <\/p>\n\n\n\n<p>Jos sinulla ei ole p\u00e4\u00e4sy\u00e4 Eduroamiin, toimi n\u00e4in:<\/p>\n\n\n\n<p>Vierailijat voivat saada henkil\u00f6kohtaisen, vuorokauden voimassa olevan k\u00e4ytt\u00e4j\u00e4tunnuksen ja salasanan langattomaan <strong>Eduroam<\/strong>-vierailijaverkkoon kirjautumiseksi. Liikenne&nbsp;verkossa&nbsp;on salattu.<\/p>\n\n\n\n<p>Saat paluuviestin\u00e4 henkil\u00f6kohtaisen k\u00e4ytt\u00e4j\u00e4tunnuksen ja salasanan, jotka ovat voimassa kyseisen vuorokauden loppuun. Langatonverkko johon tunnukset k\u00e4yv\u00e4t on nimelt\u00e4\u00e4n <strong>Eduroam.<\/strong><\/p>\n\n\n\n<p><strong>Hanki p\u00e4iv\u00e4n avainsana esimerkiksi vierailusta vastaavalta UEF:n henkil\u00f6kuntaan kuuluvalta taholta tai kampuksen infon\u00e4yt\u00f6ilt\u00e4. <\/strong>Henkil\u00f6kuntalainen voi tarkistaa avainsanan my\u00f6ssivulta: <a href=\"https:\/\/studentuef.sharepoint.com\/sites\/digipalvelut\/SitePages\/Evapw.aspx\">Eduroam Visitor Access<\/a><\/p>\n\n\n\n<p>L\u00e4het\u00e4 tekstiviesti, jossa on <strong>vain avainsana<\/strong>, numeroon:<br><strong>+358 457 397 7059<\/strong><\/p>\n\n\n\n<h3 class=\"wp-block-heading\">Kahvit ja ruokailu<\/h3>\n\n\n\n<p>Symposiumin osallistumismaksu sis\u00e4lt\u00e4\u00e4 kahvit\/teet molempina konferenssip\u00e4ivin\u00e4. Kerrothan mahdollisesta erikoisruokavaliostasi ilmoittautumislomakkeella.<\/p>\n\n\n\n<h3 class=\"wp-block-heading\">Osallistumistodistus<\/h3>\n\n\n\n<p>Jos tarvitset symposiumin j\u00e4rjest\u00e4jilt\u00e4 kirjallisen osallistumistodistuksen, ota yhteytt\u00e4 j\u00e4rjestelytoimikuntaan etuk\u00e4teen.<\/p>\n","protected":false},"excerpt":{"rendered":"<p>AFinLAn syyssymposium 2025 \u2013 Voimaa variaatiosta Tervetuloa Suomen soveltavan kielitieteen yhdistyksen AFinLAn vuotuiseen syyssymposiumiin Joensuuhun 6.\u20138.11.2025! Symposiumin teemana on Voimaa variaatiosta \u2013 Strength in Variation \u2013 V\u00e4gie variaciesp\u00e4i \u2013 Variationens kraft. Tarkoitus on pit\u00e4\u00e4 esill\u00e4 kielellist\u00e4 moninaisuutta ja variaatiota sek\u00e4 erityisesti niiden etuja ja hy\u00f6tyj\u00e4 kielikoulutuksessa ja -kasvatuksessa, ty\u00f6el\u00e4m\u00e4ss\u00e4 ja koko yhteiskunnassa. Kiinnit\u00e4mme huomiota my\u00f6s [&hellip;]<\/p>\n","protected":false},"author":284,"featured_media":0,"parent":0,"menu_order":0,"comment_status":"closed","ping_status":"closed","template":"","meta":{"_acf_changed":false,"footnotes":""},"class_list":["post-106","page","type-page","status-publish","hentry"],"acf":[],"yoast_head":"<!-- This site is optimized with the Yoast SEO plugin v27.1.1 - https:\/\/yoast.com\/product\/yoast-seo-wordpress\/ -->\n<title>Tervetuloa Joensuuhun - AFinLAn syyssymposium 2025<\/title>\n<meta name=\"robots\" content=\"index, follow, max-snippet:-1, max-image-preview:large, max-video-preview:-1\" \/>\n<link rel=\"canonical\" href=\"https:\/\/sites.uef.fi\/afinla2025\/tervetuloa-joensuuhun\/\" \/>\n<meta property=\"og:locale\" content=\"fi_FI\" \/>\n<meta property=\"og:type\" content=\"article\" \/>\n<meta property=\"og:title\" content=\"Tervetuloa Joensuuhun - AFinLAn syyssymposium 2025\" \/>\n<meta property=\"og:description\" content=\"AFinLAn syyssymposium 2025 \u2013 Voimaa variaatiosta Tervetuloa Suomen soveltavan kielitieteen yhdistyksen AFinLAn vuotuiseen syyssymposiumiin Joensuuhun 6.\u20138.11.2025! Symposiumin teemana on Voimaa variaatiosta \u2013 Strength in Variation \u2013 V\u00e4gie variaciesp\u00e4i \u2013 Variationens kraft. Tarkoitus on pit\u00e4\u00e4 esill\u00e4 kielellist\u00e4 moninaisuutta ja variaatiota sek\u00e4 erityisesti niiden etuja ja hy\u00f6tyj\u00e4 kielikoulutuksessa ja -kasvatuksessa, ty\u00f6el\u00e4m\u00e4ss\u00e4 ja koko yhteiskunnassa. Kiinnit\u00e4mme huomiota my\u00f6s [&hellip;]\" \/>\n<meta property=\"og:url\" content=\"https:\/\/sites.uef.fi\/afinla2025\/tervetuloa-joensuuhun\/\" \/>\n<meta property=\"og:site_name\" content=\"AFinLAn syyssymposium 2025\" \/>\n<meta property=\"article:modified_time\" content=\"2025-11-05T07:57:30+00:00\" \/>\n<meta name=\"twitter:card\" content=\"summary_large_image\" \/>\n<meta name=\"twitter:label1\" content=\"Arvioitu lukuaika\" \/>\n\t<meta name=\"twitter:data1\" content=\"3 minuuttia\" \/>\n<script type=\"application\/ld+json\" class=\"yoast-schema-graph\">{\"@context\":\"https:\/\/schema.org\",\"@graph\":[{\"@type\":\"WebPage\",\"@id\":\"https:\/\/sites.uef.fi\/afinla2025\/tervetuloa-joensuuhun\/\",\"url\":\"https:\/\/sites.uef.fi\/afinla2025\/tervetuloa-joensuuhun\/\",\"name\":\"Tervetuloa Joensuuhun - AFinLAn syyssymposium 2025\",\"isPartOf\":{\"@id\":\"https:\/\/sites.uef.fi\/afinla2025\/#website\"},\"datePublished\":\"2025-02-24T14:21:31+00:00\",\"dateModified\":\"2025-11-05T07:57:30+00:00\",\"breadcrumb\":{\"@id\":\"https:\/\/sites.uef.fi\/afinla2025\/tervetuloa-joensuuhun\/#breadcrumb\"},\"inLanguage\":\"fi\",\"potentialAction\":[{\"@type\":\"ReadAction\",\"target\":[\"https:\/\/sites.uef.fi\/afinla2025\/tervetuloa-joensuuhun\/\"]}]},{\"@type\":\"BreadcrumbList\",\"@id\":\"https:\/\/sites.uef.fi\/afinla2025\/tervetuloa-joensuuhun\/#breadcrumb\",\"itemListElement\":[{\"@type\":\"ListItem\",\"position\":1,\"name\":\"Home\",\"item\":\"https:\/\/sites.uef.fi\/afinla2025\/\"},{\"@type\":\"ListItem\",\"position\":2,\"name\":\"Tervetuloa Joensuuhun\"}]},{\"@type\":\"WebSite\",\"@id\":\"https:\/\/sites.uef.fi\/afinla2025\/#website\",\"url\":\"https:\/\/sites.uef.fi\/afinla2025\/\",\"name\":\"AFinLAn syyssymposium 2025\",\"description\":\"\",\"potentialAction\":[{\"@type\":\"SearchAction\",\"target\":{\"@type\":\"EntryPoint\",\"urlTemplate\":\"https:\/\/sites.uef.fi\/afinla2025\/?s={search_term_string}\"},\"query-input\":{\"@type\":\"PropertyValueSpecification\",\"valueRequired\":true,\"valueName\":\"search_term_string\"}}],\"inLanguage\":\"fi\"}]}<\/script>\n<!-- \/ Yoast SEO plugin. -->","yoast_head_json":{"title":"Tervetuloa Joensuuhun - AFinLAn syyssymposium 2025","robots":{"index":"index","follow":"follow","max-snippet":"max-snippet:-1","max-image-preview":"max-image-preview:large","max-video-preview":"max-video-preview:-1"},"canonical":"https:\/\/sites.uef.fi\/afinla2025\/tervetuloa-joensuuhun\/","og_locale":"fi_FI","og_type":"article","og_title":"Tervetuloa Joensuuhun - AFinLAn syyssymposium 2025","og_description":"AFinLAn syyssymposium 2025 \u2013 Voimaa variaatiosta Tervetuloa Suomen soveltavan kielitieteen yhdistyksen AFinLAn vuotuiseen syyssymposiumiin Joensuuhun 6.\u20138.11.2025! Symposiumin teemana on Voimaa variaatiosta \u2013 Strength in Variation \u2013 V\u00e4gie variaciesp\u00e4i \u2013 Variationens kraft. Tarkoitus on pit\u00e4\u00e4 esill\u00e4 kielellist\u00e4 moninaisuutta ja variaatiota sek\u00e4 erityisesti niiden etuja ja hy\u00f6tyj\u00e4 kielikoulutuksessa ja -kasvatuksessa, ty\u00f6el\u00e4m\u00e4ss\u00e4 ja koko yhteiskunnassa. Kiinnit\u00e4mme huomiota my\u00f6s [&hellip;]","og_url":"https:\/\/sites.uef.fi\/afinla2025\/tervetuloa-joensuuhun\/","og_site_name":"AFinLAn syyssymposium 2025","article_modified_time":"2025-11-05T07:57:30+00:00","twitter_card":"summary_large_image","twitter_misc":{"Arvioitu lukuaika":"3 minuuttia"},"schema":{"@context":"https:\/\/schema.org","@graph":[{"@type":"WebPage","@id":"https:\/\/sites.uef.fi\/afinla2025\/tervetuloa-joensuuhun\/","url":"https:\/\/sites.uef.fi\/afinla2025\/tervetuloa-joensuuhun\/","name":"Tervetuloa Joensuuhun - AFinLAn syyssymposium 2025","isPartOf":{"@id":"https:\/\/sites.uef.fi\/afinla2025\/#website"},"datePublished":"2025-02-24T14:21:31+00:00","dateModified":"2025-11-05T07:57:30+00:00","breadcrumb":{"@id":"https:\/\/sites.uef.fi\/afinla2025\/tervetuloa-joensuuhun\/#breadcrumb"},"inLanguage":"fi","potentialAction":[{"@type":"ReadAction","target":["https:\/\/sites.uef.fi\/afinla2025\/tervetuloa-joensuuhun\/"]}]},{"@type":"BreadcrumbList","@id":"https:\/\/sites.uef.fi\/afinla2025\/tervetuloa-joensuuhun\/#breadcrumb","itemListElement":[{"@type":"ListItem","position":1,"name":"Home","item":"https:\/\/sites.uef.fi\/afinla2025\/"},{"@type":"ListItem","position":2,"name":"Tervetuloa Joensuuhun"}]},{"@type":"WebSite","@id":"https:\/\/sites.uef.fi\/afinla2025\/#website","url":"https:\/\/sites.uef.fi\/afinla2025\/","name":"AFinLAn syyssymposium 2025","description":"","potentialAction":[{"@type":"SearchAction","target":{"@type":"EntryPoint","urlTemplate":"https:\/\/sites.uef.fi\/afinla2025\/?s={search_term_string}"},"query-input":{"@type":"PropertyValueSpecification","valueRequired":true,"valueName":"search_term_string"}}],"inLanguage":"fi"}]}},"_links":{"self":[{"href":"https:\/\/sites.uef.fi\/afinla2025\/wp-json\/wp\/v2\/pages\/106","targetHints":{"allow":["GET"]}}],"collection":[{"href":"https:\/\/sites.uef.fi\/afinla2025\/wp-json\/wp\/v2\/pages"}],"about":[{"href":"https:\/\/sites.uef.fi\/afinla2025\/wp-json\/wp\/v2\/types\/page"}],"author":[{"embeddable":true,"href":"https:\/\/sites.uef.fi\/afinla2025\/wp-json\/wp\/v2\/users\/284"}],"replies":[{"embeddable":true,"href":"https:\/\/sites.uef.fi\/afinla2025\/wp-json\/wp\/v2\/comments?post=106"}],"version-history":[{"count":2,"href":"https:\/\/sites.uef.fi\/afinla2025\/wp-json\/wp\/v2\/pages\/106\/revisions"}],"predecessor-version":[{"id":712,"href":"https:\/\/sites.uef.fi\/afinla2025\/wp-json\/wp\/v2\/pages\/106\/revisions\/712"}],"wp:attachment":[{"href":"https:\/\/sites.uef.fi\/afinla2025\/wp-json\/wp\/v2\/media?parent=106"}],"curies":[{"name":"wp","href":"https:\/\/api.w.org\/{rel}","templated":true}]}}