{"id":129,"date":"2025-02-24T16:24:46","date_gmt":"2025-02-24T14:24:46","guid":{"rendered":"https:\/\/sites.uef.fi\/afinla2025\/?page_id=129"},"modified":"2025-06-10T11:46:52","modified_gmt":"2025-06-10T09:46:52","slug":"jarjestelytoimikunta","status":"publish","type":"page","link":"https:\/\/sites.uef.fi\/afinla2025\/jarjestelytoimikunta\/","title":{"rendered":"J\u00e4rjestelytoimikunta"},"content":{"rendered":"\n<p>J\u00e4rjestelytoimikunta: Maria Kok (pj.), Jaana Kolu, Lea Meril\u00e4inen, Ilia Moshnikov, Heli Paulasto, Esa Penttil\u00e4, Iiris Salminen, Niko Tynnyrinen, Milla Uusitupa<\/p>\n\n\n\n<p>J\u00e4rjestelytoimikunta vastaa yhteydenottoihin osoitteessa: <a href=\"mailto:afinla2025@tuni.fi\">afinla2025@uef.fi<\/a><\/p>\n","protected":false},"excerpt":{"rendered":"<p>J\u00e4rjestelytoimikunta: Maria Kok (pj.), Jaana Kolu, Lea Meril\u00e4inen, Ilia Moshnikov, Heli Paulasto, Esa Penttil\u00e4, Iiris Salminen, Niko Tynnyrinen, Milla Uusitupa J\u00e4rjestelytoimikunta vastaa yhteydenottoihin osoitteessa: afinla2025@uef.fi<\/p>\n","protected":false},"author":284,"featured_media":0,"parent":0,"menu_order":0,"comment_status":"closed","ping_status":"closed","template":"","meta":{"_acf_changed":false,"footnotes":""},"class_list":["post-129","page","type-page","status-publish","hentry"],"acf":[],"yoast_head":"<!-- This site is optimized with the Yoast SEO plugin v27.1.1 - https:\/\/yoast.com\/product\/yoast-seo-wordpress\/ -->\n<title>J\u00e4rjestelytoimikunta - AFinLAn syyssymposium 2025<\/title>\n<meta name=\"robots\" content=\"index, follow, max-snippet:-1, max-image-preview:large, max-video-preview:-1\" \/>\n<link rel=\"canonical\" href=\"https:\/\/sites.uef.fi\/afinla2025\/jarjestelytoimikunta\/\" \/>\n<meta property=\"og:locale\" content=\"fi_FI\" \/>\n<meta property=\"og:type\" content=\"article\" \/>\n<meta property=\"og:title\" content=\"J\u00e4rjestelytoimikunta - AFinLAn syyssymposium 2025\" \/>\n<meta property=\"og:description\" content=\"J\u00e4rjestelytoimikunta: Maria Kok (pj.), Jaana Kolu, Lea Meril\u00e4inen, Ilia Moshnikov, Heli Paulasto, Esa Penttil\u00e4, Iiris Salminen, Niko Tynnyrinen, Milla Uusitupa J\u00e4rjestelytoimikunta vastaa yhteydenottoihin osoitteessa: afinla2025@uef.fi\" \/>\n<meta property=\"og:url\" content=\"https:\/\/sites.uef.fi\/afinla2025\/jarjestelytoimikunta\/\" \/>\n<meta property=\"og:site_name\" content=\"AFinLAn syyssymposium 2025\" \/>\n<meta property=\"article:modified_time\" content=\"2025-06-10T09:46:52+00:00\" \/>\n<meta name=\"twitter:card\" content=\"summary_large_image\" \/>\n<meta name=\"twitter:label1\" content=\"Arvioitu lukuaika\" \/>\n\t<meta name=\"twitter:data1\" content=\"1 minuutti\" \/>\n<script type=\"application\/ld+json\" class=\"yoast-schema-graph\">{\"@context\":\"https:\/\/schema.org\",\"@graph\":[{\"@type\":\"WebPage\",\"@id\":\"https:\/\/sites.uef.fi\/afinla2025\/jarjestelytoimikunta\/\",\"url\":\"https:\/\/sites.uef.fi\/afinla2025\/jarjestelytoimikunta\/\",\"name\":\"J\u00e4rjestelytoimikunta - AFinLAn syyssymposium 2025\",\"isPartOf\":{\"@id\":\"https:\/\/sites.uef.fi\/afinla2025\/#website\"},\"datePublished\":\"2025-02-24T14:24:46+00:00\",\"dateModified\":\"2025-06-10T09:46:52+00:00\",\"breadcrumb\":{\"@id\":\"https:\/\/sites.uef.fi\/afinla2025\/jarjestelytoimikunta\/#breadcrumb\"},\"inLanguage\":\"fi\",\"potentialAction\":[{\"@type\":\"ReadAction\",\"target\":[\"https:\/\/sites.uef.fi\/afinla2025\/jarjestelytoimikunta\/\"]}]},{\"@type\":\"BreadcrumbList\",\"@id\":\"https:\/\/sites.uef.fi\/afinla2025\/jarjestelytoimikunta\/#breadcrumb\",\"itemListElement\":[{\"@type\":\"ListItem\",\"position\":1,\"name\":\"Home\",\"item\":\"https:\/\/sites.uef.fi\/afinla2025\/\"},{\"@type\":\"ListItem\",\"position\":2,\"name\":\"J\u00e4rjestelytoimikunta\"}]},{\"@type\":\"WebSite\",\"@id\":\"https:\/\/sites.uef.fi\/afinla2025\/#website\",\"url\":\"https:\/\/sites.uef.fi\/afinla2025\/\",\"name\":\"AFinLAn syyssymposium 2025\",\"description\":\"\",\"potentialAction\":[{\"@type\":\"SearchAction\",\"target\":{\"@type\":\"EntryPoint\",\"urlTemplate\":\"https:\/\/sites.uef.fi\/afinla2025\/?s={search_term_string}\"},\"query-input\":{\"@type\":\"PropertyValueSpecification\",\"valueRequired\":true,\"valueName\":\"search_term_string\"}}],\"inLanguage\":\"fi\"}]}<\/script>\n<!-- \/ Yoast SEO plugin. -->","yoast_head_json":{"title":"J\u00e4rjestelytoimikunta - AFinLAn syyssymposium 2025","robots":{"index":"index","follow":"follow","max-snippet":"max-snippet:-1","max-image-preview":"max-image-preview:large","max-video-preview":"max-video-preview:-1"},"canonical":"https:\/\/sites.uef.fi\/afinla2025\/jarjestelytoimikunta\/","og_locale":"fi_FI","og_type":"article","og_title":"J\u00e4rjestelytoimikunta - AFinLAn syyssymposium 2025","og_description":"J\u00e4rjestelytoimikunta: Maria Kok (pj.), Jaana Kolu, Lea Meril\u00e4inen, Ilia Moshnikov, Heli Paulasto, Esa Penttil\u00e4, Iiris Salminen, Niko Tynnyrinen, Milla Uusitupa J\u00e4rjestelytoimikunta vastaa yhteydenottoihin osoitteessa: afinla2025@uef.fi","og_url":"https:\/\/sites.uef.fi\/afinla2025\/jarjestelytoimikunta\/","og_site_name":"AFinLAn syyssymposium 2025","article_modified_time":"2025-06-10T09:46:52+00:00","twitter_card":"summary_large_image","twitter_misc":{"Arvioitu lukuaika":"1 minuutti"},"schema":{"@context":"https:\/\/schema.org","@graph":[{"@type":"WebPage","@id":"https:\/\/sites.uef.fi\/afinla2025\/jarjestelytoimikunta\/","url":"https:\/\/sites.uef.fi\/afinla2025\/jarjestelytoimikunta\/","name":"J\u00e4rjestelytoimikunta - AFinLAn syyssymposium 2025","isPartOf":{"@id":"https:\/\/sites.uef.fi\/afinla2025\/#website"},"datePublished":"2025-02-24T14:24:46+00:00","dateModified":"2025-06-10T09:46:52+00:00","breadcrumb":{"@id":"https:\/\/sites.uef.fi\/afinla2025\/jarjestelytoimikunta\/#breadcrumb"},"inLanguage":"fi","potentialAction":[{"@type":"ReadAction","target":["https:\/\/sites.uef.fi\/afinla2025\/jarjestelytoimikunta\/"]}]},{"@type":"BreadcrumbList","@id":"https:\/\/sites.uef.fi\/afinla2025\/jarjestelytoimikunta\/#breadcrumb","itemListElement":[{"@type":"ListItem","position":1,"name":"Home","item":"https:\/\/sites.uef.fi\/afinla2025\/"},{"@type":"ListItem","position":2,"name":"J\u00e4rjestelytoimikunta"}]},{"@type":"WebSite","@id":"https:\/\/sites.uef.fi\/afinla2025\/#website","url":"https:\/\/sites.uef.fi\/afinla2025\/","name":"AFinLAn syyssymposium 2025","description":"","potentialAction":[{"@type":"SearchAction","target":{"@type":"EntryPoint","urlTemplate":"https:\/\/sites.uef.fi\/afinla2025\/?s={search_term_string}"},"query-input":{"@type":"PropertyValueSpecification","valueRequired":true,"valueName":"search_term_string"}}],"inLanguage":"fi"}]}},"_links":{"self":[{"href":"https:\/\/sites.uef.fi\/afinla2025\/wp-json\/wp\/v2\/pages\/129","targetHints":{"allow":["GET"]}}],"collection":[{"href":"https:\/\/sites.uef.fi\/afinla2025\/wp-json\/wp\/v2\/pages"}],"about":[{"href":"https:\/\/sites.uef.fi\/afinla2025\/wp-json\/wp\/v2\/types\/page"}],"author":[{"embeddable":true,"href":"https:\/\/sites.uef.fi\/afinla2025\/wp-json\/wp\/v2\/users\/284"}],"replies":[{"embeddable":true,"href":"https:\/\/sites.uef.fi\/afinla2025\/wp-json\/wp\/v2\/comments?post=129"}],"version-history":[{"count":1,"href":"https:\/\/sites.uef.fi\/afinla2025\/wp-json\/wp\/v2\/pages\/129\/revisions"}],"predecessor-version":[{"id":192,"href":"https:\/\/sites.uef.fi\/afinla2025\/wp-json\/wp\/v2\/pages\/129\/revisions\/192"}],"wp:attachment":[{"href":"https:\/\/sites.uef.fi\/afinla2025\/wp-json\/wp\/v2\/media?parent=129"}],"curies":[{"name":"wp","href":"https:\/\/api.w.org\/{rel}","templated":true}]}}