{"id":135,"date":"2025-02-24T16:25:15","date_gmt":"2025-02-24T14:25:15","guid":{"rendered":"https:\/\/sites.uef.fi\/afinla2025\/?page_id=135"},"modified":"2025-10-07T08:45:36","modified_gmt":"2025-10-07T06:45:36","slug":"tarkeat-paivamaarat","status":"publish","type":"page","link":"https:\/\/sites.uef.fi\/afinla2025\/tarkeat-paivamaarat\/","title":{"rendered":"T\u00e4rke\u00e4t p\u00e4iv\u00e4m\u00e4\u00e4r\u00e4t"},"content":{"rendered":"\n<p>Esitelm\u00e4-, posteri- ja ty\u00f6pajaehdotusten j\u00e4tt\u00f6: 8.9.2025<\/p>\n\n\n\n<p>Hyv\u00e4ksymisist\u00e4 ilmoittaminen: 1.10.2025<\/p>\n\n\n\n<p>Ilmoittautumisj\u00e4rjestelm\u00e4 avataan: 2.10.2025 klo 16.00 menness\u00e4<\/p>\n\n\n\n<p>Viimeinen ilmoittautumis- ja maksup\u00e4iv\u00e4: 20.10.2025<\/p>\n\n\n\n<p>Symposium Joensuussa: 6.\u20138.11.2025<\/p>\n\n\n\n<p><em>Symposium alkaa torstaina 6. marraskuuta klo 12 ja p\u00e4\u00e4ttyy lauantaina 8. marraskuuta klo 15 menness\u00e4.<\/em><\/p>\n\n\n\n<p><\/p>\n","protected":false},"excerpt":{"rendered":"<p>Esitelm\u00e4-, posteri- ja ty\u00f6pajaehdotusten j\u00e4tt\u00f6: 8.9.2025 Hyv\u00e4ksymisist\u00e4 ilmoittaminen: 1.10.2025 Ilmoittautumisj\u00e4rjestelm\u00e4 avataan: 2.10.2025 klo 16.00 menness\u00e4 Viimeinen ilmoittautumis- ja maksup\u00e4iv\u00e4: 20.10.2025 Symposium Joensuussa: 6.\u20138.11.2025 Symposium alkaa torstaina 6. marraskuuta klo 12 ja p\u00e4\u00e4ttyy lauantaina 8. marraskuuta klo 15 menness\u00e4.<\/p>\n","protected":false},"author":284,"featured_media":0,"parent":0,"menu_order":0,"comment_status":"closed","ping_status":"closed","template":"","meta":{"_acf_changed":false,"footnotes":""},"class_list":["post-135","page","type-page","status-publish","hentry"],"acf":[],"yoast_head":"<!-- This site is optimized with the Yoast SEO plugin v27.1.1 - https:\/\/yoast.com\/product\/yoast-seo-wordpress\/ -->\n<title>T\u00e4rke\u00e4t p\u00e4iv\u00e4m\u00e4\u00e4r\u00e4t - AFinLAn syyssymposium 2025<\/title>\n<meta name=\"robots\" content=\"index, follow, max-snippet:-1, max-image-preview:large, max-video-preview:-1\" \/>\n<link rel=\"canonical\" href=\"https:\/\/sites.uef.fi\/afinla2025\/tarkeat-paivamaarat\/\" \/>\n<meta property=\"og:locale\" content=\"fi_FI\" \/>\n<meta property=\"og:type\" content=\"article\" \/>\n<meta property=\"og:title\" content=\"T\u00e4rke\u00e4t p\u00e4iv\u00e4m\u00e4\u00e4r\u00e4t - AFinLAn syyssymposium 2025\" \/>\n<meta property=\"og:description\" content=\"Esitelm\u00e4-, posteri- ja ty\u00f6pajaehdotusten j\u00e4tt\u00f6: 8.9.2025 Hyv\u00e4ksymisist\u00e4 ilmoittaminen: 1.10.2025 Ilmoittautumisj\u00e4rjestelm\u00e4 avataan: 2.10.2025 klo 16.00 menness\u00e4 Viimeinen ilmoittautumis- ja maksup\u00e4iv\u00e4: 20.10.2025 Symposium Joensuussa: 6.\u20138.11.2025 Symposium alkaa torstaina 6. marraskuuta klo 12 ja p\u00e4\u00e4ttyy lauantaina 8. marraskuuta klo 15 menness\u00e4.\" \/>\n<meta property=\"og:url\" content=\"https:\/\/sites.uef.fi\/afinla2025\/tarkeat-paivamaarat\/\" \/>\n<meta property=\"og:site_name\" content=\"AFinLAn syyssymposium 2025\" \/>\n<meta property=\"article:modified_time\" content=\"2025-10-07T06:45:36+00:00\" \/>\n<meta name=\"twitter:card\" content=\"summary_large_image\" \/>\n<meta name=\"twitter:label1\" content=\"Arvioitu lukuaika\" \/>\n\t<meta name=\"twitter:data1\" content=\"1 minuutti\" \/>\n<script type=\"application\/ld+json\" class=\"yoast-schema-graph\">{\"@context\":\"https:\/\/schema.org\",\"@graph\":[{\"@type\":\"WebPage\",\"@id\":\"https:\/\/sites.uef.fi\/afinla2025\/tarkeat-paivamaarat\/\",\"url\":\"https:\/\/sites.uef.fi\/afinla2025\/tarkeat-paivamaarat\/\",\"name\":\"T\u00e4rke\u00e4t p\u00e4iv\u00e4m\u00e4\u00e4r\u00e4t - AFinLAn syyssymposium 2025\",\"isPartOf\":{\"@id\":\"https:\/\/sites.uef.fi\/afinla2025\/#website\"},\"datePublished\":\"2025-02-24T14:25:15+00:00\",\"dateModified\":\"2025-10-07T06:45:36+00:00\",\"breadcrumb\":{\"@id\":\"https:\/\/sites.uef.fi\/afinla2025\/tarkeat-paivamaarat\/#breadcrumb\"},\"inLanguage\":\"fi\",\"potentialAction\":[{\"@type\":\"ReadAction\",\"target\":[\"https:\/\/sites.uef.fi\/afinla2025\/tarkeat-paivamaarat\/\"]}]},{\"@type\":\"BreadcrumbList\",\"@id\":\"https:\/\/sites.uef.fi\/afinla2025\/tarkeat-paivamaarat\/#breadcrumb\",\"itemListElement\":[{\"@type\":\"ListItem\",\"position\":1,\"name\":\"Home\",\"item\":\"https:\/\/sites.uef.fi\/afinla2025\/\"},{\"@type\":\"ListItem\",\"position\":2,\"name\":\"T\u00e4rke\u00e4t p\u00e4iv\u00e4m\u00e4\u00e4r\u00e4t\"}]},{\"@type\":\"WebSite\",\"@id\":\"https:\/\/sites.uef.fi\/afinla2025\/#website\",\"url\":\"https:\/\/sites.uef.fi\/afinla2025\/\",\"name\":\"AFinLAn syyssymposium 2025\",\"description\":\"\",\"potentialAction\":[{\"@type\":\"SearchAction\",\"target\":{\"@type\":\"EntryPoint\",\"urlTemplate\":\"https:\/\/sites.uef.fi\/afinla2025\/?s={search_term_string}\"},\"query-input\":{\"@type\":\"PropertyValueSpecification\",\"valueRequired\":true,\"valueName\":\"search_term_string\"}}],\"inLanguage\":\"fi\"}]}<\/script>\n<!-- \/ Yoast SEO plugin. -->","yoast_head_json":{"title":"T\u00e4rke\u00e4t p\u00e4iv\u00e4m\u00e4\u00e4r\u00e4t - AFinLAn syyssymposium 2025","robots":{"index":"index","follow":"follow","max-snippet":"max-snippet:-1","max-image-preview":"max-image-preview:large","max-video-preview":"max-video-preview:-1"},"canonical":"https:\/\/sites.uef.fi\/afinla2025\/tarkeat-paivamaarat\/","og_locale":"fi_FI","og_type":"article","og_title":"T\u00e4rke\u00e4t p\u00e4iv\u00e4m\u00e4\u00e4r\u00e4t - AFinLAn syyssymposium 2025","og_description":"Esitelm\u00e4-, posteri- ja ty\u00f6pajaehdotusten j\u00e4tt\u00f6: 8.9.2025 Hyv\u00e4ksymisist\u00e4 ilmoittaminen: 1.10.2025 Ilmoittautumisj\u00e4rjestelm\u00e4 avataan: 2.10.2025 klo 16.00 menness\u00e4 Viimeinen ilmoittautumis- ja maksup\u00e4iv\u00e4: 20.10.2025 Symposium Joensuussa: 6.\u20138.11.2025 Symposium alkaa torstaina 6. marraskuuta klo 12 ja p\u00e4\u00e4ttyy lauantaina 8. marraskuuta klo 15 menness\u00e4.","og_url":"https:\/\/sites.uef.fi\/afinla2025\/tarkeat-paivamaarat\/","og_site_name":"AFinLAn syyssymposium 2025","article_modified_time":"2025-10-07T06:45:36+00:00","twitter_card":"summary_large_image","twitter_misc":{"Arvioitu lukuaika":"1 minuutti"},"schema":{"@context":"https:\/\/schema.org","@graph":[{"@type":"WebPage","@id":"https:\/\/sites.uef.fi\/afinla2025\/tarkeat-paivamaarat\/","url":"https:\/\/sites.uef.fi\/afinla2025\/tarkeat-paivamaarat\/","name":"T\u00e4rke\u00e4t p\u00e4iv\u00e4m\u00e4\u00e4r\u00e4t - AFinLAn syyssymposium 2025","isPartOf":{"@id":"https:\/\/sites.uef.fi\/afinla2025\/#website"},"datePublished":"2025-02-24T14:25:15+00:00","dateModified":"2025-10-07T06:45:36+00:00","breadcrumb":{"@id":"https:\/\/sites.uef.fi\/afinla2025\/tarkeat-paivamaarat\/#breadcrumb"},"inLanguage":"fi","potentialAction":[{"@type":"ReadAction","target":["https:\/\/sites.uef.fi\/afinla2025\/tarkeat-paivamaarat\/"]}]},{"@type":"BreadcrumbList","@id":"https:\/\/sites.uef.fi\/afinla2025\/tarkeat-paivamaarat\/#breadcrumb","itemListElement":[{"@type":"ListItem","position":1,"name":"Home","item":"https:\/\/sites.uef.fi\/afinla2025\/"},{"@type":"ListItem","position":2,"name":"T\u00e4rke\u00e4t p\u00e4iv\u00e4m\u00e4\u00e4r\u00e4t"}]},{"@type":"WebSite","@id":"https:\/\/sites.uef.fi\/afinla2025\/#website","url":"https:\/\/sites.uef.fi\/afinla2025\/","name":"AFinLAn syyssymposium 2025","description":"","potentialAction":[{"@type":"SearchAction","target":{"@type":"EntryPoint","urlTemplate":"https:\/\/sites.uef.fi\/afinla2025\/?s={search_term_string}"},"query-input":{"@type":"PropertyValueSpecification","valueRequired":true,"valueName":"search_term_string"}}],"inLanguage":"fi"}]}},"_links":{"self":[{"href":"https:\/\/sites.uef.fi\/afinla2025\/wp-json\/wp\/v2\/pages\/135","targetHints":{"allow":["GET"]}}],"collection":[{"href":"https:\/\/sites.uef.fi\/afinla2025\/wp-json\/wp\/v2\/pages"}],"about":[{"href":"https:\/\/sites.uef.fi\/afinla2025\/wp-json\/wp\/v2\/types\/page"}],"author":[{"embeddable":true,"href":"https:\/\/sites.uef.fi\/afinla2025\/wp-json\/wp\/v2\/users\/284"}],"replies":[{"embeddable":true,"href":"https:\/\/sites.uef.fi\/afinla2025\/wp-json\/wp\/v2\/comments?post=135"}],"version-history":[{"count":2,"href":"https:\/\/sites.uef.fi\/afinla2025\/wp-json\/wp\/v2\/pages\/135\/revisions"}],"predecessor-version":[{"id":528,"href":"https:\/\/sites.uef.fi\/afinla2025\/wp-json\/wp\/v2\/pages\/135\/revisions\/528"}],"wp:attachment":[{"href":"https:\/\/sites.uef.fi\/afinla2025\/wp-json\/wp\/v2\/media?parent=135"}],"curies":[{"name":"wp","href":"https:\/\/api.w.org\/{rel}","templated":true}]}}