{"id":141,"date":"2025-02-24T16:25:49","date_gmt":"2025-02-24T14:25:49","guid":{"rendered":"https:\/\/sites.uef.fi\/afinla2025\/?page_id=141"},"modified":"2025-08-18T14:29:13","modified_gmt":"2025-08-18T12:29:13","slug":"esitelmakutsu","status":"publish","type":"page","link":"https:\/\/sites.uef.fi\/afinla2025\/esitelmakutsu\/","title":{"rendered":"Esitelm\u00e4kutsu"},"content":{"rendered":"\n<p>Symposiumin ty\u00f6muotoja ovat suulliset esitelm\u00e4t, posterit sek\u00e4 temaattiset ty\u00f6pajat. Kielen\u00e4 voi olla suomi, englanti tai ruotsi. My\u00f6s muut kielet ovat mahdollisia, mutta niist\u00e4 pit\u00e4\u00e4 sopia j\u00e4rjest\u00e4jien kanssa etuk\u00e4teen. Kannustamme etenkin uhanalaisten kielten k\u00e4ytt\u00f6\u00f6n. Jos esitelm\u00e4ss\u00e4 k\u00e4ytet\u00e4\u00e4n useita eri kieli\u00e4, mainitsethan abstraktissa, mill\u00e4 kielell\u00e4 tai kielill\u00e4 sit\u00e4 pystyy seuraamaan.<\/p>\n\n\n\n<p>Esitelm\u00e4- ja ty\u00f6paja-abstraktit j\u00e4tet\u00e4\u00e4n viimeist\u00e4\u00e4n 8.9.2025. J\u00e4rjest\u00e4j\u00e4t ilmoittavat hyv\u00e4ksymisest\u00e4 viimeist\u00e4\u00e4n 1.10.2025. Viimeinen ilmoittautumis- ja maksup\u00e4iv\u00e4 on 15.10.2025.<\/p>\n\n\n\n<h2 class=\"wp-block-heading\">Suulliset esitelm\u00e4t<\/h2>\n\n\n\n<p>Esitelm\u00e4n pituus on 20 minuuttia, ja keskusteluun varataan aikaa 10 minuuttia. Abstraktin laajuus on korkeintaan 300 sanaa viitteet mukaan lukien.<\/p>\n\n\n\n<h2 class=\"wp-block-heading\">Posterit<\/h2>\n\n\n\n<p>Posterien suositeltava koko on A0. Abstraktin laajuus on korkeintaan 300 sanaa viitteet mukaan lukien.<\/p>\n\n\n\n<h2 class=\"wp-block-heading\">Temaattiset ty\u00f6pajat<\/h2>\n\n\n\n<p>Temaattiset ty\u00f6pajat ovat pituudeltaan joko 90 tai 180 minuuttia, ja niiss\u00e4 pidet\u00e4\u00e4n toisiinsa temaattisesti liittyvi\u00e4 esitelmi\u00e4. Ty\u00f6pajassa voi olla my\u00f6s alku- ja\/tai loppukeskustelu. Ty\u00f6pajan koollekutsujat p\u00e4\u00e4tt\u00e4v\u00e4t esitelmien pituuden ja ty\u00f6skentelymuodon sek\u00e4 laativat yleiskuvauksen ty\u00f6pajasta ja ilmoittavat osallistujien nimet ja esitelmien otsikot esitysj\u00e4rjestyksess\u00e4 (yhteens\u00e4 korkeintaan 500 sanaa). Lis\u00e4ksi koollekutsujat l\u00e4hett\u00e4v\u00e4t esitelmien abstraktit (korkeintaan 300 sanaa viitteet mukaan lukien).<\/p>\n\n\n\n<h2 class=\"wp-block-heading\">Muuta huomioitavaa<\/h2>\n\n\n\n<p>Esitelm\u00e4n pit\u00e4minen AFinLAn syyssymposiumissa edellytt\u00e4\u00e4 AFinLAn tai muun AILAn j\u00e4senj\u00e4rjest\u00f6n j\u00e4senyytt\u00e4. Yhteisesitelmiss\u00e4 t\u00e4m\u00e4 koskee v\u00e4hint\u00e4\u00e4n yht\u00e4 tekij\u00f6ist\u00e4. Sen sijaan ty\u00f6pajan vet\u00e4jien tulee kaikkien olla j\u00e4seni\u00e4. Lis\u00e4tietoja j\u00e4seneksi liittymisest\u00e4 l\u00f6yd\u00e4t t\u00e4\u00e4lt\u00e4: <a href=\"http:\/\/www.afinla.fi\/jaseneksi\">http:\/\/www.afinla.fi\/jaseneksi<\/a><\/p>\n\n\n\n<p>Mik\u00e4li esitelm\u00e4si kuuluu jonkin AFinLAn teemaverkoston alaan, pyyd\u00e4mme ilmoittamaan siit\u00e4 abstraktissa. Tietoa pyydet\u00e4\u00e4n ohjelman rakentamista varten, eik\u00e4 se vaikuta abstraktien arviointiin. Lis\u00e4tietoa teemaverkostoita: <a href=\"https:\/\/afinla.fi\/teemaverkostot\/\">https:\/\/afinla.fi\/teemaverkostot\/<\/a><\/p>\n","protected":false},"excerpt":{"rendered":"<p>Symposiumin ty\u00f6muotoja ovat suulliset esitelm\u00e4t, posterit sek\u00e4 temaattiset ty\u00f6pajat. Kielen\u00e4 voi olla suomi, englanti tai ruotsi. My\u00f6s muut kielet ovat mahdollisia, mutta niist\u00e4 pit\u00e4\u00e4 sopia j\u00e4rjest\u00e4jien kanssa etuk\u00e4teen. Kannustamme etenkin uhanalaisten kielten k\u00e4ytt\u00f6\u00f6n. Jos esitelm\u00e4ss\u00e4 k\u00e4ytet\u00e4\u00e4n useita eri kieli\u00e4, mainitsethan abstraktissa, mill\u00e4 kielell\u00e4 tai kielill\u00e4 sit\u00e4 pystyy seuraamaan. Esitelm\u00e4- ja ty\u00f6paja-abstraktit j\u00e4tet\u00e4\u00e4n viimeist\u00e4\u00e4n 8.9.2025. J\u00e4rjest\u00e4j\u00e4t [&hellip;]<\/p>\n","protected":false},"author":284,"featured_media":0,"parent":0,"menu_order":0,"comment_status":"closed","ping_status":"closed","template":"","meta":{"_acf_changed":false,"footnotes":""},"class_list":["post-141","page","type-page","status-publish","hentry"],"acf":[],"yoast_head":"<!-- This site is optimized with the Yoast SEO plugin v27.1.1 - https:\/\/yoast.com\/product\/yoast-seo-wordpress\/ -->\n<title>Esitelm\u00e4kutsu - AFinLAn syyssymposium 2025<\/title>\n<meta name=\"robots\" content=\"index, follow, max-snippet:-1, max-image-preview:large, max-video-preview:-1\" \/>\n<link rel=\"canonical\" href=\"https:\/\/sites.uef.fi\/afinla2025\/esitelmakutsu\/\" \/>\n<meta property=\"og:locale\" content=\"fi_FI\" \/>\n<meta property=\"og:type\" content=\"article\" \/>\n<meta property=\"og:title\" content=\"Esitelm\u00e4kutsu - AFinLAn syyssymposium 2025\" \/>\n<meta property=\"og:description\" content=\"Symposiumin ty\u00f6muotoja ovat suulliset esitelm\u00e4t, posterit sek\u00e4 temaattiset ty\u00f6pajat. Kielen\u00e4 voi olla suomi, englanti tai ruotsi. My\u00f6s muut kielet ovat mahdollisia, mutta niist\u00e4 pit\u00e4\u00e4 sopia j\u00e4rjest\u00e4jien kanssa etuk\u00e4teen. Kannustamme etenkin uhanalaisten kielten k\u00e4ytt\u00f6\u00f6n. Jos esitelm\u00e4ss\u00e4 k\u00e4ytet\u00e4\u00e4n useita eri kieli\u00e4, mainitsethan abstraktissa, mill\u00e4 kielell\u00e4 tai kielill\u00e4 sit\u00e4 pystyy seuraamaan. Esitelm\u00e4- ja ty\u00f6paja-abstraktit j\u00e4tet\u00e4\u00e4n viimeist\u00e4\u00e4n 8.9.2025. J\u00e4rjest\u00e4j\u00e4t [&hellip;]\" \/>\n<meta property=\"og:url\" content=\"https:\/\/sites.uef.fi\/afinla2025\/esitelmakutsu\/\" \/>\n<meta property=\"og:site_name\" content=\"AFinLAn syyssymposium 2025\" \/>\n<meta property=\"article:modified_time\" content=\"2025-08-18T12:29:13+00:00\" \/>\n<meta name=\"twitter:card\" content=\"summary_large_image\" \/>\n<meta name=\"twitter:label1\" content=\"Arvioitu lukuaika\" \/>\n\t<meta name=\"twitter:data1\" content=\"2 minuuttia\" \/>\n<script type=\"application\/ld+json\" class=\"yoast-schema-graph\">{\"@context\":\"https:\/\/schema.org\",\"@graph\":[{\"@type\":\"WebPage\",\"@id\":\"https:\/\/sites.uef.fi\/afinla2025\/esitelmakutsu\/\",\"url\":\"https:\/\/sites.uef.fi\/afinla2025\/esitelmakutsu\/\",\"name\":\"Esitelm\u00e4kutsu - AFinLAn syyssymposium 2025\",\"isPartOf\":{\"@id\":\"https:\/\/sites.uef.fi\/afinla2025\/#website\"},\"datePublished\":\"2025-02-24T14:25:49+00:00\",\"dateModified\":\"2025-08-18T12:29:13+00:00\",\"breadcrumb\":{\"@id\":\"https:\/\/sites.uef.fi\/afinla2025\/esitelmakutsu\/#breadcrumb\"},\"inLanguage\":\"fi\",\"potentialAction\":[{\"@type\":\"ReadAction\",\"target\":[\"https:\/\/sites.uef.fi\/afinla2025\/esitelmakutsu\/\"]}]},{\"@type\":\"BreadcrumbList\",\"@id\":\"https:\/\/sites.uef.fi\/afinla2025\/esitelmakutsu\/#breadcrumb\",\"itemListElement\":[{\"@type\":\"ListItem\",\"position\":1,\"name\":\"Home\",\"item\":\"https:\/\/sites.uef.fi\/afinla2025\/\"},{\"@type\":\"ListItem\",\"position\":2,\"name\":\"Esitelm\u00e4kutsu\"}]},{\"@type\":\"WebSite\",\"@id\":\"https:\/\/sites.uef.fi\/afinla2025\/#website\",\"url\":\"https:\/\/sites.uef.fi\/afinla2025\/\",\"name\":\"AFinLAn syyssymposium 2025\",\"description\":\"\",\"potentialAction\":[{\"@type\":\"SearchAction\",\"target\":{\"@type\":\"EntryPoint\",\"urlTemplate\":\"https:\/\/sites.uef.fi\/afinla2025\/?s={search_term_string}\"},\"query-input\":{\"@type\":\"PropertyValueSpecification\",\"valueRequired\":true,\"valueName\":\"search_term_string\"}}],\"inLanguage\":\"fi\"}]}<\/script>\n<!-- \/ Yoast SEO plugin. -->","yoast_head_json":{"title":"Esitelm\u00e4kutsu - AFinLAn syyssymposium 2025","robots":{"index":"index","follow":"follow","max-snippet":"max-snippet:-1","max-image-preview":"max-image-preview:large","max-video-preview":"max-video-preview:-1"},"canonical":"https:\/\/sites.uef.fi\/afinla2025\/esitelmakutsu\/","og_locale":"fi_FI","og_type":"article","og_title":"Esitelm\u00e4kutsu - AFinLAn syyssymposium 2025","og_description":"Symposiumin ty\u00f6muotoja ovat suulliset esitelm\u00e4t, posterit sek\u00e4 temaattiset ty\u00f6pajat. Kielen\u00e4 voi olla suomi, englanti tai ruotsi. My\u00f6s muut kielet ovat mahdollisia, mutta niist\u00e4 pit\u00e4\u00e4 sopia j\u00e4rjest\u00e4jien kanssa etuk\u00e4teen. Kannustamme etenkin uhanalaisten kielten k\u00e4ytt\u00f6\u00f6n. Jos esitelm\u00e4ss\u00e4 k\u00e4ytet\u00e4\u00e4n useita eri kieli\u00e4, mainitsethan abstraktissa, mill\u00e4 kielell\u00e4 tai kielill\u00e4 sit\u00e4 pystyy seuraamaan. Esitelm\u00e4- ja ty\u00f6paja-abstraktit j\u00e4tet\u00e4\u00e4n viimeist\u00e4\u00e4n 8.9.2025. J\u00e4rjest\u00e4j\u00e4t [&hellip;]","og_url":"https:\/\/sites.uef.fi\/afinla2025\/esitelmakutsu\/","og_site_name":"AFinLAn syyssymposium 2025","article_modified_time":"2025-08-18T12:29:13+00:00","twitter_card":"summary_large_image","twitter_misc":{"Arvioitu lukuaika":"2 minuuttia"},"schema":{"@context":"https:\/\/schema.org","@graph":[{"@type":"WebPage","@id":"https:\/\/sites.uef.fi\/afinla2025\/esitelmakutsu\/","url":"https:\/\/sites.uef.fi\/afinla2025\/esitelmakutsu\/","name":"Esitelm\u00e4kutsu - AFinLAn syyssymposium 2025","isPartOf":{"@id":"https:\/\/sites.uef.fi\/afinla2025\/#website"},"datePublished":"2025-02-24T14:25:49+00:00","dateModified":"2025-08-18T12:29:13+00:00","breadcrumb":{"@id":"https:\/\/sites.uef.fi\/afinla2025\/esitelmakutsu\/#breadcrumb"},"inLanguage":"fi","potentialAction":[{"@type":"ReadAction","target":["https:\/\/sites.uef.fi\/afinla2025\/esitelmakutsu\/"]}]},{"@type":"BreadcrumbList","@id":"https:\/\/sites.uef.fi\/afinla2025\/esitelmakutsu\/#breadcrumb","itemListElement":[{"@type":"ListItem","position":1,"name":"Home","item":"https:\/\/sites.uef.fi\/afinla2025\/"},{"@type":"ListItem","position":2,"name":"Esitelm\u00e4kutsu"}]},{"@type":"WebSite","@id":"https:\/\/sites.uef.fi\/afinla2025\/#website","url":"https:\/\/sites.uef.fi\/afinla2025\/","name":"AFinLAn syyssymposium 2025","description":"","potentialAction":[{"@type":"SearchAction","target":{"@type":"EntryPoint","urlTemplate":"https:\/\/sites.uef.fi\/afinla2025\/?s={search_term_string}"},"query-input":{"@type":"PropertyValueSpecification","valueRequired":true,"valueName":"search_term_string"}}],"inLanguage":"fi"}]}},"_links":{"self":[{"href":"https:\/\/sites.uef.fi\/afinla2025\/wp-json\/wp\/v2\/pages\/141","targetHints":{"allow":["GET"]}}],"collection":[{"href":"https:\/\/sites.uef.fi\/afinla2025\/wp-json\/wp\/v2\/pages"}],"about":[{"href":"https:\/\/sites.uef.fi\/afinla2025\/wp-json\/wp\/v2\/types\/page"}],"author":[{"embeddable":true,"href":"https:\/\/sites.uef.fi\/afinla2025\/wp-json\/wp\/v2\/users\/284"}],"replies":[{"embeddable":true,"href":"https:\/\/sites.uef.fi\/afinla2025\/wp-json\/wp\/v2\/comments?post=141"}],"version-history":[{"count":2,"href":"https:\/\/sites.uef.fi\/afinla2025\/wp-json\/wp\/v2\/pages\/141\/revisions"}],"predecessor-version":[{"id":414,"href":"https:\/\/sites.uef.fi\/afinla2025\/wp-json\/wp\/v2\/pages\/141\/revisions\/414"}],"wp:attachment":[{"href":"https:\/\/sites.uef.fi\/afinla2025\/wp-json\/wp\/v2\/media?parent=141"}],"curies":[{"name":"wp","href":"https:\/\/api.w.org\/{rel}","templated":true}]}}