{"id":153,"date":"2025-02-19T10:53:04","date_gmt":"2025-02-19T08:53:04","guid":{"rendered":"https:\/\/sites.uef.fi\/afinla2025\/etusivu\/"},"modified":"2025-11-05T08:36:19","modified_gmt":"2025-11-05T06:36:19","slug":"etusivu","status":"publish","type":"page","link":"https:\/\/sites.uef.fi\/afinla2025\/etusivu\/?lang=olo","title":{"rendered":"Pi\u00e4sivu"},"content":{"rendered":"\n<p>Tulgua terveh <strong>Suomen sobivuttajan kielitiijon yhtistyksen AFinLAn jogavuodehizeh syvyssimpouziumah <\/strong>Jovensuuh 6.\u20138.11.2025. Sympouziuman tiemannu on \u201dVoimaa variaatiosta \u2013 Strength in variation \u2013 Variationens kraft \u2013 V\u00e4gie variaciesp\u00e4i\u201d. Tarkoituksennu on pidi\u00e4 n\u00e4g\u00f6vis kielellisty monina\u017euttu da variaciedu sego pai\u010di muudu niil\u00f6in eduloi da hy\u00f6dyl\u00f6i kielen opastandas da kielikazvatukses, ruadoelokses da kogo yhtehiskunnas. Kiinnit\u00e4mm\u00f6 huomavuo se\u017eo v\u00e4hembist\u00f6kielih, niil\u00f6in azemah, n\u00e4gyvy\u00f6h da eloivoima\u017euoh sego variacien merki\u010dykseh ki\u00e4nn\u00f6stiijos da ki\u00e4nd\u00e4j\u00e4nopastukses. Vuotammo pai\u010di muudu n\u00e4mmih tiemoih liittyjii ezitelmii da ruadopajaehoituksii:<\/p>\n\n\n\n<ul class=\"wp-block-list\">\n<li>Kielelline variacii kielien opastandas da kielikazvatukses<\/li>\n\n\n\n<li>Monikieli\u017eys da kielelline variacii ruadoelokses<\/li>\n\n\n\n<li>Monikieli\u017eys, variacii da hyvinvoindu<\/li>\n\n\n\n<li>Kielelline variacii, v\u00e4hembist\u00f6kielet da kielien elvytys<\/li>\n\n\n\n<li>Variacii da reseptiivine monikieli\u017eys<\/li>\n\n\n\n<li>Variacii, ki\u00e4nd\u00e4mine da ki\u00e4nd\u00e4j\u00e4nopastus<\/li>\n<\/ul>\n\n\n\n<p>Otammo vastah se\u017eo kaikki toizii sobivuttajan kielitiijon oza-alovehii ka\u010d\u010delijat ezitelm\u00e4t.<\/p>\n\n\n\n<p>Ezitelmy-, posteru- da ruadopajaehoitukset pid\u00e4y ty\u00f6ndi\u00e4 <strong>8.9.2025<\/strong> sah. J\u00e4rjest\u00e4j\u00e4t ilmoitetah hyv\u00e4ksynd\u00e4s 1.10.2025 sah. Ilmoittavundu algau <strong>2.10.2025<\/strong> \u010d 13:00. J\u00e4lgim\u00e4ine ilmoittavundu- da maksop\u00e4ivy oli 20.10.2025.<\/p>\n\n\n\n<p>S\u00e4hk\u00f6po\u0161tuadressi: afinla2025@uef.fi<\/p>\n\n\n\n<p>J\u00e4rjestelytoimikundu: Maria Kok, Heli Paulasto, Esa Penttil\u00e4, Jaana Kolu, Lea Meril\u00e4inen, Milla Uusitupa, Ilja Moshnikov, Niko Tynnyrinen da Iiris Salminen<\/p>\n\n\n\n<p>Simpouziuman organizui\u010d\u010dou P\u00e4iv\u00e4nnouzu-Suomen yliopisto.<\/p>\n\n\n\n<figure class=\"wp-block-image size-large is-resized\"><img loading=\"lazy\" decoding=\"async\" width=\"1024\" height=\"955\" src=\"https:\/\/sites.uef.fi\/afinla2025\/wp-content\/uploads\/sites\/547\/2025\/10\/UEF_eng_black1-3-1024x955.jpg\" alt=\"\" class=\"wp-image-647\" style=\"width:auto;height:100px\" srcset=\"https:\/\/sites.uef.fi\/afinla2025\/wp-content\/uploads\/sites\/547\/2025\/10\/UEF_eng_black1-3-1024x955.jpg 1024w, https:\/\/sites.uef.fi\/afinla2025\/wp-content\/uploads\/sites\/547\/2025\/10\/UEF_eng_black1-3-300x280.jpg 300w, https:\/\/sites.uef.fi\/afinla2025\/wp-content\/uploads\/sites\/547\/2025\/10\/UEF_eng_black1-3-768x716.jpg 768w, https:\/\/sites.uef.fi\/afinla2025\/wp-content\/uploads\/sites\/547\/2025\/10\/UEF_eng_black1-3-1536x1432.jpg 1536w, https:\/\/sites.uef.fi\/afinla2025\/wp-content\/uploads\/sites\/547\/2025\/10\/UEF_eng_black1-3-2048x1910.jpg 2048w\" sizes=\"auto, (max-width: 1024px) 100vw, 1024px\" \/><\/figure>\n\n\n\n<p>Simpouziuman organizui\u010dendua ollah tugiettu BOMOCULT da Svenska litteraturs\u00e4llskapet i Finland.<\/p>\n\n\n\n<figure class=\"wp-block-image size-full is-resized\"><img loading=\"lazy\" decoding=\"async\" width=\"1000\" height=\"300\" src=\"https:\/\/sites.uef.fi\/afinla2025\/wp-content\/uploads\/sites\/547\/2025\/10\/UEF_Bomocult_Logo-003-3.png\" alt=\"\" class=\"wp-image-651\" style=\"width:auto;height:100px\" srcset=\"https:\/\/sites.uef.fi\/afinla2025\/wp-content\/uploads\/sites\/547\/2025\/10\/UEF_Bomocult_Logo-003-3.png 1000w, https:\/\/sites.uef.fi\/afinla2025\/wp-content\/uploads\/sites\/547\/2025\/10\/UEF_Bomocult_Logo-003-3-300x90.png 300w, https:\/\/sites.uef.fi\/afinla2025\/wp-content\/uploads\/sites\/547\/2025\/10\/UEF_Bomocult_Logo-003-3-768x230.png 768w\" sizes=\"auto, (max-width: 1000px) 100vw, 1000px\" \/><\/figure>\n\n\n\n<figure class=\"wp-block-image size-large is-resized\"><img loading=\"lazy\" decoding=\"async\" width=\"1024\" height=\"331\" src=\"https:\/\/sites.uef.fi\/afinla2025\/wp-content\/uploads\/sites\/547\/2025\/10\/sls-logo-3-1024x331.png\" alt=\"\" class=\"wp-image-656\" style=\"width:auto;height:100px\" srcset=\"https:\/\/sites.uef.fi\/afinla2025\/wp-content\/uploads\/sites\/547\/2025\/10\/sls-logo-3-1024x331.png 1024w, https:\/\/sites.uef.fi\/afinla2025\/wp-content\/uploads\/sites\/547\/2025\/10\/sls-logo-3-300x97.png 300w, https:\/\/sites.uef.fi\/afinla2025\/wp-content\/uploads\/sites\/547\/2025\/10\/sls-logo-3-768x248.png 768w, https:\/\/sites.uef.fi\/afinla2025\/wp-content\/uploads\/sites\/547\/2025\/10\/sls-logo-3-1536x497.png 1536w, https:\/\/sites.uef.fi\/afinla2025\/wp-content\/uploads\/sites\/547\/2025\/10\/sls-logo-3.png 1855w\" sizes=\"auto, (max-width: 1024px) 100vw, 1024px\" \/><\/figure>\n","protected":false},"excerpt":{"rendered":"<p>Tulgua terveh Suomen sobivuttajan kielitiijon yhtistyksen AFinLAn jogavuodehizeh syvyssimpouziumah Jovensuuh 6.\u20138.11.2025. Sympouziuman tiemannu on \u201dVoimaa variaatiosta \u2013 Strength in variation \u2013 Variationens kraft \u2013 V\u00e4gie variaciesp\u00e4i\u201d. Tarkoituksennu on pidi\u00e4 n\u00e4g\u00f6vis kielellisty monina\u017euttu da variaciedu sego pai\u010di muudu niil\u00f6in eduloi da hy\u00f6dyl\u00f6i kielen opastandas da kielikazvatukses, ruadoelokses da kogo yhtehiskunnas. Kiinnit\u00e4mm\u00f6 huomavuo se\u017eo v\u00e4hembist\u00f6kielih, niil\u00f6in azemah, [&hellip;]<\/p>\n","protected":false},"author":2,"featured_media":0,"parent":0,"menu_order":0,"comment_status":"closed","ping_status":"closed","template":"","meta":{"_acf_changed":false,"footnotes":""},"class_list":["post-153","page","type-page","status-publish","hentry"],"acf":[],"yoast_head":"<!-- This site is optimized with the Yoast SEO plugin v27.3 - https:\/\/yoast.com\/product\/yoast-seo-wordpress\/ -->\n<title>Pi\u00e4sivu - AFinLAn syyssymposium 2025<\/title>\n<meta name=\"robots\" content=\"index, follow, max-snippet:-1, max-image-preview:large, max-video-preview:-1\" \/>\n<link rel=\"canonical\" href=\"https:\/\/sites.uef.fi\/afinla2025\/etusivu\/\" \/>\n<meta property=\"og:locale\" content=\"fi_FI\" \/>\n<meta property=\"og:type\" content=\"article\" \/>\n<meta property=\"og:title\" content=\"Pi\u00e4sivu - AFinLAn syyssymposium 2025\" \/>\n<meta property=\"og:description\" content=\"Tulgua terveh Suomen sobivuttajan kielitiijon yhtistyksen AFinLAn jogavuodehizeh syvyssimpouziumah Jovensuuh 6.\u20138.11.2025. Sympouziuman tiemannu on \u201dVoimaa variaatiosta \u2013 Strength in variation \u2013 Variationens kraft \u2013 V\u00e4gie variaciesp\u00e4i\u201d. Tarkoituksennu on pidi\u00e4 n\u00e4g\u00f6vis kielellisty monina\u017euttu da variaciedu sego pai\u010di muudu niil\u00f6in eduloi da hy\u00f6dyl\u00f6i kielen opastandas da kielikazvatukses, ruadoelokses da kogo yhtehiskunnas. Kiinnit\u00e4mm\u00f6 huomavuo se\u017eo v\u00e4hembist\u00f6kielih, niil\u00f6in azemah, [&hellip;]\" \/>\n<meta property=\"og:url\" content=\"https:\/\/sites.uef.fi\/afinla2025\/etusivu\/?lang=olo\" \/>\n<meta property=\"og:site_name\" content=\"AFinLAn syyssymposium 2025\" \/>\n<meta property=\"article:modified_time\" content=\"2025-11-05T06:36:19+00:00\" \/>\n<meta property=\"og:image\" content=\"https:\/\/sites.uef.fi\/afinla2025\/wp-content\/uploads\/sites\/547\/2025\/10\/UEF_eng_black1-3-1024x955.jpg\" \/>\n<meta name=\"twitter:card\" content=\"summary_large_image\" \/>\n<meta name=\"twitter:label1\" content=\"Arvioitu lukuaika\" \/>\n\t<meta name=\"twitter:data1\" content=\"2 minuuttia\" \/>\n<script type=\"application\/ld+json\" class=\"yoast-schema-graph\">{\"@context\":\"https:\\\/\\\/schema.org\",\"@graph\":[{\"@type\":\"WebPage\",\"@id\":\"https:\\\/\\\/sites.uef.fi\\\/afinla2025\\\/etusivu\\\/?lang=olo\",\"url\":\"https:\\\/\\\/sites.uef.fi\\\/afinla2025\\\/etusivu\\\/?lang=olo\",\"name\":\"Pi\u00e4sivu - AFinLAn syyssymposium 2025\",\"isPartOf\":{\"@id\":\"https:\\\/\\\/sites.uef.fi\\\/afinla2025\\\/#website\"},\"primaryImageOfPage\":{\"@id\":\"https:\\\/\\\/sites.uef.fi\\\/afinla2025\\\/etusivu\\\/?lang=olo#primaryimage\"},\"image\":{\"@id\":\"https:\\\/\\\/sites.uef.fi\\\/afinla2025\\\/etusivu\\\/?lang=olo#primaryimage\"},\"thumbnailUrl\":\"https:\\\/\\\/sites.uef.fi\\\/afinla2025\\\/wp-content\\\/uploads\\\/sites\\\/547\\\/2025\\\/10\\\/UEF_eng_black1-3-1024x955.jpg\",\"datePublished\":\"2025-02-19T08:53:04+00:00\",\"dateModified\":\"2025-11-05T06:36:19+00:00\",\"breadcrumb\":{\"@id\":\"https:\\\/\\\/sites.uef.fi\\\/afinla2025\\\/etusivu\\\/?lang=olo#breadcrumb\"},\"inLanguage\":\"fi\",\"potentialAction\":[{\"@type\":\"ReadAction\",\"target\":[\"https:\\\/\\\/sites.uef.fi\\\/afinla2025\\\/etusivu\\\/?lang=olo\"]}]},{\"@type\":\"ImageObject\",\"inLanguage\":\"fi\",\"@id\":\"https:\\\/\\\/sites.uef.fi\\\/afinla2025\\\/etusivu\\\/?lang=olo#primaryimage\",\"url\":\"https:\\\/\\\/sites.uef.fi\\\/afinla2025\\\/wp-content\\\/uploads\\\/sites\\\/547\\\/2025\\\/10\\\/UEF_eng_black1-3-scaled.jpg\",\"contentUrl\":\"https:\\\/\\\/sites.uef.fi\\\/afinla2025\\\/wp-content\\\/uploads\\\/sites\\\/547\\\/2025\\\/10\\\/UEF_eng_black1-3-scaled.jpg\",\"width\":2560,\"height\":2387,\"caption\":\"It\u00e4-Suomen yliopiston, musta tausta, k\u00e4ytet\u00e4\u00e4n ensisijaisesti Primary logo of University of Eastern Finland, with black background\"},{\"@type\":\"BreadcrumbList\",\"@id\":\"https:\\\/\\\/sites.uef.fi\\\/afinla2025\\\/etusivu\\\/?lang=olo#breadcrumb\",\"itemListElement\":[{\"@type\":\"ListItem\",\"position\":1,\"name\":\"Home\",\"item\":\"https:\\\/\\\/sites.uef.fi\\\/afinla2025\\\/\"},{\"@type\":\"ListItem\",\"position\":2,\"name\":\"Pi\u00e4sivu\"}]},{\"@type\":\"WebSite\",\"@id\":\"https:\\\/\\\/sites.uef.fi\\\/afinla2025\\\/#website\",\"url\":\"https:\\\/\\\/sites.uef.fi\\\/afinla2025\\\/\",\"name\":\"AFinLAn syyssymposium 2025\",\"description\":\"\",\"potentialAction\":[{\"@type\":\"SearchAction\",\"target\":{\"@type\":\"EntryPoint\",\"urlTemplate\":\"https:\\\/\\\/sites.uef.fi\\\/afinla2025\\\/?s={search_term_string}\"},\"query-input\":{\"@type\":\"PropertyValueSpecification\",\"valueRequired\":true,\"valueName\":\"search_term_string\"}}],\"inLanguage\":\"fi\"}]}<\/script>\n<!-- \/ Yoast SEO plugin. -->","yoast_head_json":{"title":"Pi\u00e4sivu - AFinLAn syyssymposium 2025","robots":{"index":"index","follow":"follow","max-snippet":"max-snippet:-1","max-image-preview":"max-image-preview:large","max-video-preview":"max-video-preview:-1"},"canonical":"https:\/\/sites.uef.fi\/afinla2025\/etusivu\/","og_locale":"fi_FI","og_type":"article","og_title":"Pi\u00e4sivu - AFinLAn syyssymposium 2025","og_description":"Tulgua terveh Suomen sobivuttajan kielitiijon yhtistyksen AFinLAn jogavuodehizeh syvyssimpouziumah Jovensuuh 6.\u20138.11.2025. Sympouziuman tiemannu on \u201dVoimaa variaatiosta \u2013 Strength in variation \u2013 Variationens kraft \u2013 V\u00e4gie variaciesp\u00e4i\u201d. Tarkoituksennu on pidi\u00e4 n\u00e4g\u00f6vis kielellisty monina\u017euttu da variaciedu sego pai\u010di muudu niil\u00f6in eduloi da hy\u00f6dyl\u00f6i kielen opastandas da kielikazvatukses, ruadoelokses da kogo yhtehiskunnas. Kiinnit\u00e4mm\u00f6 huomavuo se\u017eo v\u00e4hembist\u00f6kielih, niil\u00f6in azemah, [&hellip;]","og_url":"https:\/\/sites.uef.fi\/afinla2025\/etusivu\/?lang=olo","og_site_name":"AFinLAn syyssymposium 2025","article_modified_time":"2025-11-05T06:36:19+00:00","og_image":[{"url":"https:\/\/sites.uef.fi\/afinla2025\/wp-content\/uploads\/sites\/547\/2025\/10\/UEF_eng_black1-3-1024x955.jpg","type":"","width":"","height":""}],"twitter_card":"summary_large_image","twitter_misc":{"Arvioitu lukuaika":"2 minuuttia"},"schema":{"@context":"https:\/\/schema.org","@graph":[{"@type":"WebPage","@id":"https:\/\/sites.uef.fi\/afinla2025\/etusivu\/?lang=olo","url":"https:\/\/sites.uef.fi\/afinla2025\/etusivu\/?lang=olo","name":"Pi\u00e4sivu - AFinLAn syyssymposium 2025","isPartOf":{"@id":"https:\/\/sites.uef.fi\/afinla2025\/#website"},"primaryImageOfPage":{"@id":"https:\/\/sites.uef.fi\/afinla2025\/etusivu\/?lang=olo#primaryimage"},"image":{"@id":"https:\/\/sites.uef.fi\/afinla2025\/etusivu\/?lang=olo#primaryimage"},"thumbnailUrl":"https:\/\/sites.uef.fi\/afinla2025\/wp-content\/uploads\/sites\/547\/2025\/10\/UEF_eng_black1-3-1024x955.jpg","datePublished":"2025-02-19T08:53:04+00:00","dateModified":"2025-11-05T06:36:19+00:00","breadcrumb":{"@id":"https:\/\/sites.uef.fi\/afinla2025\/etusivu\/?lang=olo#breadcrumb"},"inLanguage":"fi","potentialAction":[{"@type":"ReadAction","target":["https:\/\/sites.uef.fi\/afinla2025\/etusivu\/?lang=olo"]}]},{"@type":"ImageObject","inLanguage":"fi","@id":"https:\/\/sites.uef.fi\/afinla2025\/etusivu\/?lang=olo#primaryimage","url":"https:\/\/sites.uef.fi\/afinla2025\/wp-content\/uploads\/sites\/547\/2025\/10\/UEF_eng_black1-3-scaled.jpg","contentUrl":"https:\/\/sites.uef.fi\/afinla2025\/wp-content\/uploads\/sites\/547\/2025\/10\/UEF_eng_black1-3-scaled.jpg","width":2560,"height":2387,"caption":"It\u00e4-Suomen yliopiston, musta tausta, k\u00e4ytet\u00e4\u00e4n ensisijaisesti Primary logo of University of Eastern Finland, with black background"},{"@type":"BreadcrumbList","@id":"https:\/\/sites.uef.fi\/afinla2025\/etusivu\/?lang=olo#breadcrumb","itemListElement":[{"@type":"ListItem","position":1,"name":"Home","item":"https:\/\/sites.uef.fi\/afinla2025\/"},{"@type":"ListItem","position":2,"name":"Pi\u00e4sivu"}]},{"@type":"WebSite","@id":"https:\/\/sites.uef.fi\/afinla2025\/#website","url":"https:\/\/sites.uef.fi\/afinla2025\/","name":"AFinLAn syyssymposium 2025","description":"","potentialAction":[{"@type":"SearchAction","target":{"@type":"EntryPoint","urlTemplate":"https:\/\/sites.uef.fi\/afinla2025\/?s={search_term_string}"},"query-input":{"@type":"PropertyValueSpecification","valueRequired":true,"valueName":"search_term_string"}}],"inLanguage":"fi"}]}},"_links":{"self":[{"href":"https:\/\/sites.uef.fi\/afinla2025\/wp-json\/wp\/v2\/pages\/153","targetHints":{"allow":["GET"]}}],"collection":[{"href":"https:\/\/sites.uef.fi\/afinla2025\/wp-json\/wp\/v2\/pages"}],"about":[{"href":"https:\/\/sites.uef.fi\/afinla2025\/wp-json\/wp\/v2\/types\/page"}],"author":[{"embeddable":true,"href":"https:\/\/sites.uef.fi\/afinla2025\/wp-json\/wp\/v2\/users\/2"}],"replies":[{"embeddable":true,"href":"https:\/\/sites.uef.fi\/afinla2025\/wp-json\/wp\/v2\/comments?post=153"}],"version-history":[{"count":2,"href":"https:\/\/sites.uef.fi\/afinla2025\/wp-json\/wp\/v2\/pages\/153\/revisions"}],"predecessor-version":[{"id":680,"href":"https:\/\/sites.uef.fi\/afinla2025\/wp-json\/wp\/v2\/pages\/153\/revisions\/680"}],"wp:attachment":[{"href":"https:\/\/sites.uef.fi\/afinla2025\/wp-json\/wp\/v2\/media?parent=153"}],"curies":[{"name":"wp","href":"https:\/\/api.w.org\/{rel}","templated":true}]}}