{"id":219,"date":"2025-02-24T16:25:15","date_gmt":"2025-02-24T14:25:15","guid":{"rendered":"https:\/\/sites.uef.fi\/afinla2025\/?page_id=219"},"modified":"2025-10-07T08:48:13","modified_gmt":"2025-10-07T06:48:13","slug":"targiet-paivymiarat","status":"publish","type":"page","link":"https:\/\/sites.uef.fi\/afinla2025\/targiet-paivymiarat\/?lang=olo","title":{"rendered":"T\u00e4rgiet p\u00e4ivymi\u00e4r\u00e4t"},"content":{"rendered":"\n<p>Ezitelmy-, posteru- da ruadopajaehoituksien j\u00e4tt\u00f6: 8.9.2025<\/p>\n\n\n\n<p>Hyv\u00e4ksynd\u00e4s ilmoittamine: 1.10.2025<\/p>\n\n\n\n<p>Ilmoittavundusistiemu avatah: 2.10.2025 \u010d 16.00 mennes<\/p>\n\n\n\n<p>J\u00e4lgim\u00e4ine ilmoittavundu- da maksop\u00e4ivy: 20.10.2025<\/p>\n\n\n\n<p>Simpouzium Jovensuus: 6.\u20138.11.2025<\/p>\n\n\n\n<p><em>Simpouzium algavuu 6. kylmykuudu 12 aigua da loppehes suovattan 8. kylmykuudu 15 mennes.<\/em><\/p>\n\n\n\n<p><\/p>\n","protected":false},"excerpt":{"rendered":"<p>Ezitelmy-, posteru- da ruadopajaehoituksien j\u00e4tt\u00f6: 8.9.2025 Hyv\u00e4ksynd\u00e4s ilmoittamine: 1.10.2025 Ilmoittavundusistiemu avatah: 2.10.2025 \u010d 16.00 mennes J\u00e4lgim\u00e4ine ilmoittavundu- da maksop\u00e4ivy: 20.10.2025 Simpouzium Jovensuus: 6.\u20138.11.2025 Simpouzium algavuu 6. kylmykuudu 12 aigua da loppehes suovattan 8. kylmykuudu 15 mennes.<\/p>\n","protected":false},"author":284,"featured_media":0,"parent":0,"menu_order":0,"comment_status":"closed","ping_status":"closed","template":"","meta":{"_acf_changed":false,"footnotes":""},"class_list":["post-219","page","type-page","status-publish","hentry"],"acf":[],"yoast_head":"<!-- This site is optimized with the Yoast SEO plugin v27.3 - https:\/\/yoast.com\/product\/yoast-seo-wordpress\/ -->\n<title>T\u00e4rgiet p\u00e4ivymi\u00e4r\u00e4t - AFinLAn syyssymposium 2025<\/title>\n<meta name=\"robots\" content=\"index, follow, max-snippet:-1, max-image-preview:large, max-video-preview:-1\" \/>\n<link rel=\"canonical\" href=\"https:\/\/sites.uef.fi\/afinla2025\/targiet-paivymiarat\/\" \/>\n<meta property=\"og:locale\" content=\"fi_FI\" \/>\n<meta property=\"og:type\" content=\"article\" \/>\n<meta property=\"og:title\" content=\"T\u00e4rgiet p\u00e4ivymi\u00e4r\u00e4t - AFinLAn syyssymposium 2025\" \/>\n<meta property=\"og:description\" content=\"Ezitelmy-, posteru- da ruadopajaehoituksien j\u00e4tt\u00f6: 8.9.2025 Hyv\u00e4ksynd\u00e4s ilmoittamine: 1.10.2025 Ilmoittavundusistiemu avatah: 2.10.2025 \u010d 16.00 mennes J\u00e4lgim\u00e4ine ilmoittavundu- da maksop\u00e4ivy: 20.10.2025 Simpouzium Jovensuus: 6.\u20138.11.2025 Simpouzium algavuu 6. kylmykuudu 12 aigua da loppehes suovattan 8. kylmykuudu 15 mennes.\" \/>\n<meta property=\"og:url\" content=\"https:\/\/sites.uef.fi\/afinla2025\/targiet-paivymiarat\/?lang=olo\" \/>\n<meta property=\"og:site_name\" content=\"AFinLAn syyssymposium 2025\" \/>\n<meta property=\"article:modified_time\" content=\"2025-10-07T06:48:13+00:00\" \/>\n<meta name=\"twitter:card\" content=\"summary_large_image\" \/>\n<meta name=\"twitter:label1\" content=\"Arvioitu lukuaika\" \/>\n\t<meta name=\"twitter:data1\" content=\"1 minuutti\" \/>\n<script type=\"application\/ld+json\" class=\"yoast-schema-graph\">{\"@context\":\"https:\\\/\\\/schema.org\",\"@graph\":[{\"@type\":\"WebPage\",\"@id\":\"https:\\\/\\\/sites.uef.fi\\\/afinla2025\\\/targiet-paivymiarat\\\/?lang=olo\",\"url\":\"https:\\\/\\\/sites.uef.fi\\\/afinla2025\\\/targiet-paivymiarat\\\/?lang=olo\",\"name\":\"T\u00e4rgiet p\u00e4ivymi\u00e4r\u00e4t - AFinLAn syyssymposium 2025\",\"isPartOf\":{\"@id\":\"https:\\\/\\\/sites.uef.fi\\\/afinla2025\\\/#website\"},\"datePublished\":\"2025-02-24T14:25:15+00:00\",\"dateModified\":\"2025-10-07T06:48:13+00:00\",\"breadcrumb\":{\"@id\":\"https:\\\/\\\/sites.uef.fi\\\/afinla2025\\\/targiet-paivymiarat\\\/?lang=olo#breadcrumb\"},\"inLanguage\":\"fi\",\"potentialAction\":[{\"@type\":\"ReadAction\",\"target\":[\"https:\\\/\\\/sites.uef.fi\\\/afinla2025\\\/targiet-paivymiarat\\\/?lang=olo\"]}]},{\"@type\":\"BreadcrumbList\",\"@id\":\"https:\\\/\\\/sites.uef.fi\\\/afinla2025\\\/targiet-paivymiarat\\\/?lang=olo#breadcrumb\",\"itemListElement\":[{\"@type\":\"ListItem\",\"position\":1,\"name\":\"Home\",\"item\":\"https:\\\/\\\/sites.uef.fi\\\/afinla2025\\\/\"},{\"@type\":\"ListItem\",\"position\":2,\"name\":\"T\u00e4rgiet p\u00e4ivymi\u00e4r\u00e4t\"}]},{\"@type\":\"WebSite\",\"@id\":\"https:\\\/\\\/sites.uef.fi\\\/afinla2025\\\/#website\",\"url\":\"https:\\\/\\\/sites.uef.fi\\\/afinla2025\\\/\",\"name\":\"AFinLAn syyssymposium 2025\",\"description\":\"\",\"potentialAction\":[{\"@type\":\"SearchAction\",\"target\":{\"@type\":\"EntryPoint\",\"urlTemplate\":\"https:\\\/\\\/sites.uef.fi\\\/afinla2025\\\/?s={search_term_string}\"},\"query-input\":{\"@type\":\"PropertyValueSpecification\",\"valueRequired\":true,\"valueName\":\"search_term_string\"}}],\"inLanguage\":\"fi\"}]}<\/script>\n<!-- \/ Yoast SEO plugin. -->","yoast_head_json":{"title":"T\u00e4rgiet p\u00e4ivymi\u00e4r\u00e4t - AFinLAn syyssymposium 2025","robots":{"index":"index","follow":"follow","max-snippet":"max-snippet:-1","max-image-preview":"max-image-preview:large","max-video-preview":"max-video-preview:-1"},"canonical":"https:\/\/sites.uef.fi\/afinla2025\/targiet-paivymiarat\/","og_locale":"fi_FI","og_type":"article","og_title":"T\u00e4rgiet p\u00e4ivymi\u00e4r\u00e4t - AFinLAn syyssymposium 2025","og_description":"Ezitelmy-, posteru- da ruadopajaehoituksien j\u00e4tt\u00f6: 8.9.2025 Hyv\u00e4ksynd\u00e4s ilmoittamine: 1.10.2025 Ilmoittavundusistiemu avatah: 2.10.2025 \u010d 16.00 mennes J\u00e4lgim\u00e4ine ilmoittavundu- da maksop\u00e4ivy: 20.10.2025 Simpouzium Jovensuus: 6.\u20138.11.2025 Simpouzium algavuu 6. kylmykuudu 12 aigua da loppehes suovattan 8. kylmykuudu 15 mennes.","og_url":"https:\/\/sites.uef.fi\/afinla2025\/targiet-paivymiarat\/?lang=olo","og_site_name":"AFinLAn syyssymposium 2025","article_modified_time":"2025-10-07T06:48:13+00:00","twitter_card":"summary_large_image","twitter_misc":{"Arvioitu lukuaika":"1 minuutti"},"schema":{"@context":"https:\/\/schema.org","@graph":[{"@type":"WebPage","@id":"https:\/\/sites.uef.fi\/afinla2025\/targiet-paivymiarat\/?lang=olo","url":"https:\/\/sites.uef.fi\/afinla2025\/targiet-paivymiarat\/?lang=olo","name":"T\u00e4rgiet p\u00e4ivymi\u00e4r\u00e4t - AFinLAn syyssymposium 2025","isPartOf":{"@id":"https:\/\/sites.uef.fi\/afinla2025\/#website"},"datePublished":"2025-02-24T14:25:15+00:00","dateModified":"2025-10-07T06:48:13+00:00","breadcrumb":{"@id":"https:\/\/sites.uef.fi\/afinla2025\/targiet-paivymiarat\/?lang=olo#breadcrumb"},"inLanguage":"fi","potentialAction":[{"@type":"ReadAction","target":["https:\/\/sites.uef.fi\/afinla2025\/targiet-paivymiarat\/?lang=olo"]}]},{"@type":"BreadcrumbList","@id":"https:\/\/sites.uef.fi\/afinla2025\/targiet-paivymiarat\/?lang=olo#breadcrumb","itemListElement":[{"@type":"ListItem","position":1,"name":"Home","item":"https:\/\/sites.uef.fi\/afinla2025\/"},{"@type":"ListItem","position":2,"name":"T\u00e4rgiet p\u00e4ivymi\u00e4r\u00e4t"}]},{"@type":"WebSite","@id":"https:\/\/sites.uef.fi\/afinla2025\/#website","url":"https:\/\/sites.uef.fi\/afinla2025\/","name":"AFinLAn syyssymposium 2025","description":"","potentialAction":[{"@type":"SearchAction","target":{"@type":"EntryPoint","urlTemplate":"https:\/\/sites.uef.fi\/afinla2025\/?s={search_term_string}"},"query-input":{"@type":"PropertyValueSpecification","valueRequired":true,"valueName":"search_term_string"}}],"inLanguage":"fi"}]}},"_links":{"self":[{"href":"https:\/\/sites.uef.fi\/afinla2025\/wp-json\/wp\/v2\/pages\/219","targetHints":{"allow":["GET"]}}],"collection":[{"href":"https:\/\/sites.uef.fi\/afinla2025\/wp-json\/wp\/v2\/pages"}],"about":[{"href":"https:\/\/sites.uef.fi\/afinla2025\/wp-json\/wp\/v2\/types\/page"}],"author":[{"embeddable":true,"href":"https:\/\/sites.uef.fi\/afinla2025\/wp-json\/wp\/v2\/users\/284"}],"replies":[{"embeddable":true,"href":"https:\/\/sites.uef.fi\/afinla2025\/wp-json\/wp\/v2\/comments?post=219"}],"version-history":[{"count":2,"href":"https:\/\/sites.uef.fi\/afinla2025\/wp-json\/wp\/v2\/pages\/219\/revisions"}],"predecessor-version":[{"id":530,"href":"https:\/\/sites.uef.fi\/afinla2025\/wp-json\/wp\/v2\/pages\/219\/revisions\/530"}],"wp:attachment":[{"href":"https:\/\/sites.uef.fi\/afinla2025\/wp-json\/wp\/v2\/media?parent=219"}],"curies":[{"name":"wp","href":"https:\/\/api.w.org\/{rel}","templated":true}]}}