{"id":223,"date":"2025-02-24T16:25:49","date_gmt":"2025-02-24T14:25:49","guid":{"rendered":"https:\/\/sites.uef.fi\/afinla2025\/?page_id=223"},"modified":"2025-10-08T08:30:27","modified_gmt":"2025-10-08T06:30:27","slug":"ezitelmykuccu","status":"publish","type":"page","link":"https:\/\/sites.uef.fi\/afinla2025\/ezitelmykuccu\/?lang=olo","title":{"rendered":"Ezitelmyku\u010d\u010du"},"content":{"rendered":"\n<p>Simpouziuman ruadomuodoloi ollah suullizet ezitelm\u00e4t, posterat sego tiemattizet ruadopajat. Kielenny voibi olla suomi, anglii libo ruo\u010d\u010di. Se\u017eo toiziigi kielii voibi k\u00e4ytti\u00e4, ga niil\u00f6is pid\u00e4y sobie j\u00e4rjest\u00e4jienke eduk\u00e4deh. Kannustammo k\u00e4ytt\u00e4m\u00e4h enne kaikkie varavonalazii kielii. Gu ollou ezitelm\u00e4s tarkoitus k\u00e4ytti\u00e4 mondu eri kieldy, maini\u010de abstraktas, mittumal kielel libo kielil ezitelmi\u00e4 voibi sebrata da kuunnella.<\/p>\n\n\n\n<p>J\u00e4lgim\u00e4ine p\u00e4ivy ty\u00f6ndi\u00e4 ezitelmy- da ruadopaja-abstraktat on 8.9.2025. J\u00e4rjest\u00e4j\u00e4t ilmoitetah hyv\u00e4ksynd\u00e4s 1.10.2025 sah. J\u00e4lgim\u00e4ine ilmoittavundu- da maksop\u00e4ivy on 20.10.2025.<\/p>\n\n\n\n<h2 class=\"wp-block-heading\">Suullizet ezitelm\u00e4t<\/h2>\n\n\n\n<p>Ezitelm\u00e4n piduhus on 20 minuuttua, da paginoih da kyzymyksih pid\u00e4y j\u00e4tti\u00e4 10 minuuttua aigua. Abstraktan piduhus on enind\u00e4h 300 sanua viittehet yhteh lugijen.<\/p>\n\n\n\n<h2 class=\"wp-block-heading\">Posterat<\/h2>\n\n\n\n<p>Posteran parembi olla A0-suuruine. Abstraktan piduhus on enind\u00e4h 300 sanua viittehet yhteh lugijen.<\/p>\n\n\n\n<h2 class=\"wp-block-heading\">Tiemattizet ruadopajat<\/h2>\n\n\n\n<p>Tiemattizet ruadopajat kestet\u00e4h 90 libo 180 minuuttua, da niil\u00f6is voibi pidi\u00e4 toine toizeh liittyjii ezitelmii. Ruadopajas voibi olla se\u017eo algu- da\/libo loppupagin. Ruadopajan pid\u00e4j\u00e4t i\u010de pi\u00e4tet\u00e4h ezitelmien suuruon da ruadotavan muvvot sego kirjutetah yleiskuvavuksen ruadopajah ni\u0161koi da ilmoitetah ozanottajien nimet da ezitelmien o\u010d\u010dikot ezitysj\u00e4rjestykses (kaikkiedah enind\u00e4h 500 sanua). Li\u017e\u00e4kse ruadopajan pid\u00e4i ty\u00f6nd\u00e4y ezitelmien abstraktat (enind\u00e4h 300 sanua yhtes viittehienke).<\/p>\n\n\n\n<h2 class=\"wp-block-heading\">Muudu huomavuo<\/h2>\n\n\n\n<p>Ezitelm\u00e4n pid\u00e4mine AFinLAn syvyssimpouziumas edellytt\u00e4y AFinLAn libo muun AILAn j\u00e4zenj\u00e4rjest\u00f6h kuuluvuttu. Yhtehizis ezitelmis t\u00e4m\u00e4 koskou v\u00e4himy\u00f6lleh yhty paginan pid\u00e4ji\u00e4. Ruadopajan kaikkien ved\u00e4jien pid\u00e4y kuuluo j\u00e4zenih. Li\u017e\u00e4tieduo j\u00e4zenekse liittymizes l\u00f6vv\u00e4t t\u00e4s: <a href=\"http:\/\/www.afinla.fi\/jaseneksi\">http:\/\/www.afinla.fi\/jaseneksi<\/a><\/p>\n\n\n\n<p>Mig\u00e4li sinunn ezitelmy kuuluu kuduahgi AFinLAn tiemuverkoston alah, kyzymm\u00f6 ilmoittamah sih ni\u0161koi abstraktas. T\u00e4d\u00e4 tieduo kyzymm\u00f6 ohjelman luadimistu ni\u0161koi eigo se vaikuta abstraktat arvivoh. Li\u017e\u00e4tieduo tiemuverkostolois: <a href=\"https:\/\/afinla.fi\/teemaverkostot\/\">https:\/\/afinla.fi\/teemaverkostot\/<\/a><\/p>\n","protected":false},"excerpt":{"rendered":"<p>Simpouziuman ruadomuodoloi ollah suullizet ezitelm\u00e4t, posterat sego tiemattizet ruadopajat. Kielenny voibi olla suomi, anglii libo ruo\u010d\u010di. Se\u017eo toiziigi kielii voibi k\u00e4ytti\u00e4, ga niil\u00f6is pid\u00e4y sobie j\u00e4rjest\u00e4jienke eduk\u00e4deh. Kannustammo k\u00e4ytt\u00e4m\u00e4h enne kaikkie varavonalazii kielii. Gu ollou ezitelm\u00e4s tarkoitus k\u00e4ytti\u00e4 mondu eri kieldy, maini\u010de abstraktas, mittumal kielel libo kielil ezitelmi\u00e4 voibi sebrata da kuunnella. J\u00e4lgim\u00e4ine p\u00e4ivy ty\u00f6ndi\u00e4 [&hellip;]<\/p>\n","protected":false},"author":284,"featured_media":0,"parent":0,"menu_order":0,"comment_status":"closed","ping_status":"closed","template":"","meta":{"_acf_changed":false,"footnotes":""},"class_list":["post-223","page","type-page","status-publish","hentry"],"acf":[],"yoast_head":"<!-- This site is optimized with the Yoast SEO plugin v27.3 - https:\/\/yoast.com\/product\/yoast-seo-wordpress\/ -->\n<title>Ezitelmyku\u010d\u010du - AFinLAn syyssymposium 2025<\/title>\n<meta name=\"robots\" content=\"index, follow, max-snippet:-1, max-image-preview:large, max-video-preview:-1\" \/>\n<link rel=\"canonical\" href=\"https:\/\/sites.uef.fi\/afinla2025\/ezitelmykuccu\/\" \/>\n<meta property=\"og:locale\" content=\"fi_FI\" \/>\n<meta property=\"og:type\" content=\"article\" \/>\n<meta property=\"og:title\" content=\"Ezitelmyku\u010d\u010du - AFinLAn syyssymposium 2025\" \/>\n<meta property=\"og:description\" content=\"Simpouziuman ruadomuodoloi ollah suullizet ezitelm\u00e4t, posterat sego tiemattizet ruadopajat. Kielenny voibi olla suomi, anglii libo ruo\u010d\u010di. Se\u017eo toiziigi kielii voibi k\u00e4ytti\u00e4, ga niil\u00f6is pid\u00e4y sobie j\u00e4rjest\u00e4jienke eduk\u00e4deh. Kannustammo k\u00e4ytt\u00e4m\u00e4h enne kaikkie varavonalazii kielii. Gu ollou ezitelm\u00e4s tarkoitus k\u00e4ytti\u00e4 mondu eri kieldy, maini\u010de abstraktas, mittumal kielel libo kielil ezitelmi\u00e4 voibi sebrata da kuunnella. J\u00e4lgim\u00e4ine p\u00e4ivy ty\u00f6ndi\u00e4 [&hellip;]\" \/>\n<meta property=\"og:url\" content=\"https:\/\/sites.uef.fi\/afinla2025\/ezitelmykuccu\/?lang=olo\" \/>\n<meta property=\"og:site_name\" content=\"AFinLAn syyssymposium 2025\" \/>\n<meta property=\"article:modified_time\" content=\"2025-10-08T06:30:27+00:00\" \/>\n<meta name=\"twitter:card\" content=\"summary_large_image\" \/>\n<meta name=\"twitter:label1\" content=\"Arvioitu lukuaika\" \/>\n\t<meta name=\"twitter:data1\" content=\"2 minuuttia\" \/>\n<script type=\"application\/ld+json\" class=\"yoast-schema-graph\">{\"@context\":\"https:\\\/\\\/schema.org\",\"@graph\":[{\"@type\":\"WebPage\",\"@id\":\"https:\\\/\\\/sites.uef.fi\\\/afinla2025\\\/ezitelmykuccu\\\/?lang=olo\",\"url\":\"https:\\\/\\\/sites.uef.fi\\\/afinla2025\\\/ezitelmykuccu\\\/?lang=olo\",\"name\":\"Ezitelmyku\u010d\u010du - AFinLAn syyssymposium 2025\",\"isPartOf\":{\"@id\":\"https:\\\/\\\/sites.uef.fi\\\/afinla2025\\\/#website\"},\"datePublished\":\"2025-02-24T14:25:49+00:00\",\"dateModified\":\"2025-10-08T06:30:27+00:00\",\"breadcrumb\":{\"@id\":\"https:\\\/\\\/sites.uef.fi\\\/afinla2025\\\/ezitelmykuccu\\\/?lang=olo#breadcrumb\"},\"inLanguage\":\"fi\",\"potentialAction\":[{\"@type\":\"ReadAction\",\"target\":[\"https:\\\/\\\/sites.uef.fi\\\/afinla2025\\\/ezitelmykuccu\\\/?lang=olo\"]}]},{\"@type\":\"BreadcrumbList\",\"@id\":\"https:\\\/\\\/sites.uef.fi\\\/afinla2025\\\/ezitelmykuccu\\\/?lang=olo#breadcrumb\",\"itemListElement\":[{\"@type\":\"ListItem\",\"position\":1,\"name\":\"Home\",\"item\":\"https:\\\/\\\/sites.uef.fi\\\/afinla2025\\\/\"},{\"@type\":\"ListItem\",\"position\":2,\"name\":\"Ezitelmyku\u010d\u010du\"}]},{\"@type\":\"WebSite\",\"@id\":\"https:\\\/\\\/sites.uef.fi\\\/afinla2025\\\/#website\",\"url\":\"https:\\\/\\\/sites.uef.fi\\\/afinla2025\\\/\",\"name\":\"AFinLAn syyssymposium 2025\",\"description\":\"\",\"potentialAction\":[{\"@type\":\"SearchAction\",\"target\":{\"@type\":\"EntryPoint\",\"urlTemplate\":\"https:\\\/\\\/sites.uef.fi\\\/afinla2025\\\/?s={search_term_string}\"},\"query-input\":{\"@type\":\"PropertyValueSpecification\",\"valueRequired\":true,\"valueName\":\"search_term_string\"}}],\"inLanguage\":\"fi\"}]}<\/script>\n<!-- \/ Yoast SEO plugin. -->","yoast_head_json":{"title":"Ezitelmyku\u010d\u010du - AFinLAn syyssymposium 2025","robots":{"index":"index","follow":"follow","max-snippet":"max-snippet:-1","max-image-preview":"max-image-preview:large","max-video-preview":"max-video-preview:-1"},"canonical":"https:\/\/sites.uef.fi\/afinla2025\/ezitelmykuccu\/","og_locale":"fi_FI","og_type":"article","og_title":"Ezitelmyku\u010d\u010du - AFinLAn syyssymposium 2025","og_description":"Simpouziuman ruadomuodoloi ollah suullizet ezitelm\u00e4t, posterat sego tiemattizet ruadopajat. Kielenny voibi olla suomi, anglii libo ruo\u010d\u010di. Se\u017eo toiziigi kielii voibi k\u00e4ytti\u00e4, ga niil\u00f6is pid\u00e4y sobie j\u00e4rjest\u00e4jienke eduk\u00e4deh. Kannustammo k\u00e4ytt\u00e4m\u00e4h enne kaikkie varavonalazii kielii. Gu ollou ezitelm\u00e4s tarkoitus k\u00e4ytti\u00e4 mondu eri kieldy, maini\u010de abstraktas, mittumal kielel libo kielil ezitelmi\u00e4 voibi sebrata da kuunnella. J\u00e4lgim\u00e4ine p\u00e4ivy ty\u00f6ndi\u00e4 [&hellip;]","og_url":"https:\/\/sites.uef.fi\/afinla2025\/ezitelmykuccu\/?lang=olo","og_site_name":"AFinLAn syyssymposium 2025","article_modified_time":"2025-10-08T06:30:27+00:00","twitter_card":"summary_large_image","twitter_misc":{"Arvioitu lukuaika":"2 minuuttia"},"schema":{"@context":"https:\/\/schema.org","@graph":[{"@type":"WebPage","@id":"https:\/\/sites.uef.fi\/afinla2025\/ezitelmykuccu\/?lang=olo","url":"https:\/\/sites.uef.fi\/afinla2025\/ezitelmykuccu\/?lang=olo","name":"Ezitelmyku\u010d\u010du - AFinLAn syyssymposium 2025","isPartOf":{"@id":"https:\/\/sites.uef.fi\/afinla2025\/#website"},"datePublished":"2025-02-24T14:25:49+00:00","dateModified":"2025-10-08T06:30:27+00:00","breadcrumb":{"@id":"https:\/\/sites.uef.fi\/afinla2025\/ezitelmykuccu\/?lang=olo#breadcrumb"},"inLanguage":"fi","potentialAction":[{"@type":"ReadAction","target":["https:\/\/sites.uef.fi\/afinla2025\/ezitelmykuccu\/?lang=olo"]}]},{"@type":"BreadcrumbList","@id":"https:\/\/sites.uef.fi\/afinla2025\/ezitelmykuccu\/?lang=olo#breadcrumb","itemListElement":[{"@type":"ListItem","position":1,"name":"Home","item":"https:\/\/sites.uef.fi\/afinla2025\/"},{"@type":"ListItem","position":2,"name":"Ezitelmyku\u010d\u010du"}]},{"@type":"WebSite","@id":"https:\/\/sites.uef.fi\/afinla2025\/#website","url":"https:\/\/sites.uef.fi\/afinla2025\/","name":"AFinLAn syyssymposium 2025","description":"","potentialAction":[{"@type":"SearchAction","target":{"@type":"EntryPoint","urlTemplate":"https:\/\/sites.uef.fi\/afinla2025\/?s={search_term_string}"},"query-input":{"@type":"PropertyValueSpecification","valueRequired":true,"valueName":"search_term_string"}}],"inLanguage":"fi"}]}},"_links":{"self":[{"href":"https:\/\/sites.uef.fi\/afinla2025\/wp-json\/wp\/v2\/pages\/223","targetHints":{"allow":["GET"]}}],"collection":[{"href":"https:\/\/sites.uef.fi\/afinla2025\/wp-json\/wp\/v2\/pages"}],"about":[{"href":"https:\/\/sites.uef.fi\/afinla2025\/wp-json\/wp\/v2\/types\/page"}],"author":[{"embeddable":true,"href":"https:\/\/sites.uef.fi\/afinla2025\/wp-json\/wp\/v2\/users\/284"}],"replies":[{"embeddable":true,"href":"https:\/\/sites.uef.fi\/afinla2025\/wp-json\/wp\/v2\/comments?post=223"}],"version-history":[{"count":2,"href":"https:\/\/sites.uef.fi\/afinla2025\/wp-json\/wp\/v2\/pages\/223\/revisions"}],"predecessor-version":[{"id":582,"href":"https:\/\/sites.uef.fi\/afinla2025\/wp-json\/wp\/v2\/pages\/223\/revisions\/582"}],"wp:attachment":[{"href":"https:\/\/sites.uef.fi\/afinla2025\/wp-json\/wp\/v2\/media?parent=223"}],"curies":[{"name":"wp","href":"https:\/\/api.w.org\/{rel}","templated":true}]}}