{"id":378,"date":"2025-02-24T16:24:46","date_gmt":"2025-02-24T14:24:46","guid":{"rendered":"https:\/\/sites.uef.fi\/afinla2025\/organisationskommitten\/"},"modified":"2025-06-17T12:15:48","modified_gmt":"2025-06-17T10:15:48","slug":"organisationskommitten","status":"publish","type":"page","link":"https:\/\/sites.uef.fi\/afinla2025\/organisationskommitten\/?lang=sv","title":{"rendered":"Organisationskommitt\u00e9n"},"content":{"rendered":"\n<p>Organisationskommitt\u00e9n: Maria Kok, Heli Paulasto, Esa Penttil\u00e4, Jaana Kolu, Lea Meril\u00e4inen, Milla Uusitupa, Ilja Moshnikov, Niko Tynnyrinen och Iiris Salminen<\/p>\n\n\n\n<p>Om du har fr\u00e5gor om konferensen \u00e4r du v\u00e4lkommen att kontakta oss: <a href=\"mailto:afinla2025@tuni.fi\">afinla2025@uef.fi<\/a><\/p>\n","protected":false},"excerpt":{"rendered":"<p>Organisationskommitt\u00e9n: Maria Kok, Heli Paulasto, Esa Penttil\u00e4, Jaana Kolu, Lea Meril\u00e4inen, Milla Uusitupa, Ilja Moshnikov, Niko Tynnyrinen och Iiris Salminen Om du har fr\u00e5gor om konferensen \u00e4r du v\u00e4lkommen att kontakta oss: afinla2025@uef.fi<\/p>\n","protected":false},"author":284,"featured_media":0,"parent":0,"menu_order":0,"comment_status":"closed","ping_status":"closed","template":"","meta":{"_acf_changed":false,"footnotes":""},"class_list":["post-378","page","type-page","status-publish","hentry"],"acf":[],"yoast_head":"<!-- This site is optimized with the Yoast SEO plugin v27.3 - https:\/\/yoast.com\/product\/yoast-seo-wordpress\/ -->\n<title>Organisationskommitt\u00e9n - AFinLAn syyssymposium 2025<\/title>\n<meta name=\"robots\" content=\"index, follow, max-snippet:-1, max-image-preview:large, max-video-preview:-1\" \/>\n<link rel=\"canonical\" href=\"https:\/\/sites.uef.fi\/afinla2025\/organisationskommitten\/\" \/>\n<meta property=\"og:locale\" content=\"fi_FI\" \/>\n<meta property=\"og:type\" content=\"article\" \/>\n<meta property=\"og:title\" content=\"Organisationskommitt\u00e9n - AFinLAn syyssymposium 2025\" \/>\n<meta property=\"og:description\" content=\"Organisationskommitt\u00e9n: Maria Kok, Heli Paulasto, Esa Penttil\u00e4, Jaana Kolu, Lea Meril\u00e4inen, Milla Uusitupa, Ilja Moshnikov, Niko Tynnyrinen och Iiris Salminen Om du har fr\u00e5gor om konferensen \u00e4r du v\u00e4lkommen att kontakta oss: afinla2025@uef.fi\" \/>\n<meta property=\"og:url\" content=\"https:\/\/sites.uef.fi\/afinla2025\/organisationskommitten\/?lang=sv\" \/>\n<meta property=\"og:site_name\" content=\"AFinLAn syyssymposium 2025\" \/>\n<meta property=\"article:modified_time\" content=\"2025-06-17T10:15:48+00:00\" \/>\n<meta name=\"twitter:card\" content=\"summary_large_image\" \/>\n<meta name=\"twitter:label1\" content=\"Arvioitu lukuaika\" \/>\n\t<meta name=\"twitter:data1\" content=\"1 minuutti\" \/>\n<script type=\"application\/ld+json\" class=\"yoast-schema-graph\">{\"@context\":\"https:\\\/\\\/schema.org\",\"@graph\":[{\"@type\":\"WebPage\",\"@id\":\"https:\\\/\\\/sites.uef.fi\\\/afinla2025\\\/organisationskommitten\\\/?lang=sv\",\"url\":\"https:\\\/\\\/sites.uef.fi\\\/afinla2025\\\/organisationskommitten\\\/?lang=sv\",\"name\":\"Organisationskommitt\u00e9n - AFinLAn syyssymposium 2025\",\"isPartOf\":{\"@id\":\"https:\\\/\\\/sites.uef.fi\\\/afinla2025\\\/#website\"},\"datePublished\":\"2025-02-24T14:24:46+00:00\",\"dateModified\":\"2025-06-17T10:15:48+00:00\",\"breadcrumb\":{\"@id\":\"https:\\\/\\\/sites.uef.fi\\\/afinla2025\\\/organisationskommitten\\\/?lang=sv#breadcrumb\"},\"inLanguage\":\"fi\",\"potentialAction\":[{\"@type\":\"ReadAction\",\"target\":[\"https:\\\/\\\/sites.uef.fi\\\/afinla2025\\\/organisationskommitten\\\/?lang=sv\"]}]},{\"@type\":\"BreadcrumbList\",\"@id\":\"https:\\\/\\\/sites.uef.fi\\\/afinla2025\\\/organisationskommitten\\\/?lang=sv#breadcrumb\",\"itemListElement\":[{\"@type\":\"ListItem\",\"position\":1,\"name\":\"Home\",\"item\":\"https:\\\/\\\/sites.uef.fi\\\/afinla2025\\\/\"},{\"@type\":\"ListItem\",\"position\":2,\"name\":\"Organisationskommitt\u00e9n\"}]},{\"@type\":\"WebSite\",\"@id\":\"https:\\\/\\\/sites.uef.fi\\\/afinla2025\\\/#website\",\"url\":\"https:\\\/\\\/sites.uef.fi\\\/afinla2025\\\/\",\"name\":\"AFinLAn syyssymposium 2025\",\"description\":\"\",\"potentialAction\":[{\"@type\":\"SearchAction\",\"target\":{\"@type\":\"EntryPoint\",\"urlTemplate\":\"https:\\\/\\\/sites.uef.fi\\\/afinla2025\\\/?s={search_term_string}\"},\"query-input\":{\"@type\":\"PropertyValueSpecification\",\"valueRequired\":true,\"valueName\":\"search_term_string\"}}],\"inLanguage\":\"fi\"}]}<\/script>\n<!-- \/ Yoast SEO plugin. -->","yoast_head_json":{"title":"Organisationskommitt\u00e9n - AFinLAn syyssymposium 2025","robots":{"index":"index","follow":"follow","max-snippet":"max-snippet:-1","max-image-preview":"max-image-preview:large","max-video-preview":"max-video-preview:-1"},"canonical":"https:\/\/sites.uef.fi\/afinla2025\/organisationskommitten\/","og_locale":"fi_FI","og_type":"article","og_title":"Organisationskommitt\u00e9n - AFinLAn syyssymposium 2025","og_description":"Organisationskommitt\u00e9n: Maria Kok, Heli Paulasto, Esa Penttil\u00e4, Jaana Kolu, Lea Meril\u00e4inen, Milla Uusitupa, Ilja Moshnikov, Niko Tynnyrinen och Iiris Salminen Om du har fr\u00e5gor om konferensen \u00e4r du v\u00e4lkommen att kontakta oss: afinla2025@uef.fi","og_url":"https:\/\/sites.uef.fi\/afinla2025\/organisationskommitten\/?lang=sv","og_site_name":"AFinLAn syyssymposium 2025","article_modified_time":"2025-06-17T10:15:48+00:00","twitter_card":"summary_large_image","twitter_misc":{"Arvioitu lukuaika":"1 minuutti"},"schema":{"@context":"https:\/\/schema.org","@graph":[{"@type":"WebPage","@id":"https:\/\/sites.uef.fi\/afinla2025\/organisationskommitten\/?lang=sv","url":"https:\/\/sites.uef.fi\/afinla2025\/organisationskommitten\/?lang=sv","name":"Organisationskommitt\u00e9n - AFinLAn syyssymposium 2025","isPartOf":{"@id":"https:\/\/sites.uef.fi\/afinla2025\/#website"},"datePublished":"2025-02-24T14:24:46+00:00","dateModified":"2025-06-17T10:15:48+00:00","breadcrumb":{"@id":"https:\/\/sites.uef.fi\/afinla2025\/organisationskommitten\/?lang=sv#breadcrumb"},"inLanguage":"fi","potentialAction":[{"@type":"ReadAction","target":["https:\/\/sites.uef.fi\/afinla2025\/organisationskommitten\/?lang=sv"]}]},{"@type":"BreadcrumbList","@id":"https:\/\/sites.uef.fi\/afinla2025\/organisationskommitten\/?lang=sv#breadcrumb","itemListElement":[{"@type":"ListItem","position":1,"name":"Home","item":"https:\/\/sites.uef.fi\/afinla2025\/"},{"@type":"ListItem","position":2,"name":"Organisationskommitt\u00e9n"}]},{"@type":"WebSite","@id":"https:\/\/sites.uef.fi\/afinla2025\/#website","url":"https:\/\/sites.uef.fi\/afinla2025\/","name":"AFinLAn syyssymposium 2025","description":"","potentialAction":[{"@type":"SearchAction","target":{"@type":"EntryPoint","urlTemplate":"https:\/\/sites.uef.fi\/afinla2025\/?s={search_term_string}"},"query-input":{"@type":"PropertyValueSpecification","valueRequired":true,"valueName":"search_term_string"}}],"inLanguage":"fi"}]}},"_links":{"self":[{"href":"https:\/\/sites.uef.fi\/afinla2025\/wp-json\/wp\/v2\/pages\/378","targetHints":{"allow":["GET"]}}],"collection":[{"href":"https:\/\/sites.uef.fi\/afinla2025\/wp-json\/wp\/v2\/pages"}],"about":[{"href":"https:\/\/sites.uef.fi\/afinla2025\/wp-json\/wp\/v2\/types\/page"}],"author":[{"embeddable":true,"href":"https:\/\/sites.uef.fi\/afinla2025\/wp-json\/wp\/v2\/users\/284"}],"replies":[{"embeddable":true,"href":"https:\/\/sites.uef.fi\/afinla2025\/wp-json\/wp\/v2\/comments?post=378"}],"version-history":[{"count":2,"href":"https:\/\/sites.uef.fi\/afinla2025\/wp-json\/wp\/v2\/pages\/378\/revisions"}],"predecessor-version":[{"id":385,"href":"https:\/\/sites.uef.fi\/afinla2025\/wp-json\/wp\/v2\/pages\/378\/revisions\/385"}],"wp:attachment":[{"href":"https:\/\/sites.uef.fi\/afinla2025\/wp-json\/wp\/v2\/media?parent=378"}],"curies":[{"name":"wp","href":"https:\/\/api.w.org\/{rel}","templated":true}]}}