{"id":386,"date":"2025-02-24T16:21:31","date_gmt":"2025-02-24T14:21:31","guid":{"rendered":"https:\/\/sites.uef.fi\/afinla2025\/valkommen-till-joensuu\/"},"modified":"2025-11-05T10:19:33","modified_gmt":"2025-11-05T08:19:33","slug":"valkommen-till-joensuu","status":"publish","type":"page","link":"https:\/\/sites.uef.fi\/afinla2025\/valkommen-till-joensuu\/?lang=sv","title":{"rendered":"V\u00e4lkommen till Joensuu"},"content":{"rendered":"\n<h2 class=\"wp-block-heading\">AFinLA h\u00f6stsymposiet 2025 \u2013 Variationens kraft<\/h2>\n\n\n\n<p>V\u00e4lkommen till Finl\u00e4ndska f\u00f6reningen f\u00f6r till\u00e4mpad spr\u00e5kvetenskap AFinLA:s \u00e5rliga h\u00f6stsymposium i Joensuu den 6\u20138 november 2025. Temat f\u00f6r symposiet \u00e4r <strong>Variationens kraft<\/strong>. Syftet med konferensen \u00e4r att lyfta fram den spr\u00e5kliga m\u00e5ngfalden och variationen, och i synnerhet variationens f\u00f6rdelar och nytta i spr\u00e5kundervisningen, i arbetslivet och i samh\u00e4llet i stort. Vi kommer ocks\u00e5 att fokusera p\u00e5 minoritetsspr\u00e5k, deras roll, synlighet och vitalitet samt variationens betydelse f\u00f6r \u00f6vers\u00e4ttningsstudier och \u00f6vers\u00e4ttarutbildning.<br>Vi \u00f6nskar presentationer och f\u00f6rslag till workshoppar, s\u00e4rskilt inom f\u00f6ljande teman:    <\/p>\n\n\n\n<ul class=\"wp-block-list\">\n<li>Spr\u00e5klig variation i spr\u00e5kundervisning och spr\u00e5kutbildning<\/li>\n\n\n\n<li>Flerspr\u00e5kighet och spr\u00e5klig variation i arbetslivet<\/li>\n\n\n\n<li>Flerspr\u00e5kighet, variation och v\u00e4lbefinnande<\/li>\n\n\n\n<li>Spr\u00e5klig variation, minoritetsspr\u00e5k och spr\u00e5klig revitalisering<\/li>\n\n\n\n<li>Variation och receptiv flerspr\u00e5kighet<\/li>\n\n\n\n<li>Variation, \u00f6vers\u00e4ttning och \u00f6vers\u00e4ttarutbildning<\/li>\n<\/ul>\n\n\n\n<p>Vi v\u00e4lkomnar ocks\u00e5 alla andra presentationer inom omr\u00e5det till\u00e4mpad lingvistik.<\/p>\n\n\n\n<h3 class=\"wp-block-heading\">Hitta till konferensen!<\/h3>\n\n\n\n<p>Symposiet h\u00e5lls p\u00e5 \u00d6stra Finlands universitets campus i Joensuu i Metria-byggnaden, som ligger mitt i campusomr\u00e5det, 10 minuters promenad fr\u00e5n Joensuu centrum och alldeles intill bussh\u00e5llplatserna. Information om campus och hur man tar sig dit (tidtabeller f\u00f6r kollektivtrafik, parkeringsavgifter etc.) finns p\u00e5 <a href=\"https:\/\/www.uef.fi\/fi\/joensuun-kampus\">https:\/\/www.uef.fi\/fi\/joensuun-kampus<\/a>.<\/p>\n\n\n\n<h3 class=\"wp-block-heading\">Hotell<\/h3>\n\n\n\n<p>Information om hotell och specialerbjudanden finns i bifogad fil nedan (p\u00e5 finska och engelska):<\/p>\n\n\n\n<p><a href=\"https:\/\/sites.uef.fi\/afinla2025\/wp-content\/uploads\/sites\/547\/2025\/10\/AFinLA-2025-hotellit.pdf\">AFinLA 2025 hotellit.pdf<\/a><\/p>\n\n\n\n<h3 class=\"wp-block-heading\">Program<\/h3>\n\n\n\n<p>Symposiets program finns <a href=\"https:\/\/sites.uef.fi\/afinla2025\/program\/?lang=sv\">h\u00e4r<\/a>.<\/p>\n\n\n\n<p>Symposiet h\u00e5lls fr\u00e5n torsdag 6 november kl. 12:00 till l\u00f6rdag 8 november kl. 15:00.<\/p>\n\n\n\n<h3 class=\"wp-block-heading\">Abstractboken<\/h3>\n\n\n\n<p>Abstractboken publiceras senare p\u00e5 konferensens hemsida.<\/p>\n\n\n\n<h3 class=\"wp-block-heading\">F\u00f6redrag<\/h3>\n\n\n\n<h4 class=\"wp-block-heading\">Muntliga presentationer<\/h4>\n\n\n\n<p>Universitetssalarna \u00e4r utrustade med standardutrustning, dvs. med datorer och dataprojekt. Datorerna i presentationsrummen \u00e4r utrustade med Office 365, s\u00e5 anv\u00e4nd helst en Powerpoint-presentation. Om din presentation inneh\u00e5ller video- eller ljudfiler rekommenderar vi att du b\u00e4ddar in dem i din Powerpoint-presentation.  <\/p>\n\n\n\n<p>Vi ber presentat\u00f6rerna att ladda upp sina presentationer p\u00e5 datorn under pausen f\u00f6re sektionen. P\u00e5 s\u00e5 s\u00e4tt f\u00e5r vi smidiga \u00f6verg\u00e5ngar mellan presentationerna och undviker on\u00f6diga tekniska problem. <\/p>\n\n\n\n<h4 class=\"wp-block-heading\">Tematiska workshopper<\/h4>\n\n\n\n<p>Tematiska workshoppar organiseras av workshopens sammankallande. Samma utrustning kommer att finnas tillg\u00e4nglig som f\u00f6r de sektionsf\u00f6redrag. <\/p>\n\n\n\n<h4 class=\"wp-block-heading\">Posterutst\u00e4llning<\/h4>\n\n\n\n<p>Postersektionen kommer att h\u00e5llas i Metria-lobbyn. Den rekommenderade storleken f\u00f6r posters \u00e4r A0 i uppr\u00e4tt format. Posterpresentat\u00f6rerna f\u00f6rv\u00e4ntas st\u00e5 bredvid sina posters under postersektionen och vara beredda att presentera sitt arbete f\u00f6r de \u00f6vriga deltagarna.<\/p>\n\n\n\n<h3 class=\"wp-block-heading\">Tr\u00e5dl\u00f6st n\u00e4tverk<\/h3>\n\n\n\n<p>Externa anv\u00e4ndare loggar in p\u00e5 Eduroam-n\u00e4tverket enligt instruktionerna fr\u00e5n sin egen organisation.<\/p>\n\n\n\n<p>Vid eventuella problem, v\u00e4nligen kontakta symposiumets informationsdisk.<\/p>\n\n\n\n<h3 class=\"wp-block-heading\">Kaffe och m\u00e5ltider<\/h3>\n\n\n\n<p>I deltagaravgiften f\u00f6r symposiet ing\u00e5r kaffe\/te under b\u00e5da konferensdagarna. V\u00e4nligen ange eventuella \u00f6nskem\u00e5l om specialkost p\u00e5 anm\u00e4lningsblanketten. <\/p>\n\n\n\n<h3 class=\"wp-block-heading\">Deltagarintyg<\/h3>\n\n\n\n<p>Om du beh\u00f6ver ett skriftligt deltagarintyg fr\u00e5n symposiets arrang\u00f6rer, v\u00e4nligen kontakta organisationskommitt\u00e9n i f\u00f6rv\u00e4g: afinla2025@uef.fi<\/p>\n","protected":false},"excerpt":{"rendered":"<p>AFinLA h\u00f6stsymposiet 2025 \u2013 Variationens kraft V\u00e4lkommen till Finl\u00e4ndska f\u00f6reningen f\u00f6r till\u00e4mpad spr\u00e5kvetenskap AFinLA:s \u00e5rliga h\u00f6stsymposium i Joensuu den 6\u20138 november 2025. Temat f\u00f6r symposiet \u00e4r Variationens kraft. Syftet med konferensen \u00e4r att lyfta fram den spr\u00e5kliga m\u00e5ngfalden och variationen, och i synnerhet variationens f\u00f6rdelar och nytta i spr\u00e5kundervisningen, i arbetslivet och i samh\u00e4llet i [&hellip;]<\/p>\n","protected":false},"author":284,"featured_media":0,"parent":0,"menu_order":0,"comment_status":"closed","ping_status":"closed","template":"","meta":{"_acf_changed":false,"footnotes":""},"class_list":["post-386","page","type-page","status-publish","hentry"],"acf":[],"yoast_head":"<!-- This site is optimized with the Yoast SEO plugin v27.3 - https:\/\/yoast.com\/product\/yoast-seo-wordpress\/ -->\n<title>V\u00e4lkommen till Joensuu - AFinLAn syyssymposium 2025<\/title>\n<meta name=\"robots\" content=\"index, follow, max-snippet:-1, max-image-preview:large, max-video-preview:-1\" \/>\n<link rel=\"canonical\" href=\"https:\/\/sites.uef.fi\/afinla2025\/valkommen-till-joensuu\/\" \/>\n<meta property=\"og:locale\" content=\"fi_FI\" \/>\n<meta property=\"og:type\" content=\"article\" \/>\n<meta property=\"og:title\" content=\"V\u00e4lkommen till Joensuu - AFinLAn syyssymposium 2025\" \/>\n<meta property=\"og:description\" content=\"AFinLA h\u00f6stsymposiet 2025 \u2013 Variationens kraft V\u00e4lkommen till Finl\u00e4ndska f\u00f6reningen f\u00f6r till\u00e4mpad spr\u00e5kvetenskap AFinLA:s \u00e5rliga h\u00f6stsymposium i Joensuu den 6\u20138 november 2025. Temat f\u00f6r symposiet \u00e4r Variationens kraft. Syftet med konferensen \u00e4r att lyfta fram den spr\u00e5kliga m\u00e5ngfalden och variationen, och i synnerhet variationens f\u00f6rdelar och nytta i spr\u00e5kundervisningen, i arbetslivet och i samh\u00e4llet i [&hellip;]\" \/>\n<meta property=\"og:url\" content=\"https:\/\/sites.uef.fi\/afinla2025\/valkommen-till-joensuu\/?lang=sv\" \/>\n<meta property=\"og:site_name\" content=\"AFinLAn syyssymposium 2025\" \/>\n<meta property=\"article:modified_time\" content=\"2025-11-05T08:19:33+00:00\" \/>\n<meta name=\"twitter:card\" content=\"summary_large_image\" \/>\n<meta name=\"twitter:label1\" content=\"Arvioitu lukuaika\" \/>\n\t<meta name=\"twitter:data1\" content=\"3 minuuttia\" \/>\n<script type=\"application\/ld+json\" class=\"yoast-schema-graph\">{\"@context\":\"https:\\\/\\\/schema.org\",\"@graph\":[{\"@type\":\"WebPage\",\"@id\":\"https:\\\/\\\/sites.uef.fi\\\/afinla2025\\\/valkommen-till-joensuu\\\/?lang=sv\",\"url\":\"https:\\\/\\\/sites.uef.fi\\\/afinla2025\\\/valkommen-till-joensuu\\\/?lang=sv\",\"name\":\"V\u00e4lkommen till Joensuu - AFinLAn syyssymposium 2025\",\"isPartOf\":{\"@id\":\"https:\\\/\\\/sites.uef.fi\\\/afinla2025\\\/#website\"},\"datePublished\":\"2025-02-24T14:21:31+00:00\",\"dateModified\":\"2025-11-05T08:19:33+00:00\",\"breadcrumb\":{\"@id\":\"https:\\\/\\\/sites.uef.fi\\\/afinla2025\\\/valkommen-till-joensuu\\\/?lang=sv#breadcrumb\"},\"inLanguage\":\"fi\",\"potentialAction\":[{\"@type\":\"ReadAction\",\"target\":[\"https:\\\/\\\/sites.uef.fi\\\/afinla2025\\\/valkommen-till-joensuu\\\/?lang=sv\"]}]},{\"@type\":\"BreadcrumbList\",\"@id\":\"https:\\\/\\\/sites.uef.fi\\\/afinla2025\\\/valkommen-till-joensuu\\\/?lang=sv#breadcrumb\",\"itemListElement\":[{\"@type\":\"ListItem\",\"position\":1,\"name\":\"Home\",\"item\":\"https:\\\/\\\/sites.uef.fi\\\/afinla2025\\\/\"},{\"@type\":\"ListItem\",\"position\":2,\"name\":\"V\u00e4lkommen till Joensuu\"}]},{\"@type\":\"WebSite\",\"@id\":\"https:\\\/\\\/sites.uef.fi\\\/afinla2025\\\/#website\",\"url\":\"https:\\\/\\\/sites.uef.fi\\\/afinla2025\\\/\",\"name\":\"AFinLAn syyssymposium 2025\",\"description\":\"\",\"potentialAction\":[{\"@type\":\"SearchAction\",\"target\":{\"@type\":\"EntryPoint\",\"urlTemplate\":\"https:\\\/\\\/sites.uef.fi\\\/afinla2025\\\/?s={search_term_string}\"},\"query-input\":{\"@type\":\"PropertyValueSpecification\",\"valueRequired\":true,\"valueName\":\"search_term_string\"}}],\"inLanguage\":\"fi\"}]}<\/script>\n<!-- \/ Yoast SEO plugin. -->","yoast_head_json":{"title":"V\u00e4lkommen till Joensuu - AFinLAn syyssymposium 2025","robots":{"index":"index","follow":"follow","max-snippet":"max-snippet:-1","max-image-preview":"max-image-preview:large","max-video-preview":"max-video-preview:-1"},"canonical":"https:\/\/sites.uef.fi\/afinla2025\/valkommen-till-joensuu\/","og_locale":"fi_FI","og_type":"article","og_title":"V\u00e4lkommen till Joensuu - AFinLAn syyssymposium 2025","og_description":"AFinLA h\u00f6stsymposiet 2025 \u2013 Variationens kraft V\u00e4lkommen till Finl\u00e4ndska f\u00f6reningen f\u00f6r till\u00e4mpad spr\u00e5kvetenskap AFinLA:s \u00e5rliga h\u00f6stsymposium i Joensuu den 6\u20138 november 2025. Temat f\u00f6r symposiet \u00e4r Variationens kraft. Syftet med konferensen \u00e4r att lyfta fram den spr\u00e5kliga m\u00e5ngfalden och variationen, och i synnerhet variationens f\u00f6rdelar och nytta i spr\u00e5kundervisningen, i arbetslivet och i samh\u00e4llet i [&hellip;]","og_url":"https:\/\/sites.uef.fi\/afinla2025\/valkommen-till-joensuu\/?lang=sv","og_site_name":"AFinLAn syyssymposium 2025","article_modified_time":"2025-11-05T08:19:33+00:00","twitter_card":"summary_large_image","twitter_misc":{"Arvioitu lukuaika":"3 minuuttia"},"schema":{"@context":"https:\/\/schema.org","@graph":[{"@type":"WebPage","@id":"https:\/\/sites.uef.fi\/afinla2025\/valkommen-till-joensuu\/?lang=sv","url":"https:\/\/sites.uef.fi\/afinla2025\/valkommen-till-joensuu\/?lang=sv","name":"V\u00e4lkommen till Joensuu - AFinLAn syyssymposium 2025","isPartOf":{"@id":"https:\/\/sites.uef.fi\/afinla2025\/#website"},"datePublished":"2025-02-24T14:21:31+00:00","dateModified":"2025-11-05T08:19:33+00:00","breadcrumb":{"@id":"https:\/\/sites.uef.fi\/afinla2025\/valkommen-till-joensuu\/?lang=sv#breadcrumb"},"inLanguage":"fi","potentialAction":[{"@type":"ReadAction","target":["https:\/\/sites.uef.fi\/afinla2025\/valkommen-till-joensuu\/?lang=sv"]}]},{"@type":"BreadcrumbList","@id":"https:\/\/sites.uef.fi\/afinla2025\/valkommen-till-joensuu\/?lang=sv#breadcrumb","itemListElement":[{"@type":"ListItem","position":1,"name":"Home","item":"https:\/\/sites.uef.fi\/afinla2025\/"},{"@type":"ListItem","position":2,"name":"V\u00e4lkommen till Joensuu"}]},{"@type":"WebSite","@id":"https:\/\/sites.uef.fi\/afinla2025\/#website","url":"https:\/\/sites.uef.fi\/afinla2025\/","name":"AFinLAn syyssymposium 2025","description":"","potentialAction":[{"@type":"SearchAction","target":{"@type":"EntryPoint","urlTemplate":"https:\/\/sites.uef.fi\/afinla2025\/?s={search_term_string}"},"query-input":{"@type":"PropertyValueSpecification","valueRequired":true,"valueName":"search_term_string"}}],"inLanguage":"fi"}]}},"_links":{"self":[{"href":"https:\/\/sites.uef.fi\/afinla2025\/wp-json\/wp\/v2\/pages\/386","targetHints":{"allow":["GET"]}}],"collection":[{"href":"https:\/\/sites.uef.fi\/afinla2025\/wp-json\/wp\/v2\/pages"}],"about":[{"href":"https:\/\/sites.uef.fi\/afinla2025\/wp-json\/wp\/v2\/types\/page"}],"author":[{"embeddable":true,"href":"https:\/\/sites.uef.fi\/afinla2025\/wp-json\/wp\/v2\/users\/284"}],"replies":[{"embeddable":true,"href":"https:\/\/sites.uef.fi\/afinla2025\/wp-json\/wp\/v2\/comments?post=386"}],"version-history":[{"count":1,"href":"https:\/\/sites.uef.fi\/afinla2025\/wp-json\/wp\/v2\/pages\/386\/revisions"}],"predecessor-version":[{"id":717,"href":"https:\/\/sites.uef.fi\/afinla2025\/wp-json\/wp\/v2\/pages\/386\/revisions\/717"}],"wp:attachment":[{"href":"https:\/\/sites.uef.fi\/afinla2025\/wp-json\/wp\/v2\/media?parent=386"}],"curies":[{"name":"wp","href":"https:\/\/api.w.org\/{rel}","templated":true}]}}