{"id":393,"date":"2025-02-24T16:25:49","date_gmt":"2025-02-24T14:25:49","guid":{"rendered":"https:\/\/sites.uef.fi\/afinla2025\/inbjudan-till-foredrag\/"},"modified":"2025-08-18T14:32:57","modified_gmt":"2025-08-18T12:32:57","slug":"inbjudan-till-foredrag","status":"publish","type":"page","link":"https:\/\/sites.uef.fi\/afinla2025\/inbjudan-till-foredrag\/?lang=sv","title":{"rendered":"Inbjudan till f\u00f6redrag"},"content":{"rendered":"\n<p>Arbetsformerna i symposiet \u00e4r sektionsf\u00f6redrag, postrar och tematiska workshoppar. De kan h\u00e5llas p\u00e5 finska, svenska eller engelska. \u00c4ven \u00f6vriga spr\u00e5k \u00e4r m\u00f6jliga, men om detta ska man komma \u00f6verens med arrang\u00f6rerna i f\u00f6rv\u00e4g. Vi uppmuntrar s\u00e4rskilt anv\u00e4ndningen av s\u00e5 kallade hotade spr\u00e5k. Om ni anv\u00e4nder flera spr\u00e5k i presentationen, ska detta anges i abstractet. Arbetsformerna i symposiet \u00e4r sektionsf\u00f6redrag, postrar och tematiska workshoppar. De kan h\u00e5llas p\u00e5 finska, svenska eller engelska. \u00c4ven \u00f6vriga spr\u00e5k \u00e4r m\u00f6jliga, men om detta ska man komma \u00f6verens med arrang\u00f6rerna i f\u00f6rv\u00e4g.<\/p>\n\n\n\n<p>F\u00f6redrags- och workshopabstrakten l\u00e4mnas in senast 8 september 2025. Besked om godk\u00e4nnande av abstract kommer senast den 1 oktober 2025. Deadline f\u00f6r anm\u00e4lan och betalning av konferensavgiften \u00e4r den 15 oktober 2025.<\/p>\n\n\n\n<h2 class=\"wp-block-heading\">Sektionsf\u00f6redrag<\/h2>\n\n\n\n<p>L\u00e4ngden p\u00e5 f\u00f6redraget \u00e4r 20 minuter och d\u00e4refter reserveras 10 minuter f\u00f6r diskussion. Abstractet f\u00e5r omfatta max 300 ord inkl. referenser. <\/p>\n\n\n\n<h2 class=\"wp-block-heading\">Postrar<\/h2>\n\n\n\n<p>Posterstorleken rekommenderas vara A0. Abstractet f\u00f6r postern f\u00e5r omfatta max 300 ord inkl. referenser. <\/p>\n\n\n\n<h2 class=\"wp-block-heading\">Tematiska workshoppar<\/h2>\n\n\n\n<p>L\u00e4ngden p\u00e5 tematiska workshoppar \u00e4r antingen 90 eller 180 minuter och i dem h\u00e5lls f\u00f6redrag som tematiskt anknyter till varandra. I workshopparna kan \u00e4ven ing\u00e5 \u00f6ppnings- och\/eller avslutningsdiskussioner. Den\/ De som sammankallar en tematisk workshop best\u00e4mmer dess l\u00e4ngd och form och sammanst\u00e4ller en allm\u00e4n beskrivning av workshoppen och meddelar namnen p\u00e5 deltagarna samt rubrikerna p\u00e5 f\u00f6redragen i den ordning som de kommer att presenteras (sammanlagt dock max 500 ord). D\u00e4rtill skickar den\/de sammankallande f\u00f6redragsabstracten (max 300 ord inkl. referenser).   <\/p>\n\n\n\n<h2 class=\"wp-block-heading\">Annat att notera<\/h2>\n\n\n\n<p>Observera att de som h\u00e5ller ett f\u00f6redrag p\u00e5 symposiet m\u00e5ste vara medlemmar i AFinLA eller i n\u00e5gon av AILA:s medlemsorganisationer. Om en presentation har flera f\u00f6redragsh\u00e5llare g\u00e4ller detta minst en av f\u00f6redragsh\u00e5llarna. Mer information om hur man blir medlem i AFinLA hittar du h\u00e4r <a href=\"http:\/\/www.afinla.fi\/sv\/bli-medlem\">http:\/\/www.afinla.fi\/sv\/bli-medlem<\/a>.   <\/p>\n\n\n\n<p>Om ditt f\u00f6redrag knyter an till n\u00e5got av AFinLA:s teman\u00e4tverk (<a href=\"https:\/\/afinla.fi\/teemaverkostot\/\">http:\/\/www.afinla.fi\/teemaverkostot<\/a>), ber vi dig att informera om detta i samband med inl\u00e4mningen av abstractet. Informationen beh\u00f6vs f\u00f6r planeringen av programmet, men det p\u00e5verkar inte hur abstractet bed\u00f6ms.  <\/p>\n","protected":false},"excerpt":{"rendered":"<p>Arbetsformerna i symposiet \u00e4r sektionsf\u00f6redrag, postrar och tematiska workshoppar. De kan h\u00e5llas p\u00e5 finska, svenska eller engelska. \u00c4ven \u00f6vriga spr\u00e5k \u00e4r m\u00f6jliga, men om detta ska man komma \u00f6verens med arrang\u00f6rerna i f\u00f6rv\u00e4g. Vi uppmuntrar s\u00e4rskilt anv\u00e4ndningen av s\u00e5 kallade hotade spr\u00e5k. Om ni anv\u00e4nder flera spr\u00e5k i presentationen, ska detta anges i abstractet. Arbetsformerna [&hellip;]<\/p>\n","protected":false},"author":284,"featured_media":0,"parent":0,"menu_order":0,"comment_status":"closed","ping_status":"closed","template":"","meta":{"_acf_changed":false,"footnotes":""},"class_list":["post-393","page","type-page","status-publish","hentry"],"acf":[],"yoast_head":"<!-- This site is optimized with the Yoast SEO plugin v27.3 - https:\/\/yoast.com\/product\/yoast-seo-wordpress\/ -->\n<title>Inbjudan till f\u00f6redrag - AFinLAn syyssymposium 2025<\/title>\n<meta name=\"robots\" content=\"index, follow, max-snippet:-1, max-image-preview:large, max-video-preview:-1\" \/>\n<link rel=\"canonical\" href=\"https:\/\/sites.uef.fi\/afinla2025\/inbjudan-till-foredrag\/\" \/>\n<meta property=\"og:locale\" content=\"fi_FI\" \/>\n<meta property=\"og:type\" content=\"article\" \/>\n<meta property=\"og:title\" content=\"Inbjudan till f\u00f6redrag - AFinLAn syyssymposium 2025\" \/>\n<meta property=\"og:description\" content=\"Arbetsformerna i symposiet \u00e4r sektionsf\u00f6redrag, postrar och tematiska workshoppar. De kan h\u00e5llas p\u00e5 finska, svenska eller engelska. \u00c4ven \u00f6vriga spr\u00e5k \u00e4r m\u00f6jliga, men om detta ska man komma \u00f6verens med arrang\u00f6rerna i f\u00f6rv\u00e4g. Vi uppmuntrar s\u00e4rskilt anv\u00e4ndningen av s\u00e5 kallade hotade spr\u00e5k. Om ni anv\u00e4nder flera spr\u00e5k i presentationen, ska detta anges i abstractet. Arbetsformerna [&hellip;]\" \/>\n<meta property=\"og:url\" content=\"https:\/\/sites.uef.fi\/afinla2025\/inbjudan-till-foredrag\/?lang=sv\" \/>\n<meta property=\"og:site_name\" content=\"AFinLAn syyssymposium 2025\" \/>\n<meta property=\"article:modified_time\" content=\"2025-08-18T12:32:57+00:00\" \/>\n<meta name=\"twitter:card\" content=\"summary_large_image\" \/>\n<meta name=\"twitter:label1\" content=\"Arvioitu lukuaika\" \/>\n\t<meta name=\"twitter:data1\" content=\"2 minuuttia\" \/>\n<script type=\"application\/ld+json\" class=\"yoast-schema-graph\">{\"@context\":\"https:\\\/\\\/schema.org\",\"@graph\":[{\"@type\":\"WebPage\",\"@id\":\"https:\\\/\\\/sites.uef.fi\\\/afinla2025\\\/inbjudan-till-foredrag\\\/?lang=sv\",\"url\":\"https:\\\/\\\/sites.uef.fi\\\/afinla2025\\\/inbjudan-till-foredrag\\\/?lang=sv\",\"name\":\"Inbjudan till f\u00f6redrag - AFinLAn syyssymposium 2025\",\"isPartOf\":{\"@id\":\"https:\\\/\\\/sites.uef.fi\\\/afinla2025\\\/#website\"},\"datePublished\":\"2025-02-24T14:25:49+00:00\",\"dateModified\":\"2025-08-18T12:32:57+00:00\",\"breadcrumb\":{\"@id\":\"https:\\\/\\\/sites.uef.fi\\\/afinla2025\\\/inbjudan-till-foredrag\\\/?lang=sv#breadcrumb\"},\"inLanguage\":\"fi\",\"potentialAction\":[{\"@type\":\"ReadAction\",\"target\":[\"https:\\\/\\\/sites.uef.fi\\\/afinla2025\\\/inbjudan-till-foredrag\\\/?lang=sv\"]}]},{\"@type\":\"BreadcrumbList\",\"@id\":\"https:\\\/\\\/sites.uef.fi\\\/afinla2025\\\/inbjudan-till-foredrag\\\/?lang=sv#breadcrumb\",\"itemListElement\":[{\"@type\":\"ListItem\",\"position\":1,\"name\":\"Home\",\"item\":\"https:\\\/\\\/sites.uef.fi\\\/afinla2025\\\/\"},{\"@type\":\"ListItem\",\"position\":2,\"name\":\"Inbjudan till f\u00f6redrag\"}]},{\"@type\":\"WebSite\",\"@id\":\"https:\\\/\\\/sites.uef.fi\\\/afinla2025\\\/#website\",\"url\":\"https:\\\/\\\/sites.uef.fi\\\/afinla2025\\\/\",\"name\":\"AFinLAn syyssymposium 2025\",\"description\":\"\",\"potentialAction\":[{\"@type\":\"SearchAction\",\"target\":{\"@type\":\"EntryPoint\",\"urlTemplate\":\"https:\\\/\\\/sites.uef.fi\\\/afinla2025\\\/?s={search_term_string}\"},\"query-input\":{\"@type\":\"PropertyValueSpecification\",\"valueRequired\":true,\"valueName\":\"search_term_string\"}}],\"inLanguage\":\"fi\"}]}<\/script>\n<!-- \/ Yoast SEO plugin. -->","yoast_head_json":{"title":"Inbjudan till f\u00f6redrag - AFinLAn syyssymposium 2025","robots":{"index":"index","follow":"follow","max-snippet":"max-snippet:-1","max-image-preview":"max-image-preview:large","max-video-preview":"max-video-preview:-1"},"canonical":"https:\/\/sites.uef.fi\/afinla2025\/inbjudan-till-foredrag\/","og_locale":"fi_FI","og_type":"article","og_title":"Inbjudan till f\u00f6redrag - AFinLAn syyssymposium 2025","og_description":"Arbetsformerna i symposiet \u00e4r sektionsf\u00f6redrag, postrar och tematiska workshoppar. De kan h\u00e5llas p\u00e5 finska, svenska eller engelska. \u00c4ven \u00f6vriga spr\u00e5k \u00e4r m\u00f6jliga, men om detta ska man komma \u00f6verens med arrang\u00f6rerna i f\u00f6rv\u00e4g. Vi uppmuntrar s\u00e4rskilt anv\u00e4ndningen av s\u00e5 kallade hotade spr\u00e5k. Om ni anv\u00e4nder flera spr\u00e5k i presentationen, ska detta anges i abstractet. Arbetsformerna [&hellip;]","og_url":"https:\/\/sites.uef.fi\/afinla2025\/inbjudan-till-foredrag\/?lang=sv","og_site_name":"AFinLAn syyssymposium 2025","article_modified_time":"2025-08-18T12:32:57+00:00","twitter_card":"summary_large_image","twitter_misc":{"Arvioitu lukuaika":"2 minuuttia"},"schema":{"@context":"https:\/\/schema.org","@graph":[{"@type":"WebPage","@id":"https:\/\/sites.uef.fi\/afinla2025\/inbjudan-till-foredrag\/?lang=sv","url":"https:\/\/sites.uef.fi\/afinla2025\/inbjudan-till-foredrag\/?lang=sv","name":"Inbjudan till f\u00f6redrag - AFinLAn syyssymposium 2025","isPartOf":{"@id":"https:\/\/sites.uef.fi\/afinla2025\/#website"},"datePublished":"2025-02-24T14:25:49+00:00","dateModified":"2025-08-18T12:32:57+00:00","breadcrumb":{"@id":"https:\/\/sites.uef.fi\/afinla2025\/inbjudan-till-foredrag\/?lang=sv#breadcrumb"},"inLanguage":"fi","potentialAction":[{"@type":"ReadAction","target":["https:\/\/sites.uef.fi\/afinla2025\/inbjudan-till-foredrag\/?lang=sv"]}]},{"@type":"BreadcrumbList","@id":"https:\/\/sites.uef.fi\/afinla2025\/inbjudan-till-foredrag\/?lang=sv#breadcrumb","itemListElement":[{"@type":"ListItem","position":1,"name":"Home","item":"https:\/\/sites.uef.fi\/afinla2025\/"},{"@type":"ListItem","position":2,"name":"Inbjudan till f\u00f6redrag"}]},{"@type":"WebSite","@id":"https:\/\/sites.uef.fi\/afinla2025\/#website","url":"https:\/\/sites.uef.fi\/afinla2025\/","name":"AFinLAn syyssymposium 2025","description":"","potentialAction":[{"@type":"SearchAction","target":{"@type":"EntryPoint","urlTemplate":"https:\/\/sites.uef.fi\/afinla2025\/?s={search_term_string}"},"query-input":{"@type":"PropertyValueSpecification","valueRequired":true,"valueName":"search_term_string"}}],"inLanguage":"fi"}]}},"_links":{"self":[{"href":"https:\/\/sites.uef.fi\/afinla2025\/wp-json\/wp\/v2\/pages\/393","targetHints":{"allow":["GET"]}}],"collection":[{"href":"https:\/\/sites.uef.fi\/afinla2025\/wp-json\/wp\/v2\/pages"}],"about":[{"href":"https:\/\/sites.uef.fi\/afinla2025\/wp-json\/wp\/v2\/types\/page"}],"author":[{"embeddable":true,"href":"https:\/\/sites.uef.fi\/afinla2025\/wp-json\/wp\/v2\/users\/284"}],"replies":[{"embeddable":true,"href":"https:\/\/sites.uef.fi\/afinla2025\/wp-json\/wp\/v2\/comments?post=393"}],"version-history":[{"count":2,"href":"https:\/\/sites.uef.fi\/afinla2025\/wp-json\/wp\/v2\/pages\/393\/revisions"}],"predecessor-version":[{"id":416,"href":"https:\/\/sites.uef.fi\/afinla2025\/wp-json\/wp\/v2\/pages\/393\/revisions\/416"}],"wp:attachment":[{"href":"https:\/\/sites.uef.fi\/afinla2025\/wp-json\/wp\/v2\/media?parent=393"}],"curies":[{"name":"wp","href":"https:\/\/api.w.org\/{rel}","templated":true}]}}