{"id":536,"date":"2025-02-24T16:22:42","date_gmt":"2025-02-24T14:22:42","guid":{"rendered":"https:\/\/sites.uef.fi\/afinla2025\/ohjelma\/"},"modified":"2025-11-05T09:39:42","modified_gmt":"2025-11-05T07:39:42","slug":"ohjelma-2","status":"publish","type":"page","link":"https:\/\/sites.uef.fi\/afinla2025\/ohjelma-2\/?lang=en","title":{"rendered":"Programme"},"content":{"rendered":"\n<p>See detailed programme in the file attached below:<\/p>\n\n\n\n<p><a href=\"https:\/\/sites.uef.fi\/afinla2025\/wp-content\/uploads\/sites\/547\/2025\/11\/AFinLA-2025_ohjelma_05112025.pdf\">AFinLA syyssymposiumin ohjelma 2025<\/a> (5.11.2025)<\/p>\n\n\n\n<p><a href=\"https:\/\/sites.uef.fi\/afinla2025\/wp-content\/uploads\/sites\/547\/2025\/11\/AFinLA-2025-abstraktikirja.pdf\">Abstracts.pdf<\/a><\/p>\n\n\n\n<p>*<\/p>\n\n\n\n<p>AFinLAn Autumn Symposium 2025&nbsp;&nbsp;<\/p>\n\n\n\n<p>Programme&nbsp;<\/p>\n\n\n\n<p><strong>Thursday 6 November<\/strong>&nbsp;<\/p>\n\n\n\n<p>12 &#8211; Registration begins (Metria)&nbsp;&nbsp;<\/p>\n\n\n\n<p>13\u201314.30 Section papers&nbsp;<\/p>\n\n\n\n<p>14.30\u201315 Coffee&nbsp;<\/p>\n\n\n\n<p>15\u201316.30 Workshop and section papers&nbsp;<\/p>\n\n\n\n<p>Workshop: Puheen ja puheentutkimuksen teemaverkosto (14.45-16.45)&nbsp;&nbsp;<\/p>\n\n\n\n<p>16.45\u201318 Opening words&nbsp;and plenary by professor Elizabeth Peterson: &#8221;The devitalization of English in the Nordic Countries&#8221;&nbsp;<\/p>\n\n\n\n<p>18.15 Welcome drinks at Metria&nbsp;<\/p>\n\n\n\n<p><strong>Friday 7 November<\/strong>&nbsp;<\/p>\n\n\n\n<p>8.00- Registration continues&nbsp;<\/p>\n\n\n\n<p>8.20-9 Meetings of AFinLA\u2019s theme networks&nbsp;&nbsp;<\/p>\n\n\n\n<p>9\u201310 Plenary by doctor Annekatrin Kaivapalu: \u201dYmm\u00e4rt\u00e4misest\u00e4 pitkin ja poikin\u201d&nbsp;<\/p>\n\n\n\n<p>10\u201310.30 Coffee and posters&nbsp;<\/p>\n\n\n\n<p>10.30\u201311.30 Section papers&nbsp;<\/p>\n\n\n\n<p>11.30\u201312.30 Lunch break&nbsp;<\/p>\n\n\n\n<p>12.30\u201314 Workshops and section papers&nbsp;<\/p>\n\n\n\n<p>Workshops:&nbsp;Kielen kompleksisuus ja yksinkertaisuus (150 min); Pagizemmo karjalakse: karjalan kielen opetus, tutkimus ja elvytys 2020-luvun Suomessa (180 min); Kielik\u00e4yt\u00e4nteisiin liittyv\u00e4 moninaisuus ty\u00f6el\u00e4m\u00e4ss\u00e4 (180 min); Kieli-ideologiat variaationtutkimuksen kehyksess\u00e4 (180 min)&nbsp;<\/p>\n\n\n\n<p>14\u201314.30 Coffee and posters&nbsp;<\/p>\n\n\n\n<p>14.30\u201316 Workshops contd and section papers&nbsp;<\/p>\n\n\n\n<p>16.15\u201317.15 Plenary by professori Bogl\u00e1rka Straszer: \u201dOpetus- ja oppimisresurssit Ruotsin peruskoulutuksen suomen \u00e4idinkielen opetuksessa\u201d&nbsp;<\/p>\n\n\n\n<p>17.15\u201318 AFinLA general meeting&nbsp;<\/p>\n\n\n\n<p>19 Conference dinner at Teatteriravintola Eliel&nbsp;<\/p>\n\n\n\n<p><strong>Saturday 8 November<\/strong>&nbsp;<\/p>\n\n\n\n<p>9\u201310.30 Workshops and section papers&nbsp;<\/p>\n\n\n\n<p>Workshops: Digital Discourse and Interaction (90 min); Language, management and social sustainability: Variation in the reception and integration of Ukrainians (90 min)&nbsp;<\/p>\n\n\n\n<p>10.30\u201311 Coffee&nbsp;<\/p>\n\n\n\n<p>11\u201312 Section papers&nbsp;<\/p>\n\n\n\n<p>12\u201313 Lunch break&nbsp;<\/p>\n\n\n\n<p>13\u201314 Section paper&nbsp;<\/p>\n\n\n\n<p>14\u201314.30 Closing words and presentation of Autumn Symposium 2026&nbsp;<\/p>\n","protected":false},"excerpt":{"rendered":"<p>See detailed programme in the file attached below: AFinLA syyssymposiumin ohjelma 2025 (5.11.2025) Abstracts.pdf * AFinLAn Autumn Symposium 2025&nbsp;&nbsp; Programme&nbsp; Thursday 6 November&nbsp; 12 &#8211; Registration begins (Metria)&nbsp;&nbsp; 13\u201314.30 Section papers&nbsp; 14.30\u201315 Coffee&nbsp; 15\u201316.30 Workshop and section papers&nbsp; Workshop: Puheen ja puheentutkimuksen teemaverkosto (14.45-16.45)&nbsp;&nbsp; 16.45\u201318 Opening words&nbsp;and plenary by professor Elizabeth Peterson: &#8221;The devitalization of [&hellip;]<\/p>\n","protected":false},"author":284,"featured_media":0,"parent":0,"menu_order":0,"comment_status":"closed","ping_status":"closed","template":"","meta":{"_acf_changed":false,"footnotes":""},"class_list":["post-536","page","type-page","status-publish","hentry"],"acf":[],"yoast_head":"<!-- This site is optimized with the Yoast SEO plugin v27.1.1 - https:\/\/yoast.com\/product\/yoast-seo-wordpress\/ -->\n<title>Programme - AFinLAn syyssymposium 2025<\/title>\n<meta name=\"robots\" content=\"index, follow, max-snippet:-1, max-image-preview:large, max-video-preview:-1\" \/>\n<link rel=\"canonical\" href=\"https:\/\/sites.uef.fi\/afinla2025\/ohjelma-2\/\" \/>\n<meta property=\"og:locale\" content=\"fi_FI\" \/>\n<meta property=\"og:type\" content=\"article\" \/>\n<meta property=\"og:title\" content=\"Programme - AFinLAn syyssymposium 2025\" \/>\n<meta property=\"og:description\" content=\"See detailed programme in the file attached below: AFinLA syyssymposiumin ohjelma 2025 (5.11.2025) Abstracts.pdf * AFinLAn Autumn Symposium 2025&nbsp;&nbsp; Programme&nbsp; Thursday 6 November&nbsp; 12 &#8211; Registration begins (Metria)&nbsp;&nbsp; 13\u201314.30 Section papers&nbsp; 14.30\u201315 Coffee&nbsp; 15\u201316.30 Workshop and section papers&nbsp; Workshop: Puheen ja puheentutkimuksen teemaverkosto (14.45-16.45)&nbsp;&nbsp; 16.45\u201318 Opening words&nbsp;and plenary by professor Elizabeth Peterson: &#8221;The devitalization of [&hellip;]\" \/>\n<meta property=\"og:url\" content=\"https:\/\/sites.uef.fi\/afinla2025\/ohjelma-2\/?lang=en\" \/>\n<meta property=\"og:site_name\" content=\"AFinLAn syyssymposium 2025\" \/>\n<meta property=\"article:modified_time\" content=\"2025-11-05T07:39:42+00:00\" \/>\n<meta name=\"twitter:card\" content=\"summary_large_image\" \/>\n<meta name=\"twitter:label1\" content=\"Arvioitu lukuaika\" \/>\n\t<meta name=\"twitter:data1\" content=\"2 minuuttia\" \/>\n<script type=\"application\/ld+json\" class=\"yoast-schema-graph\">{\"@context\":\"https:\/\/schema.org\",\"@graph\":[{\"@type\":\"WebPage\",\"@id\":\"https:\/\/sites.uef.fi\/afinla2025\/ohjelma-2\/?lang=en\",\"url\":\"https:\/\/sites.uef.fi\/afinla2025\/ohjelma-2\/?lang=en\",\"name\":\"Programme - AFinLAn syyssymposium 2025\",\"isPartOf\":{\"@id\":\"https:\/\/sites.uef.fi\/afinla2025\/#website\"},\"datePublished\":\"2025-02-24T14:22:42+00:00\",\"dateModified\":\"2025-11-05T07:39:42+00:00\",\"breadcrumb\":{\"@id\":\"https:\/\/sites.uef.fi\/afinla2025\/ohjelma-2\/?lang=en#breadcrumb\"},\"inLanguage\":\"fi\",\"potentialAction\":[{\"@type\":\"ReadAction\",\"target\":[\"https:\/\/sites.uef.fi\/afinla2025\/ohjelma-2\/?lang=en\"]}]},{\"@type\":\"BreadcrumbList\",\"@id\":\"https:\/\/sites.uef.fi\/afinla2025\/ohjelma-2\/?lang=en#breadcrumb\",\"itemListElement\":[{\"@type\":\"ListItem\",\"position\":1,\"name\":\"Home\",\"item\":\"https:\/\/sites.uef.fi\/afinla2025\/\"},{\"@type\":\"ListItem\",\"position\":2,\"name\":\"Programme\"}]},{\"@type\":\"WebSite\",\"@id\":\"https:\/\/sites.uef.fi\/afinla2025\/#website\",\"url\":\"https:\/\/sites.uef.fi\/afinla2025\/\",\"name\":\"AFinLAn syyssymposium 2025\",\"description\":\"\",\"potentialAction\":[{\"@type\":\"SearchAction\",\"target\":{\"@type\":\"EntryPoint\",\"urlTemplate\":\"https:\/\/sites.uef.fi\/afinla2025\/?s={search_term_string}\"},\"query-input\":{\"@type\":\"PropertyValueSpecification\",\"valueRequired\":true,\"valueName\":\"search_term_string\"}}],\"inLanguage\":\"fi\"}]}<\/script>\n<!-- \/ Yoast SEO plugin. -->","yoast_head_json":{"title":"Programme - AFinLAn syyssymposium 2025","robots":{"index":"index","follow":"follow","max-snippet":"max-snippet:-1","max-image-preview":"max-image-preview:large","max-video-preview":"max-video-preview:-1"},"canonical":"https:\/\/sites.uef.fi\/afinla2025\/ohjelma-2\/","og_locale":"fi_FI","og_type":"article","og_title":"Programme - AFinLAn syyssymposium 2025","og_description":"See detailed programme in the file attached below: AFinLA syyssymposiumin ohjelma 2025 (5.11.2025) Abstracts.pdf * AFinLAn Autumn Symposium 2025&nbsp;&nbsp; Programme&nbsp; Thursday 6 November&nbsp; 12 &#8211; Registration begins (Metria)&nbsp;&nbsp; 13\u201314.30 Section papers&nbsp; 14.30\u201315 Coffee&nbsp; 15\u201316.30 Workshop and section papers&nbsp; Workshop: Puheen ja puheentutkimuksen teemaverkosto (14.45-16.45)&nbsp;&nbsp; 16.45\u201318 Opening words&nbsp;and plenary by professor Elizabeth Peterson: &#8221;The devitalization of [&hellip;]","og_url":"https:\/\/sites.uef.fi\/afinla2025\/ohjelma-2\/?lang=en","og_site_name":"AFinLAn syyssymposium 2025","article_modified_time":"2025-11-05T07:39:42+00:00","twitter_card":"summary_large_image","twitter_misc":{"Arvioitu lukuaika":"2 minuuttia"},"schema":{"@context":"https:\/\/schema.org","@graph":[{"@type":"WebPage","@id":"https:\/\/sites.uef.fi\/afinla2025\/ohjelma-2\/?lang=en","url":"https:\/\/sites.uef.fi\/afinla2025\/ohjelma-2\/?lang=en","name":"Programme - AFinLAn syyssymposium 2025","isPartOf":{"@id":"https:\/\/sites.uef.fi\/afinla2025\/#website"},"datePublished":"2025-02-24T14:22:42+00:00","dateModified":"2025-11-05T07:39:42+00:00","breadcrumb":{"@id":"https:\/\/sites.uef.fi\/afinla2025\/ohjelma-2\/?lang=en#breadcrumb"},"inLanguage":"fi","potentialAction":[{"@type":"ReadAction","target":["https:\/\/sites.uef.fi\/afinla2025\/ohjelma-2\/?lang=en"]}]},{"@type":"BreadcrumbList","@id":"https:\/\/sites.uef.fi\/afinla2025\/ohjelma-2\/?lang=en#breadcrumb","itemListElement":[{"@type":"ListItem","position":1,"name":"Home","item":"https:\/\/sites.uef.fi\/afinla2025\/"},{"@type":"ListItem","position":2,"name":"Programme"}]},{"@type":"WebSite","@id":"https:\/\/sites.uef.fi\/afinla2025\/#website","url":"https:\/\/sites.uef.fi\/afinla2025\/","name":"AFinLAn syyssymposium 2025","description":"","potentialAction":[{"@type":"SearchAction","target":{"@type":"EntryPoint","urlTemplate":"https:\/\/sites.uef.fi\/afinla2025\/?s={search_term_string}"},"query-input":{"@type":"PropertyValueSpecification","valueRequired":true,"valueName":"search_term_string"}}],"inLanguage":"fi"}]}},"_links":{"self":[{"href":"https:\/\/sites.uef.fi\/afinla2025\/wp-json\/wp\/v2\/pages\/536","targetHints":{"allow":["GET"]}}],"collection":[{"href":"https:\/\/sites.uef.fi\/afinla2025\/wp-json\/wp\/v2\/pages"}],"about":[{"href":"https:\/\/sites.uef.fi\/afinla2025\/wp-json\/wp\/v2\/types\/page"}],"author":[{"embeddable":true,"href":"https:\/\/sites.uef.fi\/afinla2025\/wp-json\/wp\/v2\/users\/284"}],"replies":[{"embeddable":true,"href":"https:\/\/sites.uef.fi\/afinla2025\/wp-json\/wp\/v2\/comments?post=536"}],"version-history":[{"count":2,"href":"https:\/\/sites.uef.fi\/afinla2025\/wp-json\/wp\/v2\/pages\/536\/revisions"}],"predecessor-version":[{"id":704,"href":"https:\/\/sites.uef.fi\/afinla2025\/wp-json\/wp\/v2\/pages\/536\/revisions\/704"}],"wp:attachment":[{"href":"https:\/\/sites.uef.fi\/afinla2025\/wp-json\/wp\/v2\/media?parent=536"}],"curies":[{"name":"wp","href":"https:\/\/api.w.org\/{rel}","templated":true}]}}