{"id":593,"date":"2025-02-24T16:22:42","date_gmt":"2025-02-24T14:22:42","guid":{"rendered":"https:\/\/sites.uef.fi\/afinla2025\/program\/"},"modified":"2025-11-05T09:40:31","modified_gmt":"2025-11-05T07:40:31","slug":"program","status":"publish","type":"page","link":"https:\/\/sites.uef.fi\/afinla2025\/program\/?lang=sv","title":{"rendered":"Program"},"content":{"rendered":"\n<p>Hela programmet hittar du h\u00e4r:<\/p>\n\n\n\n<p><a href=\"https:\/\/sites.uef.fi\/afinla2025\/wp-content\/uploads\/sites\/547\/2025\/11\/AFinLA-2025_ohjelma_05112025.pdf\">AFinLA syyssymposiumin ohjelma 2025.pdf<\/a> (5.11.2025)<\/p>\n\n\n\n<p><a href=\"https:\/\/sites.uef.fi\/afinla2025\/wp-content\/uploads\/sites\/547\/2025\/11\/AFinLA-2025-abstraktikirja.pdf\">Abstrakt.pdf<\/a><\/p>\n\n\n\n<p>*<\/p>\n\n\n\n<p>AFinLA h\u00f6stsymposium 2025<\/p>\n\n\n\n<p>Program<\/p>\n\n\n\n<p><strong>Torsdag 6 november<\/strong> <\/p>\n\n\n\n<p>12 &#8211; Registrering (Metria) <\/p>\n\n\n\n<p>13\u201314.30 Parallella sektioner <\/p>\n\n\n\n<p>14.30\u201315 Kaffe <\/p>\n\n\n\n<p>15\u201316.30 Workshop och parallella sektioner <\/p>\n\n\n\n<p>Workshop: Puheen ja puheentutkimuksen teemaverkosto (14.45\u201316.45) <\/p>\n\n\n\n<p>16.45\u201318 \u00d6ppning och plenarf\u00f6redrag. Professor Elizabeth Peterson: &#8221;The Devitalization of English in the Nordic Countries&#8221;  <\/p>\n\n\n\n<p>18.15 V\u00e4lkomstsk\u00e5l p\u00e5 Metria <\/p>\n\n\n\n<p><strong>Fredag 7 november<\/strong> <\/p>\n\n\n\n<p>8.00 &#8211; Registrering (forts\u00e4tter) <\/p>\n\n\n\n<p>8.20-9 AFinLAs tematiska n\u00e4tverkstr\u00e4ffar <\/p>\n\n\n\n<p>9\u201310 Plenarf\u00f6redrag. Doktor Annekatrin Kaivapalu: \u201dYmm\u00e4rt\u00e4misest\u00e4 pitkin ja poikin\u201d  <\/p>\n\n\n\n<p>10\u201310.30 Kaffe och postrar <\/p>\n\n\n\n<p>10.30\u201311.30 Parallella sektioner <\/p>\n\n\n\n<p>11.30\u201312.30 Lunch <\/p>\n\n\n\n<p>12.30\u201314 Workshops och parallella sektioner <\/p>\n\n\n\n<p>Workshops: <\/p>\n\n\n\n<p>Kielen kompleksisuus ja yksinkertaisuus (150 min); Pagizemmo karjalakse: karjalan kielen opetus, tutkimus ja elvytys 2020-luvun Suomessa (180 min); Kielik\u00e4yt\u00e4nteisiin liittyv\u00e4 moninaisuus ty\u00f6el\u00e4m\u00e4ss\u00e4 (180 min); Kieli-ideologiat variaationtutkimuksen kehyksess\u00e4 (180 min) <\/p>\n\n\n\n<p>14\u201314.30 Kaffe och postrar <\/p>\n\n\n\n<p>14.30\u201316 Workshops (forts\u00e4tter) och parallella sektioner <\/p>\n\n\n\n<p>16.15\u201317.15 Plenarf\u00f6redrag: Professor Bogl\u00e1rka Straszer: \u201dOpetus- ja oppimisresurssit Ruotsin peruskoulutuksen suomen \u00e4idinkielen opetuksessa\u201d  <\/p>\n\n\n\n<p>17.15\u201318 AFinLA \u00e5rsm\u00f6te <\/p>\n\n\n\n<p>19 Konferensmiddag p\u00e5 Teatteriravintola Eliel <\/p>\n\n\n\n<p><strong>L\u00f6rdag 8 november<\/strong> <\/p>\n\n\n\n<p>9\u201310.30 Workshops och parallella sektioner <\/p>\n\n\n\n<p>Workshops: Digital Discourse and Interaction (90 min); Language, management and social sustainability: Variation in the reception and integration of Ukrainians (90 min) <\/p>\n\n\n\n<p>10.30\u201311 Kaffe <\/p>\n\n\n\n<p>11\u201312 Parallella sektioner <\/p>\n\n\n\n<p>12\u201313 Lunch <\/p>\n\n\n\n<p>13\u201314 Parallella sektioner <\/p>\n\n\n\n<p>14\u201314.30 Avslutning och presentation av h\u00f6stsymposium 2026 <\/p>\n\n\n\n<p><\/p>\n","protected":false},"excerpt":{"rendered":"<p>Hela programmet hittar du h\u00e4r: AFinLA syyssymposiumin ohjelma 2025.pdf (5.11.2025) Abstrakt.pdf * AFinLA h\u00f6stsymposium 2025 Program Torsdag 6 november 12 &#8211; Registrering (Metria) 13\u201314.30 Parallella sektioner 14.30\u201315 Kaffe 15\u201316.30 Workshop och parallella sektioner Workshop: Puheen ja puheentutkimuksen teemaverkosto (14.45\u201316.45) 16.45\u201318 \u00d6ppning och plenarf\u00f6redrag. Professor Elizabeth Peterson: &#8221;The Devitalization of English in the Nordic Countries&#8221; 18.15 [&hellip;]<\/p>\n","protected":false},"author":284,"featured_media":0,"parent":0,"menu_order":0,"comment_status":"closed","ping_status":"closed","template":"","meta":{"_acf_changed":false,"footnotes":""},"class_list":["post-593","page","type-page","status-publish","hentry"],"acf":[],"yoast_head":"<!-- This site is optimized with the Yoast SEO plugin v27.1.1 - https:\/\/yoast.com\/product\/yoast-seo-wordpress\/ -->\n<title>Program - AFinLAn syyssymposium 2025<\/title>\n<meta name=\"robots\" content=\"index, follow, max-snippet:-1, max-image-preview:large, max-video-preview:-1\" \/>\n<link rel=\"canonical\" href=\"https:\/\/sites.uef.fi\/afinla2025\/program\/\" \/>\n<meta property=\"og:locale\" content=\"fi_FI\" \/>\n<meta property=\"og:type\" content=\"article\" \/>\n<meta property=\"og:title\" content=\"Program - AFinLAn syyssymposium 2025\" \/>\n<meta property=\"og:description\" content=\"Hela programmet hittar du h\u00e4r: AFinLA syyssymposiumin ohjelma 2025.pdf (5.11.2025) Abstrakt.pdf * AFinLA h\u00f6stsymposium 2025 Program Torsdag 6 november 12 &#8211; Registrering (Metria) 13\u201314.30 Parallella sektioner 14.30\u201315 Kaffe 15\u201316.30 Workshop och parallella sektioner Workshop: Puheen ja puheentutkimuksen teemaverkosto (14.45\u201316.45) 16.45\u201318 \u00d6ppning och plenarf\u00f6redrag. Professor Elizabeth Peterson: &#8221;The Devitalization of English in the Nordic Countries&#8221; 18.15 [&hellip;]\" \/>\n<meta property=\"og:url\" content=\"https:\/\/sites.uef.fi\/afinla2025\/program\/?lang=sv\" \/>\n<meta property=\"og:site_name\" content=\"AFinLAn syyssymposium 2025\" \/>\n<meta property=\"article:modified_time\" content=\"2025-11-05T07:40:31+00:00\" \/>\n<meta name=\"twitter:card\" content=\"summary_large_image\" \/>\n<meta name=\"twitter:label1\" content=\"Arvioitu lukuaika\" \/>\n\t<meta name=\"twitter:data1\" content=\"2 minuuttia\" \/>\n<script type=\"application\/ld+json\" class=\"yoast-schema-graph\">{\"@context\":\"https:\/\/schema.org\",\"@graph\":[{\"@type\":\"WebPage\",\"@id\":\"https:\/\/sites.uef.fi\/afinla2025\/program\/?lang=sv\",\"url\":\"https:\/\/sites.uef.fi\/afinla2025\/program\/?lang=sv\",\"name\":\"Program - AFinLAn syyssymposium 2025\",\"isPartOf\":{\"@id\":\"https:\/\/sites.uef.fi\/afinla2025\/#website\"},\"datePublished\":\"2025-02-24T14:22:42+00:00\",\"dateModified\":\"2025-11-05T07:40:31+00:00\",\"breadcrumb\":{\"@id\":\"https:\/\/sites.uef.fi\/afinla2025\/program\/?lang=sv#breadcrumb\"},\"inLanguage\":\"fi\",\"potentialAction\":[{\"@type\":\"ReadAction\",\"target\":[\"https:\/\/sites.uef.fi\/afinla2025\/program\/?lang=sv\"]}]},{\"@type\":\"BreadcrumbList\",\"@id\":\"https:\/\/sites.uef.fi\/afinla2025\/program\/?lang=sv#breadcrumb\",\"itemListElement\":[{\"@type\":\"ListItem\",\"position\":1,\"name\":\"Home\",\"item\":\"https:\/\/sites.uef.fi\/afinla2025\/\"},{\"@type\":\"ListItem\",\"position\":2,\"name\":\"Program\"}]},{\"@type\":\"WebSite\",\"@id\":\"https:\/\/sites.uef.fi\/afinla2025\/#website\",\"url\":\"https:\/\/sites.uef.fi\/afinla2025\/\",\"name\":\"AFinLAn syyssymposium 2025\",\"description\":\"\",\"potentialAction\":[{\"@type\":\"SearchAction\",\"target\":{\"@type\":\"EntryPoint\",\"urlTemplate\":\"https:\/\/sites.uef.fi\/afinla2025\/?s={search_term_string}\"},\"query-input\":{\"@type\":\"PropertyValueSpecification\",\"valueRequired\":true,\"valueName\":\"search_term_string\"}}],\"inLanguage\":\"fi\"}]}<\/script>\n<!-- \/ Yoast SEO plugin. -->","yoast_head_json":{"title":"Program - AFinLAn syyssymposium 2025","robots":{"index":"index","follow":"follow","max-snippet":"max-snippet:-1","max-image-preview":"max-image-preview:large","max-video-preview":"max-video-preview:-1"},"canonical":"https:\/\/sites.uef.fi\/afinla2025\/program\/","og_locale":"fi_FI","og_type":"article","og_title":"Program - AFinLAn syyssymposium 2025","og_description":"Hela programmet hittar du h\u00e4r: AFinLA syyssymposiumin ohjelma 2025.pdf (5.11.2025) Abstrakt.pdf * AFinLA h\u00f6stsymposium 2025 Program Torsdag 6 november 12 &#8211; Registrering (Metria) 13\u201314.30 Parallella sektioner 14.30\u201315 Kaffe 15\u201316.30 Workshop och parallella sektioner Workshop: Puheen ja puheentutkimuksen teemaverkosto (14.45\u201316.45) 16.45\u201318 \u00d6ppning och plenarf\u00f6redrag. Professor Elizabeth Peterson: &#8221;The Devitalization of English in the Nordic Countries&#8221; 18.15 [&hellip;]","og_url":"https:\/\/sites.uef.fi\/afinla2025\/program\/?lang=sv","og_site_name":"AFinLAn syyssymposium 2025","article_modified_time":"2025-11-05T07:40:31+00:00","twitter_card":"summary_large_image","twitter_misc":{"Arvioitu lukuaika":"2 minuuttia"},"schema":{"@context":"https:\/\/schema.org","@graph":[{"@type":"WebPage","@id":"https:\/\/sites.uef.fi\/afinla2025\/program\/?lang=sv","url":"https:\/\/sites.uef.fi\/afinla2025\/program\/?lang=sv","name":"Program - AFinLAn syyssymposium 2025","isPartOf":{"@id":"https:\/\/sites.uef.fi\/afinla2025\/#website"},"datePublished":"2025-02-24T14:22:42+00:00","dateModified":"2025-11-05T07:40:31+00:00","breadcrumb":{"@id":"https:\/\/sites.uef.fi\/afinla2025\/program\/?lang=sv#breadcrumb"},"inLanguage":"fi","potentialAction":[{"@type":"ReadAction","target":["https:\/\/sites.uef.fi\/afinla2025\/program\/?lang=sv"]}]},{"@type":"BreadcrumbList","@id":"https:\/\/sites.uef.fi\/afinla2025\/program\/?lang=sv#breadcrumb","itemListElement":[{"@type":"ListItem","position":1,"name":"Home","item":"https:\/\/sites.uef.fi\/afinla2025\/"},{"@type":"ListItem","position":2,"name":"Program"}]},{"@type":"WebSite","@id":"https:\/\/sites.uef.fi\/afinla2025\/#website","url":"https:\/\/sites.uef.fi\/afinla2025\/","name":"AFinLAn syyssymposium 2025","description":"","potentialAction":[{"@type":"SearchAction","target":{"@type":"EntryPoint","urlTemplate":"https:\/\/sites.uef.fi\/afinla2025\/?s={search_term_string}"},"query-input":{"@type":"PropertyValueSpecification","valueRequired":true,"valueName":"search_term_string"}}],"inLanguage":"fi"}]}},"_links":{"self":[{"href":"https:\/\/sites.uef.fi\/afinla2025\/wp-json\/wp\/v2\/pages\/593","targetHints":{"allow":["GET"]}}],"collection":[{"href":"https:\/\/sites.uef.fi\/afinla2025\/wp-json\/wp\/v2\/pages"}],"about":[{"href":"https:\/\/sites.uef.fi\/afinla2025\/wp-json\/wp\/v2\/types\/page"}],"author":[{"embeddable":true,"href":"https:\/\/sites.uef.fi\/afinla2025\/wp-json\/wp\/v2\/users\/284"}],"replies":[{"embeddable":true,"href":"https:\/\/sites.uef.fi\/afinla2025\/wp-json\/wp\/v2\/comments?post=593"}],"version-history":[{"count":2,"href":"https:\/\/sites.uef.fi\/afinla2025\/wp-json\/wp\/v2\/pages\/593\/revisions"}],"predecessor-version":[{"id":706,"href":"https:\/\/sites.uef.fi\/afinla2025\/wp-json\/wp\/v2\/pages\/593\/revisions\/706"}],"wp:attachment":[{"href":"https:\/\/sites.uef.fi\/afinla2025\/wp-json\/wp\/v2\/media?parent=593"}],"curies":[{"name":"wp","href":"https:\/\/api.w.org\/{rel}","templated":true}]}}