{"id":76,"date":"2025-02-19T10:53:04","date_gmt":"2025-02-19T10:53:04","guid":{"rendered":"https:\/\/sites.uef.fi\/afinla2025\/?page_id=76"},"modified":"2025-11-05T08:35:24","modified_gmt":"2025-11-05T06:35:24","slug":"etusivu","status":"publish","type":"page","link":"https:\/\/sites.uef.fi\/afinla2025\/","title":{"rendered":"AFinLAn syyssymposium 2025"},"content":{"rendered":"\n<p>Tervetuloa <strong>Suomen soveltavan kielitieteen yhdistyksen AFinLAn vuotuiseen syyssymposiumiin<\/strong> Joensuuhun 6.\u20138.11.2025. Symposiumin teemana on \u201dVoimaa variaatiosta \u2013 Strength in variation \u2013 Variationens kraft \u2013 V\u00e4gie variaciesp\u00e4i\u201d. Tarkoitus on pit\u00e4\u00e4 esill\u00e4 kielellist\u00e4 moninaisuutta ja variaatiota sek\u00e4 erityisesti niiden etuja ja hy\u00f6tyj\u00e4 kielikoulutuksessa ja -kasvatuksessa, ty\u00f6el\u00e4m\u00e4ss\u00e4 ja koko yhteiskunnassa. Kiinnit\u00e4mme huomiota my\u00f6s v\u00e4hemmist\u00f6kieliin, niiden asemaan, n\u00e4kyvyyteen ja elinvoimaisuuteen sek\u00e4 variaation merkitykseen k\u00e4\u00e4nn\u00f6stieteess\u00e4 ja k\u00e4\u00e4nt\u00e4j\u00e4koulutuksessa. Ohjelmassa on runsaasti esitelmi\u00e4, postereita ja ty\u00f6pajoja mm. seuraavista aiheista:<\/p>\n\n\n\n<ul class=\"wp-block-list\">\n<li>Kielellinen variaatio kieltenopetuksessa ja kielikasvatuksessa<\/li>\n\n\n\n<li>Monikielisyys ja kielellinen variaatio ty\u00f6el\u00e4m\u00e4ss\u00e4<\/li>\n\n\n\n<li>Monikielisyys, variaatio ja hyvinvointi<\/li>\n\n\n\n<li>Kielellinen variaatio, v\u00e4hemmist\u00f6kielet ja kielten elvytys<\/li>\n\n\n\n<li>Variaatio ja reseptiivinen monikielisyys<\/li>\n\n\n\n<li>Variaatio, k\u00e4\u00e4nt\u00e4minen ja k\u00e4\u00e4nt\u00e4j\u00e4koulutus<\/li>\n<\/ul>\n\n\n\n<p>My\u00f6s muita soveltavan kielitieteen osa-alueita k\u00e4sittelevi\u00e4 esitelmi\u00e4 on luvassa.<\/p>\n\n\n\n<p>Esitelm\u00e4-, posteri- ja ty\u00f6pajaehdotusten hyv\u00e4ksymisest\u00e4 on ilmoitettu viimeist\u00e4\u00e4n 1.10.2025. Ilmoittautuminen symposiumiin on alkanut <strong>2.10.2025 klo 13:00<\/strong>. Viimeinen ilmoittautumis- ja maksup\u00e4iv\u00e4 oli 20.10.2025.<\/p>\n\n\n\n<p>S\u00e4hk\u00f6postiosoite: afinla2025@uef.fi<\/p>\n\n\n\n<p>J\u00e4rjestelytoimikunta: Maria Kok, Heli Paulasto, Esa Penttil\u00e4, Jaana Kolu, Lea Meril\u00e4inen, Milla Uusitupa, Ilja Moshnikov, Niko Tynnyrinen ja Iiris Salminen<\/p>\n\n\n\n<p>Symposiumin j\u00e4rjest\u00e4misest\u00e4 vastaa It\u00e4-Suomen yliopisto.<\/p>\n\n\n\n<figure class=\"wp-block-image size-large is-resized\"><img loading=\"lazy\" decoding=\"async\" width=\"1024\" height=\"955\" src=\"https:\/\/sites.uef.fi\/afinla2025\/wp-content\/uploads\/sites\/547\/2025\/10\/UEF_eng_black1-1024x955.jpg\" alt=\"\" class=\"wp-image-605\" style=\"width:100px\" srcset=\"https:\/\/sites.uef.fi\/afinla2025\/wp-content\/uploads\/sites\/547\/2025\/10\/UEF_eng_black1-1024x955.jpg 1024w, https:\/\/sites.uef.fi\/afinla2025\/wp-content\/uploads\/sites\/547\/2025\/10\/UEF_eng_black1-300x280.jpg 300w, https:\/\/sites.uef.fi\/afinla2025\/wp-content\/uploads\/sites\/547\/2025\/10\/UEF_eng_black1-768x716.jpg 768w, https:\/\/sites.uef.fi\/afinla2025\/wp-content\/uploads\/sites\/547\/2025\/10\/UEF_eng_black1-1536x1432.jpg 1536w, https:\/\/sites.uef.fi\/afinla2025\/wp-content\/uploads\/sites\/547\/2025\/10\/UEF_eng_black1-2048x1910.jpg 2048w\" sizes=\"auto, (max-width: 1024px) 100vw, 1024px\" \/><\/figure>\n\n\n\n<p>Symposiumin j\u00e4rjest\u00e4mist\u00e4 ovat tukeneet BOMOCULT ja Svenska litteraturs\u00e4llskapet i Finland.<\/p>\n\n\n\n<figure class=\"wp-block-image size-full is-resized\"><img loading=\"lazy\" decoding=\"async\" width=\"1000\" height=\"300\" src=\"https:\/\/sites.uef.fi\/afinla2025\/wp-content\/uploads\/sites\/547\/2025\/10\/UEF_Bomocult_Logo-003.png\" alt=\"\" class=\"wp-image-609\" style=\"width:auto;height:100px\" srcset=\"https:\/\/sites.uef.fi\/afinla2025\/wp-content\/uploads\/sites\/547\/2025\/10\/UEF_Bomocult_Logo-003.png 1000w, https:\/\/sites.uef.fi\/afinla2025\/wp-content\/uploads\/sites\/547\/2025\/10\/UEF_Bomocult_Logo-003-300x90.png 300w, https:\/\/sites.uef.fi\/afinla2025\/wp-content\/uploads\/sites\/547\/2025\/10\/UEF_Bomocult_Logo-003-768x230.png 768w\" sizes=\"auto, (max-width: 1000px) 100vw, 1000px\" \/><\/figure>\n\n\n\n<figure class=\"wp-block-image size-large is-resized\"><img loading=\"lazy\" decoding=\"async\" width=\"1024\" height=\"331\" src=\"https:\/\/sites.uef.fi\/afinla2025\/wp-content\/uploads\/sites\/547\/2025\/10\/sls-logo-1024x331.png\" alt=\"\" class=\"wp-image-613\" style=\"width:auto;height:100px\" srcset=\"https:\/\/sites.uef.fi\/afinla2025\/wp-content\/uploads\/sites\/547\/2025\/10\/sls-logo-1024x331.png 1024w, https:\/\/sites.uef.fi\/afinla2025\/wp-content\/uploads\/sites\/547\/2025\/10\/sls-logo-300x97.png 300w, https:\/\/sites.uef.fi\/afinla2025\/wp-content\/uploads\/sites\/547\/2025\/10\/sls-logo-768x248.png 768w, https:\/\/sites.uef.fi\/afinla2025\/wp-content\/uploads\/sites\/547\/2025\/10\/sls-logo-1536x497.png 1536w, https:\/\/sites.uef.fi\/afinla2025\/wp-content\/uploads\/sites\/547\/2025\/10\/sls-logo.png 1855w\" sizes=\"auto, (max-width: 1024px) 100vw, 1024px\" \/><\/figure>\n","protected":false},"excerpt":{"rendered":"<p>Tervetuloa Suomen soveltavan kielitieteen yhdistyksen AFinLAn vuotuiseen syyssymposiumiin Joensuuhun 6.\u20138.11.2025. Symposiumin teemana on \u201dVoimaa variaatiosta \u2013 Strength in variation \u2013 Variationens kraft \u2013 V\u00e4gie variaciesp\u00e4i\u201d. Tarkoitus on pit\u00e4\u00e4 esill\u00e4 kielellist\u00e4 moninaisuutta ja variaatiota sek\u00e4 erityisesti niiden etuja ja hy\u00f6tyj\u00e4 kielikoulutuksessa ja -kasvatuksessa, ty\u00f6el\u00e4m\u00e4ss\u00e4 ja koko yhteiskunnassa. Kiinnit\u00e4mme huomiota my\u00f6s v\u00e4hemmist\u00f6kieliin, niiden asemaan, n\u00e4kyvyyteen ja elinvoimaisuuteen [&hellip;]<\/p>\n","protected":false},"author":2,"featured_media":0,"parent":0,"menu_order":0,"comment_status":"closed","ping_status":"closed","template":"","meta":{"_acf_changed":false,"footnotes":""},"class_list":["post-76","page","type-page","status-publish","hentry"],"acf":[],"yoast_head":"<!-- This site is optimized with the Yoast SEO plugin v27.1.1 - https:\/\/yoast.com\/product\/yoast-seo-wordpress\/ -->\n<title>AFinLAn syyssymposium 2025 - AFinLAn syyssymposium 2025<\/title>\n<meta name=\"robots\" content=\"index, follow, max-snippet:-1, max-image-preview:large, max-video-preview:-1\" \/>\n<link rel=\"canonical\" href=\"https:\/\/sites.uef.fi\/afinla2025\/\" \/>\n<meta property=\"og:locale\" content=\"fi_FI\" \/>\n<meta property=\"og:type\" content=\"article\" \/>\n<meta property=\"og:title\" content=\"AFinLAn syyssymposium 2025 - AFinLAn syyssymposium 2025\" \/>\n<meta property=\"og:description\" content=\"Tervetuloa Suomen soveltavan kielitieteen yhdistyksen AFinLAn vuotuiseen syyssymposiumiin Joensuuhun 6.\u20138.11.2025. Symposiumin teemana on \u201dVoimaa variaatiosta \u2013 Strength in variation \u2013 Variationens kraft \u2013 V\u00e4gie variaciesp\u00e4i\u201d. Tarkoitus on pit\u00e4\u00e4 esill\u00e4 kielellist\u00e4 moninaisuutta ja variaatiota sek\u00e4 erityisesti niiden etuja ja hy\u00f6tyj\u00e4 kielikoulutuksessa ja -kasvatuksessa, ty\u00f6el\u00e4m\u00e4ss\u00e4 ja koko yhteiskunnassa. Kiinnit\u00e4mme huomiota my\u00f6s v\u00e4hemmist\u00f6kieliin, niiden asemaan, n\u00e4kyvyyteen ja elinvoimaisuuteen [&hellip;]\" \/>\n<meta property=\"og:url\" content=\"https:\/\/sites.uef.fi\/afinla2025\/\" \/>\n<meta property=\"og:site_name\" content=\"AFinLAn syyssymposium 2025\" \/>\n<meta property=\"article:modified_time\" content=\"2025-11-05T06:35:24+00:00\" \/>\n<meta property=\"og:image\" content=\"https:\/\/sites.uef.fi\/afinla2025\/wp-content\/uploads\/sites\/547\/2025\/10\/UEF_eng_black1-1024x955.jpg\" \/>\n<meta name=\"twitter:card\" content=\"summary_large_image\" \/>\n<meta name=\"twitter:label1\" content=\"Arvioitu lukuaika\" \/>\n\t<meta name=\"twitter:data1\" content=\"2 minuuttia\" \/>\n<script type=\"application\/ld+json\" class=\"yoast-schema-graph\">{\"@context\":\"https:\/\/schema.org\",\"@graph\":[{\"@type\":\"WebPage\",\"@id\":\"https:\/\/sites.uef.fi\/afinla2025\/\",\"url\":\"https:\/\/sites.uef.fi\/afinla2025\/\",\"name\":\"AFinLAn syyssymposium 2025 - AFinLAn syyssymposium 2025\",\"isPartOf\":{\"@id\":\"https:\/\/sites.uef.fi\/afinla2025\/#website\"},\"primaryImageOfPage\":{\"@id\":\"https:\/\/sites.uef.fi\/afinla2025\/#primaryimage\"},\"image\":{\"@id\":\"https:\/\/sites.uef.fi\/afinla2025\/#primaryimage\"},\"thumbnailUrl\":\"https:\/\/sites.uef.fi\/afinla2025\/wp-content\/uploads\/sites\/547\/2025\/10\/UEF_eng_black1-1024x955.jpg\",\"datePublished\":\"2025-02-19T10:53:04+00:00\",\"dateModified\":\"2025-11-05T06:35:24+00:00\",\"breadcrumb\":{\"@id\":\"https:\/\/sites.uef.fi\/afinla2025\/#breadcrumb\"},\"inLanguage\":\"fi\",\"potentialAction\":[{\"@type\":\"ReadAction\",\"target\":[\"https:\/\/sites.uef.fi\/afinla2025\/\"]}]},{\"@type\":\"ImageObject\",\"inLanguage\":\"fi\",\"@id\":\"https:\/\/sites.uef.fi\/afinla2025\/#primaryimage\",\"url\":\"https:\/\/sites.uef.fi\/afinla2025\/wp-content\/uploads\/sites\/547\/2025\/10\/UEF_eng_black1-scaled.jpg\",\"contentUrl\":\"https:\/\/sites.uef.fi\/afinla2025\/wp-content\/uploads\/sites\/547\/2025\/10\/UEF_eng_black1-scaled.jpg\",\"width\":2560,\"height\":2387,\"caption\":\"It\u00e4-Suomen yliopiston, musta tausta, k\u00e4ytet\u00e4\u00e4n ensisijaisesti Primary logo of University of Eastern Finland, with black background\"},{\"@type\":\"BreadcrumbList\",\"@id\":\"https:\/\/sites.uef.fi\/afinla2025\/#breadcrumb\",\"itemListElement\":[{\"@type\":\"ListItem\",\"position\":1,\"name\":\"Home\",\"item\":\"https:\/\/sites.uef.fi\/afinla2025\/\"},{\"@type\":\"ListItem\",\"position\":2,\"name\":\"AFinLAn syyssymposium 2025\"}]},{\"@type\":\"WebSite\",\"@id\":\"https:\/\/sites.uef.fi\/afinla2025\/#website\",\"url\":\"https:\/\/sites.uef.fi\/afinla2025\/\",\"name\":\"AFinLAn syyssymposium 2025\",\"description\":\"\",\"potentialAction\":[{\"@type\":\"SearchAction\",\"target\":{\"@type\":\"EntryPoint\",\"urlTemplate\":\"https:\/\/sites.uef.fi\/afinla2025\/?s={search_term_string}\"},\"query-input\":{\"@type\":\"PropertyValueSpecification\",\"valueRequired\":true,\"valueName\":\"search_term_string\"}}],\"inLanguage\":\"fi\"}]}<\/script>\n<!-- \/ Yoast SEO plugin. -->","yoast_head_json":{"title":"AFinLAn syyssymposium 2025 - AFinLAn syyssymposium 2025","robots":{"index":"index","follow":"follow","max-snippet":"max-snippet:-1","max-image-preview":"max-image-preview:large","max-video-preview":"max-video-preview:-1"},"canonical":"https:\/\/sites.uef.fi\/afinla2025\/","og_locale":"fi_FI","og_type":"article","og_title":"AFinLAn syyssymposium 2025 - AFinLAn syyssymposium 2025","og_description":"Tervetuloa Suomen soveltavan kielitieteen yhdistyksen AFinLAn vuotuiseen syyssymposiumiin Joensuuhun 6.\u20138.11.2025. Symposiumin teemana on \u201dVoimaa variaatiosta \u2013 Strength in variation \u2013 Variationens kraft \u2013 V\u00e4gie variaciesp\u00e4i\u201d. Tarkoitus on pit\u00e4\u00e4 esill\u00e4 kielellist\u00e4 moninaisuutta ja variaatiota sek\u00e4 erityisesti niiden etuja ja hy\u00f6tyj\u00e4 kielikoulutuksessa ja -kasvatuksessa, ty\u00f6el\u00e4m\u00e4ss\u00e4 ja koko yhteiskunnassa. Kiinnit\u00e4mme huomiota my\u00f6s v\u00e4hemmist\u00f6kieliin, niiden asemaan, n\u00e4kyvyyteen ja elinvoimaisuuteen [&hellip;]","og_url":"https:\/\/sites.uef.fi\/afinla2025\/","og_site_name":"AFinLAn syyssymposium 2025","article_modified_time":"2025-11-05T06:35:24+00:00","og_image":[{"url":"https:\/\/sites.uef.fi\/afinla2025\/wp-content\/uploads\/sites\/547\/2025\/10\/UEF_eng_black1-1024x955.jpg","type":"","width":"","height":""}],"twitter_card":"summary_large_image","twitter_misc":{"Arvioitu lukuaika":"2 minuuttia"},"schema":{"@context":"https:\/\/schema.org","@graph":[{"@type":"WebPage","@id":"https:\/\/sites.uef.fi\/afinla2025\/","url":"https:\/\/sites.uef.fi\/afinla2025\/","name":"AFinLAn syyssymposium 2025 - AFinLAn syyssymposium 2025","isPartOf":{"@id":"https:\/\/sites.uef.fi\/afinla2025\/#website"},"primaryImageOfPage":{"@id":"https:\/\/sites.uef.fi\/afinla2025\/#primaryimage"},"image":{"@id":"https:\/\/sites.uef.fi\/afinla2025\/#primaryimage"},"thumbnailUrl":"https:\/\/sites.uef.fi\/afinla2025\/wp-content\/uploads\/sites\/547\/2025\/10\/UEF_eng_black1-1024x955.jpg","datePublished":"2025-02-19T10:53:04+00:00","dateModified":"2025-11-05T06:35:24+00:00","breadcrumb":{"@id":"https:\/\/sites.uef.fi\/afinla2025\/#breadcrumb"},"inLanguage":"fi","potentialAction":[{"@type":"ReadAction","target":["https:\/\/sites.uef.fi\/afinla2025\/"]}]},{"@type":"ImageObject","inLanguage":"fi","@id":"https:\/\/sites.uef.fi\/afinla2025\/#primaryimage","url":"https:\/\/sites.uef.fi\/afinla2025\/wp-content\/uploads\/sites\/547\/2025\/10\/UEF_eng_black1-scaled.jpg","contentUrl":"https:\/\/sites.uef.fi\/afinla2025\/wp-content\/uploads\/sites\/547\/2025\/10\/UEF_eng_black1-scaled.jpg","width":2560,"height":2387,"caption":"It\u00e4-Suomen yliopiston, musta tausta, k\u00e4ytet\u00e4\u00e4n ensisijaisesti Primary logo of University of Eastern Finland, with black background"},{"@type":"BreadcrumbList","@id":"https:\/\/sites.uef.fi\/afinla2025\/#breadcrumb","itemListElement":[{"@type":"ListItem","position":1,"name":"Home","item":"https:\/\/sites.uef.fi\/afinla2025\/"},{"@type":"ListItem","position":2,"name":"AFinLAn syyssymposium 2025"}]},{"@type":"WebSite","@id":"https:\/\/sites.uef.fi\/afinla2025\/#website","url":"https:\/\/sites.uef.fi\/afinla2025\/","name":"AFinLAn syyssymposium 2025","description":"","potentialAction":[{"@type":"SearchAction","target":{"@type":"EntryPoint","urlTemplate":"https:\/\/sites.uef.fi\/afinla2025\/?s={search_term_string}"},"query-input":{"@type":"PropertyValueSpecification","valueRequired":true,"valueName":"search_term_string"}}],"inLanguage":"fi"}]}},"_links":{"self":[{"href":"https:\/\/sites.uef.fi\/afinla2025\/wp-json\/wp\/v2\/pages\/76","targetHints":{"allow":["GET"]}}],"collection":[{"href":"https:\/\/sites.uef.fi\/afinla2025\/wp-json\/wp\/v2\/pages"}],"about":[{"href":"https:\/\/sites.uef.fi\/afinla2025\/wp-json\/wp\/v2\/types\/page"}],"author":[{"embeddable":true,"href":"https:\/\/sites.uef.fi\/afinla2025\/wp-json\/wp\/v2\/users\/2"}],"replies":[{"embeddable":true,"href":"https:\/\/sites.uef.fi\/afinla2025\/wp-json\/wp\/v2\/comments?post=76"}],"version-history":[{"count":2,"href":"https:\/\/sites.uef.fi\/afinla2025\/wp-json\/wp\/v2\/pages\/76\/revisions"}],"predecessor-version":[{"id":678,"href":"https:\/\/sites.uef.fi\/afinla2025\/wp-json\/wp\/v2\/pages\/76\/revisions\/678"}],"wp:attachment":[{"href":"https:\/\/sites.uef.fi\/afinla2025\/wp-json\/wp\/v2\/media?parent=76"}],"curies":[{"name":"wp","href":"https:\/\/api.w.org\/{rel}","templated":true}]}}