{"id":90,"date":"2025-02-19T10:53:04","date_gmt":"2025-02-19T08:53:04","guid":{"rendered":"https:\/\/sites.uef.fi\/afinla2025\/forstasidan\/"},"modified":"2025-11-05T08:36:50","modified_gmt":"2025-11-05T06:36:50","slug":"forstasidan","status":"publish","type":"page","link":"https:\/\/sites.uef.fi\/afinla2025\/forstasidan\/?lang=sv","title":{"rendered":""},"content":{"rendered":"\n<p>V\u00e4lkommen till <strong>Finl\u00e4ndska f\u00f6reningen f\u00f6r till\u00e4mpad spr\u00e5kvetenskap AFinLA:s \u00e5rliga h\u00f6stsymposium<\/strong> i Joensuu den 6\u20138 november 2025. Temat f\u00f6r symposiet \u00e4r \u201dVariationens kraft\u201d. &nbsp;Syftet med konferensen \u00e4r att lyfta fram den spr\u00e5kliga m\u00e5ngfalden och variationen, och i synnerhet variationens f\u00f6rdelar och nytta i spr\u00e5kundervisningen, i arbetslivet och i samh\u00e4llet i stort. Vi kommer ocks\u00e5 att fokusera p\u00e5 minoritetsspr\u00e5k, deras roll, synlighet och vitalitet samt variationens betydelse f\u00f6r \u00f6vers\u00e4ttningsstudier och \u00f6vers\u00e4ttarutbildning.<\/p>\n\n\n\n<p>Vi \u00f6nskar presentationer och f\u00f6rslag till workshops, s\u00e4rskilt inom f\u00f6ljande teman:<\/p>\n\n\n\n<ul class=\"wp-block-list\">\n<li>Spr\u00e5klig variation i spr\u00e5kundervisning och spr\u00e5kutbildning<\/li>\n\n\n\n<li>Flerspr\u00e5kighet och spr\u00e5klig variation i arbetslivet<\/li>\n\n\n\n<li>Flerspr\u00e5kighet, variation och v\u00e4lbefinnande<\/li>\n\n\n\n<li>Spr\u00e5klig variation, minoritetsspr\u00e5k och spr\u00e5klig revitalisering<\/li>\n\n\n\n<li>Variation och receptiv flerspr\u00e5kighet<\/li>\n\n\n\n<li>Variation, \u00f6vers\u00e4ttning och \u00f6vers\u00e4ttarutbildning<\/li>\n<\/ul>\n\n\n\n<p>Vi v\u00e4lkomnar ocks\u00e5 alla andra presentationer inom omr\u00e5det till\u00e4mpad lingvistik.<\/p>\n\n\n\n<p>F\u00f6rslag p\u00e5 f\u00f6redrag, posterpresentationer och workshoppar b\u00f6r l\u00e4mnas in senast den 8 september 2025. Arrang\u00f6rerna skickar ett besked om antagning senast den 1 oktober 2025. Den f\u00f6rsta anm\u00e4lningsdagen \u00e4r den<strong> 2 oktober 2025, <\/strong>b\u00f6rjande p\u00e5 klockan 16:00. Den sista anm\u00e4lnings- och betalningsdagen \u00e4r den 20 oktober 2025.<\/p>\n\n\n\n<p>E-postadress: afinla2025@uef.fi<\/p>\n\n\n\n<p>Organisationskommitt\u00e9n: Maria Kok, Heli Paulasto, Esa Penttil\u00e4, Jaana Kolu, Lea Meril\u00e4inen, Milla Uusitupa, Ilja Moshnikov, Niko Tynnyrinen &amp; Iiris Salminen<\/p>\n\n\n\n<p>Symposiet arrangeras av \u00d6stra Finlands universitet.<\/p>\n\n\n\n<figure class=\"wp-block-image size-large is-resized\"><img loading=\"lazy\" decoding=\"async\" width=\"1024\" height=\"955\" src=\"https:\/\/sites.uef.fi\/afinla2025\/wp-content\/uploads\/sites\/547\/2025\/10\/UEF_eng_black1-2-1024x955.jpg\" alt=\"\" class=\"wp-image-633\" style=\"width:auto;height:100px\" srcset=\"https:\/\/sites.uef.fi\/afinla2025\/wp-content\/uploads\/sites\/547\/2025\/10\/UEF_eng_black1-2-1024x955.jpg 1024w, https:\/\/sites.uef.fi\/afinla2025\/wp-content\/uploads\/sites\/547\/2025\/10\/UEF_eng_black1-2-300x280.jpg 300w, https:\/\/sites.uef.fi\/afinla2025\/wp-content\/uploads\/sites\/547\/2025\/10\/UEF_eng_black1-2-768x716.jpg 768w, https:\/\/sites.uef.fi\/afinla2025\/wp-content\/uploads\/sites\/547\/2025\/10\/UEF_eng_black1-2-1536x1432.jpg 1536w, https:\/\/sites.uef.fi\/afinla2025\/wp-content\/uploads\/sites\/547\/2025\/10\/UEF_eng_black1-2-2048x1910.jpg 2048w\" sizes=\"auto, (max-width: 1024px) 100vw, 1024px\" \/><\/figure>\n\n\n\n<p>Symposiet st\u00f6ds av BOMOCULT och Svenska litteraturs\u00e4llskapet i Finland.<\/p>\n\n\n\n<figure class=\"wp-block-image size-full is-resized\"><img loading=\"lazy\" decoding=\"async\" width=\"1000\" height=\"300\" src=\"https:\/\/sites.uef.fi\/afinla2025\/wp-content\/uploads\/sites\/547\/2025\/10\/UEF_Bomocult_Logo-003-2.png\" alt=\"\" class=\"wp-image-637\" style=\"width:auto;height:100px\" srcset=\"https:\/\/sites.uef.fi\/afinla2025\/wp-content\/uploads\/sites\/547\/2025\/10\/UEF_Bomocult_Logo-003-2.png 1000w, https:\/\/sites.uef.fi\/afinla2025\/wp-content\/uploads\/sites\/547\/2025\/10\/UEF_Bomocult_Logo-003-2-300x90.png 300w, https:\/\/sites.uef.fi\/afinla2025\/wp-content\/uploads\/sites\/547\/2025\/10\/UEF_Bomocult_Logo-003-2-768x230.png 768w\" sizes=\"auto, (max-width: 1000px) 100vw, 1000px\" \/><\/figure>\n\n\n\n<figure class=\"wp-block-image size-large is-resized\"><img loading=\"lazy\" decoding=\"async\" width=\"1024\" height=\"331\" src=\"https:\/\/sites.uef.fi\/afinla2025\/wp-content\/uploads\/sites\/547\/2025\/10\/sls-logo-2-1024x331.png\" alt=\"\" class=\"wp-image-642\" style=\"width:auto;height:100px\" srcset=\"https:\/\/sites.uef.fi\/afinla2025\/wp-content\/uploads\/sites\/547\/2025\/10\/sls-logo-2-1024x331.png 1024w, https:\/\/sites.uef.fi\/afinla2025\/wp-content\/uploads\/sites\/547\/2025\/10\/sls-logo-2-300x97.png 300w, https:\/\/sites.uef.fi\/afinla2025\/wp-content\/uploads\/sites\/547\/2025\/10\/sls-logo-2-768x248.png 768w, https:\/\/sites.uef.fi\/afinla2025\/wp-content\/uploads\/sites\/547\/2025\/10\/sls-logo-2-1536x497.png 1536w, https:\/\/sites.uef.fi\/afinla2025\/wp-content\/uploads\/sites\/547\/2025\/10\/sls-logo-2.png 1855w\" sizes=\"auto, (max-width: 1024px) 100vw, 1024px\" \/><\/figure>\n","protected":false},"excerpt":{"rendered":"<p>V\u00e4lkommen till Finl\u00e4ndska f\u00f6reningen f\u00f6r till\u00e4mpad spr\u00e5kvetenskap AFinLA:s \u00e5rliga h\u00f6stsymposium i Joensuu den 6\u20138 november 2025. Temat f\u00f6r symposiet \u00e4r \u201dVariationens kraft\u201d. &nbsp;Syftet med konferensen \u00e4r att lyfta fram den spr\u00e5kliga m\u00e5ngfalden och variationen, och i synnerhet variationens f\u00f6rdelar och nytta i spr\u00e5kundervisningen, i arbetslivet och i samh\u00e4llet i stort. Vi kommer ocks\u00e5 att fokusera [&hellip;]<\/p>\n","protected":false},"author":2,"featured_media":0,"parent":0,"menu_order":0,"comment_status":"closed","ping_status":"closed","template":"","meta":{"_acf_changed":false,"footnotes":""},"class_list":["post-90","page","type-page","status-publish","hentry"],"acf":[],"yoast_head":"<!-- This site is optimized with the Yoast SEO plugin v27.3 - https:\/\/yoast.com\/product\/yoast-seo-wordpress\/ -->\n<title>- AFinLAn syyssymposium 2025<\/title>\n<meta name=\"robots\" content=\"index, follow, max-snippet:-1, max-image-preview:large, max-video-preview:-1\" \/>\n<link rel=\"canonical\" href=\"https:\/\/sites.uef.fi\/afinla2025\/forstasidan\/\" \/>\n<meta property=\"og:locale\" content=\"fi_FI\" \/>\n<meta property=\"og:type\" content=\"article\" \/>\n<meta property=\"og:title\" content=\"- AFinLAn syyssymposium 2025\" \/>\n<meta property=\"og:description\" content=\"V\u00e4lkommen till Finl\u00e4ndska f\u00f6reningen f\u00f6r till\u00e4mpad spr\u00e5kvetenskap AFinLA:s \u00e5rliga h\u00f6stsymposium i Joensuu den 6\u20138 november 2025. Temat f\u00f6r symposiet \u00e4r \u201dVariationens kraft\u201d. &nbsp;Syftet med konferensen \u00e4r att lyfta fram den spr\u00e5kliga m\u00e5ngfalden och variationen, och i synnerhet variationens f\u00f6rdelar och nytta i spr\u00e5kundervisningen, i arbetslivet och i samh\u00e4llet i stort. Vi kommer ocks\u00e5 att fokusera [&hellip;]\" \/>\n<meta property=\"og:url\" content=\"https:\/\/sites.uef.fi\/afinla2025\/forstasidan\/?lang=sv\" \/>\n<meta property=\"og:site_name\" content=\"AFinLAn syyssymposium 2025\" \/>\n<meta property=\"article:modified_time\" content=\"2025-11-05T06:36:50+00:00\" \/>\n<meta property=\"og:image\" content=\"https:\/\/sites.uef.fi\/afinla2025\/wp-content\/uploads\/sites\/547\/2025\/10\/UEF_eng_black1-2-1024x955.jpg\" \/>\n<meta name=\"twitter:card\" content=\"summary_large_image\" \/>\n<meta name=\"twitter:label1\" content=\"Arvioitu lukuaika\" \/>\n\t<meta name=\"twitter:data1\" content=\"2 minuuttia\" \/>\n<script type=\"application\/ld+json\" class=\"yoast-schema-graph\">{\"@context\":\"https:\\\/\\\/schema.org\",\"@graph\":[{\"@type\":\"WebPage\",\"@id\":\"https:\\\/\\\/sites.uef.fi\\\/afinla2025\\\/forstasidan\\\/?lang=sv\",\"url\":\"https:\\\/\\\/sites.uef.fi\\\/afinla2025\\\/forstasidan\\\/?lang=sv\",\"name\":\"- AFinLAn syyssymposium 2025\",\"isPartOf\":{\"@id\":\"https:\\\/\\\/sites.uef.fi\\\/afinla2025\\\/#website\"},\"primaryImageOfPage\":{\"@id\":\"https:\\\/\\\/sites.uef.fi\\\/afinla2025\\\/forstasidan\\\/?lang=sv#primaryimage\"},\"image\":{\"@id\":\"https:\\\/\\\/sites.uef.fi\\\/afinla2025\\\/forstasidan\\\/?lang=sv#primaryimage\"},\"thumbnailUrl\":\"https:\\\/\\\/sites.uef.fi\\\/afinla2025\\\/wp-content\\\/uploads\\\/sites\\\/547\\\/2025\\\/10\\\/UEF_eng_black1-2-1024x955.jpg\",\"datePublished\":\"2025-02-19T08:53:04+00:00\",\"dateModified\":\"2025-11-05T06:36:50+00:00\",\"inLanguage\":\"fi\",\"potentialAction\":[{\"@type\":\"ReadAction\",\"target\":[\"https:\\\/\\\/sites.uef.fi\\\/afinla2025\\\/forstasidan\\\/?lang=sv\"]}]},{\"@type\":\"ImageObject\",\"inLanguage\":\"fi\",\"@id\":\"https:\\\/\\\/sites.uef.fi\\\/afinla2025\\\/forstasidan\\\/?lang=sv#primaryimage\",\"url\":\"https:\\\/\\\/sites.uef.fi\\\/afinla2025\\\/wp-content\\\/uploads\\\/sites\\\/547\\\/2025\\\/10\\\/UEF_eng_black1-2-scaled.jpg\",\"contentUrl\":\"https:\\\/\\\/sites.uef.fi\\\/afinla2025\\\/wp-content\\\/uploads\\\/sites\\\/547\\\/2025\\\/10\\\/UEF_eng_black1-2-scaled.jpg\",\"width\":2560,\"height\":2387,\"caption\":\"It\u00e4-Suomen yliopiston, musta tausta, k\u00e4ytet\u00e4\u00e4n ensisijaisesti Primary logo of University of Eastern Finland, with black background\"},{\"@type\":\"WebSite\",\"@id\":\"https:\\\/\\\/sites.uef.fi\\\/afinla2025\\\/#website\",\"url\":\"https:\\\/\\\/sites.uef.fi\\\/afinla2025\\\/\",\"name\":\"AFinLAn syyssymposium 2025\",\"description\":\"\",\"potentialAction\":[{\"@type\":\"SearchAction\",\"target\":{\"@type\":\"EntryPoint\",\"urlTemplate\":\"https:\\\/\\\/sites.uef.fi\\\/afinla2025\\\/?s={search_term_string}\"},\"query-input\":{\"@type\":\"PropertyValueSpecification\",\"valueRequired\":true,\"valueName\":\"search_term_string\"}}],\"inLanguage\":\"fi\"}]}<\/script>\n<!-- \/ Yoast SEO plugin. -->","yoast_head_json":{"title":"- AFinLAn syyssymposium 2025","robots":{"index":"index","follow":"follow","max-snippet":"max-snippet:-1","max-image-preview":"max-image-preview:large","max-video-preview":"max-video-preview:-1"},"canonical":"https:\/\/sites.uef.fi\/afinla2025\/forstasidan\/","og_locale":"fi_FI","og_type":"article","og_title":"- AFinLAn syyssymposium 2025","og_description":"V\u00e4lkommen till Finl\u00e4ndska f\u00f6reningen f\u00f6r till\u00e4mpad spr\u00e5kvetenskap AFinLA:s \u00e5rliga h\u00f6stsymposium i Joensuu den 6\u20138 november 2025. Temat f\u00f6r symposiet \u00e4r \u201dVariationens kraft\u201d. &nbsp;Syftet med konferensen \u00e4r att lyfta fram den spr\u00e5kliga m\u00e5ngfalden och variationen, och i synnerhet variationens f\u00f6rdelar och nytta i spr\u00e5kundervisningen, i arbetslivet och i samh\u00e4llet i stort. Vi kommer ocks\u00e5 att fokusera [&hellip;]","og_url":"https:\/\/sites.uef.fi\/afinla2025\/forstasidan\/?lang=sv","og_site_name":"AFinLAn syyssymposium 2025","article_modified_time":"2025-11-05T06:36:50+00:00","og_image":[{"url":"https:\/\/sites.uef.fi\/afinla2025\/wp-content\/uploads\/sites\/547\/2025\/10\/UEF_eng_black1-2-1024x955.jpg","type":"","width":"","height":""}],"twitter_card":"summary_large_image","twitter_misc":{"Arvioitu lukuaika":"2 minuuttia"},"schema":{"@context":"https:\/\/schema.org","@graph":[{"@type":"WebPage","@id":"https:\/\/sites.uef.fi\/afinla2025\/forstasidan\/?lang=sv","url":"https:\/\/sites.uef.fi\/afinla2025\/forstasidan\/?lang=sv","name":"- AFinLAn syyssymposium 2025","isPartOf":{"@id":"https:\/\/sites.uef.fi\/afinla2025\/#website"},"primaryImageOfPage":{"@id":"https:\/\/sites.uef.fi\/afinla2025\/forstasidan\/?lang=sv#primaryimage"},"image":{"@id":"https:\/\/sites.uef.fi\/afinla2025\/forstasidan\/?lang=sv#primaryimage"},"thumbnailUrl":"https:\/\/sites.uef.fi\/afinla2025\/wp-content\/uploads\/sites\/547\/2025\/10\/UEF_eng_black1-2-1024x955.jpg","datePublished":"2025-02-19T08:53:04+00:00","dateModified":"2025-11-05T06:36:50+00:00","inLanguage":"fi","potentialAction":[{"@type":"ReadAction","target":["https:\/\/sites.uef.fi\/afinla2025\/forstasidan\/?lang=sv"]}]},{"@type":"ImageObject","inLanguage":"fi","@id":"https:\/\/sites.uef.fi\/afinla2025\/forstasidan\/?lang=sv#primaryimage","url":"https:\/\/sites.uef.fi\/afinla2025\/wp-content\/uploads\/sites\/547\/2025\/10\/UEF_eng_black1-2-scaled.jpg","contentUrl":"https:\/\/sites.uef.fi\/afinla2025\/wp-content\/uploads\/sites\/547\/2025\/10\/UEF_eng_black1-2-scaled.jpg","width":2560,"height":2387,"caption":"It\u00e4-Suomen yliopiston, musta tausta, k\u00e4ytet\u00e4\u00e4n ensisijaisesti Primary logo of University of Eastern Finland, with black background"},{"@type":"WebSite","@id":"https:\/\/sites.uef.fi\/afinla2025\/#website","url":"https:\/\/sites.uef.fi\/afinla2025\/","name":"AFinLAn syyssymposium 2025","description":"","potentialAction":[{"@type":"SearchAction","target":{"@type":"EntryPoint","urlTemplate":"https:\/\/sites.uef.fi\/afinla2025\/?s={search_term_string}"},"query-input":{"@type":"PropertyValueSpecification","valueRequired":true,"valueName":"search_term_string"}}],"inLanguage":"fi"}]}},"_links":{"self":[{"href":"https:\/\/sites.uef.fi\/afinla2025\/wp-json\/wp\/v2\/pages\/90","targetHints":{"allow":["GET"]}}],"collection":[{"href":"https:\/\/sites.uef.fi\/afinla2025\/wp-json\/wp\/v2\/pages"}],"about":[{"href":"https:\/\/sites.uef.fi\/afinla2025\/wp-json\/wp\/v2\/types\/page"}],"author":[{"embeddable":true,"href":"https:\/\/sites.uef.fi\/afinla2025\/wp-json\/wp\/v2\/users\/2"}],"replies":[{"embeddable":true,"href":"https:\/\/sites.uef.fi\/afinla2025\/wp-json\/wp\/v2\/comments?post=90"}],"version-history":[{"count":2,"href":"https:\/\/sites.uef.fi\/afinla2025\/wp-json\/wp\/v2\/pages\/90\/revisions"}],"predecessor-version":[{"id":682,"href":"https:\/\/sites.uef.fi\/afinla2025\/wp-json\/wp\/v2\/pages\/90\/revisions\/682"}],"wp:attachment":[{"href":"https:\/\/sites.uef.fi\/afinla2025\/wp-json\/wp\/v2\/media?parent=90"}],"curies":[{"name":"wp","href":"https:\/\/api.w.org\/{rel}","templated":true}]}}