{"id":1316,"date":"2024-11-29T14:48:03","date_gmt":"2024-11-29T12:48:03","guid":{"rendered":"https:\/\/sites.uef.fi\/ainedidaktinen-symposiumi-2025\/?page_id=1316"},"modified":"2025-02-13T20:42:36","modified_gmt":"2025-02-13T18:42:36","slug":"ohjelma","status":"publish","type":"page","link":"https:\/\/sites.uef.fi\/ainedidaktinen-symposiumi-2025\/ohjelma\/","title":{"rendered":"Ohjelma 13.\u201314.2.2025"},"content":{"rendered":"\n<p><strong>Huom! Pid\u00e4t\u00e4mme oikeuden muutoksiin.<\/strong><\/p>\n\n\n\n<figure class=\"wp-block-image size-full is-resized\"><img loading=\"lazy\" decoding=\"async\" width=\"274\" height=\"220\" src=\"https:\/\/sites.uef.fi\/ainedidaktinen-symposiumi-2025\/wp-content\/uploads\/sites\/495\/2024\/11\/Nayttokuva-2024-11-1-kello-21.08.06-7.png\" alt=\"\" class=\"wp-image-1358\" style=\"width:25px;height:auto\" \/><\/figure>\n\n\n\n<h3 class=\"wp-block-heading\">Torstai 13.2.2025<\/h3>\n\n\n\n<p><strong>17.15\u201318.45<\/strong> Suomen ainedidaktisen tutkimusseuran vuosikokous. Paikka: It\u00e4-Suomen yliopisto, <a href=\"https:\/\/sites.uef.fi\/ainedidaktinen-symposiumi-2025\/wp-content\/uploads\/sites\/495\/2024\/10\/KARTTA_Futura.pdf\" target=\"_blank\" rel=\"noreferrer noopener\">Futura-rakennuksen<\/a> sali <strong>F111<\/strong>.<\/p>\n\n\n\n<p><strong>18.30\u201320.30<\/strong> Filosofisen tiedekunnan tarjoama iltatee <strong>ennakkoon ilmoittautuneille<\/strong> Joensuun kauppahallissa (Kauppatori 2),<strong> <a href=\"https:\/\/kauppahallijoensuu.fi\" target=\"_blank\" rel=\"noreferrer noopener\">Ravintola Venn,<\/a> <\/strong>2. krs. Iltateelle voi saapua oman aikataulun mukaisesti.<\/p>\n\n\n\n<figure class=\"wp-block-image size-full is-resized\"><img loading=\"lazy\" decoding=\"async\" width=\"274\" height=\"220\" src=\"https:\/\/sites.uef.fi\/ainedidaktinen-symposiumi-2025\/wp-content\/uploads\/sites\/495\/2024\/11\/Nayttokuva-2024-11-1-kello-21.08.06-6.png\" alt=\"\" class=\"wp-image-1352\" style=\"width:25px;height:auto\" \/><\/figure>\n\n\n\n<h3 class=\"wp-block-heading\">Perjantai 14.2.2025<\/h3>\n\n\n\n<p><strong>8.00\u20138.55<\/strong> Ilmoittautuminen, <a href=\"https:\/\/sites.uef.fi\/ainedidaktinen-symposiumi-2025\/wp-content\/uploads\/sites\/495\/2024\/10\/KARTTA_Metria-1.pdf\" target=\"_blank\" rel=\"noreferrer noopener\">Metria-rakennuksen<\/a> ala-aula<\/p>\n\n\n\n<p><strong>8.00\u20138.55<\/strong> Tutkimusryhmien ja oppiaineiden kokouksia.<\/p>\n\n\n\n<ul class=\"wp-block-list\">\n<li>Ainedidaktiikka-lehden toimitusneuvoston kokous,&nbsp;Metria-rakennuksen sali <strong>M106<\/strong>.<\/li>\n<\/ul>\n\n\n\n<p><strong>Aamup\u00e4iv\u00e4n yhteinen osuus Metria M100<\/strong><\/p>\n\n\n\n<p><strong>9.00\u20139.15<\/strong> Symposiumin avaus: Prof. Hille Janhonen-Abruquah, j\u00e4rjestelytoimikunnan pj., Soveltavan kasvatustieteen ja opettajankoulutuksen osasto; Yliopistonlehtori Anssi Salonen, osaston varajohtaja, Soveltavan kasvatustieteen ja opettajankoulutuksen osasto.<\/p>\n\n\n\n<p><strong>9.15\u20139.55<\/strong> <a href=\"https:\/\/sites.uef.fi\/ainedidaktinen-symposiumi-2025\/keynote-puhujat\/\" target=\"_blank\" rel=\"noreferrer noopener\">Yhteiskuntaluokan rajat ja eronteot sek\u00e4 n\u00e4iden ylityksien mahdollisuudet koulutuksessa<\/a>. Prof. Sonja Kosunen, yleisen kasvatustieteen professori, Kasvatustieteiden ja psykologian osasto, UEF.<\/p>\n\n\n\n<p><strong>9.55\u201310.35<\/strong> <a href=\"https:\/\/sites.uef.fi\/ainedidaktinen-symposiumi-2025\/keynote-puhujat\/\" target=\"_blank\" rel=\"noreferrer noopener\">Kielellisesti vastuullinen pedagogiikka rajojen ylitt\u00e4j\u00e4n\u00e4<\/a>. Prof. Jenni Alisaari kielellisesti ja kulttuurisesti moninaistuvan kasvatuksen professori, Soveltavan kasvatustieteen ja opettajankoulutuksen osasto, UEF.<\/p>\n\n\n\n<p><strong>10.35\u201310.45<\/strong> Verryttelytauko.<\/p>\n\n\n\n<p><strong>10.45\u201311.25<\/strong> <a href=\"https:\/\/sites.uef.fi\/ainedidaktinen-symposiumi-2025\/keynote-puhujat\/\" target=\"_blank\" rel=\"noreferrer noopener\">Menneisyyden ja nykyisyyden rajank\u00e4ynti\u00e4 historian yliopisto-opetuksessa<\/a>. Yliopistonlehtori, dosentti Kati Parppei, historian- ja maantieteiden laitos, UEF.<\/p>\n\n\n\n<p><strong>11.25\u201311.35<\/strong> Opettajankoulutusfoorumin tervehdys. Prof. Auli Toom, opettajankoulutusfoorumin puheenjohtaja.<\/p>\n\n\n\n<p><strong>11.35\u201311.45<\/strong> Kohti ainedidaktisen tutkimuksen 15-vuotisjuhlavuotta. Prof. Eila Lindfors, Suomen ainedidaktisen tutkimusseuran puheenjohtaja.<\/p>\n\n\n\n<p><strong>11.45\u201312.45 <\/strong>Omakustanteinen lounas kampusalueen ravintoloissa. Vierailija-, henkil\u00f6kunta- ja opiskelijahintaiset lounaat l\u00f6ytyv\u00e4t seuraavista ravintoloista.<\/p>\n\n\n\n<ul class=\"wp-block-list\">\n<li>Ravintola <a href=\"https:\/\/www.compass-group.fi\/ravintolat-ja-ruokalistat\/foodco\/kaupungit\/joensuu\/natura\/\" target=\"_blank\" rel=\"noreferrer noopener\">Natura<\/a><\/li>\n\n\n\n<li>Ravintola <a href=\"https:\/\/www.compass-group.fi\/ravintolat-ja-ruokalistat\/foodco\/kaupungit\/joensuu\/futura\/\" target=\"_blank\" rel=\"noreferrer noopener\">Futura<\/a><\/li>\n\n\n\n<li><a href=\"https:\/\/www.compass-group.fi\/ravintolat-ja-ruokalistat\/foodco\/kaupungit\/joensuu\/wicked-rabbit-metria\/\" target=\"_blank\" rel=\"noreferrer noopener\">Wicked Rabbit<\/a> -ravintola (Metrialla). Lounaan hinta on symposiumin osallistujille 11,50\u20ac. <\/li>\n<\/ul>\n\n\n\n<p>Ravintola <a href=\"https:\/\/www.compass-group.fi\/ravintolat-ja-ruokalistat\/foodco\/kaupungit\/joensuu\/aura\/\" target=\"_blank\" rel=\"noreferrer noopener\">Aura<\/a>, Ravintola <a href=\"https:\/\/www.compass-group.fi\/ravintolat-ja-ruokalistat\/foodco\/kaupungit\/joensuu\/opiskelijaravintola-carelia\/\" target=\"_blank\" rel=\"noreferrer noopener\">Carelia<\/a> ja <a href=\"https:\/\/www.compass-group.fi\/ravintolat-ja-ruokalistat\/foodco\/kaupungit\/joensuu\/kampus-bistro\/\" target=\"_blank\" rel=\"noreferrer noopener\">Kampus Bistro<\/a> palvelevat my\u00f6s symposiumin osallistujia, mutta kampuksella j\u00e4rjestet\u00e4\u00e4n toinen tapahtuma samaan aikaan ja ravintolat saattavat olla ruuhkaisia lounasaikaan.<\/p>\n\n\n\n<p><strong>12.45\u201314.05<\/strong> Teemaryhmien <strong>sessio 1<\/strong>, <a href=\"https:\/\/www.thinglink.com\/card\/1945591954779668966\" target=\"_blank\" rel=\"noreferrer noopener\">Futura-, Metria- ja Natura-rakennusten salit<\/a>.<\/p>\n\n\n\n<p><strong>13.45\u201314.20<\/strong> Tauko ja kahvitarjoilu (Metrian, Futuran ja Naturan ala-auloissa)<\/p>\n\n\n\n<p><strong>14.20\u201315.40<\/strong> Teemaryhmien<strong> sessio 2<\/strong>, <a href=\"https:\/\/www.thinglink.com\/card\/1945591954779668966\" target=\"_blank\" rel=\"noreferrer noopener\">Futura-, Metria- ja Natura-rakennusten salit<\/a>.<\/p>\n\n\n\n<p><strong>15.40\u201317.00<\/strong> Tutkimusryhmien ja oppiaineiden kokouksia<\/p>\n\n\n\n<ul class=\"wp-block-list\">\n<li>Kotitalouden aineryhm\u00e4n tapaaminen N301<\/li>\n\n\n\n<li>Historian ja yhteiskuntaopin aineryhm\u00e4n tapaaminen F112<\/li>\n<\/ul>\n\n\n\n<figure class=\"wp-block-image size-full is-resized\"><img loading=\"lazy\" decoding=\"async\" width=\"274\" height=\"220\" src=\"https:\/\/sites.uef.fi\/ainedidaktinen-symposiumi-2025\/wp-content\/uploads\/sites\/495\/2024\/11\/Nayttokuva-2024-11-1-kello-21.08.06-5.png\" alt=\"\" class=\"wp-image-1343\" style=\"width:25px;height:auto\" \/><\/figure>\n\n\n\n<p><strong>Junayhteyksi\u00e4<\/strong>: <\/p>\n\n\n\n<p>Joensuu \u2192 Helsinki 15.10\u201319.45 tai 18.10\u201322.45<\/p>\n\n\n\n<p>Joensuu \u2192 Jyv\u00e4skyl\u00e4 15.40\u201319.03<\/p>\n\n\n\n<p>Huom! Yliopistolta rautatieasemalle on matkaa kaksi kilometri\u00e4. K\u00e4vellen aikaa menee noin 30 minuuttia.<\/p>\n\n\n\n<figure class=\"wp-block-image size-full is-resized\"><img loading=\"lazy\" decoding=\"async\" width=\"274\" height=\"220\" src=\"https:\/\/sites.uef.fi\/ainedidaktinen-symposiumi-2025\/wp-content\/uploads\/sites\/495\/2024\/11\/Nayttokuva-2024-11-1-kello-21.08.06-5.png\" alt=\"\" class=\"wp-image-1343\" style=\"width:25px;height:auto\" \/><\/figure>\n\n\n\n<p><strong>Tutustu tarkemmin kampukseen<\/strong> <a href=\"https:\/\/sites.uef.fi\/ainedidaktinen-symposiumi-2025\/287-2\/\" target=\"_blank\" rel=\"noreferrer noopener\">Yhteystiedot ja info<\/a> -sivulla tai <a href=\"https:\/\/linktr.ee\/tuudoapp\">Tuudo<\/a>-sovelluksella. <\/p>\n\n\n\n<p><\/p>\n","protected":false},"excerpt":{"rendered":"<p>Huom! Pid\u00e4t\u00e4mme oikeuden muutoksiin. Torstai 13.2.2025 17.15\u201318.45 Suomen ainedidaktisen tutkimusseuran vuosikokous. Paikka: It\u00e4-Suomen yliopisto, Futura-rakennuksen sali F111. 18.30\u201320.30 Filosofisen tiedekunnan tarjoama iltatee ennakkoon ilmoittautuneille Joensuun kauppahallissa (Kauppatori 2), Ravintola Venn, 2. krs. Iltateelle voi saapua oman aikataulun mukaisesti. Perjantai 14.2.2025 8.00\u20138.55 Ilmoittautuminen, Metria-rakennuksen ala-aula 8.00\u20138.55 Tutkimusryhmien ja oppiaineiden kokouksia. Aamup\u00e4iv\u00e4n yhteinen osuus Metria M100 9.00\u20139.15 [&hellip;]<\/p>\n","protected":false},"author":1221,"featured_media":0,"parent":0,"menu_order":0,"comment_status":"closed","ping_status":"closed","template":"","meta":{"_acf_changed":false,"footnotes":""},"class_list":["post-1316","page","type-page","status-publish","hentry"],"acf":[],"yoast_head":"<!-- This site is optimized with the Yoast SEO plugin v27.1.1 - https:\/\/yoast.com\/product\/yoast-seo-wordpress\/ -->\n<title>Ohjelma 13.\u201314.2.2025 - Ainedidaktinen symposiumi 2025<\/title>\n<meta name=\"robots\" content=\"index, follow, max-snippet:-1, max-image-preview:large, max-video-preview:-1\" \/>\n<link rel=\"canonical\" href=\"https:\/\/sites.uef.fi\/ainedidaktinen-symposiumi-2025\/ohjelma\/\" \/>\n<meta property=\"og:locale\" content=\"fi_FI\" \/>\n<meta property=\"og:type\" content=\"article\" \/>\n<meta property=\"og:title\" content=\"Ohjelma 13.\u201314.2.2025 - Ainedidaktinen symposiumi 2025\" \/>\n<meta property=\"og:description\" content=\"Huom! Pid\u00e4t\u00e4mme oikeuden muutoksiin. Torstai 13.2.2025 17.15\u201318.45 Suomen ainedidaktisen tutkimusseuran vuosikokous. Paikka: It\u00e4-Suomen yliopisto, Futura-rakennuksen sali F111. 18.30\u201320.30 Filosofisen tiedekunnan tarjoama iltatee ennakkoon ilmoittautuneille Joensuun kauppahallissa (Kauppatori 2), Ravintola Venn, 2. krs. Iltateelle voi saapua oman aikataulun mukaisesti. Perjantai 14.2.2025 8.00\u20138.55 Ilmoittautuminen, Metria-rakennuksen ala-aula 8.00\u20138.55 Tutkimusryhmien ja oppiaineiden kokouksia. Aamup\u00e4iv\u00e4n yhteinen osuus Metria M100 9.00\u20139.15 [&hellip;]\" \/>\n<meta property=\"og:url\" content=\"https:\/\/sites.uef.fi\/ainedidaktinen-symposiumi-2025\/ohjelma\/\" \/>\n<meta property=\"og:site_name\" content=\"Ainedidaktinen symposiumi 2025\" \/>\n<meta property=\"article:modified_time\" content=\"2025-02-13T18:42:36+00:00\" \/>\n<meta property=\"og:image\" content=\"https:\/\/sites.uef.fi\/ainedidaktinen-symposiumi-2025\/wp-content\/uploads\/sites\/495\/2024\/11\/Nayttokuva-2024-11-1-kello-21.08.06-7.png\" \/>\n\t<meta property=\"og:image:width\" content=\"274\" \/>\n\t<meta property=\"og:image:height\" content=\"220\" \/>\n\t<meta property=\"og:image:type\" content=\"image\/png\" \/>\n<meta name=\"twitter:card\" content=\"summary_large_image\" \/>\n<meta name=\"twitter:label1\" content=\"Arvioitu lukuaika\" \/>\n\t<meta name=\"twitter:data1\" content=\"3 minuuttia\" \/>\n<script type=\"application\/ld+json\" class=\"yoast-schema-graph\">{\"@context\":\"https:\/\/schema.org\",\"@graph\":[{\"@type\":\"WebPage\",\"@id\":\"https:\/\/sites.uef.fi\/ainedidaktinen-symposiumi-2025\/ohjelma\/\",\"url\":\"https:\/\/sites.uef.fi\/ainedidaktinen-symposiumi-2025\/ohjelma\/\",\"name\":\"Ohjelma 13.\u201314.2.2025 - Ainedidaktinen symposiumi 2025\",\"isPartOf\":{\"@id\":\"https:\/\/sites.uef.fi\/ainedidaktinen-symposiumi-2025\/#website\"},\"primaryImageOfPage\":{\"@id\":\"https:\/\/sites.uef.fi\/ainedidaktinen-symposiumi-2025\/ohjelma\/#primaryimage\"},\"image\":{\"@id\":\"https:\/\/sites.uef.fi\/ainedidaktinen-symposiumi-2025\/ohjelma\/#primaryimage\"},\"thumbnailUrl\":\"https:\/\/sites.uef.fi\/ainedidaktinen-symposiumi-2025\/wp-content\/uploads\/sites\/495\/2024\/11\/Nayttokuva-2024-11-1-kello-21.08.06-7.png\",\"datePublished\":\"2024-11-29T12:48:03+00:00\",\"dateModified\":\"2025-02-13T18:42:36+00:00\",\"breadcrumb\":{\"@id\":\"https:\/\/sites.uef.fi\/ainedidaktinen-symposiumi-2025\/ohjelma\/#breadcrumb\"},\"inLanguage\":\"fi\",\"potentialAction\":[{\"@type\":\"ReadAction\",\"target\":[\"https:\/\/sites.uef.fi\/ainedidaktinen-symposiumi-2025\/ohjelma\/\"]}]},{\"@type\":\"ImageObject\",\"inLanguage\":\"fi\",\"@id\":\"https:\/\/sites.uef.fi\/ainedidaktinen-symposiumi-2025\/ohjelma\/#primaryimage\",\"url\":\"https:\/\/sites.uef.fi\/ainedidaktinen-symposiumi-2025\/wp-content\/uploads\/sites\/495\/2024\/11\/Nayttokuva-2024-11-1-kello-21.08.06-7.png\",\"contentUrl\":\"https:\/\/sites.uef.fi\/ainedidaktinen-symposiumi-2025\/wp-content\/uploads\/sites\/495\/2024\/11\/Nayttokuva-2024-11-1-kello-21.08.06-7.png\",\"width\":274,\"height\":220},{\"@type\":\"BreadcrumbList\",\"@id\":\"https:\/\/sites.uef.fi\/ainedidaktinen-symposiumi-2025\/ohjelma\/#breadcrumb\",\"itemListElement\":[{\"@type\":\"ListItem\",\"position\":1,\"name\":\"Home\",\"item\":\"https:\/\/sites.uef.fi\/ainedidaktinen-symposiumi-2025\/\"},{\"@type\":\"ListItem\",\"position\":2,\"name\":\"Ohjelma 13.\u201314.2.2025\"}]},{\"@type\":\"WebSite\",\"@id\":\"https:\/\/sites.uef.fi\/ainedidaktinen-symposiumi-2025\/#website\",\"url\":\"https:\/\/sites.uef.fi\/ainedidaktinen-symposiumi-2025\/\",\"name\":\"Ainedidaktinen symposiumi 2025\",\"description\":\"\",\"potentialAction\":[{\"@type\":\"SearchAction\",\"target\":{\"@type\":\"EntryPoint\",\"urlTemplate\":\"https:\/\/sites.uef.fi\/ainedidaktinen-symposiumi-2025\/?s={search_term_string}\"},\"query-input\":{\"@type\":\"PropertyValueSpecification\",\"valueRequired\":true,\"valueName\":\"search_term_string\"}}],\"inLanguage\":\"fi\"}]}<\/script>\n<!-- \/ Yoast SEO plugin. -->","yoast_head_json":{"title":"Ohjelma 13.\u201314.2.2025 - Ainedidaktinen symposiumi 2025","robots":{"index":"index","follow":"follow","max-snippet":"max-snippet:-1","max-image-preview":"max-image-preview:large","max-video-preview":"max-video-preview:-1"},"canonical":"https:\/\/sites.uef.fi\/ainedidaktinen-symposiumi-2025\/ohjelma\/","og_locale":"fi_FI","og_type":"article","og_title":"Ohjelma 13.\u201314.2.2025 - Ainedidaktinen symposiumi 2025","og_description":"Huom! Pid\u00e4t\u00e4mme oikeuden muutoksiin. Torstai 13.2.2025 17.15\u201318.45 Suomen ainedidaktisen tutkimusseuran vuosikokous. Paikka: It\u00e4-Suomen yliopisto, Futura-rakennuksen sali F111. 18.30\u201320.30 Filosofisen tiedekunnan tarjoama iltatee ennakkoon ilmoittautuneille Joensuun kauppahallissa (Kauppatori 2), Ravintola Venn, 2. krs. Iltateelle voi saapua oman aikataulun mukaisesti. Perjantai 14.2.2025 8.00\u20138.55 Ilmoittautuminen, Metria-rakennuksen ala-aula 8.00\u20138.55 Tutkimusryhmien ja oppiaineiden kokouksia. Aamup\u00e4iv\u00e4n yhteinen osuus Metria M100 9.00\u20139.15 [&hellip;]","og_url":"https:\/\/sites.uef.fi\/ainedidaktinen-symposiumi-2025\/ohjelma\/","og_site_name":"Ainedidaktinen symposiumi 2025","article_modified_time":"2025-02-13T18:42:36+00:00","og_image":[{"width":274,"height":220,"url":"https:\/\/sites.uef.fi\/ainedidaktinen-symposiumi-2025\/wp-content\/uploads\/sites\/495\/2024\/11\/Nayttokuva-2024-11-1-kello-21.08.06-7.png","type":"image\/png"}],"twitter_card":"summary_large_image","twitter_misc":{"Arvioitu lukuaika":"3 minuuttia"},"schema":{"@context":"https:\/\/schema.org","@graph":[{"@type":"WebPage","@id":"https:\/\/sites.uef.fi\/ainedidaktinen-symposiumi-2025\/ohjelma\/","url":"https:\/\/sites.uef.fi\/ainedidaktinen-symposiumi-2025\/ohjelma\/","name":"Ohjelma 13.\u201314.2.2025 - Ainedidaktinen symposiumi 2025","isPartOf":{"@id":"https:\/\/sites.uef.fi\/ainedidaktinen-symposiumi-2025\/#website"},"primaryImageOfPage":{"@id":"https:\/\/sites.uef.fi\/ainedidaktinen-symposiumi-2025\/ohjelma\/#primaryimage"},"image":{"@id":"https:\/\/sites.uef.fi\/ainedidaktinen-symposiumi-2025\/ohjelma\/#primaryimage"},"thumbnailUrl":"https:\/\/sites.uef.fi\/ainedidaktinen-symposiumi-2025\/wp-content\/uploads\/sites\/495\/2024\/11\/Nayttokuva-2024-11-1-kello-21.08.06-7.png","datePublished":"2024-11-29T12:48:03+00:00","dateModified":"2025-02-13T18:42:36+00:00","breadcrumb":{"@id":"https:\/\/sites.uef.fi\/ainedidaktinen-symposiumi-2025\/ohjelma\/#breadcrumb"},"inLanguage":"fi","potentialAction":[{"@type":"ReadAction","target":["https:\/\/sites.uef.fi\/ainedidaktinen-symposiumi-2025\/ohjelma\/"]}]},{"@type":"ImageObject","inLanguage":"fi","@id":"https:\/\/sites.uef.fi\/ainedidaktinen-symposiumi-2025\/ohjelma\/#primaryimage","url":"https:\/\/sites.uef.fi\/ainedidaktinen-symposiumi-2025\/wp-content\/uploads\/sites\/495\/2024\/11\/Nayttokuva-2024-11-1-kello-21.08.06-7.png","contentUrl":"https:\/\/sites.uef.fi\/ainedidaktinen-symposiumi-2025\/wp-content\/uploads\/sites\/495\/2024\/11\/Nayttokuva-2024-11-1-kello-21.08.06-7.png","width":274,"height":220},{"@type":"BreadcrumbList","@id":"https:\/\/sites.uef.fi\/ainedidaktinen-symposiumi-2025\/ohjelma\/#breadcrumb","itemListElement":[{"@type":"ListItem","position":1,"name":"Home","item":"https:\/\/sites.uef.fi\/ainedidaktinen-symposiumi-2025\/"},{"@type":"ListItem","position":2,"name":"Ohjelma 13.\u201314.2.2025"}]},{"@type":"WebSite","@id":"https:\/\/sites.uef.fi\/ainedidaktinen-symposiumi-2025\/#website","url":"https:\/\/sites.uef.fi\/ainedidaktinen-symposiumi-2025\/","name":"Ainedidaktinen symposiumi 2025","description":"","potentialAction":[{"@type":"SearchAction","target":{"@type":"EntryPoint","urlTemplate":"https:\/\/sites.uef.fi\/ainedidaktinen-symposiumi-2025\/?s={search_term_string}"},"query-input":{"@type":"PropertyValueSpecification","valueRequired":true,"valueName":"search_term_string"}}],"inLanguage":"fi"}]}},"_links":{"self":[{"href":"https:\/\/sites.uef.fi\/ainedidaktinen-symposiumi-2025\/wp-json\/wp\/v2\/pages\/1316","targetHints":{"allow":["GET"]}}],"collection":[{"href":"https:\/\/sites.uef.fi\/ainedidaktinen-symposiumi-2025\/wp-json\/wp\/v2\/pages"}],"about":[{"href":"https:\/\/sites.uef.fi\/ainedidaktinen-symposiumi-2025\/wp-json\/wp\/v2\/types\/page"}],"author":[{"embeddable":true,"href":"https:\/\/sites.uef.fi\/ainedidaktinen-symposiumi-2025\/wp-json\/wp\/v2\/users\/1221"}],"replies":[{"embeddable":true,"href":"https:\/\/sites.uef.fi\/ainedidaktinen-symposiumi-2025\/wp-json\/wp\/v2\/comments?post=1316"}],"version-history":[{"count":1,"href":"https:\/\/sites.uef.fi\/ainedidaktinen-symposiumi-2025\/wp-json\/wp\/v2\/pages\/1316\/revisions"}],"predecessor-version":[{"id":1644,"href":"https:\/\/sites.uef.fi\/ainedidaktinen-symposiumi-2025\/wp-json\/wp\/v2\/pages\/1316\/revisions\/1644"}],"wp:attachment":[{"href":"https:\/\/sites.uef.fi\/ainedidaktinen-symposiumi-2025\/wp-json\/wp\/v2\/media?parent=1316"}],"curies":[{"name":"wp","href":"https:\/\/api.w.org\/{rel}","templated":true}]}}