{"id":225,"date":"2024-08-28T12:39:28","date_gmt":"2024-08-28T12:39:28","guid":{"rendered":"https:\/\/sites.uef.fi\/ainedidaktinen-symposiumi-2025\/?page_id=225"},"modified":"2025-02-14T17:15:08","modified_gmt":"2025-02-14T15:15:08","slug":"etusivu","status":"publish","type":"page","link":"https:\/\/sites.uef.fi\/ainedidaktinen-symposiumi-2025\/","title":{"rendered":"Etusivu"},"content":{"rendered":"\n<h2 class=\"wp-block-heading\">Rajalla, rajatta, rajojen yli \u2013 Moninainen opettajankoulutus<\/h2>\n\n\n\n<p>Rajat, n\u00e4kyv\u00e4t ja n\u00e4kym\u00e4tt\u00f6m\u00e4t, uudet ja vanhat, puhuttavat meit\u00e4 p\u00e4ivitt\u00e4in yhteiskunnallisessa keskustelussa.<\/p>\n\n\n\n<p>Millaista rajakeskustelua koulussa, oppiaineissa ja opettajankoulutuksessa k\u00e4yd\u00e4\u00e4n?&nbsp; Oppiaineiden v\u00e4lill\u00e4 on monia rajoja. Milloin niiden purkaminen on tarpeen? Milloin yhteisty\u00f6 tuo todellista lis\u00e4arvoa? Onko joistain rajoista kuitenkin syyt\u00e4 pit\u00e4\u00e4 kiinni?<\/p>\n\n\n\n<p>Opettajankoulutus eri korkeakouluissa on paikallista ja toisinaan lokeroitunutta. Millainen korkeakoulujen v\u00e4linen toiminta edist\u00e4\u00e4 oppimisen laatua? Kansainv\u00e4linen opettajankoulutus antaa mahdollisuuden rajojen ylitt\u00e4miseen. Miten kulttuurinen moninaisuus rakentuu todelliseksi voimavaraksi oppimisessa?<\/p>\n\n\n\n<p>Kasvava globaali liikkuvuus tuo oppijoita Suomeen ja vie oppijoita Suomen rajojen ulkopuolelle. Miten lasten, nuorten ja heid\u00e4n perheidens\u00e4 liikkuvuus haastaa kansallista koulua ja kouluj\u00e4rjestelm\u00e4\u00e4? Milloin opettajakoulutuksessa on syyt\u00e4 tunnistaa rajat, milloin ne tulee purkaa, ent\u00e4 milloin on hyp\u00e4tt\u00e4v\u00e4 rajan yli?&nbsp;<\/p>\n\n\n\n<p>It\u00e4-Suomen yliopisto, Soveltavan kasvatustieteen ja opettajankoulutuksen osasto, toivottaa tervetulleeksi ainedidaktiikan tutkijat, opettajat ja opiskelijat keskustelemaan ainedidaktiikan ajankohtaisista kysymyksist\u00e4 joko paikan p\u00e4\u00e4lle Joensuuhun tai et\u00e4yhteyksin.&nbsp;<\/p>\n\n\n\n<figure class=\"wp-block-image size-full is-resized\"><img loading=\"lazy\" decoding=\"async\" width=\"274\" height=\"220\" src=\"https:\/\/sites.uef.fi\/ainedidaktinen-symposiumi-2025\/wp-content\/uploads\/sites\/495\/2024\/11\/Nayttokuva-2024-11-1-kello-21.08.06-4.png\" alt=\"\" class=\"wp-image-1073\" style=\"width:25px;height:auto\" \/><\/figure>\n\n\n\n<h5 class=\"wp-block-heading\">(Huomaa, ett\u00e4 sivuvalikko l\u00f6ytyy oikeasta yl\u00e4kulmasta)<\/h5>\n\n\n\n<figure class=\"wp-block-image size-full is-resized\"><img loading=\"lazy\" decoding=\"async\" width=\"274\" height=\"220\" src=\"https:\/\/sites.uef.fi\/ainedidaktinen-symposiumi-2025\/wp-content\/uploads\/sites\/495\/2024\/11\/Nayttokuva-2024-11-1-kello-21.08.06-4.png\" alt=\"\" class=\"wp-image-1073\" style=\"width:25px;height:auto\" \/><\/figure>\n\n\n\n<figure class=\"wp-block-image size-full is-resized\"><img loading=\"lazy\" decoding=\"async\" width=\"274\" height=\"220\" src=\"https:\/\/sites.uef.fi\/ainedidaktinen-symposiumi-2025\/wp-content\/uploads\/sites\/495\/2024\/11\/Nayttokuva-2024-11-1-kello-21.08.06-4.png\" alt=\"\" class=\"wp-image-1073\" style=\"width:25px;height:auto\" \/><\/figure>\n\n\n\n<figure class=\"wp-block-image aligncenter size-large is-resized\"><a href=\"https:\/\/www.ainedidaktiikka.fi\" target=\"_blank\" rel=\"noreferrer noopener\"><img loading=\"lazy\" decoding=\"async\" width=\"1024\" height=\"436\" src=\"https:\/\/sites.uef.fi\/ainedidaktinen-symposiumi-2025\/wp-content\/uploads\/sites\/495\/2024\/11\/SATS-logo-100-opaque-logo-on-white-background-1024x436.png\" alt=\"\" class=\"wp-image-1157\" style=\"width:322px;height:auto\" srcset=\"https:\/\/sites.uef.fi\/ainedidaktinen-symposiumi-2025\/wp-content\/uploads\/sites\/495\/2024\/11\/SATS-logo-100-opaque-logo-on-white-background-1024x436.png 1024w, https:\/\/sites.uef.fi\/ainedidaktinen-symposiumi-2025\/wp-content\/uploads\/sites\/495\/2024\/11\/SATS-logo-100-opaque-logo-on-white-background-300x128.png 300w, https:\/\/sites.uef.fi\/ainedidaktinen-symposiumi-2025\/wp-content\/uploads\/sites\/495\/2024\/11\/SATS-logo-100-opaque-logo-on-white-background-768x327.png 768w, https:\/\/sites.uef.fi\/ainedidaktinen-symposiumi-2025\/wp-content\/uploads\/sites\/495\/2024\/11\/SATS-logo-100-opaque-logo-on-white-background-1536x653.png 1536w, https:\/\/sites.uef.fi\/ainedidaktinen-symposiumi-2025\/wp-content\/uploads\/sites\/495\/2024\/11\/SATS-logo-100-opaque-logo-on-white-background.png 1810w\" sizes=\"auto, (max-width: 1024px) 100vw, 1024px\" \/><\/a><\/figure>\n\n\n\n<figure class=\"wp-block-image aligncenter size-large is-resized\"><a href=\"https:\/\/www.uef.fi\/fi\/\" target=\"_blank\" rel=\"noreferrer noopener\"><img loading=\"lazy\" decoding=\"async\" width=\"1024\" height=\"955\" src=\"https:\/\/sites.uef.fi\/ainedidaktinen-symposiumi-2025\/wp-content\/uploads\/sites\/495\/2024\/11\/UEF_eng_black-1024x955.jpg\" alt=\"\" class=\"wp-image-1208\" style=\"width:180px;height:auto\" srcset=\"https:\/\/sites.uef.fi\/ainedidaktinen-symposiumi-2025\/wp-content\/uploads\/sites\/495\/2024\/11\/UEF_eng_black-1024x955.jpg 1024w, https:\/\/sites.uef.fi\/ainedidaktinen-symposiumi-2025\/wp-content\/uploads\/sites\/495\/2024\/11\/UEF_eng_black-300x280.jpg 300w, https:\/\/sites.uef.fi\/ainedidaktinen-symposiumi-2025\/wp-content\/uploads\/sites\/495\/2024\/11\/UEF_eng_black-768x716.jpg 768w, https:\/\/sites.uef.fi\/ainedidaktinen-symposiumi-2025\/wp-content\/uploads\/sites\/495\/2024\/11\/UEF_eng_black-1536x1432.jpg 1536w, https:\/\/sites.uef.fi\/ainedidaktinen-symposiumi-2025\/wp-content\/uploads\/sites\/495\/2024\/11\/UEF_eng_black-2048x1910.jpg 2048w\" sizes=\"auto, (max-width: 1024px) 100vw, 1024px\" \/><\/a><\/figure>\n\n\n\n<figure class=\"wp-block-image aligncenter size-full is-resized is-style-default\"><a href=\"https:\/\/www.uef.fi\/fi\/tutkimusyhteiso\/oppiminen-arki-ja-tyo-digitalisoituneessa-yhteiskunnassa\" target=\"_blank\" rel=\"noreferrer noopener\"><img loading=\"lazy\" decoding=\"async\" width=\"800\" height=\"300\" src=\"https:\/\/sites.uef.fi\/ainedidaktinen-symposiumi-2025\/wp-content\/uploads\/sites\/495\/2024\/11\/UEF_DIGS_Logo_RC.png\" alt=\"\" class=\"wp-image-1079\" style=\"width:147px;height:auto\" srcset=\"https:\/\/sites.uef.fi\/ainedidaktinen-symposiumi-2025\/wp-content\/uploads\/sites\/495\/2024\/11\/UEF_DIGS_Logo_RC.png 800w, https:\/\/sites.uef.fi\/ainedidaktinen-symposiumi-2025\/wp-content\/uploads\/sites\/495\/2024\/11\/UEF_DIGS_Logo_RC-300x113.png 300w, https:\/\/sites.uef.fi\/ainedidaktinen-symposiumi-2025\/wp-content\/uploads\/sites\/495\/2024\/11\/UEF_DIGS_Logo_RC-768x288.png 768w\" sizes=\"auto, (max-width: 800px) 100vw, 800px\" \/><\/a><\/figure>\n","protected":false},"excerpt":{"rendered":"<p>Rajalla, rajatta, rajojen yli \u2013 Moninainen opettajankoulutus Rajat, n\u00e4kyv\u00e4t ja n\u00e4kym\u00e4tt\u00f6m\u00e4t, uudet ja vanhat, puhuttavat meit\u00e4 p\u00e4ivitt\u00e4in yhteiskunnallisessa keskustelussa. Millaista rajakeskustelua koulussa, oppiaineissa ja opettajankoulutuksessa k\u00e4yd\u00e4\u00e4n?&nbsp; Oppiaineiden v\u00e4lill\u00e4 on monia rajoja. Milloin niiden purkaminen on tarpeen? Milloin yhteisty\u00f6 tuo todellista lis\u00e4arvoa? Onko joistain rajoista kuitenkin syyt\u00e4 pit\u00e4\u00e4 kiinni? Opettajankoulutus eri korkeakouluissa on paikallista ja toisinaan [&hellip;]<\/p>\n","protected":false},"author":2,"featured_media":362,"parent":0,"menu_order":0,"comment_status":"closed","ping_status":"closed","template":"","meta":{"_acf_changed":false,"footnotes":""},"class_list":["post-225","page","type-page","status-publish","has-post-thumbnail","hentry"],"acf":[],"yoast_head":"<!-- This site is optimized with the Yoast SEO plugin v27.1.1 - https:\/\/yoast.com\/product\/yoast-seo-wordpress\/ -->\n<title>Etusivu Ainedidaktinen symposiumi 2025 - Ainedidaktinen symposiumi 2025<\/title>\n<meta name=\"description\" content=\"Ainedidaktinen symposiumi 2025 Ainedidaktinen symposiumi 2025\" \/>\n<meta name=\"robots\" content=\"index, follow, max-snippet:-1, max-image-preview:large, max-video-preview:-1\" \/>\n<link rel=\"canonical\" href=\"https:\/\/sites.uef.fi\/ainedidaktinen-symposiumi-2025\/\" \/>\n<meta property=\"og:locale\" content=\"fi_FI\" \/>\n<meta property=\"og:type\" content=\"article\" \/>\n<meta property=\"og:title\" content=\"Etusivu Ainedidaktinen symposiumi 2025 - Ainedidaktinen symposiumi 2025\" \/>\n<meta property=\"og:description\" content=\"Ainedidaktinen symposiumi 2025 Ainedidaktinen symposiumi 2025\" \/>\n<meta property=\"og:url\" content=\"https:\/\/sites.uef.fi\/ainedidaktinen-symposiumi-2025\/\" \/>\n<meta property=\"og:site_name\" content=\"Ainedidaktinen symposiumi 2025\" \/>\n<meta property=\"article:modified_time\" content=\"2025-02-14T15:15:08+00:00\" \/>\n<meta property=\"og:image\" content=\"https:\/\/sites.uef.fi\/ainedidaktinen-symposiumi-2025\/wp-content\/uploads\/sites\/495\/2024\/09\/mp2046143-help-me-scaled.jpg\" \/>\n\t<meta property=\"og:image:width\" content=\"2560\" \/>\n\t<meta property=\"og:image:height\" content=\"1707\" \/>\n\t<meta property=\"og:image:type\" content=\"image\/jpeg\" \/>\n<meta name=\"twitter:card\" content=\"summary_large_image\" \/>\n<meta name=\"twitter:label1\" content=\"Arvioitu lukuaika\" \/>\n\t<meta name=\"twitter:data1\" content=\"3 minuuttia\" \/>\n<script type=\"application\/ld+json\" class=\"yoast-schema-graph\">{\"@context\":\"https:\/\/schema.org\",\"@graph\":[{\"@type\":\"WebPage\",\"@id\":\"https:\/\/sites.uef.fi\/ainedidaktinen-symposiumi-2025\/\",\"url\":\"https:\/\/sites.uef.fi\/ainedidaktinen-symposiumi-2025\/\",\"name\":\"Etusivu Ainedidaktinen symposiumi 2025 - Ainedidaktinen symposiumi 2025\",\"isPartOf\":{\"@id\":\"https:\/\/sites.uef.fi\/ainedidaktinen-symposiumi-2025\/#website\"},\"primaryImageOfPage\":{\"@id\":\"https:\/\/sites.uef.fi\/ainedidaktinen-symposiumi-2025\/#primaryimage\"},\"image\":{\"@id\":\"https:\/\/sites.uef.fi\/ainedidaktinen-symposiumi-2025\/#primaryimage\"},\"thumbnailUrl\":\"https:\/\/sites.uef.fi\/ainedidaktinen-symposiumi-2025\/wp-content\/uploads\/sites\/495\/2024\/09\/mp2046143-help-me-scaled.jpg\",\"datePublished\":\"2024-08-28T12:39:28+00:00\",\"dateModified\":\"2025-02-14T15:15:08+00:00\",\"description\":\"Ainedidaktinen symposiumi 2025 Ainedidaktinen symposiumi 2025\",\"breadcrumb\":{\"@id\":\"https:\/\/sites.uef.fi\/ainedidaktinen-symposiumi-2025\/#breadcrumb\"},\"inLanguage\":\"fi\",\"potentialAction\":[{\"@type\":\"ReadAction\",\"target\":[\"https:\/\/sites.uef.fi\/ainedidaktinen-symposiumi-2025\/\"]}]},{\"@type\":\"ImageObject\",\"inLanguage\":\"fi\",\"@id\":\"https:\/\/sites.uef.fi\/ainedidaktinen-symposiumi-2025\/#primaryimage\",\"url\":\"https:\/\/sites.uef.fi\/ainedidaktinen-symposiumi-2025\/wp-content\/uploads\/sites\/495\/2024\/09\/mp2046143-help-me-scaled.jpg\",\"contentUrl\":\"https:\/\/sites.uef.fi\/ainedidaktinen-symposiumi-2025\/wp-content\/uploads\/sites\/495\/2024\/09\/mp2046143-help-me-scaled.jpg\",\"width\":2560,\"height\":1707},{\"@type\":\"BreadcrumbList\",\"@id\":\"https:\/\/sites.uef.fi\/ainedidaktinen-symposiumi-2025\/#breadcrumb\",\"itemListElement\":[{\"@type\":\"ListItem\",\"position\":1,\"name\":\"Home\",\"item\":\"https:\/\/sites.uef.fi\/ainedidaktinen-symposiumi-2025\/\"},{\"@type\":\"ListItem\",\"position\":2,\"name\":\"Etusivu\"}]},{\"@type\":\"WebSite\",\"@id\":\"https:\/\/sites.uef.fi\/ainedidaktinen-symposiumi-2025\/#website\",\"url\":\"https:\/\/sites.uef.fi\/ainedidaktinen-symposiumi-2025\/\",\"name\":\"Ainedidaktinen symposiumi 2025\",\"description\":\"\",\"potentialAction\":[{\"@type\":\"SearchAction\",\"target\":{\"@type\":\"EntryPoint\",\"urlTemplate\":\"https:\/\/sites.uef.fi\/ainedidaktinen-symposiumi-2025\/?s={search_term_string}\"},\"query-input\":{\"@type\":\"PropertyValueSpecification\",\"valueRequired\":true,\"valueName\":\"search_term_string\"}}],\"inLanguage\":\"fi\"}]}<\/script>\n<!-- \/ Yoast SEO plugin. -->","yoast_head_json":{"title":"Etusivu Ainedidaktinen symposiumi 2025 - Ainedidaktinen symposiumi 2025","description":"Ainedidaktinen symposiumi 2025 Ainedidaktinen symposiumi 2025","robots":{"index":"index","follow":"follow","max-snippet":"max-snippet:-1","max-image-preview":"max-image-preview:large","max-video-preview":"max-video-preview:-1"},"canonical":"https:\/\/sites.uef.fi\/ainedidaktinen-symposiumi-2025\/","og_locale":"fi_FI","og_type":"article","og_title":"Etusivu Ainedidaktinen symposiumi 2025 - Ainedidaktinen symposiumi 2025","og_description":"Ainedidaktinen symposiumi 2025 Ainedidaktinen symposiumi 2025","og_url":"https:\/\/sites.uef.fi\/ainedidaktinen-symposiumi-2025\/","og_site_name":"Ainedidaktinen symposiumi 2025","article_modified_time":"2025-02-14T15:15:08+00:00","og_image":[{"width":2560,"height":1707,"url":"https:\/\/sites.uef.fi\/ainedidaktinen-symposiumi-2025\/wp-content\/uploads\/sites\/495\/2024\/09\/mp2046143-help-me-scaled.jpg","type":"image\/jpeg"}],"twitter_card":"summary_large_image","twitter_misc":{"Arvioitu lukuaika":"3 minuuttia"},"schema":{"@context":"https:\/\/schema.org","@graph":[{"@type":"WebPage","@id":"https:\/\/sites.uef.fi\/ainedidaktinen-symposiumi-2025\/","url":"https:\/\/sites.uef.fi\/ainedidaktinen-symposiumi-2025\/","name":"Etusivu Ainedidaktinen symposiumi 2025 - Ainedidaktinen symposiumi 2025","isPartOf":{"@id":"https:\/\/sites.uef.fi\/ainedidaktinen-symposiumi-2025\/#website"},"primaryImageOfPage":{"@id":"https:\/\/sites.uef.fi\/ainedidaktinen-symposiumi-2025\/#primaryimage"},"image":{"@id":"https:\/\/sites.uef.fi\/ainedidaktinen-symposiumi-2025\/#primaryimage"},"thumbnailUrl":"https:\/\/sites.uef.fi\/ainedidaktinen-symposiumi-2025\/wp-content\/uploads\/sites\/495\/2024\/09\/mp2046143-help-me-scaled.jpg","datePublished":"2024-08-28T12:39:28+00:00","dateModified":"2025-02-14T15:15:08+00:00","description":"Ainedidaktinen symposiumi 2025 Ainedidaktinen symposiumi 2025","breadcrumb":{"@id":"https:\/\/sites.uef.fi\/ainedidaktinen-symposiumi-2025\/#breadcrumb"},"inLanguage":"fi","potentialAction":[{"@type":"ReadAction","target":["https:\/\/sites.uef.fi\/ainedidaktinen-symposiumi-2025\/"]}]},{"@type":"ImageObject","inLanguage":"fi","@id":"https:\/\/sites.uef.fi\/ainedidaktinen-symposiumi-2025\/#primaryimage","url":"https:\/\/sites.uef.fi\/ainedidaktinen-symposiumi-2025\/wp-content\/uploads\/sites\/495\/2024\/09\/mp2046143-help-me-scaled.jpg","contentUrl":"https:\/\/sites.uef.fi\/ainedidaktinen-symposiumi-2025\/wp-content\/uploads\/sites\/495\/2024\/09\/mp2046143-help-me-scaled.jpg","width":2560,"height":1707},{"@type":"BreadcrumbList","@id":"https:\/\/sites.uef.fi\/ainedidaktinen-symposiumi-2025\/#breadcrumb","itemListElement":[{"@type":"ListItem","position":1,"name":"Home","item":"https:\/\/sites.uef.fi\/ainedidaktinen-symposiumi-2025\/"},{"@type":"ListItem","position":2,"name":"Etusivu"}]},{"@type":"WebSite","@id":"https:\/\/sites.uef.fi\/ainedidaktinen-symposiumi-2025\/#website","url":"https:\/\/sites.uef.fi\/ainedidaktinen-symposiumi-2025\/","name":"Ainedidaktinen symposiumi 2025","description":"","potentialAction":[{"@type":"SearchAction","target":{"@type":"EntryPoint","urlTemplate":"https:\/\/sites.uef.fi\/ainedidaktinen-symposiumi-2025\/?s={search_term_string}"},"query-input":{"@type":"PropertyValueSpecification","valueRequired":true,"valueName":"search_term_string"}}],"inLanguage":"fi"}]}},"_links":{"self":[{"href":"https:\/\/sites.uef.fi\/ainedidaktinen-symposiumi-2025\/wp-json\/wp\/v2\/pages\/225","targetHints":{"allow":["GET"]}}],"collection":[{"href":"https:\/\/sites.uef.fi\/ainedidaktinen-symposiumi-2025\/wp-json\/wp\/v2\/pages"}],"about":[{"href":"https:\/\/sites.uef.fi\/ainedidaktinen-symposiumi-2025\/wp-json\/wp\/v2\/types\/page"}],"author":[{"embeddable":true,"href":"https:\/\/sites.uef.fi\/ainedidaktinen-symposiumi-2025\/wp-json\/wp\/v2\/users\/2"}],"replies":[{"embeddable":true,"href":"https:\/\/sites.uef.fi\/ainedidaktinen-symposiumi-2025\/wp-json\/wp\/v2\/comments?post=225"}],"version-history":[{"count":2,"href":"https:\/\/sites.uef.fi\/ainedidaktinen-symposiumi-2025\/wp-json\/wp\/v2\/pages\/225\/revisions"}],"predecessor-version":[{"id":1650,"href":"https:\/\/sites.uef.fi\/ainedidaktinen-symposiumi-2025\/wp-json\/wp\/v2\/pages\/225\/revisions\/1650"}],"wp:featuredmedia":[{"embeddable":true,"href":"https:\/\/sites.uef.fi\/ainedidaktinen-symposiumi-2025\/wp-json\/wp\/v2\/media\/362"}],"wp:attachment":[{"href":"https:\/\/sites.uef.fi\/ainedidaktinen-symposiumi-2025\/wp-json\/wp\/v2\/media?parent=225"}],"curies":[{"name":"wp","href":"https:\/\/api.w.org\/{rel}","templated":true}]}}