{"id":462,"date":"2024-10-21T08:05:55","date_gmt":"2024-10-21T06:05:55","guid":{"rendered":"https:\/\/sites.uef.fi\/ainedidaktinen-symposiumi-2025\/?page_id=462"},"modified":"2025-02-05T08:22:49","modified_gmt":"2025-02-05T06:22:49","slug":"keynote-puhujat","status":"publish","type":"page","link":"https:\/\/sites.uef.fi\/ainedidaktinen-symposiumi-2025\/keynote-puhujat\/","title":{"rendered":"Keynote-puhujat ja puheenvuorot"},"content":{"rendered":"\n<h2 class=\"wp-block-heading\">Sonja Kosunen: Yhteiskuntaluokkien rajat<\/h2>\n\n\n\n<figure class=\"wp-block-image aligncenter size-full is-resized\"><img loading=\"lazy\" decoding=\"async\" width=\"714\" height=\"1000\" src=\"https:\/\/sites.uef.fi\/ainedidaktinen-symposiumi-2025\/wp-content\/uploads\/sites\/495\/2024\/10\/thumbnail_Sonja-Kosunen-4.jpg\" alt=\"\" class=\"wp-image-513\" style=\"width:252px;height:auto\" srcset=\"https:\/\/sites.uef.fi\/ainedidaktinen-symposiumi-2025\/wp-content\/uploads\/sites\/495\/2024\/10\/thumbnail_Sonja-Kosunen-4.jpg 714w, https:\/\/sites.uef.fi\/ainedidaktinen-symposiumi-2025\/wp-content\/uploads\/sites\/495\/2024\/10\/thumbnail_Sonja-Kosunen-4-214x300.jpg 214w\" sizes=\"auto, (max-width: 714px) 100vw, 714px\" \/><\/figure>\n\n\n\n<p>Sonja Kosunen (FT)&nbsp;on yleisen kasvatustieteen professori It\u00e4-Suomen yliopistossa. H\u00e4n on Kasvatussosiologian tutkimusyksikk\u00f6 SUREn johtaja. SUREn tutkimus keskittyy tarkastelemaan eriytymisen ja eriarvoisuuden rakentumisen prosesseja kaikilla koulutusasteilla varhaiskasvatuksesta korkea-asteella saakka. <\/p>\n\n\n\n<p>Viime vuosien keskeisi\u00e4 tutkimusaiheita yksik\u00f6ss\u00e4 ovat olleet kouluvalinnat, tilastollisesti huono-osaisten alueiden koulut ja nuorten arjen eriytyminen, inkluusion ja segregaation rakentuminen kasvatuksen ja koulutuksen politiikoissa ja k\u00e4yt\u00e4nteiss\u00e4, korkeakoulujen opiskelijavalinnat ja eriarvoisuus sek\u00e4 koulutuksen yksityistyminen, kuten valmennuskurssimarkkinat. T\u00e4ll\u00e4 hetkell\u00e4 yksik\u00f6ss\u00e4 tutkitaan eritoten opettajasegregaatiota, eli opettajakunnan alueellista eriytymist\u00e4 yhteiskuntaluokkataustan ja koulutustaustan mukaan, sek\u00e4 tarveperusteisen rahoituksen k\u00e4ytt\u00f6\u00e4 Suomessa.\u202f&nbsp;<\/p>\n\n\n\n<p>Kosusen keynote-puheenvuoro k\u00e4sittelee yhteiskuntaluokan rajoja ja erontekoja sek\u00e4 n\u00e4iden ylityksien mahdollisuuksia koulutuksessa.&nbsp;<\/p>\n\n\n\n<figure class=\"wp-block-image size-full is-resized\"><img loading=\"lazy\" decoding=\"async\" width=\"274\" height=\"220\" src=\"https:\/\/sites.uef.fi\/ainedidaktinen-symposiumi-2025\/wp-content\/uploads\/sites\/495\/2024\/11\/Nayttokuva-2024-11-1-kello-21.08.06-1.png\" alt=\"\" class=\"wp-image-1026\" style=\"width:25px;height:auto\" \/><\/figure>\n\n\n\n<h2 class=\"wp-block-heading\">Jenni Alisaari: Kielen ja kulttuurin rajat<\/h2>\n\n\n\n<figure class=\"wp-block-image aligncenter size-large is-resized is-style-default\"><img loading=\"lazy\" decoding=\"async\" width=\"819\" height=\"1024\" src=\"https:\/\/sites.uef.fi\/ainedidaktinen-symposiumi-2025\/wp-content\/uploads\/sites\/495\/2024\/10\/Jenni-Alisaari-4-819x1024.jpg\" alt=\"\" class=\"wp-image-468\" style=\"width:251px;height:auto\" srcset=\"https:\/\/sites.uef.fi\/ainedidaktinen-symposiumi-2025\/wp-content\/uploads\/sites\/495\/2024\/10\/Jenni-Alisaari-4-819x1024.jpg 819w, https:\/\/sites.uef.fi\/ainedidaktinen-symposiumi-2025\/wp-content\/uploads\/sites\/495\/2024\/10\/Jenni-Alisaari-4-240x300.jpg 240w, https:\/\/sites.uef.fi\/ainedidaktinen-symposiumi-2025\/wp-content\/uploads\/sites\/495\/2024\/10\/Jenni-Alisaari-4-768x960.jpg 768w, https:\/\/sites.uef.fi\/ainedidaktinen-symposiumi-2025\/wp-content\/uploads\/sites\/495\/2024\/10\/Jenni-Alisaari-4.jpg 960w\" sizes=\"auto, (max-width: 819px) 100vw, 819px\" \/><\/figure>\n\n\n\n<p>Jenni Alisaari (KT) ty\u00f6skentelee kielellisesti ja kulttuurisesti moninaistuvan kasvatuksen professorina It\u00e4-Suomen yliopistossa soveltavan kasvatustieteen ja opettajankoulutuksen osastolla. Alisaaren keskeisimm\u00e4t tutkimusaiheet liittyv\u00e4t kielellisesti vastuulliseen pedagogiikkaan, monikielisyyteen ja kielen oppimiseen. Kielellisesti vastuullisessa pedagogiikassa otetaan muun muassa huomioon kielen ulottuvuudet koulukontekstissa sek\u00e4 kielen ja kulttuurin yhteys identiteettiin. Lis\u00e4ksi siin\u00e4 tuetaan opiskelukielitaidon kehittymist\u00e4 ja edistet\u00e4\u00e4n monikielisyyden k\u00e4ytt\u00f6\u00e4 oppimisen resurssina.&nbsp;<\/p>\n\n\n\n<p>Viime aikoina Alisaari on tutkinut sek\u00e4 opettajien asenteita ja kompetensseja liittyen edell\u00e4 mainittuihin aiheisiin ett\u00e4 oppijoiden oppimista ja kuuluvuuden tunnetta. H\u00e4nen v\u00e4it\u00f6skirjansa k\u00e4sitteli laulamista suomen kielen oppimisen tukena. Alisaari on ty\u00f6skennellyt opettajankouluttajana vuodesta 2013 l\u00e4htien aiheenaan kielellisesti ja kulttuurisesti vastuullinen pedagogiikka. Lis\u00e4ksi h\u00e4n on toiminut Tukholman yliopistossa suomen kielen yliopistonlehtorina ja Turun yliopiston sosiologian laitoksella tutkimuksen lippulaiva INVESTiss\u00e4 tutkijana.&nbsp;<\/p>\n\n\n\n<p>Alisaaren keynote-puheenvuoro keskittyy kielellisesti vastuulliseen pedagogiikkaan rajojen ylitt\u00e4j\u00e4n\u00e4 ja moninaisen opettajankoulutuksen tulevaisuuden kantavana voimana.&nbsp;<\/p>\n\n\n\n<figure class=\"wp-block-image size-full is-resized\"><img loading=\"lazy\" decoding=\"async\" width=\"274\" height=\"220\" src=\"https:\/\/sites.uef.fi\/ainedidaktinen-symposiumi-2025\/wp-content\/uploads\/sites\/495\/2024\/11\/Nayttokuva-2024-11-1-kello-21.08.06-2.png\" alt=\"\" class=\"wp-image-1032\" style=\"width:25px;height:auto\" \/><\/figure>\n\n\n\n<h2 class=\"wp-block-heading\">Kati Parppei: Menneisyyden ja nykyisyyden rajat<\/h2>\n\n\n\n<figure class=\"wp-block-image aligncenter size-large is-resized\"><img loading=\"lazy\" decoding=\"async\" width=\"768\" height=\"1024\" src=\"https:\/\/sites.uef.fi\/ainedidaktinen-symposiumi-2025\/wp-content\/uploads\/sites\/495\/2024\/10\/parppei-768x1024.jpg\" alt=\"\" class=\"wp-image-507\" style=\"width:252px;height:auto\" srcset=\"https:\/\/sites.uef.fi\/ainedidaktinen-symposiumi-2025\/wp-content\/uploads\/sites\/495\/2024\/10\/parppei-768x1024.jpg 768w, https:\/\/sites.uef.fi\/ainedidaktinen-symposiumi-2025\/wp-content\/uploads\/sites\/495\/2024\/10\/parppei-225x300.jpg 225w, https:\/\/sites.uef.fi\/ainedidaktinen-symposiumi-2025\/wp-content\/uploads\/sites\/495\/2024\/10\/parppei-1152x1536.jpg 1152w, https:\/\/sites.uef.fi\/ainedidaktinen-symposiumi-2025\/wp-content\/uploads\/sites\/495\/2024\/10\/parppei.jpg 1158w\" sizes=\"auto, (max-width: 768px) 100vw, 768px\" \/><\/figure>\n\n\n\n<p>Kati Parppei (FT)&nbsp;toimii historian yliopistonlehtorina ja Ven\u00e4j\u00e4n historian dosenttina It\u00e4-Suomen yliopiston historia- ja maantieteiden laitoksella. H\u00e4n on my\u00f6s Maanpuolustuskorkeakoulun dosentti. Parppei on tutkimuksessaan erikoistunut historian poliittiseen k\u00e4ytt\u00f6\u00f6n ja kansallisiin myytteihin erityisesti Ven\u00e4j\u00e4ll\u00e4 eri aikakausina, mukaan lukien nykyhetki. <\/p>\n\n\n\n<p>Parppein opetusty\u00f6 pit\u00e4\u00e4kin sis\u00e4ll\u00e4\u00e4n jatkuvaa rajanvetoa menneisyyden ja nykyisyyden v\u00e4lill\u00e4. Menetelm\u00e4opinnoissa sit\u00e4 tehd\u00e4\u00e4n my\u00f6s etiikan n\u00e4k\u00f6kulmasta. H\u00e4n on hy\u00f6dynt\u00e4nyt hankkeissaan ennen muuta historiallisen mielikuvatutkimuksen n\u00e4k\u00f6kulmaa, jossa niin ik\u00e4\u00e4n tutkitaan k\u00e4sitysten muuttumisen prosesseja usein pitkin\u00e4kin ajanjaksoina aina nykyp\u00e4iv\u00e4\u00e4n ulottuen.<\/p>\n\n\n\n<p>Parppein keynote-puheenvuoro k\u00e4sittelee menneisyyden ja nykyisyyden rajank\u00e4ynti\u00e4 historian yliopisto-opetuksessa.<\/p>\n\n\n\n<figure class=\"wp-block-image size-full is-resized\"><img loading=\"lazy\" decoding=\"async\" width=\"274\" height=\"220\" src=\"https:\/\/sites.uef.fi\/ainedidaktinen-symposiumi-2025\/wp-content\/uploads\/sites\/495\/2024\/11\/Nayttokuva-2024-11-1-kello-21.08.06-3.png\" alt=\"\" class=\"wp-image-1038\" style=\"width:25px;height:auto\" \/><\/figure>\n\n\n\n<h2 class=\"wp-block-heading\">Auli Toom: Opettajankoulutusfoorumin tervehdys<\/h2>\n\n\n\n<figure class=\"wp-block-image aligncenter size-large is-resized\"><img loading=\"lazy\" decoding=\"async\" width=\"724\" height=\"1024\" src=\"https:\/\/sites.uef.fi\/ainedidaktinen-symposiumi-2025\/wp-content\/uploads\/sites\/495\/2024\/10\/ToomAuli_2_photoMaaritKytC3B6harju-724x1024.jpg\" alt=\"\" class=\"wp-image-660\" style=\"width:257px;height:auto\" srcset=\"https:\/\/sites.uef.fi\/ainedidaktinen-symposiumi-2025\/wp-content\/uploads\/sites\/495\/2024\/10\/ToomAuli_2_photoMaaritKytC3B6harju-724x1024.jpg 724w, https:\/\/sites.uef.fi\/ainedidaktinen-symposiumi-2025\/wp-content\/uploads\/sites\/495\/2024\/10\/ToomAuli_2_photoMaaritKytC3B6harju-212x300.jpg 212w, https:\/\/sites.uef.fi\/ainedidaktinen-symposiumi-2025\/wp-content\/uploads\/sites\/495\/2024\/10\/ToomAuli_2_photoMaaritKytC3B6harju-768x1086.jpg 768w, https:\/\/sites.uef.fi\/ainedidaktinen-symposiumi-2025\/wp-content\/uploads\/sites\/495\/2024\/10\/ToomAuli_2_photoMaaritKytC3B6harju-1086x1536.jpg 1086w, https:\/\/sites.uef.fi\/ainedidaktinen-symposiumi-2025\/wp-content\/uploads\/sites\/495\/2024\/10\/ToomAuli_2_photoMaaritKytC3B6harju-1448x2048.jpg 1448w, https:\/\/sites.uef.fi\/ainedidaktinen-symposiumi-2025\/wp-content\/uploads\/sites\/495\/2024\/10\/ToomAuli_2_photoMaaritKytC3B6harju-scaled.jpg 1810w\" sizes=\"auto, (max-width: 724px) 100vw, 724px\" \/><figcaption class=\"wp-element-caption\"><sub>Kuva: Helsingin yliopisto\/Maarit Kyt\u00f6harju<\/sub><\/figcaption><\/figure>\n\n\n\n<figure class=\"wp-block-image size-full is-resized\"><img loading=\"lazy\" decoding=\"async\" width=\"274\" height=\"220\" src=\"https:\/\/sites.uef.fi\/ainedidaktinen-symposiumi-2025\/wp-content\/uploads\/sites\/495\/2024\/11\/Nayttokuva-2024-11-1-kello-21.08.06-3.png\" alt=\"\" class=\"wp-image-1038\" style=\"width:25px;height:auto\" \/><\/figure>\n\n\n\n<h2 class=\"wp-block-heading\">Eila Lindfors: Kohti ainedidaktisen tutkimuksen 15-vuotisjuhlavuotta<\/h2>\n\n\n\n<p><\/p>\n","protected":false},"excerpt":{"rendered":"<p>Sonja Kosunen: Yhteiskuntaluokkien rajat Sonja Kosunen (FT)&nbsp;on yleisen kasvatustieteen professori It\u00e4-Suomen yliopistossa. H\u00e4n on Kasvatussosiologian tutkimusyksikk\u00f6 SUREn johtaja. SUREn tutkimus keskittyy tarkastelemaan eriytymisen ja eriarvoisuuden rakentumisen prosesseja kaikilla koulutusasteilla varhaiskasvatuksesta korkea-asteella saakka. Viime vuosien keskeisi\u00e4 tutkimusaiheita yksik\u00f6ss\u00e4 ovat olleet kouluvalinnat, tilastollisesti huono-osaisten alueiden koulut ja nuorten arjen eriytyminen, inkluusion ja segregaation rakentuminen kasvatuksen ja koulutuksen [&hellip;]<\/p>\n","protected":false},"author":1221,"featured_media":0,"parent":0,"menu_order":0,"comment_status":"closed","ping_status":"closed","template":"","meta":{"_acf_changed":false,"footnotes":""},"class_list":["post-462","page","type-page","status-publish","hentry"],"acf":[],"yoast_head":"<!-- This site is optimized with the Yoast SEO plugin v27.1.1 - https:\/\/yoast.com\/product\/yoast-seo-wordpress\/ -->\n<title>Keynote-puhujat ja puheenvuorot - Ainedidaktinen symposiumi 2025<\/title>\n<meta name=\"robots\" content=\"index, follow, max-snippet:-1, max-image-preview:large, max-video-preview:-1\" \/>\n<link rel=\"canonical\" href=\"https:\/\/sites.uef.fi\/ainedidaktinen-symposiumi-2025\/keynote-puhujat\/\" \/>\n<meta property=\"og:locale\" content=\"fi_FI\" \/>\n<meta property=\"og:type\" content=\"article\" \/>\n<meta property=\"og:title\" content=\"Keynote-puhujat ja puheenvuorot - Ainedidaktinen symposiumi 2025\" \/>\n<meta property=\"og:description\" content=\"Sonja Kosunen: Yhteiskuntaluokkien rajat Sonja Kosunen (FT)&nbsp;on yleisen kasvatustieteen professori It\u00e4-Suomen yliopistossa. H\u00e4n on Kasvatussosiologian tutkimusyksikk\u00f6 SUREn johtaja. SUREn tutkimus keskittyy tarkastelemaan eriytymisen ja eriarvoisuuden rakentumisen prosesseja kaikilla koulutusasteilla varhaiskasvatuksesta korkea-asteella saakka. Viime vuosien keskeisi\u00e4 tutkimusaiheita yksik\u00f6ss\u00e4 ovat olleet kouluvalinnat, tilastollisesti huono-osaisten alueiden koulut ja nuorten arjen eriytyminen, inkluusion ja segregaation rakentuminen kasvatuksen ja koulutuksen [&hellip;]\" \/>\n<meta property=\"og:url\" content=\"https:\/\/sites.uef.fi\/ainedidaktinen-symposiumi-2025\/keynote-puhujat\/\" \/>\n<meta property=\"og:site_name\" content=\"Ainedidaktinen symposiumi 2025\" \/>\n<meta property=\"article:modified_time\" content=\"2025-02-05T06:22:49+00:00\" \/>\n<meta property=\"og:image\" content=\"https:\/\/sites.uef.fi\/ainedidaktinen-symposiumi-2025\/wp-content\/uploads\/sites\/495\/2024\/10\/thumbnail_Sonja-Kosunen-4.jpg\" \/>\n\t<meta property=\"og:image:width\" content=\"714\" \/>\n\t<meta property=\"og:image:height\" content=\"1000\" \/>\n\t<meta property=\"og:image:type\" content=\"image\/jpeg\" \/>\n<meta name=\"twitter:card\" content=\"summary_large_image\" \/>\n<meta name=\"twitter:label1\" content=\"Arvioitu lukuaika\" \/>\n\t<meta name=\"twitter:data1\" content=\"4 minuuttia\" \/>\n<script type=\"application\/ld+json\" class=\"yoast-schema-graph\">{\"@context\":\"https:\/\/schema.org\",\"@graph\":[{\"@type\":\"WebPage\",\"@id\":\"https:\/\/sites.uef.fi\/ainedidaktinen-symposiumi-2025\/keynote-puhujat\/\",\"url\":\"https:\/\/sites.uef.fi\/ainedidaktinen-symposiumi-2025\/keynote-puhujat\/\",\"name\":\"Keynote-puhujat ja puheenvuorot - Ainedidaktinen symposiumi 2025\",\"isPartOf\":{\"@id\":\"https:\/\/sites.uef.fi\/ainedidaktinen-symposiumi-2025\/#website\"},\"primaryImageOfPage\":{\"@id\":\"https:\/\/sites.uef.fi\/ainedidaktinen-symposiumi-2025\/keynote-puhujat\/#primaryimage\"},\"image\":{\"@id\":\"https:\/\/sites.uef.fi\/ainedidaktinen-symposiumi-2025\/keynote-puhujat\/#primaryimage\"},\"thumbnailUrl\":\"https:\/\/sites.uef.fi\/ainedidaktinen-symposiumi-2025\/wp-content\/uploads\/sites\/495\/2024\/10\/thumbnail_Sonja-Kosunen-4.jpg\",\"datePublished\":\"2024-10-21T06:05:55+00:00\",\"dateModified\":\"2025-02-05T06:22:49+00:00\",\"breadcrumb\":{\"@id\":\"https:\/\/sites.uef.fi\/ainedidaktinen-symposiumi-2025\/keynote-puhujat\/#breadcrumb\"},\"inLanguage\":\"fi\",\"potentialAction\":[{\"@type\":\"ReadAction\",\"target\":[\"https:\/\/sites.uef.fi\/ainedidaktinen-symposiumi-2025\/keynote-puhujat\/\"]}]},{\"@type\":\"ImageObject\",\"inLanguage\":\"fi\",\"@id\":\"https:\/\/sites.uef.fi\/ainedidaktinen-symposiumi-2025\/keynote-puhujat\/#primaryimage\",\"url\":\"https:\/\/sites.uef.fi\/ainedidaktinen-symposiumi-2025\/wp-content\/uploads\/sites\/495\/2024\/10\/thumbnail_Sonja-Kosunen-4.jpg\",\"contentUrl\":\"https:\/\/sites.uef.fi\/ainedidaktinen-symposiumi-2025\/wp-content\/uploads\/sites\/495\/2024\/10\/thumbnail_Sonja-Kosunen-4.jpg\",\"width\":714,\"height\":1000},{\"@type\":\"BreadcrumbList\",\"@id\":\"https:\/\/sites.uef.fi\/ainedidaktinen-symposiumi-2025\/keynote-puhujat\/#breadcrumb\",\"itemListElement\":[{\"@type\":\"ListItem\",\"position\":1,\"name\":\"Home\",\"item\":\"https:\/\/sites.uef.fi\/ainedidaktinen-symposiumi-2025\/\"},{\"@type\":\"ListItem\",\"position\":2,\"name\":\"Keynote-puhujat ja puheenvuorot\"}]},{\"@type\":\"WebSite\",\"@id\":\"https:\/\/sites.uef.fi\/ainedidaktinen-symposiumi-2025\/#website\",\"url\":\"https:\/\/sites.uef.fi\/ainedidaktinen-symposiumi-2025\/\",\"name\":\"Ainedidaktinen symposiumi 2025\",\"description\":\"\",\"potentialAction\":[{\"@type\":\"SearchAction\",\"target\":{\"@type\":\"EntryPoint\",\"urlTemplate\":\"https:\/\/sites.uef.fi\/ainedidaktinen-symposiumi-2025\/?s={search_term_string}\"},\"query-input\":{\"@type\":\"PropertyValueSpecification\",\"valueRequired\":true,\"valueName\":\"search_term_string\"}}],\"inLanguage\":\"fi\"}]}<\/script>\n<!-- \/ Yoast SEO plugin. -->","yoast_head_json":{"title":"Keynote-puhujat ja puheenvuorot - Ainedidaktinen symposiumi 2025","robots":{"index":"index","follow":"follow","max-snippet":"max-snippet:-1","max-image-preview":"max-image-preview:large","max-video-preview":"max-video-preview:-1"},"canonical":"https:\/\/sites.uef.fi\/ainedidaktinen-symposiumi-2025\/keynote-puhujat\/","og_locale":"fi_FI","og_type":"article","og_title":"Keynote-puhujat ja puheenvuorot - Ainedidaktinen symposiumi 2025","og_description":"Sonja Kosunen: Yhteiskuntaluokkien rajat Sonja Kosunen (FT)&nbsp;on yleisen kasvatustieteen professori It\u00e4-Suomen yliopistossa. H\u00e4n on Kasvatussosiologian tutkimusyksikk\u00f6 SUREn johtaja. SUREn tutkimus keskittyy tarkastelemaan eriytymisen ja eriarvoisuuden rakentumisen prosesseja kaikilla koulutusasteilla varhaiskasvatuksesta korkea-asteella saakka. Viime vuosien keskeisi\u00e4 tutkimusaiheita yksik\u00f6ss\u00e4 ovat olleet kouluvalinnat, tilastollisesti huono-osaisten alueiden koulut ja nuorten arjen eriytyminen, inkluusion ja segregaation rakentuminen kasvatuksen ja koulutuksen [&hellip;]","og_url":"https:\/\/sites.uef.fi\/ainedidaktinen-symposiumi-2025\/keynote-puhujat\/","og_site_name":"Ainedidaktinen symposiumi 2025","article_modified_time":"2025-02-05T06:22:49+00:00","og_image":[{"width":714,"height":1000,"url":"https:\/\/sites.uef.fi\/ainedidaktinen-symposiumi-2025\/wp-content\/uploads\/sites\/495\/2024\/10\/thumbnail_Sonja-Kosunen-4.jpg","type":"image\/jpeg"}],"twitter_card":"summary_large_image","twitter_misc":{"Arvioitu lukuaika":"4 minuuttia"},"schema":{"@context":"https:\/\/schema.org","@graph":[{"@type":"WebPage","@id":"https:\/\/sites.uef.fi\/ainedidaktinen-symposiumi-2025\/keynote-puhujat\/","url":"https:\/\/sites.uef.fi\/ainedidaktinen-symposiumi-2025\/keynote-puhujat\/","name":"Keynote-puhujat ja puheenvuorot - Ainedidaktinen symposiumi 2025","isPartOf":{"@id":"https:\/\/sites.uef.fi\/ainedidaktinen-symposiumi-2025\/#website"},"primaryImageOfPage":{"@id":"https:\/\/sites.uef.fi\/ainedidaktinen-symposiumi-2025\/keynote-puhujat\/#primaryimage"},"image":{"@id":"https:\/\/sites.uef.fi\/ainedidaktinen-symposiumi-2025\/keynote-puhujat\/#primaryimage"},"thumbnailUrl":"https:\/\/sites.uef.fi\/ainedidaktinen-symposiumi-2025\/wp-content\/uploads\/sites\/495\/2024\/10\/thumbnail_Sonja-Kosunen-4.jpg","datePublished":"2024-10-21T06:05:55+00:00","dateModified":"2025-02-05T06:22:49+00:00","breadcrumb":{"@id":"https:\/\/sites.uef.fi\/ainedidaktinen-symposiumi-2025\/keynote-puhujat\/#breadcrumb"},"inLanguage":"fi","potentialAction":[{"@type":"ReadAction","target":["https:\/\/sites.uef.fi\/ainedidaktinen-symposiumi-2025\/keynote-puhujat\/"]}]},{"@type":"ImageObject","inLanguage":"fi","@id":"https:\/\/sites.uef.fi\/ainedidaktinen-symposiumi-2025\/keynote-puhujat\/#primaryimage","url":"https:\/\/sites.uef.fi\/ainedidaktinen-symposiumi-2025\/wp-content\/uploads\/sites\/495\/2024\/10\/thumbnail_Sonja-Kosunen-4.jpg","contentUrl":"https:\/\/sites.uef.fi\/ainedidaktinen-symposiumi-2025\/wp-content\/uploads\/sites\/495\/2024\/10\/thumbnail_Sonja-Kosunen-4.jpg","width":714,"height":1000},{"@type":"BreadcrumbList","@id":"https:\/\/sites.uef.fi\/ainedidaktinen-symposiumi-2025\/keynote-puhujat\/#breadcrumb","itemListElement":[{"@type":"ListItem","position":1,"name":"Home","item":"https:\/\/sites.uef.fi\/ainedidaktinen-symposiumi-2025\/"},{"@type":"ListItem","position":2,"name":"Keynote-puhujat ja puheenvuorot"}]},{"@type":"WebSite","@id":"https:\/\/sites.uef.fi\/ainedidaktinen-symposiumi-2025\/#website","url":"https:\/\/sites.uef.fi\/ainedidaktinen-symposiumi-2025\/","name":"Ainedidaktinen symposiumi 2025","description":"","potentialAction":[{"@type":"SearchAction","target":{"@type":"EntryPoint","urlTemplate":"https:\/\/sites.uef.fi\/ainedidaktinen-symposiumi-2025\/?s={search_term_string}"},"query-input":{"@type":"PropertyValueSpecification","valueRequired":true,"valueName":"search_term_string"}}],"inLanguage":"fi"}]}},"_links":{"self":[{"href":"https:\/\/sites.uef.fi\/ainedidaktinen-symposiumi-2025\/wp-json\/wp\/v2\/pages\/462","targetHints":{"allow":["GET"]}}],"collection":[{"href":"https:\/\/sites.uef.fi\/ainedidaktinen-symposiumi-2025\/wp-json\/wp\/v2\/pages"}],"about":[{"href":"https:\/\/sites.uef.fi\/ainedidaktinen-symposiumi-2025\/wp-json\/wp\/v2\/types\/page"}],"author":[{"embeddable":true,"href":"https:\/\/sites.uef.fi\/ainedidaktinen-symposiumi-2025\/wp-json\/wp\/v2\/users\/1221"}],"replies":[{"embeddable":true,"href":"https:\/\/sites.uef.fi\/ainedidaktinen-symposiumi-2025\/wp-json\/wp\/v2\/comments?post=462"}],"version-history":[{"count":2,"href":"https:\/\/sites.uef.fi\/ainedidaktinen-symposiumi-2025\/wp-json\/wp\/v2\/pages\/462\/revisions"}],"predecessor-version":[{"id":1593,"href":"https:\/\/sites.uef.fi\/ainedidaktinen-symposiumi-2025\/wp-json\/wp\/v2\/pages\/462\/revisions\/1593"}],"wp:attachment":[{"href":"https:\/\/sites.uef.fi\/ainedidaktinen-symposiumi-2025\/wp-json\/wp\/v2\/media?parent=462"}],"curies":[{"name":"wp","href":"https:\/\/api.w.org\/{rel}","templated":true}]}}