{"id":534,"date":"2024-10-21T08:44:19","date_gmt":"2024-10-21T06:44:19","guid":{"rendered":"https:\/\/sites.uef.fi\/ainedidaktinen-symposiumi-2025\/?page_id=534"},"modified":"2025-03-24T08:56:59","modified_gmt":"2025-03-24T06:56:59","slug":"julkaisu","status":"publish","type":"page","link":"https:\/\/sites.uef.fi\/ainedidaktinen-symposiumi-2025\/julkaisu\/","title":{"rendered":"Julkaisu"},"content":{"rendered":"\n<p>Ainedidaktiseen symposiumiin osallistuneet tutkijat voivat tarjota esitykseens\u00e4 perustuvaa artikkelik\u00e4sikirjoitusta 31.3.2025 menness\u00e4 julkaistavaksi Ainedidaktisia tutkimuksia -sarjassa  (JUFO&nbsp;1). Symposiumin teemaan<strong> <\/strong>\u201dRajalla, rajatta, rajojen yli \u2013 Moninainen opettajankoulutus \u201d sopivat k\u00e4sikirjoitukset ovat ensisijaisessa asemassa. <\/p>\n\n\n\n<p>Muotoile artikkelik\u00e4sikirjoitus sarjan ohjeiden mukaisesti. \u2192 <a href=\"https:\/\/www.ainedidaktiikka.fi\/suomen-ainedidaktisen-tutkimusseuran-julkaisuja\/\">https:\/\/www.ainedidaktiikka.fi\/suomen-ainedidaktisen-tutkimusseuran-julkaisuja\/<\/a><\/p>\n\n\n\n<p>Lataa t\u00e4st\u00e4 valmis&nbsp;<a href=\"https:\/\/www.ainedidaktiikka.fi\/wp-content\/uploads\/sites\/8\/2025\/02\/AD-julkaisupohja-2025-1.docx\" target=\"_blank\" rel=\"noreferrer noopener\">julkaisupohja<\/a> artikkelik\u00e4sikirjoitusta varten. <\/p>\n\n\n\n<p>Tarjottavat k\u00e4sikirjoitukset l\u00e4hetet\u00e4\u00e4n Journal-j\u00e4rjestelm\u00e4\u00e4 k\u00e4ytt\u00e4en viimeist\u00e4\u00e4n <strong>31.3.2025<\/strong> menness\u00e4. \u2192 <a href=\"https:\/\/journal.fi\/ainedidaktinen-tutkimusseura\/about\/submissions\" target=\"_blank\" rel=\"noreferrer noopener\">https:\/\/journal.fi\/ainedidaktinen-tutkimusseura\/about\/submissions <\/a>&nbsp;<\/p>\n\n\n\n<p>L\u00e4hett\u00e4ess\u00e4si k\u00e4sikirjoitusta valitse osastoksi &#8221;Symposiumjulkaisu (Joensuu) 2025&#8221;.<\/p>\n\n\n\n<h5 class=\"wp-block-heading\">K\u00e4sikirjoituksen l\u00e4hett\u00e4misen tarkistuslista<\/h5>\n\n\n\n<p>Kirjoittajien tulee varmistaa, ett\u00e4 heid\u00e4n k\u00e4sikirjoituksensa noudattaa kaikkia seuraavia kohtia. Jos n\u00e4it\u00e4 ohjeita ei noudateta, k\u00e4sikirjoitus palautetaan kirjoittajalle.<\/p>\n\n\n\n<ul class=\"wp-block-list\">\n<li>K\u00e4sikirjoitusta ei ole ennen julkaistu, eik\u00e4 se ole harkittavana toisella julkaisijalla.<\/li>\n\n\n\n<li>K\u00e4sikirjoitustiedosto on Microsoft Word, RTF tai OpenDocument -muodossa.<\/li>\n\n\n\n<li>L\u00e4hdeviitteiden pysyv\u00e4t tunnisteet tai osoitteet on ilmoitettu mik\u00e4li mahdollista.<\/li>\n\n\n\n<li>Teksti noudattaa Kirjoittajan ohjeissa mainittuja stilistisi\u00e4 ja bibliografisia vaatimuksia.<\/li>\n\n\n\n<li>K\u00e4sikirjoituksesta l\u00e4hetet\u00e4\u00e4n <strong>kaksi versiota<\/strong>: kirjoittajan tiedot sis\u00e4lt\u00e4v\u00e4 sek\u00e4 anonymisoitu versio. Tiedostot nimet\u00e4\u00e4n Sukunimi_artikkeli.docx ja anon_artikkeli.docx.<\/li>\n<\/ul>\n\n\n\n<p><\/p>\n\n\n\t<div id=\"accordion-block_b59a8b8e3c7246f77fc24ad733fd3f06\" class=\"accordions\">\n\t\t\t\t\t<div class=\"accordion accordion-js\">\n\t\t\t\t<button class=\"accordion__button\" aria-controls=\"content-479\" aria-expanded=\"false\" id=\"accordion-control-479\">\n\t\t\t\t\t<h3 class=\"accordion__heading\" >\n\t\t\t\t\t\tOhjeet l\u00e4hett\u00e4miseen\t\t\t\t\t<\/h3>\n\t\t\t\t<\/button>\n\t\t\t\t<div class=\"accordion__content\" role=\"region\" aria-labelledby=\"accordion-control-479\" aria-hidden=\"true\" id=\"content-479\">\n\t\t\t\t\t<p><a href=\"https:\/\/sites.uef.fi\/ainedidaktinen-symposiumi-2025\/wp-content\/uploads\/sites\/495\/2025\/03\/OJS-kasikirjoituksen-lahettamisen-kuvalliset-ohjeet-1.docx\">OJS-k\u00e4sikirjoituksen l\u00e4hett\u00e4misen kuvalliset ohjeet<\/a><\/p>\n\t\t\t\t<\/div>\n\t\t\t<\/div>\n\t\t\t<\/div>\n\t\n\n\n<p><strong>Arvio aikataulusta<\/strong>. Kaksoissokkovertaisarvointiprosessi vie tyypillisesti noin 3\u20135 kuukautta. Kirjan taitto vaatii tavallisesti 1\u20132 kuukautta. Prosessin pituuteen vaikuttavat mm. artikkelien m\u00e4\u00e4r\u00e4 ja niiden tieteellinen laatu, lomakaudet sek\u00e4 muut tekij\u00e4t.<\/p>\n\n\n\n<p><strong>Kirjan toimittavat<\/strong> Hille Janhonen-Abruquah, Annu Kaivosaari ja Kaisa Viinikka. Ep\u00e4selvien tilanteiden osalta voit olla yhteydess\u00e4 suoraan toimittajiin. Osoitteet ovat muotoa: etunimi.sukunimi@uef.fi<\/p>\n\n\n\n<p><\/p>\n","protected":false},"excerpt":{"rendered":"<p>Ainedidaktiseen symposiumiin osallistuneet tutkijat voivat tarjota esitykseens\u00e4 perustuvaa artikkelik\u00e4sikirjoitusta 31.3.2025 menness\u00e4 julkaistavaksi Ainedidaktisia tutkimuksia -sarjassa (JUFO&nbsp;1). Symposiumin teemaan \u201dRajalla, rajatta, rajojen yli \u2013 Moninainen opettajankoulutus \u201d sopivat k\u00e4sikirjoitukset ovat ensisijaisessa asemassa. Muotoile artikkelik\u00e4sikirjoitus sarjan ohjeiden mukaisesti. \u2192 https:\/\/www.ainedidaktiikka.fi\/suomen-ainedidaktisen-tutkimusseuran-julkaisuja\/ Lataa t\u00e4st\u00e4 valmis&nbsp;julkaisupohja artikkelik\u00e4sikirjoitusta varten. Tarjottavat k\u00e4sikirjoitukset l\u00e4hetet\u00e4\u00e4n Journal-j\u00e4rjestelm\u00e4\u00e4 k\u00e4ytt\u00e4en viimeist\u00e4\u00e4n 31.3.2025 menness\u00e4. \u2192 https:\/\/journal.fi\/ainedidaktinen-tutkimusseura\/about\/submissions &nbsp; L\u00e4hett\u00e4ess\u00e4si [&hellip;]<\/p>\n","protected":false},"author":1221,"featured_media":0,"parent":0,"menu_order":0,"comment_status":"closed","ping_status":"closed","template":"","meta":{"_acf_changed":false,"footnotes":""},"class_list":["post-534","page","type-page","status-publish","hentry"],"acf":[],"yoast_head":"<!-- This site is optimized with the Yoast SEO plugin v27.1.1 - https:\/\/yoast.com\/product\/yoast-seo-wordpress\/ -->\n<title>Julkaisu - Ainedidaktinen symposiumi 2025<\/title>\n<meta name=\"robots\" content=\"index, follow, max-snippet:-1, max-image-preview:large, max-video-preview:-1\" \/>\n<link rel=\"canonical\" href=\"https:\/\/sites.uef.fi\/ainedidaktinen-symposiumi-2025\/julkaisu\/\" \/>\n<meta property=\"og:locale\" content=\"fi_FI\" \/>\n<meta property=\"og:type\" content=\"article\" \/>\n<meta property=\"og:title\" content=\"Julkaisu - Ainedidaktinen symposiumi 2025\" \/>\n<meta property=\"og:description\" content=\"Ainedidaktiseen symposiumiin osallistuneet tutkijat voivat tarjota esitykseens\u00e4 perustuvaa artikkelik\u00e4sikirjoitusta 31.3.2025 menness\u00e4 julkaistavaksi Ainedidaktisia tutkimuksia -sarjassa (JUFO&nbsp;1). Symposiumin teemaan \u201dRajalla, rajatta, rajojen yli \u2013 Moninainen opettajankoulutus \u201d sopivat k\u00e4sikirjoitukset ovat ensisijaisessa asemassa. Muotoile artikkelik\u00e4sikirjoitus sarjan ohjeiden mukaisesti. \u2192 https:\/\/www.ainedidaktiikka.fi\/suomen-ainedidaktisen-tutkimusseuran-julkaisuja\/ Lataa t\u00e4st\u00e4 valmis&nbsp;julkaisupohja artikkelik\u00e4sikirjoitusta varten. Tarjottavat k\u00e4sikirjoitukset l\u00e4hetet\u00e4\u00e4n Journal-j\u00e4rjestelm\u00e4\u00e4 k\u00e4ytt\u00e4en viimeist\u00e4\u00e4n 31.3.2025 menness\u00e4. \u2192 https:\/\/journal.fi\/ainedidaktinen-tutkimusseura\/about\/submissions &nbsp; L\u00e4hett\u00e4ess\u00e4si [&hellip;]\" \/>\n<meta property=\"og:url\" content=\"https:\/\/sites.uef.fi\/ainedidaktinen-symposiumi-2025\/julkaisu\/\" \/>\n<meta property=\"og:site_name\" content=\"Ainedidaktinen symposiumi 2025\" \/>\n<meta property=\"article:modified_time\" content=\"2025-03-24T06:56:59+00:00\" \/>\n<meta name=\"twitter:card\" content=\"summary_large_image\" \/>\n<meta name=\"twitter:label1\" content=\"Arvioitu lukuaika\" \/>\n\t<meta name=\"twitter:data1\" content=\"2 minuuttia\" \/>\n<script type=\"application\/ld+json\" class=\"yoast-schema-graph\">{\"@context\":\"https:\/\/schema.org\",\"@graph\":[{\"@type\":\"WebPage\",\"@id\":\"https:\/\/sites.uef.fi\/ainedidaktinen-symposiumi-2025\/julkaisu\/\",\"url\":\"https:\/\/sites.uef.fi\/ainedidaktinen-symposiumi-2025\/julkaisu\/\",\"name\":\"Julkaisu - Ainedidaktinen symposiumi 2025\",\"isPartOf\":{\"@id\":\"https:\/\/sites.uef.fi\/ainedidaktinen-symposiumi-2025\/#website\"},\"datePublished\":\"2024-10-21T06:44:19+00:00\",\"dateModified\":\"2025-03-24T06:56:59+00:00\",\"breadcrumb\":{\"@id\":\"https:\/\/sites.uef.fi\/ainedidaktinen-symposiumi-2025\/julkaisu\/#breadcrumb\"},\"inLanguage\":\"fi\",\"potentialAction\":[{\"@type\":\"ReadAction\",\"target\":[\"https:\/\/sites.uef.fi\/ainedidaktinen-symposiumi-2025\/julkaisu\/\"]}]},{\"@type\":\"BreadcrumbList\",\"@id\":\"https:\/\/sites.uef.fi\/ainedidaktinen-symposiumi-2025\/julkaisu\/#breadcrumb\",\"itemListElement\":[{\"@type\":\"ListItem\",\"position\":1,\"name\":\"Home\",\"item\":\"https:\/\/sites.uef.fi\/ainedidaktinen-symposiumi-2025\/\"},{\"@type\":\"ListItem\",\"position\":2,\"name\":\"Julkaisu\"}]},{\"@type\":\"WebSite\",\"@id\":\"https:\/\/sites.uef.fi\/ainedidaktinen-symposiumi-2025\/#website\",\"url\":\"https:\/\/sites.uef.fi\/ainedidaktinen-symposiumi-2025\/\",\"name\":\"Ainedidaktinen symposiumi 2025\",\"description\":\"\",\"potentialAction\":[{\"@type\":\"SearchAction\",\"target\":{\"@type\":\"EntryPoint\",\"urlTemplate\":\"https:\/\/sites.uef.fi\/ainedidaktinen-symposiumi-2025\/?s={search_term_string}\"},\"query-input\":{\"@type\":\"PropertyValueSpecification\",\"valueRequired\":true,\"valueName\":\"search_term_string\"}}],\"inLanguage\":\"fi\"}]}<\/script>\n<!-- \/ Yoast SEO plugin. -->","yoast_head_json":{"title":"Julkaisu - Ainedidaktinen symposiumi 2025","robots":{"index":"index","follow":"follow","max-snippet":"max-snippet:-1","max-image-preview":"max-image-preview:large","max-video-preview":"max-video-preview:-1"},"canonical":"https:\/\/sites.uef.fi\/ainedidaktinen-symposiumi-2025\/julkaisu\/","og_locale":"fi_FI","og_type":"article","og_title":"Julkaisu - Ainedidaktinen symposiumi 2025","og_description":"Ainedidaktiseen symposiumiin osallistuneet tutkijat voivat tarjota esitykseens\u00e4 perustuvaa artikkelik\u00e4sikirjoitusta 31.3.2025 menness\u00e4 julkaistavaksi Ainedidaktisia tutkimuksia -sarjassa (JUFO&nbsp;1). Symposiumin teemaan \u201dRajalla, rajatta, rajojen yli \u2013 Moninainen opettajankoulutus \u201d sopivat k\u00e4sikirjoitukset ovat ensisijaisessa asemassa. Muotoile artikkelik\u00e4sikirjoitus sarjan ohjeiden mukaisesti. \u2192 https:\/\/www.ainedidaktiikka.fi\/suomen-ainedidaktisen-tutkimusseuran-julkaisuja\/ Lataa t\u00e4st\u00e4 valmis&nbsp;julkaisupohja artikkelik\u00e4sikirjoitusta varten. Tarjottavat k\u00e4sikirjoitukset l\u00e4hetet\u00e4\u00e4n Journal-j\u00e4rjestelm\u00e4\u00e4 k\u00e4ytt\u00e4en viimeist\u00e4\u00e4n 31.3.2025 menness\u00e4. \u2192 https:\/\/journal.fi\/ainedidaktinen-tutkimusseura\/about\/submissions &nbsp; L\u00e4hett\u00e4ess\u00e4si [&hellip;]","og_url":"https:\/\/sites.uef.fi\/ainedidaktinen-symposiumi-2025\/julkaisu\/","og_site_name":"Ainedidaktinen symposiumi 2025","article_modified_time":"2025-03-24T06:56:59+00:00","twitter_card":"summary_large_image","twitter_misc":{"Arvioitu lukuaika":"2 minuuttia"},"schema":{"@context":"https:\/\/schema.org","@graph":[{"@type":"WebPage","@id":"https:\/\/sites.uef.fi\/ainedidaktinen-symposiumi-2025\/julkaisu\/","url":"https:\/\/sites.uef.fi\/ainedidaktinen-symposiumi-2025\/julkaisu\/","name":"Julkaisu - Ainedidaktinen symposiumi 2025","isPartOf":{"@id":"https:\/\/sites.uef.fi\/ainedidaktinen-symposiumi-2025\/#website"},"datePublished":"2024-10-21T06:44:19+00:00","dateModified":"2025-03-24T06:56:59+00:00","breadcrumb":{"@id":"https:\/\/sites.uef.fi\/ainedidaktinen-symposiumi-2025\/julkaisu\/#breadcrumb"},"inLanguage":"fi","potentialAction":[{"@type":"ReadAction","target":["https:\/\/sites.uef.fi\/ainedidaktinen-symposiumi-2025\/julkaisu\/"]}]},{"@type":"BreadcrumbList","@id":"https:\/\/sites.uef.fi\/ainedidaktinen-symposiumi-2025\/julkaisu\/#breadcrumb","itemListElement":[{"@type":"ListItem","position":1,"name":"Home","item":"https:\/\/sites.uef.fi\/ainedidaktinen-symposiumi-2025\/"},{"@type":"ListItem","position":2,"name":"Julkaisu"}]},{"@type":"WebSite","@id":"https:\/\/sites.uef.fi\/ainedidaktinen-symposiumi-2025\/#website","url":"https:\/\/sites.uef.fi\/ainedidaktinen-symposiumi-2025\/","name":"Ainedidaktinen symposiumi 2025","description":"","potentialAction":[{"@type":"SearchAction","target":{"@type":"EntryPoint","urlTemplate":"https:\/\/sites.uef.fi\/ainedidaktinen-symposiumi-2025\/?s={search_term_string}"},"query-input":{"@type":"PropertyValueSpecification","valueRequired":true,"valueName":"search_term_string"}}],"inLanguage":"fi"}]}},"_links":{"self":[{"href":"https:\/\/sites.uef.fi\/ainedidaktinen-symposiumi-2025\/wp-json\/wp\/v2\/pages\/534","targetHints":{"allow":["GET"]}}],"collection":[{"href":"https:\/\/sites.uef.fi\/ainedidaktinen-symposiumi-2025\/wp-json\/wp\/v2\/pages"}],"about":[{"href":"https:\/\/sites.uef.fi\/ainedidaktinen-symposiumi-2025\/wp-json\/wp\/v2\/types\/page"}],"author":[{"embeddable":true,"href":"https:\/\/sites.uef.fi\/ainedidaktinen-symposiumi-2025\/wp-json\/wp\/v2\/users\/1221"}],"replies":[{"embeddable":true,"href":"https:\/\/sites.uef.fi\/ainedidaktinen-symposiumi-2025\/wp-json\/wp\/v2\/comments?post=534"}],"version-history":[{"count":1,"href":"https:\/\/sites.uef.fi\/ainedidaktinen-symposiumi-2025\/wp-json\/wp\/v2\/pages\/534\/revisions"}],"predecessor-version":[{"id":1689,"href":"https:\/\/sites.uef.fi\/ainedidaktinen-symposiumi-2025\/wp-json\/wp\/v2\/pages\/534\/revisions\/1689"}],"wp:attachment":[{"href":"https:\/\/sites.uef.fi\/ainedidaktinen-symposiumi-2025\/wp-json\/wp\/v2\/media?parent=534"}],"curies":[{"name":"wp","href":"https:\/\/api.w.org\/{rel}","templated":true}]}}