{"id":549,"date":"2024-10-21T08:47:38","date_gmt":"2024-10-21T06:47:38","guid":{"rendered":"https:\/\/sites.uef.fi\/ainedidaktinen-symposiumi-2025\/?page_id=549"},"modified":"2025-02-15T09:16:35","modified_gmt":"2025-02-15T07:16:35","slug":"ilmoittautuminen","status":"publish","type":"page","link":"https:\/\/sites.uef.fi\/ainedidaktinen-symposiumi-2025\/ilmoittautuminen\/","title":{"rendered":"Ilmoittautuminen ja osallistumismaksut"},"content":{"rendered":"\n<figure class=\"wp-block-image size-full is-resized\"><img loading=\"lazy\" decoding=\"async\" width=\"274\" height=\"220\" src=\"https:\/\/sites.uef.fi\/ainedidaktinen-symposiumi-2025\/wp-content\/uploads\/sites\/495\/2024\/11\/Nayttokuva-2024-11-1-kello-21.08.06-7.png\" alt=\"\" class=\"wp-image-1358\" style=\"width:25px;height:auto\" \/><\/figure>\n\n\n\n<p><strong>Symposiumiin osallistuminen on maksullista<\/strong>.&nbsp;Pois lukien symposiumin <a href=\"https:\/\/sites.uef.fi\/ainedidaktinen-symposiumi-2025\/287-2\/\">j\u00e4rjestelytoimikunnan j\u00e4senet<\/a>, pyydettyjen <a href=\"https:\/\/sites.uef.fi\/ainedidaktinen-symposiumi-2025\/keynote-puhujat\/\" target=\"_blank\" rel=\"noreferrer noopener\">puheenvuorojen<\/a> pit\u00e4j\u00e4t&nbsp;(esim. keynote-puhujat) sek\u00e4 opiskelijat, jotka osallistuvat symposiumiin osana opintojaksoa.<\/p>\n\n\n\n<p><strong>Osallistumismaksut:<\/strong><\/p>\n\n\n\n<ul class=\"wp-block-list\">\n<li>J\u00e4lki-ilmoittautuneet 25.1.\u201310.2.2025 180\u20ac<\/li>\n\n\n\n<li>Ainedidaktisen seuran j\u00e4senet 120\u20ac<\/li>\n\n\n\n<li>Ei-j\u00e4senet 140\u20ac<\/li>\n\n\n\n<li>Et\u00e4osallistujat (Zoomin v\u00e4lityksell\u00e4) 70\u20ac<\/li>\n\n\n\n<li>Perustutkinto- ja jatko-opiskelijat (l\u00e4hi tai et\u00e4) 40\u20ac<\/li>\n\n\n\n<li>Emerita\/Emeritus (l\u00e4hi tai et\u00e4) 40\u20ac<\/li>\n\n\n\n<li>Yleissivist\u00e4v\u00e4n koulun opettajat<strong>*<\/strong> 40\u20ac<\/li>\n\n\n\n<li>UEF&nbsp;henkil\u00f6kunta&nbsp;(sis\u00e4inen laskutus) 70\u20ac<\/li>\n<\/ul>\n\n\n\n<figure class=\"wp-block-image size-full is-resized\"><img loading=\"lazy\" decoding=\"async\" width=\"274\" height=\"220\" src=\"https:\/\/sites.uef.fi\/ainedidaktinen-symposiumi-2025\/wp-content\/uploads\/sites\/495\/2024\/11\/Nayttokuva-2024-11-1-kello-21.08.06-7.png\" alt=\"\" class=\"wp-image-1358\" style=\"width:25px;height:auto\" \/><\/figure>\n\n\n\n<p><em><strong>*<\/strong>It\u00e4-Suomen yliopiston harjoittelukoulujen opettajat ilmoittautuvat Skopen&nbsp;(+muu UEF) henkil\u00f6kunta -tuotteella. Ilmoittautumismaksusta tulee sis\u00e4inen lasku.<\/em><\/p>\n\n\n\n<p><strong>Liity Suomen ainedidaktisen tutkimusseuran j\u00e4seneksi <a href=\"https:\/\/www.ainedidaktiikka.fi\/jasenlomake\/\" target=\"_blank\" rel=\"noreferrer noopener\">t\u00e4st\u00e4!<\/a><\/strong><\/p>\n\n\n\n<p><\/p>\n","protected":false},"excerpt":{"rendered":"<p>Symposiumiin osallistuminen on maksullista.&nbsp;Pois lukien symposiumin j\u00e4rjestelytoimikunnan j\u00e4senet, pyydettyjen puheenvuorojen pit\u00e4j\u00e4t&nbsp;(esim. keynote-puhujat) sek\u00e4 opiskelijat, jotka osallistuvat symposiumiin osana opintojaksoa. Osallistumismaksut: *It\u00e4-Suomen yliopiston harjoittelukoulujen opettajat ilmoittautuvat Skopen&nbsp;(+muu UEF) henkil\u00f6kunta -tuotteella. Ilmoittautumismaksusta tulee sis\u00e4inen lasku. Liity Suomen ainedidaktisen tutkimusseuran j\u00e4seneksi t\u00e4st\u00e4!<\/p>\n","protected":false},"author":1221,"featured_media":0,"parent":0,"menu_order":0,"comment_status":"closed","ping_status":"closed","template":"","meta":{"_acf_changed":false,"footnotes":""},"class_list":["post-549","page","type-page","status-publish","hentry"],"acf":[],"yoast_head":"<!-- This site is optimized with the Yoast SEO plugin v27.1.1 - https:\/\/yoast.com\/product\/yoast-seo-wordpress\/ -->\n<title>Ilmoittautuminen ja osallistumismaksut - Ainedidaktinen symposiumi 2025<\/title>\n<meta name=\"robots\" content=\"index, follow, max-snippet:-1, max-image-preview:large, max-video-preview:-1\" \/>\n<link rel=\"canonical\" href=\"https:\/\/sites.uef.fi\/ainedidaktinen-symposiumi-2025\/ilmoittautuminen\/\" \/>\n<meta property=\"og:locale\" content=\"fi_FI\" \/>\n<meta property=\"og:type\" content=\"article\" \/>\n<meta property=\"og:title\" content=\"Ilmoittautuminen ja osallistumismaksut - Ainedidaktinen symposiumi 2025\" \/>\n<meta property=\"og:description\" content=\"Symposiumiin osallistuminen on maksullista.&nbsp;Pois lukien symposiumin j\u00e4rjestelytoimikunnan j\u00e4senet, pyydettyjen puheenvuorojen pit\u00e4j\u00e4t&nbsp;(esim. keynote-puhujat) sek\u00e4 opiskelijat, jotka osallistuvat symposiumiin osana opintojaksoa. Osallistumismaksut: *It\u00e4-Suomen yliopiston harjoittelukoulujen opettajat ilmoittautuvat Skopen&nbsp;(+muu UEF) henkil\u00f6kunta -tuotteella. Ilmoittautumismaksusta tulee sis\u00e4inen lasku. Liity Suomen ainedidaktisen tutkimusseuran j\u00e4seneksi t\u00e4st\u00e4!\" \/>\n<meta property=\"og:url\" content=\"https:\/\/sites.uef.fi\/ainedidaktinen-symposiumi-2025\/ilmoittautuminen\/\" \/>\n<meta property=\"og:site_name\" content=\"Ainedidaktinen symposiumi 2025\" \/>\n<meta property=\"article:modified_time\" content=\"2025-02-15T07:16:35+00:00\" \/>\n<meta property=\"og:image\" content=\"https:\/\/sites.uef.fi\/ainedidaktinen-symposiumi-2025\/wp-content\/uploads\/sites\/495\/2024\/11\/Nayttokuva-2024-11-1-kello-21.08.06-7.png\" \/>\n\t<meta property=\"og:image:width\" content=\"274\" \/>\n\t<meta property=\"og:image:height\" content=\"220\" \/>\n\t<meta property=\"og:image:type\" content=\"image\/png\" \/>\n<meta name=\"twitter:card\" content=\"summary_large_image\" \/>\n<meta name=\"twitter:label1\" content=\"Arvioitu lukuaika\" \/>\n\t<meta name=\"twitter:data1\" content=\"1 minuutti\" \/>\n<script type=\"application\/ld+json\" class=\"yoast-schema-graph\">{\"@context\":\"https:\/\/schema.org\",\"@graph\":[{\"@type\":\"WebPage\",\"@id\":\"https:\/\/sites.uef.fi\/ainedidaktinen-symposiumi-2025\/ilmoittautuminen\/\",\"url\":\"https:\/\/sites.uef.fi\/ainedidaktinen-symposiumi-2025\/ilmoittautuminen\/\",\"name\":\"Ilmoittautuminen ja osallistumismaksut - Ainedidaktinen symposiumi 2025\",\"isPartOf\":{\"@id\":\"https:\/\/sites.uef.fi\/ainedidaktinen-symposiumi-2025\/#website\"},\"primaryImageOfPage\":{\"@id\":\"https:\/\/sites.uef.fi\/ainedidaktinen-symposiumi-2025\/ilmoittautuminen\/#primaryimage\"},\"image\":{\"@id\":\"https:\/\/sites.uef.fi\/ainedidaktinen-symposiumi-2025\/ilmoittautuminen\/#primaryimage\"},\"thumbnailUrl\":\"https:\/\/sites.uef.fi\/ainedidaktinen-symposiumi-2025\/wp-content\/uploads\/sites\/495\/2024\/11\/Nayttokuva-2024-11-1-kello-21.08.06-7.png\",\"datePublished\":\"2024-10-21T06:47:38+00:00\",\"dateModified\":\"2025-02-15T07:16:35+00:00\",\"breadcrumb\":{\"@id\":\"https:\/\/sites.uef.fi\/ainedidaktinen-symposiumi-2025\/ilmoittautuminen\/#breadcrumb\"},\"inLanguage\":\"fi\",\"potentialAction\":[{\"@type\":\"ReadAction\",\"target\":[\"https:\/\/sites.uef.fi\/ainedidaktinen-symposiumi-2025\/ilmoittautuminen\/\"]}]},{\"@type\":\"ImageObject\",\"inLanguage\":\"fi\",\"@id\":\"https:\/\/sites.uef.fi\/ainedidaktinen-symposiumi-2025\/ilmoittautuminen\/#primaryimage\",\"url\":\"https:\/\/sites.uef.fi\/ainedidaktinen-symposiumi-2025\/wp-content\/uploads\/sites\/495\/2024\/11\/Nayttokuva-2024-11-1-kello-21.08.06-7.png\",\"contentUrl\":\"https:\/\/sites.uef.fi\/ainedidaktinen-symposiumi-2025\/wp-content\/uploads\/sites\/495\/2024\/11\/Nayttokuva-2024-11-1-kello-21.08.06-7.png\",\"width\":274,\"height\":220},{\"@type\":\"BreadcrumbList\",\"@id\":\"https:\/\/sites.uef.fi\/ainedidaktinen-symposiumi-2025\/ilmoittautuminen\/#breadcrumb\",\"itemListElement\":[{\"@type\":\"ListItem\",\"position\":1,\"name\":\"Home\",\"item\":\"https:\/\/sites.uef.fi\/ainedidaktinen-symposiumi-2025\/\"},{\"@type\":\"ListItem\",\"position\":2,\"name\":\"Ilmoittautuminen ja osallistumismaksut\"}]},{\"@type\":\"WebSite\",\"@id\":\"https:\/\/sites.uef.fi\/ainedidaktinen-symposiumi-2025\/#website\",\"url\":\"https:\/\/sites.uef.fi\/ainedidaktinen-symposiumi-2025\/\",\"name\":\"Ainedidaktinen symposiumi 2025\",\"description\":\"\",\"potentialAction\":[{\"@type\":\"SearchAction\",\"target\":{\"@type\":\"EntryPoint\",\"urlTemplate\":\"https:\/\/sites.uef.fi\/ainedidaktinen-symposiumi-2025\/?s={search_term_string}\"},\"query-input\":{\"@type\":\"PropertyValueSpecification\",\"valueRequired\":true,\"valueName\":\"search_term_string\"}}],\"inLanguage\":\"fi\"}]}<\/script>\n<!-- \/ Yoast SEO plugin. -->","yoast_head_json":{"title":"Ilmoittautuminen ja osallistumismaksut - Ainedidaktinen symposiumi 2025","robots":{"index":"index","follow":"follow","max-snippet":"max-snippet:-1","max-image-preview":"max-image-preview:large","max-video-preview":"max-video-preview:-1"},"canonical":"https:\/\/sites.uef.fi\/ainedidaktinen-symposiumi-2025\/ilmoittautuminen\/","og_locale":"fi_FI","og_type":"article","og_title":"Ilmoittautuminen ja osallistumismaksut - Ainedidaktinen symposiumi 2025","og_description":"Symposiumiin osallistuminen on maksullista.&nbsp;Pois lukien symposiumin j\u00e4rjestelytoimikunnan j\u00e4senet, pyydettyjen puheenvuorojen pit\u00e4j\u00e4t&nbsp;(esim. keynote-puhujat) sek\u00e4 opiskelijat, jotka osallistuvat symposiumiin osana opintojaksoa. Osallistumismaksut: *It\u00e4-Suomen yliopiston harjoittelukoulujen opettajat ilmoittautuvat Skopen&nbsp;(+muu UEF) henkil\u00f6kunta -tuotteella. Ilmoittautumismaksusta tulee sis\u00e4inen lasku. Liity Suomen ainedidaktisen tutkimusseuran j\u00e4seneksi t\u00e4st\u00e4!","og_url":"https:\/\/sites.uef.fi\/ainedidaktinen-symposiumi-2025\/ilmoittautuminen\/","og_site_name":"Ainedidaktinen symposiumi 2025","article_modified_time":"2025-02-15T07:16:35+00:00","og_image":[{"width":274,"height":220,"url":"https:\/\/sites.uef.fi\/ainedidaktinen-symposiumi-2025\/wp-content\/uploads\/sites\/495\/2024\/11\/Nayttokuva-2024-11-1-kello-21.08.06-7.png","type":"image\/png"}],"twitter_card":"summary_large_image","twitter_misc":{"Arvioitu lukuaika":"1 minuutti"},"schema":{"@context":"https:\/\/schema.org","@graph":[{"@type":"WebPage","@id":"https:\/\/sites.uef.fi\/ainedidaktinen-symposiumi-2025\/ilmoittautuminen\/","url":"https:\/\/sites.uef.fi\/ainedidaktinen-symposiumi-2025\/ilmoittautuminen\/","name":"Ilmoittautuminen ja osallistumismaksut - Ainedidaktinen symposiumi 2025","isPartOf":{"@id":"https:\/\/sites.uef.fi\/ainedidaktinen-symposiumi-2025\/#website"},"primaryImageOfPage":{"@id":"https:\/\/sites.uef.fi\/ainedidaktinen-symposiumi-2025\/ilmoittautuminen\/#primaryimage"},"image":{"@id":"https:\/\/sites.uef.fi\/ainedidaktinen-symposiumi-2025\/ilmoittautuminen\/#primaryimage"},"thumbnailUrl":"https:\/\/sites.uef.fi\/ainedidaktinen-symposiumi-2025\/wp-content\/uploads\/sites\/495\/2024\/11\/Nayttokuva-2024-11-1-kello-21.08.06-7.png","datePublished":"2024-10-21T06:47:38+00:00","dateModified":"2025-02-15T07:16:35+00:00","breadcrumb":{"@id":"https:\/\/sites.uef.fi\/ainedidaktinen-symposiumi-2025\/ilmoittautuminen\/#breadcrumb"},"inLanguage":"fi","potentialAction":[{"@type":"ReadAction","target":["https:\/\/sites.uef.fi\/ainedidaktinen-symposiumi-2025\/ilmoittautuminen\/"]}]},{"@type":"ImageObject","inLanguage":"fi","@id":"https:\/\/sites.uef.fi\/ainedidaktinen-symposiumi-2025\/ilmoittautuminen\/#primaryimage","url":"https:\/\/sites.uef.fi\/ainedidaktinen-symposiumi-2025\/wp-content\/uploads\/sites\/495\/2024\/11\/Nayttokuva-2024-11-1-kello-21.08.06-7.png","contentUrl":"https:\/\/sites.uef.fi\/ainedidaktinen-symposiumi-2025\/wp-content\/uploads\/sites\/495\/2024\/11\/Nayttokuva-2024-11-1-kello-21.08.06-7.png","width":274,"height":220},{"@type":"BreadcrumbList","@id":"https:\/\/sites.uef.fi\/ainedidaktinen-symposiumi-2025\/ilmoittautuminen\/#breadcrumb","itemListElement":[{"@type":"ListItem","position":1,"name":"Home","item":"https:\/\/sites.uef.fi\/ainedidaktinen-symposiumi-2025\/"},{"@type":"ListItem","position":2,"name":"Ilmoittautuminen ja osallistumismaksut"}]},{"@type":"WebSite","@id":"https:\/\/sites.uef.fi\/ainedidaktinen-symposiumi-2025\/#website","url":"https:\/\/sites.uef.fi\/ainedidaktinen-symposiumi-2025\/","name":"Ainedidaktinen symposiumi 2025","description":"","potentialAction":[{"@type":"SearchAction","target":{"@type":"EntryPoint","urlTemplate":"https:\/\/sites.uef.fi\/ainedidaktinen-symposiumi-2025\/?s={search_term_string}"},"query-input":{"@type":"PropertyValueSpecification","valueRequired":true,"valueName":"search_term_string"}}],"inLanguage":"fi"}]}},"_links":{"self":[{"href":"https:\/\/sites.uef.fi\/ainedidaktinen-symposiumi-2025\/wp-json\/wp\/v2\/pages\/549","targetHints":{"allow":["GET"]}}],"collection":[{"href":"https:\/\/sites.uef.fi\/ainedidaktinen-symposiumi-2025\/wp-json\/wp\/v2\/pages"}],"about":[{"href":"https:\/\/sites.uef.fi\/ainedidaktinen-symposiumi-2025\/wp-json\/wp\/v2\/types\/page"}],"author":[{"embeddable":true,"href":"https:\/\/sites.uef.fi\/ainedidaktinen-symposiumi-2025\/wp-json\/wp\/v2\/users\/1221"}],"replies":[{"embeddable":true,"href":"https:\/\/sites.uef.fi\/ainedidaktinen-symposiumi-2025\/wp-json\/wp\/v2\/comments?post=549"}],"version-history":[{"count":2,"href":"https:\/\/sites.uef.fi\/ainedidaktinen-symposiumi-2025\/wp-json\/wp\/v2\/pages\/549\/revisions"}],"predecessor-version":[{"id":1653,"href":"https:\/\/sites.uef.fi\/ainedidaktinen-symposiumi-2025\/wp-json\/wp\/v2\/pages\/549\/revisions\/1653"}],"wp:attachment":[{"href":"https:\/\/sites.uef.fi\/ainedidaktinen-symposiumi-2025\/wp-json\/wp\/v2\/media?parent=549"}],"curies":[{"name":"wp","href":"https:\/\/api.w.org\/{rel}","templated":true}]}}