{"id":136,"date":"2020-11-13T13:21:46","date_gmt":"2020-11-13T11:21:46","guid":{"rendered":"https:\/\/sites.uef.fi\/alzheimermarkkeritutkimukset\/?page_id=136"},"modified":"2026-03-26T10:24:19","modified_gmt":"2026-03-26T08:24:19","slug":"tiedotteet","status":"publish","type":"page","link":"https:\/\/sites.uef.fi\/aivobiomarkkeritutkimukset\/tiedotteet\/","title":{"rendered":"Tiedotteet"},"content":{"rendered":"\n<p>13.3.2026:<\/p>\n\n\n\n<h2 class=\"wp-block-heading\">Uusi Alzheimerin taudin verest\u00e4 mitattava merkkiaine pTau181 laajentaa Biomarkkerilaboratorion palveluvalikoimaa<\/h2>\n\n\n\n<p>Biomarkkerilaboratorio ottaa k\u00e4ytt\u00f6\u00f6n plasman pTau181-m\u00e4\u00e4rityksen, jota voidaan hy\u00f6dynt\u00e4\u00e4 Alzheimerin taudin poissulkututkimusten tukena v\u00e4hint\u00e4\u00e4n 55-vuotiailla henkil\u00f6ill\u00e4, joilla on merkkej\u00e4 kognitiivisesta heikentymisest\u00e4. Testin tulos tulee aina arvioida yhdess\u00e4 muun kliinisen tiedon kanssa.<\/p>\n\n\n\n<p>Plasman pTau181 tutkimuksella on erinomainen negatiivinen ennustearvo: negatiivinen testitulos vastaa tarkkuudeltaan negatiivista amyloidi-PET kuvantamistulosta ja viittaa siihen, ett\u00e4 potilaan kognitiivinen heikentyminen ei todenn\u00e4k\u00f6isesti johdu amyloidipatologiasta.<\/p>\n\n\n\n<p>Tutkimus ei ole aiemmin ollut saatavilla Suomessa. Plasman pTau181\u2011m\u00e4\u00e4ritys on tilattavissa huhtikuussa 2026.<\/p>\n\n\n\n<p>  <br>  <br><\/p>\n\n\n\n<p>24.11.2025:<\/p>\n\n\n\n<h2 class=\"wp-block-heading\">Plasman neurofilamentin kevytketjun m\u00e4\u00e4rityksen menetelm\u00e4 muuttuu 1.12.2025 alkaen<\/h2>\n\n\n\n<p>Plasman neurofilamentti, kevytketju (6612 P-NfLc) diagnostiikka siirtyy 1.12.2025 alkaen teht\u00e4v\u00e4ksi Roche immunokemian analysaattorilla (Roche Elecsys elektrokemiluminometrinen menetelm\u00e4).<\/p>\n\n\n\n<p>Muutoksen my\u00f6t\u00e4 l\u00e4hetysputkeksi suositellaan <strong>4 ml polypropyleeniputkea<\/strong>. My\u00f6s muissa erotteluputkissa tulevat n\u00e4ytteet voidaan analysoida.<\/p>\n\n\n\n<p>Tulosten tulkinnassa k\u00e4ytet\u00e4\u00e4n edelleen normaaliarvoja, jotka vaihtelevat i\u00e4n mukaan. Menetelm\u00e4n vaihtuminen ei aiheuta muutoksia normaaliarvoihin tai tulosten tulkintaan.<\/p>\n\n\n\n<p><br>  <br><\/p>\n\n\n\n<p>1.6.2025:<\/p>\n\n\n\n<h2 class=\"wp-block-heading\">Uudet hinnat 1.6.2025 alkaen<\/h2>\n\n\n\n<p>Neurofilamentin kevytketjun (6612 P-NfLc) m\u00e4\u00e4rityksen hinta muuttuu 1.6.2025 alkaen ja on voimassa toistaiseksi. Uusi hinta on <strong>165 \u20ac<\/strong>.<\/p>\n\n\n\n<p>Selk\u00e4ydinnesten\u00e4ytteiden aivobiomarkkerien m\u00e4\u00e4ritysten hinta muuttuu 1.6.2025 alkaen ja on toistaiseksi voimassa.<\/p>\n\n\n\n<p>Likvorin kolme merkkiainetta (Li-BAm42, Li-Tau, Li-FosTau): <strong>388 \u20ac<\/strong><\/p>\n\n\n\n<p>Likvorin kaksi merkkiainetta (Li-BAm42, Li-Tau tai Li-FosTau): <strong>290 \u20ac<\/strong><\/p>\n\n\n\n<p>Likvorin yksi merkkiaine (Li-BAm42, Li-Tau tai Li-FosTau): <strong>185 \u20ac<\/strong><\/p>\n\n\n\n<p><\/p>\n\n\n\n<p> <br>  <br><\/p>\n\n\n\n<p><\/p>\n\n\n\n<p>13.1.2025:<\/p>\n\n\n\n<h2 class=\"wp-block-heading\">Plasman pTau217 diagnostiikka aloitetaan tammikuussa 2025<\/h2>\n\n\n\n<p>Biomarkkerilaboratorio aloittaa plasmasta mitattavan Alzheimerin taudin merkkiaineen pTau217 diagnostiikan 27.1.2025. Analyysi tehd\u00e4\u00e4n immunologisella menetelm\u00e4ll\u00e4. Testi\u00e4 ei suositella alle 50-vuotiaille eik\u00e4 oireettomille henkil\u00f6ille. Kohonnut pTau217-tulos viittaa siihen, ett\u00e4 aivoissa on Alzheimerin tautiin liittyvi\u00e4 muutoksia, mutta ne eiv\u00e4t kuitenkaan aina johda sairastumiseen. Testi voi tukea Alzheimerin taudin diagnoosia yhdess\u00e4 muistitutkimusten ja muun kliinisen kuvan kanssa, ja hoitava l\u00e4\u00e4k\u00e4ri tekee p\u00e4\u00e4t\u00f6ksen testin tarpeellisuudesta.<\/p>\n\n\n\n<p> <br>  <br><\/p>\n\n\n\n<p>17.9.2024:<\/p>\n\n\n\n<h2 class=\"wp-block-heading\">Verest\u00e4 mitattava Alzheimerin taudin biomarkkeri pTau217 tulossa Biomarkkerilaboratorion valikoimaan ensi vuonna&nbsp;&nbsp;<\/h2>\n\n\n\n<p>Biomarkkerilaboratorio on validoimassa Alzheimerin taudin patologisiin muutoksiin yhteydess\u00e4 olevaa veren biomarkkeria pTau217 kliiniseen k\u00e4ytt\u00f6\u00f6n. Tavoitteena on k\u00e4ynnist\u00e4\u00e4 diagnostiikka vuoden 2025 alkupuolella. Kyseisen biomarkkerin diagnostisen tarkkuuden on osoitettu olevan samaa luokkaa hintavan amyloidi-PET-tutkimuksen kanssa, ja se on jopa tarkempi kuin perinteiset aivoselk\u00e4ydinnesteen markkerit: <a href=\"https:\/\/www.laakarilehti.fi\/tieteessa\/paakirjoitus-tiede\/mullistavatko-uudet-veren-biomarkkerit-alzheimerin-taudin-diagnostiikan\/?public=36847f83645f2167524991b6685b7324\">https:\/\/www.laakarilehti.fi\/tieteessa\/paakirjoitus-tiede\/mullistavatko-uudet-veren-biomarkkerit-alzheimerin-taudin-diagnostiikan\/<\/a>. On otettava huomioon, ett\u00e4 veren pTau217-testi\u00e4 ei suositella oireettoman&nbsp;henkil\u00f6n testaamiseen eik\u00e4 sit\u00e4 voi k\u00e4ytt\u00e4\u00e4 ainoana Alzheimerin taudin diagnostisena kriteerin\u00e4.&nbsp;<\/p>\n\n\n\n<p><\/p>\n\n\n\n<p><\/p>\n\n\n\n<p><br><\/p>\n\n\n\n<p>23.5.2024:<\/p>\n\n\n\n<p><\/p>\n\n\n\n<h2 class=\"wp-block-heading\">Plasman neurofilamentin kevytketjun m\u00e4\u00e4rityksen hinta muuttuu 1.6.2024.<\/h2>\n\n\n\n<p>Neurofilamentin kevytketjun (6612 P-NfLc) m\u00e4\u00e4rityksen hinta muuttuu 1.6.2024 alkaen ja on voimassa toistaiseksi. Uusi hinta on <strong>149 \u20ac<\/strong>.<\/p>\n\n\n\n<p><\/p>\n\n\n\n<p> <br><\/p>\n\n\n\n<p><\/p>\n\n\n\n<p><\/p>\n\n\n\n<p><\/p>\n\n\n\n<p>30.11.2023:<\/p>\n\n\n\n<h2 class=\"wp-block-heading\">Telefaxin k\u00e4ytt\u00f6mahdollisuus poistuu 30.11.2023.<\/h2>\n\n\n\n<p>DNA purkaa kupariverkkoa It\u00e4-Suomen alueella ja Biomarkkerilaboratorion k\u00e4yt\u00f6ss\u00e4 ollut telefax poistuu kokonaan k\u00e4yt\u00f6st\u00e4 30.11.2023.<\/p>\n\n\n\n<p><\/p>\n\n\n\n<p><br><\/p>\n\n\n\n<p><\/p>\n\n\n\n<p>21.11.2023:<\/p>\n\n\n\n<h2 class=\"wp-block-heading\">Alzheimerin taudin merkkiaineiden (Li-BAm42, Li-Tau, Li-FosTau) raja-arvoiset alueet muuttuvat 21.11.2023.<\/h2>\n\n\n\n<p>Raja-arvoisten alueiden muutoksen syyn\u00e4 on analysaattorilaitteiston p\u00e4ivitys. N\u00e4yteputki ja n\u00e4ytteiden k\u00e4sittelyohjeet eiv\u00e4t muutu. <\/p>\n\n\n\n<p><\/p>\n\n\n\n<p><\/p>\n\n\n\n<p><strong>Raja-arvot 21.11.2023 alkaen<\/strong><\/p>\n\n\n\n<p><strong>4809 Li-FosTau&nbsp;<\/strong><br>Normaali alle <strong>21 <\/strong>pg\/ml, raja-arvoinen <strong>21-26<\/strong> pg\/ml, patologinen <strong>yli 26<\/strong> pg\/ml<br><\/p>\n\n\n\n<p><strong>4810 Li-Tau <\/strong><br>Normaali alle <strong>230 <\/strong>pg\/ml, raja-arvoinen <strong>230-275<\/strong> pg\/ml, patologinen <strong>yli 275<\/strong> pg\/ml<br><\/p>\n\n\n\n<p><strong>4811 Li-BAm42<\/strong> &nbsp; <br>Normaali yli <strong>845<\/strong> pg\/ml, raja-arvoinen <strong>715-845<\/strong> pg\/ml, patologinen <strong>alle 715<\/strong> pg\/ml<\/p>\n\n\n\n<p><br><br><\/p>\n\n\n\n<p>5.1.2023:<\/p>\n\n\n\n<h2 class=\"wp-block-heading\">Neurofilamentin kevytketjun kuntaliiton nimike 6612 P-NfLc<\/h2>\n\n\n\n<p>Neurofilamentille on hyv\u00e4ksytty kuntaliiton nimike 1.1.2023:<\/p>\n\n\n\n<p><strong>6612 P -NfLc <\/strong><\/p>\n\n\n\n<p><strong>P -Neurofilamentti, kevytketju<\/strong><\/p>\n\n\n\n<p>Mittayksikk\u00f6 pg\/ml.<\/p>\n\n\n\n<p>P\u00e4ivitetyt tutkimuspyynt\u00f6lomakkeet l\u00f6ytyv\u00e4t tutkimuksen omalta alasivulta (<a href=\"https:\/\/sites.uef.fi\/aivobiomarkkeritutkimukset\/nfl\/\">Plasman neurofilamentti<\/a>). <\/p>\n\n\n\n<p> <br><\/p>\n\n\n\n<p>2.9.2022:<\/p>\n\n\n\n<h2 class=\"wp-block-heading\">P-Nfl (plasman neurofilamentti, kevytketju) -m\u00e4\u00e4ritykset saatavana 1.10.2022 alkaen<\/h2>\n\n\n\n<p>It\u00e4-Suomen yliopiston aivotutkimusyksik\u00f6n Biomarkkerilaboratorio on validoinut Simoa-menetelm\u00e4ll\u00e4 teht\u00e4v\u00e4t plasman Nfl-mittaukset ja tarjoaa niit\u00e4 diagnostiseen k\u00e4ytt\u00f6\u00f6n 1.10.2022 alkaen.<\/p>\n\n\n\n<p>Lis\u00e4tietoja sek\u00e4 n\u00e4ytteiden l\u00e4hetysohjeet ja tutkimuspyynt\u00f6lomake l\u00f6ytyv\u00e4t tutkimuksen omalta alasivulta (<a href=\"https:\/\/sites.uef.fi\/aivobiomarkkeritutkimukset\/nfl\/\">Plasman neurofilamentti<\/a>).  <\/p>\n\n\n\n<p> <br><\/p>\n\n\n\n<p>24.5.2022:<\/p>\n\n\n\n<h2 class=\"wp-block-heading\">Alzheimerin taudin merkkiaineiden (Li-BAm42, Li-Tau, Li-FosTau) hinnat muuttuvat 1.6.2022<\/h2>\n\n\n\n<p>Ilmoitamme kohteliaimmin, ett\u00e4 It\u00e4-Suomen yliopiston aivotutkimusyksik\u00f6n Alzheimerin taudin merkkiaineiden (<strong>Li-FosTau, Li-Tau, Li-BAm42<\/strong>) hinnat muuttuvat 1.6.2022 alkaen ja ovat voimassa toistaiseksi.<\/p>\n\n\n\n<p>   <strong>\u00b7  Kolmen merkkiaineen yhdistelm\u00e4: 381,00 \u20ac<\/strong><\/p>\n\n\n\n<p><strong>   \u00b7  Kahden merkkiaineen yhdistelm\u00e4: 285,00 \u20ac<\/strong><\/p>\n\n\n\n<p><strong>   \u00b7  Yksitt\u00e4inen merkkiaine: 177,00 \u20ac<\/strong><\/p>\n\n\n\n<p>Kiit\u00e4mme osoittamastanne luottamuksesta palvelujamme kohtaan.<\/p>\n\n\n\n<p>Yhteisty\u00f6terveisin <\/p>\n\n\n\n<p>Sanna-Kaisa Herukka, Biomarkkerilaboratorion johtaja <\/p>\n\n\n\n<p> <br><\/p>\n\n\n\n<p>4.3.2021:<\/p>\n\n\n\n<h2 class=\"wp-block-heading\">Alzheimerin taudin merkkiaineiden (Li-BAm42, Li-Tau, Li-FosTau) n\u00e4yteputki ja n\u00e4ytteiden l\u00e4hetysohjeet muuttuvat 1.4.2022 alkaen<\/h2>\n\n\n\n<p>It\u00e4-Suomen yliopiston aivotutkimusyksik\u00f6n Alzheimerin taudin merkkiaineiden (<strong>Li-FosTau, Li-Tau, Li-BAm42<\/strong>) n\u00e4yteputki ja n\u00e4ytteiden l\u00e4hetysohjeet muuttuvat 1.4.2022 alkaen. Muutoksen syyn\u00e4 on mittausmenetelm\u00e4n p\u00e4ivitys ja uudet preanalyyttiset suositukset.<\/p>\n\n\n\n<p>N\u00e4yteputki 1.4.2022 alkaen:<\/p>\n\n\n\n<p><strong>Sarstedt CSF valepohjaputki 2.5 ml (75 \u00d7 13 mm), polypropyleeni, REF 63.614.625. <\/strong><\/p>\n\n\n\n<figure class=\"wp-block-image size-full\"><img loading=\"lazy\" decoding=\"async\" width=\"261\" height=\"297\" src=\"https:\/\/sites.uef.fi\/aivobiomarkkeritutkimukset\/wp-content\/uploads\/sites\/112\/2022\/03\/Sarstedt-valepohjaputki-2022.png\" alt=\"\" class=\"wp-image-1030\" \/><\/figure>\n\n\n\n<p>Pyyd\u00e4mme tiputtamaan likvoria 2.5 ml suoraan putkeen merkkiviivaan saakka. N\u00e4ytett\u00e4 tarvitaan 1 \u00d7 2.5 ml riippumatta siit\u00e4, pyyd\u00e4ttek\u00f6 yhden merkkiaineen analyysin vai yhdistelm\u00e4n.<\/p>\n\n\n\n<p>Mik\u00e4li n\u00e4yte saapuu v\u00e4\u00e4r\u00e4ss\u00e4 putkessa tai jos n\u00e4ytett\u00e4 on alle 2.0 ml, siit\u00e4 mitataan vain Tau ja FosTau. Syyn\u00e4 t\u00e4h\u00e4n on putken koon ja n\u00e4ytetilavuuden vaikutukset BAm42-mittaustuloksiin.<\/p>\n\n\n\n<p>N\u00e4ytett\u00e4 ei tarvitse sentrifugoida eik\u00e4 sit\u00e4 saa siirt\u00e4\u00e4 uuteen putkeen. N\u00e4yte s\u00e4ilytet\u00e4\u00e4n n\u00e4ytteenottoputkessa j\u00e4\u00e4kaapissa ja l\u00e4hetet\u00e4\u00e4n huoneenl\u00e4mp\u00f6isen\u00e4 vuorokauden (24 h) sis\u00e4ll\u00e4 n\u00e4ytteenotosta. Vuorokautta pidempi s\u00e4ilytys ja l\u00e4hetys +4\u00b0C (max 5 vrk) tai pakastettuna v\u00e4hint\u00e4\u00e4n -20\u00b0C (max 6 kk).<\/p>\n\n\n\n<p>Putken muutos ei vaikuta Li-FosTau, Li-Tau tai Li-BAm42 viitearvoihin.<\/p>\n\n\n\n<p>Yhteisty\u00f6terveisin <\/p>\n\n\n\n<p>Sanna-Kaisa Herukka, Biomarkkerilaboratorion johtaja<\/p>\n\n\n\n<p> <br><\/p>\n\n\n\n<p>18.3.2020:<\/p>\n\n\n\n<h2 class=\"wp-block-heading\">Koronavirustilanteen vaikutukset<\/h2>\n\n\n\n<p>Valtakunnallinen koronavirustilanne ja yliopistojen tilojen k\u00e4yt\u00f6n rajoittaminen vaikuttaa my\u00f6s It\u00e4-Suomen yliopiston Biomarkkerilaboratorion toimintaan. Laboratorio on tehnyt onnistuneesti j\u00e4rjestelyj\u00e4 Alzheimerin taudin merkkiaineiden analytiikan turvaamiseksi my\u00f6s t\u00e4ss\u00e4 poikkeustilanteessa. Laboratorioon voi l\u00e4hett\u00e4\u00e4 n\u00e4ytteit\u00e4 aiempien ohjeiden mukaisesti ja t\u00e4ll\u00e4 hetkell\u00e4 laboratorio pystyy edelleen toteuttamaan luvatut vastausajat (1 kk). <\/p>\n\n\n\n<p> <br><\/p>\n\n\n\n<p>2.12.2019:<\/p>\n\n\n\n<h2 class=\"wp-block-heading\">Alzheimerin taudin merkkiaineiden (Li-BAm42, Li-Tau, Li-FosTau) raja-arvot muuttuvat 1.1.2020<\/h2>\n\n\n\n<p>It\u00e4-Suomen yliopiston Biomarkkerilaboratorion Alzheimerin taudin merkkiaineiden (<strong>Li-BAm42, Li-Tau, Li-FosTau<\/strong>) raja-arvot muuttuvat 1.1.2020 k\u00e4ytt\u00f6\u00f6n otettavan uuden menetelm\u00e4n vuoksi. Samalla my\u00f6s n\u00e4ytteiden l\u00e4hetysputket muuttuvat (Sarstedt REF 72.730.005).<\/p>\n\n\n\n<p><strong>Raja-arvot 1.1.2020 alkaen<\/strong><\/p>\n\n\n\n<p><strong>4809 Li-FosTau <\/strong>  <\/p>\n\n\n\n<p>Normaali alle 23 pg\/ml, raja-arvoinen 23-26 pg\/ml, patologinen yli 26 pg\/ml<\/p>\n\n\n\n<p><strong>4810 Li-Tau <\/strong>         <\/p>\n\n\n\n<p>Normaali alle 240 pg\/ml, raja-arvoinen 240-260 pg\/ml, patologinen yli 260 pg\/ml<\/p>\n\n\n\n<p><strong>4811 Li-BAm42<\/strong>   <\/p>\n\n\n\n<p>Normaali yli 780 pg\/ml, raja-arvoinen 715-780 pg\/ml, patologinen alle 715 pg\/ml<\/p>\n\n\n\n<p>Raja-arvojen numeerisella muutoksella ei ole vaikutusta testien kliiniseen tulkintaan.<\/p>\n\n\n\n<p>N\u00e4ytteiden l\u00e4hetysputki muuttuu Sarstedt REF 72.730.005 (putkikoko 0,5 ml) ja n\u00e4ytett\u00e4 pyydet\u00e4\u00e4n l\u00e4hett\u00e4m\u00e4\u00e4n 2 x 0,5 ml.<\/p>\n\n\n\n<p>Muutos koskee laboratorioon 1.1.2020 alkaen saapuvia n\u00e4ytteit\u00e4.<\/p>\n\n\n\n<p>Yhteisty\u00f6terveisin<\/p>\n\n\n\n<p>Sanna-Kaisa Herukka, Biomarkkerilaboratorion johtaja<\/p>\n\n\n\n<p><\/p>\n\n\n\n<p><em>Raja-arvot ennen 1.1.2020<\/em><\/p>\n\n\n\n<p><em>4809 Li-FosTau <\/em>      <\/p>\n\n\n\n<p><em>Normaali alle 63 pg\/ml, raja-arvoinen 63-70 pg\/ml, patologinen yli 70 pg\/ml<\/em><\/p>\n\n\n\n<p><em>4810 Li-Tau<\/em>             <\/p>\n\n\n\n<p><em>Normaali alle 360 pg\/ml, raja-arvoinen 360-400 pg\/ml, patologinen yli 400 pg\/ml<\/em><\/p>\n\n\n\n<p><em>4811 Li-BAm42  <\/em>    <\/p>\n\n\n\n<p><em>Normaali yli 635 pg\/ml, raja-arvoinen 580-635 pg\/ml, patologinen alle 580 pg\/ml <\/em><\/p>\n\n\n\n<p> <br><\/p>\n\n\n\n<p>3.12.2018:<\/p>\n\n\n\n<h2 class=\"wp-block-heading\">Selk\u00e4ydinnesteen Alzheimerin taudin biomarkkereiden lausuntok\u00e4yt\u00e4nt\u00f6 muuttuu<\/h2>\n\n\n\n<p>Alzheimerin taudin selk\u00e4ydinnesteen biomarkkerit ovat olleet Suomessa k\u00e4yt\u00f6ss\u00e4 jo vuodesta 2004. Tutkimukset ovat vakiintuneet osaksi varhaisdiagnostiikkaa ja erotusdiagnostiikkaa. Biomarkkerilaboratorion toiminnan alkuvaiheessa Li-BAm42 raja-arvo asetettiin tarkoituksella tiukaksi, koska haluttiin varmistaa, ettei v\u00e4\u00e4ri\u00e4 positiivisia tuloksia tulisi ja toisaalta k\u00e4yt\u00e4nn\u00f6ss\u00e4 kaikki tunnetut analyysia sekoittavat tekij\u00e4t olivat sellaisia, ett\u00e4 ne vaikuttivat tulokseen patologiseen suuntaan. Nykyisin diagnostiikan painopiste siirtyy koko ajan varhaisempaan taudin havaitsemiseen ja t\u00e4m\u00e4 on aiheuttanut tarpeen raja-arvon p\u00e4ivitt\u00e4miselle.<\/p>\n\n\n\n<p>N\u00e4iden tieteellisten edistysaskelten vuoksi my\u00f6s Alzheimerin taudin selk\u00e4ydinnesteen biomarkkereiden lausuntok\u00e4yt\u00e4nt\u00f6 muuttuu 1.1.2019 alkaen. Kaikki biomarkkerit lausutaan erikseen ja nykyisen kaltaisesta yhteenvedosta luovutaan. T\u00e4ll\u00e4 haluamme korostaa sit\u00e4, ett\u00e4 jokaisella tutkittavalla biomarkkerilla on oma roolinsa neurodegeneratiivisten sairauksien diagnostiikassa. Lis\u00e4tietoa eri biomarkkereiden roolista ja tulkinnasta saa esim. alla mainitusta open access julkaisusta. Lis\u00e4ksi kullekin biomarkkerille tulee kolmiportainen sanallinen lausunto: normaali \u2013 raja-arvoinen \u2013 patologinen. T\u00e4ll\u00e4 taas haluamme painottaa sit\u00e4, ett\u00e4 kaikilla kolmella biomarkkerilla, mutta etenkin beta-amyloidi 42 peptidill\u00e4, on varsin laaja ep\u00e4varma alue. Uskomme  ett\u00e4 uusi lausuntok\u00e4yt\u00e4nt\u00f6 parantaa tulosten tulkittavuutta ja osuvuutta etenkin niiden potilaiden kohdalla, joiden tulos on aiemmin ollut normaali mutta hyvin l\u00e4hell\u00e4 k\u00e4yt\u00f6ss\u00e4 olevia raja-arvoja.<\/p>\n\n\n\n<p>Yst\u00e4v\u00e4llisin terveisin, Sanna-Kaisa Herukka, Biomarkkerilaboratorion johtaja<\/p>\n\n\n\n<p>Lis\u00e4tietoa: <\/p>\n\n\n\n<p><em>Jack et al. NIA-AA Research Framework: Toward a biological definition of Alzheimer&#8217;s disease. Alzheimers Dement. 14:535, 2018<\/em><\/p>\n","protected":false},"excerpt":{"rendered":"<p>13.3.2026: Uusi Alzheimerin taudin verest\u00e4 mitattava merkkiaine pTau181 laajentaa Biomarkkerilaboratorion palveluvalikoimaa Biomarkkerilaboratorio ottaa k\u00e4ytt\u00f6\u00f6n plasman pTau181-m\u00e4\u00e4rityksen, jota voidaan hy\u00f6dynt\u00e4\u00e4 Alzheimerin taudin poissulkututkimusten tukena v\u00e4hint\u00e4\u00e4n 55-vuotiailla henkil\u00f6ill\u00e4, joilla on merkkej\u00e4 kognitiivisesta heikentymisest\u00e4. Testin tulos tulee aina arvioida yhdess\u00e4 muun kliinisen tiedon kanssa. Plasman pTau181 tutkimuksella on erinomainen negatiivinen ennustearvo: negatiivinen testitulos vastaa tarkkuudeltaan negatiivista amyloidi-PET kuvantamistulosta [&hellip;]<\/p>\n","protected":false},"author":153,"featured_media":0,"parent":0,"menu_order":0,"comment_status":"closed","ping_status":"closed","template":"","meta":{"_acf_changed":false,"_monsterinsights_skip_tracking":false,"_monsterinsights_sitenote_active":false,"_monsterinsights_sitenote_note":"","_monsterinsights_sitenote_category":0,"footnotes":""},"class_list":["post-136","page","type-page","status-publish","hentry"],"acf":[],"yoast_head":"<!-- This site is optimized with the Yoast SEO plugin v27.1.1 - https:\/\/yoast.com\/product\/yoast-seo-wordpress\/ -->\n<title>Tiedotteet - Aivobiomarkkeritutkimukset<\/title>\n<meta name=\"robots\" content=\"index, follow, max-snippet:-1, max-image-preview:large, max-video-preview:-1\" \/>\n<link rel=\"canonical\" href=\"https:\/\/sites.uef.fi\/aivobiomarkkeritutkimukset\/tiedotteet\/\" \/>\n<meta property=\"og:locale\" content=\"fi_FI\" \/>\n<meta property=\"og:type\" content=\"article\" \/>\n<meta property=\"og:title\" content=\"Tiedotteet - Aivobiomarkkeritutkimukset\" \/>\n<meta property=\"og:description\" content=\"13.3.2026: Uusi Alzheimerin taudin verest\u00e4 mitattava merkkiaine pTau181 laajentaa Biomarkkerilaboratorion palveluvalikoimaa Biomarkkerilaboratorio ottaa k\u00e4ytt\u00f6\u00f6n plasman pTau181-m\u00e4\u00e4rityksen, jota voidaan hy\u00f6dynt\u00e4\u00e4 Alzheimerin taudin poissulkututkimusten tukena v\u00e4hint\u00e4\u00e4n 55-vuotiailla henkil\u00f6ill\u00e4, joilla on merkkej\u00e4 kognitiivisesta heikentymisest\u00e4. Testin tulos tulee aina arvioida yhdess\u00e4 muun kliinisen tiedon kanssa. Plasman pTau181 tutkimuksella on erinomainen negatiivinen ennustearvo: negatiivinen testitulos vastaa tarkkuudeltaan negatiivista amyloidi-PET kuvantamistulosta [&hellip;]\" \/>\n<meta property=\"og:url\" content=\"https:\/\/sites.uef.fi\/aivobiomarkkeritutkimukset\/tiedotteet\/\" \/>\n<meta property=\"og:site_name\" content=\"Aivobiomarkkeritutkimukset\" \/>\n<meta property=\"article:modified_time\" content=\"2026-03-26T08:24:19+00:00\" \/>\n<meta property=\"og:image\" content=\"https:\/\/sites.uef.fi\/aivobiomarkkeritutkimukset\/wp-content\/uploads\/sites\/112\/2022\/03\/Sarstedt-valepohjaputki-2022.png\" \/>\n\t<meta property=\"og:image:width\" content=\"261\" \/>\n\t<meta property=\"og:image:height\" content=\"297\" \/>\n\t<meta property=\"og:image:type\" content=\"image\/png\" \/>\n<meta name=\"twitter:card\" content=\"summary_large_image\" \/>\n<meta name=\"twitter:label1\" content=\"Arvioitu lukuaika\" \/>\n\t<meta name=\"twitter:data1\" content=\"6 minuuttia\" \/>\n<script type=\"application\/ld+json\" class=\"yoast-schema-graph\">{\"@context\":\"https:\/\/schema.org\",\"@graph\":[{\"@type\":\"WebPage\",\"@id\":\"https:\/\/sites.uef.fi\/aivobiomarkkeritutkimukset\/tiedotteet\/\",\"url\":\"https:\/\/sites.uef.fi\/aivobiomarkkeritutkimukset\/tiedotteet\/\",\"name\":\"Tiedotteet - Aivobiomarkkeritutkimukset\",\"isPartOf\":{\"@id\":\"https:\/\/sites.uef.fi\/aivobiomarkkeritutkimukset\/#website\"},\"primaryImageOfPage\":{\"@id\":\"https:\/\/sites.uef.fi\/aivobiomarkkeritutkimukset\/tiedotteet\/#primaryimage\"},\"image\":{\"@id\":\"https:\/\/sites.uef.fi\/aivobiomarkkeritutkimukset\/tiedotteet\/#primaryimage\"},\"thumbnailUrl\":\"https:\/\/sites.uef.fi\/aivobiomarkkeritutkimukset\/wp-content\/uploads\/sites\/112\/2022\/03\/Sarstedt-valepohjaputki-2022.png\",\"datePublished\":\"2020-11-13T11:21:46+00:00\",\"dateModified\":\"2026-03-26T08:24:19+00:00\",\"breadcrumb\":{\"@id\":\"https:\/\/sites.uef.fi\/aivobiomarkkeritutkimukset\/tiedotteet\/#breadcrumb\"},\"inLanguage\":\"fi\",\"potentialAction\":[{\"@type\":\"ReadAction\",\"target\":[\"https:\/\/sites.uef.fi\/aivobiomarkkeritutkimukset\/tiedotteet\/\"]}]},{\"@type\":\"ImageObject\",\"inLanguage\":\"fi\",\"@id\":\"https:\/\/sites.uef.fi\/aivobiomarkkeritutkimukset\/tiedotteet\/#primaryimage\",\"url\":\"https:\/\/sites.uef.fi\/aivobiomarkkeritutkimukset\/wp-content\/uploads\/sites\/112\/2022\/03\/Sarstedt-valepohjaputki-2022.png\",\"contentUrl\":\"https:\/\/sites.uef.fi\/aivobiomarkkeritutkimukset\/wp-content\/uploads\/sites\/112\/2022\/03\/Sarstedt-valepohjaputki-2022.png\",\"width\":261,\"height\":297},{\"@type\":\"BreadcrumbList\",\"@id\":\"https:\/\/sites.uef.fi\/aivobiomarkkeritutkimukset\/tiedotteet\/#breadcrumb\",\"itemListElement\":[{\"@type\":\"ListItem\",\"position\":1,\"name\":\"Home\",\"item\":\"https:\/\/sites.uef.fi\/aivobiomarkkeritutkimukset\/\"},{\"@type\":\"ListItem\",\"position\":2,\"name\":\"Tiedotteet\"}]},{\"@type\":\"WebSite\",\"@id\":\"https:\/\/sites.uef.fi\/aivobiomarkkeritutkimukset\/#website\",\"url\":\"https:\/\/sites.uef.fi\/aivobiomarkkeritutkimukset\/\",\"name\":\"Aivobiomarkkeritutkimukset\",\"description\":\"\",\"potentialAction\":[{\"@type\":\"SearchAction\",\"target\":{\"@type\":\"EntryPoint\",\"urlTemplate\":\"https:\/\/sites.uef.fi\/aivobiomarkkeritutkimukset\/?s={search_term_string}\"},\"query-input\":{\"@type\":\"PropertyValueSpecification\",\"valueRequired\":true,\"valueName\":\"search_term_string\"}}],\"inLanguage\":\"fi\"}]}<\/script>\n<!-- \/ Yoast SEO plugin. -->","yoast_head_json":{"title":"Tiedotteet - Aivobiomarkkeritutkimukset","robots":{"index":"index","follow":"follow","max-snippet":"max-snippet:-1","max-image-preview":"max-image-preview:large","max-video-preview":"max-video-preview:-1"},"canonical":"https:\/\/sites.uef.fi\/aivobiomarkkeritutkimukset\/tiedotteet\/","og_locale":"fi_FI","og_type":"article","og_title":"Tiedotteet - Aivobiomarkkeritutkimukset","og_description":"13.3.2026: Uusi Alzheimerin taudin verest\u00e4 mitattava merkkiaine pTau181 laajentaa Biomarkkerilaboratorion palveluvalikoimaa Biomarkkerilaboratorio ottaa k\u00e4ytt\u00f6\u00f6n plasman pTau181-m\u00e4\u00e4rityksen, jota voidaan hy\u00f6dynt\u00e4\u00e4 Alzheimerin taudin poissulkututkimusten tukena v\u00e4hint\u00e4\u00e4n 55-vuotiailla henkil\u00f6ill\u00e4, joilla on merkkej\u00e4 kognitiivisesta heikentymisest\u00e4. Testin tulos tulee aina arvioida yhdess\u00e4 muun kliinisen tiedon kanssa. Plasman pTau181 tutkimuksella on erinomainen negatiivinen ennustearvo: negatiivinen testitulos vastaa tarkkuudeltaan negatiivista amyloidi-PET kuvantamistulosta [&hellip;]","og_url":"https:\/\/sites.uef.fi\/aivobiomarkkeritutkimukset\/tiedotteet\/","og_site_name":"Aivobiomarkkeritutkimukset","article_modified_time":"2026-03-26T08:24:19+00:00","og_image":[{"width":261,"height":297,"url":"https:\/\/sites.uef.fi\/aivobiomarkkeritutkimukset\/wp-content\/uploads\/sites\/112\/2022\/03\/Sarstedt-valepohjaputki-2022.png","type":"image\/png"}],"twitter_card":"summary_large_image","twitter_misc":{"Arvioitu lukuaika":"6 minuuttia"},"schema":{"@context":"https:\/\/schema.org","@graph":[{"@type":"WebPage","@id":"https:\/\/sites.uef.fi\/aivobiomarkkeritutkimukset\/tiedotteet\/","url":"https:\/\/sites.uef.fi\/aivobiomarkkeritutkimukset\/tiedotteet\/","name":"Tiedotteet - Aivobiomarkkeritutkimukset","isPartOf":{"@id":"https:\/\/sites.uef.fi\/aivobiomarkkeritutkimukset\/#website"},"primaryImageOfPage":{"@id":"https:\/\/sites.uef.fi\/aivobiomarkkeritutkimukset\/tiedotteet\/#primaryimage"},"image":{"@id":"https:\/\/sites.uef.fi\/aivobiomarkkeritutkimukset\/tiedotteet\/#primaryimage"},"thumbnailUrl":"https:\/\/sites.uef.fi\/aivobiomarkkeritutkimukset\/wp-content\/uploads\/sites\/112\/2022\/03\/Sarstedt-valepohjaputki-2022.png","datePublished":"2020-11-13T11:21:46+00:00","dateModified":"2026-03-26T08:24:19+00:00","breadcrumb":{"@id":"https:\/\/sites.uef.fi\/aivobiomarkkeritutkimukset\/tiedotteet\/#breadcrumb"},"inLanguage":"fi","potentialAction":[{"@type":"ReadAction","target":["https:\/\/sites.uef.fi\/aivobiomarkkeritutkimukset\/tiedotteet\/"]}]},{"@type":"ImageObject","inLanguage":"fi","@id":"https:\/\/sites.uef.fi\/aivobiomarkkeritutkimukset\/tiedotteet\/#primaryimage","url":"https:\/\/sites.uef.fi\/aivobiomarkkeritutkimukset\/wp-content\/uploads\/sites\/112\/2022\/03\/Sarstedt-valepohjaputki-2022.png","contentUrl":"https:\/\/sites.uef.fi\/aivobiomarkkeritutkimukset\/wp-content\/uploads\/sites\/112\/2022\/03\/Sarstedt-valepohjaputki-2022.png","width":261,"height":297},{"@type":"BreadcrumbList","@id":"https:\/\/sites.uef.fi\/aivobiomarkkeritutkimukset\/tiedotteet\/#breadcrumb","itemListElement":[{"@type":"ListItem","position":1,"name":"Home","item":"https:\/\/sites.uef.fi\/aivobiomarkkeritutkimukset\/"},{"@type":"ListItem","position":2,"name":"Tiedotteet"}]},{"@type":"WebSite","@id":"https:\/\/sites.uef.fi\/aivobiomarkkeritutkimukset\/#website","url":"https:\/\/sites.uef.fi\/aivobiomarkkeritutkimukset\/","name":"Aivobiomarkkeritutkimukset","description":"","potentialAction":[{"@type":"SearchAction","target":{"@type":"EntryPoint","urlTemplate":"https:\/\/sites.uef.fi\/aivobiomarkkeritutkimukset\/?s={search_term_string}"},"query-input":{"@type":"PropertyValueSpecification","valueRequired":true,"valueName":"search_term_string"}}],"inLanguage":"fi"}]}},"_links":{"self":[{"href":"https:\/\/sites.uef.fi\/aivobiomarkkeritutkimukset\/wp-json\/wp\/v2\/pages\/136","targetHints":{"allow":["GET"]}}],"collection":[{"href":"https:\/\/sites.uef.fi\/aivobiomarkkeritutkimukset\/wp-json\/wp\/v2\/pages"}],"about":[{"href":"https:\/\/sites.uef.fi\/aivobiomarkkeritutkimukset\/wp-json\/wp\/v2\/types\/page"}],"author":[{"embeddable":true,"href":"https:\/\/sites.uef.fi\/aivobiomarkkeritutkimukset\/wp-json\/wp\/v2\/users\/153"}],"replies":[{"embeddable":true,"href":"https:\/\/sites.uef.fi\/aivobiomarkkeritutkimukset\/wp-json\/wp\/v2\/comments?post=136"}],"version-history":[{"count":2,"href":"https:\/\/sites.uef.fi\/aivobiomarkkeritutkimukset\/wp-json\/wp\/v2\/pages\/136\/revisions"}],"predecessor-version":[{"id":3246,"href":"https:\/\/sites.uef.fi\/aivobiomarkkeritutkimukset\/wp-json\/wp\/v2\/pages\/136\/revisions\/3246"}],"wp:attachment":[{"href":"https:\/\/sites.uef.fi\/aivobiomarkkeritutkimukset\/wp-json\/wp\/v2\/media?parent=136"}],"curies":[{"name":"wp","href":"https:\/\/api.w.org\/{rel}","templated":true}]}}