{"id":145,"date":"2020-11-13T13:23:55","date_gmt":"2020-11-13T11:23:55","guid":{"rendered":"https:\/\/sites.uef.fi\/alzheimermarkkeritutkimukset\/?page_id=145"},"modified":"2025-06-04T15:01:39","modified_gmt":"2025-06-04T12:01:39","slug":"alzheimermerkkiaineet","status":"publish","type":"page","link":"https:\/\/sites.uef.fi\/aivobiomarkkeritutkimukset\/alzheimermerkkiaineet\/","title":{"rendered":"Alzheimerin taudin selk\u00e4ydinnesteest\u00e4 mitattavat merkkiaineet"},"content":{"rendered":"\n<h1 class=\"wp-block-heading\"><img loading=\"lazy\" decoding=\"async\" class=\"alignleft wp-image-70 size-medium\" src=\"https:\/\/sites.uef.fi\/alzheimermarkkeritutkimukset\/wp-content\/uploads\/sites\/112\/2020\/11\/ADBIOMARKKERI-Logo-oikea-600-levea-300x85.jpg\" alt=\"\" width=\"300\" height=\"85\" srcset=\"https:\/\/sites.uef.fi\/aivobiomarkkeritutkimukset\/wp-content\/uploads\/sites\/112\/2020\/11\/ADBIOMARKKERI-Logo-oikea-600-levea-300x85.jpg 300w, https:\/\/sites.uef.fi\/aivobiomarkkeritutkimukset\/wp-content\/uploads\/sites\/112\/2020\/11\/ADBIOMARKKERI-Logo-oikea-600-levea.jpg 600w\" sizes=\"auto, (max-width: 300px) 100vw, 300px\" \/><\/h1>\n\n\n\n<h1 class=\"wp-block-heading\"><\/h1>\n\n\n\n<h2 class=\"wp-block-heading\">Tutkimuspyynt\u00f6lomake<\/h2>\n\n\n\n<p><strong>Lomake doc-muodossa (tietokoneella t\u00e4ytett\u00e4v\u00e4): <a href=\"https:\/\/sites.uef.fi\/aivobiomarkkeritutkimukset\/wp-content\/uploads\/sites\/112\/2023\/11\/Tutkimuspyynto-301123.docx\">t\u00e4ss\u00e4<\/a><br>Lomake pdf-muodossa (tulosta ja t\u00e4yt\u00e4 k\u00e4sin): <a href=\"https:\/\/sites.uef.fi\/aivobiomarkkeritutkimukset\/wp-content\/uploads\/sites\/112\/2023\/11\/Tutkimuspyynto-301123.pdf\">t\u00e4ss\u00e4<\/a><br><\/strong><\/p>\n\n\n\n<h2 class=\"wp-block-heading\">N\u00e4ytteiden l\u00e4hetysohjeet<\/h2>\n\n\n\n<p><strong>Alzheimerin taudin selk\u00e4ydinnesteest\u00e4 mitattavien merkkiaineiden (Li-FosTau, Li-Tau, Li-BAm42) n\u00e4yteputkina tulee k\u00e4ytt\u00e4\u00e4 2.5 ml:n polypropyleeniputkia Sarstedt REF 63.614.625.<\/strong><\/p>\n\n\n\n<figure class=\"wp-block-image alignright\"><img loading=\"lazy\" decoding=\"async\" width=\"261\" height=\"297\" src=\"https:\/\/sites.uef.fi\/alzheimermarkkeritutkimukset\/wp-content\/uploads\/sites\/112\/2022\/03\/Sarstedt-valepohjaputki-2022.png\" alt=\"\" class=\"wp-image-1030\" \/><\/figure>\n\n\n\n<p>N\u00e4ytteeksi otetaan selk\u00e4ydinnestett\u00e4 suoraan 2.5 ml:n valepohjaputkeen Sarstedt REF 63.614.625, <span style=\"text-decoration: underline\"><strong>merkkiviivaan saakka<\/strong><\/span>. N\u00e4yte 1 \u00d7 2.5 ml on riitt\u00e4v\u00e4 kolmen biomarkkerin analysointiin. N\u00e4ytett\u00e4 ei tarvitse sentrifugoida eik\u00e4 sit\u00e4 saa siirt\u00e4\u00e4 uuteen putkeen. N\u00e4yte s\u00e4ilytet\u00e4\u00e4n n\u00e4ytteenottoputkessa j\u00e4\u00e4kaapissa ja l\u00e4hetet\u00e4\u00e4n huoneenl\u00e4mp\u00f6isen\u00e4 vuorokauden (24 h) sis\u00e4ll\u00e4 n\u00e4ytteenotosta. Vuorokautta pidempi s\u00e4ilytys ja l\u00e4hetys +4\u00b0C (max 5 vrk) tai pakastettuna v\u00e4hint\u00e4\u00e4n -20\u00b0C (max 6 kk).<\/p>\n\n\n\n<p>Oikean polypropyleeniputken ja n\u00e4ytetilavuuden k\u00e4ytt\u00f6 on ensisijaisen t\u00e4rke\u00e4\u00e4, koska v\u00e4\u00e4r\u00e4 putkimateriaali adsorboi Li-BAm42-proteiinia voimakkaasti ja n\u00e4ytetilavuus suhteessa putken kokooon vaikuttaa Li-BAm42-tulokseen. Useat tekij\u00e4t, kuten putkikoko ja n\u00e4ytteen ominaisuudet vaikuttavat adsorption voimakkuuteen, joten muutoksen suuruutta ei voida arvioida n\u00e4ytekohtaisesti.<\/p>\n\n\n\n<p><strong>N\u00e4ist\u00e4 seikoista johtuen <\/strong><strong> v\u00e4\u00e4r\u00e4ss\u00e4 putkessa saapuneesta tai liian pienest\u00e4 n\u00e4ytteest\u00e4 (alle 2.0 ml) mitataan vain Tau ja FosTau.<\/strong><\/p>\n\n\n\n<p>My\u00f6s muista n\u00e4ytteess\u00e4 havaituista poikkeamista, kuten hemolyysist\u00e4, lis\u00e4t\u00e4\u00e4n kommentti lausuntoon. Liev\u00e4 hemolyysi ei kuitenkaan vaikuta Li-FosTau, Li-Tau tai Li-BAm42 mittaustuloksiin.<\/p>\n\n\n\n<p>Yksi putkitarra riitt\u00e4\u00e4, pyydett\u00e4v\u00e4t tutkimukset yksil\u00f6id\u00e4\u00e4n tutkimuspyynt\u00f6lomakkeella.<\/p>\n\n\n\n<p><strong>L\u00e4hetysputkia voi tilata veloituksetta osoitteesta alzheimermarkkeri (at) uef.fi.<\/strong><\/p>\n\n\n\n<p>Lis\u00e4tietoa oikeasta putkimateriaalista ja n\u00e4ytteen k\u00e4sittelyyn liittyvist\u00e4 tekij\u00f6ist\u00e4:<\/p>\n\n\n\n<p>Hansson et al. <strong>Pre-analytical protocol for measuring Alzheimer&#8217;s disease biomarkers in fresh CSF<\/strong>. Alzheimers Dement 12: e12137, 2020.<\/p>\n\n\n\n<p>Janelidze et al. <strong>Towards a unified protocol for handling of CSF before \u03b2-amyloid measurements<\/strong>. Alzheimers Res Ther 11: 63, 2019.<\/p>\n\n\n\n<p><\/p>\n\n\n\n<p><\/p>\n\n\n\n<p><br>  <br>  <\/p>\n\n\n\n<h2 class=\"wp-block-heading\">Alzheimerin taudin selk\u00e4ydinnesteest\u00e4 mitattavat merkkiaineet<\/h2>\n\n\n\n<p>Alzheimerin taudin aiheuttamat aivomuutokset kehittyv\u00e4t hitaasti, ja ne ovat havaittavissa jo vuosia ennen kuin tauti aiheuttaa kliinisi\u00e4 oireita. Alzheimerin taudin aivomuutoksiin liittyvi\u00e4 merkkiaineita ovat tau-proteiinin eri muodot sek\u00e4 amyloidi-beta42 -peptidi (\u03b2-amyloidi 42).<\/p>\n\n\n\n<p>Terveisiin henkil\u00f6ihin verrattuna Alzheimerin tautia sairastavilla selk\u00e4ydinnesteen amyloidi-beta42 pitoisuus (Li-BAm42) on alentunut sek\u00e4 tau-proteiinin (Li-Tau) ja sen kohdasta 181 fosforyloituneen muodon (Li-FosTau) pitoisuudet ovat kohonneet. Tutkimustieto selk\u00e4ydinnesteen biomarkkereiden k\u00e4ytett\u00e4vyydest\u00e4 Alzheimerin taudin diagnostiikassa on vakuuttavaa ja selk\u00e4ydinnestetutkimukset sis\u00e4ltyv\u00e4t yhten\u00e4 positiivisena varmentavana tutkimuksena Alzheimerin taudin diagnostiseen kriteerist\u00f6\u00f6n.<\/p>\n\n\n\n<p>Selk\u00e4ydinnestetesteist\u00e4 voi olla hy\u00f6ty\u00e4 etenkin liev\u00e4oireisilla potilailla, joilla ep\u00e4ill\u00e4\u00e4n Alzheimerin tautia, depression ja Alzheimerin taudin erotusdiagnostiikassa, sek\u00e4 potilailla, joilla on ep\u00e4tyypillinen taudinkuva.<\/p>\n\n\n\n<p><strong>Mittausmenetelm\u00e4:<\/strong> Li-BAm42, Li-Tau ja Li-FosTau pitoisuudet mitataan selk\u00e4ydinnesteest\u00e4 immunokemian analysaattorilla elektrokemiluminometrisilla menetelmill\u00e4 (ECLIA, Roche Elecsys) (Viitteet 1,2).<br>  <br>  <\/p>\n\n\n\n<p><strong>Kirjallisuusviitteet<\/strong><\/p>\n\n\n\n<p>1. Bittner T, Zetterberg H, Teunissen CE, et al. <strong>Technical performance of a novel, fully automated electrochemiluminescence immunoassay for the quantitation of \u03b2-amyloid (1-42) in human cerebrospinal fluid<\/strong>. Alzheimers Dement 2016;12:517-26.<\/p>\n\n\n\n<p>2. Lifke V, Kollmorgen G, Manuilova E, et al. <strong>Elecsys Total-Tau and Phospho-Tau (181P) CSF assays: Analytical performance of the novel, fully automated immunoassays for quantification of Tau proteins in human cerebrospinal fluid<\/strong>. Clin Biochem 2019;72:30-8.<\/p>\n\n\n\n<p><br>  <br>  <\/p>\n\n\n\n<h2 class=\"wp-block-heading\">Merkkiaineiden hinnat<\/h2>\n\n\n\n<p>Merkkiaineiden Li-FosTau, Li-Tau, Li-BAm42 hinnat 1.6.2025 alkaen:<\/p>\n\n\n\n<ul class=\"wp-block-list\">\n<li>Kolmen merkkiaineen yhdistelm\u00e4: 388,00 \u20ac<\/li>\n\n\n\n<li>Kahden merkkiaineen yhdistelm\u00e4: 290,00 \u20ac<\/li>\n\n\n\n<li>Yksitt\u00e4inen merkkiaine: 185,00 \u20ac<\/li>\n<\/ul>\n\n\n\n<p><br>  <br>  <\/p>\n\n\n\n<h2 class=\"wp-block-heading\">Raja-arvot 21.11.2023 alkaen<\/h2>\n\n\n\n<p><strong>4809 Li-FosTau&nbsp;<\/strong><br>Normaali alle <strong>21 <\/strong>pg\/ml, raja-arvoinen <strong>21-26<\/strong> pg\/ml, patologinen <strong>yli 26<\/strong> pg\/ml<br><strong>4810 Li-Tau <\/strong><br>Normaali alle <strong>230 <\/strong>pg\/ml, raja-arvoinen <strong>230-275<\/strong> pg\/ml, patologinen <strong>yli 275<\/strong> pg\/ml<br><strong>4811 Li-BAm42<\/strong> &nbsp; <br>Normaali yli <strong>845<\/strong> pg\/ml, raja-arvoinen <strong>715-845<\/strong> pg\/ml, patologinen <strong>alle 715<\/strong> pg\/ml<\/p>\n\n\n\n<p><br> <br>P\u00e4ivitetty 4.6.2025<\/p>\n","protected":false},"excerpt":{"rendered":"<p>Tutkimuspyynt\u00f6lomake Lomake doc-muodossa (tietokoneella t\u00e4ytett\u00e4v\u00e4): t\u00e4ss\u00e4Lomake pdf-muodossa (tulosta ja t\u00e4yt\u00e4 k\u00e4sin): t\u00e4ss\u00e4 N\u00e4ytteiden l\u00e4hetysohjeet Alzheimerin taudin selk\u00e4ydinnesteest\u00e4 mitattavien merkkiaineiden (Li-FosTau, Li-Tau, Li-BAm42) n\u00e4yteputkina tulee k\u00e4ytt\u00e4\u00e4 2.5 ml:n polypropyleeniputkia Sarstedt REF 63.614.625. N\u00e4ytteeksi otetaan selk\u00e4ydinnestett\u00e4 suoraan 2.5 ml:n valepohjaputkeen Sarstedt REF 63.614.625, merkkiviivaan saakka. N\u00e4yte 1 \u00d7 2.5 ml on riitt\u00e4v\u00e4 kolmen biomarkkerin analysointiin. N\u00e4ytett\u00e4 ei [&hellip;]<\/p>\n","protected":false},"author":153,"featured_media":0,"parent":0,"menu_order":0,"comment_status":"closed","ping_status":"closed","template":"","meta":{"_acf_changed":false,"_monsterinsights_skip_tracking":false,"_monsterinsights_sitenote_active":false,"_monsterinsights_sitenote_note":"","_monsterinsights_sitenote_category":0,"footnotes":""},"class_list":["post-145","page","type-page","status-publish","hentry"],"acf":[],"yoast_head":"<!-- This site is optimized with the Yoast SEO plugin v27.3 - https:\/\/yoast.com\/product\/yoast-seo-wordpress\/ -->\n<title>Alzheimerin taudin selk\u00e4ydinnesteest\u00e4 mitattavat merkkiaineet - Aivobiomarkkeritutkimukset<\/title>\n<meta name=\"robots\" content=\"index, follow, max-snippet:-1, max-image-preview:large, max-video-preview:-1\" \/>\n<link rel=\"canonical\" href=\"https:\/\/sites.uef.fi\/aivobiomarkkeritutkimukset\/alzheimermerkkiaineet\/\" \/>\n<meta property=\"og:locale\" content=\"fi_FI\" \/>\n<meta property=\"og:type\" content=\"article\" \/>\n<meta property=\"og:title\" content=\"Alzheimerin taudin selk\u00e4ydinnesteest\u00e4 mitattavat merkkiaineet - Aivobiomarkkeritutkimukset\" \/>\n<meta property=\"og:description\" content=\"Tutkimuspyynt\u00f6lomake Lomake doc-muodossa (tietokoneella t\u00e4ytett\u00e4v\u00e4): t\u00e4ss\u00e4Lomake pdf-muodossa (tulosta ja t\u00e4yt\u00e4 k\u00e4sin): t\u00e4ss\u00e4 N\u00e4ytteiden l\u00e4hetysohjeet Alzheimerin taudin selk\u00e4ydinnesteest\u00e4 mitattavien merkkiaineiden (Li-FosTau, Li-Tau, Li-BAm42) n\u00e4yteputkina tulee k\u00e4ytt\u00e4\u00e4 2.5 ml:n polypropyleeniputkia Sarstedt REF 63.614.625. N\u00e4ytteeksi otetaan selk\u00e4ydinnestett\u00e4 suoraan 2.5 ml:n valepohjaputkeen Sarstedt REF 63.614.625, merkkiviivaan saakka. N\u00e4yte 1 \u00d7 2.5 ml on riitt\u00e4v\u00e4 kolmen biomarkkerin analysointiin. N\u00e4ytett\u00e4 ei [&hellip;]\" \/>\n<meta property=\"og:url\" content=\"https:\/\/sites.uef.fi\/aivobiomarkkeritutkimukset\/alzheimermerkkiaineet\/\" \/>\n<meta property=\"og:site_name\" content=\"Aivobiomarkkeritutkimukset\" \/>\n<meta property=\"article:modified_time\" content=\"2025-06-04T12:01:39+00:00\" \/>\n<meta property=\"og:image\" content=\"https:\/\/sites.uef.fi\/aivobiomarkkeritutkimukset\/wp-content\/uploads\/sites\/112\/2020\/11\/ADBIOMARKKERI-Logo-oikea-600-levea.jpg\" \/>\n\t<meta property=\"og:image:width\" content=\"600\" \/>\n\t<meta property=\"og:image:height\" content=\"170\" \/>\n\t<meta property=\"og:image:type\" content=\"image\/jpeg\" \/>\n<meta name=\"twitter:card\" content=\"summary_large_image\" \/>\n<meta name=\"twitter:label1\" content=\"Arvioitu lukuaika\" \/>\n\t<meta name=\"twitter:data1\" content=\"3 minuuttia\" \/>\n<script type=\"application\/ld+json\" class=\"yoast-schema-graph\">{\"@context\":\"https:\\\/\\\/schema.org\",\"@graph\":[{\"@type\":\"WebPage\",\"@id\":\"https:\\\/\\\/sites.uef.fi\\\/aivobiomarkkeritutkimukset\\\/alzheimermerkkiaineet\\\/\",\"url\":\"https:\\\/\\\/sites.uef.fi\\\/aivobiomarkkeritutkimukset\\\/alzheimermerkkiaineet\\\/\",\"name\":\"Alzheimerin taudin selk\u00e4ydinnesteest\u00e4 mitattavat merkkiaineet - Aivobiomarkkeritutkimukset\",\"isPartOf\":{\"@id\":\"https:\\\/\\\/sites.uef.fi\\\/aivobiomarkkeritutkimukset\\\/#website\"},\"primaryImageOfPage\":{\"@id\":\"https:\\\/\\\/sites.uef.fi\\\/aivobiomarkkeritutkimukset\\\/alzheimermerkkiaineet\\\/#primaryimage\"},\"image\":{\"@id\":\"https:\\\/\\\/sites.uef.fi\\\/aivobiomarkkeritutkimukset\\\/alzheimermerkkiaineet\\\/#primaryimage\"},\"thumbnailUrl\":\"https:\\\/\\\/sites.uef.fi\\\/alzheimermarkkeritutkimukset\\\/wp-content\\\/uploads\\\/sites\\\/112\\\/2020\\\/11\\\/ADBIOMARKKERI-Logo-oikea-600-levea-300x85.jpg\",\"datePublished\":\"2020-11-13T11:23:55+00:00\",\"dateModified\":\"2025-06-04T12:01:39+00:00\",\"breadcrumb\":{\"@id\":\"https:\\\/\\\/sites.uef.fi\\\/aivobiomarkkeritutkimukset\\\/alzheimermerkkiaineet\\\/#breadcrumb\"},\"inLanguage\":\"fi\",\"potentialAction\":[{\"@type\":\"ReadAction\",\"target\":[\"https:\\\/\\\/sites.uef.fi\\\/aivobiomarkkeritutkimukset\\\/alzheimermerkkiaineet\\\/\"]}]},{\"@type\":\"ImageObject\",\"inLanguage\":\"fi\",\"@id\":\"https:\\\/\\\/sites.uef.fi\\\/aivobiomarkkeritutkimukset\\\/alzheimermerkkiaineet\\\/#primaryimage\",\"url\":\"https:\\\/\\\/sites.uef.fi\\\/alzheimermarkkeritutkimukset\\\/wp-content\\\/uploads\\\/sites\\\/112\\\/2020\\\/11\\\/ADBIOMARKKERI-Logo-oikea-600-levea-300x85.jpg\",\"contentUrl\":\"https:\\\/\\\/sites.uef.fi\\\/alzheimermarkkeritutkimukset\\\/wp-content\\\/uploads\\\/sites\\\/112\\\/2020\\\/11\\\/ADBIOMARKKERI-Logo-oikea-600-levea-300x85.jpg\"},{\"@type\":\"BreadcrumbList\",\"@id\":\"https:\\\/\\\/sites.uef.fi\\\/aivobiomarkkeritutkimukset\\\/alzheimermerkkiaineet\\\/#breadcrumb\",\"itemListElement\":[{\"@type\":\"ListItem\",\"position\":1,\"name\":\"Home\",\"item\":\"https:\\\/\\\/sites.uef.fi\\\/aivobiomarkkeritutkimukset\\\/\"},{\"@type\":\"ListItem\",\"position\":2,\"name\":\"Alzheimerin taudin selk\u00e4ydinnesteest\u00e4 mitattavat merkkiaineet\"}]},{\"@type\":\"WebSite\",\"@id\":\"https:\\\/\\\/sites.uef.fi\\\/aivobiomarkkeritutkimukset\\\/#website\",\"url\":\"https:\\\/\\\/sites.uef.fi\\\/aivobiomarkkeritutkimukset\\\/\",\"name\":\"Aivobiomarkkeritutkimukset\",\"description\":\"\",\"potentialAction\":[{\"@type\":\"SearchAction\",\"target\":{\"@type\":\"EntryPoint\",\"urlTemplate\":\"https:\\\/\\\/sites.uef.fi\\\/aivobiomarkkeritutkimukset\\\/?s={search_term_string}\"},\"query-input\":{\"@type\":\"PropertyValueSpecification\",\"valueRequired\":true,\"valueName\":\"search_term_string\"}}],\"inLanguage\":\"fi\"}]}<\/script>\n<!-- \/ Yoast SEO plugin. -->","yoast_head_json":{"title":"Alzheimerin taudin selk\u00e4ydinnesteest\u00e4 mitattavat merkkiaineet - Aivobiomarkkeritutkimukset","robots":{"index":"index","follow":"follow","max-snippet":"max-snippet:-1","max-image-preview":"max-image-preview:large","max-video-preview":"max-video-preview:-1"},"canonical":"https:\/\/sites.uef.fi\/aivobiomarkkeritutkimukset\/alzheimermerkkiaineet\/","og_locale":"fi_FI","og_type":"article","og_title":"Alzheimerin taudin selk\u00e4ydinnesteest\u00e4 mitattavat merkkiaineet - Aivobiomarkkeritutkimukset","og_description":"Tutkimuspyynt\u00f6lomake Lomake doc-muodossa (tietokoneella t\u00e4ytett\u00e4v\u00e4): t\u00e4ss\u00e4Lomake pdf-muodossa (tulosta ja t\u00e4yt\u00e4 k\u00e4sin): t\u00e4ss\u00e4 N\u00e4ytteiden l\u00e4hetysohjeet Alzheimerin taudin selk\u00e4ydinnesteest\u00e4 mitattavien merkkiaineiden (Li-FosTau, Li-Tau, Li-BAm42) n\u00e4yteputkina tulee k\u00e4ytt\u00e4\u00e4 2.5 ml:n polypropyleeniputkia Sarstedt REF 63.614.625. N\u00e4ytteeksi otetaan selk\u00e4ydinnestett\u00e4 suoraan 2.5 ml:n valepohjaputkeen Sarstedt REF 63.614.625, merkkiviivaan saakka. N\u00e4yte 1 \u00d7 2.5 ml on riitt\u00e4v\u00e4 kolmen biomarkkerin analysointiin. N\u00e4ytett\u00e4 ei [&hellip;]","og_url":"https:\/\/sites.uef.fi\/aivobiomarkkeritutkimukset\/alzheimermerkkiaineet\/","og_site_name":"Aivobiomarkkeritutkimukset","article_modified_time":"2025-06-04T12:01:39+00:00","og_image":[{"width":600,"height":170,"url":"https:\/\/sites.uef.fi\/aivobiomarkkeritutkimukset\/wp-content\/uploads\/sites\/112\/2020\/11\/ADBIOMARKKERI-Logo-oikea-600-levea.jpg","type":"image\/jpeg"}],"twitter_card":"summary_large_image","twitter_misc":{"Arvioitu lukuaika":"3 minuuttia"},"schema":{"@context":"https:\/\/schema.org","@graph":[{"@type":"WebPage","@id":"https:\/\/sites.uef.fi\/aivobiomarkkeritutkimukset\/alzheimermerkkiaineet\/","url":"https:\/\/sites.uef.fi\/aivobiomarkkeritutkimukset\/alzheimermerkkiaineet\/","name":"Alzheimerin taudin selk\u00e4ydinnesteest\u00e4 mitattavat merkkiaineet - Aivobiomarkkeritutkimukset","isPartOf":{"@id":"https:\/\/sites.uef.fi\/aivobiomarkkeritutkimukset\/#website"},"primaryImageOfPage":{"@id":"https:\/\/sites.uef.fi\/aivobiomarkkeritutkimukset\/alzheimermerkkiaineet\/#primaryimage"},"image":{"@id":"https:\/\/sites.uef.fi\/aivobiomarkkeritutkimukset\/alzheimermerkkiaineet\/#primaryimage"},"thumbnailUrl":"https:\/\/sites.uef.fi\/alzheimermarkkeritutkimukset\/wp-content\/uploads\/sites\/112\/2020\/11\/ADBIOMARKKERI-Logo-oikea-600-levea-300x85.jpg","datePublished":"2020-11-13T11:23:55+00:00","dateModified":"2025-06-04T12:01:39+00:00","breadcrumb":{"@id":"https:\/\/sites.uef.fi\/aivobiomarkkeritutkimukset\/alzheimermerkkiaineet\/#breadcrumb"},"inLanguage":"fi","potentialAction":[{"@type":"ReadAction","target":["https:\/\/sites.uef.fi\/aivobiomarkkeritutkimukset\/alzheimermerkkiaineet\/"]}]},{"@type":"ImageObject","inLanguage":"fi","@id":"https:\/\/sites.uef.fi\/aivobiomarkkeritutkimukset\/alzheimermerkkiaineet\/#primaryimage","url":"https:\/\/sites.uef.fi\/alzheimermarkkeritutkimukset\/wp-content\/uploads\/sites\/112\/2020\/11\/ADBIOMARKKERI-Logo-oikea-600-levea-300x85.jpg","contentUrl":"https:\/\/sites.uef.fi\/alzheimermarkkeritutkimukset\/wp-content\/uploads\/sites\/112\/2020\/11\/ADBIOMARKKERI-Logo-oikea-600-levea-300x85.jpg"},{"@type":"BreadcrumbList","@id":"https:\/\/sites.uef.fi\/aivobiomarkkeritutkimukset\/alzheimermerkkiaineet\/#breadcrumb","itemListElement":[{"@type":"ListItem","position":1,"name":"Home","item":"https:\/\/sites.uef.fi\/aivobiomarkkeritutkimukset\/"},{"@type":"ListItem","position":2,"name":"Alzheimerin taudin selk\u00e4ydinnesteest\u00e4 mitattavat merkkiaineet"}]},{"@type":"WebSite","@id":"https:\/\/sites.uef.fi\/aivobiomarkkeritutkimukset\/#website","url":"https:\/\/sites.uef.fi\/aivobiomarkkeritutkimukset\/","name":"Aivobiomarkkeritutkimukset","description":"","potentialAction":[{"@type":"SearchAction","target":{"@type":"EntryPoint","urlTemplate":"https:\/\/sites.uef.fi\/aivobiomarkkeritutkimukset\/?s={search_term_string}"},"query-input":{"@type":"PropertyValueSpecification","valueRequired":true,"valueName":"search_term_string"}}],"inLanguage":"fi"}]}},"_links":{"self":[{"href":"https:\/\/sites.uef.fi\/aivobiomarkkeritutkimukset\/wp-json\/wp\/v2\/pages\/145","targetHints":{"allow":["GET"]}}],"collection":[{"href":"https:\/\/sites.uef.fi\/aivobiomarkkeritutkimukset\/wp-json\/wp\/v2\/pages"}],"about":[{"href":"https:\/\/sites.uef.fi\/aivobiomarkkeritutkimukset\/wp-json\/wp\/v2\/types\/page"}],"author":[{"embeddable":true,"href":"https:\/\/sites.uef.fi\/aivobiomarkkeritutkimukset\/wp-json\/wp\/v2\/users\/153"}],"replies":[{"embeddable":true,"href":"https:\/\/sites.uef.fi\/aivobiomarkkeritutkimukset\/wp-json\/wp\/v2\/comments?post=145"}],"version-history":[{"count":2,"href":"https:\/\/sites.uef.fi\/aivobiomarkkeritutkimukset\/wp-json\/wp\/v2\/pages\/145\/revisions"}],"predecessor-version":[{"id":3152,"href":"https:\/\/sites.uef.fi\/aivobiomarkkeritutkimukset\/wp-json\/wp\/v2\/pages\/145\/revisions\/3152"}],"wp:attachment":[{"href":"https:\/\/sites.uef.fi\/aivobiomarkkeritutkimukset\/wp-json\/wp\/v2\/media?parent=145"}],"curies":[{"name":"wp","href":"https:\/\/api.w.org\/{rel}","templated":true}]}}