{"id":2794,"date":"2024-06-25T15:00:07","date_gmt":"2024-06-25T12:00:07","guid":{"rendered":"https:\/\/sites.uef.fi\/aivobiomarkkeritutkimukset\/?page_id=2794"},"modified":"2025-11-24T14:24:11","modified_gmt":"2025-11-24T12:24:11","slug":"tilaustutkimukset","status":"publish","type":"page","link":"https:\/\/sites.uef.fi\/aivobiomarkkeritutkimukset\/tilaustutkimukset\/","title":{"rendered":"Tilaustutkimukset ja laitteet"},"content":{"rendered":"\n<figure class=\"wp-block-image size-large is-resized\"><img loading=\"lazy\" decoding=\"async\" width=\"1024\" height=\"291\" src=\"https:\/\/sites.uef.fi\/aivobiomarkkeritutkimukset\/wp-content\/uploads\/sites\/112\/2020\/11\/ADBIOMARKKERI-Logo-oikea-1024x291.jpg\" alt=\"\" class=\"wp-image-499\" style=\"width:498px;height:auto\" srcset=\"https:\/\/sites.uef.fi\/aivobiomarkkeritutkimukset\/wp-content\/uploads\/sites\/112\/2020\/11\/ADBIOMARKKERI-Logo-oikea-1024x291.jpg 1024w, https:\/\/sites.uef.fi\/aivobiomarkkeritutkimukset\/wp-content\/uploads\/sites\/112\/2020\/11\/ADBIOMARKKERI-Logo-oikea-300x85.jpg 300w, https:\/\/sites.uef.fi\/aivobiomarkkeritutkimukset\/wp-content\/uploads\/sites\/112\/2020\/11\/ADBIOMARKKERI-Logo-oikea-768x218.jpg 768w, https:\/\/sites.uef.fi\/aivobiomarkkeritutkimukset\/wp-content\/uploads\/sites\/112\/2020\/11\/ADBIOMARKKERI-Logo-oikea.jpg 1222w\" sizes=\"auto, (max-width: 1024px) 100vw, 1024px\" \/><\/figure>\n\n\n\n<p>Biomarkkerilaboratorio on luotettava ja joustava palvelulaboratorio. Laboratoriomme on toteuttanut useita (&gt; 40) kaupallisia tilaustutkimuksia lukuisten tieteellisten yhteisty\u00f6projektien lis\u00e4ksi.<\/p>\n\n\n\n<p>Moderni laitekanta mahdollistaa ultrasensitiivisen verin\u00e4yteanalytiikan ja muut immunokemialliset analyysit.<br>  <br><br><\/p>\n\n\n\n<h6 class=\"wp-block-heading\"><\/h6>\n\n\n\n<p><strong>Roche cobas pure (<a href=\"https:\/\/diagnostics.roche.com\/global\/en\/products\/instruments\/cobas-e-402-ins-6350.html\" target=\"_blank\" rel=\"noreferrer noopener\">e402<\/a>) immunokemian analysaattori<\/strong><\/p>\n\n\n\n<ul class=\"wp-block-list\">\n<li>Mittausteknologiana elektrokemiluminesenssi (Elecsys\/ECLIA): herkk\u00e4 ja spesifinen mittaustulos<\/li>\n\n\n\n<li>Neurologiset biomarkkerit verest\u00e4 tai likvorista (neurofilamentti, fosforyloituneen tau-proteiinin eri muodot, \u03b2-amyloidin eri muodot,&nbsp;GFAP)<\/li>\n\n\n\n<li>Kattava menetelm\u00e4valikoima (neurologia, immunologia, kardiologia, onkologia, endokrinologia, fertiliteetti; <a href=\"https:\/\/diagnostics.roche.com\/global\/en\/products\/instruments\/cobas-e-402-ins-6350.html#assay\" target=\"_blank\" rel=\"noreferrer noopener\">diagnostics.roche.com<\/a>)<\/li>\n\n\n\n<li>Uusia menetelmi\u00e4 tulossa my\u00f6s aivobiomarkkereille v. 2026 aikana<\/li>\n<\/ul>\n\n\n\n<p><strong>Fujirebio <a href=\"https:\/\/www.fujirebio.com\/en\/products-solutions\/lumipulse-g600ii\" target=\"_blank\" rel=\"noreferrer noopener\">Lumipulse G600II<\/a> immunokemian analysaattori<\/strong><\/p>\n\n\n\n<ul class=\"wp-block-list\">\n<li>Mittausteknologiana CLEIA (kemiluminesenssi-immunoassay) <\/li>\n\n\n\n<li>Neurologiset biomarkkerit verest\u00e4 tai likvorista (fosforyloituneen tau-proteiinin eri muodot (esim. pTau217), neurofilamentti, \u03b2-amyloidin eri muodot,&nbsp;GFAP)<\/li>\n\n\n\n<li>Laaja menetelm\u00e4valikoima (neurologia, autoimmuunisairaudet, kardiologia, diabetes, fertiliteetti; <a href=\"https:\/\/www.fujirebio.com\/en\/products-solutions\/kits-for-fully-automated-testing\" target=\"_blank\" rel=\"noreferrer noopener\">www.fujirebio.com<\/a>)<\/li>\n<\/ul>\n\n\n\n<p><\/p>\n\n\n\n<p><strong>Quanterix <a href=\"https:\/\/www.quanterix.com\/instruments\/simoa-hd-x-analyzer\/\" target=\"_blank\" rel=\"noreferrer noopener\">Simoa HD-X<\/a> digitaalinen ELISA-analysaattori<\/strong><\/p>\n\n\n\n<ul class=\"wp-block-list\">\n<li>Femtomolaarinen herkkyys <\/li>\n\n\n\n<li>Neurologiset biomarkkerit verest\u00e4 tai likvorista (neurofilamentti, fosforyloituneen tau-proteiinin eri muodot, \u03b2-amyloidin eri muodot,&nbsp;GFAP, TDP-43)<\/li>\n\n\n\n<li>My\u00f6s rotta-, hiiri- ja solun\u00e4ytteille<\/li>\n\n\n\n<li>Laaja menetelm\u00e4valikoima (neurologia, immunologia, kardiologia, onkologia; <a href=\"https:\/\/www.quanterix.com\/simoa-assay-kits\/?f_instruments=simoa-hd-x-analyzer&amp;posts_per_page=-1\" target=\"_blank\" rel=\"noreferrer noopener\">www.quanterix.com<\/a>)<\/li>\n<\/ul>\n\n\n\n<p><\/p>\n\n\n\n<p> <br><\/p>\n\n\n\n<p>Tiedustelut tilaustutkimuksista s\u00e4hk\u00f6postilla: alzheimermarkkeri(at)uef.fi<\/p>\n\n\n\n<p>P\u00e4ivitetty 24.11.2025<\/p>\n","protected":false},"excerpt":{"rendered":"<p>Biomarkkerilaboratorio on luotettava ja joustava palvelulaboratorio. Laboratoriomme on toteuttanut useita (&gt; 40) kaupallisia tilaustutkimuksia lukuisten tieteellisten yhteisty\u00f6projektien lis\u00e4ksi. Moderni laitekanta mahdollistaa ultrasensitiivisen verin\u00e4yteanalytiikan ja muut immunokemialliset analyysit. Roche cobas pure (e402) immunokemian analysaattori Fujirebio Lumipulse G600II immunokemian analysaattori Quanterix Simoa HD-X digitaalinen ELISA-analysaattori Tiedustelut tilaustutkimuksista s\u00e4hk\u00f6postilla: alzheimermarkkeri(at)uef.fi P\u00e4ivitetty 24.11.2025<\/p>\n","protected":false},"author":202,"featured_media":0,"parent":0,"menu_order":0,"comment_status":"closed","ping_status":"closed","template":"","meta":{"_acf_changed":false,"_monsterinsights_skip_tracking":false,"_monsterinsights_sitenote_active":false,"_monsterinsights_sitenote_note":"","_monsterinsights_sitenote_category":0,"footnotes":""},"class_list":["post-2794","page","type-page","status-publish","hentry"],"acf":[],"yoast_head":"<!-- This site is optimized with the Yoast SEO plugin v27.3 - https:\/\/yoast.com\/product\/yoast-seo-wordpress\/ -->\n<title>Tilaustutkimukset ja laitteet - Aivobiomarkkeritutkimukset<\/title>\n<meta name=\"robots\" content=\"index, follow, max-snippet:-1, max-image-preview:large, max-video-preview:-1\" \/>\n<link rel=\"canonical\" href=\"https:\/\/sites.uef.fi\/aivobiomarkkeritutkimukset\/tilaustutkimukset\/\" \/>\n<meta property=\"og:locale\" content=\"fi_FI\" \/>\n<meta property=\"og:type\" content=\"article\" \/>\n<meta property=\"og:title\" content=\"Tilaustutkimukset ja laitteet - Aivobiomarkkeritutkimukset\" \/>\n<meta property=\"og:description\" content=\"Biomarkkerilaboratorio on luotettava ja joustava palvelulaboratorio. Laboratoriomme on toteuttanut useita (&gt; 40) kaupallisia tilaustutkimuksia lukuisten tieteellisten yhteisty\u00f6projektien lis\u00e4ksi. Moderni laitekanta mahdollistaa ultrasensitiivisen verin\u00e4yteanalytiikan ja muut immunokemialliset analyysit. Roche cobas pure (e402) immunokemian analysaattori Fujirebio Lumipulse G600II immunokemian analysaattori Quanterix Simoa HD-X digitaalinen ELISA-analysaattori Tiedustelut tilaustutkimuksista s\u00e4hk\u00f6postilla: alzheimermarkkeri(at)uef.fi P\u00e4ivitetty 24.11.2025\" \/>\n<meta property=\"og:url\" content=\"https:\/\/sites.uef.fi\/aivobiomarkkeritutkimukset\/tilaustutkimukset\/\" \/>\n<meta property=\"og:site_name\" content=\"Aivobiomarkkeritutkimukset\" \/>\n<meta property=\"article:modified_time\" content=\"2025-11-24T12:24:11+00:00\" \/>\n<meta property=\"og:image\" content=\"https:\/\/sites.uef.fi\/aivobiomarkkeritutkimukset\/wp-content\/uploads\/sites\/112\/2020\/11\/ADBIOMARKKERI-Logo-oikea.jpg\" \/>\n\t<meta property=\"og:image:width\" content=\"1222\" \/>\n\t<meta property=\"og:image:height\" content=\"347\" \/>\n\t<meta property=\"og:image:type\" content=\"image\/jpeg\" \/>\n<meta name=\"twitter:card\" content=\"summary_large_image\" \/>\n<meta name=\"twitter:label1\" content=\"Arvioitu lukuaika\" \/>\n\t<meta name=\"twitter:data1\" content=\"2 minuuttia\" \/>\n<script type=\"application\/ld+json\" class=\"yoast-schema-graph\">{\"@context\":\"https:\\\/\\\/schema.org\",\"@graph\":[{\"@type\":\"WebPage\",\"@id\":\"https:\\\/\\\/sites.uef.fi\\\/aivobiomarkkeritutkimukset\\\/tilaustutkimukset\\\/\",\"url\":\"https:\\\/\\\/sites.uef.fi\\\/aivobiomarkkeritutkimukset\\\/tilaustutkimukset\\\/\",\"name\":\"Tilaustutkimukset ja laitteet - Aivobiomarkkeritutkimukset\",\"isPartOf\":{\"@id\":\"https:\\\/\\\/sites.uef.fi\\\/aivobiomarkkeritutkimukset\\\/#website\"},\"primaryImageOfPage\":{\"@id\":\"https:\\\/\\\/sites.uef.fi\\\/aivobiomarkkeritutkimukset\\\/tilaustutkimukset\\\/#primaryimage\"},\"image\":{\"@id\":\"https:\\\/\\\/sites.uef.fi\\\/aivobiomarkkeritutkimukset\\\/tilaustutkimukset\\\/#primaryimage\"},\"thumbnailUrl\":\"https:\\\/\\\/sites.uef.fi\\\/aivobiomarkkeritutkimukset\\\/wp-content\\\/uploads\\\/sites\\\/112\\\/2020\\\/11\\\/ADBIOMARKKERI-Logo-oikea-1024x291.jpg\",\"datePublished\":\"2024-06-25T12:00:07+00:00\",\"dateModified\":\"2025-11-24T12:24:11+00:00\",\"breadcrumb\":{\"@id\":\"https:\\\/\\\/sites.uef.fi\\\/aivobiomarkkeritutkimukset\\\/tilaustutkimukset\\\/#breadcrumb\"},\"inLanguage\":\"fi\",\"potentialAction\":[{\"@type\":\"ReadAction\",\"target\":[\"https:\\\/\\\/sites.uef.fi\\\/aivobiomarkkeritutkimukset\\\/tilaustutkimukset\\\/\"]}]},{\"@type\":\"ImageObject\",\"inLanguage\":\"fi\",\"@id\":\"https:\\\/\\\/sites.uef.fi\\\/aivobiomarkkeritutkimukset\\\/tilaustutkimukset\\\/#primaryimage\",\"url\":\"https:\\\/\\\/sites.uef.fi\\\/aivobiomarkkeritutkimukset\\\/wp-content\\\/uploads\\\/sites\\\/112\\\/2020\\\/11\\\/ADBIOMARKKERI-Logo-oikea.jpg\",\"contentUrl\":\"https:\\\/\\\/sites.uef.fi\\\/aivobiomarkkeritutkimukset\\\/wp-content\\\/uploads\\\/sites\\\/112\\\/2020\\\/11\\\/ADBIOMARKKERI-Logo-oikea.jpg\",\"width\":1222,\"height\":347},{\"@type\":\"BreadcrumbList\",\"@id\":\"https:\\\/\\\/sites.uef.fi\\\/aivobiomarkkeritutkimukset\\\/tilaustutkimukset\\\/#breadcrumb\",\"itemListElement\":[{\"@type\":\"ListItem\",\"position\":1,\"name\":\"Home\",\"item\":\"https:\\\/\\\/sites.uef.fi\\\/aivobiomarkkeritutkimukset\\\/\"},{\"@type\":\"ListItem\",\"position\":2,\"name\":\"Tilaustutkimukset ja laitteet\"}]},{\"@type\":\"WebSite\",\"@id\":\"https:\\\/\\\/sites.uef.fi\\\/aivobiomarkkeritutkimukset\\\/#website\",\"url\":\"https:\\\/\\\/sites.uef.fi\\\/aivobiomarkkeritutkimukset\\\/\",\"name\":\"Aivobiomarkkeritutkimukset\",\"description\":\"\",\"potentialAction\":[{\"@type\":\"SearchAction\",\"target\":{\"@type\":\"EntryPoint\",\"urlTemplate\":\"https:\\\/\\\/sites.uef.fi\\\/aivobiomarkkeritutkimukset\\\/?s={search_term_string}\"},\"query-input\":{\"@type\":\"PropertyValueSpecification\",\"valueRequired\":true,\"valueName\":\"search_term_string\"}}],\"inLanguage\":\"fi\"}]}<\/script>\n<!-- \/ Yoast SEO plugin. -->","yoast_head_json":{"title":"Tilaustutkimukset ja laitteet - Aivobiomarkkeritutkimukset","robots":{"index":"index","follow":"follow","max-snippet":"max-snippet:-1","max-image-preview":"max-image-preview:large","max-video-preview":"max-video-preview:-1"},"canonical":"https:\/\/sites.uef.fi\/aivobiomarkkeritutkimukset\/tilaustutkimukset\/","og_locale":"fi_FI","og_type":"article","og_title":"Tilaustutkimukset ja laitteet - Aivobiomarkkeritutkimukset","og_description":"Biomarkkerilaboratorio on luotettava ja joustava palvelulaboratorio. Laboratoriomme on toteuttanut useita (&gt; 40) kaupallisia tilaustutkimuksia lukuisten tieteellisten yhteisty\u00f6projektien lis\u00e4ksi. Moderni laitekanta mahdollistaa ultrasensitiivisen verin\u00e4yteanalytiikan ja muut immunokemialliset analyysit. Roche cobas pure (e402) immunokemian analysaattori Fujirebio Lumipulse G600II immunokemian analysaattori Quanterix Simoa HD-X digitaalinen ELISA-analysaattori Tiedustelut tilaustutkimuksista s\u00e4hk\u00f6postilla: alzheimermarkkeri(at)uef.fi P\u00e4ivitetty 24.11.2025","og_url":"https:\/\/sites.uef.fi\/aivobiomarkkeritutkimukset\/tilaustutkimukset\/","og_site_name":"Aivobiomarkkeritutkimukset","article_modified_time":"2025-11-24T12:24:11+00:00","og_image":[{"width":1222,"height":347,"url":"https:\/\/sites.uef.fi\/aivobiomarkkeritutkimukset\/wp-content\/uploads\/sites\/112\/2020\/11\/ADBIOMARKKERI-Logo-oikea.jpg","type":"image\/jpeg"}],"twitter_card":"summary_large_image","twitter_misc":{"Arvioitu lukuaika":"2 minuuttia"},"schema":{"@context":"https:\/\/schema.org","@graph":[{"@type":"WebPage","@id":"https:\/\/sites.uef.fi\/aivobiomarkkeritutkimukset\/tilaustutkimukset\/","url":"https:\/\/sites.uef.fi\/aivobiomarkkeritutkimukset\/tilaustutkimukset\/","name":"Tilaustutkimukset ja laitteet - Aivobiomarkkeritutkimukset","isPartOf":{"@id":"https:\/\/sites.uef.fi\/aivobiomarkkeritutkimukset\/#website"},"primaryImageOfPage":{"@id":"https:\/\/sites.uef.fi\/aivobiomarkkeritutkimukset\/tilaustutkimukset\/#primaryimage"},"image":{"@id":"https:\/\/sites.uef.fi\/aivobiomarkkeritutkimukset\/tilaustutkimukset\/#primaryimage"},"thumbnailUrl":"https:\/\/sites.uef.fi\/aivobiomarkkeritutkimukset\/wp-content\/uploads\/sites\/112\/2020\/11\/ADBIOMARKKERI-Logo-oikea-1024x291.jpg","datePublished":"2024-06-25T12:00:07+00:00","dateModified":"2025-11-24T12:24:11+00:00","breadcrumb":{"@id":"https:\/\/sites.uef.fi\/aivobiomarkkeritutkimukset\/tilaustutkimukset\/#breadcrumb"},"inLanguage":"fi","potentialAction":[{"@type":"ReadAction","target":["https:\/\/sites.uef.fi\/aivobiomarkkeritutkimukset\/tilaustutkimukset\/"]}]},{"@type":"ImageObject","inLanguage":"fi","@id":"https:\/\/sites.uef.fi\/aivobiomarkkeritutkimukset\/tilaustutkimukset\/#primaryimage","url":"https:\/\/sites.uef.fi\/aivobiomarkkeritutkimukset\/wp-content\/uploads\/sites\/112\/2020\/11\/ADBIOMARKKERI-Logo-oikea.jpg","contentUrl":"https:\/\/sites.uef.fi\/aivobiomarkkeritutkimukset\/wp-content\/uploads\/sites\/112\/2020\/11\/ADBIOMARKKERI-Logo-oikea.jpg","width":1222,"height":347},{"@type":"BreadcrumbList","@id":"https:\/\/sites.uef.fi\/aivobiomarkkeritutkimukset\/tilaustutkimukset\/#breadcrumb","itemListElement":[{"@type":"ListItem","position":1,"name":"Home","item":"https:\/\/sites.uef.fi\/aivobiomarkkeritutkimukset\/"},{"@type":"ListItem","position":2,"name":"Tilaustutkimukset ja laitteet"}]},{"@type":"WebSite","@id":"https:\/\/sites.uef.fi\/aivobiomarkkeritutkimukset\/#website","url":"https:\/\/sites.uef.fi\/aivobiomarkkeritutkimukset\/","name":"Aivobiomarkkeritutkimukset","description":"","potentialAction":[{"@type":"SearchAction","target":{"@type":"EntryPoint","urlTemplate":"https:\/\/sites.uef.fi\/aivobiomarkkeritutkimukset\/?s={search_term_string}"},"query-input":{"@type":"PropertyValueSpecification","valueRequired":true,"valueName":"search_term_string"}}],"inLanguage":"fi"}]}},"_links":{"self":[{"href":"https:\/\/sites.uef.fi\/aivobiomarkkeritutkimukset\/wp-json\/wp\/v2\/pages\/2794","targetHints":{"allow":["GET"]}}],"collection":[{"href":"https:\/\/sites.uef.fi\/aivobiomarkkeritutkimukset\/wp-json\/wp\/v2\/pages"}],"about":[{"href":"https:\/\/sites.uef.fi\/aivobiomarkkeritutkimukset\/wp-json\/wp\/v2\/types\/page"}],"author":[{"embeddable":true,"href":"https:\/\/sites.uef.fi\/aivobiomarkkeritutkimukset\/wp-json\/wp\/v2\/users\/202"}],"replies":[{"embeddable":true,"href":"https:\/\/sites.uef.fi\/aivobiomarkkeritutkimukset\/wp-json\/wp\/v2\/comments?post=2794"}],"version-history":[{"count":2,"href":"https:\/\/sites.uef.fi\/aivobiomarkkeritutkimukset\/wp-json\/wp\/v2\/pages\/2794\/revisions"}],"predecessor-version":[{"id":3210,"href":"https:\/\/sites.uef.fi\/aivobiomarkkeritutkimukset\/wp-json\/wp\/v2\/pages\/2794\/revisions\/3210"}],"wp:attachment":[{"href":"https:\/\/sites.uef.fi\/aivobiomarkkeritutkimukset\/wp-json\/wp\/v2\/media?parent=2794"}],"curies":[{"name":"wp","href":"https:\/\/api.w.org\/{rel}","templated":true}]}}