{"id":3034,"date":"2025-01-23T14:48:05","date_gmt":"2025-01-23T12:48:05","guid":{"rendered":"https:\/\/sites.uef.fi\/aivobiomarkkeritutkimukset\/?page_id=3034"},"modified":"2026-03-13T12:38:33","modified_gmt":"2026-03-13T10:38:33","slug":"plasman-ptau217","status":"publish","type":"page","link":"https:\/\/sites.uef.fi\/aivobiomarkkeritutkimukset\/plasman-ptau217\/","title":{"rendered":"Plasman pTau217"},"content":{"rendered":"\n<p>Plasman pTau217 on verin\u00e4ytteest\u00e4 mitattava Alzheimerin taudin merkkiaine. It\u00e4-Suomen yliopiston Aivotutkimusyksik\u00f6n Biomarkkerilaboratorio aloitti pTau217-diagnostiikan tammikuussa 2025.<\/p>\n\n\n\n<p>pTau217 on Alzheimerin taudissa aivoissa lis\u00e4\u00e4ntyv\u00e4 Tau-proteiinin kohdasta 217 fosforyloitu muoto. Kohonnut plasman pTau217-tulos viittaa siihen, ett\u00e4 aivoissa on Alzheimerin tautiin liittyvi\u00e4 muutoksia, jotka eiv\u00e4t kuitenkaan aina johda sairastumiseen (Viitteet 1,2).<\/p>\n\n\n\n<p>Testi\u00e4 pTau217 ei suositella oireettomille, vaan henkil\u00f6ll\u00e4 tulee olla tutkimuksilla todettuja ongelmia muistissa tai tiedonk\u00e4sittelyss\u00e4. Testi\u00e4 ei my\u00f6sk\u00e4\u00e4n suositella alle 50-vuotiaille. Mittaus tehd\u00e4\u00e4n EDTA-plasman\u00e4ytteest\u00e4 ja sit\u00e4 k\u00e4ytet\u00e4\u00e4n aluksi nykyisten diagnostisten menetelmien rinnalla. Hoitava l\u00e4\u00e4k\u00e4ri tekee p\u00e4\u00e4t\u00f6ksen testin tarpeellisuudesta. pTau217-tuloksen tulkintaan tarvitaan kliininen kokonaiskuva ja neurologista asiantuntemusta.<\/p>\n\n\n\n<p><br>  <\/p>\n\n\n\n<p><\/p>\n\n\n\n<p><\/p>\n\n\n\n<h4 class=\"wp-block-heading\">Tutkimuspyynt\u00f6lomake<\/h4>\n\n\n\n<p>Lomake doc-muodossa (tietokoneella t\u00e4ytett\u00e4v\u00e4): <a href=\"https:\/\/sites.uef.fi\/aivobiomarkkeritutkimukset\/wp-content\/uploads\/sites\/112\/2025\/02\/pTau217-Tutkimuspyynto-230125.docx\">t\u00e4ss\u00e4<\/a><br>Lomake pdf-muodossa (tulosta ja t\u00e4yt\u00e4 k\u00e4sin): <a href=\"https:\/\/sites.uef.fi\/aivobiomarkkeritutkimukset\/wp-content\/uploads\/sites\/112\/2025\/02\/pTau217-Tutkimuspyynto-230125.pdf\" target=\"_blank\" rel=\"noreferrer noopener\">t\u00e4ss\u00e4<\/a><br> <br><\/p>\n\n\n\n<h4 class=\"wp-block-heading\">Mittausmenetelm\u00e4<\/h4>\n\n\n\n<p>CLEIA kemiluminesenssi-immunoassay, Fujirebio Lumipulse (viite 3).<br> <br><\/p>\n\n\n\n<h4 class=\"wp-block-heading\">Tutkimuksen hinta<\/h4>\n\n\n\n<p>Merkkiaineen P-Tau-217 hinta 27.1.2025 alkaen on 175,00 \u20ac<br> <br><\/p>\n\n\n\n<h4 class=\"wp-block-heading\">Raja-arvot<\/h4>\n\n\n\n<p>Normaali: alle 0,190 pg\/ml<br>Raja-arvoinen: 0,190-0,300 pg\/ml<br>Patologinen: yli 0,300 pg\/ml<br>  <br>  <\/p>\n\n\n\n<h4 class=\"wp-block-heading\">Lis\u00e4tietoa<\/h4>\n\n\n\n<p><a href=\"https:\/\/sites.uef.fi\/aivobiomarkkeritutkimukset\/wp-content\/uploads\/sites\/112\/2025\/01\/Usein-kysytyt-kysymykset-UKK-pTau217-210125.pdf\" target=\"_blank\" rel=\"noreferrer noopener\">Usein kysytyt kysymykset (UKK) pTau217-analytiikasta.<\/a><\/p>\n\n\n\n<div class=\"links-block\">\n\n    \n    <ul class=\"link-list\">\n            <\/ul>\n<\/div>\n\n\n<p><br>  <br>  <\/p>\n\n\n\n<p><\/p>\n\n\n\n<p><\/p>\n\n\n\n<h4 class=\"wp-block-heading\">Kirjallisuusviitteet<\/h4>\n\n\n\n<p>1. Solje. <strong>Mullistavatko uudet veren biomarkkerit Alzheimerin taudin diagnostiikan?<\/strong> Suom L\u00e4\u00e4k\u00e4ril 2024; 79 : <a href=\"https:\/\/www.laakarilehti.fi\/tieteessa\/paakirjoitus-tiede\/mullistavatko-uudet-veren-biomarkkerit-alzheimerin-taudin-diagnostiikan\/\" target=\"_blank\" rel=\"noreferrer noopener\">e41064 www.laakarilehti.fi\/e41064<\/a>. <\/p>\n\n\n\n<p>2. Sch\u00f6ll, Vrillon, Ikeuchi, Quevenco, Iaccarino, Vasileva-Metodiev, Burnham, Hendrix, Epelbaum, Zetterberg, Palmqvist. <strong>Cutting through the noise: A narrative review of Alzheimer&#8217;s disease plasma biomarkers for routine clinical use. <\/strong>J Prev Alzheimers Dis. 2025 Jan 14:100056. <a href=\"https:\/\/www.sciencedirect.com\/science\/article\/pii\/S2274580724007180\" target=\"_blank\" rel=\"noreferrer noopener\">doi: 10.1016\/j.tjpad.2024.100056<\/a><\/p>\n\n\n\n<p>3. Arranz, Zhu, Rubio-Guerra, Rodr\u00edguez-Baz, Ferrer, Carmona-Iragui, Barroeta, Ill\u00e1n-Gala, Santos-Santos, Fortea, Lle\u00f3, Tondo, Alcolea. <strong>Diagnostic performance of plasma pTau217, pTau181, A\u03b21-42 and A\u03b21-40 in the LUMIPULSE automated platform for the detection of Alzheimer disease<\/strong>. Alzheimers Res Ther. 2024 Jun 26;16(1):139. <a href=\"https:\/\/alzres.biomedcentral.com\/articles\/10.1186\/s13195-024-01513-9\" target=\"_blank\" rel=\"noreferrer noopener\">doi: 10.1186\/s13195-024-01513-9<\/a>.<\/p>\n\n\n\n<p><br><\/p>\n\n\n\n<p><br>P\u00e4ivitetty: 13.3.2026<\/p>\n\n\n\n<p><\/p>\n","protected":false},"excerpt":{"rendered":"<p>Plasman pTau217 on verin\u00e4ytteest\u00e4 mitattava Alzheimerin taudin merkkiaine. It\u00e4-Suomen yliopiston Aivotutkimusyksik\u00f6n Biomarkkerilaboratorio aloitti pTau217-diagnostiikan tammikuussa 2025. pTau217 on Alzheimerin taudissa aivoissa lis\u00e4\u00e4ntyv\u00e4 Tau-proteiinin kohdasta 217 fosforyloitu muoto. Kohonnut plasman pTau217-tulos viittaa siihen, ett\u00e4 aivoissa on Alzheimerin tautiin liittyvi\u00e4 muutoksia, jotka eiv\u00e4t kuitenkaan aina johda sairastumiseen (Viitteet 1,2). Testi\u00e4 pTau217 ei suositella oireettomille, vaan henkil\u00f6ll\u00e4 tulee [&hellip;]<\/p>\n","protected":false},"author":202,"featured_media":0,"parent":0,"menu_order":0,"comment_status":"closed","ping_status":"closed","template":"","meta":{"_acf_changed":false,"_monsterinsights_skip_tracking":false,"_monsterinsights_sitenote_active":false,"_monsterinsights_sitenote_note":"","_monsterinsights_sitenote_category":0,"footnotes":""},"class_list":["post-3034","page","type-page","status-publish","hentry"],"acf":[],"yoast_head":"<!-- This site is optimized with the Yoast SEO plugin v27.3 - https:\/\/yoast.com\/product\/yoast-seo-wordpress\/ -->\n<title>Plasman pTau217 - Aivobiomarkkeritutkimukset<\/title>\n<meta name=\"robots\" content=\"index, follow, max-snippet:-1, max-image-preview:large, max-video-preview:-1\" \/>\n<link rel=\"canonical\" href=\"https:\/\/sites.uef.fi\/aivobiomarkkeritutkimukset\/plasman-ptau217\/\" \/>\n<meta property=\"og:locale\" content=\"fi_FI\" \/>\n<meta property=\"og:type\" content=\"article\" \/>\n<meta property=\"og:title\" content=\"Plasman pTau217 - Aivobiomarkkeritutkimukset\" \/>\n<meta property=\"og:description\" content=\"Plasman pTau217 on verin\u00e4ytteest\u00e4 mitattava Alzheimerin taudin merkkiaine. It\u00e4-Suomen yliopiston Aivotutkimusyksik\u00f6n Biomarkkerilaboratorio aloitti pTau217-diagnostiikan tammikuussa 2025. pTau217 on Alzheimerin taudissa aivoissa lis\u00e4\u00e4ntyv\u00e4 Tau-proteiinin kohdasta 217 fosforyloitu muoto. Kohonnut plasman pTau217-tulos viittaa siihen, ett\u00e4 aivoissa on Alzheimerin tautiin liittyvi\u00e4 muutoksia, jotka eiv\u00e4t kuitenkaan aina johda sairastumiseen (Viitteet 1,2). Testi\u00e4 pTau217 ei suositella oireettomille, vaan henkil\u00f6ll\u00e4 tulee [&hellip;]\" \/>\n<meta property=\"og:url\" content=\"https:\/\/sites.uef.fi\/aivobiomarkkeritutkimukset\/plasman-ptau217\/\" \/>\n<meta property=\"og:site_name\" content=\"Aivobiomarkkeritutkimukset\" \/>\n<meta property=\"article:modified_time\" content=\"2026-03-13T10:38:33+00:00\" \/>\n<meta name=\"twitter:card\" content=\"summary_large_image\" \/>\n<meta name=\"twitter:label1\" content=\"Arvioitu lukuaika\" \/>\n\t<meta name=\"twitter:data1\" content=\"2 minuuttia\" \/>\n<script type=\"application\/ld+json\" class=\"yoast-schema-graph\">{\"@context\":\"https:\\\/\\\/schema.org\",\"@graph\":[{\"@type\":\"WebPage\",\"@id\":\"https:\\\/\\\/sites.uef.fi\\\/aivobiomarkkeritutkimukset\\\/plasman-ptau217\\\/\",\"url\":\"https:\\\/\\\/sites.uef.fi\\\/aivobiomarkkeritutkimukset\\\/plasman-ptau217\\\/\",\"name\":\"Plasman pTau217 - Aivobiomarkkeritutkimukset\",\"isPartOf\":{\"@id\":\"https:\\\/\\\/sites.uef.fi\\\/aivobiomarkkeritutkimukset\\\/#website\"},\"datePublished\":\"2025-01-23T12:48:05+00:00\",\"dateModified\":\"2026-03-13T10:38:33+00:00\",\"breadcrumb\":{\"@id\":\"https:\\\/\\\/sites.uef.fi\\\/aivobiomarkkeritutkimukset\\\/plasman-ptau217\\\/#breadcrumb\"},\"inLanguage\":\"fi\",\"potentialAction\":[{\"@type\":\"ReadAction\",\"target\":[\"https:\\\/\\\/sites.uef.fi\\\/aivobiomarkkeritutkimukset\\\/plasman-ptau217\\\/\"]}]},{\"@type\":\"BreadcrumbList\",\"@id\":\"https:\\\/\\\/sites.uef.fi\\\/aivobiomarkkeritutkimukset\\\/plasman-ptau217\\\/#breadcrumb\",\"itemListElement\":[{\"@type\":\"ListItem\",\"position\":1,\"name\":\"Home\",\"item\":\"https:\\\/\\\/sites.uef.fi\\\/aivobiomarkkeritutkimukset\\\/\"},{\"@type\":\"ListItem\",\"position\":2,\"name\":\"Plasman pTau217\"}]},{\"@type\":\"WebSite\",\"@id\":\"https:\\\/\\\/sites.uef.fi\\\/aivobiomarkkeritutkimukset\\\/#website\",\"url\":\"https:\\\/\\\/sites.uef.fi\\\/aivobiomarkkeritutkimukset\\\/\",\"name\":\"Aivobiomarkkeritutkimukset\",\"description\":\"\",\"potentialAction\":[{\"@type\":\"SearchAction\",\"target\":{\"@type\":\"EntryPoint\",\"urlTemplate\":\"https:\\\/\\\/sites.uef.fi\\\/aivobiomarkkeritutkimukset\\\/?s={search_term_string}\"},\"query-input\":{\"@type\":\"PropertyValueSpecification\",\"valueRequired\":true,\"valueName\":\"search_term_string\"}}],\"inLanguage\":\"fi\"}]}<\/script>\n<!-- \/ Yoast SEO plugin. -->","yoast_head_json":{"title":"Plasman pTau217 - Aivobiomarkkeritutkimukset","robots":{"index":"index","follow":"follow","max-snippet":"max-snippet:-1","max-image-preview":"max-image-preview:large","max-video-preview":"max-video-preview:-1"},"canonical":"https:\/\/sites.uef.fi\/aivobiomarkkeritutkimukset\/plasman-ptau217\/","og_locale":"fi_FI","og_type":"article","og_title":"Plasman pTau217 - Aivobiomarkkeritutkimukset","og_description":"Plasman pTau217 on verin\u00e4ytteest\u00e4 mitattava Alzheimerin taudin merkkiaine. It\u00e4-Suomen yliopiston Aivotutkimusyksik\u00f6n Biomarkkerilaboratorio aloitti pTau217-diagnostiikan tammikuussa 2025. pTau217 on Alzheimerin taudissa aivoissa lis\u00e4\u00e4ntyv\u00e4 Tau-proteiinin kohdasta 217 fosforyloitu muoto. Kohonnut plasman pTau217-tulos viittaa siihen, ett\u00e4 aivoissa on Alzheimerin tautiin liittyvi\u00e4 muutoksia, jotka eiv\u00e4t kuitenkaan aina johda sairastumiseen (Viitteet 1,2). Testi\u00e4 pTau217 ei suositella oireettomille, vaan henkil\u00f6ll\u00e4 tulee [&hellip;]","og_url":"https:\/\/sites.uef.fi\/aivobiomarkkeritutkimukset\/plasman-ptau217\/","og_site_name":"Aivobiomarkkeritutkimukset","article_modified_time":"2026-03-13T10:38:33+00:00","twitter_card":"summary_large_image","twitter_misc":{"Arvioitu lukuaika":"2 minuuttia"},"schema":{"@context":"https:\/\/schema.org","@graph":[{"@type":"WebPage","@id":"https:\/\/sites.uef.fi\/aivobiomarkkeritutkimukset\/plasman-ptau217\/","url":"https:\/\/sites.uef.fi\/aivobiomarkkeritutkimukset\/plasman-ptau217\/","name":"Plasman pTau217 - Aivobiomarkkeritutkimukset","isPartOf":{"@id":"https:\/\/sites.uef.fi\/aivobiomarkkeritutkimukset\/#website"},"datePublished":"2025-01-23T12:48:05+00:00","dateModified":"2026-03-13T10:38:33+00:00","breadcrumb":{"@id":"https:\/\/sites.uef.fi\/aivobiomarkkeritutkimukset\/plasman-ptau217\/#breadcrumb"},"inLanguage":"fi","potentialAction":[{"@type":"ReadAction","target":["https:\/\/sites.uef.fi\/aivobiomarkkeritutkimukset\/plasman-ptau217\/"]}]},{"@type":"BreadcrumbList","@id":"https:\/\/sites.uef.fi\/aivobiomarkkeritutkimukset\/plasman-ptau217\/#breadcrumb","itemListElement":[{"@type":"ListItem","position":1,"name":"Home","item":"https:\/\/sites.uef.fi\/aivobiomarkkeritutkimukset\/"},{"@type":"ListItem","position":2,"name":"Plasman pTau217"}]},{"@type":"WebSite","@id":"https:\/\/sites.uef.fi\/aivobiomarkkeritutkimukset\/#website","url":"https:\/\/sites.uef.fi\/aivobiomarkkeritutkimukset\/","name":"Aivobiomarkkeritutkimukset","description":"","potentialAction":[{"@type":"SearchAction","target":{"@type":"EntryPoint","urlTemplate":"https:\/\/sites.uef.fi\/aivobiomarkkeritutkimukset\/?s={search_term_string}"},"query-input":{"@type":"PropertyValueSpecification","valueRequired":true,"valueName":"search_term_string"}}],"inLanguage":"fi"}]}},"_links":{"self":[{"href":"https:\/\/sites.uef.fi\/aivobiomarkkeritutkimukset\/wp-json\/wp\/v2\/pages\/3034","targetHints":{"allow":["GET"]}}],"collection":[{"href":"https:\/\/sites.uef.fi\/aivobiomarkkeritutkimukset\/wp-json\/wp\/v2\/pages"}],"about":[{"href":"https:\/\/sites.uef.fi\/aivobiomarkkeritutkimukset\/wp-json\/wp\/v2\/types\/page"}],"author":[{"embeddable":true,"href":"https:\/\/sites.uef.fi\/aivobiomarkkeritutkimukset\/wp-json\/wp\/v2\/users\/202"}],"replies":[{"embeddable":true,"href":"https:\/\/sites.uef.fi\/aivobiomarkkeritutkimukset\/wp-json\/wp\/v2\/comments?post=3034"}],"version-history":[{"count":2,"href":"https:\/\/sites.uef.fi\/aivobiomarkkeritutkimukset\/wp-json\/wp\/v2\/pages\/3034\/revisions"}],"predecessor-version":[{"id":3241,"href":"https:\/\/sites.uef.fi\/aivobiomarkkeritutkimukset\/wp-json\/wp\/v2\/pages\/3034\/revisions\/3241"}],"wp:attachment":[{"href":"https:\/\/sites.uef.fi\/aivobiomarkkeritutkimukset\/wp-json\/wp\/v2\/media?parent=3034"}],"curies":[{"name":"wp","href":"https:\/\/api.w.org\/{rel}","templated":true}]}}