{"id":304,"date":"2020-11-13T13:59:19","date_gmt":"2020-11-13T11:59:19","guid":{"rendered":"https:\/\/sites.uef.fi\/alzheimermarkkeritutkimukset\/?page_id=304"},"modified":"2026-04-01T18:00:47","modified_gmt":"2026-04-01T15:00:47","slug":"yhteystiedot","status":"publish","type":"page","link":"https:\/\/sites.uef.fi\/aivobiomarkkeritutkimukset\/yhteystiedot\/","title":{"rendered":"Yhteystiedot"},"content":{"rendered":"\n<h1 class=\"wp-block-heading\"><img loading=\"lazy\" decoding=\"async\" class=\"alignnone wp-image-70 size-medium\" src=\"https:\/\/sites.uef.fi\/alzheimermarkkeritutkimukset\/wp-content\/uploads\/sites\/112\/2020\/11\/ADBIOMARKKERI-Logo-oikea-600-levea-300x85.jpg\" alt=\"\" width=\"300\" height=\"85\" srcset=\"https:\/\/sites.uef.fi\/aivobiomarkkeritutkimukset\/wp-content\/uploads\/sites\/112\/2020\/11\/ADBIOMARKKERI-Logo-oikea-600-levea-300x85.jpg 300w, https:\/\/sites.uef.fi\/aivobiomarkkeritutkimukset\/wp-content\/uploads\/sites\/112\/2020\/11\/ADBIOMARKKERI-Logo-oikea-600-levea.jpg 600w\" sizes=\"auto, (max-width: 300px) 100vw, 300px\" \/><\/h1>\n\n\n\n<h1 class=\"wp-block-heading\"><\/h1>\n\n\n\n<h2 class=\"wp-block-heading\">Aivotutkimusyksik\u00f6n johtaja<\/h2>\n\n\n\n<p>Eino Solje, LT, professori<br>Kliininen l\u00e4\u00e4ketiede \/ Neurologia<br>It\u00e4-Suomen yliopisto<br>eino.solje(at)uef.fi<\/p>\n\n\n\n<p> <br><\/p>\n\n\n\n<h2 class=\"wp-block-heading\">Osoite<\/h2>\n\n\n\n<p>It\u00e4-Suomen yliopisto<br>Aivotutkimusyksikk\u00f6<br>Biomarkkerilaboratorio<br>PL 1627 (Yliopistonrinne 3)<br>Mediteknia<br>70211 Kuopio<\/p>\n\n\n\n<p><\/p>\n\n\n\n<p> <br><\/p>\n\n\n\n<h2 class=\"wp-block-heading\">Asiakaspalvelu<\/h2>\n\n\n\n<p>Puhelin (arkip\u00e4ivisin klo 9-15): 0400 648 632<\/p>\n\n\n\n<p>S\u00e4hk\u00f6posti: alzheimermarkkeri(at)uef.fi<\/p>\n\n\n\n<p> <br><\/p>\n\n\n\n<h2 class=\"wp-block-heading\">Palautteet<\/h2>\n\n\n\n<p>Voitte antaa meille palautetta kaikilla yll\u00e4 mainituilla yhteydenottotavoilla. Hy\u00f6dynn\u00e4mme palautetta toimintamme parantamisessa.<\/p>\n\n\n\n<p>Mahdolliset reklamaatiot k\u00e4sitell\u00e4\u00e4n luottamuksellisesti ja koko k\u00e4sittelyprosessi on j\u00e4ljitett\u00e4viss\u00e4. Asia ohjataan oikealle henkil\u00f6lle, joka p\u00e4\u00e4tt\u00e4\u00e4 tarvittavista toimenpiteist\u00e4.<\/p>\n\n\n\n<p>Pyrimme siihen, ett\u00e4 reklamaation k\u00e4sittelyyn osallistuvat henkil\u00f6t eiv\u00e4t ole olleet osallisina kyseisess\u00e4 valituksessa. Mik\u00e4li t\u00e4m\u00e4 ei ole mahdollista, varmistamme, ettei puolueettomuus vaarannu.<\/p>\n\n\n\n<p>Asiakkaalle annetaan palautetta k\u00e4sittelyn etenemisest\u00e4 ja lopputuloksesta kohtuullisessa ajassa. Tavoitteenamme on ratkaista reklamaatiot viivytyksett\u00e4.<\/p>\n\n\n\n<p> <br><\/p>\n\n\n\n<p><\/p>\n\n\n\n<p>P\u00e4ivitetty 1.4.2026<\/p>\n","protected":false},"excerpt":{"rendered":"<p>Aivotutkimusyksik\u00f6n johtaja Eino Solje, LT, professoriKliininen l\u00e4\u00e4ketiede \/ NeurologiaIt\u00e4-Suomen yliopistoeino.solje(at)uef.fi Osoite It\u00e4-Suomen yliopistoAivotutkimusyksikk\u00f6BiomarkkerilaboratorioPL 1627 (Yliopistonrinne 3)Mediteknia70211 Kuopio Asiakaspalvelu Puhelin (arkip\u00e4ivisin klo 9-15): 0400 648 632 S\u00e4hk\u00f6posti: alzheimermarkkeri(at)uef.fi Palautteet Voitte antaa meille palautetta kaikilla yll\u00e4 mainituilla yhteydenottotavoilla. Hy\u00f6dynn\u00e4mme palautetta toimintamme parantamisessa. Mahdolliset reklamaatiot k\u00e4sitell\u00e4\u00e4n luottamuksellisesti ja koko k\u00e4sittelyprosessi on j\u00e4ljitett\u00e4viss\u00e4. Asia ohjataan oikealle henkil\u00f6lle, joka p\u00e4\u00e4tt\u00e4\u00e4 [&hellip;]<\/p>\n","protected":false},"author":153,"featured_media":0,"parent":0,"menu_order":0,"comment_status":"closed","ping_status":"closed","template":"","meta":{"_acf_changed":false,"_monsterinsights_skip_tracking":false,"_monsterinsights_sitenote_active":false,"_monsterinsights_sitenote_note":"","_monsterinsights_sitenote_category":0,"footnotes":""},"class_list":["post-304","page","type-page","status-publish","hentry"],"acf":[],"yoast_head":"<!-- This site is optimized with the Yoast SEO plugin v27.1.1 - https:\/\/yoast.com\/product\/yoast-seo-wordpress\/ -->\n<title>Yhteystiedot - Aivobiomarkkeritutkimukset<\/title>\n<meta name=\"robots\" content=\"index, follow, max-snippet:-1, max-image-preview:large, max-video-preview:-1\" \/>\n<link rel=\"canonical\" href=\"https:\/\/sites.uef.fi\/aivobiomarkkeritutkimukset\/yhteystiedot\/\" \/>\n<meta property=\"og:locale\" content=\"fi_FI\" \/>\n<meta property=\"og:type\" content=\"article\" \/>\n<meta property=\"og:title\" content=\"Yhteystiedot - Aivobiomarkkeritutkimukset\" \/>\n<meta property=\"og:description\" content=\"Aivotutkimusyksik\u00f6n johtaja Eino Solje, LT, professoriKliininen l\u00e4\u00e4ketiede \/ NeurologiaIt\u00e4-Suomen yliopistoeino.solje(at)uef.fi Osoite It\u00e4-Suomen yliopistoAivotutkimusyksikk\u00f6BiomarkkerilaboratorioPL 1627 (Yliopistonrinne 3)Mediteknia70211 Kuopio Asiakaspalvelu Puhelin (arkip\u00e4ivisin klo 9-15): 0400 648 632 S\u00e4hk\u00f6posti: alzheimermarkkeri(at)uef.fi Palautteet Voitte antaa meille palautetta kaikilla yll\u00e4 mainituilla yhteydenottotavoilla. Hy\u00f6dynn\u00e4mme palautetta toimintamme parantamisessa. Mahdolliset reklamaatiot k\u00e4sitell\u00e4\u00e4n luottamuksellisesti ja koko k\u00e4sittelyprosessi on j\u00e4ljitett\u00e4viss\u00e4. Asia ohjataan oikealle henkil\u00f6lle, joka p\u00e4\u00e4tt\u00e4\u00e4 [&hellip;]\" \/>\n<meta property=\"og:url\" content=\"https:\/\/sites.uef.fi\/aivobiomarkkeritutkimukset\/yhteystiedot\/\" \/>\n<meta property=\"og:site_name\" content=\"Aivobiomarkkeritutkimukset\" \/>\n<meta property=\"article:modified_time\" content=\"2026-04-01T15:00:47+00:00\" \/>\n<meta property=\"og:image\" content=\"https:\/\/sites.uef.fi\/aivobiomarkkeritutkimukset\/wp-content\/uploads\/sites\/112\/2020\/11\/ADBIOMARKKERI-Logo-oikea-600-levea.jpg\" \/>\n\t<meta property=\"og:image:width\" content=\"600\" \/>\n\t<meta property=\"og:image:height\" content=\"170\" \/>\n\t<meta property=\"og:image:type\" content=\"image\/jpeg\" \/>\n<meta name=\"twitter:card\" content=\"summary_large_image\" \/>\n<script type=\"application\/ld+json\" class=\"yoast-schema-graph\">{\"@context\":\"https:\/\/schema.org\",\"@graph\":[{\"@type\":\"WebPage\",\"@id\":\"https:\/\/sites.uef.fi\/aivobiomarkkeritutkimukset\/yhteystiedot\/\",\"url\":\"https:\/\/sites.uef.fi\/aivobiomarkkeritutkimukset\/yhteystiedot\/\",\"name\":\"Yhteystiedot - Aivobiomarkkeritutkimukset\",\"isPartOf\":{\"@id\":\"https:\/\/sites.uef.fi\/aivobiomarkkeritutkimukset\/#website\"},\"primaryImageOfPage\":{\"@id\":\"https:\/\/sites.uef.fi\/aivobiomarkkeritutkimukset\/yhteystiedot\/#primaryimage\"},\"image\":{\"@id\":\"https:\/\/sites.uef.fi\/aivobiomarkkeritutkimukset\/yhteystiedot\/#primaryimage\"},\"thumbnailUrl\":\"https:\/\/sites.uef.fi\/alzheimermarkkeritutkimukset\/wp-content\/uploads\/sites\/112\/2020\/11\/ADBIOMARKKERI-Logo-oikea-600-levea-300x85.jpg\",\"datePublished\":\"2020-11-13T11:59:19+00:00\",\"dateModified\":\"2026-04-01T15:00:47+00:00\",\"breadcrumb\":{\"@id\":\"https:\/\/sites.uef.fi\/aivobiomarkkeritutkimukset\/yhteystiedot\/#breadcrumb\"},\"inLanguage\":\"fi\",\"potentialAction\":[{\"@type\":\"ReadAction\",\"target\":[\"https:\/\/sites.uef.fi\/aivobiomarkkeritutkimukset\/yhteystiedot\/\"]}]},{\"@type\":\"ImageObject\",\"inLanguage\":\"fi\",\"@id\":\"https:\/\/sites.uef.fi\/aivobiomarkkeritutkimukset\/yhteystiedot\/#primaryimage\",\"url\":\"https:\/\/sites.uef.fi\/alzheimermarkkeritutkimukset\/wp-content\/uploads\/sites\/112\/2020\/11\/ADBIOMARKKERI-Logo-oikea-600-levea-300x85.jpg\",\"contentUrl\":\"https:\/\/sites.uef.fi\/alzheimermarkkeritutkimukset\/wp-content\/uploads\/sites\/112\/2020\/11\/ADBIOMARKKERI-Logo-oikea-600-levea-300x85.jpg\"},{\"@type\":\"BreadcrumbList\",\"@id\":\"https:\/\/sites.uef.fi\/aivobiomarkkeritutkimukset\/yhteystiedot\/#breadcrumb\",\"itemListElement\":[{\"@type\":\"ListItem\",\"position\":1,\"name\":\"Home\",\"item\":\"https:\/\/sites.uef.fi\/aivobiomarkkeritutkimukset\/\"},{\"@type\":\"ListItem\",\"position\":2,\"name\":\"Yhteystiedot\"}]},{\"@type\":\"WebSite\",\"@id\":\"https:\/\/sites.uef.fi\/aivobiomarkkeritutkimukset\/#website\",\"url\":\"https:\/\/sites.uef.fi\/aivobiomarkkeritutkimukset\/\",\"name\":\"Aivobiomarkkeritutkimukset\",\"description\":\"\",\"potentialAction\":[{\"@type\":\"SearchAction\",\"target\":{\"@type\":\"EntryPoint\",\"urlTemplate\":\"https:\/\/sites.uef.fi\/aivobiomarkkeritutkimukset\/?s={search_term_string}\"},\"query-input\":{\"@type\":\"PropertyValueSpecification\",\"valueRequired\":true,\"valueName\":\"search_term_string\"}}],\"inLanguage\":\"fi\"}]}<\/script>\n<!-- \/ Yoast SEO plugin. -->","yoast_head_json":{"title":"Yhteystiedot - Aivobiomarkkeritutkimukset","robots":{"index":"index","follow":"follow","max-snippet":"max-snippet:-1","max-image-preview":"max-image-preview:large","max-video-preview":"max-video-preview:-1"},"canonical":"https:\/\/sites.uef.fi\/aivobiomarkkeritutkimukset\/yhteystiedot\/","og_locale":"fi_FI","og_type":"article","og_title":"Yhteystiedot - Aivobiomarkkeritutkimukset","og_description":"Aivotutkimusyksik\u00f6n johtaja Eino Solje, LT, professoriKliininen l\u00e4\u00e4ketiede \/ NeurologiaIt\u00e4-Suomen yliopistoeino.solje(at)uef.fi Osoite It\u00e4-Suomen yliopistoAivotutkimusyksikk\u00f6BiomarkkerilaboratorioPL 1627 (Yliopistonrinne 3)Mediteknia70211 Kuopio Asiakaspalvelu Puhelin (arkip\u00e4ivisin klo 9-15): 0400 648 632 S\u00e4hk\u00f6posti: alzheimermarkkeri(at)uef.fi Palautteet Voitte antaa meille palautetta kaikilla yll\u00e4 mainituilla yhteydenottotavoilla. Hy\u00f6dynn\u00e4mme palautetta toimintamme parantamisessa. Mahdolliset reklamaatiot k\u00e4sitell\u00e4\u00e4n luottamuksellisesti ja koko k\u00e4sittelyprosessi on j\u00e4ljitett\u00e4viss\u00e4. Asia ohjataan oikealle henkil\u00f6lle, joka p\u00e4\u00e4tt\u00e4\u00e4 [&hellip;]","og_url":"https:\/\/sites.uef.fi\/aivobiomarkkeritutkimukset\/yhteystiedot\/","og_site_name":"Aivobiomarkkeritutkimukset","article_modified_time":"2026-04-01T15:00:47+00:00","og_image":[{"width":600,"height":170,"url":"https:\/\/sites.uef.fi\/aivobiomarkkeritutkimukset\/wp-content\/uploads\/sites\/112\/2020\/11\/ADBIOMARKKERI-Logo-oikea-600-levea.jpg","type":"image\/jpeg"}],"twitter_card":"summary_large_image","schema":{"@context":"https:\/\/schema.org","@graph":[{"@type":"WebPage","@id":"https:\/\/sites.uef.fi\/aivobiomarkkeritutkimukset\/yhteystiedot\/","url":"https:\/\/sites.uef.fi\/aivobiomarkkeritutkimukset\/yhteystiedot\/","name":"Yhteystiedot - Aivobiomarkkeritutkimukset","isPartOf":{"@id":"https:\/\/sites.uef.fi\/aivobiomarkkeritutkimukset\/#website"},"primaryImageOfPage":{"@id":"https:\/\/sites.uef.fi\/aivobiomarkkeritutkimukset\/yhteystiedot\/#primaryimage"},"image":{"@id":"https:\/\/sites.uef.fi\/aivobiomarkkeritutkimukset\/yhteystiedot\/#primaryimage"},"thumbnailUrl":"https:\/\/sites.uef.fi\/alzheimermarkkeritutkimukset\/wp-content\/uploads\/sites\/112\/2020\/11\/ADBIOMARKKERI-Logo-oikea-600-levea-300x85.jpg","datePublished":"2020-11-13T11:59:19+00:00","dateModified":"2026-04-01T15:00:47+00:00","breadcrumb":{"@id":"https:\/\/sites.uef.fi\/aivobiomarkkeritutkimukset\/yhteystiedot\/#breadcrumb"},"inLanguage":"fi","potentialAction":[{"@type":"ReadAction","target":["https:\/\/sites.uef.fi\/aivobiomarkkeritutkimukset\/yhteystiedot\/"]}]},{"@type":"ImageObject","inLanguage":"fi","@id":"https:\/\/sites.uef.fi\/aivobiomarkkeritutkimukset\/yhteystiedot\/#primaryimage","url":"https:\/\/sites.uef.fi\/alzheimermarkkeritutkimukset\/wp-content\/uploads\/sites\/112\/2020\/11\/ADBIOMARKKERI-Logo-oikea-600-levea-300x85.jpg","contentUrl":"https:\/\/sites.uef.fi\/alzheimermarkkeritutkimukset\/wp-content\/uploads\/sites\/112\/2020\/11\/ADBIOMARKKERI-Logo-oikea-600-levea-300x85.jpg"},{"@type":"BreadcrumbList","@id":"https:\/\/sites.uef.fi\/aivobiomarkkeritutkimukset\/yhteystiedot\/#breadcrumb","itemListElement":[{"@type":"ListItem","position":1,"name":"Home","item":"https:\/\/sites.uef.fi\/aivobiomarkkeritutkimukset\/"},{"@type":"ListItem","position":2,"name":"Yhteystiedot"}]},{"@type":"WebSite","@id":"https:\/\/sites.uef.fi\/aivobiomarkkeritutkimukset\/#website","url":"https:\/\/sites.uef.fi\/aivobiomarkkeritutkimukset\/","name":"Aivobiomarkkeritutkimukset","description":"","potentialAction":[{"@type":"SearchAction","target":{"@type":"EntryPoint","urlTemplate":"https:\/\/sites.uef.fi\/aivobiomarkkeritutkimukset\/?s={search_term_string}"},"query-input":{"@type":"PropertyValueSpecification","valueRequired":true,"valueName":"search_term_string"}}],"inLanguage":"fi"}]}},"_links":{"self":[{"href":"https:\/\/sites.uef.fi\/aivobiomarkkeritutkimukset\/wp-json\/wp\/v2\/pages\/304","targetHints":{"allow":["GET"]}}],"collection":[{"href":"https:\/\/sites.uef.fi\/aivobiomarkkeritutkimukset\/wp-json\/wp\/v2\/pages"}],"about":[{"href":"https:\/\/sites.uef.fi\/aivobiomarkkeritutkimukset\/wp-json\/wp\/v2\/types\/page"}],"author":[{"embeddable":true,"href":"https:\/\/sites.uef.fi\/aivobiomarkkeritutkimukset\/wp-json\/wp\/v2\/users\/153"}],"replies":[{"embeddable":true,"href":"https:\/\/sites.uef.fi\/aivobiomarkkeritutkimukset\/wp-json\/wp\/v2\/comments?post=304"}],"version-history":[{"count":2,"href":"https:\/\/sites.uef.fi\/aivobiomarkkeritutkimukset\/wp-json\/wp\/v2\/pages\/304\/revisions"}],"predecessor-version":[{"id":3257,"href":"https:\/\/sites.uef.fi\/aivobiomarkkeritutkimukset\/wp-json\/wp\/v2\/pages\/304\/revisions\/3257"}],"wp:attachment":[{"href":"https:\/\/sites.uef.fi\/aivobiomarkkeritutkimukset\/wp-json\/wp\/v2\/media?parent=304"}],"curies":[{"name":"wp","href":"https:\/\/api.w.org\/{rel}","templated":true}]}}