{"id":3250,"date":"2026-04-01T11:05:11","date_gmt":"2026-04-01T08:05:11","guid":{"rendered":"https:\/\/sites.uef.fi\/aivobiomarkkeritutkimukset\/?page_id=3250"},"modified":"2026-04-16T14:47:07","modified_gmt":"2026-04-16T11:47:07","slug":"plasman-ptau181","status":"publish","type":"page","link":"https:\/\/sites.uef.fi\/aivobiomarkkeritutkimukset\/plasman-ptau181\/","title":{"rendered":"Plasman pTau181"},"content":{"rendered":"\n<p>It\u00e4-Suomen yliopiston Aivotutkimusyksik\u00f6n Biomarkkerilaboratorio laajentaa Alzheimerin taudin diagnostiikkaan liittyv\u00e4\u00e4 palveluvalikoimaansa jo toisella verikokeella. Laboratorio aloitti 15.4.2026 ensimm\u00e4isen\u00e4 Euroopassa plasman pTau181-proteiinin mittaukset.<\/p>\n\n\n\n<p>Plasman pTau181-tutkimuksella on erinomainen negatiivinen ennustearvo: negatiivinen testitulos vastaa nykyk\u00e4sityksen mukaan tarkkuudeltaan negatiivista amyloidi\u2011PET\u2011kuvantamistulosta ja viittaa siihen, ett\u00e4 potilaan kognitiivinen heikentyminen ei todenn\u00e4k\u00f6isesti johdu Alzheimerin taudista.&nbsp;<\/p>\n\n\n\n<p>Plasman tau-proteiinin fosforyloidun muodon pTau181:n m\u00e4\u00e4rityst\u00e4 voidaan hy\u00f6dynt\u00e4\u00e4 Alzheimerin taudin poissulkemisen tukena v\u00e4hint\u00e4\u00e4n 55-vuotiailla henkil\u00f6ill\u00e4, joilla on merkkej\u00e4 kognitiivisesta heikentymisest\u00e4. Testin tilaamisesta p\u00e4\u00e4tt\u00e4\u00e4 hoitava l\u00e4\u00e4k\u00e4ri, ja tulos tulee aina arvioida yhdess\u00e4 muun potilaasta saatavan tiedon kanssa.<\/p>\n\n\n\n<p><br>  <br><\/p>\n\n\n\n<h2 class=\"wp-block-heading\">Tutkimuspyynt\u00f6lomake<\/h2>\n\n\n\n<p>Lomake doc-muodossa (tietokoneella t\u00e4ytett\u00e4v\u00e4): <a href=\"https:\/\/sites.uef.fi\/aivobiomarkkeritutkimukset\/wp-content\/uploads\/sites\/112\/2026\/04\/pTau181-Tutkimuspyynto-140426.docx\" target=\"_blank\" rel=\"noreferrer noopener\">t\u00e4ss\u00e4<\/a><br>Lomake pdf-muodossa (tulosta ja t\u00e4yt\u00e4 k\u00e4sin): <a href=\"https:\/\/sites.uef.fi\/aivobiomarkkeritutkimukset\/wp-content\/uploads\/sites\/112\/2026\/04\/pTau181-Tutkimuspyynto-140426.pdf\" target=\"_blank\" rel=\"noreferrer noopener\">t\u00e4ss<\/a><a href=\"https:\/\/sites.uef.fi\/aivobiomarkkeritutkimukset\/wp-content\/uploads\/sites\/112\/2026\/04\/pTau181-Tutkimuspyynto-140426.pdf\">\u00e4<\/a><br> <br><\/p>\n\n\n\n<h2 class=\"wp-block-heading\">Mittausmenetelm\u00e4<\/h2>\n\n\n\n<p>ECLIA elektrokemiluminisenssi-immunoassay, Roche Elecsys.&nbsp;<br>  <br><\/p>\n\n\n\n<h2 class=\"wp-block-heading\">Tutkimuksen hinta<\/h2>\n\n\n\n<p>Merkkiaineen P-Tau-181 hinta 15.4.2026 alkaen on 90,00 \u20ac.<br>  <br><\/p>\n\n\n\n<h2 class=\"wp-block-heading\">Raja-arvo<\/h2>\n\n\n\n<p>Normaali: alle tai yht\u00e4 suuri kuin 0,934 pg\/ml<br>Patologinen: yli 0,934 pg\/ml<br><br><\/p>\n\n\n\n<h2 class=\"wp-block-heading\">Lis\u00e4tietoa<\/h2>\n\n\n\n<p><a href=\"https:\/\/sites.uef.fi\/aivobiomarkkeritutkimukset\/wp-content\/uploads\/sites\/112\/2026\/04\/Usein-kysytyt-kysymykset-UKK-pTau181-150426.pdf\" target=\"_blank\" rel=\"noreferrer noopener\">Usein kysytyt kysymykset (UKK) pTau181-analytiikasta.<\/a><\/p>\n\n\n\n<p><br> <br>P\u00e4ivitetty 16.4.2026<\/p>\n\n\n\n<p><\/p>\n","protected":false},"excerpt":{"rendered":"<p>It\u00e4-Suomen yliopiston Aivotutkimusyksik\u00f6n Biomarkkerilaboratorio laajentaa Alzheimerin taudin diagnostiikkaan liittyv\u00e4\u00e4 palveluvalikoimaansa jo toisella verikokeella. Laboratorio aloitti 15.4.2026 ensimm\u00e4isen\u00e4 Euroopassa plasman pTau181-proteiinin mittaukset. Plasman pTau181-tutkimuksella on erinomainen negatiivinen ennustearvo: negatiivinen testitulos vastaa nykyk\u00e4sityksen mukaan tarkkuudeltaan negatiivista amyloidi\u2011PET\u2011kuvantamistulosta ja viittaa siihen, ett\u00e4 potilaan kognitiivinen heikentyminen ei todenn\u00e4k\u00f6isesti johdu Alzheimerin taudista.&nbsp; Plasman tau-proteiinin fosforyloidun muodon pTau181:n m\u00e4\u00e4rityst\u00e4 voidaan hy\u00f6dynt\u00e4\u00e4 [&hellip;]<\/p>\n","protected":false},"author":202,"featured_media":0,"parent":0,"menu_order":0,"comment_status":"closed","ping_status":"closed","template":"","meta":{"_acf_changed":false,"_monsterinsights_skip_tracking":false,"_monsterinsights_sitenote_active":false,"_monsterinsights_sitenote_note":"","_monsterinsights_sitenote_category":0,"footnotes":""},"class_list":["post-3250","page","type-page","status-publish","hentry"],"acf":[],"yoast_head":"<!-- This site is optimized with the Yoast SEO plugin v27.3 - https:\/\/yoast.com\/product\/yoast-seo-wordpress\/ -->\n<title>Plasman pTau181 - Aivobiomarkkeritutkimukset<\/title>\n<meta name=\"robots\" content=\"index, follow, max-snippet:-1, max-image-preview:large, max-video-preview:-1\" \/>\n<link rel=\"canonical\" href=\"https:\/\/sites.uef.fi\/aivobiomarkkeritutkimukset\/plasman-ptau181\/\" \/>\n<meta property=\"og:locale\" content=\"fi_FI\" \/>\n<meta property=\"og:type\" content=\"article\" \/>\n<meta property=\"og:title\" content=\"Plasman pTau181 - Aivobiomarkkeritutkimukset\" \/>\n<meta property=\"og:description\" content=\"It\u00e4-Suomen yliopiston Aivotutkimusyksik\u00f6n Biomarkkerilaboratorio laajentaa Alzheimerin taudin diagnostiikkaan liittyv\u00e4\u00e4 palveluvalikoimaansa jo toisella verikokeella. Laboratorio aloitti 15.4.2026 ensimm\u00e4isen\u00e4 Euroopassa plasman pTau181-proteiinin mittaukset. Plasman pTau181-tutkimuksella on erinomainen negatiivinen ennustearvo: negatiivinen testitulos vastaa nykyk\u00e4sityksen mukaan tarkkuudeltaan negatiivista amyloidi\u2011PET\u2011kuvantamistulosta ja viittaa siihen, ett\u00e4 potilaan kognitiivinen heikentyminen ei todenn\u00e4k\u00f6isesti johdu Alzheimerin taudista.&nbsp; Plasman tau-proteiinin fosforyloidun muodon pTau181:n m\u00e4\u00e4rityst\u00e4 voidaan hy\u00f6dynt\u00e4\u00e4 [&hellip;]\" \/>\n<meta property=\"og:url\" content=\"https:\/\/sites.uef.fi\/aivobiomarkkeritutkimukset\/plasman-ptau181\/\" \/>\n<meta property=\"og:site_name\" content=\"Aivobiomarkkeritutkimukset\" \/>\n<meta property=\"article:modified_time\" content=\"2026-04-16T11:47:07+00:00\" \/>\n<meta name=\"twitter:card\" content=\"summary_large_image\" \/>\n<meta name=\"twitter:label1\" content=\"Arvioitu lukuaika\" \/>\n\t<meta name=\"twitter:data1\" content=\"1 minuutti\" \/>\n<script type=\"application\/ld+json\" class=\"yoast-schema-graph\">{\"@context\":\"https:\\\/\\\/schema.org\",\"@graph\":[{\"@type\":\"WebPage\",\"@id\":\"https:\\\/\\\/sites.uef.fi\\\/aivobiomarkkeritutkimukset\\\/plasman-ptau181\\\/\",\"url\":\"https:\\\/\\\/sites.uef.fi\\\/aivobiomarkkeritutkimukset\\\/plasman-ptau181\\\/\",\"name\":\"Plasman pTau181 - Aivobiomarkkeritutkimukset\",\"isPartOf\":{\"@id\":\"https:\\\/\\\/sites.uef.fi\\\/aivobiomarkkeritutkimukset\\\/#website\"},\"datePublished\":\"2026-04-01T08:05:11+00:00\",\"dateModified\":\"2026-04-16T11:47:07+00:00\",\"breadcrumb\":{\"@id\":\"https:\\\/\\\/sites.uef.fi\\\/aivobiomarkkeritutkimukset\\\/plasman-ptau181\\\/#breadcrumb\"},\"inLanguage\":\"fi\",\"potentialAction\":[{\"@type\":\"ReadAction\",\"target\":[\"https:\\\/\\\/sites.uef.fi\\\/aivobiomarkkeritutkimukset\\\/plasman-ptau181\\\/\"]}]},{\"@type\":\"BreadcrumbList\",\"@id\":\"https:\\\/\\\/sites.uef.fi\\\/aivobiomarkkeritutkimukset\\\/plasman-ptau181\\\/#breadcrumb\",\"itemListElement\":[{\"@type\":\"ListItem\",\"position\":1,\"name\":\"Home\",\"item\":\"https:\\\/\\\/sites.uef.fi\\\/aivobiomarkkeritutkimukset\\\/\"},{\"@type\":\"ListItem\",\"position\":2,\"name\":\"Plasman pTau181\"}]},{\"@type\":\"WebSite\",\"@id\":\"https:\\\/\\\/sites.uef.fi\\\/aivobiomarkkeritutkimukset\\\/#website\",\"url\":\"https:\\\/\\\/sites.uef.fi\\\/aivobiomarkkeritutkimukset\\\/\",\"name\":\"Aivobiomarkkeritutkimukset\",\"description\":\"\",\"potentialAction\":[{\"@type\":\"SearchAction\",\"target\":{\"@type\":\"EntryPoint\",\"urlTemplate\":\"https:\\\/\\\/sites.uef.fi\\\/aivobiomarkkeritutkimukset\\\/?s={search_term_string}\"},\"query-input\":{\"@type\":\"PropertyValueSpecification\",\"valueRequired\":true,\"valueName\":\"search_term_string\"}}],\"inLanguage\":\"fi\"}]}<\/script>\n<!-- \/ Yoast SEO plugin. -->","yoast_head_json":{"title":"Plasman pTau181 - Aivobiomarkkeritutkimukset","robots":{"index":"index","follow":"follow","max-snippet":"max-snippet:-1","max-image-preview":"max-image-preview:large","max-video-preview":"max-video-preview:-1"},"canonical":"https:\/\/sites.uef.fi\/aivobiomarkkeritutkimukset\/plasman-ptau181\/","og_locale":"fi_FI","og_type":"article","og_title":"Plasman pTau181 - Aivobiomarkkeritutkimukset","og_description":"It\u00e4-Suomen yliopiston Aivotutkimusyksik\u00f6n Biomarkkerilaboratorio laajentaa Alzheimerin taudin diagnostiikkaan liittyv\u00e4\u00e4 palveluvalikoimaansa jo toisella verikokeella. Laboratorio aloitti 15.4.2026 ensimm\u00e4isen\u00e4 Euroopassa plasman pTau181-proteiinin mittaukset. Plasman pTau181-tutkimuksella on erinomainen negatiivinen ennustearvo: negatiivinen testitulos vastaa nykyk\u00e4sityksen mukaan tarkkuudeltaan negatiivista amyloidi\u2011PET\u2011kuvantamistulosta ja viittaa siihen, ett\u00e4 potilaan kognitiivinen heikentyminen ei todenn\u00e4k\u00f6isesti johdu Alzheimerin taudista.&nbsp; Plasman tau-proteiinin fosforyloidun muodon pTau181:n m\u00e4\u00e4rityst\u00e4 voidaan hy\u00f6dynt\u00e4\u00e4 [&hellip;]","og_url":"https:\/\/sites.uef.fi\/aivobiomarkkeritutkimukset\/plasman-ptau181\/","og_site_name":"Aivobiomarkkeritutkimukset","article_modified_time":"2026-04-16T11:47:07+00:00","twitter_card":"summary_large_image","twitter_misc":{"Arvioitu lukuaika":"1 minuutti"},"schema":{"@context":"https:\/\/schema.org","@graph":[{"@type":"WebPage","@id":"https:\/\/sites.uef.fi\/aivobiomarkkeritutkimukset\/plasman-ptau181\/","url":"https:\/\/sites.uef.fi\/aivobiomarkkeritutkimukset\/plasman-ptau181\/","name":"Plasman pTau181 - Aivobiomarkkeritutkimukset","isPartOf":{"@id":"https:\/\/sites.uef.fi\/aivobiomarkkeritutkimukset\/#website"},"datePublished":"2026-04-01T08:05:11+00:00","dateModified":"2026-04-16T11:47:07+00:00","breadcrumb":{"@id":"https:\/\/sites.uef.fi\/aivobiomarkkeritutkimukset\/plasman-ptau181\/#breadcrumb"},"inLanguage":"fi","potentialAction":[{"@type":"ReadAction","target":["https:\/\/sites.uef.fi\/aivobiomarkkeritutkimukset\/plasman-ptau181\/"]}]},{"@type":"BreadcrumbList","@id":"https:\/\/sites.uef.fi\/aivobiomarkkeritutkimukset\/plasman-ptau181\/#breadcrumb","itemListElement":[{"@type":"ListItem","position":1,"name":"Home","item":"https:\/\/sites.uef.fi\/aivobiomarkkeritutkimukset\/"},{"@type":"ListItem","position":2,"name":"Plasman pTau181"}]},{"@type":"WebSite","@id":"https:\/\/sites.uef.fi\/aivobiomarkkeritutkimukset\/#website","url":"https:\/\/sites.uef.fi\/aivobiomarkkeritutkimukset\/","name":"Aivobiomarkkeritutkimukset","description":"","potentialAction":[{"@type":"SearchAction","target":{"@type":"EntryPoint","urlTemplate":"https:\/\/sites.uef.fi\/aivobiomarkkeritutkimukset\/?s={search_term_string}"},"query-input":{"@type":"PropertyValueSpecification","valueRequired":true,"valueName":"search_term_string"}}],"inLanguage":"fi"}]}},"_links":{"self":[{"href":"https:\/\/sites.uef.fi\/aivobiomarkkeritutkimukset\/wp-json\/wp\/v2\/pages\/3250","targetHints":{"allow":["GET"]}}],"collection":[{"href":"https:\/\/sites.uef.fi\/aivobiomarkkeritutkimukset\/wp-json\/wp\/v2\/pages"}],"about":[{"href":"https:\/\/sites.uef.fi\/aivobiomarkkeritutkimukset\/wp-json\/wp\/v2\/types\/page"}],"author":[{"embeddable":true,"href":"https:\/\/sites.uef.fi\/aivobiomarkkeritutkimukset\/wp-json\/wp\/v2\/users\/202"}],"replies":[{"embeddable":true,"href":"https:\/\/sites.uef.fi\/aivobiomarkkeritutkimukset\/wp-json\/wp\/v2\/comments?post=3250"}],"version-history":[{"count":2,"href":"https:\/\/sites.uef.fi\/aivobiomarkkeritutkimukset\/wp-json\/wp\/v2\/pages\/3250\/revisions"}],"predecessor-version":[{"id":3298,"href":"https:\/\/sites.uef.fi\/aivobiomarkkeritutkimukset\/wp-json\/wp\/v2\/pages\/3250\/revisions\/3298"}],"wp:attachment":[{"href":"https:\/\/sites.uef.fi\/aivobiomarkkeritutkimukset\/wp-json\/wp\/v2\/media?parent=3250"}],"curies":[{"name":"wp","href":"https:\/\/api.w.org\/{rel}","templated":true}]}}