{"id":37,"date":"2020-06-18T05:41:36","date_gmt":"2020-06-18T02:41:36","guid":{"rendered":"https:\/\/sites.uef.fi\/alzheimermarkkeritutkimukset\/?page_id=37"},"modified":"2026-04-01T17:59:22","modified_gmt":"2026-04-01T14:59:22","slug":"etusivu","status":"publish","type":"page","link":"https:\/\/sites.uef.fi\/aivobiomarkkeritutkimukset\/","title":{"rendered":"Biomarkkerilaboratorio"},"content":{"rendered":"\n<figure class=\"wp-block-image\"><img loading=\"lazy\" decoding=\"async\" width=\"300\" height=\"81\" src=\"https:\/\/sites.uef.fi\/alzheimermarkkeritutkimukset\/wp-content\/uploads\/sites\/112\/2020\/11\/laatulogo-300x81.png\" alt=\"Biomarkkerilaboratorion logo\" class=\"wp-image-508\" srcset=\"https:\/\/sites.uef.fi\/aivobiomarkkeritutkimukset\/wp-content\/uploads\/sites\/112\/2020\/11\/laatulogo-300x81.png 300w, https:\/\/sites.uef.fi\/aivobiomarkkeritutkimukset\/wp-content\/uploads\/sites\/112\/2020\/11\/laatulogo-1024x278.png 1024w, https:\/\/sites.uef.fi\/aivobiomarkkeritutkimukset\/wp-content\/uploads\/sites\/112\/2020\/11\/laatulogo-768x208.png 768w, https:\/\/sites.uef.fi\/aivobiomarkkeritutkimukset\/wp-content\/uploads\/sites\/112\/2020\/11\/laatulogo.png 1525w\" sizes=\"auto, (max-width: 300px) 100vw, 300px\" \/><\/figure>\n\n\n\n<h2 class=\"wp-block-heading\">Diagnostiset palvelututkimukset<\/h2>\n\n\n\n<p><\/p>\n\n\n\n<p>It\u00e4-Suomen yliopiston Aivotutkimusyksik\u00f6n Biomarkkerilaboratorio tekee plasman aivobiomarkkereiden sek\u00e4 selk\u00e4ydinnesteen <span style=\"color: #000000\">Alzheimerin taudin<\/span> merkkiaineiden diagnostiikkaa. Alzheimerin taudin merkkiaineet Li-FosTau, Li-Tau ja Li-BAm42 kuuluvat akkreditoituun p\u00e4tevyysalueeseen (SFS-EN ISO 15189:2022).<\/p>\n\n\n\n<p><\/p>\n\n\n\n<p><\/p>\n\n\n\n<p><\/p>\n\n\n\n<h4 class=\"wp-block-heading\">Diagnostinen tutkimusvalikoima<\/h4>\n\n\n\n<div class=\"links-block\">\n\n    \n    <ul class=\"link-list\">\n        \n            \n            <li class=\"link-list-item\">\n                <a href=\"https:\/\/sites.uef.fi\/aivobiomarkkeritutkimukset\/alzheimermerkkiaineet\/\" class=\"link-reset link hover-scale-down\">\n                    <svg\n        width=\"43\" height=\"25\"\n        viewBox=\"0 0 43 25\"\n        xmlns=\"http:\/\/www.w3.org\/2000\/svg\">\n    <path\n        d=\"M30.027 0 43 12.5 30.027 25 27 22.083 34.351 15H0v-5h34.351L27 2.917z\"\n        fill=\"currentColor\"\n        fill-rule=\"evenodd\"\/>\n<\/svg>                    <div>Alzheimerin taudin selk\u00e4ydinnesteest\u00e4 mitattavat merkkiaineet (Li-BAm42, Li-Tau, Li-FosTau)<\/div>\n                <\/a>\n                <div class=\"link-info\">\n                                    <\/div>\n            <\/li>\n\n        \n            <li class=\"link-list-item\">\n                <a href=\"https:\/\/sites.uef.fi\/aivobiomarkkeritutkimukset\/plasman-ptau217\/\" class=\"link-reset link hover-scale-down\">\n                    <svg\n        width=\"43\" height=\"25\"\n        viewBox=\"0 0 43 25\"\n        xmlns=\"http:\/\/www.w3.org\/2000\/svg\">\n    <path\n        d=\"M30.027 0 43 12.5 30.027 25 27 22.083 34.351 15H0v-5h34.351L27 2.917z\"\n        fill=\"currentColor\"\n        fill-rule=\"evenodd\"\/>\n<\/svg>                    <div>Alzheimerin taudin verest\u00e4 mitattava merkkiaine pTau217 (P-Tau-217)<\/div>\n                <\/a>\n                <div class=\"link-info\">\n                                    <\/div>\n            <\/li>\n\n        \n            <li class=\"link-list-item\">\n                <a href=\"https:\/\/sites.uef.fi\/aivobiomarkkeritutkimukset\/plasman-ptau181\/\" class=\"link-reset link hover-scale-down\">\n                    <svg\n        width=\"43\" height=\"25\"\n        viewBox=\"0 0 43 25\"\n        xmlns=\"http:\/\/www.w3.org\/2000\/svg\">\n    <path\n        d=\"M30.027 0 43 12.5 30.027 25 27 22.083 34.351 15H0v-5h34.351L27 2.917z\"\n        fill=\"currentColor\"\n        fill-rule=\"evenodd\"\/>\n<\/svg>                    <div>Alzheimerin taudin verest\u00e4 mitattava merkkiaine pTau181<\/div>\n                <\/a>\n                <div class=\"link-info\">\n                                    <\/div>\n            <\/li>\n\n        \n            <li class=\"link-list-item\">\n                <a href=\"https:\/\/sites.uef.fi\/aivobiomarkkeritutkimukset\/nfl\/\" class=\"link-reset link hover-scale-down\">\n                    <svg\n        width=\"43\" height=\"25\"\n        viewBox=\"0 0 43 25\"\n        xmlns=\"http:\/\/www.w3.org\/2000\/svg\">\n    <path\n        d=\"M30.027 0 43 12.5 30.027 25 27 22.083 34.351 15H0v-5h34.351L27 2.917z\"\n        fill=\"currentColor\"\n        fill-rule=\"evenodd\"\/>\n<\/svg>                    <div>Plasman neurofilamentti, kevytketju (P-NfLc)<\/div>\n                <\/a>\n                <div class=\"link-info\">\n                                    <\/div>\n            <\/li>\n\n                <\/ul>\n<\/div>\n\n\n<p><br> <\/p>\n\n\n\n<h4 class=\"wp-block-heading\">Muut linkit<\/h4>\n\n\n\n<div class=\"links-block\">\n\n    \n    <ul class=\"link-list\">\n        \n            \n            <li class=\"link-list-item\">\n                <a href=\"https:\/\/sites.uef.fi\/aivobiomarkkeritutkimukset\/tiedotteet\/\" class=\"link-reset link hover-scale-down\">\n                    <svg\n        width=\"43\" height=\"25\"\n        viewBox=\"0 0 43 25\"\n        xmlns=\"http:\/\/www.w3.org\/2000\/svg\">\n    <path\n        d=\"M30.027 0 43 12.5 30.027 25 27 22.083 34.351 15H0v-5h34.351L27 2.917z\"\n        fill=\"currentColor\"\n        fill-rule=\"evenodd\"\/>\n<\/svg>                    <div>Tiedotteet<\/div>\n                <\/a>\n                <div class=\"link-info\">\n                                    <\/div>\n            <\/li>\n\n        \n            <li class=\"link-list-item\">\n                <a href=\"https:\/\/sites.uef.fi\/aivobiomarkkeritutkimukset\/yhteystiedot\/\" class=\"link-reset link hover-scale-down\">\n                    <svg\n        width=\"43\" height=\"25\"\n        viewBox=\"0 0 43 25\"\n        xmlns=\"http:\/\/www.w3.org\/2000\/svg\">\n    <path\n        d=\"M30.027 0 43 12.5 30.027 25 27 22.083 34.351 15H0v-5h34.351L27 2.917z\"\n        fill=\"currentColor\"\n        fill-rule=\"evenodd\"\/>\n<\/svg>                    <div>Yhteystiedot<\/div>\n                <\/a>\n                <div class=\"link-info\">\n                                    <\/div>\n            <\/li>\n\n        \n            <li class=\"link-list-item\">\n                <a href=\"https:\/\/sites.uef.fi\/aivobiomarkkeritutkimukset\/yhteistyokumppanit\/\" class=\"link-reset link hover-scale-down\">\n                    <svg\n        width=\"43\" height=\"25\"\n        viewBox=\"0 0 43 25\"\n        xmlns=\"http:\/\/www.w3.org\/2000\/svg\">\n    <path\n        d=\"M30.027 0 43 12.5 30.027 25 27 22.083 34.351 15H0v-5h34.351L27 2.917z\"\n        fill=\"currentColor\"\n        fill-rule=\"evenodd\"\/>\n<\/svg>                    <div>Yhteisty\u00f6kumppanit<\/div>\n                <\/a>\n                <div class=\"link-info\">\n                                    <\/div>\n            <\/li>\n\n        \n            <li class=\"link-list-item\">\n                <a href=\"https:\/\/sites.uef.fi\/bru\/\" class=\"link-reset link hover-scale-down\">\n                    <svg\n        width=\"43\" height=\"25\"\n        viewBox=\"0 0 43 25\"\n        xmlns=\"http:\/\/www.w3.org\/2000\/svg\">\n    <path\n        d=\"M30.027 0 43 12.5 30.027 25 27 22.083 34.351 15H0v-5h34.351L27 2.917z\"\n        fill=\"currentColor\"\n        fill-rule=\"evenodd\"\/>\n<\/svg>                    <div>UEF Aivotutkimusyksikk\u00f6<\/div>\n                <\/a>\n                <div class=\"link-info\">\n                                    <\/div>\n            <\/li>\n\n        \n            <li class=\"link-list-item\">\n                <a href=\"https:\/\/uefconnect.uef.fi\/tutkimusryhma\/uef-aivotutkimusyksikko-2.0\/\" class=\"link-reset link hover-scale-down\">\n                    <svg\n        width=\"43\" height=\"25\"\n        viewBox=\"0 0 43 25\"\n        xmlns=\"http:\/\/www.w3.org\/2000\/svg\">\n    <path\n        d=\"M30.027 0 43 12.5 30.027 25 27 22.083 34.351 15H0v-5h34.351L27 2.917z\"\n        fill=\"currentColor\"\n        fill-rule=\"evenodd\"\/>\n<\/svg>                    <div>UEF Aivotutkimusyksikk\u00f6 2.0 EAKR -hanke<\/div>\n                <\/a>\n                <div class=\"link-info\">\n                                    <\/div>\n            <\/li>\n\n        \n            <li class=\"link-list-item\">\n                <a href=\"https:\/\/sites.uef.fi\/aivobiomarkkeritutkimukset\/tilaustutkimukset\/\" class=\"link-reset link hover-scale-down\">\n                    <svg\n        width=\"43\" height=\"25\"\n        viewBox=\"0 0 43 25\"\n        xmlns=\"http:\/\/www.w3.org\/2000\/svg\">\n    <path\n        d=\"M30.027 0 43 12.5 30.027 25 27 22.083 34.351 15H0v-5h34.351L27 2.917z\"\n        fill=\"currentColor\"\n        fill-rule=\"evenodd\"\/>\n<\/svg>                    <div>Tilaustutkimukset ja laitteet<\/div>\n                <\/a>\n                <div class=\"link-info\">\n                                    <\/div>\n            <\/li>\n\n                <\/ul>\n<\/div>\n\n\n<p><br><\/p>\n\n\n\n<h4 class=\"wp-block-heading\">Katso esittelyvideomme<\/h4>\n\n\n\n\t<div class=\"panopto-embed video_layout\">\n\t\t\t\t\t<iframe src=\"https:\/\/uef.cloud.panopto.eu\/Panopto\/Pages\/Embed.aspx?id=f2ae1762-09ff-4cdf-bd50-b29800e35a3d\" aria-label=\"Biomarkkerilaboratorion esittelyvideo \" allow=\"autoplay; fullscreen\" allowfullscreen><\/iframe>\n\t\t\n\t\t\t<\/div>\n\n\n\n<p> <br>  <br> <\/p>\n\n\n\n<h4 class=\"wp-block-heading\">Laadunvarmistus<\/h4>\n\n\n\n<p>Merkkiainemenetelm\u00e4t ovat laboratoriossamme k\u00e4ytt\u00f6tarkoitustaan varten validoituja. Seuraamme niiden laatua jatkuvasti sis\u00e4isten kontrollien avulla ja osallistumalla kansainv\u00e4liseen, UGOT QC laaduntarkkailuohjelmaan.<\/p>\n\n\n\n<figure class=\"wp-block-image alignleft\"><img loading=\"lazy\" decoding=\"async\" width=\"300\" height=\"189\" src=\"https:\/\/sites.uef.fi\/alzheimermarkkeritutkimukset\/wp-content\/uploads\/sites\/112\/2020\/11\/T320_rgb_15189-300x189.jpg\" alt=\"FINAS-akkreditointitunnus\" class=\"wp-image-118\" srcset=\"https:\/\/sites.uef.fi\/aivobiomarkkeritutkimukset\/wp-content\/uploads\/sites\/112\/2020\/11\/T320_rgb_15189-300x189.jpg 300w, https:\/\/sites.uef.fi\/aivobiomarkkeritutkimukset\/wp-content\/uploads\/sites\/112\/2020\/11\/T320_rgb_15189.jpg 677w\" sizes=\"auto, (max-width: 300px) 100vw, 300px\" \/><\/figure>\n\n\n\n<p>Laboratorio on FINAS-akkreditointipalvelun akkreditoima testauslaboratorio T320, akkreditointivaatimus SFS-EN ISO 15189:2022.<\/p>\n\n\n\n<p>Li-FosTau, Li-Tau ja Li-BAm42 ovat akkreditoituja tutkimuksia.<\/p>\n\n\n\n<p>Kaikki tulokset toimitetaan huolellisesti tarkistettuina ja varmistettuina. Laboratoriomme vastaa tulosten oikeellisuudesta niiden toimitushetkell\u00e4. Emme kuitenkaan voi ottaa vastuuta mahdollisista virheist\u00e4, jotka syntyv\u00e4t tulosten siirron tai k\u00e4sittelyn yhteydess\u00e4 asiakkaan omissa j\u00e4rjestelmiss\u00e4.<\/p>\n\n\n\n<p>Tarjoamme yksityiskohtaiset ohjeet n\u00e4ytteiden preanalytiikkaan verkkosivuillamme ja tutkimuspyynt\u00f6lomakkeissa. Laboratoriomme vastaa ohjeiden selkeydest\u00e4 ja ajantasaisuudesta, mutta emme voi ottaa vastuuta mahdollisista virheist\u00e4, jotka syntyv\u00e4t n\u00e4ytteenoton, k\u00e4sittelyn tai kuljetuksen yhteydess\u00e4.<\/p>\n\n\n\n<p><\/p>\n\n\n\n<p><\/p>\n\n\n\n<p>    <br><\/p>\n\n\n\n<h4 class=\"wp-block-heading\">Laboratorion IVD-laitteiden omavalmistus<\/h4>\n\n\n\n<p>Laboratorio valmistaa omavalmistuksena <em>in vitro<\/em>&nbsp;-diagnostiikkaan tarkoitettuja l\u00e4\u00e4kinn\u00e4llisi\u00e4 laitteita, jotka on rekister\u00f6ity Fimean (L\u00e4\u00e4kealan turvallisuus- ja kehitt\u00e4miskeskus) kansalliseen l\u00e4\u00e4kinn\u00e4llisten laitteiden rekisteriin ja jotka t\u00e4ytt\u00e4v\u00e4t IVD-asetuksen EU\/2017\/746 artiklan 5.5 mukaiset yleiset turvallisuus- ja suorituskykyvaatimukset. IVD-asetuksen mukainen laitteen m\u00e4\u00e4ritelm\u00e4 kattaa my\u00f6s reagenssit ja menetelm\u00e4modifikaatiot.<\/p>\n\n\n\n<p>Luettelo omavalmisteisista laitteista ja vakuutus vaatimusten t\u00e4ytt\u00e4misest\u00e4 on<a href=\"https:\/\/sites.uef.fi\/aivobiomarkkeritutkimukset\/wp-content\/uploads\/sites\/112\/2025\/01\/Fimea-vakuutus-Biomarkkerilaboratorio-090125.pdf\" target=\"_blank\" rel=\"noreferrer noopener\"><strong> t\u00e4ss\u00e4 linkiss\u00e4<\/strong><\/a>.<\/p>\n\n\n\n<p>Muut Biomarkkerilaboratorion diagnostisissa tutkimuksissa k\u00e4ytetyt laitteet \/ reagenssit \/ menetelm\u00e4t ovat CE-merkittyj\u00e4.<\/p>\n\n\n\n<p>    <br><\/p>\n\n\n\n<h4 class=\"wp-block-heading\">Lis\u00e4tietoja <br><\/h4>\n\n\n\n<p>Aivotutkimusyksik\u00f6n johtaja<br><a href=\"https:\/\/uefconnect.uef.fi\/eino.solje\/\" target=\"_blank\" rel=\"noreferrer noopener\">Eino Solje<\/a>, LT, professori<br>eino.solje(at)uef.fi<\/p>\n\n\n\n<p><\/p>\n\n\n\n<p>Diagnostiikan vastuuhenkil\u00f6<br><a href=\"https:\/\/uefconnect.uef.fi\/henkilo\/sanna-kaisa.herukka\/\" target=\"_blank\" rel=\"noreferrer noopener\">Sanna-Kaisa Herukka<\/a>, FT<br>sanna-kaisa.herukka(at)uef.fi<\/p>\n\n\n\n<p>Laboratorio, puh. 0400 648 632<\/p>\n\n\n\n<p><\/p>\n\n\n\n<p><\/p>\n\n\n\n<p> <br><\/p>\n\n\n\n<p><\/p>\n\n\n\n<p> <br><\/p>\n\n\n\n<p>P\u00e4ivitetty 1.4.2026<\/p>\n\n\n\n<p><\/p>\n","protected":false},"excerpt":{"rendered":"<p>Diagnostiset palvelututkimukset It\u00e4-Suomen yliopiston Aivotutkimusyksik\u00f6n Biomarkkerilaboratorio tekee plasman aivobiomarkkereiden sek\u00e4 selk\u00e4ydinnesteen Alzheimerin taudin merkkiaineiden diagnostiikkaa. Alzheimerin taudin merkkiaineet Li-FosTau, Li-Tau ja Li-BAm42 kuuluvat akkreditoituun p\u00e4tevyysalueeseen (SFS-EN ISO 15189:2022). Diagnostinen tutkimusvalikoima Muut linkit Katso esittelyvideomme Laadunvarmistus Merkkiainemenetelm\u00e4t ovat laboratoriossamme k\u00e4ytt\u00f6tarkoitustaan varten validoituja. Seuraamme niiden laatua jatkuvasti sis\u00e4isten kontrollien avulla ja osallistumalla kansainv\u00e4liseen, UGOT QC laaduntarkkailuohjelmaan. Laboratorio [&hellip;]<\/p>\n","protected":false},"author":2,"featured_media":0,"parent":0,"menu_order":0,"comment_status":"closed","ping_status":"closed","template":"","meta":{"_acf_changed":false,"_monsterinsights_skip_tracking":false,"_monsterinsights_sitenote_active":false,"_monsterinsights_sitenote_note":"","_monsterinsights_sitenote_category":0,"footnotes":""},"class_list":["post-37","page","type-page","status-publish","hentry"],"acf":[],"yoast_head":"<!-- This site is optimized with the Yoast SEO plugin v27.3 - https:\/\/yoast.com\/product\/yoast-seo-wordpress\/ -->\n<title>Biomarkkerilaboratorio - Aivobiomarkkeritutkimukset<\/title>\n<meta name=\"robots\" content=\"index, follow, max-snippet:-1, max-image-preview:large, max-video-preview:-1\" \/>\n<link rel=\"canonical\" href=\"https:\/\/sites.uef.fi\/aivobiomarkkeritutkimukset\/\" \/>\n<meta property=\"og:locale\" content=\"fi_FI\" \/>\n<meta property=\"og:type\" content=\"article\" \/>\n<meta property=\"og:title\" content=\"Biomarkkerilaboratorio - Aivobiomarkkeritutkimukset\" \/>\n<meta property=\"og:description\" content=\"Diagnostiset palvelututkimukset It\u00e4-Suomen yliopiston Aivotutkimusyksik\u00f6n Biomarkkerilaboratorio tekee plasman aivobiomarkkereiden sek\u00e4 selk\u00e4ydinnesteen Alzheimerin taudin merkkiaineiden diagnostiikkaa. Alzheimerin taudin merkkiaineet Li-FosTau, Li-Tau ja Li-BAm42 kuuluvat akkreditoituun p\u00e4tevyysalueeseen (SFS-EN ISO 15189:2022). Diagnostinen tutkimusvalikoima Muut linkit Katso esittelyvideomme Laadunvarmistus Merkkiainemenetelm\u00e4t ovat laboratoriossamme k\u00e4ytt\u00f6tarkoitustaan varten validoituja. Seuraamme niiden laatua jatkuvasti sis\u00e4isten kontrollien avulla ja osallistumalla kansainv\u00e4liseen, UGOT QC laaduntarkkailuohjelmaan. Laboratorio [&hellip;]\" \/>\n<meta property=\"og:url\" content=\"https:\/\/sites.uef.fi\/aivobiomarkkeritutkimukset\/\" \/>\n<meta property=\"og:site_name\" content=\"Aivobiomarkkeritutkimukset\" \/>\n<meta property=\"article:modified_time\" content=\"2026-04-01T14:59:22+00:00\" \/>\n<meta property=\"og:image\" content=\"https:\/\/sites.uef.fi\/aivobiomarkkeritutkimukset\/wp-content\/uploads\/sites\/112\/2020\/11\/laatulogo.png\" \/>\n\t<meta property=\"og:image:width\" content=\"1525\" \/>\n\t<meta property=\"og:image:height\" content=\"414\" \/>\n\t<meta property=\"og:image:type\" content=\"image\/png\" \/>\n<meta name=\"twitter:card\" content=\"summary_large_image\" \/>\n<meta name=\"twitter:label1\" content=\"Arvioitu lukuaika\" \/>\n\t<meta name=\"twitter:data1\" content=\"2 minuuttia\" \/>\n<script type=\"application\/ld+json\" class=\"yoast-schema-graph\">{\"@context\":\"https:\\\/\\\/schema.org\",\"@graph\":[{\"@type\":\"WebPage\",\"@id\":\"https:\\\/\\\/sites.uef.fi\\\/aivobiomarkkeritutkimukset\\\/\",\"url\":\"https:\\\/\\\/sites.uef.fi\\\/aivobiomarkkeritutkimukset\\\/\",\"name\":\"Biomarkkerilaboratorio - Aivobiomarkkeritutkimukset\",\"isPartOf\":{\"@id\":\"https:\\\/\\\/sites.uef.fi\\\/aivobiomarkkeritutkimukset\\\/#website\"},\"primaryImageOfPage\":{\"@id\":\"https:\\\/\\\/sites.uef.fi\\\/aivobiomarkkeritutkimukset\\\/#primaryimage\"},\"image\":{\"@id\":\"https:\\\/\\\/sites.uef.fi\\\/aivobiomarkkeritutkimukset\\\/#primaryimage\"},\"thumbnailUrl\":\"https:\\\/\\\/sites.uef.fi\\\/alzheimermarkkeritutkimukset\\\/wp-content\\\/uploads\\\/sites\\\/112\\\/2020\\\/11\\\/laatulogo-300x81.png\",\"datePublished\":\"2020-06-18T02:41:36+00:00\",\"dateModified\":\"2026-04-01T14:59:22+00:00\",\"breadcrumb\":{\"@id\":\"https:\\\/\\\/sites.uef.fi\\\/aivobiomarkkeritutkimukset\\\/#breadcrumb\"},\"inLanguage\":\"fi\",\"potentialAction\":[{\"@type\":\"ReadAction\",\"target\":[\"https:\\\/\\\/sites.uef.fi\\\/aivobiomarkkeritutkimukset\\\/\"]}]},{\"@type\":\"ImageObject\",\"inLanguage\":\"fi\",\"@id\":\"https:\\\/\\\/sites.uef.fi\\\/aivobiomarkkeritutkimukset\\\/#primaryimage\",\"url\":\"https:\\\/\\\/sites.uef.fi\\\/alzheimermarkkeritutkimukset\\\/wp-content\\\/uploads\\\/sites\\\/112\\\/2020\\\/11\\\/laatulogo-300x81.png\",\"contentUrl\":\"https:\\\/\\\/sites.uef.fi\\\/alzheimermarkkeritutkimukset\\\/wp-content\\\/uploads\\\/sites\\\/112\\\/2020\\\/11\\\/laatulogo-300x81.png\"},{\"@type\":\"BreadcrumbList\",\"@id\":\"https:\\\/\\\/sites.uef.fi\\\/aivobiomarkkeritutkimukset\\\/#breadcrumb\",\"itemListElement\":[{\"@type\":\"ListItem\",\"position\":1,\"name\":\"Home\",\"item\":\"https:\\\/\\\/sites.uef.fi\\\/aivobiomarkkeritutkimukset\\\/\"},{\"@type\":\"ListItem\",\"position\":2,\"name\":\"Biomarkkerilaboratorio\"}]},{\"@type\":\"WebSite\",\"@id\":\"https:\\\/\\\/sites.uef.fi\\\/aivobiomarkkeritutkimukset\\\/#website\",\"url\":\"https:\\\/\\\/sites.uef.fi\\\/aivobiomarkkeritutkimukset\\\/\",\"name\":\"Aivobiomarkkeritutkimukset\",\"description\":\"\",\"potentialAction\":[{\"@type\":\"SearchAction\",\"target\":{\"@type\":\"EntryPoint\",\"urlTemplate\":\"https:\\\/\\\/sites.uef.fi\\\/aivobiomarkkeritutkimukset\\\/?s={search_term_string}\"},\"query-input\":{\"@type\":\"PropertyValueSpecification\",\"valueRequired\":true,\"valueName\":\"search_term_string\"}}],\"inLanguage\":\"fi\"}]}<\/script>\n<!-- \/ Yoast SEO plugin. -->","yoast_head_json":{"title":"Biomarkkerilaboratorio - Aivobiomarkkeritutkimukset","robots":{"index":"index","follow":"follow","max-snippet":"max-snippet:-1","max-image-preview":"max-image-preview:large","max-video-preview":"max-video-preview:-1"},"canonical":"https:\/\/sites.uef.fi\/aivobiomarkkeritutkimukset\/","og_locale":"fi_FI","og_type":"article","og_title":"Biomarkkerilaboratorio - Aivobiomarkkeritutkimukset","og_description":"Diagnostiset palvelututkimukset It\u00e4-Suomen yliopiston Aivotutkimusyksik\u00f6n Biomarkkerilaboratorio tekee plasman aivobiomarkkereiden sek\u00e4 selk\u00e4ydinnesteen Alzheimerin taudin merkkiaineiden diagnostiikkaa. Alzheimerin taudin merkkiaineet Li-FosTau, Li-Tau ja Li-BAm42 kuuluvat akkreditoituun p\u00e4tevyysalueeseen (SFS-EN ISO 15189:2022). Diagnostinen tutkimusvalikoima Muut linkit Katso esittelyvideomme Laadunvarmistus Merkkiainemenetelm\u00e4t ovat laboratoriossamme k\u00e4ytt\u00f6tarkoitustaan varten validoituja. Seuraamme niiden laatua jatkuvasti sis\u00e4isten kontrollien avulla ja osallistumalla kansainv\u00e4liseen, UGOT QC laaduntarkkailuohjelmaan. Laboratorio [&hellip;]","og_url":"https:\/\/sites.uef.fi\/aivobiomarkkeritutkimukset\/","og_site_name":"Aivobiomarkkeritutkimukset","article_modified_time":"2026-04-01T14:59:22+00:00","og_image":[{"width":1525,"height":414,"url":"https:\/\/sites.uef.fi\/aivobiomarkkeritutkimukset\/wp-content\/uploads\/sites\/112\/2020\/11\/laatulogo.png","type":"image\/png"}],"twitter_card":"summary_large_image","twitter_misc":{"Arvioitu lukuaika":"2 minuuttia"},"schema":{"@context":"https:\/\/schema.org","@graph":[{"@type":"WebPage","@id":"https:\/\/sites.uef.fi\/aivobiomarkkeritutkimukset\/","url":"https:\/\/sites.uef.fi\/aivobiomarkkeritutkimukset\/","name":"Biomarkkerilaboratorio - Aivobiomarkkeritutkimukset","isPartOf":{"@id":"https:\/\/sites.uef.fi\/aivobiomarkkeritutkimukset\/#website"},"primaryImageOfPage":{"@id":"https:\/\/sites.uef.fi\/aivobiomarkkeritutkimukset\/#primaryimage"},"image":{"@id":"https:\/\/sites.uef.fi\/aivobiomarkkeritutkimukset\/#primaryimage"},"thumbnailUrl":"https:\/\/sites.uef.fi\/alzheimermarkkeritutkimukset\/wp-content\/uploads\/sites\/112\/2020\/11\/laatulogo-300x81.png","datePublished":"2020-06-18T02:41:36+00:00","dateModified":"2026-04-01T14:59:22+00:00","breadcrumb":{"@id":"https:\/\/sites.uef.fi\/aivobiomarkkeritutkimukset\/#breadcrumb"},"inLanguage":"fi","potentialAction":[{"@type":"ReadAction","target":["https:\/\/sites.uef.fi\/aivobiomarkkeritutkimukset\/"]}]},{"@type":"ImageObject","inLanguage":"fi","@id":"https:\/\/sites.uef.fi\/aivobiomarkkeritutkimukset\/#primaryimage","url":"https:\/\/sites.uef.fi\/alzheimermarkkeritutkimukset\/wp-content\/uploads\/sites\/112\/2020\/11\/laatulogo-300x81.png","contentUrl":"https:\/\/sites.uef.fi\/alzheimermarkkeritutkimukset\/wp-content\/uploads\/sites\/112\/2020\/11\/laatulogo-300x81.png"},{"@type":"BreadcrumbList","@id":"https:\/\/sites.uef.fi\/aivobiomarkkeritutkimukset\/#breadcrumb","itemListElement":[{"@type":"ListItem","position":1,"name":"Home","item":"https:\/\/sites.uef.fi\/aivobiomarkkeritutkimukset\/"},{"@type":"ListItem","position":2,"name":"Biomarkkerilaboratorio"}]},{"@type":"WebSite","@id":"https:\/\/sites.uef.fi\/aivobiomarkkeritutkimukset\/#website","url":"https:\/\/sites.uef.fi\/aivobiomarkkeritutkimukset\/","name":"Aivobiomarkkeritutkimukset","description":"","potentialAction":[{"@type":"SearchAction","target":{"@type":"EntryPoint","urlTemplate":"https:\/\/sites.uef.fi\/aivobiomarkkeritutkimukset\/?s={search_term_string}"},"query-input":{"@type":"PropertyValueSpecification","valueRequired":true,"valueName":"search_term_string"}}],"inLanguage":"fi"}]}},"_links":{"self":[{"href":"https:\/\/sites.uef.fi\/aivobiomarkkeritutkimukset\/wp-json\/wp\/v2\/pages\/37","targetHints":{"allow":["GET"]}}],"collection":[{"href":"https:\/\/sites.uef.fi\/aivobiomarkkeritutkimukset\/wp-json\/wp\/v2\/pages"}],"about":[{"href":"https:\/\/sites.uef.fi\/aivobiomarkkeritutkimukset\/wp-json\/wp\/v2\/types\/page"}],"author":[{"embeddable":true,"href":"https:\/\/sites.uef.fi\/aivobiomarkkeritutkimukset\/wp-json\/wp\/v2\/users\/2"}],"replies":[{"embeddable":true,"href":"https:\/\/sites.uef.fi\/aivobiomarkkeritutkimukset\/wp-json\/wp\/v2\/comments?post=37"}],"version-history":[{"count":2,"href":"https:\/\/sites.uef.fi\/aivobiomarkkeritutkimukset\/wp-json\/wp\/v2\/pages\/37\/revisions"}],"predecessor-version":[{"id":3255,"href":"https:\/\/sites.uef.fi\/aivobiomarkkeritutkimukset\/wp-json\/wp\/v2\/pages\/37\/revisions\/3255"}],"wp:attachment":[{"href":"https:\/\/sites.uef.fi\/aivobiomarkkeritutkimukset\/wp-json\/wp\/v2\/media?parent=37"}],"curies":[{"name":"wp","href":"https:\/\/api.w.org\/{rel}","templated":true}]}}