{"id":852,"date":"2020-05-27T08:56:25","date_gmt":"2020-05-27T05:56:25","guid":{"rendered":"https:\/\/sites.uef.fi\/bgc\/?page_id=852"},"modified":"2024-04-03T13:23:31","modified_gmt":"2024-04-03T10:23:31","slug":"biogeokemian-tutkimusryhma","status":"publish","type":"page","link":"https:\/\/sites.uef.fi\/bgc\/fi\/","title":{"rendered":"Biogeokemian tutkimusryhm\u00e4"},"content":{"rendered":"<p>Ekosysteemit p\u00e4\u00e4st\u00e4v\u00e4t ja sitovat erilaisia kaasuja, joilla on t\u00e4rke\u00e4 rooli ilmakeh\u00e4n koostumuksen ja ilmaston muutoksen kannalta. T\u00e4llaisia kaasuja ovat esim. hiilidioksidi (CO<sub>2<\/sub>), metaani (CH<sub>4<\/sub>), typpioksiduuli (N<sub>2<\/sub>O), typpimonoksidi (NO), typpihapoke (HONO) ja biogeeniset haihtuvat orgaaniset yhdisteet (BVOCs). <strong>Biogeokemian tutkimusryhm\u00e4n missio on lis\u00e4t\u00e4 tiet\u00e4myst\u00e4 hiilidioksidin, metaanin, typpioksiduulin, typpimonoksidin, typpihapokkeen ja biogeenisten haihtuvien orgaanisten yhdisteiden virroista maatalous- ja mets\u00e4maissa, ikirouta-alueiden maaper\u00e4ss\u00e4 ja vesiekosysteemeiss\u00e4 sek\u00e4 niiden taustalla olevista mikrobiologisista prosesseista.<\/strong><\/p>\n<p>Keskitymme tutkimuksessamme siihen, <strong>miten ilmaston ja maank\u00e4yt\u00f6n muuttuminen vaikuttaa aineiden biogeokemialliseen kiertoon<\/strong> ja ilmakeh\u00e4n kannalta merkitt\u00e4vien kaasujen tuottoon ja kulutukseen. Tutkimusta tehd\u00e4\u00e4n useammassa mittakaavassa <strong>molekyylitasolta aina ekosysteemitasolle asti<\/strong>.<\/p>\n<p>Tutkimuksemme on <strong>monitieteellist\u00e4 ja yhdistelee monen alan osaamista<\/strong>, mm. mikrobiologiaa, maaper\u00e4tiedett\u00e4, ymp\u00e4rist\u00f6tiedett\u00e4, molekyylibiologiaa, limnologiaa ja ilmakeh\u00e4fysiikkaa.<\/p>\n<p>Tarkempaa tietoa Biogeokemian tutkimusryhm\u00e4n j\u00e4senist\u00e4 ja tekem\u00e4st\u00e4mme tutkimuksesta l\u00f6yd\u00e4t <a href=\"https:\/\/sites.uef.fi\/bgc\/english\">englanninkieliselt\u00e4 sivustolta<\/a>.<\/p>\n","protected":false},"excerpt":{"rendered":"<p>Ekosysteemit p\u00e4\u00e4st\u00e4v\u00e4t ja sitovat erilaisia kaasuja, joilla on t\u00e4rke\u00e4 rooli ilmakeh\u00e4n koostumuksen ja ilmaston muutoksen kannalta. T\u00e4llaisia kaasuja ovat esim. hiilidioksidi (CO2), metaani (CH4), typpioksiduuli (N2O), typpimonoksidi (NO), typpihapoke (HONO) ja biogeeniset haihtuvat orgaaniset yhdisteet (BVOCs). Biogeokemian tutkimusryhm\u00e4n missio on lis\u00e4t\u00e4 tiet\u00e4myst\u00e4 hiilidioksidin, metaanin, typpioksiduulin, typpimonoksidin, typpihapokkeen ja biogeenisten haihtuvien orgaanisten yhdisteiden virroista maatalous- ja [&hellip;]<\/p>\n","protected":false},"author":2,"featured_media":0,"parent":0,"menu_order":0,"comment_status":"closed","ping_status":"closed","template":"","meta":{"_acf_changed":false,"_monsterinsights_skip_tracking":false,"_monsterinsights_sitenote_active":false,"_monsterinsights_sitenote_note":"","_monsterinsights_sitenote_category":0,"footnotes":""},"class_list":["post-852","page","type-page","status-publish","hentry"],"acf":[],"yoast_head":"<!-- This site is optimized with the Yoast SEO plugin v27.3 - https:\/\/yoast.com\/product\/yoast-seo-wordpress\/ -->\n<title>Biogeokemian tutkimusryhm\u00e4 - Biogeokemian tutkimusryhm\u00e4<\/title>\n<meta name=\"robots\" content=\"index, follow, max-snippet:-1, max-image-preview:large, max-video-preview:-1\" \/>\n<link rel=\"canonical\" href=\"https:\/\/sites.uef.fi\/bgc\/fi\/\" \/>\n<meta property=\"og:locale\" content=\"fi_FI\" \/>\n<meta property=\"og:type\" content=\"article\" \/>\n<meta property=\"og:title\" content=\"Biogeokemian tutkimusryhm\u00e4 - Biogeokemian tutkimusryhm\u00e4\" \/>\n<meta property=\"og:description\" content=\"Ekosysteemit p\u00e4\u00e4st\u00e4v\u00e4t ja sitovat erilaisia kaasuja, joilla on t\u00e4rke\u00e4 rooli ilmakeh\u00e4n koostumuksen ja ilmaston muutoksen kannalta. T\u00e4llaisia kaasuja ovat esim. hiilidioksidi (CO2), metaani (CH4), typpioksiduuli (N2O), typpimonoksidi (NO), typpihapoke (HONO) ja biogeeniset haihtuvat orgaaniset yhdisteet (BVOCs). Biogeokemian tutkimusryhm\u00e4n missio on lis\u00e4t\u00e4 tiet\u00e4myst\u00e4 hiilidioksidin, metaanin, typpioksiduulin, typpimonoksidin, typpihapokkeen ja biogeenisten haihtuvien orgaanisten yhdisteiden virroista maatalous- ja [&hellip;]\" \/>\n<meta property=\"og:url\" content=\"https:\/\/sites.uef.fi\/bgc\/fi\/\" \/>\n<meta property=\"og:site_name\" content=\"Biogeokemian tutkimusryhm\u00e4\" \/>\n<meta property=\"article:modified_time\" content=\"2024-04-03T10:23:31+00:00\" \/>\n<meta name=\"twitter:card\" content=\"summary_large_image\" \/>\n<meta name=\"twitter:label1\" content=\"Arvioitu lukuaika\" \/>\n\t<meta name=\"twitter:data1\" content=\"1 minuutti\" \/>\n<script type=\"application\/ld+json\" class=\"yoast-schema-graph\">{\"@context\":\"https:\\\/\\\/schema.org\",\"@graph\":[{\"@type\":\"WebPage\",\"@id\":\"https:\\\/\\\/sites.uef.fi\\\/bgc\\\/fi\\\/\",\"url\":\"https:\\\/\\\/sites.uef.fi\\\/bgc\\\/fi\\\/\",\"name\":\"Biogeokemian tutkimusryhm\u00e4 - Biogeokemian tutkimusryhm\u00e4\",\"isPartOf\":{\"@id\":\"https:\\\/\\\/sites.uef.fi\\\/bgc\\\/#website\"},\"datePublished\":\"2020-05-27T05:56:25+00:00\",\"dateModified\":\"2024-04-03T10:23:31+00:00\",\"breadcrumb\":{\"@id\":\"https:\\\/\\\/sites.uef.fi\\\/bgc\\\/fi\\\/#breadcrumb\"},\"inLanguage\":\"fi\",\"potentialAction\":[{\"@type\":\"ReadAction\",\"target\":[\"https:\\\/\\\/sites.uef.fi\\\/bgc\\\/fi\\\/\"]}]},{\"@type\":\"BreadcrumbList\",\"@id\":\"https:\\\/\\\/sites.uef.fi\\\/bgc\\\/fi\\\/#breadcrumb\",\"itemListElement\":[{\"@type\":\"ListItem\",\"position\":1,\"name\":\"Home\",\"item\":\"https:\\\/\\\/sites.uef.fi\\\/bgc\\\/fi\\\/\"},{\"@type\":\"ListItem\",\"position\":2,\"name\":\"Biogeokemian tutkimusryhm\u00e4\"}]},{\"@type\":\"WebSite\",\"@id\":\"https:\\\/\\\/sites.uef.fi\\\/bgc\\\/#website\",\"url\":\"https:\\\/\\\/sites.uef.fi\\\/bgc\\\/\",\"name\":\"Biogeokemian tutkimusryhm\u00e4\",\"description\":\"\",\"potentialAction\":[{\"@type\":\"SearchAction\",\"target\":{\"@type\":\"EntryPoint\",\"urlTemplate\":\"https:\\\/\\\/sites.uef.fi\\\/bgc\\\/?s={search_term_string}\"},\"query-input\":{\"@type\":\"PropertyValueSpecification\",\"valueRequired\":true,\"valueName\":\"search_term_string\"}}],\"inLanguage\":\"fi\"}]}<\/script>\n<!-- \/ Yoast SEO plugin. -->","yoast_head_json":{"title":"Biogeokemian tutkimusryhm\u00e4 - Biogeokemian tutkimusryhm\u00e4","robots":{"index":"index","follow":"follow","max-snippet":"max-snippet:-1","max-image-preview":"max-image-preview:large","max-video-preview":"max-video-preview:-1"},"canonical":"https:\/\/sites.uef.fi\/bgc\/fi\/","og_locale":"fi_FI","og_type":"article","og_title":"Biogeokemian tutkimusryhm\u00e4 - Biogeokemian tutkimusryhm\u00e4","og_description":"Ekosysteemit p\u00e4\u00e4st\u00e4v\u00e4t ja sitovat erilaisia kaasuja, joilla on t\u00e4rke\u00e4 rooli ilmakeh\u00e4n koostumuksen ja ilmaston muutoksen kannalta. T\u00e4llaisia kaasuja ovat esim. hiilidioksidi (CO2), metaani (CH4), typpioksiduuli (N2O), typpimonoksidi (NO), typpihapoke (HONO) ja biogeeniset haihtuvat orgaaniset yhdisteet (BVOCs). Biogeokemian tutkimusryhm\u00e4n missio on lis\u00e4t\u00e4 tiet\u00e4myst\u00e4 hiilidioksidin, metaanin, typpioksiduulin, typpimonoksidin, typpihapokkeen ja biogeenisten haihtuvien orgaanisten yhdisteiden virroista maatalous- ja [&hellip;]","og_url":"https:\/\/sites.uef.fi\/bgc\/fi\/","og_site_name":"Biogeokemian tutkimusryhm\u00e4","article_modified_time":"2024-04-03T10:23:31+00:00","twitter_card":"summary_large_image","twitter_misc":{"Arvioitu lukuaika":"1 minuutti"},"schema":{"@context":"https:\/\/schema.org","@graph":[{"@type":"WebPage","@id":"https:\/\/sites.uef.fi\/bgc\/fi\/","url":"https:\/\/sites.uef.fi\/bgc\/fi\/","name":"Biogeokemian tutkimusryhm\u00e4 - Biogeokemian tutkimusryhm\u00e4","isPartOf":{"@id":"https:\/\/sites.uef.fi\/bgc\/#website"},"datePublished":"2020-05-27T05:56:25+00:00","dateModified":"2024-04-03T10:23:31+00:00","breadcrumb":{"@id":"https:\/\/sites.uef.fi\/bgc\/fi\/#breadcrumb"},"inLanguage":"fi","potentialAction":[{"@type":"ReadAction","target":["https:\/\/sites.uef.fi\/bgc\/fi\/"]}]},{"@type":"BreadcrumbList","@id":"https:\/\/sites.uef.fi\/bgc\/fi\/#breadcrumb","itemListElement":[{"@type":"ListItem","position":1,"name":"Home","item":"https:\/\/sites.uef.fi\/bgc\/fi\/"},{"@type":"ListItem","position":2,"name":"Biogeokemian tutkimusryhm\u00e4"}]},{"@type":"WebSite","@id":"https:\/\/sites.uef.fi\/bgc\/#website","url":"https:\/\/sites.uef.fi\/bgc\/","name":"Biogeokemian tutkimusryhm\u00e4","description":"","potentialAction":[{"@type":"SearchAction","target":{"@type":"EntryPoint","urlTemplate":"https:\/\/sites.uef.fi\/bgc\/?s={search_term_string}"},"query-input":{"@type":"PropertyValueSpecification","valueRequired":true,"valueName":"search_term_string"}}],"inLanguage":"fi"}]}},"_links":{"self":[{"href":"https:\/\/sites.uef.fi\/bgc\/fi\/wp-json\/wp\/v2\/pages\/852","targetHints":{"allow":["GET"]}}],"collection":[{"href":"https:\/\/sites.uef.fi\/bgc\/fi\/wp-json\/wp\/v2\/pages"}],"about":[{"href":"https:\/\/sites.uef.fi\/bgc\/fi\/wp-json\/wp\/v2\/types\/page"}],"author":[{"embeddable":true,"href":"https:\/\/sites.uef.fi\/bgc\/fi\/wp-json\/wp\/v2\/users\/2"}],"replies":[{"embeddable":true,"href":"https:\/\/sites.uef.fi\/bgc\/fi\/wp-json\/wp\/v2\/comments?post=852"}],"version-history":[{"count":2,"href":"https:\/\/sites.uef.fi\/bgc\/fi\/wp-json\/wp\/v2\/pages\/852\/revisions"}],"predecessor-version":[{"id":1574,"href":"https:\/\/sites.uef.fi\/bgc\/fi\/wp-json\/wp\/v2\/pages\/852\/revisions\/1574"}],"wp:attachment":[{"href":"https:\/\/sites.uef.fi\/bgc\/fi\/wp-json\/wp\/v2\/media?parent=852"}],"curies":[{"name":"wp","href":"https:\/\/api.w.org\/{rel}","templated":true}]}}