{"id":201,"date":"2020-04-22T16:39:16","date_gmt":"2020-04-22T13:39:16","guid":{"rendered":"https:\/\/sites.uef.fi\/bgc\/?page_id=201"},"modified":"2024-04-03T13:04:25","modified_gmt":"2024-04-03T10:04:25","slug":"academic-dissertations","status":"publish","type":"page","link":"https:\/\/sites.uef.fi\/bgc\/english\/publications\/academic-dissertations\/","title":{"rendered":"Academic dissertations"},"content":{"rendered":"<h2>Doctoral theses<\/h2>\n<h3>2023<\/h3>\n<p>Saarela Taija \/ The effect of catchment characteristics on the dynamics of dissolved organic matter and greenhouse gases in northern freshwater ecosystems<\/p>\n<p>Link to the publication: <a href=\"https:\/\/erepo.uef.fi\/handle\/123456789\/29527\">https:\/\/erepo.uef.fi\/handle\/123456789\/29527<\/a><\/p>\n<h3>2020<\/h3>\n<p>Bhattarai Hem Raj \/ Understanding the production of nitrous acid (HONO) from boreal agricultural eco-systems<\/p>\n<p>Link to the publication: <a href=\"https:\/\/erepo.uef.fi\/handle\/123456789\/23862\">https:\/\/erepo.uef.fi\/handle\/123456789\/23862<\/a><\/p>\n<h3>2018<\/h3>\n<p>Lind Saara \/ Atmospheric impacts of perennial crop cultivation as biomass and energy sources<\/p>\n<p>Link to the publication: <a href=\"http:\/\/epublications.uef.fi\/pub\/urn_isbn_978-952-61-2981-5\/urn_isbn_978-952-61-2981-5.pdf\">http:\/\/epublications.uef.fi\/pub\/urn_isbn_978-952-61-2981-5\/urn_isbn_978-952-61-2981-5.pdf<\/a><\/p>\n<p>Voigt Carolina \/ Effects of climate warming and permafrost thaw on greenhouse gas dynamics in subarctic ecosystems<\/p>\n<p>Link to the publication: <a href=\"http:\/\/epublications.uef.fi\/pub\/urn_isbn_978-952-61-2721-7\/urn_isbn_978-952-61-2721-7.pdf\">http:\/\/epublications.uef.fi\/pub\/urn_isbn_978-952-61-2721-7\/urn_isbn_978-952-61-2721-7.pdf<\/a><\/p>\n<h3>2017<\/h3>\n<p>Gil Lugo Jenie A. \/ Micorbial processes responsible for the high N<sub>2<\/sub>O emissions from sub-arctic permafrost peatlands and tropical soils as determined by stable isotope approaches<\/p>\n<p>Link to the publication: <a href=\"http:\/\/epublications.uef.fi\/pub\/urn_isbn_978-952-61-2693-7\/urn_isbn_978-952-61-2693-7.pdf\">http:\/\/epublications.uef.fi\/pub\/urn_isbn_978-952-61-2693-7\/urn_isbn_978-952-61-2693-7.pdf<\/a><\/p>\n<h3>2016<\/h3>\n<p>Liimatainen Maarit \/ Factors controlling nitrous oxide emissions from drained peat soils &#8211; effects of wood ash fertilization<\/p>\n<p>Link to the publication: <a href=\"http:\/\/epublications.uef.fi\/pub\/urn_isbn_978-952-61-2360-8\/urn_isbn_978-952-61-2360-8.pdf\">http:\/\/epublications.uef.fi\/pub\/urn_isbn_978-952-61-2360-8\/urn_isbn_978-952-61-2360-8.pdf<\/a><\/p>\n<h3>2015<\/h3>\n<p>Hyv\u00f6nen Niina \/ Atmospheric impact of bioenergy based on reed canary grass cultivation on organic soil<\/p>\n<p>Link to the publication: <a href=\"http:\/\/epublications.uef.fi\/pub\/urn_isbn_978-952-61-1958-8\/urn_isbn_978-952-61-1958-8.pdf\">http:\/\/epublications.uef.fi\/pub\/urn_isbn_978-952-61-1958-8\/urn_isbn_978-952-61-1958-8.pdf<\/a><\/p>\n<h3>2014<\/h3>\n<p>Marushchak Maija\/ Carbon dioxide, methane, and nitrous oxide balance of subarctic tundra from plot to regional scales<\/p>\n<p>Link to the publication: <a href=\"http:\/\/epublications.uef.fi\/pub\/urn_isbn_978-952-61-1352-4\/urn_isbn_978-952-61-1352-4.pdf\">http:\/\/epublications.uef.fi\/pub\/urn_isbn_978-952-61-1352-4\/urn_isbn_978-952-61-1352-4.pdf<\/a><\/p>\n<p>Tavi Niina\/ Soil carbon cycling and microbial dynamics in boreal organic soil cultivated with a perennial crop<\/p>\n<p>Link to the publication: <a href=\"http:\/\/epublications.uef.fi\/pub\/urn_isbn_978-952-61-1527-6\/urn_isbn_978-952-61-1527-6.pdf\">http:\/\/epublications.uef.fi\/pub\/urn_isbn_978-952-61-1527-6\/urn_isbn_978-952-61-1527-6.pdf<\/a><\/p>\n<h3>2012<\/h3>\n<p>M\u00f6rsky Sami\/ Long-term effects of elevated ozone and UV-B radiation on vegetation and methane dynamics in northern peatland ecosystems<\/p>\n<p>Link to the publication: <a href=\"http:\/\/epublications.uef.fi\/pub\/urn_isbn_978-952-61-0833-9\/urn_isbn_978-952-61-0833-9.pdf\">http:\/\/epublications.uef.fi\/pub\/urn_isbn_978-952-61-0833-9\/urn_isbn_978-952-61-0833-9.pdf<\/a><\/p>\n<p>Siljanen Henri\/ Activity and diversity of methanotrophs in a littoral wetland of an eutrophic boreal freshwater lake<\/p>\n<p>Link to the publication: <a href=\"http:\/\/epublications.uef.fi\/pub\/urn_isbn_978-952-61-0677-9\/urn_isbn_978-952-61-0677-9.pdf\">http:\/\/epublications.uef.fi\/pub\/urn_isbn_978-952-61-0677-9\/urn_isbn_978-952-61-0677-9.pdf<\/a><\/p>\n<h3>2008<\/h3>\n<p>Silvennoinen Hanna\/Nitrogen and greenhouse gas dynamics in rivers and estuaries of the Bothnian Bay( Northern Baltic sea)<\/p>\n<p>Lohila Annalea\/ Carbon dioxide exchange on cultivated and afforested boreal peatlands<\/p>\n<h3>2007<\/h3>\n<p>Koponen Hannu\/ Production of nitrous oxide (N<sub>2<\/sub>O) and nitric oxide (NO) in boreal agricultural soils at low temperature<\/p>\n<p>Kettunen Riitta \/ N<sub>2<\/sub>O, CH<sub>4<\/sub> and CO<sub>2<\/sub> fluxes from agricultural organic and mineral soils grown with <em>Phleum pratense<\/em> and mixed <em>Trifolium pratense<\/em>\/<em>P. pratense<\/em> under elevated CO<sub>2<\/sub> concentration, University of Joensuu<\/p>\n<h3>2005<\/h3>\n<p>Larmola Tuula\/ Carbon gas exchange in the littoral zone of boreal lakes, University of Joensuu<\/p>\n<h3>2004<\/h3>\n<p>Juutinen Sari\/ Methane fluxes and their environmental controls in the littoral zone of boreal lakes, University of Joensuu<\/p>\n<h3>2003<\/h3>\n<p>Heikkinen Juha\/ Carbon balance of the arctic wetlands in Europe<\/p>\n<p>Saari Anne\/ Methane oxidation in forest soils as affected by environmental changes<\/p>\n<p>Niemi Riikka\/ Peatland vegetation and carbon gas dynamics under increasing UV-B radiation and ozone concentration<\/p>\n<p>Nyk\u00e4nen Hannu\/ Sensitivity of CH<sub>4<\/sub> and N<sub>2<\/sub>O dynamics in boreal peatlands to anthropogenic and global changes<\/p>\n<p>Maljanen Marja\/ Greenhouse gas dynamics of farmed or forested organic soils in Finland<\/p>\n<h3>2002<\/h3>\n<p>Liikanen Anu\/ Greenhouse gas and nutrient dynamics in lake sediment and water column in changing environment<\/p>\n<h3>1999<\/h3>\n<p>Iivanainen Eila\/Mycobacteria in boreal soil and water environments<\/p>\n<h3>1998<\/h3>\n<p>Regina Kristiina\/ Microbial production of nitrous oxide and nitric oxide in boreal peatlands<\/p>\n<h3>1996<\/h3>\n<p>Aarnio Tuula\/ Organic matter mineralization and movement of nutrients in coniferous forest soils as affected by fast- and slow-releasing fertilizers, University of Helsinki<\/p>\n<h2>Master\u2019s theses<\/h2>\n<h3>2018<\/h3>\n<p>Jussi Ronkainen \/ Population structure of ammonia oxidizing microbes and their role in the production of nitrous oxide in arctic peatlands<\/p>\n<h3>2017<\/h3>\n<p>Glaze Tom \/ The role of nitrification in nitrous acid emissions (HONO) from acidic peatland forest soil<\/p>\n<p>Rajasakaren Sankari \/ <a href=\"http:\/\/epublications.uef.fi\/pub\/urn_nbn_fi_uef-20170704\/urn_nbn_fi_uef-20170704.pdf\">Fate of nitrous oxide (N<sub>2<\/sub>O) in Finnish boreal forest and peatland soils<\/a><\/p>\n<p>Saarela Taija \/ <a href=\"http:\/\/epublications.uef.fi\/pub\/urn_nbn_fi_uef-20170500\/urn_nbn_fi_uef-20170500.pdf\">Methane oxidation in a stratified boreal lake Kuivaj\u00e4rvi<\/a><\/p>\n<h3>2015<\/h3>\n<p>Rouhiainen Magdaleena\/ <a href=\"http:\/\/epublications.uef.fi\/pub\/urn_nbn_fi_uef-20151044\/urn_nbn_fi_uef-20151044.pdf\">Greenhouse gas emissions from thermokarst lake walls in Russian permafrost peatlands<\/a><\/p>\n<p>Isaac Adesanoye\/ <a href=\"http:\/\/epublications.uef.fi\/pub\/urn_nbn_fi_uef-20150967\/urn_nbn_fi_uef-20150967.pdf\">Characterization of microbial communities in profiles of lake sediment and peat samples using phospholipid fatty acids<\/a><\/p>\n<p>Rasheed Muhammad Usman\/ Effects of warming, ozone exposure and nitrogen addition on soil microbial profiles in rhizosphere area of Scots pine (<em>Pinus sylvesteris<\/em>) seedlings<\/p>\n<h3>2014<\/h3>\n<p>Bhattarai Hem Raj\/ Relationship between nitrification and HONO production in acidic boreal soils with focus on ammonia oxidizing microbes<\/p>\n<p>Nartey Joshua\/ Nitrous\u00a0 oxide\u00a0 consuming\u00a0 bacteria\u00a0 in\u00a0 soils:\u00a0 genetic characterization through enrichment<\/p>\n<p>Sulassaari Sirkka\/ Typpilannoituksen vaikutus orgaanisen maan HONO-, NO- ja N<sub>2<\/sub>0-tuottoon: koorikoe<\/p>\n<h3>2013<\/h3>\n<p>Jokinen Simo\/ Analyzing stable isotope signatures of inorganic nitrogen forms: a method comparison (Ep\u00e4orgaanisten typpimuotojen stabiili-isotooppien analyysi: kahden menetelm\u00e4n vertailu)<\/p>\n<p>Bate Shadrack\/ Nitrogen cycling rates on mineral and organic agricultural soils over the growing season \u2013 effects of crop species and soil type<\/p>\n<h3>2011<\/h3>\n<p>Kuitunen Elina\/ valumaveden mukana kulkeutuvan metaanin dynamiikka ja sen merkitys pohjoisen aapasuon hiilitaseessa (The dynamics of methane in stream water and its contribution to the carbon balance of a northern boreal aapa mire<\/p>\n<h3>2010<\/h3>\n<p>Lokko Kwaku\/ Dynamics of carbon flow through microbial communities in bio-energy cultivations as revealed by <sup>13<\/sup>C-PLFA analysis<\/p>\n<p>Mpamah Promise\/ Fate of radionuclide <sup>14<\/sup>C in soil-plant-atmosphere continuum: a laboratory study with crop and tree species<\/p>\n<p>Pitk\u00e4m\u00e4ki Antti\/ Nitrous oxide emissions from different tundra soils and associated nitrogen transformation rates<\/p>\n<h3>2009<\/h3>\n<p>Lind Saara\/ Methane fluxes during a snow-free season in Russian tundra<\/p>\n<h3>2008<\/h3>\n<p>Anders\u00e9n Heini\/ Lumipeitteen vaikutus maatalousmaiden dityppioksidi- ja typpimonoksidip\u00e4\u00e4st\u00f6ihin (The effect of snow cover on the nitrous oxide and nitric oxide emissions from agricultural soils)<\/p>\n<p>R\u00e4ty Sanna\/ Suon pinnanmuotojen, vesipinnan ja kasvillisuuden vaikutukset CO<sub>2<\/sub>&#8211; ja CH<sub>4<\/sub>-virtoihin; mikrokosmoskoe altistuskammioissa (The effect of peatland topography, water table level and vegetation to fluxes of CO<sub>2<\/sub> and CH<sub>4<\/sub>; an experiment with microcosms in growth chambers<\/p>\n<p>Liimatainen Maarit\/ Methane oxidation and stable carbon isotope techniques for determining methane dynamics in a littoral meadow (Metaanin hapetus ja hiilen stabiili-isotooppitekniikat j\u00e4rvenrantakosteikon metaanidynamiikan m\u00e4\u00e4rityksess\u00e4)<\/p>\n<p>Vauhkala Sari\/ Laidunmaan N<sub>2<\/sub>O-tuotto eri l\u00e4mp\u00f6tiloissa ja maan mikrobipopulaatioiden vertailu eri vuodenaikoina<\/p>\n<p>Martikainen Kati\/ Vedenpinnan vaihtelun ja typpikuorman vaikutus j\u00e4rvenrantakosteikon metaanidynamiikkaan<\/p>\n<p>Pahkala Elina\/ Maa- ja juurihengitys peltomaassa: ymp\u00e4rist\u00f6vasteet sek\u00e4 kasvilajin ja maatyypin merkitys (Soil and root respiration in agricultural soils: environmental responses and the effect of plant and soil type)<\/p>\n<h3>2007<\/h3>\n<p>Karvo Anna\/ Boreaalisen merenrantakosteikon metaanip\u00e4\u00e4st\u00f6t<\/p>\n<p>Kohonen Anna-Riikka\/ Lumipeitteen vaikutus maatalousmaan dityppioksidip\u00e4\u00e4st\u00f6ihin (The impact of snow cover on the nitrous oxide emissions of agricultural land)<\/p>\n<h3>2006<\/h3>\n<p>Kontinaho Nina\/ Metaanin tuotto- ja hapetuspotentiaalit UV- ja otsonialtistetuissa suoekosysteemeiss\u00e4 (Methane production and oxidation potentials in UV and ozone exposed peatland ecosystems)<\/p>\n<p>Welti Nina\/ Methane flux dynamics and isotope characteristics in the littoral zone of a boreal lake<\/p>\n<p>Repo Maija\/ Methane fluxes from middle taiga and forest tundra peatland areas in Western Siberia (Keskitaigalla ja mets\u00e4tundralla L\u00e4nsi-Siperiassa sijaitsevien suoalueiden metaanip\u00e4\u00e4st\u00f6t)<\/p>\n<p>Pekkarinen Niina\/ Ruokohelven viljelyn aiheuttamat muutokset maan mikrobiologisiin prosesseihin k\u00e4yt\u00f6st\u00e4 poistuneella turvetuotantoalueella (Changes in soil microbial processes induced by cultivation of reed canary grass on a abandoned peat harvesting area)<\/p>\n<p>Suni Hennariikka\/ Nitraatin poistuminen ja dityppioksidivirrat Per\u00e4mereen laskevien jokien ja jokisuistojen sedimenteiss\u00e4 (Nitrate removal and nitrous oxide fluxes in the river and estuary sediments of the Bothnian Bay)<\/p>\n<h3>2004<\/h3>\n<p>Haapala Jaana\/ Laidunmaan N<sub>2<\/sub>O- ja CH<sub>4<\/sub>-dynamiikka<\/p>\n<p>Martikkala Mika\/ Laidunmaan dityppioksidi- ja typpimonoksidip\u00e4\u00e4st\u00f6t syksyll\u00e4<\/p>\n<p>Torssonen Jouni \/ Typen dynamiikka ja virrat Temmesjoen jokisedimentiss\u00e4 (Nitrogen dynamics in sediments of river Temmesjoki)<\/p>\n<h3>2003<\/h3>\n<p>Jaakkola Tuula\/ J\u00e4\u00e4tymisen ja sulamisen aiheuttamat muutokset maan mikrobiyhteis\u00f6n aktiivisuuteen<\/p>\n<p>M\u00f6rsky Sami\/ Metaanin ja dityppioksidin dynamiikka metsitetyiss\u00e4 turvepelloissa<\/p>\n<p>Tiilikainen Karoliina\/ Subarktisen palsasuon metaanip\u00e4\u00e4st\u00f6t<\/p>\n<p>Tiiva P\u00e4ivi\/ Suon metaanip\u00e4\u00e4st\u00f6 otsonialtistuksessa avokent\u00e4ll\u00e4 \u2013 vasteet ja tupasvillan merkitys (Peatland methane emission in open field ozone exposure \u2013responses and the significance of <em>Eriophorum vaginatum<\/em>)<\/p>\n<p>Valli Kaisa\/ Metaanin dynamiikka dimiktisen Kev\u00e4tt\u00f6m\u00e4n ja meromiktisen Mekkoj\u00e4rven vesirungoissa ja sedimenteiss\u00e4<\/p>\n<h3>2002<\/h3>\n<p>Huovinen Anne\/ Ilmastoinnin tehokkuuden vaikutus kananlannan kompostoinnin CO<sub>2<\/sub>-, CH<sub>4<\/sub>&#8211; ja N<sub>2<\/sub>O-dynamiikkaan (Effect of aeration efficiency on CO<sub>2<\/sub>, CH<sub>4<\/sub> and N<sub>2<\/sub>O dynamics during composting of chicken manure)<\/p>\n<p>Ruokoj\u00e4rvi Arja\/ Biotechnological purification of dimethyl sulfide, methanethiol and hydrogen sulfide containing waste gases <em>(licentiate thesis)<\/em><\/p>\n<p>Impi\u00f6 Miia\/ Otsonialtistuksen vaikutus erilaisten kasvillisuuspintojen hiilidioksidi- ja metaanivirtoihin suomikrokosmoksissa<\/p>\n<p>Silvennoinen Hanna\/ L\u00e4mp\u00f6tilan vaikutus orgaanisen peltomaan denitrifikaatioon (Denitrification in organic agricultural soil as affected by temperature)<\/p>\n<h3>2000<\/h3>\n<p>Fl\u00f6jt Laura\/ Ravinteiden vaikutus j\u00e4rvisedimenttien metaanin tuottoon<\/p>\n<p>Kein\u00e4nen Minna\/ Fosfolipidien rasvahapot ja lipopolysakkaridien hydroksihapot talousveden ja biofilmien mikrobistojen karakterisoinnissa<\/p>\n<p>Koponen Hannu\/ Erityyppisten maatalousmaiden dityppioksidin tuotto alhaisissa l\u00e4mp\u00f6tiloissa (nitrous oxide emissions from four different agricultural soils during freezing and thawing)<\/p>\n<p>Pirinen Leena\/ Varjostuksen vaikutus palsasuon hiilidioksidivirtoihin<\/p>\n<h3>1999<\/h3>\n<p>Murtoniemi Timo\/ Metaanin tuotto rehev\u00f6ityneen j\u00e4rven sedimentiss\u00e4<\/p>\n<p>Niemi Riikka\/ Ymp\u00e4rist\u00f6tekij\u00f6iden vaiktukset mets\u00e4maan metaaninhapettajien aktiivisuuteen<\/p>\n<p>M\u00e4ntynen Kaisa\/ Nelj\u00e4n j\u00e4rven ulappa-alueen avovesiajan metaanip\u00e4\u00e4st\u00f6t<\/p>\n<h3>1997<\/h3>\n<p>Liikanen Anu\/ Orgaanisten maatalousmaiden dityppioksidin tuotto<\/p>\n<p>Lohila Annalea\/ Metaanin tuotto ja hapetus minerotrofisella luonnontilaisella ja ojitetulla suolla<\/p>\n<h3>1996<\/h3>\n<p>Huttunen Jari\/ Suunnitellun Vuotoksen tekoj\u00e4rven alueen soiden kasvihuonekaasup\u00e4\u00e4st\u00f6t<\/p>\n<p>Reittu Arja\/ Styreenin mikrobiologinen hajoaminen<\/p>\n<p>Saari Anne\/ Metaanin hapettuminen suomalaisissa ja hollantilaisissa mets\u00e4maissa<\/p>\n<h3>1993<\/h3>\n<p>L\u00e5ng Kristiina\/ Dityppioksidin ja typpimonoksidin muodostuminen turvemaassa<\/p>\n<h3>1991<\/h3>\n<p>Nyk\u00e4nen Hannu\/ Erityyppisten typpilannoitteiden ja selk\u00e4rangattomien maaper\u00e4el\u00e4inten vaikutus maaper\u00e4n mikrobibiomassoihin ja mikrobiologiseen aktiivisuuteen<\/p>\n<h2>Bachelor\u2019s theses<\/h2>\n<h3>2017<\/h3>\n<p>Nykamb Mona \/ Ikirouta-alueiden jedomasedimentit kasvihuonekaasujen l\u00e4hteen\u00e4<\/p>\n<h3>2015<\/h3>\n<p>Hynynen Jenna\/ Kultakaivosten p\u00e4\u00e4st\u00f6t vesist\u00f6ihin ja n\u00e4iden ymp\u00e4rist\u00f6vaikutukset Suomessa<\/p>\n<p>Saarela Taija \/ Kosteuden vaikutus maaper\u00e4n HONO-, NO- ja N<sub>2<\/sub>O-p\u00e4\u00e4st\u00f6ihin<\/p>\n<p>Martikainen Jessica\/ Ilmakeh\u00e4n mikrobien dityppioksidin kulutus (Nitrous oxide consumption by atmospheric microbes)<\/p>\n<p>Antikainen Sanna \/ Maank\u00e4yt\u00f6n vaikutus turvemaan N<sub>2<\/sub>O-p\u00e4\u00e4st\u00f6\u00f6n (ojitettu \u2013 ojittamaton \u2013 viljelty) (The effects of land use on the emission of N<sub>2<\/sub>O from undisturbed peatland, drained uncultivated peatland and hayfield on drained peatland)<\/p>\n<p>Nyk\u00e4nen Juho\/ Variation of N<sub>2<\/sub>O emissions in drained boreal peat soils under different land-use (Dityppioksidip\u00e4\u00e4st\u00f6jen vaihtelu ojitetuissa boreaalisissa turvemaissa eri maank\u00e4ytt\u00f6tavoilla)<\/p>\n<h3>2013<\/h3>\n<p>Jokinen Simo\/ Partitioning sources of respiration with a <sup>14<\/sup>C-approach in Arctic ecosystems (Maaper\u00e4n respiraatiol\u00e4hteiden erottelu hiili-14-menetelm\u00e4ll\u00e4 arktisista ekosysteemeist\u00e4)<\/p>\n<h3>2012<\/h3>\n<p>Kutvonen Juho\/Nurmimaan dityppioksidip\u00e4\u00e4st\u00f6t kasvukauden alussa<\/p>\n<h3>2008<\/h3>\n<p>Kovanen Sara\/ Trooppisten kuivattujen soiden kanavien metaani ja dityppioksidip\u00e4\u00e4st\u00f6jen alustava selvitys<\/p>\n<p>H\u00e4m\u00e4l\u00e4inen Riikka\/ N<sub>2<\/sub>O:n ja NO:n tuotto nurmea kasvavasta multamaasta \u2013 kosteuden ja l\u00e4mp\u00f6tilan vaikutus p\u00e4\u00e4st\u00f6ihin<\/p>\n<p>Penttil\u00e4 Terhi\/\u00a0 Stable isotopes and physical discrimination: determination of methane (\u03b4<sup>13<\/sup>C ) from water (Stabiili-isotoopit ja fysikaalinen diskriminaatio: metaanin \u03b4<sup>13<\/sup>C m\u00e4\u00e4ritys vedest\u00e4)<\/p>\n<h3>2006<\/h3>\n<p>Lind Saara\/ Effects of fertilization and liming on carbon dynamics in reed canary grass cultivation on peatland<\/p>\n","protected":false},"excerpt":{"rendered":"<p>Doctoral theses 2023 Saarela Taija \/ The effect of catchment characteristics on the dynamics of dissolved organic matter and greenhouse gases in northern freshwater ecosystems Link to the publication: https:\/\/erepo.uef.fi\/handle\/123456789\/29527 2020 Bhattarai Hem Raj \/ Understanding the production of nitrous acid (HONO) from boreal agricultural eco-systems Link to the publication: https:\/\/erepo.uef.fi\/handle\/123456789\/23862 2018 Lind Saara \/ [&hellip;]<\/p>\n","protected":false},"author":23,"featured_media":0,"parent":210,"menu_order":2,"comment_status":"closed","ping_status":"closed","template":"","meta":{"_acf_changed":false,"_monsterinsights_skip_tracking":false,"_monsterinsights_sitenote_active":false,"_monsterinsights_sitenote_note":"","_monsterinsights_sitenote_category":0,"footnotes":""},"class_list":["post-201","page","type-page","status-publish","hentry"],"acf":[],"yoast_head":"<!-- This site is optimized with the Yoast SEO plugin v27.3 - https:\/\/yoast.com\/product\/yoast-seo-wordpress\/ -->\n<title>Academic dissertations - Biogeochemistry Research Group<\/title>\n<meta name=\"robots\" content=\"index, follow, max-snippet:-1, max-image-preview:large, max-video-preview:-1\" \/>\n<link rel=\"canonical\" href=\"https:\/\/sites.uef.fi\/bgc\/english\/publications\/academic-dissertations\/\" \/>\n<meta property=\"og:locale\" content=\"en_US\" \/>\n<meta property=\"og:type\" content=\"article\" \/>\n<meta property=\"og:title\" content=\"Academic dissertations - Biogeochemistry Research Group\" \/>\n<meta property=\"og:description\" content=\"Doctoral theses 2023 Saarela Taija \/ The effect of catchment characteristics on the dynamics of dissolved organic matter and greenhouse gases in northern freshwater ecosystems Link to the publication: https:\/\/erepo.uef.fi\/handle\/123456789\/29527 2020 Bhattarai Hem Raj \/ Understanding the production of nitrous acid (HONO) from boreal agricultural eco-systems Link to the publication: https:\/\/erepo.uef.fi\/handle\/123456789\/23862 2018 Lind Saara \/ [&hellip;]\" \/>\n<meta property=\"og:url\" content=\"https:\/\/sites.uef.fi\/bgc\/english\/publications\/academic-dissertations\/\" \/>\n<meta property=\"og:site_name\" content=\"Biogeochemistry Research Group\" \/>\n<meta property=\"article:modified_time\" content=\"2024-04-03T10:04:25+00:00\" \/>\n<meta name=\"twitter:card\" content=\"summary_large_image\" \/>\n<meta name=\"twitter:label1\" content=\"Est. reading time\" \/>\n\t<meta name=\"twitter:data1\" content=\"8 minutes\" \/>\n<script type=\"application\/ld+json\" class=\"yoast-schema-graph\">{\"@context\":\"https:\\\/\\\/schema.org\",\"@graph\":[{\"@type\":\"WebPage\",\"@id\":\"https:\\\/\\\/sites.uef.fi\\\/bgc\\\/english\\\/publications\\\/academic-dissertations\\\/\",\"url\":\"https:\\\/\\\/sites.uef.fi\\\/bgc\\\/english\\\/publications\\\/academic-dissertations\\\/\",\"name\":\"Academic dissertations - Biogeochemistry Research Group\",\"isPartOf\":{\"@id\":\"https:\\\/\\\/sites.uef.fi\\\/bgc\\\/#website\"},\"datePublished\":\"2020-04-22T13:39:16+00:00\",\"dateModified\":\"2024-04-03T10:04:25+00:00\",\"breadcrumb\":{\"@id\":\"https:\\\/\\\/sites.uef.fi\\\/bgc\\\/english\\\/publications\\\/academic-dissertations\\\/#breadcrumb\"},\"inLanguage\":\"en-US\",\"potentialAction\":[{\"@type\":\"ReadAction\",\"target\":[\"https:\\\/\\\/sites.uef.fi\\\/bgc\\\/english\\\/publications\\\/academic-dissertations\\\/\"]}]},{\"@type\":\"BreadcrumbList\",\"@id\":\"https:\\\/\\\/sites.uef.fi\\\/bgc\\\/english\\\/publications\\\/academic-dissertations\\\/#breadcrumb\",\"itemListElement\":[{\"@type\":\"ListItem\",\"position\":1,\"name\":\"Home\",\"item\":\"https:\\\/\\\/sites.uef.fi\\\/bgc\\\/\"},{\"@type\":\"ListItem\",\"position\":2,\"name\":\"Biogeochemistry research group\",\"item\":\"https:\\\/\\\/sites.uef.fi\\\/bgc\\\/\"},{\"@type\":\"ListItem\",\"position\":3,\"name\":\"Publications\",\"item\":\"https:\\\/\\\/sites.uef.fi\\\/bgc\\\/english\\\/publications\\\/\"},{\"@type\":\"ListItem\",\"position\":4,\"name\":\"Academic dissertations\"}]},{\"@type\":\"WebSite\",\"@id\":\"https:\\\/\\\/sites.uef.fi\\\/bgc\\\/#website\",\"url\":\"https:\\\/\\\/sites.uef.fi\\\/bgc\\\/\",\"name\":\"Biogeochemistry Research Group\",\"description\":\"\",\"potentialAction\":[{\"@type\":\"SearchAction\",\"target\":{\"@type\":\"EntryPoint\",\"urlTemplate\":\"https:\\\/\\\/sites.uef.fi\\\/bgc\\\/?s={search_term_string}\"},\"query-input\":{\"@type\":\"PropertyValueSpecification\",\"valueRequired\":true,\"valueName\":\"search_term_string\"}}],\"inLanguage\":\"en-US\"}]}<\/script>\n<!-- \/ Yoast SEO plugin. -->","yoast_head_json":{"title":"Academic dissertations - Biogeochemistry Research Group","robots":{"index":"index","follow":"follow","max-snippet":"max-snippet:-1","max-image-preview":"max-image-preview:large","max-video-preview":"max-video-preview:-1"},"canonical":"https:\/\/sites.uef.fi\/bgc\/english\/publications\/academic-dissertations\/","og_locale":"en_US","og_type":"article","og_title":"Academic dissertations - Biogeochemistry Research Group","og_description":"Doctoral theses 2023 Saarela Taija \/ The effect of catchment characteristics on the dynamics of dissolved organic matter and greenhouse gases in northern freshwater ecosystems Link to the publication: https:\/\/erepo.uef.fi\/handle\/123456789\/29527 2020 Bhattarai Hem Raj \/ Understanding the production of nitrous acid (HONO) from boreal agricultural eco-systems Link to the publication: https:\/\/erepo.uef.fi\/handle\/123456789\/23862 2018 Lind Saara \/ [&hellip;]","og_url":"https:\/\/sites.uef.fi\/bgc\/english\/publications\/academic-dissertations\/","og_site_name":"Biogeochemistry Research Group","article_modified_time":"2024-04-03T10:04:25+00:00","twitter_card":"summary_large_image","twitter_misc":{"Est. reading time":"8 minutes"},"schema":{"@context":"https:\/\/schema.org","@graph":[{"@type":"WebPage","@id":"https:\/\/sites.uef.fi\/bgc\/english\/publications\/academic-dissertations\/","url":"https:\/\/sites.uef.fi\/bgc\/english\/publications\/academic-dissertations\/","name":"Academic dissertations - Biogeochemistry Research Group","isPartOf":{"@id":"https:\/\/sites.uef.fi\/bgc\/#website"},"datePublished":"2020-04-22T13:39:16+00:00","dateModified":"2024-04-03T10:04:25+00:00","breadcrumb":{"@id":"https:\/\/sites.uef.fi\/bgc\/english\/publications\/academic-dissertations\/#breadcrumb"},"inLanguage":"en-US","potentialAction":[{"@type":"ReadAction","target":["https:\/\/sites.uef.fi\/bgc\/english\/publications\/academic-dissertations\/"]}]},{"@type":"BreadcrumbList","@id":"https:\/\/sites.uef.fi\/bgc\/english\/publications\/academic-dissertations\/#breadcrumb","itemListElement":[{"@type":"ListItem","position":1,"name":"Home","item":"https:\/\/sites.uef.fi\/bgc\/"},{"@type":"ListItem","position":2,"name":"Biogeochemistry research group","item":"https:\/\/sites.uef.fi\/bgc\/"},{"@type":"ListItem","position":3,"name":"Publications","item":"https:\/\/sites.uef.fi\/bgc\/english\/publications\/"},{"@type":"ListItem","position":4,"name":"Academic dissertations"}]},{"@type":"WebSite","@id":"https:\/\/sites.uef.fi\/bgc\/#website","url":"https:\/\/sites.uef.fi\/bgc\/","name":"Biogeochemistry Research Group","description":"","potentialAction":[{"@type":"SearchAction","target":{"@type":"EntryPoint","urlTemplate":"https:\/\/sites.uef.fi\/bgc\/?s={search_term_string}"},"query-input":{"@type":"PropertyValueSpecification","valueRequired":true,"valueName":"search_term_string"}}],"inLanguage":"en-US"}]}},"_links":{"self":[{"href":"https:\/\/sites.uef.fi\/bgc\/wp-json\/wp\/v2\/pages\/201","targetHints":{"allow":["GET"]}}],"collection":[{"href":"https:\/\/sites.uef.fi\/bgc\/wp-json\/wp\/v2\/pages"}],"about":[{"href":"https:\/\/sites.uef.fi\/bgc\/wp-json\/wp\/v2\/types\/page"}],"author":[{"embeddable":true,"href":"https:\/\/sites.uef.fi\/bgc\/wp-json\/wp\/v2\/users\/23"}],"replies":[{"embeddable":true,"href":"https:\/\/sites.uef.fi\/bgc\/wp-json\/wp\/v2\/comments?post=201"}],"version-history":[{"count":2,"href":"https:\/\/sites.uef.fi\/bgc\/wp-json\/wp\/v2\/pages\/201\/revisions"}],"predecessor-version":[{"id":1541,"href":"https:\/\/sites.uef.fi\/bgc\/wp-json\/wp\/v2\/pages\/201\/revisions\/1541"}],"up":[{"embeddable":true,"href":"https:\/\/sites.uef.fi\/bgc\/wp-json\/wp\/v2\/pages\/210"}],"wp:attachment":[{"href":"https:\/\/sites.uef.fi\/bgc\/wp-json\/wp\/v2\/media?parent=201"}],"curies":[{"name":"wp","href":"https:\/\/api.w.org\/{rel}","templated":true}]}}