{"id":240,"date":"2020-04-22T16:53:24","date_gmt":"2020-04-22T13:53:24","guid":{"rendered":"https:\/\/sites.uef.fi\/bgc\/?page_id=240"},"modified":"2024-04-03T13:06:31","modified_gmt":"2024-04-03T10:06:31","slug":"researchers-visiting-bgc-group","status":"publish","type":"page","link":"https:\/\/sites.uef.fi\/bgc\/english\/research-visits\/researchers-visiting-bgc-group\/","title":{"rendered":"Researchers visiting BGC group"},"content":{"rendered":"<h3><strong>2023<\/strong><\/h3>\n<ul>\n<li>Evan J. Wilcox, PhD candidate, Wilfrid Laurier University, Waterloo, Ontario, Canada, 10\/2021-05\/2023<\/li>\n<li>Professor Mizue Ohashi, Hyogo University, Japan, 09\/2023 (Professor Jukka Pumpanen)<\/li>\n<\/ul>\n<h3><strong>2022<\/strong><\/h3>\n<ul>\n<li>Professor Mizue Ohashi, Hyogo University, Japan, 21.11.-23.12.2022 (Professor Jukka Pumpanen)<\/li>\n<\/ul>\n<h3><strong>2021<\/strong><\/h3>\n<ul>\n<li>Professor John Zobitz, Augsburg University, Minnesota, USA, Fulbright visit, 1.1.2021-31.5.2021<\/li>\n<li>Professor Suzanna Brauer, Appalachian State University, Boone, USA. Fulbright-visit, 1.3-15.5.2021<\/li>\n<\/ul>\n<h3><strong>2018<\/strong><\/h3>\n<ul>\n<li>Diakova Katerina, PhD student, University of South Bohemia, Czech republic, 1.8-31.12.2018, 5 months (Maija Marushchak, Christina Biasi)<\/li>\n<li>Qianlai Zhuang, professor, University of Purdue, Indiana, USA. Fulbright visit 1.8-31.12.2018. 5 months (Narasinha Shurpali)<\/li>\n<\/ul>\n<h3><strong>2017<\/strong><\/h3>\n<ul>\n<li>Bj\u00f6rsne Anna-Karin, PhD student. Gothenburg University, Sweden. Data collection, planning of the experiments. 11\/2017, 4 days (Maija Marushchak)<\/li>\n<li>G\u00e4chter Marja , MSc student. ETH Z\u00fcrich University. Making master thesis where studying the vulnerability of arctic tundra soil to climate change. 02\/2017-06\/2017, 5 months (Christina Biasi)<\/li>\n<\/ul>\n<h3><strong>2016<\/strong><\/h3>\n<ul>\n<li>Hashimoto Osamu , MSc student. The University of Tokyo. Comparing the soils of Hyyti\u00e4l\u00e4 and Fukushima in term of 137Cs. 09\/2016-02\/2017, 6 months (Jukka Pumpanen)<\/li>\n<li>Zhao Peng , PhD student.\u00a0 China Agricultural University. Measuring and modelling soil CO<sub>2<\/sub> 09\/2016-12\/2017, 15 months (Jukka Pumpanen)<\/li>\n<li>Prevot Aymeric, MSc student. CESI School of Engineering, Saint-Nazaire, France. Internship, 30.5-19.8.2016, 81 days (Narasinha Shurpali)<\/li>\n<\/ul>\n<h3><strong>2015<\/strong><\/h3>\n<ul>\n<li>Brauer Suzanna, PhD, Appalachian State University, Boone, USA. Fulbright-visit, 3.1-13.6.2015, 162 days (Henri Siljanen)<\/li>\n<\/ul>\n<h3><strong>2014<\/strong><\/h3>\n<ul>\n<li>Diakova Katerina , University of South Bohemia, Czech republic, 3.10-13.11.2014 (42 days) and 1.2-28.3.2014 (56 days) (Christina Biasi)<\/li>\n<li>Mackova Jana , PhD, Biology Centre AS CR, Institute of Soil Biology, Czech Republic. 8-26.9.2014, 40 days, (Henri Siljanen)<\/li>\n<\/ul>\n<h3><strong>2013<\/strong><\/h3>\n<ul>\n<li>Shvaleva Alla , PhD, Universidade Nova de Lisboa, Oeiras, Portugal. 65 days (Henri Siljanen)<\/li>\n<\/ul>\n<h3><strong>2012<\/strong><\/h3>\n<ul>\n<li>Shvaleva\u00a0Alla PhD, Universidade Nova de Lisboa, Oeiras, Portugal. 36 days (Henri Siljanen)<\/li>\n<li>Jaatinen\u00a0Krista PhD, Finnish forest institute, Vantaa (Henri Siljanen)<\/li>\n<li>Miller Kimberly , PhD student, San Diego State University, USA, 27.6-27.10.2012, 111 days (Christina Biasi)<\/li>\n<li>Ambus Per (Technical University of Denmark), R\u00fctting Tobias (University of Gothenburg, Sweden), Epron\u00a0Daniel (Universite de Lorraine, France),\u00a0 Lattanzi Fernando(Technische Universit\u00e4t M\u00fcnchen, Germany), Tiirola Marja (University of Jyv\u00e4skyl\u00e4), Sonninen Eloni,\u00a0 J\u00e4ntti Helena, Pumpanen Jukka (University of Helsinki), 9-15.9.2012 stable isotope experts lecturing in SIER-course (Christina Biasi)<\/li>\n<\/ul>\n<h3><strong>2011<\/strong><\/h3>\n<ul>\n<li>Weldon Simon , PhD student, Bioforsk, Norwegian Institute for Agricultural and Environmental Research \u2013 Norway, 6-9.6.2011 (Marja Maljanen)<\/li>\n<li>Zahniser Mark, PhD, Intercomparison of laser instruments at the Maaninka research site involving University of Helsinki and Aerodyne Research, Inc, USA, 11-15.4.2011, 5 days (Narasinha Shurpali)<\/li>\n<li>Perez Tibisay, professor, Venezuelan Institute for Scientific Research, Caracas, Miranda, Venezuela, Exchange of knowhow, teaching 1-8.4.2011 (Christina Biasi)<\/li>\n<li>R\u00fctting Tobias, PhD, University of Gothenburg, Sweden, application of 15N tracer model 20-26.3.2011 (Christina Biasi)<\/li>\n<\/ul>\n<h3><strong>2010<\/strong><\/h3>\n<ul>\n<li>Marshall Rachel, Field sampling for Joint project, University of Aberdeen, Great Britain 1.7-15.7.2010, (Christina Biasi),\u00a0 9-20.8.2010, 12 days Pertti Martikainen)<\/li>\n<li>Uggetti EnricaPhD student, Polytechnic University of Catalonia, Barcelona,\u00a0 Spain<\/li>\n<li>Linkosalmi Maiju, PhD student, Finnish Meteorologial Institute (FMI), Helsinki<\/li>\n<\/ul>\n","protected":false},"excerpt":{"rendered":"<p>2023 Evan J. Wilcox, PhD candidate, Wilfrid Laurier University, Waterloo, Ontario, Canada, 10\/2021-05\/2023 Professor Mizue Ohashi, Hyogo University, Japan, 09\/2023 (Professor Jukka Pumpanen) 2022 Professor Mizue Ohashi, Hyogo University, Japan, 21.11.-23.12.2022 (Professor Jukka Pumpanen) 2021 Professor John Zobitz, Augsburg University, Minnesota, USA, Fulbright visit, 1.1.2021-31.5.2021 Professor Suzanna Brauer, Appalachian State University, Boone, USA. Fulbright-visit, 1.3-15.5.2021 [&hellip;]<\/p>\n","protected":false},"author":23,"featured_media":0,"parent":234,"menu_order":1,"comment_status":"closed","ping_status":"closed","template":"","meta":{"_acf_changed":false,"_monsterinsights_skip_tracking":false,"_monsterinsights_sitenote_active":false,"_monsterinsights_sitenote_note":"","_monsterinsights_sitenote_category":0,"footnotes":""},"class_list":["post-240","page","type-page","status-publish","hentry"],"acf":[],"yoast_head":"<!-- This site is optimized with the Yoast SEO plugin v27.1.1 - https:\/\/yoast.com\/product\/yoast-seo-wordpress\/ -->\n<title>Researchers visiting BGC group - Biogeochemistry Research Group<\/title>\n<meta name=\"robots\" content=\"index, follow, max-snippet:-1, max-image-preview:large, max-video-preview:-1\" \/>\n<link rel=\"canonical\" href=\"https:\/\/sites.uef.fi\/bgc\/english\/research-visits\/researchers-visiting-bgc-group\/\" \/>\n<meta property=\"og:locale\" content=\"en_US\" \/>\n<meta property=\"og:type\" content=\"article\" \/>\n<meta property=\"og:title\" content=\"Researchers visiting BGC group - Biogeochemistry Research Group\" \/>\n<meta property=\"og:description\" content=\"2023 Evan J. Wilcox, PhD candidate, Wilfrid Laurier University, Waterloo, Ontario, Canada, 10\/2021-05\/2023 Professor Mizue Ohashi, Hyogo University, Japan, 09\/2023 (Professor Jukka Pumpanen) 2022 Professor Mizue Ohashi, Hyogo University, Japan, 21.11.-23.12.2022 (Professor Jukka Pumpanen) 2021 Professor John Zobitz, Augsburg University, Minnesota, USA, Fulbright visit, 1.1.2021-31.5.2021 Professor Suzanna Brauer, Appalachian State University, Boone, USA. Fulbright-visit, 1.3-15.5.2021 [&hellip;]\" \/>\n<meta property=\"og:url\" content=\"https:\/\/sites.uef.fi\/bgc\/english\/research-visits\/researchers-visiting-bgc-group\/\" \/>\n<meta property=\"og:site_name\" content=\"Biogeochemistry Research Group\" \/>\n<meta property=\"article:modified_time\" content=\"2024-04-03T10:06:31+00:00\" \/>\n<meta name=\"twitter:card\" content=\"summary_large_image\" \/>\n<meta name=\"twitter:label1\" content=\"Est. reading time\" \/>\n\t<meta name=\"twitter:data1\" content=\"2 minutes\" \/>\n<script type=\"application\/ld+json\" class=\"yoast-schema-graph\">{\"@context\":\"https:\/\/schema.org\",\"@graph\":[{\"@type\":\"WebPage\",\"@id\":\"https:\/\/sites.uef.fi\/bgc\/english\/research-visits\/researchers-visiting-bgc-group\/\",\"url\":\"https:\/\/sites.uef.fi\/bgc\/english\/research-visits\/researchers-visiting-bgc-group\/\",\"name\":\"Researchers visiting BGC group - Biogeochemistry Research Group\",\"isPartOf\":{\"@id\":\"https:\/\/sites.uef.fi\/bgc\/#website\"},\"datePublished\":\"2020-04-22T13:53:24+00:00\",\"dateModified\":\"2024-04-03T10:06:31+00:00\",\"breadcrumb\":{\"@id\":\"https:\/\/sites.uef.fi\/bgc\/english\/research-visits\/researchers-visiting-bgc-group\/#breadcrumb\"},\"inLanguage\":\"en-US\",\"potentialAction\":[{\"@type\":\"ReadAction\",\"target\":[\"https:\/\/sites.uef.fi\/bgc\/english\/research-visits\/researchers-visiting-bgc-group\/\"]}]},{\"@type\":\"BreadcrumbList\",\"@id\":\"https:\/\/sites.uef.fi\/bgc\/english\/research-visits\/researchers-visiting-bgc-group\/#breadcrumb\",\"itemListElement\":[{\"@type\":\"ListItem\",\"position\":1,\"name\":\"Home\",\"item\":\"https:\/\/sites.uef.fi\/bgc\/\"},{\"@type\":\"ListItem\",\"position\":2,\"name\":\"Biogeochemistry research group\",\"item\":\"https:\/\/sites.uef.fi\/bgc\/\"},{\"@type\":\"ListItem\",\"position\":3,\"name\":\"Research visits\",\"item\":\"https:\/\/sites.uef.fi\/bgc\/english\/research-visits\/\"},{\"@type\":\"ListItem\",\"position\":4,\"name\":\"Researchers visiting BGC group\"}]},{\"@type\":\"WebSite\",\"@id\":\"https:\/\/sites.uef.fi\/bgc\/#website\",\"url\":\"https:\/\/sites.uef.fi\/bgc\/\",\"name\":\"Biogeochemistry Research Group\",\"description\":\"\",\"potentialAction\":[{\"@type\":\"SearchAction\",\"target\":{\"@type\":\"EntryPoint\",\"urlTemplate\":\"https:\/\/sites.uef.fi\/bgc\/?s={search_term_string}\"},\"query-input\":{\"@type\":\"PropertyValueSpecification\",\"valueRequired\":true,\"valueName\":\"search_term_string\"}}],\"inLanguage\":\"en-US\"}]}<\/script>\n<!-- \/ Yoast SEO plugin. -->","yoast_head_json":{"title":"Researchers visiting BGC group - Biogeochemistry Research Group","robots":{"index":"index","follow":"follow","max-snippet":"max-snippet:-1","max-image-preview":"max-image-preview:large","max-video-preview":"max-video-preview:-1"},"canonical":"https:\/\/sites.uef.fi\/bgc\/english\/research-visits\/researchers-visiting-bgc-group\/","og_locale":"en_US","og_type":"article","og_title":"Researchers visiting BGC group - Biogeochemistry Research Group","og_description":"2023 Evan J. Wilcox, PhD candidate, Wilfrid Laurier University, Waterloo, Ontario, Canada, 10\/2021-05\/2023 Professor Mizue Ohashi, Hyogo University, Japan, 09\/2023 (Professor Jukka Pumpanen) 2022 Professor Mizue Ohashi, Hyogo University, Japan, 21.11.-23.12.2022 (Professor Jukka Pumpanen) 2021 Professor John Zobitz, Augsburg University, Minnesota, USA, Fulbright visit, 1.1.2021-31.5.2021 Professor Suzanna Brauer, Appalachian State University, Boone, USA. Fulbright-visit, 1.3-15.5.2021 [&hellip;]","og_url":"https:\/\/sites.uef.fi\/bgc\/english\/research-visits\/researchers-visiting-bgc-group\/","og_site_name":"Biogeochemistry Research Group","article_modified_time":"2024-04-03T10:06:31+00:00","twitter_card":"summary_large_image","twitter_misc":{"Est. reading time":"2 minutes"},"schema":{"@context":"https:\/\/schema.org","@graph":[{"@type":"WebPage","@id":"https:\/\/sites.uef.fi\/bgc\/english\/research-visits\/researchers-visiting-bgc-group\/","url":"https:\/\/sites.uef.fi\/bgc\/english\/research-visits\/researchers-visiting-bgc-group\/","name":"Researchers visiting BGC group - Biogeochemistry Research Group","isPartOf":{"@id":"https:\/\/sites.uef.fi\/bgc\/#website"},"datePublished":"2020-04-22T13:53:24+00:00","dateModified":"2024-04-03T10:06:31+00:00","breadcrumb":{"@id":"https:\/\/sites.uef.fi\/bgc\/english\/research-visits\/researchers-visiting-bgc-group\/#breadcrumb"},"inLanguage":"en-US","potentialAction":[{"@type":"ReadAction","target":["https:\/\/sites.uef.fi\/bgc\/english\/research-visits\/researchers-visiting-bgc-group\/"]}]},{"@type":"BreadcrumbList","@id":"https:\/\/sites.uef.fi\/bgc\/english\/research-visits\/researchers-visiting-bgc-group\/#breadcrumb","itemListElement":[{"@type":"ListItem","position":1,"name":"Home","item":"https:\/\/sites.uef.fi\/bgc\/"},{"@type":"ListItem","position":2,"name":"Biogeochemistry research group","item":"https:\/\/sites.uef.fi\/bgc\/"},{"@type":"ListItem","position":3,"name":"Research visits","item":"https:\/\/sites.uef.fi\/bgc\/english\/research-visits\/"},{"@type":"ListItem","position":4,"name":"Researchers visiting BGC group"}]},{"@type":"WebSite","@id":"https:\/\/sites.uef.fi\/bgc\/#website","url":"https:\/\/sites.uef.fi\/bgc\/","name":"Biogeochemistry Research Group","description":"","potentialAction":[{"@type":"SearchAction","target":{"@type":"EntryPoint","urlTemplate":"https:\/\/sites.uef.fi\/bgc\/?s={search_term_string}"},"query-input":{"@type":"PropertyValueSpecification","valueRequired":true,"valueName":"search_term_string"}}],"inLanguage":"en-US"}]}},"_links":{"self":[{"href":"https:\/\/sites.uef.fi\/bgc\/wp-json\/wp\/v2\/pages\/240","targetHints":{"allow":["GET"]}}],"collection":[{"href":"https:\/\/sites.uef.fi\/bgc\/wp-json\/wp\/v2\/pages"}],"about":[{"href":"https:\/\/sites.uef.fi\/bgc\/wp-json\/wp\/v2\/types\/page"}],"author":[{"embeddable":true,"href":"https:\/\/sites.uef.fi\/bgc\/wp-json\/wp\/v2\/users\/23"}],"replies":[{"embeddable":true,"href":"https:\/\/sites.uef.fi\/bgc\/wp-json\/wp\/v2\/comments?post=240"}],"version-history":[{"count":2,"href":"https:\/\/sites.uef.fi\/bgc\/wp-json\/wp\/v2\/pages\/240\/revisions"}],"predecessor-version":[{"id":1550,"href":"https:\/\/sites.uef.fi\/bgc\/wp-json\/wp\/v2\/pages\/240\/revisions\/1550"}],"up":[{"embeddable":true,"href":"https:\/\/sites.uef.fi\/bgc\/wp-json\/wp\/v2\/pages\/234"}],"wp:attachment":[{"href":"https:\/\/sites.uef.fi\/bgc\/wp-json\/wp\/v2\/media?parent=240"}],"curies":[{"name":"wp","href":"https:\/\/api.w.org\/{rel}","templated":true}]}}