{"id":75,"date":"2020-04-21T17:04:38","date_gmt":"2020-04-21T14:04:38","guid":{"rendered":"https:\/\/sites.uef.fi\/bgc\/?page_id=75"},"modified":"2024-05-03T13:17:54","modified_gmt":"2024-05-03T10:17:54","slug":"people","status":"publish","type":"page","link":"https:\/\/sites.uef.fi\/bgc\/people\/","title":{"rendered":"Researchers"},"content":{"rendered":"<p><img loading=\"lazy\" decoding=\"async\" class=\"alignnone wp-image-1259 size-large\" src=\"https:\/\/sites.uef.fi\/bgc\/wp-content\/uploads\/sites\/20\/2023\/01\/people-reduced-size-1024x683.jpg\" alt=\"\" width=\"525\" height=\"350\" srcset=\"https:\/\/sites.uef.fi\/bgc\/wp-content\/uploads\/sites\/20\/2023\/01\/people-reduced-size-1024x683.jpg 1024w, https:\/\/sites.uef.fi\/bgc\/wp-content\/uploads\/sites\/20\/2023\/01\/people-reduced-size-300x200.jpg 300w, https:\/\/sites.uef.fi\/bgc\/wp-content\/uploads\/sites\/20\/2023\/01\/people-reduced-size-768x512.jpg 768w, https:\/\/sites.uef.fi\/bgc\/wp-content\/uploads\/sites\/20\/2023\/01\/people-reduced-size-1536x1024.jpg 1536w, https:\/\/sites.uef.fi\/bgc\/wp-content\/uploads\/sites\/20\/2023\/01\/people-reduced-size-2048x1365.jpg 2048w\" sizes=\"auto, (max-width: 525px) 100vw, 525px\" \/><\/p>\n<h2><strong>Research group leader<\/strong><\/h2>\n<p><a href=\"https:\/\/uefconnect.uef.fi\/en\/person\/jukka.pumpanen\/\">Pumpanen Jukka, Ph.D., Professor<\/a><\/p>\n<h2><strong>Senior researchers<\/strong><\/h2>\n<p><a href=\"https:\/\/uefconnect.uef.fi\/en\/person\/christina.biasi\/\">Biasi Christina, Ph.D., Research Director<\/a><\/p>\n<p><a href=\"https:\/\/uefconnect.uef.fi\/en\/person\/lukas.kohl\/\">Kohl Lukas, Ph.D., University Researcher<\/a><\/p>\n<p><a href=\"https:\/\/uefconnect.uef.fi\/en\/person\/kajar.koster\">K\u00f6ster Kajar, Ph.D., University Researcher<\/a><\/p>\n<p><a href=\"https:\/\/uefconnect.uef.fi\/en\/person\/dan.kou\/\">Kou Dan, Ph.D., Senior Researcher<\/a><\/p>\n<p><a href=\"https:\/\/uefconnect.uef.fi\/en\/person\/marja.maljanen\/\">Maljanen Marja, Ph.D., Professor<\/a><\/p>\n<p><a href=\"https:\/\/uefconnect.uef.fi\/en\/person\/maija.marushchak\">Marushchak Maija, Ph.D., Senior Researcher<\/a><\/p>\n<p><a href=\"https:\/\/uefconnect.uef.fi\/en\/person\/hannu.nykanen-2\/\">Nyk\u00e4nen Hannu, Ph.D., Senior Researcher<\/a><\/p>\n<p><a href=\"https:\/\/uefconnect.uef.fi\/en\/person\/henri.siljanen\/\">Siljanen Henri, Ph.D., Academy Research Fellow<\/a><\/p>\n<h2><strong>Post doctoral researchers<\/strong><\/h2>\n<p><a href=\"https:\/\/uefconnect.uef.fi\/en\/person\/dhiraj.paul\/\">Dhiraj Paul, Ph.D., Post Doctoral Researcher<\/a><\/p>\n<p><a href=\"https:\/\/uefconnect.uef.fi\/en\/person\/jenie.gil-lugo\">Gil Lugo Jenie, Ph.D., Post Doctoral Researcher<\/a><\/p>\n<p><a href=\"https:\/\/uefconnect.uef.fi\/en\/person\/eliezer.khaling\/\">Khaling Eliezer, Ph.D., Post Doctoral Researcher<\/a><\/p>\n<p><a href=\"https:\/\/uefconnect.uef.fi\/en\/person\/carlos.palacin-lizarbe\/\">Palazin-Lizarbe Carlos, Ph.D., Post Doctoral Researcher<\/a><\/p>\n<p><a href=\"https:\/\/uefconnect.uef.fi\/en\/person\/taija.saarela\/\">Saarela Taija, Ph.D., Post Doctoral Researcher<\/a><\/p>\n<p><a href=\"https:\/\/uefconnect.uef.fi\/en\/person\/di.wu\">Wu Di, Ph.D., Post Doctoral Researcher<\/a><\/p>\n<p><a href=\"https:\/\/uefconnect.uef.fi\/henkilo\/saborni.maiti\">Saborni Maiti, Ph.D., Post Doctoral Researcher<\/a><\/p>\n<h2><strong>Doctoral students<\/strong><\/h2>\n<p><a href=\"https:\/\/uefconnect.uef.fi\/henkilo\/vincenzo.abagnale\/\">Abagnale Vincenzo, M.Sc.<\/a><\/p>\n<p><a href=\"https:\/\/uefconnect.uef.fi\/en\/person\/wasi.hashmi\/\">Hashmi Wasi, M.Sc.<\/a><\/p>\n<p><a href=\"https:\/\/uefconnect.uef.fi\/en\/person\/johanna.kerttula\/\">Kerttula Johanna, M.Sc.<\/a><\/p>\n<p><a href=\"https:\/\/uefconnect.uef.fi\/en\/person\/niko.kinnunen-2\/\">Kinnunen Niko, M.Sc.<\/a><\/p>\n<p><a href=\"https:\/\/uefconnect.uef.fi\/en\/person\/richard.lamprecht\/\">Lamprecht Richard, M.Sc.<\/a><\/p>\n<p><a href=\"https:\/\/uefconnect.uef.fi\/en\/person\/flobert.ndah\/\">Ndah Flobert, M.Sc.<\/a><\/p>\n<p><a href=\"https:\/\/uefconnect.uef.fi\/en\/person\/minna.paakkonen\/\">P\u00e4\u00e4kk\u00f6nen Minna, M.Sc.<\/a><\/p>\n<p><a href=\"https:\/\/uefconnect.uef.fi\/henkilo\/mohadeseh.ramezanalaghehband\/\">Ramezanalaghehband Mohadeseh, M.Sc.<\/a><\/p>\n<p><a href=\"https:\/\/uefconnect.uef.fi\/en\/person\/krishnapriya.thiyagarasaiyar\/\">Thiyagarasaiyar Krishnapriya, M.Sc.<\/a><\/p>\n<p><a href=\"https:\/\/uefconnect.uef.fi\/en\/person\/huizhong.zhang-turpeinen\/\">Zhang-Turpeinen Huizhong, M.Sc.<\/a><\/p>\n<p><a href=\"https:\/\/uefconnect.uef.fi\/en\/person\/yu.zheng\/\">Zheng Yu, M.Sc.<\/a><\/p>\n<p><a href=\"https:\/\/uefconnect.uef.fi\/henkilo\/matej.znaminko\/\">Znam\u00ednko Matej, M.Sc.<\/a><\/p>\n<h2><strong>Laboratory technician<\/strong><\/h2>\n<p><a href=\"https:\/\/uefconnect.uef.fi\/en\/person\/tatiana.trubnikova\/\">Tatiana Trubnikova<\/a><\/p>\n<h2><strong>Professor emeritus<\/strong><\/h2>\n<p><a href=\"https:\/\/uefconnect.uef.fi\/en\/person\/pertti.martikainen\/\">Pertti Martikainen, Ph.D. Professor emeritus<\/a><\/p>\n<h2><strong>Alumnis<\/strong><\/h2>\n<p>Aalto Sanni, Ph.D., researcher at National Institute of Aquatic Resources, Technical University of Denmark, Denmark<br \/>\nBhattarai Hem Raj, Ph.D., post doc researcher at Natural Resources Institute Finland<br \/>\nHeikkinen Juha, Ph.D., Director at Pohjois-Savon TE-toimisto<br \/>\nHyv\u00f6nen Niina, Ph.D., teacher at Hatsala Classical school, Kuopio (mathematics, physics, chemistry)<br \/>\nJokinen Simo, M.Sc., Ruokavirasto<br \/>\nJ\u00e4ntti Helena, Ph.D., Research Funding Specialist at UEF<br \/>\nKasurinen Ville, Ph.D., data analyst at ICOS ERIC<br \/>\nKoponen Hannu, Ph.D., Keski-Suomen liitto<br \/>\nLiikanen Anu, Ph.D., Research Development Manager at UEF<br \/>\nLiimatainen Maarit, Ph.D., post doc researcher at Natural Resources Institute Finland<br \/>\nLind Saara, Ph.D.<br \/>\nL\u00e5ng Kristina, Ph.D., Research Professor at Natural Resources Institute Finland<br \/>\nSaari Anne, Ph.D., Regional State Administrative Agency<br \/>\nSilvennoinen Hanna, Ph.D., Research scientist at Norwegian Institute for Nature Research, Norway<br \/>\nShurpali Narasinha, Ph.D., Senior scientist at Natural Resources Institute Finland<br \/>\nTavi Niina, Ph.D., indoor air coordinator at Tampereen tilapalvelut<br \/>\nTreat Claire, Ph.D., research group leader at Alfred Wegener Institute, Germany<br \/>\nVan Delden Lona, Ph.D., post doc researcher at Alfred Wegener Institute, Germany<br \/>\nVoigt Carolina, Ph.D., Research associate at University of Hamburg<\/p>\n","protected":false},"excerpt":{"rendered":"<p>Research group leader Pumpanen Jukka, Ph.D., Professor Senior researchers Biasi Christina, Ph.D., Research Director Kohl Lukas, Ph.D., University Researcher K\u00f6ster Kajar, Ph.D., University Researcher Kou Dan, Ph.D., Senior Researcher Maljanen Marja, Ph.D., Professor Marushchak Maija, Ph.D., Senior Researcher Nyk\u00e4nen Hannu, Ph.D., Senior Researcher Siljanen Henri, Ph.D., Academy Research Fellow Post doctoral researchers Dhiraj Paul, Ph.D., [&hellip;]<\/p>\n","protected":false},"author":23,"featured_media":0,"parent":0,"menu_order":0,"comment_status":"closed","ping_status":"closed","template":"","meta":{"_acf_changed":false,"_monsterinsights_skip_tracking":false,"_monsterinsights_sitenote_active":false,"_monsterinsights_sitenote_note":"","_monsterinsights_sitenote_category":0,"footnotes":""},"class_list":["post-75","page","type-page","status-publish","hentry"],"acf":[],"yoast_head":"<!-- This site is optimized with the Yoast SEO plugin v27.3 - https:\/\/yoast.com\/product\/yoast-seo-wordpress\/ -->\n<title>Researchers - Biogeochemistry Research Group<\/title>\n<meta name=\"robots\" content=\"index, follow, max-snippet:-1, max-image-preview:large, max-video-preview:-1\" \/>\n<link rel=\"canonical\" href=\"https:\/\/sites.uef.fi\/bgc\/people\/\" \/>\n<meta property=\"og:locale\" content=\"en_US\" \/>\n<meta property=\"og:type\" content=\"article\" \/>\n<meta property=\"og:title\" content=\"Researchers - Biogeochemistry Research Group\" \/>\n<meta property=\"og:description\" content=\"Research group leader Pumpanen Jukka, Ph.D., Professor Senior researchers Biasi Christina, Ph.D., Research Director Kohl Lukas, Ph.D., University Researcher K\u00f6ster Kajar, Ph.D., University Researcher Kou Dan, Ph.D., Senior Researcher Maljanen Marja, Ph.D., Professor Marushchak Maija, Ph.D., Senior Researcher Nyk\u00e4nen Hannu, Ph.D., Senior Researcher Siljanen Henri, Ph.D., Academy Research Fellow Post doctoral researchers Dhiraj Paul, Ph.D., [&hellip;]\" \/>\n<meta property=\"og:url\" content=\"https:\/\/sites.uef.fi\/bgc\/people\/\" \/>\n<meta property=\"og:site_name\" content=\"Biogeochemistry Research Group\" \/>\n<meta property=\"article:modified_time\" content=\"2024-05-03T10:17:54+00:00\" \/>\n<meta property=\"og:image\" content=\"https:\/\/sites.uef.fi\/bgc\/wp-content\/uploads\/sites\/20\/2023\/01\/people-reduced-size-1024x683.jpg\" \/>\n<meta name=\"twitter:card\" content=\"summary_large_image\" \/>\n<meta name=\"twitter:label1\" content=\"Est. reading time\" \/>\n\t<meta name=\"twitter:data1\" content=\"2 minutes\" \/>\n<script type=\"application\/ld+json\" class=\"yoast-schema-graph\">{\"@context\":\"https:\\\/\\\/schema.org\",\"@graph\":[{\"@type\":\"WebPage\",\"@id\":\"https:\\\/\\\/sites.uef.fi\\\/bgc\\\/people\\\/\",\"url\":\"https:\\\/\\\/sites.uef.fi\\\/bgc\\\/people\\\/\",\"name\":\"Researchers - Biogeochemistry Research Group\",\"isPartOf\":{\"@id\":\"https:\\\/\\\/sites.uef.fi\\\/bgc\\\/#website\"},\"primaryImageOfPage\":{\"@id\":\"https:\\\/\\\/sites.uef.fi\\\/bgc\\\/people\\\/#primaryimage\"},\"image\":{\"@id\":\"https:\\\/\\\/sites.uef.fi\\\/bgc\\\/people\\\/#primaryimage\"},\"thumbnailUrl\":\"https:\\\/\\\/sites.uef.fi\\\/bgc\\\/wp-content\\\/uploads\\\/sites\\\/20\\\/2023\\\/01\\\/people-reduced-size-1024x683.jpg\",\"datePublished\":\"2020-04-21T14:04:38+00:00\",\"dateModified\":\"2024-05-03T10:17:54+00:00\",\"breadcrumb\":{\"@id\":\"https:\\\/\\\/sites.uef.fi\\\/bgc\\\/people\\\/#breadcrumb\"},\"inLanguage\":\"en-US\",\"potentialAction\":[{\"@type\":\"ReadAction\",\"target\":[\"https:\\\/\\\/sites.uef.fi\\\/bgc\\\/people\\\/\"]}]},{\"@type\":\"ImageObject\",\"inLanguage\":\"en-US\",\"@id\":\"https:\\\/\\\/sites.uef.fi\\\/bgc\\\/people\\\/#primaryimage\",\"url\":\"https:\\\/\\\/sites.uef.fi\\\/bgc\\\/wp-content\\\/uploads\\\/sites\\\/20\\\/2023\\\/01\\\/people-reduced-size.jpg\",\"contentUrl\":\"https:\\\/\\\/sites.uef.fi\\\/bgc\\\/wp-content\\\/uploads\\\/sites\\\/20\\\/2023\\\/01\\\/people-reduced-size.jpg\",\"width\":2508,\"height\":1672},{\"@type\":\"BreadcrumbList\",\"@id\":\"https:\\\/\\\/sites.uef.fi\\\/bgc\\\/people\\\/#breadcrumb\",\"itemListElement\":[{\"@type\":\"ListItem\",\"position\":1,\"name\":\"Home\",\"item\":\"https:\\\/\\\/sites.uef.fi\\\/bgc\\\/\"},{\"@type\":\"ListItem\",\"position\":2,\"name\":\"Researchers\"}]},{\"@type\":\"WebSite\",\"@id\":\"https:\\\/\\\/sites.uef.fi\\\/bgc\\\/#website\",\"url\":\"https:\\\/\\\/sites.uef.fi\\\/bgc\\\/\",\"name\":\"Biogeochemistry Research Group\",\"description\":\"\",\"potentialAction\":[{\"@type\":\"SearchAction\",\"target\":{\"@type\":\"EntryPoint\",\"urlTemplate\":\"https:\\\/\\\/sites.uef.fi\\\/bgc\\\/?s={search_term_string}\"},\"query-input\":{\"@type\":\"PropertyValueSpecification\",\"valueRequired\":true,\"valueName\":\"search_term_string\"}}],\"inLanguage\":\"en-US\"}]}<\/script>\n<!-- \/ Yoast SEO plugin. -->","yoast_head_json":{"title":"Researchers - Biogeochemistry Research Group","robots":{"index":"index","follow":"follow","max-snippet":"max-snippet:-1","max-image-preview":"max-image-preview:large","max-video-preview":"max-video-preview:-1"},"canonical":"https:\/\/sites.uef.fi\/bgc\/people\/","og_locale":"en_US","og_type":"article","og_title":"Researchers - Biogeochemistry Research Group","og_description":"Research group leader Pumpanen Jukka, Ph.D., Professor Senior researchers Biasi Christina, Ph.D., Research Director Kohl Lukas, Ph.D., University Researcher K\u00f6ster Kajar, Ph.D., University Researcher Kou Dan, Ph.D., Senior Researcher Maljanen Marja, Ph.D., Professor Marushchak Maija, Ph.D., Senior Researcher Nyk\u00e4nen Hannu, Ph.D., Senior Researcher Siljanen Henri, Ph.D., Academy Research Fellow Post doctoral researchers Dhiraj Paul, Ph.D., [&hellip;]","og_url":"https:\/\/sites.uef.fi\/bgc\/people\/","og_site_name":"Biogeochemistry Research Group","article_modified_time":"2024-05-03T10:17:54+00:00","og_image":[{"url":"https:\/\/sites.uef.fi\/bgc\/wp-content\/uploads\/sites\/20\/2023\/01\/people-reduced-size-1024x683.jpg","type":"","width":"","height":""}],"twitter_card":"summary_large_image","twitter_misc":{"Est. reading time":"2 minutes"},"schema":{"@context":"https:\/\/schema.org","@graph":[{"@type":"WebPage","@id":"https:\/\/sites.uef.fi\/bgc\/people\/","url":"https:\/\/sites.uef.fi\/bgc\/people\/","name":"Researchers - Biogeochemistry Research Group","isPartOf":{"@id":"https:\/\/sites.uef.fi\/bgc\/#website"},"primaryImageOfPage":{"@id":"https:\/\/sites.uef.fi\/bgc\/people\/#primaryimage"},"image":{"@id":"https:\/\/sites.uef.fi\/bgc\/people\/#primaryimage"},"thumbnailUrl":"https:\/\/sites.uef.fi\/bgc\/wp-content\/uploads\/sites\/20\/2023\/01\/people-reduced-size-1024x683.jpg","datePublished":"2020-04-21T14:04:38+00:00","dateModified":"2024-05-03T10:17:54+00:00","breadcrumb":{"@id":"https:\/\/sites.uef.fi\/bgc\/people\/#breadcrumb"},"inLanguage":"en-US","potentialAction":[{"@type":"ReadAction","target":["https:\/\/sites.uef.fi\/bgc\/people\/"]}]},{"@type":"ImageObject","inLanguage":"en-US","@id":"https:\/\/sites.uef.fi\/bgc\/people\/#primaryimage","url":"https:\/\/sites.uef.fi\/bgc\/wp-content\/uploads\/sites\/20\/2023\/01\/people-reduced-size.jpg","contentUrl":"https:\/\/sites.uef.fi\/bgc\/wp-content\/uploads\/sites\/20\/2023\/01\/people-reduced-size.jpg","width":2508,"height":1672},{"@type":"BreadcrumbList","@id":"https:\/\/sites.uef.fi\/bgc\/people\/#breadcrumb","itemListElement":[{"@type":"ListItem","position":1,"name":"Home","item":"https:\/\/sites.uef.fi\/bgc\/"},{"@type":"ListItem","position":2,"name":"Researchers"}]},{"@type":"WebSite","@id":"https:\/\/sites.uef.fi\/bgc\/#website","url":"https:\/\/sites.uef.fi\/bgc\/","name":"Biogeochemistry Research Group","description":"","potentialAction":[{"@type":"SearchAction","target":{"@type":"EntryPoint","urlTemplate":"https:\/\/sites.uef.fi\/bgc\/?s={search_term_string}"},"query-input":{"@type":"PropertyValueSpecification","valueRequired":true,"valueName":"search_term_string"}}],"inLanguage":"en-US"}]}},"_links":{"self":[{"href":"https:\/\/sites.uef.fi\/bgc\/wp-json\/wp\/v2\/pages\/75","targetHints":{"allow":["GET"]}}],"collection":[{"href":"https:\/\/sites.uef.fi\/bgc\/wp-json\/wp\/v2\/pages"}],"about":[{"href":"https:\/\/sites.uef.fi\/bgc\/wp-json\/wp\/v2\/types\/page"}],"author":[{"embeddable":true,"href":"https:\/\/sites.uef.fi\/bgc\/wp-json\/wp\/v2\/users\/23"}],"replies":[{"embeddable":true,"href":"https:\/\/sites.uef.fi\/bgc\/wp-json\/wp\/v2\/comments?post=75"}],"version-history":[{"count":1,"href":"https:\/\/sites.uef.fi\/bgc\/wp-json\/wp\/v2\/pages\/75\/revisions"}],"predecessor-version":[{"id":1607,"href":"https:\/\/sites.uef.fi\/bgc\/wp-json\/wp\/v2\/pages\/75\/revisions\/1607"}],"wp:attachment":[{"href":"https:\/\/sites.uef.fi\/bgc\/wp-json\/wp\/v2\/media?parent=75"}],"curies":[{"name":"wp","href":"https:\/\/api.w.org\/{rel}","templated":true}]}}