{"id":114,"date":"2026-01-27T12:36:00","date_gmt":"2026-01-27T10:36:00","guid":{"rendered":"https:\/\/sites.uef.fi\/biodiversitygenomics\/?page_id=114"},"modified":"2026-02-05T20:29:01","modified_gmt":"2026-02-05T18:29:01","slug":"verrokki-eli-referenssigenomit","status":"publish","type":"page","link":"https:\/\/sites.uef.fi\/biodiversitygenomics\/verrokki-eli-referenssigenomit\/","title":{"rendered":"Verrokki- eli referenssigenomit"},"content":{"rendered":"\n<p>Tutkimusryhm\u00e4mme tuottaa sek\u00e4 itsen\u00e4isesti ett\u00e4 yhteisty\u00f6ss\u00e4 eri el\u00e4imien kromosomeittain koottuja, referenssitasoisia genomeja. Olemme my\u00f6s mukana Euroopan referenssigenomiatlas-yhteis\u00f6ss\u00e4 (<a href=\"https:\/\/www.erga-biodiversity.eu\">European Reference Genome Atlas, ERGA<\/a>).<\/p>\n\n\n\n<p>Referenssigenomi on&nbsp;<strong>malliperim\u00e4<\/strong>&nbsp;\u2013 er\u00e4\u00e4nlainen yhteinen l\u00e4ht\u00f6kohta, johon muiden yksil\u00f6iden perim\u00e4\u00e4 verrataan. Se ei ole \u201dt\u00e4ydellinen\u201d tai \u201doikea\u201d perim\u00e4, vaan huolellisesti koottu esimerkkigenomi, joka kuvaa, milt\u00e4 lajin DNA yleens\u00e4 n\u00e4ytt\u00e4\u00e4, miss\u00e4 j\u00e4rjestyksess\u00e4 se on kromosomeissa ja mik\u00e4 sen geenisis\u00e4lt\u00f6 on.<\/p>\n\n\n\n<p>Referenssigenomia voi verrata&nbsp;<strong>karttaan<\/strong>: kartta ei ole maasto itse, mutta sen avulla maastossa on mahdollista suunnistaa. Samalla tavalla referenssigenomi auttaa tutkijoita hahmottamaan, miss\u00e4 geenit sijaitsevat ja miten eri yksil\u00f6iden perim\u00e4 poikkeaa toisistaan.<\/p>\n\n\n\n<p>Ilman referenssigenomia DNA-sekvenssit olisivat vain irrallisia ATGC-kirjainten p\u00e4tki\u00e4. Irrallisten sekvenssien vertaaminen referenssigenomiin mahdollistaa niiden kokoamisen laajemmiksi kokonaisuuksisksi ja antaa niille oikean kontekstin sek\u00e4 toiminnallisen merkityksen. <\/p>\n\n\n\n<p>Referenssigenomit ovat avain kaikkeen geneettiseen tutkimukseen lajilla. Oma ryhm\u00e4mme on erityisen kiinnostunut erilaisten el\u00e4inten solulinjojen hy\u00f6dynnett\u00e4vyydest\u00e4 kokeellisessa tukimuksessa. Ilman yksityiskohtaista tietoa n\u00e4iden lajien geeneist\u00e4 tutkimus tapahtuisi t\u00e4ysin sokkona.<\/p>\n\n\n\n<p>Alla l\u00f6yd\u00e4t lyhyet esittelyt verrokkiperim\u00e4hankkeistamme.<\/p>\n\n\n\n<h2 class=\"wp-block-heading\"><a href=\"https:\/\/sites.uef.fi\/biodiversitygenomics\/rusakko\/\">Rusakko (<em>Lepus europaeus<\/em>)<\/a><\/h2>\n\n\n\n<h2 class=\"wp-block-heading\"><a href=\"https:\/\/sites.uef.fi\/biodiversitygenomics\/metsajanis\/\">Mets\u00e4j\u00e4nis (<em>Lepus timidus<\/em>)<\/a><\/h2>\n\n\n\n<h2 class=\"wp-block-heading\"><a href=\"https:\/\/sites.uef.fi\/biodiversitygenomics\/saimaannorppa\/\">Saimaannorppa (<em>Pusa saimensis<\/em>)<\/a><\/h2>\n\n\n\n<h2 class=\"wp-block-heading\"><a href=\"https:\/\/sites.uef.fi\/biodiversitygenomics\/metsapeura\/\">Mets\u00e4peura (<em>Rangifer tarandus fennicus<\/em>)<\/a><\/h2>\n\n\n\n<h2 class=\"wp-block-heading\"><a href=\"https:\/\/sites.uef.fi\/biodiversitygenomics\/psyche-hanke\/\">Yhteisty\u00f6perim\u00e4t Psyche-hanke<\/a><\/h2>\n\n\n\n<h2 class=\"wp-block-heading\"><a href=\"https:\/\/sites.uef.fi\/biodiversitygenomics\/dtol-hanke\/\">Yhteisty\u00f6perim\u00e4t DToL-hanke<\/a><\/h2>\n\n\n\n<h2 class=\"wp-block-heading\">Osallistu \u2013 sponsoroi genomi<\/h2>\n\n\n\n<figure class=\"wp-block-image size-large\"><img loading=\"lazy\" decoding=\"async\" width=\"1024\" height=\"383\" src=\"https:\/\/sites.uef.fi\/biodiversitygenomics\/wp-content\/uploads\/sites\/569\/2026\/02\/Screenshot-2026-02-05-at-12.31.22-1-1024x383.png\" alt=\"\" class=\"wp-image-308\" srcset=\"https:\/\/sites.uef.fi\/biodiversitygenomics\/wp-content\/uploads\/sites\/569\/2026\/02\/Screenshot-2026-02-05-at-12.31.22-1-1024x383.png 1024w, https:\/\/sites.uef.fi\/biodiversitygenomics\/wp-content\/uploads\/sites\/569\/2026\/02\/Screenshot-2026-02-05-at-12.31.22-1-300x112.png 300w, https:\/\/sites.uef.fi\/biodiversitygenomics\/wp-content\/uploads\/sites\/569\/2026\/02\/Screenshot-2026-02-05-at-12.31.22-1-768x287.png 768w, https:\/\/sites.uef.fi\/biodiversitygenomics\/wp-content\/uploads\/sites\/569\/2026\/02\/Screenshot-2026-02-05-at-12.31.22-1.png 1488w\" sizes=\"auto, (max-width: 1024px) 100vw, 1024px\" \/><\/figure>\n","protected":false},"excerpt":{"rendered":"<p>Tutkimusryhm\u00e4mme tuottaa sek\u00e4 itsen\u00e4isesti ett\u00e4 yhteisty\u00f6ss\u00e4 eri el\u00e4imien kromosomeittain koottuja, referenssitasoisia genomeja. Olemme my\u00f6s mukana Euroopan referenssigenomiatlas-yhteis\u00f6ss\u00e4 (European Reference Genome Atlas, ERGA). Referenssigenomi on&nbsp;malliperim\u00e4&nbsp;\u2013 er\u00e4\u00e4nlainen yhteinen l\u00e4ht\u00f6kohta, johon muiden yksil\u00f6iden perim\u00e4\u00e4 verrataan. Se ei ole \u201dt\u00e4ydellinen\u201d tai \u201doikea\u201d perim\u00e4, vaan huolellisesti koottu esimerkkigenomi, joka kuvaa, milt\u00e4 lajin DNA yleens\u00e4 n\u00e4ytt\u00e4\u00e4, miss\u00e4 j\u00e4rjestyksess\u00e4 se on kromosomeissa [&hellip;]<\/p>\n","protected":false},"author":1000,"featured_media":0,"parent":0,"menu_order":0,"comment_status":"closed","ping_status":"closed","template":"","meta":{"_acf_changed":false,"footnotes":""},"class_list":["post-114","page","type-page","status-publish","hentry"],"acf":[],"yoast_head":"<!-- This site is optimized with the Yoast SEO plugin v27.1.1 - https:\/\/yoast.com\/product\/yoast-seo-wordpress\/ -->\n<title>Verrokki- eli referenssigenomit - UEF Biodiversiteettigenetiikka<\/title>\n<meta name=\"robots\" content=\"index, follow, max-snippet:-1, max-image-preview:large, max-video-preview:-1\" \/>\n<link rel=\"canonical\" href=\"https:\/\/sites.uef.fi\/biodiversitygenomics\/verrokki-eli-referenssigenomit\/\" \/>\n<meta property=\"og:locale\" content=\"fi_FI\" \/>\n<meta property=\"og:type\" content=\"article\" \/>\n<meta property=\"og:title\" content=\"Verrokki- eli referenssigenomit - UEF Biodiversiteettigenetiikka\" \/>\n<meta property=\"og:description\" content=\"Tutkimusryhm\u00e4mme tuottaa sek\u00e4 itsen\u00e4isesti ett\u00e4 yhteisty\u00f6ss\u00e4 eri el\u00e4imien kromosomeittain koottuja, referenssitasoisia genomeja. Olemme my\u00f6s mukana Euroopan referenssigenomiatlas-yhteis\u00f6ss\u00e4 (European Reference Genome Atlas, ERGA). Referenssigenomi on&nbsp;malliperim\u00e4&nbsp;\u2013 er\u00e4\u00e4nlainen yhteinen l\u00e4ht\u00f6kohta, johon muiden yksil\u00f6iden perim\u00e4\u00e4 verrataan. Se ei ole \u201dt\u00e4ydellinen\u201d tai \u201doikea\u201d perim\u00e4, vaan huolellisesti koottu esimerkkigenomi, joka kuvaa, milt\u00e4 lajin DNA yleens\u00e4 n\u00e4ytt\u00e4\u00e4, miss\u00e4 j\u00e4rjestyksess\u00e4 se on kromosomeissa [&hellip;]\" \/>\n<meta property=\"og:url\" content=\"https:\/\/sites.uef.fi\/biodiversitygenomics\/verrokki-eli-referenssigenomit\/\" \/>\n<meta property=\"og:site_name\" content=\"UEF Biodiversiteettigenetiikka\" \/>\n<meta property=\"article:modified_time\" content=\"2026-02-05T18:29:01+00:00\" \/>\n<meta property=\"og:image\" content=\"https:\/\/sites.uef.fi\/biodiversitygenomics\/wp-content\/uploads\/sites\/569\/2026\/02\/Screenshot-2026-02-05-at-12.31.22-1.png\" \/>\n\t<meta property=\"og:image:width\" content=\"1488\" \/>\n\t<meta property=\"og:image:height\" content=\"556\" \/>\n\t<meta property=\"og:image:type\" content=\"image\/png\" \/>\n<meta name=\"twitter:card\" content=\"summary_large_image\" \/>\n<meta name=\"twitter:label1\" content=\"Arvioitu lukuaika\" \/>\n\t<meta name=\"twitter:data1\" content=\"2 minuuttia\" \/>\n<script type=\"application\/ld+json\" class=\"yoast-schema-graph\">{\"@context\":\"https:\/\/schema.org\",\"@graph\":[{\"@type\":\"WebPage\",\"@id\":\"https:\/\/sites.uef.fi\/biodiversitygenomics\/verrokki-eli-referenssigenomit\/\",\"url\":\"https:\/\/sites.uef.fi\/biodiversitygenomics\/verrokki-eli-referenssigenomit\/\",\"name\":\"Verrokki- eli referenssigenomit - UEF Biodiversiteettigenetiikka\",\"isPartOf\":{\"@id\":\"https:\/\/sites.uef.fi\/biodiversitygenomics\/#website\"},\"primaryImageOfPage\":{\"@id\":\"https:\/\/sites.uef.fi\/biodiversitygenomics\/verrokki-eli-referenssigenomit\/#primaryimage\"},\"image\":{\"@id\":\"https:\/\/sites.uef.fi\/biodiversitygenomics\/verrokki-eli-referenssigenomit\/#primaryimage\"},\"thumbnailUrl\":\"https:\/\/sites.uef.fi\/biodiversitygenomics\/wp-content\/uploads\/sites\/569\/2026\/02\/Screenshot-2026-02-05-at-12.31.22-1-1024x383.png\",\"datePublished\":\"2026-01-27T10:36:00+00:00\",\"dateModified\":\"2026-02-05T18:29:01+00:00\",\"breadcrumb\":{\"@id\":\"https:\/\/sites.uef.fi\/biodiversitygenomics\/verrokki-eli-referenssigenomit\/#breadcrumb\"},\"inLanguage\":\"fi\",\"potentialAction\":[{\"@type\":\"ReadAction\",\"target\":[\"https:\/\/sites.uef.fi\/biodiversitygenomics\/verrokki-eli-referenssigenomit\/\"]}]},{\"@type\":\"ImageObject\",\"inLanguage\":\"fi\",\"@id\":\"https:\/\/sites.uef.fi\/biodiversitygenomics\/verrokki-eli-referenssigenomit\/#primaryimage\",\"url\":\"https:\/\/sites.uef.fi\/biodiversitygenomics\/wp-content\/uploads\/sites\/569\/2026\/02\/Screenshot-2026-02-05-at-12.31.22-1.png\",\"contentUrl\":\"https:\/\/sites.uef.fi\/biodiversitygenomics\/wp-content\/uploads\/sites\/569\/2026\/02\/Screenshot-2026-02-05-at-12.31.22-1.png\",\"width\":1488,\"height\":556},{\"@type\":\"BreadcrumbList\",\"@id\":\"https:\/\/sites.uef.fi\/biodiversitygenomics\/verrokki-eli-referenssigenomit\/#breadcrumb\",\"itemListElement\":[{\"@type\":\"ListItem\",\"position\":1,\"name\":\"Etusivu\",\"item\":\"https:\/\/sites.uef.fi\/biodiversitygenomics\/\"},{\"@type\":\"ListItem\",\"position\":2,\"name\":\"Verrokki- eli referenssigenomit\"}]},{\"@type\":\"WebSite\",\"@id\":\"https:\/\/sites.uef.fi\/biodiversitygenomics\/#website\",\"url\":\"https:\/\/sites.uef.fi\/biodiversitygenomics\/\",\"name\":\"UEF Biodiversiteettigenetiikka\",\"description\":\"\",\"potentialAction\":[{\"@type\":\"SearchAction\",\"target\":{\"@type\":\"EntryPoint\",\"urlTemplate\":\"https:\/\/sites.uef.fi\/biodiversitygenomics\/?s={search_term_string}\"},\"query-input\":{\"@type\":\"PropertyValueSpecification\",\"valueRequired\":true,\"valueName\":\"search_term_string\"}}],\"inLanguage\":\"fi\"}]}<\/script>\n<!-- \/ Yoast SEO plugin. -->","yoast_head_json":{"title":"Verrokki- eli referenssigenomit - UEF Biodiversiteettigenetiikka","robots":{"index":"index","follow":"follow","max-snippet":"max-snippet:-1","max-image-preview":"max-image-preview:large","max-video-preview":"max-video-preview:-1"},"canonical":"https:\/\/sites.uef.fi\/biodiversitygenomics\/verrokki-eli-referenssigenomit\/","og_locale":"fi_FI","og_type":"article","og_title":"Verrokki- eli referenssigenomit - UEF Biodiversiteettigenetiikka","og_description":"Tutkimusryhm\u00e4mme tuottaa sek\u00e4 itsen\u00e4isesti ett\u00e4 yhteisty\u00f6ss\u00e4 eri el\u00e4imien kromosomeittain koottuja, referenssitasoisia genomeja. Olemme my\u00f6s mukana Euroopan referenssigenomiatlas-yhteis\u00f6ss\u00e4 (European Reference Genome Atlas, ERGA). Referenssigenomi on&nbsp;malliperim\u00e4&nbsp;\u2013 er\u00e4\u00e4nlainen yhteinen l\u00e4ht\u00f6kohta, johon muiden yksil\u00f6iden perim\u00e4\u00e4 verrataan. Se ei ole \u201dt\u00e4ydellinen\u201d tai \u201doikea\u201d perim\u00e4, vaan huolellisesti koottu esimerkkigenomi, joka kuvaa, milt\u00e4 lajin DNA yleens\u00e4 n\u00e4ytt\u00e4\u00e4, miss\u00e4 j\u00e4rjestyksess\u00e4 se on kromosomeissa [&hellip;]","og_url":"https:\/\/sites.uef.fi\/biodiversitygenomics\/verrokki-eli-referenssigenomit\/","og_site_name":"UEF Biodiversiteettigenetiikka","article_modified_time":"2026-02-05T18:29:01+00:00","og_image":[{"width":1488,"height":556,"url":"https:\/\/sites.uef.fi\/biodiversitygenomics\/wp-content\/uploads\/sites\/569\/2026\/02\/Screenshot-2026-02-05-at-12.31.22-1.png","type":"image\/png"}],"twitter_card":"summary_large_image","twitter_misc":{"Arvioitu lukuaika":"2 minuuttia"},"schema":{"@context":"https:\/\/schema.org","@graph":[{"@type":"WebPage","@id":"https:\/\/sites.uef.fi\/biodiversitygenomics\/verrokki-eli-referenssigenomit\/","url":"https:\/\/sites.uef.fi\/biodiversitygenomics\/verrokki-eli-referenssigenomit\/","name":"Verrokki- eli referenssigenomit - UEF Biodiversiteettigenetiikka","isPartOf":{"@id":"https:\/\/sites.uef.fi\/biodiversitygenomics\/#website"},"primaryImageOfPage":{"@id":"https:\/\/sites.uef.fi\/biodiversitygenomics\/verrokki-eli-referenssigenomit\/#primaryimage"},"image":{"@id":"https:\/\/sites.uef.fi\/biodiversitygenomics\/verrokki-eli-referenssigenomit\/#primaryimage"},"thumbnailUrl":"https:\/\/sites.uef.fi\/biodiversitygenomics\/wp-content\/uploads\/sites\/569\/2026\/02\/Screenshot-2026-02-05-at-12.31.22-1-1024x383.png","datePublished":"2026-01-27T10:36:00+00:00","dateModified":"2026-02-05T18:29:01+00:00","breadcrumb":{"@id":"https:\/\/sites.uef.fi\/biodiversitygenomics\/verrokki-eli-referenssigenomit\/#breadcrumb"},"inLanguage":"fi","potentialAction":[{"@type":"ReadAction","target":["https:\/\/sites.uef.fi\/biodiversitygenomics\/verrokki-eli-referenssigenomit\/"]}]},{"@type":"ImageObject","inLanguage":"fi","@id":"https:\/\/sites.uef.fi\/biodiversitygenomics\/verrokki-eli-referenssigenomit\/#primaryimage","url":"https:\/\/sites.uef.fi\/biodiversitygenomics\/wp-content\/uploads\/sites\/569\/2026\/02\/Screenshot-2026-02-05-at-12.31.22-1.png","contentUrl":"https:\/\/sites.uef.fi\/biodiversitygenomics\/wp-content\/uploads\/sites\/569\/2026\/02\/Screenshot-2026-02-05-at-12.31.22-1.png","width":1488,"height":556},{"@type":"BreadcrumbList","@id":"https:\/\/sites.uef.fi\/biodiversitygenomics\/verrokki-eli-referenssigenomit\/#breadcrumb","itemListElement":[{"@type":"ListItem","position":1,"name":"Etusivu","item":"https:\/\/sites.uef.fi\/biodiversitygenomics\/"},{"@type":"ListItem","position":2,"name":"Verrokki- eli referenssigenomit"}]},{"@type":"WebSite","@id":"https:\/\/sites.uef.fi\/biodiversitygenomics\/#website","url":"https:\/\/sites.uef.fi\/biodiversitygenomics\/","name":"UEF Biodiversiteettigenetiikka","description":"","potentialAction":[{"@type":"SearchAction","target":{"@type":"EntryPoint","urlTemplate":"https:\/\/sites.uef.fi\/biodiversitygenomics\/?s={search_term_string}"},"query-input":{"@type":"PropertyValueSpecification","valueRequired":true,"valueName":"search_term_string"}}],"inLanguage":"fi"}]}},"_links":{"self":[{"href":"https:\/\/sites.uef.fi\/biodiversitygenomics\/wp-json\/wp\/v2\/pages\/114","targetHints":{"allow":["GET"]}}],"collection":[{"href":"https:\/\/sites.uef.fi\/biodiversitygenomics\/wp-json\/wp\/v2\/pages"}],"about":[{"href":"https:\/\/sites.uef.fi\/biodiversitygenomics\/wp-json\/wp\/v2\/types\/page"}],"author":[{"embeddable":true,"href":"https:\/\/sites.uef.fi\/biodiversitygenomics\/wp-json\/wp\/v2\/users\/1000"}],"replies":[{"embeddable":true,"href":"https:\/\/sites.uef.fi\/biodiversitygenomics\/wp-json\/wp\/v2\/comments?post=114"}],"version-history":[{"count":2,"href":"https:\/\/sites.uef.fi\/biodiversitygenomics\/wp-json\/wp\/v2\/pages\/114\/revisions"}],"predecessor-version":[{"id":309,"href":"https:\/\/sites.uef.fi\/biodiversitygenomics\/wp-json\/wp\/v2\/pages\/114\/revisions\/309"}],"wp:attachment":[{"href":"https:\/\/sites.uef.fi\/biodiversitygenomics\/wp-json\/wp\/v2\/media?parent=114"}],"curies":[{"name":"wp","href":"https:\/\/api.w.org\/{rel}","templated":true}]}}