{"id":145,"date":"2026-01-27T15:57:23","date_gmt":"2026-01-27T13:57:23","guid":{"rendered":"https:\/\/sites.uef.fi\/biodiversitygenomics\/?page_id=145"},"modified":"2026-01-27T15:57:37","modified_gmt":"2026-01-27T13:57:37","slug":"psyche-hanke","status":"publish","type":"page","link":"https:\/\/sites.uef.fi\/biodiversitygenomics\/psyche-hanke\/","title":{"rendered":"Psyche-hanke"},"content":{"rendered":"\n<figure class=\"wp-block-image size-large\"><img loading=\"lazy\" decoding=\"async\" width=\"1024\" height=\"584\" src=\"https:\/\/sites.uef.fi\/biodiversitygenomics\/wp-content\/uploads\/sites\/569\/2026\/01\/IMG_2780-1024x584.jpeg\" alt=\"\" class=\"wp-image-146\" srcset=\"https:\/\/sites.uef.fi\/biodiversitygenomics\/wp-content\/uploads\/sites\/569\/2026\/01\/IMG_2780-1024x584.jpeg 1024w, https:\/\/sites.uef.fi\/biodiversitygenomics\/wp-content\/uploads\/sites\/569\/2026\/01\/IMG_2780-300x171.jpeg 300w, https:\/\/sites.uef.fi\/biodiversitygenomics\/wp-content\/uploads\/sites\/569\/2026\/01\/IMG_2780-768x438.jpeg 768w, https:\/\/sites.uef.fi\/biodiversitygenomics\/wp-content\/uploads\/sites\/569\/2026\/01\/IMG_2780-1536x877.jpeg 1536w, https:\/\/sites.uef.fi\/biodiversitygenomics\/wp-content\/uploads\/sites\/569\/2026\/01\/IMG_2780-2048x1169.jpeg 2048w\" sizes=\"auto, (max-width: 1024px) 100vw, 1024px\" \/><figcaption class=\"wp-element-caption\">Rauhoitettu kirjoverkkoperhonen (<em>Euphydryas maturna<\/em>) on paikoin yleinen Pohjois-Karjalassa. Kuva: Jaakko Pohjoism\u00e4ki.<\/figcaption><\/figure>\n\n\n\n<p><a href=\"https:\/\/www.projectpsyche.org\">Psyche<\/a> on kunnianhimoinen hanke, jonka tarkoituksena on tuottaa verrokkitasoiset genomit kaikille eurooppalaisille perhoslajeille. Hankkeen suomalaista keskusta vet\u00e4\u00e4 <a href=\"https:\/\/www.oulu.fi\/fi\/tutkimusryhmat\/hyonteisten-biolukutaito-tutkimusryhma\">Marko Mutasen tutkimusryhm\u00e4 Oulussa<\/a>.<\/p>\n\n\n\n<p>Alla olevien linkkien takana voi tutustua perhosgenomiesittelyihin, joiden tuottamiseen ryhm\u00e4mme on osallistunut. Verrokkigenomeja edustavat yksil\u00f6t ovat kaikki ker\u00e4tty Pohjois-Karjalasta. Listaa p\u00e4ivitet\u00e4\u00e4n hankkeen edetess\u00e4.<\/p>\n\n\n\n<p><a href=\"https:\/\/wellcomeopenresearch.org\/articles\/10-445\/v1\">Kultasurviaiskoi (<em>Nemophora metallica<\/em>)<\/a><\/p>\n\n\n\n<p><a href=\"https:\/\/wellcomeopenresearch.org\/articles\/10-438\/v1\">Haapaperhonen (<em>Limenitis populi<\/em>)<\/a><\/p>\n\n\n\n<p><a href=\"https:\/\/wellcomeopenresearch.org\/articles\/10-426\/v1\">R\u00e4mevenhokas (<em>Nola aerugula<\/em>)<\/a><\/p>\n\n\n\n<p><a href=\"https:\/\/wellcomeopenresearch.org\/articles\/10-417\/v1\">Nunnakirjokoisa (<em>Pyrausta cingulata<\/em>)<\/a><\/p>\n\n\n\n<p><a href=\"https:\/\/wellcomeopenresearch.org\/articles\/10-389\/v1\">R\u00e4mevihersiipi (<em>Rhagades pruni<\/em>)<\/a><\/p>\n\n\n\n<p><a href=\"https:\/\/wellcomeopenresearch.org\/articles\/10-377\/v1\">Tuominopsasiipi (<em>Satyrium pruni<\/em>)<\/a><\/p>\n\n\n\n<p><a href=\"https:\/\/wellcomeopenresearch.org\/articles\/10-373\/v1\">Lep\u00e4nlasisiipi (<em>Synanthedon spheciformis<\/em>)<\/a><\/p>\n","protected":false},"excerpt":{"rendered":"<p>Psyche on kunnianhimoinen hanke, jonka tarkoituksena on tuottaa verrokkitasoiset genomit kaikille eurooppalaisille perhoslajeille. Hankkeen suomalaista keskusta vet\u00e4\u00e4 Marko Mutasen tutkimusryhm\u00e4 Oulussa. Alla olevien linkkien takana voi tutustua perhosgenomiesittelyihin, joiden tuottamiseen ryhm\u00e4mme on osallistunut. Verrokkigenomeja edustavat yksil\u00f6t ovat kaikki ker\u00e4tty Pohjois-Karjalasta. Listaa p\u00e4ivitet\u00e4\u00e4n hankkeen edetess\u00e4. Kultasurviaiskoi (Nemophora metallica) Haapaperhonen (Limenitis populi) R\u00e4mevenhokas (Nola aerugula) Nunnakirjokoisa (Pyrausta [&hellip;]<\/p>\n","protected":false},"author":1000,"featured_media":0,"parent":0,"menu_order":0,"comment_status":"closed","ping_status":"closed","template":"","meta":{"_acf_changed":false,"footnotes":""},"class_list":["post-145","page","type-page","status-publish","hentry"],"acf":[],"yoast_head":"<!-- This site is optimized with the Yoast SEO plugin v27.1.1 - https:\/\/yoast.com\/product\/yoast-seo-wordpress\/ -->\n<title>Psyche-hanke - UEF Biodiversiteettigenetiikka<\/title>\n<meta name=\"robots\" content=\"index, follow, max-snippet:-1, max-image-preview:large, max-video-preview:-1\" \/>\n<link rel=\"canonical\" href=\"https:\/\/sites.uef.fi\/biodiversitygenomics\/psyche-hanke\/\" \/>\n<meta property=\"og:locale\" content=\"fi_FI\" \/>\n<meta property=\"og:type\" content=\"article\" \/>\n<meta property=\"og:title\" content=\"Psyche-hanke - UEF Biodiversiteettigenetiikka\" \/>\n<meta property=\"og:description\" content=\"Psyche on kunnianhimoinen hanke, jonka tarkoituksena on tuottaa verrokkitasoiset genomit kaikille eurooppalaisille perhoslajeille. Hankkeen suomalaista keskusta vet\u00e4\u00e4 Marko Mutasen tutkimusryhm\u00e4 Oulussa. Alla olevien linkkien takana voi tutustua perhosgenomiesittelyihin, joiden tuottamiseen ryhm\u00e4mme on osallistunut. Verrokkigenomeja edustavat yksil\u00f6t ovat kaikki ker\u00e4tty Pohjois-Karjalasta. Listaa p\u00e4ivitet\u00e4\u00e4n hankkeen edetess\u00e4. Kultasurviaiskoi (Nemophora metallica) Haapaperhonen (Limenitis populi) R\u00e4mevenhokas (Nola aerugula) Nunnakirjokoisa (Pyrausta [&hellip;]\" \/>\n<meta property=\"og:url\" content=\"https:\/\/sites.uef.fi\/biodiversitygenomics\/psyche-hanke\/\" \/>\n<meta property=\"og:site_name\" content=\"UEF Biodiversiteettigenetiikka\" \/>\n<meta property=\"article:modified_time\" content=\"2026-01-27T13:57:37+00:00\" \/>\n<meta property=\"og:image\" content=\"https:\/\/sites.uef.fi\/biodiversitygenomics\/wp-content\/uploads\/sites\/569\/2026\/01\/IMG_2780-scaled.jpeg\" \/>\n\t<meta property=\"og:image:width\" content=\"2560\" \/>\n\t<meta property=\"og:image:height\" content=\"1461\" \/>\n\t<meta property=\"og:image:type\" content=\"image\/jpeg\" \/>\n<meta name=\"twitter:card\" content=\"summary_large_image\" \/>\n<meta name=\"twitter:label1\" content=\"Arvioitu lukuaika\" \/>\n\t<meta name=\"twitter:data1\" content=\"1 minuutti\" \/>\n<script type=\"application\/ld+json\" class=\"yoast-schema-graph\">{\"@context\":\"https:\/\/schema.org\",\"@graph\":[{\"@type\":\"WebPage\",\"@id\":\"https:\/\/sites.uef.fi\/biodiversitygenomics\/psyche-hanke\/\",\"url\":\"https:\/\/sites.uef.fi\/biodiversitygenomics\/psyche-hanke\/\",\"name\":\"Psyche-hanke - UEF Biodiversiteettigenetiikka\",\"isPartOf\":{\"@id\":\"https:\/\/sites.uef.fi\/biodiversitygenomics\/#website\"},\"primaryImageOfPage\":{\"@id\":\"https:\/\/sites.uef.fi\/biodiversitygenomics\/psyche-hanke\/#primaryimage\"},\"image\":{\"@id\":\"https:\/\/sites.uef.fi\/biodiversitygenomics\/psyche-hanke\/#primaryimage\"},\"thumbnailUrl\":\"https:\/\/sites.uef.fi\/biodiversitygenomics\/wp-content\/uploads\/sites\/569\/2026\/01\/IMG_2780-1024x584.jpeg\",\"datePublished\":\"2026-01-27T13:57:23+00:00\",\"dateModified\":\"2026-01-27T13:57:37+00:00\",\"breadcrumb\":{\"@id\":\"https:\/\/sites.uef.fi\/biodiversitygenomics\/psyche-hanke\/#breadcrumb\"},\"inLanguage\":\"fi\",\"potentialAction\":[{\"@type\":\"ReadAction\",\"target\":[\"https:\/\/sites.uef.fi\/biodiversitygenomics\/psyche-hanke\/\"]}]},{\"@type\":\"ImageObject\",\"inLanguage\":\"fi\",\"@id\":\"https:\/\/sites.uef.fi\/biodiversitygenomics\/psyche-hanke\/#primaryimage\",\"url\":\"https:\/\/sites.uef.fi\/biodiversitygenomics\/wp-content\/uploads\/sites\/569\/2026\/01\/IMG_2780-scaled.jpeg\",\"contentUrl\":\"https:\/\/sites.uef.fi\/biodiversitygenomics\/wp-content\/uploads\/sites\/569\/2026\/01\/IMG_2780-scaled.jpeg\",\"width\":2560,\"height\":1461,\"caption\":\"Rauhoitettu kirjoverkkoperhonen (Euphydryas maturna) on paikoin yleinen Pohjois-Karjalassa. Kuva: Jaakko Pohjoism\u00e4ki.\"},{\"@type\":\"BreadcrumbList\",\"@id\":\"https:\/\/sites.uef.fi\/biodiversitygenomics\/psyche-hanke\/#breadcrumb\",\"itemListElement\":[{\"@type\":\"ListItem\",\"position\":1,\"name\":\"Etusivu\",\"item\":\"https:\/\/sites.uef.fi\/biodiversitygenomics\/\"},{\"@type\":\"ListItem\",\"position\":2,\"name\":\"Psyche-hanke\"}]},{\"@type\":\"WebSite\",\"@id\":\"https:\/\/sites.uef.fi\/biodiversitygenomics\/#website\",\"url\":\"https:\/\/sites.uef.fi\/biodiversitygenomics\/\",\"name\":\"UEF Biodiversiteettigenetiikka\",\"description\":\"\",\"potentialAction\":[{\"@type\":\"SearchAction\",\"target\":{\"@type\":\"EntryPoint\",\"urlTemplate\":\"https:\/\/sites.uef.fi\/biodiversitygenomics\/?s={search_term_string}\"},\"query-input\":{\"@type\":\"PropertyValueSpecification\",\"valueRequired\":true,\"valueName\":\"search_term_string\"}}],\"inLanguage\":\"fi\"}]}<\/script>\n<!-- \/ Yoast SEO plugin. -->","yoast_head_json":{"title":"Psyche-hanke - UEF Biodiversiteettigenetiikka","robots":{"index":"index","follow":"follow","max-snippet":"max-snippet:-1","max-image-preview":"max-image-preview:large","max-video-preview":"max-video-preview:-1"},"canonical":"https:\/\/sites.uef.fi\/biodiversitygenomics\/psyche-hanke\/","og_locale":"fi_FI","og_type":"article","og_title":"Psyche-hanke - UEF Biodiversiteettigenetiikka","og_description":"Psyche on kunnianhimoinen hanke, jonka tarkoituksena on tuottaa verrokkitasoiset genomit kaikille eurooppalaisille perhoslajeille. Hankkeen suomalaista keskusta vet\u00e4\u00e4 Marko Mutasen tutkimusryhm\u00e4 Oulussa. Alla olevien linkkien takana voi tutustua perhosgenomiesittelyihin, joiden tuottamiseen ryhm\u00e4mme on osallistunut. Verrokkigenomeja edustavat yksil\u00f6t ovat kaikki ker\u00e4tty Pohjois-Karjalasta. Listaa p\u00e4ivitet\u00e4\u00e4n hankkeen edetess\u00e4. Kultasurviaiskoi (Nemophora metallica) Haapaperhonen (Limenitis populi) R\u00e4mevenhokas (Nola aerugula) Nunnakirjokoisa (Pyrausta [&hellip;]","og_url":"https:\/\/sites.uef.fi\/biodiversitygenomics\/psyche-hanke\/","og_site_name":"UEF Biodiversiteettigenetiikka","article_modified_time":"2026-01-27T13:57:37+00:00","og_image":[{"width":2560,"height":1461,"url":"https:\/\/sites.uef.fi\/biodiversitygenomics\/wp-content\/uploads\/sites\/569\/2026\/01\/IMG_2780-scaled.jpeg","type":"image\/jpeg"}],"twitter_card":"summary_large_image","twitter_misc":{"Arvioitu lukuaika":"1 minuutti"},"schema":{"@context":"https:\/\/schema.org","@graph":[{"@type":"WebPage","@id":"https:\/\/sites.uef.fi\/biodiversitygenomics\/psyche-hanke\/","url":"https:\/\/sites.uef.fi\/biodiversitygenomics\/psyche-hanke\/","name":"Psyche-hanke - UEF Biodiversiteettigenetiikka","isPartOf":{"@id":"https:\/\/sites.uef.fi\/biodiversitygenomics\/#website"},"primaryImageOfPage":{"@id":"https:\/\/sites.uef.fi\/biodiversitygenomics\/psyche-hanke\/#primaryimage"},"image":{"@id":"https:\/\/sites.uef.fi\/biodiversitygenomics\/psyche-hanke\/#primaryimage"},"thumbnailUrl":"https:\/\/sites.uef.fi\/biodiversitygenomics\/wp-content\/uploads\/sites\/569\/2026\/01\/IMG_2780-1024x584.jpeg","datePublished":"2026-01-27T13:57:23+00:00","dateModified":"2026-01-27T13:57:37+00:00","breadcrumb":{"@id":"https:\/\/sites.uef.fi\/biodiversitygenomics\/psyche-hanke\/#breadcrumb"},"inLanguage":"fi","potentialAction":[{"@type":"ReadAction","target":["https:\/\/sites.uef.fi\/biodiversitygenomics\/psyche-hanke\/"]}]},{"@type":"ImageObject","inLanguage":"fi","@id":"https:\/\/sites.uef.fi\/biodiversitygenomics\/psyche-hanke\/#primaryimage","url":"https:\/\/sites.uef.fi\/biodiversitygenomics\/wp-content\/uploads\/sites\/569\/2026\/01\/IMG_2780-scaled.jpeg","contentUrl":"https:\/\/sites.uef.fi\/biodiversitygenomics\/wp-content\/uploads\/sites\/569\/2026\/01\/IMG_2780-scaled.jpeg","width":2560,"height":1461,"caption":"Rauhoitettu kirjoverkkoperhonen (Euphydryas maturna) on paikoin yleinen Pohjois-Karjalassa. Kuva: Jaakko Pohjoism\u00e4ki."},{"@type":"BreadcrumbList","@id":"https:\/\/sites.uef.fi\/biodiversitygenomics\/psyche-hanke\/#breadcrumb","itemListElement":[{"@type":"ListItem","position":1,"name":"Etusivu","item":"https:\/\/sites.uef.fi\/biodiversitygenomics\/"},{"@type":"ListItem","position":2,"name":"Psyche-hanke"}]},{"@type":"WebSite","@id":"https:\/\/sites.uef.fi\/biodiversitygenomics\/#website","url":"https:\/\/sites.uef.fi\/biodiversitygenomics\/","name":"UEF Biodiversiteettigenetiikka","description":"","potentialAction":[{"@type":"SearchAction","target":{"@type":"EntryPoint","urlTemplate":"https:\/\/sites.uef.fi\/biodiversitygenomics\/?s={search_term_string}"},"query-input":{"@type":"PropertyValueSpecification","valueRequired":true,"valueName":"search_term_string"}}],"inLanguage":"fi"}]}},"_links":{"self":[{"href":"https:\/\/sites.uef.fi\/biodiversitygenomics\/wp-json\/wp\/v2\/pages\/145","targetHints":{"allow":["GET"]}}],"collection":[{"href":"https:\/\/sites.uef.fi\/biodiversitygenomics\/wp-json\/wp\/v2\/pages"}],"about":[{"href":"https:\/\/sites.uef.fi\/biodiversitygenomics\/wp-json\/wp\/v2\/types\/page"}],"author":[{"embeddable":true,"href":"https:\/\/sites.uef.fi\/biodiversitygenomics\/wp-json\/wp\/v2\/users\/1000"}],"replies":[{"embeddable":true,"href":"https:\/\/sites.uef.fi\/biodiversitygenomics\/wp-json\/wp\/v2\/comments?post=145"}],"version-history":[{"count":2,"href":"https:\/\/sites.uef.fi\/biodiversitygenomics\/wp-json\/wp\/v2\/pages\/145\/revisions"}],"predecessor-version":[{"id":150,"href":"https:\/\/sites.uef.fi\/biodiversitygenomics\/wp-json\/wp\/v2\/pages\/145\/revisions\/150"}],"wp:attachment":[{"href":"https:\/\/sites.uef.fi\/biodiversitygenomics\/wp-json\/wp\/v2\/media?parent=145"}],"curies":[{"name":"wp","href":"https:\/\/api.w.org\/{rel}","templated":true}]}}