{"id":158,"date":"2026-01-28T09:11:46","date_gmt":"2026-01-28T07:11:46","guid":{"rendered":"https:\/\/sites.uef.fi\/biodiversitygenomics\/?page_id=158"},"modified":"2026-03-19T14:35:51","modified_gmt":"2026-03-19T12:35:51","slug":"dtol-hanke","status":"publish","type":"page","link":"https:\/\/sites.uef.fi\/biodiversitygenomics\/dtol-hanke\/","title":{"rendered":"DToL-hanke"},"content":{"rendered":"\n<figure class=\"wp-block-image size-large\"><img loading=\"lazy\" decoding=\"async\" width=\"1024\" height=\"768\" src=\"https:\/\/sites.uef.fi\/biodiversitygenomics\/wp-content\/uploads\/sites\/569\/2026\/01\/IMG_3313-1024x768.jpeg\" alt=\"\" class=\"wp-image-183\" srcset=\"https:\/\/sites.uef.fi\/biodiversitygenomics\/wp-content\/uploads\/sites\/569\/2026\/01\/IMG_3313-1024x768.jpeg 1024w, https:\/\/sites.uef.fi\/biodiversitygenomics\/wp-content\/uploads\/sites\/569\/2026\/01\/IMG_3313-300x225.jpeg 300w, https:\/\/sites.uef.fi\/biodiversitygenomics\/wp-content\/uploads\/sites\/569\/2026\/01\/IMG_3313-768x576.jpeg 768w, https:\/\/sites.uef.fi\/biodiversitygenomics\/wp-content\/uploads\/sites\/569\/2026\/01\/IMG_3313-1536x1152.jpeg 1536w, https:\/\/sites.uef.fi\/biodiversitygenomics\/wp-content\/uploads\/sites\/569\/2026\/01\/IMG_3313-2048x1536.jpeg 2048w\" sizes=\"auto, (max-width: 1024px) 100vw, 1024px\" \/><figcaption class=\"wp-element-caption\">Kyrmypalok\u00e4rp\u00e4nen (<em>Laphria gibbosa<\/em>) sy\u00f6m\u00e4ss\u00e4 kimalaista. Laji edustaa yht\u00e4 DToL-hankkeen puitteissa tuotettavista genomeista. Kuva: Jaakko Pohjoism\u00e4ki.<\/figcaption><\/figure>\n\n\n\n<p><a href=\"https:\/\/www.darwintreeoflife.org\">Darwin Tree of Life<\/a> -hanke pyrkii tuottamaan referenssitasoiset perim\u00e4t kaikille Britteinsaarilla esiintyville eukaryooteille. Olemme osallistuneet hankkeeseen tarjoamalla n\u00e4ytteit\u00e4 taksoneista, jotka ovat Britteinsaarilla harvinaisia ja joista on vaikea saada hyv\u00e4laatuisia n\u00e4ytteit\u00e4.<\/p>\n\n\n\n<p>T\u00e4h\u00e4n menness\u00e4 valmistuneita Suomesta ker\u00e4ttyjen lajien DToL:n tuottamia verrokkigenomeja:<\/p>\n\n\n\n<p><a href=\"https:\/\/wellcomeopenresearch.org\/articles\/10-567\/v1\">Haapalatikka (<em>Aradus truncatus<\/em>)<\/a><\/p>\n\n\n\n<p><a href=\"https:\/\/wellcomeopenresearch.org\/articles\/11-167\/v1\">Mets\u00e4ikkunak\u00e4rp\u00e4nen (<em>Scenopinus jerei<\/em>)<\/a><\/p>\n\n\n\n<p>Saksanpetok\u00e4rp\u00e4nen (<em>Pamponerus germanicus<\/em>) &#8211; <a href=\"https:\/\/www.ncbi.nlm.nih.gov\/datasets\/genome\/GCA_965601395.1\/\">genomi valmis<\/a>, julkaisu tulossa<\/p>\n\n\n\n<p>Sorjapetok\u00e4rp\u00e4nen (<em>Cyrtopogon pulchripes<\/em>) &#8211; <a href=\"https:\/\/www.ncbi.nlm.nih.gov\/datasets\/genome\/GCA_971800845.1\/\">genomi valmis<\/a>, julkaisu tulossa<\/p>\n\n\n\n<p><\/p>\n","protected":false},"excerpt":{"rendered":"<p>Darwin Tree of Life -hanke pyrkii tuottamaan referenssitasoiset perim\u00e4t kaikille Britteinsaarilla esiintyville eukaryooteille. Olemme osallistuneet hankkeeseen tarjoamalla n\u00e4ytteit\u00e4 taksoneista, jotka ovat Britteinsaarilla harvinaisia ja joista on vaikea saada hyv\u00e4laatuisia n\u00e4ytteit\u00e4. T\u00e4h\u00e4n menness\u00e4 valmistuneita Suomesta ker\u00e4ttyjen lajien DToL:n tuottamia verrokkigenomeja: Haapalatikka (Aradus truncatus) Mets\u00e4ikkunak\u00e4rp\u00e4nen (Scenopinus jerei) Saksanpetok\u00e4rp\u00e4nen (Pamponerus germanicus) &#8211; genomi valmis, julkaisu tulossa Sorjapetok\u00e4rp\u00e4nen (Cyrtopogon [&hellip;]<\/p>\n","protected":false},"author":1000,"featured_media":0,"parent":0,"menu_order":0,"comment_status":"closed","ping_status":"closed","template":"","meta":{"_acf_changed":false,"footnotes":""},"class_list":["post-158","page","type-page","status-publish","hentry"],"acf":[],"yoast_head":"<!-- This site is optimized with the Yoast SEO plugin v27.1.1 - https:\/\/yoast.com\/product\/yoast-seo-wordpress\/ -->\n<title>DToL-hanke - UEF Biodiversiteettigenetiikka<\/title>\n<meta name=\"robots\" content=\"index, follow, max-snippet:-1, max-image-preview:large, max-video-preview:-1\" \/>\n<link rel=\"canonical\" href=\"https:\/\/sites.uef.fi\/biodiversitygenomics\/dtol-hanke\/\" \/>\n<meta property=\"og:locale\" content=\"fi_FI\" \/>\n<meta property=\"og:type\" content=\"article\" \/>\n<meta property=\"og:title\" content=\"DToL-hanke - UEF Biodiversiteettigenetiikka\" \/>\n<meta property=\"og:description\" content=\"Darwin Tree of Life -hanke pyrkii tuottamaan referenssitasoiset perim\u00e4t kaikille Britteinsaarilla esiintyville eukaryooteille. Olemme osallistuneet hankkeeseen tarjoamalla n\u00e4ytteit\u00e4 taksoneista, jotka ovat Britteinsaarilla harvinaisia ja joista on vaikea saada hyv\u00e4laatuisia n\u00e4ytteit\u00e4. T\u00e4h\u00e4n menness\u00e4 valmistuneita Suomesta ker\u00e4ttyjen lajien DToL:n tuottamia verrokkigenomeja: Haapalatikka (Aradus truncatus) Mets\u00e4ikkunak\u00e4rp\u00e4nen (Scenopinus jerei) Saksanpetok\u00e4rp\u00e4nen (Pamponerus germanicus) &#8211; genomi valmis, julkaisu tulossa Sorjapetok\u00e4rp\u00e4nen (Cyrtopogon [&hellip;]\" \/>\n<meta property=\"og:url\" content=\"https:\/\/sites.uef.fi\/biodiversitygenomics\/dtol-hanke\/\" \/>\n<meta property=\"og:site_name\" content=\"UEF Biodiversiteettigenetiikka\" \/>\n<meta property=\"article:modified_time\" content=\"2026-03-19T12:35:51+00:00\" \/>\n<meta property=\"og:image\" content=\"https:\/\/sites.uef.fi\/biodiversitygenomics\/wp-content\/uploads\/sites\/569\/2026\/01\/IMG_3313-scaled.jpeg\" \/>\n\t<meta property=\"og:image:width\" content=\"2560\" \/>\n\t<meta property=\"og:image:height\" content=\"1920\" \/>\n\t<meta property=\"og:image:type\" content=\"image\/jpeg\" \/>\n<meta name=\"twitter:card\" content=\"summary_large_image\" \/>\n<meta name=\"twitter:label1\" content=\"Arvioitu lukuaika\" \/>\n\t<meta name=\"twitter:data1\" content=\"1 minuutti\" \/>\n<script type=\"application\/ld+json\" class=\"yoast-schema-graph\">{\"@context\":\"https:\/\/schema.org\",\"@graph\":[{\"@type\":\"WebPage\",\"@id\":\"https:\/\/sites.uef.fi\/biodiversitygenomics\/dtol-hanke\/\",\"url\":\"https:\/\/sites.uef.fi\/biodiversitygenomics\/dtol-hanke\/\",\"name\":\"DToL-hanke - UEF Biodiversiteettigenetiikka\",\"isPartOf\":{\"@id\":\"https:\/\/sites.uef.fi\/biodiversitygenomics\/#website\"},\"primaryImageOfPage\":{\"@id\":\"https:\/\/sites.uef.fi\/biodiversitygenomics\/dtol-hanke\/#primaryimage\"},\"image\":{\"@id\":\"https:\/\/sites.uef.fi\/biodiversitygenomics\/dtol-hanke\/#primaryimage\"},\"thumbnailUrl\":\"https:\/\/sites.uef.fi\/biodiversitygenomics\/wp-content\/uploads\/sites\/569\/2026\/01\/IMG_3313-1024x768.jpeg\",\"datePublished\":\"2026-01-28T07:11:46+00:00\",\"dateModified\":\"2026-03-19T12:35:51+00:00\",\"breadcrumb\":{\"@id\":\"https:\/\/sites.uef.fi\/biodiversitygenomics\/dtol-hanke\/#breadcrumb\"},\"inLanguage\":\"fi\",\"potentialAction\":[{\"@type\":\"ReadAction\",\"target\":[\"https:\/\/sites.uef.fi\/biodiversitygenomics\/dtol-hanke\/\"]}]},{\"@type\":\"ImageObject\",\"inLanguage\":\"fi\",\"@id\":\"https:\/\/sites.uef.fi\/biodiversitygenomics\/dtol-hanke\/#primaryimage\",\"url\":\"https:\/\/sites.uef.fi\/biodiversitygenomics\/wp-content\/uploads\/sites\/569\/2026\/01\/IMG_3313-scaled.jpeg\",\"contentUrl\":\"https:\/\/sites.uef.fi\/biodiversitygenomics\/wp-content\/uploads\/sites\/569\/2026\/01\/IMG_3313-scaled.jpeg\",\"width\":2560,\"height\":1920,\"caption\":\"Kyrmypalok\u00e4rp\u00e4nen (Laphria gibbosa) sy\u00f6m\u00e4ss\u00e4 kimalaista. Laji edustaa yht\u00e4 DToL-hankkeen puitteissa tuotettavista genomeista.\"},{\"@type\":\"BreadcrumbList\",\"@id\":\"https:\/\/sites.uef.fi\/biodiversitygenomics\/dtol-hanke\/#breadcrumb\",\"itemListElement\":[{\"@type\":\"ListItem\",\"position\":1,\"name\":\"Etusivu\",\"item\":\"https:\/\/sites.uef.fi\/biodiversitygenomics\/\"},{\"@type\":\"ListItem\",\"position\":2,\"name\":\"DToL-hanke\"}]},{\"@type\":\"WebSite\",\"@id\":\"https:\/\/sites.uef.fi\/biodiversitygenomics\/#website\",\"url\":\"https:\/\/sites.uef.fi\/biodiversitygenomics\/\",\"name\":\"UEF Biodiversiteettigenetiikka\",\"description\":\"\",\"potentialAction\":[{\"@type\":\"SearchAction\",\"target\":{\"@type\":\"EntryPoint\",\"urlTemplate\":\"https:\/\/sites.uef.fi\/biodiversitygenomics\/?s={search_term_string}\"},\"query-input\":{\"@type\":\"PropertyValueSpecification\",\"valueRequired\":true,\"valueName\":\"search_term_string\"}}],\"inLanguage\":\"fi\"}]}<\/script>\n<!-- \/ Yoast SEO plugin. -->","yoast_head_json":{"title":"DToL-hanke - UEF Biodiversiteettigenetiikka","robots":{"index":"index","follow":"follow","max-snippet":"max-snippet:-1","max-image-preview":"max-image-preview:large","max-video-preview":"max-video-preview:-1"},"canonical":"https:\/\/sites.uef.fi\/biodiversitygenomics\/dtol-hanke\/","og_locale":"fi_FI","og_type":"article","og_title":"DToL-hanke - UEF Biodiversiteettigenetiikka","og_description":"Darwin Tree of Life -hanke pyrkii tuottamaan referenssitasoiset perim\u00e4t kaikille Britteinsaarilla esiintyville eukaryooteille. Olemme osallistuneet hankkeeseen tarjoamalla n\u00e4ytteit\u00e4 taksoneista, jotka ovat Britteinsaarilla harvinaisia ja joista on vaikea saada hyv\u00e4laatuisia n\u00e4ytteit\u00e4. T\u00e4h\u00e4n menness\u00e4 valmistuneita Suomesta ker\u00e4ttyjen lajien DToL:n tuottamia verrokkigenomeja: Haapalatikka (Aradus truncatus) Mets\u00e4ikkunak\u00e4rp\u00e4nen (Scenopinus jerei) Saksanpetok\u00e4rp\u00e4nen (Pamponerus germanicus) &#8211; genomi valmis, julkaisu tulossa Sorjapetok\u00e4rp\u00e4nen (Cyrtopogon [&hellip;]","og_url":"https:\/\/sites.uef.fi\/biodiversitygenomics\/dtol-hanke\/","og_site_name":"UEF Biodiversiteettigenetiikka","article_modified_time":"2026-03-19T12:35:51+00:00","og_image":[{"width":2560,"height":1920,"url":"https:\/\/sites.uef.fi\/biodiversitygenomics\/wp-content\/uploads\/sites\/569\/2026\/01\/IMG_3313-scaled.jpeg","type":"image\/jpeg"}],"twitter_card":"summary_large_image","twitter_misc":{"Arvioitu lukuaika":"1 minuutti"},"schema":{"@context":"https:\/\/schema.org","@graph":[{"@type":"WebPage","@id":"https:\/\/sites.uef.fi\/biodiversitygenomics\/dtol-hanke\/","url":"https:\/\/sites.uef.fi\/biodiversitygenomics\/dtol-hanke\/","name":"DToL-hanke - UEF Biodiversiteettigenetiikka","isPartOf":{"@id":"https:\/\/sites.uef.fi\/biodiversitygenomics\/#website"},"primaryImageOfPage":{"@id":"https:\/\/sites.uef.fi\/biodiversitygenomics\/dtol-hanke\/#primaryimage"},"image":{"@id":"https:\/\/sites.uef.fi\/biodiversitygenomics\/dtol-hanke\/#primaryimage"},"thumbnailUrl":"https:\/\/sites.uef.fi\/biodiversitygenomics\/wp-content\/uploads\/sites\/569\/2026\/01\/IMG_3313-1024x768.jpeg","datePublished":"2026-01-28T07:11:46+00:00","dateModified":"2026-03-19T12:35:51+00:00","breadcrumb":{"@id":"https:\/\/sites.uef.fi\/biodiversitygenomics\/dtol-hanke\/#breadcrumb"},"inLanguage":"fi","potentialAction":[{"@type":"ReadAction","target":["https:\/\/sites.uef.fi\/biodiversitygenomics\/dtol-hanke\/"]}]},{"@type":"ImageObject","inLanguage":"fi","@id":"https:\/\/sites.uef.fi\/biodiversitygenomics\/dtol-hanke\/#primaryimage","url":"https:\/\/sites.uef.fi\/biodiversitygenomics\/wp-content\/uploads\/sites\/569\/2026\/01\/IMG_3313-scaled.jpeg","contentUrl":"https:\/\/sites.uef.fi\/biodiversitygenomics\/wp-content\/uploads\/sites\/569\/2026\/01\/IMG_3313-scaled.jpeg","width":2560,"height":1920,"caption":"Kyrmypalok\u00e4rp\u00e4nen (Laphria gibbosa) sy\u00f6m\u00e4ss\u00e4 kimalaista. Laji edustaa yht\u00e4 DToL-hankkeen puitteissa tuotettavista genomeista."},{"@type":"BreadcrumbList","@id":"https:\/\/sites.uef.fi\/biodiversitygenomics\/dtol-hanke\/#breadcrumb","itemListElement":[{"@type":"ListItem","position":1,"name":"Etusivu","item":"https:\/\/sites.uef.fi\/biodiversitygenomics\/"},{"@type":"ListItem","position":2,"name":"DToL-hanke"}]},{"@type":"WebSite","@id":"https:\/\/sites.uef.fi\/biodiversitygenomics\/#website","url":"https:\/\/sites.uef.fi\/biodiversitygenomics\/","name":"UEF Biodiversiteettigenetiikka","description":"","potentialAction":[{"@type":"SearchAction","target":{"@type":"EntryPoint","urlTemplate":"https:\/\/sites.uef.fi\/biodiversitygenomics\/?s={search_term_string}"},"query-input":{"@type":"PropertyValueSpecification","valueRequired":true,"valueName":"search_term_string"}}],"inLanguage":"fi"}]}},"_links":{"self":[{"href":"https:\/\/sites.uef.fi\/biodiversitygenomics\/wp-json\/wp\/v2\/pages\/158","targetHints":{"allow":["GET"]}}],"collection":[{"href":"https:\/\/sites.uef.fi\/biodiversitygenomics\/wp-json\/wp\/v2\/pages"}],"about":[{"href":"https:\/\/sites.uef.fi\/biodiversitygenomics\/wp-json\/wp\/v2\/types\/page"}],"author":[{"embeddable":true,"href":"https:\/\/sites.uef.fi\/biodiversitygenomics\/wp-json\/wp\/v2\/users\/1000"}],"replies":[{"embeddable":true,"href":"https:\/\/sites.uef.fi\/biodiversitygenomics\/wp-json\/wp\/v2\/comments?post=158"}],"version-history":[{"count":2,"href":"https:\/\/sites.uef.fi\/biodiversitygenomics\/wp-json\/wp\/v2\/pages\/158\/revisions"}],"predecessor-version":[{"id":429,"href":"https:\/\/sites.uef.fi\/biodiversitygenomics\/wp-json\/wp\/v2\/pages\/158\/revisions\/429"}],"wp:attachment":[{"href":"https:\/\/sites.uef.fi\/biodiversitygenomics\/wp-json\/wp\/v2\/media?parent=158"}],"curies":[{"name":"wp","href":"https:\/\/api.w.org\/{rel}","templated":true}]}}