{"id":164,"date":"2026-01-28T15:35:33","date_gmt":"2026-01-28T13:35:33","guid":{"rendered":"https:\/\/sites.uef.fi\/biodiversitygenomics\/?page_id=164"},"modified":"2026-01-28T15:35:37","modified_gmt":"2026-01-28T13:35:37","slug":"soluelaintarha","status":"publish","type":"page","link":"https:\/\/sites.uef.fi\/biodiversitygenomics\/soluelaintarha\/","title":{"rendered":"Soluel\u00e4intarha"},"content":{"rendered":"\n<figure class=\"wp-block-image size-large\"><img loading=\"lazy\" decoding=\"async\" width=\"1024\" height=\"575\" src=\"https:\/\/sites.uef.fi\/biodiversitygenomics\/wp-content\/uploads\/sites\/569\/2026\/01\/Screenshot-2026-01-28-at-15.29.49-1024x575.png\" alt=\"\" class=\"wp-image-165\" srcset=\"https:\/\/sites.uef.fi\/biodiversitygenomics\/wp-content\/uploads\/sites\/569\/2026\/01\/Screenshot-2026-01-28-at-15.29.49-1024x575.png 1024w, https:\/\/sites.uef.fi\/biodiversitygenomics\/wp-content\/uploads\/sites\/569\/2026\/01\/Screenshot-2026-01-28-at-15.29.49-300x168.png 300w, https:\/\/sites.uef.fi\/biodiversitygenomics\/wp-content\/uploads\/sites\/569\/2026\/01\/Screenshot-2026-01-28-at-15.29.49-768x431.png 768w, https:\/\/sites.uef.fi\/biodiversitygenomics\/wp-content\/uploads\/sites\/569\/2026\/01\/Screenshot-2026-01-28-at-15.29.49-992x558.png 992w, https:\/\/sites.uef.fi\/biodiversitygenomics\/wp-content\/uploads\/sites\/569\/2026\/01\/Screenshot-2026-01-28-at-15.29.49.png 1317w\" sizes=\"auto, (max-width: 1024px) 100vw, 1024px\" \/><\/figure>\n\n\n\n<p>Ker\u00e4\u00e4mme ja yll\u00e4pid\u00e4mme solulinjoja luonnonvaraisista suomalaisista nis\u00e4kk\u00e4ist\u00e4 ja linnuista. Suurin osa n\u00e4ist\u00e4 on eristetty riitt\u00e4v\u00e4n tuoreista, kuolleina l\u00f6ytyneist\u00e4 tai hoidossa kuolleista el\u00e4imist\u00e4. Koska solujen erist\u00e4miseen riitt\u00e4\u00e4 verraten pieni ihon\u00e4yte, n\u00e4it\u00e4 on mahdollista ker\u00e4t\u00e4 el\u00e4vist\u00e4 el\u00e4imist\u00e4 muun tutkimuksen ohella ilman, ett\u00e4 el\u00e4imille aiheutuu t\u00e4st\u00e4 isoa haittaa. Ty\u00f6ryhm\u00e4ll\u00e4 on luvat ker\u00e4t\u00e4 ja s\u00e4ilytt\u00e4\u00e4 my\u00f6s rauhoitettujen lajien solulinjoja.<\/p>\n\n\n\n<p>Solulinjat ovat erinomainen l\u00e4hde korkealaatuiselle DNA:lle ja RNA:lle hy\u00f6dynnett\u00e4v\u00e4ksi genomihankkeissa. Lis\u00e4ksi solut mahdollistavat monenlaista kokeellista tutkimusta, mit\u00e4 olisi k\u00e4yt\u00e4nn\u00f6ss\u00e4 mahdotonta toteuttaa luonnonvaraisilla el\u00e4imill\u00e4.<\/p>\n","protected":false},"excerpt":{"rendered":"<p>Ker\u00e4\u00e4mme ja yll\u00e4pid\u00e4mme solulinjoja luonnonvaraisista suomalaisista nis\u00e4kk\u00e4ist\u00e4 ja linnuista. Suurin osa n\u00e4ist\u00e4 on eristetty riitt\u00e4v\u00e4n tuoreista, kuolleina l\u00f6ytyneist\u00e4 tai hoidossa kuolleista el\u00e4imist\u00e4. Koska solujen erist\u00e4miseen riitt\u00e4\u00e4 verraten pieni ihon\u00e4yte, n\u00e4it\u00e4 on mahdollista ker\u00e4t\u00e4 el\u00e4vist\u00e4 el\u00e4imist\u00e4 muun tutkimuksen ohella ilman, ett\u00e4 el\u00e4imille aiheutuu t\u00e4st\u00e4 isoa haittaa. Ty\u00f6ryhm\u00e4ll\u00e4 on luvat ker\u00e4t\u00e4 ja s\u00e4ilytt\u00e4\u00e4 my\u00f6s rauhoitettujen lajien solulinjoja. [&hellip;]<\/p>\n","protected":false},"author":1000,"featured_media":0,"parent":0,"menu_order":0,"comment_status":"closed","ping_status":"closed","template":"","meta":{"_acf_changed":false,"footnotes":""},"class_list":["post-164","page","type-page","status-publish","hentry"],"acf":[],"yoast_head":"<!-- This site is optimized with the Yoast SEO plugin v27.1.1 - https:\/\/yoast.com\/product\/yoast-seo-wordpress\/ -->\n<title>Soluel\u00e4intarha - UEF Biodiversiteettigenetiikka<\/title>\n<meta name=\"robots\" content=\"index, follow, max-snippet:-1, max-image-preview:large, max-video-preview:-1\" \/>\n<link rel=\"canonical\" href=\"https:\/\/sites.uef.fi\/biodiversitygenomics\/soluelaintarha\/\" \/>\n<meta property=\"og:locale\" content=\"fi_FI\" \/>\n<meta property=\"og:type\" content=\"article\" \/>\n<meta property=\"og:title\" content=\"Soluel\u00e4intarha - UEF Biodiversiteettigenetiikka\" \/>\n<meta property=\"og:description\" content=\"Ker\u00e4\u00e4mme ja yll\u00e4pid\u00e4mme solulinjoja luonnonvaraisista suomalaisista nis\u00e4kk\u00e4ist\u00e4 ja linnuista. Suurin osa n\u00e4ist\u00e4 on eristetty riitt\u00e4v\u00e4n tuoreista, kuolleina l\u00f6ytyneist\u00e4 tai hoidossa kuolleista el\u00e4imist\u00e4. Koska solujen erist\u00e4miseen riitt\u00e4\u00e4 verraten pieni ihon\u00e4yte, n\u00e4it\u00e4 on mahdollista ker\u00e4t\u00e4 el\u00e4vist\u00e4 el\u00e4imist\u00e4 muun tutkimuksen ohella ilman, ett\u00e4 el\u00e4imille aiheutuu t\u00e4st\u00e4 isoa haittaa. Ty\u00f6ryhm\u00e4ll\u00e4 on luvat ker\u00e4t\u00e4 ja s\u00e4ilytt\u00e4\u00e4 my\u00f6s rauhoitettujen lajien solulinjoja. [&hellip;]\" \/>\n<meta property=\"og:url\" content=\"https:\/\/sites.uef.fi\/biodiversitygenomics\/soluelaintarha\/\" \/>\n<meta property=\"og:site_name\" content=\"UEF Biodiversiteettigenetiikka\" \/>\n<meta property=\"article:modified_time\" content=\"2026-01-28T13:35:37+00:00\" \/>\n<meta property=\"og:image\" content=\"https:\/\/sites.uef.fi\/biodiversitygenomics\/wp-content\/uploads\/sites\/569\/2026\/01\/Screenshot-2026-01-28-at-15.29.49-1024x575.png\" \/>\n\t<meta property=\"og:image:width\" content=\"1024\" \/>\n\t<meta property=\"og:image:height\" content=\"575\" \/>\n\t<meta property=\"og:image:type\" content=\"image\/png\" \/>\n<meta name=\"twitter:card\" content=\"summary_large_image\" \/>\n<meta name=\"twitter:label1\" content=\"Arvioitu lukuaika\" \/>\n\t<meta name=\"twitter:data1\" content=\"1 minuutti\" \/>\n<script type=\"application\/ld+json\" class=\"yoast-schema-graph\">{\"@context\":\"https:\/\/schema.org\",\"@graph\":[{\"@type\":\"WebPage\",\"@id\":\"https:\/\/sites.uef.fi\/biodiversitygenomics\/soluelaintarha\/\",\"url\":\"https:\/\/sites.uef.fi\/biodiversitygenomics\/soluelaintarha\/\",\"name\":\"Soluel\u00e4intarha - UEF Biodiversiteettigenetiikka\",\"isPartOf\":{\"@id\":\"https:\/\/sites.uef.fi\/biodiversitygenomics\/#website\"},\"primaryImageOfPage\":{\"@id\":\"https:\/\/sites.uef.fi\/biodiversitygenomics\/soluelaintarha\/#primaryimage\"},\"image\":{\"@id\":\"https:\/\/sites.uef.fi\/biodiversitygenomics\/soluelaintarha\/#primaryimage\"},\"thumbnailUrl\":\"https:\/\/sites.uef.fi\/biodiversitygenomics\/wp-content\/uploads\/sites\/569\/2026\/01\/Screenshot-2026-01-28-at-15.29.49-1024x575.png\",\"datePublished\":\"2026-01-28T13:35:33+00:00\",\"dateModified\":\"2026-01-28T13:35:37+00:00\",\"breadcrumb\":{\"@id\":\"https:\/\/sites.uef.fi\/biodiversitygenomics\/soluelaintarha\/#breadcrumb\"},\"inLanguage\":\"fi\",\"potentialAction\":[{\"@type\":\"ReadAction\",\"target\":[\"https:\/\/sites.uef.fi\/biodiversitygenomics\/soluelaintarha\/\"]}]},{\"@type\":\"ImageObject\",\"inLanguage\":\"fi\",\"@id\":\"https:\/\/sites.uef.fi\/biodiversitygenomics\/soluelaintarha\/#primaryimage\",\"url\":\"https:\/\/sites.uef.fi\/biodiversitygenomics\/wp-content\/uploads\/sites\/569\/2026\/01\/Screenshot-2026-01-28-at-15.29.49.png\",\"contentUrl\":\"https:\/\/sites.uef.fi\/biodiversitygenomics\/wp-content\/uploads\/sites\/569\/2026\/01\/Screenshot-2026-01-28-at-15.29.49.png\",\"width\":1317,\"height\":739},{\"@type\":\"BreadcrumbList\",\"@id\":\"https:\/\/sites.uef.fi\/biodiversitygenomics\/soluelaintarha\/#breadcrumb\",\"itemListElement\":[{\"@type\":\"ListItem\",\"position\":1,\"name\":\"Etusivu\",\"item\":\"https:\/\/sites.uef.fi\/biodiversitygenomics\/\"},{\"@type\":\"ListItem\",\"position\":2,\"name\":\"Soluel\u00e4intarha\"}]},{\"@type\":\"WebSite\",\"@id\":\"https:\/\/sites.uef.fi\/biodiversitygenomics\/#website\",\"url\":\"https:\/\/sites.uef.fi\/biodiversitygenomics\/\",\"name\":\"UEF Biodiversiteettigenetiikka\",\"description\":\"\",\"potentialAction\":[{\"@type\":\"SearchAction\",\"target\":{\"@type\":\"EntryPoint\",\"urlTemplate\":\"https:\/\/sites.uef.fi\/biodiversitygenomics\/?s={search_term_string}\"},\"query-input\":{\"@type\":\"PropertyValueSpecification\",\"valueRequired\":true,\"valueName\":\"search_term_string\"}}],\"inLanguage\":\"fi\"}]}<\/script>\n<!-- \/ Yoast SEO plugin. -->","yoast_head_json":{"title":"Soluel\u00e4intarha - UEF Biodiversiteettigenetiikka","robots":{"index":"index","follow":"follow","max-snippet":"max-snippet:-1","max-image-preview":"max-image-preview:large","max-video-preview":"max-video-preview:-1"},"canonical":"https:\/\/sites.uef.fi\/biodiversitygenomics\/soluelaintarha\/","og_locale":"fi_FI","og_type":"article","og_title":"Soluel\u00e4intarha - UEF Biodiversiteettigenetiikka","og_description":"Ker\u00e4\u00e4mme ja yll\u00e4pid\u00e4mme solulinjoja luonnonvaraisista suomalaisista nis\u00e4kk\u00e4ist\u00e4 ja linnuista. Suurin osa n\u00e4ist\u00e4 on eristetty riitt\u00e4v\u00e4n tuoreista, kuolleina l\u00f6ytyneist\u00e4 tai hoidossa kuolleista el\u00e4imist\u00e4. Koska solujen erist\u00e4miseen riitt\u00e4\u00e4 verraten pieni ihon\u00e4yte, n\u00e4it\u00e4 on mahdollista ker\u00e4t\u00e4 el\u00e4vist\u00e4 el\u00e4imist\u00e4 muun tutkimuksen ohella ilman, ett\u00e4 el\u00e4imille aiheutuu t\u00e4st\u00e4 isoa haittaa. Ty\u00f6ryhm\u00e4ll\u00e4 on luvat ker\u00e4t\u00e4 ja s\u00e4ilytt\u00e4\u00e4 my\u00f6s rauhoitettujen lajien solulinjoja. [&hellip;]","og_url":"https:\/\/sites.uef.fi\/biodiversitygenomics\/soluelaintarha\/","og_site_name":"UEF Biodiversiteettigenetiikka","article_modified_time":"2026-01-28T13:35:37+00:00","og_image":[{"width":1024,"height":575,"url":"https:\/\/sites.uef.fi\/biodiversitygenomics\/wp-content\/uploads\/sites\/569\/2026\/01\/Screenshot-2026-01-28-at-15.29.49-1024x575.png","type":"image\/png"}],"twitter_card":"summary_large_image","twitter_misc":{"Arvioitu lukuaika":"1 minuutti"},"schema":{"@context":"https:\/\/schema.org","@graph":[{"@type":"WebPage","@id":"https:\/\/sites.uef.fi\/biodiversitygenomics\/soluelaintarha\/","url":"https:\/\/sites.uef.fi\/biodiversitygenomics\/soluelaintarha\/","name":"Soluel\u00e4intarha - UEF Biodiversiteettigenetiikka","isPartOf":{"@id":"https:\/\/sites.uef.fi\/biodiversitygenomics\/#website"},"primaryImageOfPage":{"@id":"https:\/\/sites.uef.fi\/biodiversitygenomics\/soluelaintarha\/#primaryimage"},"image":{"@id":"https:\/\/sites.uef.fi\/biodiversitygenomics\/soluelaintarha\/#primaryimage"},"thumbnailUrl":"https:\/\/sites.uef.fi\/biodiversitygenomics\/wp-content\/uploads\/sites\/569\/2026\/01\/Screenshot-2026-01-28-at-15.29.49-1024x575.png","datePublished":"2026-01-28T13:35:33+00:00","dateModified":"2026-01-28T13:35:37+00:00","breadcrumb":{"@id":"https:\/\/sites.uef.fi\/biodiversitygenomics\/soluelaintarha\/#breadcrumb"},"inLanguage":"fi","potentialAction":[{"@type":"ReadAction","target":["https:\/\/sites.uef.fi\/biodiversitygenomics\/soluelaintarha\/"]}]},{"@type":"ImageObject","inLanguage":"fi","@id":"https:\/\/sites.uef.fi\/biodiversitygenomics\/soluelaintarha\/#primaryimage","url":"https:\/\/sites.uef.fi\/biodiversitygenomics\/wp-content\/uploads\/sites\/569\/2026\/01\/Screenshot-2026-01-28-at-15.29.49.png","contentUrl":"https:\/\/sites.uef.fi\/biodiversitygenomics\/wp-content\/uploads\/sites\/569\/2026\/01\/Screenshot-2026-01-28-at-15.29.49.png","width":1317,"height":739},{"@type":"BreadcrumbList","@id":"https:\/\/sites.uef.fi\/biodiversitygenomics\/soluelaintarha\/#breadcrumb","itemListElement":[{"@type":"ListItem","position":1,"name":"Etusivu","item":"https:\/\/sites.uef.fi\/biodiversitygenomics\/"},{"@type":"ListItem","position":2,"name":"Soluel\u00e4intarha"}]},{"@type":"WebSite","@id":"https:\/\/sites.uef.fi\/biodiversitygenomics\/#website","url":"https:\/\/sites.uef.fi\/biodiversitygenomics\/","name":"UEF Biodiversiteettigenetiikka","description":"","potentialAction":[{"@type":"SearchAction","target":{"@type":"EntryPoint","urlTemplate":"https:\/\/sites.uef.fi\/biodiversitygenomics\/?s={search_term_string}"},"query-input":{"@type":"PropertyValueSpecification","valueRequired":true,"valueName":"search_term_string"}}],"inLanguage":"fi"}]}},"_links":{"self":[{"href":"https:\/\/sites.uef.fi\/biodiversitygenomics\/wp-json\/wp\/v2\/pages\/164","targetHints":{"allow":["GET"]}}],"collection":[{"href":"https:\/\/sites.uef.fi\/biodiversitygenomics\/wp-json\/wp\/v2\/pages"}],"about":[{"href":"https:\/\/sites.uef.fi\/biodiversitygenomics\/wp-json\/wp\/v2\/types\/page"}],"author":[{"embeddable":true,"href":"https:\/\/sites.uef.fi\/biodiversitygenomics\/wp-json\/wp\/v2\/users\/1000"}],"replies":[{"embeddable":true,"href":"https:\/\/sites.uef.fi\/biodiversitygenomics\/wp-json\/wp\/v2\/comments?post=164"}],"version-history":[{"count":1,"href":"https:\/\/sites.uef.fi\/biodiversitygenomics\/wp-json\/wp\/v2\/pages\/164\/revisions"}],"predecessor-version":[{"id":168,"href":"https:\/\/sites.uef.fi\/biodiversitygenomics\/wp-json\/wp\/v2\/pages\/164\/revisions\/168"}],"wp:attachment":[{"href":"https:\/\/sites.uef.fi\/biodiversitygenomics\/wp-json\/wp\/v2\/media?parent=164"}],"curies":[{"name":"wp","href":"https:\/\/api.w.org\/{rel}","templated":true}]}}