{"id":176,"date":"2026-01-30T10:27:57","date_gmt":"2026-01-30T08:27:57","guid":{"rendered":"https:\/\/sites.uef.fi\/biodiversitygenomics\/?page_id=176"},"modified":"2026-02-07T15:30:58","modified_gmt":"2026-02-07T13:30:58","slug":"metsapeura","status":"publish","type":"page","link":"https:\/\/sites.uef.fi\/biodiversitygenomics\/metsapeura\/","title":{"rendered":"Mets\u00e4peura"},"content":{"rendered":"\n<figure class=\"wp-block-image size-large\"><img loading=\"lazy\" decoding=\"async\" width=\"1024\" height=\"768\" src=\"https:\/\/sites.uef.fi\/biodiversitygenomics\/wp-content\/uploads\/sites\/569\/2026\/01\/Puolukka-1024x768.jpg\" alt=\"\" class=\"wp-image-177\" srcset=\"https:\/\/sites.uef.fi\/biodiversitygenomics\/wp-content\/uploads\/sites\/569\/2026\/01\/Puolukka-1024x768.jpg 1024w, https:\/\/sites.uef.fi\/biodiversitygenomics\/wp-content\/uploads\/sites\/569\/2026\/01\/Puolukka-300x225.jpg 300w, https:\/\/sites.uef.fi\/biodiversitygenomics\/wp-content\/uploads\/sites\/569\/2026\/01\/Puolukka-768x576.jpg 768w, https:\/\/sites.uef.fi\/biodiversitygenomics\/wp-content\/uploads\/sites\/569\/2026\/01\/Puolukka-1536x1153.jpg 1536w, https:\/\/sites.uef.fi\/biodiversitygenomics\/wp-content\/uploads\/sites\/569\/2026\/01\/Puolukka.jpg 1599w\" sizes=\"auto, (max-width: 1024px) 100vw, 1024px\" \/><figcaption class=\"wp-element-caption\">Mets\u00e4peuravasa Puolukka em\u00e4ns\u00e4 kanssa. Kuva: Korkeasaaren el\u00e4intarha.<\/figcaption><\/figure>\n\n\n\n<p>Mets\u00e4peura (<em>Rangifer tarandus fennicus<\/em>) on taigametsiin sopeutunut peuran alalaji, jota tavataan Suomen lis\u00e4ksi vain Luoteis-Ven\u00e4j\u00e4ll\u00e4. Geneettisten ominaisuuksiensa, rakenteellisten piirteiden ja erikoistuneen ekologiansa vuoksi mets\u00e4peuralle on ehdotettu my\u00f6s <a href=\"https:\/\/zookeys.pensoft.net\/article\/80233\/\">t\u00e4yden lajin asemaa<\/a>, mutta t\u00e4t\u00e4 ei ole tutkijapiireiss\u00e4 toistaiseksi yleisesti hyv\u00e4ksytty. <\/p>\n\n\n\n<p>Pohjois-Amerikan karibujen tavoin mets\u00e4peurat muodostivat aikoinaan tuhansien yksil\u00f6iden laumoja, joiden vaellukset rytmittiv\u00e4t my\u00f6s mets\u00e4styksell\u00e4 ja ker\u00e4ilyll\u00e4 el\u00e4neen v\u00e4est\u00f6n vuodenkiertoa. Mets\u00e4peuran kulttuurillista merkityst\u00e4 korostavat lukuisat paikannimet ja tarinat Kalevalaa my\u00f6ten. Esimerkiksi legendaarinen Hiien hirvi ei ollut hirvi vaan mets\u00e4peura; tarina kuvaa t\u00e4m\u00e4n sitkeytt\u00e4 vaatinutta ajomets\u00e4styst\u00e4. Mets\u00e4peurojen mets\u00e4stys s\u00e4ilyi t\u00e4rke\u00e4n\u00e4 osana Pohjois-Suomen kylien toimeentuloa 1800-luvulle asti. V\u00e4est\u00f6nkasvu yhdistettyn\u00e4 tehokkaisiin tuliaseisiin johti lopulta mets\u00e4peuran h\u00e4vi\u00e4miseen Suomesta 1800-luvun loppuun menness\u00e4. Kannan rippeit\u00e4 s\u00e4ilyi Ven\u00e4j\u00e4n puolella Vienan Karjalassa, josta peurat levitt\u00e4ytyiv\u00e4t v\u00e4hitellen takaisin Kuhmoon 1950-luvulta alkaen. Vuosina 1979\u20131984 mets\u00e4peuroja siirrettiin Suomensel\u00e4lle , jossa kanta on t\u00e4ll\u00e4 hetkell\u00e4 Kainuuta vahvempi. Viime vuosina istutuksia on tehty my\u00f6s Lauhanvuoren ja Seitsemisen kansallispuistoihin.<\/p>\n\n\n\n<p>Vaikka mets\u00e4peura on toistaiseksi luokiteltu silm\u00e4ll\u00e4pidett\u00e4v\u00e4ksi eik\u00e4 en\u00e4\u00e4 uhanalaiseksi, sen tulevaisuus Suomessa on edelleen ep\u00e4varma. Elinymp\u00e4rist\u00f6j\u00e4 pirstovan mets\u00e4talouden, liikenteen ja tuulivoimarakentamisen lis\u00e4ksi t\u00e4t\u00e4 ainutlaatuista suomalaista peuran alalajia uhkaa ilmastonmuutos. Mets\u00e4peuran luontainen levinneisyys Suomessa on aikoinaan kattanut koko havumets\u00e4vy\u00f6hykkeen pohjoisinta Lappia my\u00f6ten. Koska mets\u00e4peura risteytyy poron kanssa, sen levitt\u00e4ytymist\u00e4 poronhoitoalueelle estet\u00e4\u00e4n aktiivisesti. Vaarana on alalajin puristuminen pohjoisen poronhoitoalueen ja etel\u00e4isten heikkenevien elinymp\u00e4rist\u00f6jen v\u00e4liin j\u00e4\u00e4v\u00e4lle, yh\u00e4 kapenevalle vy\u00f6hykkeelle.<\/p>\n\n\n\n<h2 class=\"wp-block-heading\">Mets\u00e4peuran verrokkigenomi<\/h2>\n\n\n\n<p>Teemme parhaillaan kromosomeittain koottua, korkeatasoista referenssigenomia mets\u00e4peuralle Suomen Kulttuurirahaston Pohjois-Karjalan rahaston my\u00f6nt\u00e4m\u00e4n apurahan mahdollistamana. Genomi on per\u00e4isin Korkeasaaren el\u00e4intarhassa syntyneelt\u00e4 urosvasalta Puolukalta, jolta korvamerkinn\u00e4n yhteydess\u00e4 otetusta pienest\u00e4 ihonpalasta olemme kasvattaneet solulinjan. Solulinjat ovat erinomainen l\u00e4hde verrokkiperim\u00e4sekvensoinnin vaatimille korkealaatuisille DNA- ja RNA-aineistoille. Ty\u00f6 toteutetaan yhteisty\u00f6ss\u00e4 <a href=\"https:\/\/www.oulu.fi\/fi\/tutkimusryhmat\/biodiversity-genomics-group\">Stefan Prost&#8217;n tutkimusryhm\u00e4n (Oulun yliopisto)<\/a> kanssa.<\/p>\n\n\n\n<p>Toivomme, ett\u00e4 referenssigenomi lis\u00e4\u00e4 tietoisuutta t\u00e4st\u00e4 sek\u00e4 kulttuurillisesti ett\u00e4 biologisesti ainutlaatuisesta el\u00e4imest\u00e4. Mets\u00e4peuran perim\u00e4 on k\u00f6yhtynyt sen k\u00e4yty\u00e4 l\u00e4hell\u00e4 sukupuuttoa, ja tuotettava verrokkiperim\u00e4 tarjoaa keskeisen ty\u00f6kalun t\u00e4m\u00e4n suojelugenetiikkaan. Se mahdollistaa geneettisen monimuotoisuuden tarkan seurannan, poron kanssa risteytymisen havaitsemisen sek\u00e4 auttaa arvioimaan eri kantojen elinvoimaisuutta ja pitk\u00e4n aikav\u00e4lin s\u00e4ilymismahdollisuuksia muuttuvassa ymp\u00e4rist\u00f6ss\u00e4.<\/p>\n","protected":false},"excerpt":{"rendered":"<p>Mets\u00e4peura (Rangifer tarandus fennicus) on taigametsiin sopeutunut peuran alalaji, jota tavataan Suomen lis\u00e4ksi vain Luoteis-Ven\u00e4j\u00e4ll\u00e4. Geneettisten ominaisuuksiensa, rakenteellisten piirteiden ja erikoistuneen ekologiansa vuoksi mets\u00e4peuralle on ehdotettu my\u00f6s t\u00e4yden lajin asemaa, mutta t\u00e4t\u00e4 ei ole tutkijapiireiss\u00e4 toistaiseksi yleisesti hyv\u00e4ksytty. Pohjois-Amerikan karibujen tavoin mets\u00e4peurat muodostivat aikoinaan tuhansien yksil\u00f6iden laumoja, joiden vaellukset rytmittiv\u00e4t my\u00f6s mets\u00e4styksell\u00e4 ja ker\u00e4ilyll\u00e4 el\u00e4neen [&hellip;]<\/p>\n","protected":false},"author":1000,"featured_media":0,"parent":0,"menu_order":0,"comment_status":"closed","ping_status":"closed","template":"","meta":{"_acf_changed":false,"footnotes":""},"class_list":["post-176","page","type-page","status-publish","hentry"],"acf":[],"yoast_head":"<!-- This site is optimized with the Yoast SEO plugin v27.1.1 - https:\/\/yoast.com\/product\/yoast-seo-wordpress\/ -->\n<title>Mets\u00e4peura - UEF Biodiversiteettigenetiikka<\/title>\n<meta name=\"robots\" content=\"index, follow, max-snippet:-1, max-image-preview:large, max-video-preview:-1\" \/>\n<link rel=\"canonical\" href=\"https:\/\/sites.uef.fi\/biodiversitygenomics\/metsapeura\/\" \/>\n<meta property=\"og:locale\" content=\"fi_FI\" \/>\n<meta property=\"og:type\" content=\"article\" \/>\n<meta property=\"og:title\" content=\"Mets\u00e4peura - UEF Biodiversiteettigenetiikka\" \/>\n<meta property=\"og:description\" content=\"Mets\u00e4peura (Rangifer tarandus fennicus) on taigametsiin sopeutunut peuran alalaji, jota tavataan Suomen lis\u00e4ksi vain Luoteis-Ven\u00e4j\u00e4ll\u00e4. Geneettisten ominaisuuksiensa, rakenteellisten piirteiden ja erikoistuneen ekologiansa vuoksi mets\u00e4peuralle on ehdotettu my\u00f6s t\u00e4yden lajin asemaa, mutta t\u00e4t\u00e4 ei ole tutkijapiireiss\u00e4 toistaiseksi yleisesti hyv\u00e4ksytty. Pohjois-Amerikan karibujen tavoin mets\u00e4peurat muodostivat aikoinaan tuhansien yksil\u00f6iden laumoja, joiden vaellukset rytmittiv\u00e4t my\u00f6s mets\u00e4styksell\u00e4 ja ker\u00e4ilyll\u00e4 el\u00e4neen [&hellip;]\" \/>\n<meta property=\"og:url\" content=\"https:\/\/sites.uef.fi\/biodiversitygenomics\/metsapeura\/\" \/>\n<meta property=\"og:site_name\" content=\"UEF Biodiversiteettigenetiikka\" \/>\n<meta property=\"article:modified_time\" content=\"2026-02-07T13:30:58+00:00\" \/>\n<meta property=\"og:image\" content=\"https:\/\/sites.uef.fi\/biodiversitygenomics\/wp-content\/uploads\/sites\/569\/2026\/01\/Puolukka.jpg\" \/>\n\t<meta property=\"og:image:width\" content=\"1599\" \/>\n\t<meta property=\"og:image:height\" content=\"1200\" \/>\n\t<meta property=\"og:image:type\" content=\"image\/jpeg\" \/>\n<meta name=\"twitter:card\" content=\"summary_large_image\" \/>\n<meta name=\"twitter:label1\" content=\"Arvioitu lukuaika\" \/>\n\t<meta name=\"twitter:data1\" content=\"3 minuuttia\" \/>\n<script type=\"application\/ld+json\" class=\"yoast-schema-graph\">{\"@context\":\"https:\/\/schema.org\",\"@graph\":[{\"@type\":\"WebPage\",\"@id\":\"https:\/\/sites.uef.fi\/biodiversitygenomics\/metsapeura\/\",\"url\":\"https:\/\/sites.uef.fi\/biodiversitygenomics\/metsapeura\/\",\"name\":\"Mets\u00e4peura - UEF Biodiversiteettigenetiikka\",\"isPartOf\":{\"@id\":\"https:\/\/sites.uef.fi\/biodiversitygenomics\/#website\"},\"primaryImageOfPage\":{\"@id\":\"https:\/\/sites.uef.fi\/biodiversitygenomics\/metsapeura\/#primaryimage\"},\"image\":{\"@id\":\"https:\/\/sites.uef.fi\/biodiversitygenomics\/metsapeura\/#primaryimage\"},\"thumbnailUrl\":\"https:\/\/sites.uef.fi\/biodiversitygenomics\/wp-content\/uploads\/sites\/569\/2026\/01\/Puolukka-1024x768.jpg\",\"datePublished\":\"2026-01-30T08:27:57+00:00\",\"dateModified\":\"2026-02-07T13:30:58+00:00\",\"breadcrumb\":{\"@id\":\"https:\/\/sites.uef.fi\/biodiversitygenomics\/metsapeura\/#breadcrumb\"},\"inLanguage\":\"fi\",\"potentialAction\":[{\"@type\":\"ReadAction\",\"target\":[\"https:\/\/sites.uef.fi\/biodiversitygenomics\/metsapeura\/\"]}]},{\"@type\":\"ImageObject\",\"inLanguage\":\"fi\",\"@id\":\"https:\/\/sites.uef.fi\/biodiversitygenomics\/metsapeura\/#primaryimage\",\"url\":\"https:\/\/sites.uef.fi\/biodiversitygenomics\/wp-content\/uploads\/sites\/569\/2026\/01\/Puolukka.jpg\",\"contentUrl\":\"https:\/\/sites.uef.fi\/biodiversitygenomics\/wp-content\/uploads\/sites\/569\/2026\/01\/Puolukka.jpg\",\"width\":1599,\"height\":1200,\"caption\":\"Mets\u00e4peuravasa Puolukka em\u00e4ns\u00e4 kanssa. Kuva: Korkeasaaren el\u00e4intarha.\"},{\"@type\":\"BreadcrumbList\",\"@id\":\"https:\/\/sites.uef.fi\/biodiversitygenomics\/metsapeura\/#breadcrumb\",\"itemListElement\":[{\"@type\":\"ListItem\",\"position\":1,\"name\":\"Etusivu\",\"item\":\"https:\/\/sites.uef.fi\/biodiversitygenomics\/\"},{\"@type\":\"ListItem\",\"position\":2,\"name\":\"Mets\u00e4peura\"}]},{\"@type\":\"WebSite\",\"@id\":\"https:\/\/sites.uef.fi\/biodiversitygenomics\/#website\",\"url\":\"https:\/\/sites.uef.fi\/biodiversitygenomics\/\",\"name\":\"UEF Biodiversiteettigenetiikka\",\"description\":\"\",\"potentialAction\":[{\"@type\":\"SearchAction\",\"target\":{\"@type\":\"EntryPoint\",\"urlTemplate\":\"https:\/\/sites.uef.fi\/biodiversitygenomics\/?s={search_term_string}\"},\"query-input\":{\"@type\":\"PropertyValueSpecification\",\"valueRequired\":true,\"valueName\":\"search_term_string\"}}],\"inLanguage\":\"fi\"}]}<\/script>\n<!-- \/ Yoast SEO plugin. -->","yoast_head_json":{"title":"Mets\u00e4peura - UEF Biodiversiteettigenetiikka","robots":{"index":"index","follow":"follow","max-snippet":"max-snippet:-1","max-image-preview":"max-image-preview:large","max-video-preview":"max-video-preview:-1"},"canonical":"https:\/\/sites.uef.fi\/biodiversitygenomics\/metsapeura\/","og_locale":"fi_FI","og_type":"article","og_title":"Mets\u00e4peura - UEF Biodiversiteettigenetiikka","og_description":"Mets\u00e4peura (Rangifer tarandus fennicus) on taigametsiin sopeutunut peuran alalaji, jota tavataan Suomen lis\u00e4ksi vain Luoteis-Ven\u00e4j\u00e4ll\u00e4. Geneettisten ominaisuuksiensa, rakenteellisten piirteiden ja erikoistuneen ekologiansa vuoksi mets\u00e4peuralle on ehdotettu my\u00f6s t\u00e4yden lajin asemaa, mutta t\u00e4t\u00e4 ei ole tutkijapiireiss\u00e4 toistaiseksi yleisesti hyv\u00e4ksytty. Pohjois-Amerikan karibujen tavoin mets\u00e4peurat muodostivat aikoinaan tuhansien yksil\u00f6iden laumoja, joiden vaellukset rytmittiv\u00e4t my\u00f6s mets\u00e4styksell\u00e4 ja ker\u00e4ilyll\u00e4 el\u00e4neen [&hellip;]","og_url":"https:\/\/sites.uef.fi\/biodiversitygenomics\/metsapeura\/","og_site_name":"UEF Biodiversiteettigenetiikka","article_modified_time":"2026-02-07T13:30:58+00:00","og_image":[{"width":1599,"height":1200,"url":"https:\/\/sites.uef.fi\/biodiversitygenomics\/wp-content\/uploads\/sites\/569\/2026\/01\/Puolukka.jpg","type":"image\/jpeg"}],"twitter_card":"summary_large_image","twitter_misc":{"Arvioitu lukuaika":"3 minuuttia"},"schema":{"@context":"https:\/\/schema.org","@graph":[{"@type":"WebPage","@id":"https:\/\/sites.uef.fi\/biodiversitygenomics\/metsapeura\/","url":"https:\/\/sites.uef.fi\/biodiversitygenomics\/metsapeura\/","name":"Mets\u00e4peura - UEF Biodiversiteettigenetiikka","isPartOf":{"@id":"https:\/\/sites.uef.fi\/biodiversitygenomics\/#website"},"primaryImageOfPage":{"@id":"https:\/\/sites.uef.fi\/biodiversitygenomics\/metsapeura\/#primaryimage"},"image":{"@id":"https:\/\/sites.uef.fi\/biodiversitygenomics\/metsapeura\/#primaryimage"},"thumbnailUrl":"https:\/\/sites.uef.fi\/biodiversitygenomics\/wp-content\/uploads\/sites\/569\/2026\/01\/Puolukka-1024x768.jpg","datePublished":"2026-01-30T08:27:57+00:00","dateModified":"2026-02-07T13:30:58+00:00","breadcrumb":{"@id":"https:\/\/sites.uef.fi\/biodiversitygenomics\/metsapeura\/#breadcrumb"},"inLanguage":"fi","potentialAction":[{"@type":"ReadAction","target":["https:\/\/sites.uef.fi\/biodiversitygenomics\/metsapeura\/"]}]},{"@type":"ImageObject","inLanguage":"fi","@id":"https:\/\/sites.uef.fi\/biodiversitygenomics\/metsapeura\/#primaryimage","url":"https:\/\/sites.uef.fi\/biodiversitygenomics\/wp-content\/uploads\/sites\/569\/2026\/01\/Puolukka.jpg","contentUrl":"https:\/\/sites.uef.fi\/biodiversitygenomics\/wp-content\/uploads\/sites\/569\/2026\/01\/Puolukka.jpg","width":1599,"height":1200,"caption":"Mets\u00e4peuravasa Puolukka em\u00e4ns\u00e4 kanssa. Kuva: Korkeasaaren el\u00e4intarha."},{"@type":"BreadcrumbList","@id":"https:\/\/sites.uef.fi\/biodiversitygenomics\/metsapeura\/#breadcrumb","itemListElement":[{"@type":"ListItem","position":1,"name":"Etusivu","item":"https:\/\/sites.uef.fi\/biodiversitygenomics\/"},{"@type":"ListItem","position":2,"name":"Mets\u00e4peura"}]},{"@type":"WebSite","@id":"https:\/\/sites.uef.fi\/biodiversitygenomics\/#website","url":"https:\/\/sites.uef.fi\/biodiversitygenomics\/","name":"UEF Biodiversiteettigenetiikka","description":"","potentialAction":[{"@type":"SearchAction","target":{"@type":"EntryPoint","urlTemplate":"https:\/\/sites.uef.fi\/biodiversitygenomics\/?s={search_term_string}"},"query-input":{"@type":"PropertyValueSpecification","valueRequired":true,"valueName":"search_term_string"}}],"inLanguage":"fi"}]}},"_links":{"self":[{"href":"https:\/\/sites.uef.fi\/biodiversitygenomics\/wp-json\/wp\/v2\/pages\/176","targetHints":{"allow":["GET"]}}],"collection":[{"href":"https:\/\/sites.uef.fi\/biodiversitygenomics\/wp-json\/wp\/v2\/pages"}],"about":[{"href":"https:\/\/sites.uef.fi\/biodiversitygenomics\/wp-json\/wp\/v2\/types\/page"}],"author":[{"embeddable":true,"href":"https:\/\/sites.uef.fi\/biodiversitygenomics\/wp-json\/wp\/v2\/users\/1000"}],"replies":[{"embeddable":true,"href":"https:\/\/sites.uef.fi\/biodiversitygenomics\/wp-json\/wp\/v2\/comments?post=176"}],"version-history":[{"count":1,"href":"https:\/\/sites.uef.fi\/biodiversitygenomics\/wp-json\/wp\/v2\/pages\/176\/revisions"}],"predecessor-version":[{"id":400,"href":"https:\/\/sites.uef.fi\/biodiversitygenomics\/wp-json\/wp\/v2\/pages\/176\/revisions\/400"}],"wp:attachment":[{"href":"https:\/\/sites.uef.fi\/biodiversitygenomics\/wp-json\/wp\/v2\/media?parent=176"}],"curies":[{"name":"wp","href":"https:\/\/api.w.org\/{rel}","templated":true}]}}