{"id":249,"date":"2026-01-30T10:27:57","date_gmt":"2026-01-30T08:27:57","guid":{"rendered":"https:\/\/sites.uef.fi\/biodiversitygenomics\/?page_id=249"},"modified":"2026-02-06T18:38:35","modified_gmt":"2026-02-06T16:38:35","slug":"finnish-forest-reindeer","status":"publish","type":"page","link":"https:\/\/sites.uef.fi\/biodiversitygenomics\/finnish-forest-reindeer\/?lang=en","title":{"rendered":"Finnish forest reindeer"},"content":{"rendered":"\n<figure class=\"wp-block-image size-large\"><img loading=\"lazy\" decoding=\"async\" width=\"1024\" height=\"768\" src=\"https:\/\/sites.uef.fi\/biodiversitygenomics\/wp-content\/uploads\/sites\/569\/2026\/01\/Puolukka-1024x768.jpg\" alt=\"\" class=\"wp-image-190\" srcset=\"https:\/\/sites.uef.fi\/biodiversitygenomics\/wp-content\/uploads\/sites\/569\/2026\/01\/Puolukka-1024x768.jpg 1024w, https:\/\/sites.uef.fi\/biodiversitygenomics\/wp-content\/uploads\/sites\/569\/2026\/01\/Puolukka-300x225.jpg 300w, https:\/\/sites.uef.fi\/biodiversitygenomics\/wp-content\/uploads\/sites\/569\/2026\/01\/Puolukka-768x576.jpg 768w, https:\/\/sites.uef.fi\/biodiversitygenomics\/wp-content\/uploads\/sites\/569\/2026\/01\/Puolukka-1536x1153.jpg 1536w, https:\/\/sites.uef.fi\/biodiversitygenomics\/wp-content\/uploads\/sites\/569\/2026\/01\/Puolukka.jpg 1599w\" sizes=\"auto, (max-width: 1024px) 100vw, 1024px\" \/><figcaption class=\"wp-element-caption\">Finnish forest reindeer fawn Puolukka with his mother. Photo by Korkeasaari Zoo.<\/figcaption><\/figure>\n\n\n\n<p>The forest reindeer (<em>Rangifer tarandus fennicus<\/em>) is a subspecies of reindeer adapted to the taiga forest zone and occurs only in Finland and northwestern Russia. Owing to its genetic characteristics, morphological traits, and specialized ecology, the forest reindeer has also been proposed to warrant <a href=\"https:\/\/zookeys.pensoft.net\/article\/80233\/\">full species status<\/a>, although this view has not yet been widely accepted within the scientific community.<\/p>\n\n\n\n<p>Like the caribou of North America, forest reindeer once formed herds numbering in the thousands, whose seasonal migrations also structured the annual cycle of human populations living by hunting and gathering. The cultural significance of the forest reindeer is reflected in numerous place names and stories, extending as far as the&nbsp;<em>Kalevala<\/em>. For example, the legendary Hiisi\u2019s Elk was not an elk at all, but a forest reindeer; the tale describes a demanding persistence hunt of this animal. Forest reindeer hunting remained an important component of livelihoods in northern Finnish villages until the 19th century. Population growth combined with the introduction of efficient firearms ultimately led to the extinction of the forest reindeer in Finland by the late 1800s. Remnant populations persisted on the Russian side in White Karelia, from where the species gradually recolonized the Kuhmo region beginning in the 1950s. Between 1979 and 1984 forest reindeer were translocated to Suomenselk\u00e4, where the population is currently stronger than in Kainuu. There are also recent introductions to Lauhanvuori and Seitseminen national parks.<\/p>\n\n\n\n<p>Although the forest reindeer is currently classified as Near Threatened rather than Endangered, its future in Finland remains uncertain. In addition to habitat fragmentation caused by forestry, transport infrastructure, and wind power development, this unique Finnish subspecies is increasingly threatened by climate change. Historically, the natural distribution of the forest reindeer in Finland covered the entire boreal forest zone, extending northward to Lapland. However, because the forest reindeer can hybridize with semi-domesticated reindeer, its expansion into the reindeer herding area is actively restricted. As a result, there is a risk that the subspecies will become squeezed into an increasingly narrow zone between the northern reindeer herding region and deteriorating southern habitats.<\/p>\n\n\n\n<p>We are currently producing a high-quality, chromosome-level reference genome for the forest reindeer, made possible by funding from the North Karelia Regional Fund of the Finnish Cultural Foundation. The genome originates from a male fawn named\u00a0<strong>Puolukka<\/strong> (Lingonberry), born at Korkeasaari Zoo. A small skin sample taken during ear tagging was used to establish a cell line in the laboratory. Such cell lines provide an excellent source of the high-quality DNA and RNA required for reference genome sequencing. The work is being conducted in collaboration with <a href=\"https:\/\/www.oulu.fi\/fi\/tutkimusryhmat\/biodiversity-genomics-group\">Stefan Prost&#8217;s group in the University of Oulu.<\/a><\/p>\n\n\n\n<p>We hope that the reference genome will increase awareness of this culturally and biologically unique animal. The forest reindeer genome has been impoverished as a result of the population\u2019s historical bottleneck, and the reference genome will provide a key tool for its conservation genetics. It will enable precise monitoring of genetic diversity, detection of hybridization with reindeer, and assessment of the viability and long-term persistence of different populations under changing environmental conditions.<\/p>\n","protected":false},"excerpt":{"rendered":"<p>The forest reindeer (Rangifer tarandus fennicus) is a subspecies of reindeer adapted to the taiga forest zone and occurs only in Finland and northwestern Russia. Owing to its genetic characteristics, morphological traits, and specialized ecology, the forest reindeer has also been proposed to warrant full species status, although this view has not yet been widely [&hellip;]<\/p>\n","protected":false},"author":1000,"featured_media":0,"parent":0,"menu_order":0,"comment_status":"closed","ping_status":"closed","template":"","meta":{"_acf_changed":false,"footnotes":""},"class_list":["post-249","page","type-page","status-publish","hentry"],"acf":[],"yoast_head":"<!-- This site is optimized with the Yoast SEO plugin v27.1.1 - https:\/\/yoast.com\/product\/yoast-seo-wordpress\/ -->\n<title>Finnish forest reindeer - UEF Biodiversiteettigenetiikka<\/title>\n<meta name=\"robots\" content=\"index, follow, max-snippet:-1, max-image-preview:large, max-video-preview:-1\" \/>\n<link rel=\"canonical\" href=\"https:\/\/sites.uef.fi\/biodiversitygenomics\/finnish-forest-reindeer\/\" \/>\n<meta property=\"og:locale\" content=\"fi_FI\" \/>\n<meta property=\"og:type\" content=\"article\" \/>\n<meta property=\"og:title\" content=\"Finnish forest reindeer - UEF Biodiversiteettigenetiikka\" \/>\n<meta property=\"og:description\" content=\"The forest reindeer (Rangifer tarandus fennicus) is a subspecies of reindeer adapted to the taiga forest zone and occurs only in Finland and northwestern Russia. Owing to its genetic characteristics, morphological traits, and specialized ecology, the forest reindeer has also been proposed to warrant full species status, although this view has not yet been widely [&hellip;]\" \/>\n<meta property=\"og:url\" content=\"https:\/\/sites.uef.fi\/biodiversitygenomics\/finnish-forest-reindeer\/?lang=en\" \/>\n<meta property=\"og:site_name\" content=\"UEF Biodiversiteettigenetiikka\" \/>\n<meta property=\"article:modified_time\" content=\"2026-02-06T16:38:35+00:00\" \/>\n<meta property=\"og:image\" content=\"https:\/\/sites.uef.fi\/biodiversitygenomics\/wp-content\/uploads\/sites\/569\/2026\/01\/Puolukka.jpg\" \/>\n\t<meta property=\"og:image:width\" content=\"1599\" \/>\n\t<meta property=\"og:image:height\" content=\"1200\" \/>\n\t<meta property=\"og:image:type\" content=\"image\/jpeg\" \/>\n<meta name=\"twitter:card\" content=\"summary_large_image\" \/>\n<meta name=\"twitter:label1\" content=\"Arvioitu lukuaika\" \/>\n\t<meta name=\"twitter:data1\" content=\"4 minuuttia\" \/>\n<script type=\"application\/ld+json\" class=\"yoast-schema-graph\">{\"@context\":\"https:\/\/schema.org\",\"@graph\":[{\"@type\":\"WebPage\",\"@id\":\"https:\/\/sites.uef.fi\/biodiversitygenomics\/finnish-forest-reindeer\/?lang=en\",\"url\":\"https:\/\/sites.uef.fi\/biodiversitygenomics\/finnish-forest-reindeer\/?lang=en\",\"name\":\"Finnish forest reindeer - UEF Biodiversiteettigenetiikka\",\"isPartOf\":{\"@id\":\"https:\/\/sites.uef.fi\/biodiversitygenomics\/#website\"},\"primaryImageOfPage\":{\"@id\":\"https:\/\/sites.uef.fi\/biodiversitygenomics\/finnish-forest-reindeer\/?lang=en#primaryimage\"},\"image\":{\"@id\":\"https:\/\/sites.uef.fi\/biodiversitygenomics\/finnish-forest-reindeer\/?lang=en#primaryimage\"},\"thumbnailUrl\":\"https:\/\/sites.uef.fi\/biodiversitygenomics\/wp-content\/uploads\/sites\/569\/2026\/01\/Puolukka-1024x768.jpg\",\"datePublished\":\"2026-01-30T08:27:57+00:00\",\"dateModified\":\"2026-02-06T16:38:35+00:00\",\"breadcrumb\":{\"@id\":\"https:\/\/sites.uef.fi\/biodiversitygenomics\/finnish-forest-reindeer\/?lang=en#breadcrumb\"},\"inLanguage\":\"fi\",\"potentialAction\":[{\"@type\":\"ReadAction\",\"target\":[\"https:\/\/sites.uef.fi\/biodiversitygenomics\/finnish-forest-reindeer\/?lang=en\"]}]},{\"@type\":\"ImageObject\",\"inLanguage\":\"fi\",\"@id\":\"https:\/\/sites.uef.fi\/biodiversitygenomics\/finnish-forest-reindeer\/?lang=en#primaryimage\",\"url\":\"https:\/\/sites.uef.fi\/biodiversitygenomics\/wp-content\/uploads\/sites\/569\/2026\/01\/Puolukka.jpg\",\"contentUrl\":\"https:\/\/sites.uef.fi\/biodiversitygenomics\/wp-content\/uploads\/sites\/569\/2026\/01\/Puolukka.jpg\",\"width\":1599,\"height\":1200,\"caption\":\"Mets\u00e4peuravasa Puolukka em\u00e4ns\u00e4 kanssa. Kuva: Korkeasaaren el\u00e4intarha.\"},{\"@type\":\"BreadcrumbList\",\"@id\":\"https:\/\/sites.uef.fi\/biodiversitygenomics\/finnish-forest-reindeer\/?lang=en#breadcrumb\",\"itemListElement\":[{\"@type\":\"ListItem\",\"position\":1,\"name\":\"Etusivu\",\"item\":\"https:\/\/sites.uef.fi\/biodiversitygenomics\/\"},{\"@type\":\"ListItem\",\"position\":2,\"name\":\"Finnish forest reindeer\"}]},{\"@type\":\"WebSite\",\"@id\":\"https:\/\/sites.uef.fi\/biodiversitygenomics\/#website\",\"url\":\"https:\/\/sites.uef.fi\/biodiversitygenomics\/\",\"name\":\"UEF Biodiversiteettigenetiikka\",\"description\":\"\",\"potentialAction\":[{\"@type\":\"SearchAction\",\"target\":{\"@type\":\"EntryPoint\",\"urlTemplate\":\"https:\/\/sites.uef.fi\/biodiversitygenomics\/?s={search_term_string}\"},\"query-input\":{\"@type\":\"PropertyValueSpecification\",\"valueRequired\":true,\"valueName\":\"search_term_string\"}}],\"inLanguage\":\"fi\"}]}<\/script>\n<!-- \/ Yoast SEO plugin. -->","yoast_head_json":{"title":"Finnish forest reindeer - UEF Biodiversiteettigenetiikka","robots":{"index":"index","follow":"follow","max-snippet":"max-snippet:-1","max-image-preview":"max-image-preview:large","max-video-preview":"max-video-preview:-1"},"canonical":"https:\/\/sites.uef.fi\/biodiversitygenomics\/finnish-forest-reindeer\/","og_locale":"fi_FI","og_type":"article","og_title":"Finnish forest reindeer - UEF Biodiversiteettigenetiikka","og_description":"The forest reindeer (Rangifer tarandus fennicus) is a subspecies of reindeer adapted to the taiga forest zone and occurs only in Finland and northwestern Russia. Owing to its genetic characteristics, morphological traits, and specialized ecology, the forest reindeer has also been proposed to warrant full species status, although this view has not yet been widely [&hellip;]","og_url":"https:\/\/sites.uef.fi\/biodiversitygenomics\/finnish-forest-reindeer\/?lang=en","og_site_name":"UEF Biodiversiteettigenetiikka","article_modified_time":"2026-02-06T16:38:35+00:00","og_image":[{"width":1599,"height":1200,"url":"https:\/\/sites.uef.fi\/biodiversitygenomics\/wp-content\/uploads\/sites\/569\/2026\/01\/Puolukka.jpg","type":"image\/jpeg"}],"twitter_card":"summary_large_image","twitter_misc":{"Arvioitu lukuaika":"4 minuuttia"},"schema":{"@context":"https:\/\/schema.org","@graph":[{"@type":"WebPage","@id":"https:\/\/sites.uef.fi\/biodiversitygenomics\/finnish-forest-reindeer\/?lang=en","url":"https:\/\/sites.uef.fi\/biodiversitygenomics\/finnish-forest-reindeer\/?lang=en","name":"Finnish forest reindeer - UEF Biodiversiteettigenetiikka","isPartOf":{"@id":"https:\/\/sites.uef.fi\/biodiversitygenomics\/#website"},"primaryImageOfPage":{"@id":"https:\/\/sites.uef.fi\/biodiversitygenomics\/finnish-forest-reindeer\/?lang=en#primaryimage"},"image":{"@id":"https:\/\/sites.uef.fi\/biodiversitygenomics\/finnish-forest-reindeer\/?lang=en#primaryimage"},"thumbnailUrl":"https:\/\/sites.uef.fi\/biodiversitygenomics\/wp-content\/uploads\/sites\/569\/2026\/01\/Puolukka-1024x768.jpg","datePublished":"2026-01-30T08:27:57+00:00","dateModified":"2026-02-06T16:38:35+00:00","breadcrumb":{"@id":"https:\/\/sites.uef.fi\/biodiversitygenomics\/finnish-forest-reindeer\/?lang=en#breadcrumb"},"inLanguage":"fi","potentialAction":[{"@type":"ReadAction","target":["https:\/\/sites.uef.fi\/biodiversitygenomics\/finnish-forest-reindeer\/?lang=en"]}]},{"@type":"ImageObject","inLanguage":"fi","@id":"https:\/\/sites.uef.fi\/biodiversitygenomics\/finnish-forest-reindeer\/?lang=en#primaryimage","url":"https:\/\/sites.uef.fi\/biodiversitygenomics\/wp-content\/uploads\/sites\/569\/2026\/01\/Puolukka.jpg","contentUrl":"https:\/\/sites.uef.fi\/biodiversitygenomics\/wp-content\/uploads\/sites\/569\/2026\/01\/Puolukka.jpg","width":1599,"height":1200,"caption":"Mets\u00e4peuravasa Puolukka em\u00e4ns\u00e4 kanssa. Kuva: Korkeasaaren el\u00e4intarha."},{"@type":"BreadcrumbList","@id":"https:\/\/sites.uef.fi\/biodiversitygenomics\/finnish-forest-reindeer\/?lang=en#breadcrumb","itemListElement":[{"@type":"ListItem","position":1,"name":"Etusivu","item":"https:\/\/sites.uef.fi\/biodiversitygenomics\/"},{"@type":"ListItem","position":2,"name":"Finnish forest reindeer"}]},{"@type":"WebSite","@id":"https:\/\/sites.uef.fi\/biodiversitygenomics\/#website","url":"https:\/\/sites.uef.fi\/biodiversitygenomics\/","name":"UEF Biodiversiteettigenetiikka","description":"","potentialAction":[{"@type":"SearchAction","target":{"@type":"EntryPoint","urlTemplate":"https:\/\/sites.uef.fi\/biodiversitygenomics\/?s={search_term_string}"},"query-input":{"@type":"PropertyValueSpecification","valueRequired":true,"valueName":"search_term_string"}}],"inLanguage":"fi"}]}},"_links":{"self":[{"href":"https:\/\/sites.uef.fi\/biodiversitygenomics\/wp-json\/wp\/v2\/pages\/249","targetHints":{"allow":["GET"]}}],"collection":[{"href":"https:\/\/sites.uef.fi\/biodiversitygenomics\/wp-json\/wp\/v2\/pages"}],"about":[{"href":"https:\/\/sites.uef.fi\/biodiversitygenomics\/wp-json\/wp\/v2\/types\/page"}],"author":[{"embeddable":true,"href":"https:\/\/sites.uef.fi\/biodiversitygenomics\/wp-json\/wp\/v2\/users\/1000"}],"replies":[{"embeddable":true,"href":"https:\/\/sites.uef.fi\/biodiversitygenomics\/wp-json\/wp\/v2\/comments?post=249"}],"version-history":[{"count":2,"href":"https:\/\/sites.uef.fi\/biodiversitygenomics\/wp-json\/wp\/v2\/pages\/249\/revisions"}],"predecessor-version":[{"id":358,"href":"https:\/\/sites.uef.fi\/biodiversitygenomics\/wp-json\/wp\/v2\/pages\/249\/revisions\/358"}],"wp:attachment":[{"href":"https:\/\/sites.uef.fi\/biodiversitygenomics\/wp-json\/wp\/v2\/media?parent=249"}],"curies":[{"name":"wp","href":"https:\/\/api.w.org\/{rel}","templated":true}]}}