{"id":277,"date":"2026-02-05T15:07:25","date_gmt":"2026-02-05T13:07:25","guid":{"rendered":"https:\/\/sites.uef.fi\/biodiversitygenomics\/?page_id=277"},"modified":"2026-02-12T17:07:57","modified_gmt":"2026-02-12T15:07:57","slug":"ihmiset","status":"publish","type":"page","link":"https:\/\/sites.uef.fi\/biodiversitygenomics\/ihmiset\/","title":{"rendered":"Ihmiset"},"content":{"rendered":"\n<p><a href=\"https:\/\/uefconnect.uef.fi\/jaakko.pohjoismaki\/\"><strong>Jaakko Pohjoism\u00e4ki<\/strong>, molekyylibiologian ja genetiikan professori<\/a>, tutkimusryhm\u00e4n johtaja<\/p>\n\n\n\n<p>Vaikka taustani on biol\u00e4\u00e4ketieteess\u00e4 ja mitokondriobiologiassa, eli\u00f6lajit olivat ne, jotka vetiv\u00e4t minut biologian pariin. Tutkimuksessani olen erityisen kiinnostunut ei-malliorganismien funktionaalisesta genetiikasta, lajien monimuotoisuudesta sek\u00e4 biologista muuntelua ja sopeutumista muovaavista mekanismeista. Suhtaudun villiin luontoon ja sen s\u00e4ilymiseen nykyisess\u00e4, nopeasti muuttuvassa maailmassa syv\u00e4ll\u00e4 intohimolla, ja n\u00e4en tutkimuksen, opetuksen ja yhteiskunnallisen vuorovaikutuksen toisiaan t\u00e4ydent\u00e4vin\u00e4 keinoina lis\u00e4t\u00e4 ymm\u00e4rryst\u00e4 luonnon monimuotoisuudesta ja tukea vastuullista luontoa koskevaa p\u00e4\u00e4t\u00f6ksentekoa.&nbsp;<\/p>\n\n\n\n<figure class=\"wp-block-image size-large is-resized\"><img loading=\"lazy\" decoding=\"async\" width=\"1024\" height=\"769\" src=\"https:\/\/sites.uef.fi\/biodiversitygenomics\/wp-content\/uploads\/sites\/569\/2026\/02\/IMG_2429-1-1024x769.jpeg\" alt=\"\" class=\"wp-image-386\" style=\"aspect-ratio:1.3310396179423318;width:515px;height:auto\" srcset=\"https:\/\/sites.uef.fi\/biodiversitygenomics\/wp-content\/uploads\/sites\/569\/2026\/02\/IMG_2429-1-1024x769.jpeg 1024w, https:\/\/sites.uef.fi\/biodiversitygenomics\/wp-content\/uploads\/sites\/569\/2026\/02\/IMG_2429-1-300x225.jpeg 300w, https:\/\/sites.uef.fi\/biodiversitygenomics\/wp-content\/uploads\/sites\/569\/2026\/02\/IMG_2429-1-768x577.jpeg 768w, https:\/\/sites.uef.fi\/biodiversitygenomics\/wp-content\/uploads\/sites\/569\/2026\/02\/IMG_2429-1-1536x1154.jpeg 1536w, https:\/\/sites.uef.fi\/biodiversitygenomics\/wp-content\/uploads\/sites\/569\/2026\/02\/IMG_2429-1-2048x1539.jpeg 2048w\" sizes=\"auto, (max-width: 1024px) 100vw, 1024px\" \/><\/figure>\n\n\n\n<p><strong>Steffi Goffart, yliopistolehtori<\/strong><\/p>\n\n\n\n<p>Steffi on molekyylisolubiologi, joka on kiinnostunut solujen vertailevista toiminnallisista tutkimuksista, erityisesti mitokondrio-DNA:n (mtDNA) yll\u00e4pidosta, mitokondrioiden biogeneesist\u00e4 ja solufysiologiasta. H\u00e4nen ty\u00f6ns\u00e4 tavoitteena on ymm\u00e4rt\u00e4\u00e4, miten keskeiset solutason prosessit muuntelevat lajien v\u00e4lill\u00e4 ja miten ne vaikuttavat sopeutumiseen ja terveyteen. H\u00e4n vastaa <a href=\"https:\/\/sites.uef.fi\/biodiversitygenomics\/soluelaintarha\/\">soluel\u00e4intarhan<\/a> solulinjojen erist\u00e4misest\u00e4, karakterisoinnista ja pitk\u00e4aikaisesta yll\u00e4pidosta varmistaen niiden laadun ja saatavuuden genomisiin ja toiminnallisiin tutkimuksiin.<\/p>\n\n\n\n<figure class=\"wp-block-image size-large\"><img loading=\"lazy\" decoding=\"async\" width=\"1024\" height=\"784\" src=\"https:\/\/sites.uef.fi\/biodiversitygenomics\/wp-content\/uploads\/sites\/569\/2026\/02\/Screenshot-2026-02-12-at-15.15.19-1-1024x784.png\" alt=\"\" class=\"wp-image-419\" srcset=\"https:\/\/sites.uef.fi\/biodiversitygenomics\/wp-content\/uploads\/sites\/569\/2026\/02\/Screenshot-2026-02-12-at-15.15.19-1-1024x784.png 1024w, https:\/\/sites.uef.fi\/biodiversitygenomics\/wp-content\/uploads\/sites\/569\/2026\/02\/Screenshot-2026-02-12-at-15.15.19-1-300x230.png 300w, https:\/\/sites.uef.fi\/biodiversitygenomics\/wp-content\/uploads\/sites\/569\/2026\/02\/Screenshot-2026-02-12-at-15.15.19-1-768x588.png 768w, https:\/\/sites.uef.fi\/biodiversitygenomics\/wp-content\/uploads\/sites\/569\/2026\/02\/Screenshot-2026-02-12-at-15.15.19-1.png 1418w\" sizes=\"auto, (max-width: 1024px) 100vw, 1024px\" \/><\/figure>\n\n\n\n<p><strong>FT Danilo Santoro<\/strong>, tutkijatohtori<\/p>\n\n\n\n<p>Ty\u00f6skentelen HARECY-hankkeessa tutkien evolutiivisia mekanismeja, jotka s\u00e4\u00e4telev\u00e4t solusyklin ja aineenvaihduntaprosessien v\u00e4list\u00e4 tasapainoa. Ty\u00f6ni keskeisi\u00e4 osa-alueita ovat transkriptomiikkaan, kromatiinin kolmiulotteiseen rakenteeseen (Hi-C) sek\u00e4 lajienv\u00e4liseen solutason geeniekspressio-aineistojen integrointiin liittyvien analyysien kehitt\u00e4minen ja soveltaminen. Teen my\u00f6s referenssigenomien kokoamista ja l\u00e4hisukulaisten lajien genomivertailua rakenteellisten erojen tunnistamiseksi.<\/p>\n\n\n\n<figure class=\"wp-block-image size-large is-resized\"><img loading=\"lazy\" decoding=\"async\" width=\"682\" height=\"1024\" src=\"https:\/\/sites.uef.fi\/biodiversitygenomics\/wp-content\/uploads\/sites\/569\/2026\/02\/7c8bf294-a716-4cfb-aa26-b6b5f15bfa76-1-682x1024.jpeg\" alt=\"\" class=\"wp-image-387\" style=\"aspect-ratio:0.666028219370491;width:440px;height:auto\" srcset=\"https:\/\/sites.uef.fi\/biodiversitygenomics\/wp-content\/uploads\/sites\/569\/2026\/02\/7c8bf294-a716-4cfb-aa26-b6b5f15bfa76-1-682x1024.jpeg 682w, https:\/\/sites.uef.fi\/biodiversitygenomics\/wp-content\/uploads\/sites\/569\/2026\/02\/7c8bf294-a716-4cfb-aa26-b6b5f15bfa76-1-200x300.jpeg 200w, https:\/\/sites.uef.fi\/biodiversitygenomics\/wp-content\/uploads\/sites\/569\/2026\/02\/7c8bf294-a716-4cfb-aa26-b6b5f15bfa76-1-768x1153.jpeg 768w, https:\/\/sites.uef.fi\/biodiversitygenomics\/wp-content\/uploads\/sites\/569\/2026\/02\/7c8bf294-a716-4cfb-aa26-b6b5f15bfa76-1-1023x1536.jpeg 1023w, https:\/\/sites.uef.fi\/biodiversitygenomics\/wp-content\/uploads\/sites\/569\/2026\/02\/7c8bf294-a716-4cfb-aa26-b6b5f15bfa76-1.jpeg 1066w\" sizes=\"auto, (max-width: 682px) 100vw, 682px\" \/><\/figure>\n\n\n\n<p><strong>FM Ling Zhao<\/strong>, nuorempi tutkija<\/p>\n\n\n\n<p>Olen v\u00e4it\u00f6skirjatutkija HARECY-hankkeessa. Taustani on matematiikassa, systeemitieteiss\u00e4 ja koneoppimisessa, ja kouluttaudun parhaillani bioinformatiikan ja evoluutiogenomiikan parissa.<\/p>\n\n\n\n<figure class=\"wp-block-image size-large is-resized\"><img loading=\"lazy\" decoding=\"async\" width=\"1024\" height=\"768\" src=\"https:\/\/sites.uef.fi\/biodiversitygenomics\/wp-content\/uploads\/sites\/569\/2026\/02\/IMG_20231105_092541-1-1024x768.jpg\" alt=\"\" class=\"wp-image-388\" style=\"width:671px;height:auto\" srcset=\"https:\/\/sites.uef.fi\/biodiversitygenomics\/wp-content\/uploads\/sites\/569\/2026\/02\/IMG_20231105_092541-1-1024x768.jpg 1024w, https:\/\/sites.uef.fi\/biodiversitygenomics\/wp-content\/uploads\/sites\/569\/2026\/02\/IMG_20231105_092541-1-300x225.jpg 300w, https:\/\/sites.uef.fi\/biodiversitygenomics\/wp-content\/uploads\/sites\/569\/2026\/02\/IMG_20231105_092541-1-768x576.jpg 768w, https:\/\/sites.uef.fi\/biodiversitygenomics\/wp-content\/uploads\/sites\/569\/2026\/02\/IMG_20231105_092541-1-1536x1152.jpg 1536w, https:\/\/sites.uef.fi\/biodiversitygenomics\/wp-content\/uploads\/sites\/569\/2026\/02\/IMG_20231105_092541-1-2048x1536.jpg 2048w\" sizes=\"auto, (max-width: 1024px) 100vw, 1024px\" \/><\/figure>\n\n\n\n<p><strong>FM Jiri Vihavainen<\/strong>, nuorempi tutkija<\/p>\n\n\n\n<p>Olen aina ollut h\u00e4mm\u00e4stynyt siit\u00e4, kuinka monimuotoinen ja monipuolinen eli\u00f6ryhm\u00e4 hy\u00f6nteiset ovat. Kandidaattiopintojeni aikana aloin kiinnostua eri kovakuoriaisten (Coleoptera) ja suorasiipisten (Orthoptera) ker\u00e4\u00e4misest\u00e4. Taksonomisen osaamiseni karttuessa aloin kokea morfologisen lajim\u00e4\u00e4rityksen ep\u00e4m\u00e4\u00e4r\u00e4isyyden h\u00e4iritsev\u00e4ksi: l\u00e4hes jokaisella tuntui olevan eri k\u00e4sitys siit\u00e4, mihin ryhm\u00e4\u00e4n sama yksil\u00f6 kuului. Olimme toki tuolloin viel\u00e4 opiskelijoita, mutta asia j\u00e4i painamaan.<\/p>\n\n\n\n<p>Toinen kiinnostuksenkohteeni, laboratorioty\u00f6 \u2013 erityisesti DNA:n parissa ty\u00f6skentely \u2013 johdatti minut DNA-viivakoodauksen maailman, ja lopulta pystyin yhdist\u00e4m\u00e4\u00e4n n\u00e4m\u00e4 kaksi tutkimusintressi\u00e4ni biodiversiteettigenomiikassa.<\/p>\n\n\n\n<p>V\u00e4it\u00f6skirjatutkimuksessani pyrin nyt valaisemaan luonnon monimuotoisuuden niin sanottua \u201dpime\u00e4\u00e4 ainetta\u201d vaikeasti m\u00e4\u00e4ritett\u00e4v\u00e4ss\u00e4 kaksisiipisten heimossa, ryh\u00e4k\u00e4rp\u00e4siss\u00e4 (Diptera: Phoridae). Hanke keskittyy uusien menetelmien kehitt\u00e4miseen lajien m\u00e4\u00e4ritt\u00e4mispullonkaulojen ratkaisemiseksi ja edist\u00e4m\u00e4\u00e4n maapallon suunnattoman lajimonimuotoisuuden kartoittamista.<\/p>\n\n\n\n<figure class=\"wp-block-image size-large is-resized\"><img loading=\"lazy\" decoding=\"async\" width=\"768\" height=\"1024\" src=\"https:\/\/sites.uef.fi\/biodiversitygenomics\/wp-content\/uploads\/sites\/569\/2026\/02\/foto-1-768x1024.jpg\" alt=\"\" class=\"wp-image-389\" style=\"aspect-ratio:0.7500105766383213;width:545px;height:auto\" srcset=\"https:\/\/sites.uef.fi\/biodiversitygenomics\/wp-content\/uploads\/sites\/569\/2026\/02\/foto-1-768x1024.jpg 768w, https:\/\/sites.uef.fi\/biodiversitygenomics\/wp-content\/uploads\/sites\/569\/2026\/02\/foto-1-225x300.jpg 225w, https:\/\/sites.uef.fi\/biodiversitygenomics\/wp-content\/uploads\/sites\/569\/2026\/02\/foto-1-1152x1536.jpg 1152w, https:\/\/sites.uef.fi\/biodiversitygenomics\/wp-content\/uploads\/sites\/569\/2026\/02\/foto-1-1536x2048.jpg 1536w, https:\/\/sites.uef.fi\/biodiversitygenomics\/wp-content\/uploads\/sites\/569\/2026\/02\/foto-1-scaled.jpg 1920w\" sizes=\"auto, (max-width: 768px) 100vw, 768px\" \/><\/figure>\n\n\n\n<p><strong>FM Niko Lappalainen<\/strong>, nuorempi tutkija<\/p>\n\n\n\n<p>Tutkimukseni keskittyy luonnontieteellisten kokoelmien automatisoitujen massadigitointimenetelmien kehitt\u00e4miseen sek\u00e4 laitteistotasolla \u2013 kuljetinhihnapohjaisen kuvantamisen avulla \u2013 ett\u00e4 ohjelmistotasolla tietokantojen luomisen ja hallinnan osalta. Tavoitteenani on tunnistaa kuljetinpohjaisten kuvantamisj\u00e4rjestelmien nykyiset tekniset rajoitteet, optimoida niiden ohjaus- ja s\u00e4\u00e4t\u00f6konfiguraatioita sek\u00e4 kvantifioida, miten erilaiset suunnitteluratkaisut vaikuttavat suorituskykyyn ja kuvanlaatuun todellisissa ymp\u00e4rist\u00f6iss\u00e4 museoissa ja tutkimuslaitoksilla.<\/p>\n\n\n\n<p>Ty\u00f6ni johtaa automatisoitujen laadunvalvontamenetelmien kehitt\u00e4miseen, n\u00e4ytteiden ja etikettien segmentointiin, useiden viivakoodien samanaikaiseen lukemiseen sek\u00e4 olemassa olevien OCR-teknologioiden hy\u00f6dynt\u00e4miseen k\u00e4sinkirjoitettujen etikettien tulkinnassa. Kokonaisuudessaan tutkimuksen tavoitteena on parantaa luonnontieteellisist\u00e4 n\u00e4ytteist\u00e4 saatavan datan m\u00e4\u00e4r\u00e4\u00e4 ja laatua merkitt\u00e4v\u00e4sti sek\u00e4 v\u00e4hent\u00e4\u00e4 manuaalisen ty\u00f6n tarvetta.<\/p>\n\n\n\n<p>Vaikka ty\u00f6ni ei suoraan liity genomiikkaan, luonnontieteellisten n\u00e4ytteiden digitointi on t\u00e4rke\u00e4 osa nykyaikaista biodiversiteettitutkimusta ja molekyyliekologiaa. Erityisesti DNA-viivakoodauksen yhteydess\u00e4 on olennaista, ett\u00e4 jokaiselle sekvensoidulle n\u00e4ytteelle on olemassa huolellisesti dokumentoitu ja kuvattu voucher-n\u00e4yte, johon geneettinen tieto voidaan yksiselitteisesti kytke\u00e4. Laadukkaat kuvat mahdollistavat my\u00f6hemm\u00e4n morfologisen tarkastelun, lajim\u00e4\u00e4ritysten varmentamisen ja tulosten toistettavuuden my\u00f6s silloin, kun fyysiseen n\u00e4ytteeseen ei ole suoraa p\u00e4\u00e4sy\u00e4.<\/p>\n\n\n\n<p>Systemaattinen ja automatisoitu digitointi parantaa siten viivakoodidatan luotettavuutta, yhdistett\u00e4vyytt\u00e4 ja pitk\u00e4aikaista k\u00e4ytt\u00f6arvoa. Se tukee taksonomista tutkimusta, helpottaa aineistojen avaamista kansainv\u00e4liseen k\u00e4ytt\u00f6\u00f6n ja varmistaa, ett\u00e4 geneettinen tieto s\u00e4ilyy kiinte\u00e4ss\u00e4 yhteydess\u00e4 konkreettisiin museon\u00e4ytteisiin \u2013 biodiversiteettitutkimuksen perusvaluuttaan.<\/p>\n\n\n\n<figure class=\"wp-block-image size-large is-resized\"><img loading=\"lazy\" decoding=\"async\" width=\"1024\" height=\"768\" src=\"https:\/\/sites.uef.fi\/biodiversitygenomics\/wp-content\/uploads\/sites\/569\/2026\/02\/NikoFirenzeFS-1-1024x768.jpg\" alt=\"\" class=\"wp-image-396\" style=\"width:782px;height:auto\" srcset=\"https:\/\/sites.uef.fi\/biodiversitygenomics\/wp-content\/uploads\/sites\/569\/2026\/02\/NikoFirenzeFS-1-1024x768.jpg 1024w, https:\/\/sites.uef.fi\/biodiversitygenomics\/wp-content\/uploads\/sites\/569\/2026\/02\/NikoFirenzeFS-1-300x225.jpg 300w, https:\/\/sites.uef.fi\/biodiversitygenomics\/wp-content\/uploads\/sites\/569\/2026\/02\/NikoFirenzeFS-1-768x576.jpg 768w, https:\/\/sites.uef.fi\/biodiversitygenomics\/wp-content\/uploads\/sites\/569\/2026\/02\/NikoFirenzeFS-1-1536x1152.jpg 1536w, https:\/\/sites.uef.fi\/biodiversitygenomics\/wp-content\/uploads\/sites\/569\/2026\/02\/NikoFirenzeFS-1-2048x1536.jpg 2048w\" sizes=\"auto, (max-width: 1024px) 100vw, 1024px\" \/><\/figure>\n","protected":false},"excerpt":{"rendered":"<p>Jaakko Pohjoism\u00e4ki, molekyylibiologian ja genetiikan professori, tutkimusryhm\u00e4n johtaja Vaikka taustani on biol\u00e4\u00e4ketieteess\u00e4 ja mitokondriobiologiassa, eli\u00f6lajit olivat ne, jotka vetiv\u00e4t minut biologian pariin. Tutkimuksessani olen erityisen kiinnostunut ei-malliorganismien funktionaalisesta genetiikasta, lajien monimuotoisuudesta sek\u00e4 biologista muuntelua ja sopeutumista muovaavista mekanismeista. Suhtaudun villiin luontoon ja sen s\u00e4ilymiseen nykyisess\u00e4, nopeasti muuttuvassa maailmassa syv\u00e4ll\u00e4 intohimolla, ja n\u00e4en tutkimuksen, opetuksen ja [&hellip;]<\/p>\n","protected":false},"author":1000,"featured_media":0,"parent":0,"menu_order":0,"comment_status":"closed","ping_status":"closed","template":"","meta":{"_acf_changed":false,"footnotes":""},"class_list":["post-277","page","type-page","status-publish","hentry"],"acf":[],"yoast_head":"<!-- This site is optimized with the Yoast SEO plugin v27.1.1 - https:\/\/yoast.com\/product\/yoast-seo-wordpress\/ -->\n<title>Ihmiset - UEF Biodiversiteettigenetiikka<\/title>\n<meta name=\"robots\" content=\"index, follow, max-snippet:-1, max-image-preview:large, max-video-preview:-1\" \/>\n<link rel=\"canonical\" href=\"https:\/\/sites.uef.fi\/biodiversitygenomics\/ihmiset\/\" \/>\n<meta property=\"og:locale\" content=\"fi_FI\" \/>\n<meta property=\"og:type\" content=\"article\" \/>\n<meta property=\"og:title\" content=\"Ihmiset - UEF Biodiversiteettigenetiikka\" \/>\n<meta property=\"og:description\" content=\"Jaakko Pohjoism\u00e4ki, molekyylibiologian ja genetiikan professori, tutkimusryhm\u00e4n johtaja Vaikka taustani on biol\u00e4\u00e4ketieteess\u00e4 ja mitokondriobiologiassa, eli\u00f6lajit olivat ne, jotka vetiv\u00e4t minut biologian pariin. Tutkimuksessani olen erityisen kiinnostunut ei-malliorganismien funktionaalisesta genetiikasta, lajien monimuotoisuudesta sek\u00e4 biologista muuntelua ja sopeutumista muovaavista mekanismeista. Suhtaudun villiin luontoon ja sen s\u00e4ilymiseen nykyisess\u00e4, nopeasti muuttuvassa maailmassa syv\u00e4ll\u00e4 intohimolla, ja n\u00e4en tutkimuksen, opetuksen ja [&hellip;]\" \/>\n<meta property=\"og:url\" content=\"https:\/\/sites.uef.fi\/biodiversitygenomics\/ihmiset\/\" \/>\n<meta property=\"og:site_name\" content=\"UEF Biodiversiteettigenetiikka\" \/>\n<meta property=\"article:modified_time\" content=\"2026-02-12T15:07:57+00:00\" \/>\n<meta property=\"og:image\" content=\"https:\/\/sites.uef.fi\/biodiversitygenomics\/wp-content\/uploads\/sites\/569\/2026\/02\/IMG_2429-1-scaled.jpeg\" \/>\n\t<meta property=\"og:image:width\" content=\"2560\" \/>\n\t<meta property=\"og:image:height\" content=\"1923\" \/>\n\t<meta property=\"og:image:type\" content=\"image\/jpeg\" \/>\n<meta name=\"twitter:card\" content=\"summary_large_image\" \/>\n<meta name=\"twitter:label1\" content=\"Arvioitu lukuaika\" \/>\n\t<meta name=\"twitter:data1\" content=\"5 minuuttia\" \/>\n<script type=\"application\/ld+json\" class=\"yoast-schema-graph\">{\"@context\":\"https:\/\/schema.org\",\"@graph\":[{\"@type\":\"WebPage\",\"@id\":\"https:\/\/sites.uef.fi\/biodiversitygenomics\/ihmiset\/\",\"url\":\"https:\/\/sites.uef.fi\/biodiversitygenomics\/ihmiset\/\",\"name\":\"Ihmiset - UEF Biodiversiteettigenetiikka\",\"isPartOf\":{\"@id\":\"https:\/\/sites.uef.fi\/biodiversitygenomics\/#website\"},\"primaryImageOfPage\":{\"@id\":\"https:\/\/sites.uef.fi\/biodiversitygenomics\/ihmiset\/#primaryimage\"},\"image\":{\"@id\":\"https:\/\/sites.uef.fi\/biodiversitygenomics\/ihmiset\/#primaryimage\"},\"thumbnailUrl\":\"https:\/\/sites.uef.fi\/biodiversitygenomics\/wp-content\/uploads\/sites\/569\/2026\/02\/IMG_2429-1-1024x769.jpeg\",\"datePublished\":\"2026-02-05T13:07:25+00:00\",\"dateModified\":\"2026-02-12T15:07:57+00:00\",\"breadcrumb\":{\"@id\":\"https:\/\/sites.uef.fi\/biodiversitygenomics\/ihmiset\/#breadcrumb\"},\"inLanguage\":\"fi\",\"potentialAction\":[{\"@type\":\"ReadAction\",\"target\":[\"https:\/\/sites.uef.fi\/biodiversitygenomics\/ihmiset\/\"]}]},{\"@type\":\"ImageObject\",\"inLanguage\":\"fi\",\"@id\":\"https:\/\/sites.uef.fi\/biodiversitygenomics\/ihmiset\/#primaryimage\",\"url\":\"https:\/\/sites.uef.fi\/biodiversitygenomics\/wp-content\/uploads\/sites\/569\/2026\/02\/IMG_2429-1-scaled.jpeg\",\"contentUrl\":\"https:\/\/sites.uef.fi\/biodiversitygenomics\/wp-content\/uploads\/sites\/569\/2026\/02\/IMG_2429-1-scaled.jpeg\",\"width\":2560,\"height\":1923},{\"@type\":\"BreadcrumbList\",\"@id\":\"https:\/\/sites.uef.fi\/biodiversitygenomics\/ihmiset\/#breadcrumb\",\"itemListElement\":[{\"@type\":\"ListItem\",\"position\":1,\"name\":\"Etusivu\",\"item\":\"https:\/\/sites.uef.fi\/biodiversitygenomics\/\"},{\"@type\":\"ListItem\",\"position\":2,\"name\":\"Ihmiset\"}]},{\"@type\":\"WebSite\",\"@id\":\"https:\/\/sites.uef.fi\/biodiversitygenomics\/#website\",\"url\":\"https:\/\/sites.uef.fi\/biodiversitygenomics\/\",\"name\":\"UEF Biodiversiteettigenetiikka\",\"description\":\"\",\"potentialAction\":[{\"@type\":\"SearchAction\",\"target\":{\"@type\":\"EntryPoint\",\"urlTemplate\":\"https:\/\/sites.uef.fi\/biodiversitygenomics\/?s={search_term_string}\"},\"query-input\":{\"@type\":\"PropertyValueSpecification\",\"valueRequired\":true,\"valueName\":\"search_term_string\"}}],\"inLanguage\":\"fi\"}]}<\/script>\n<!-- \/ Yoast SEO plugin. -->","yoast_head_json":{"title":"Ihmiset - UEF Biodiversiteettigenetiikka","robots":{"index":"index","follow":"follow","max-snippet":"max-snippet:-1","max-image-preview":"max-image-preview:large","max-video-preview":"max-video-preview:-1"},"canonical":"https:\/\/sites.uef.fi\/biodiversitygenomics\/ihmiset\/","og_locale":"fi_FI","og_type":"article","og_title":"Ihmiset - UEF Biodiversiteettigenetiikka","og_description":"Jaakko Pohjoism\u00e4ki, molekyylibiologian ja genetiikan professori, tutkimusryhm\u00e4n johtaja Vaikka taustani on biol\u00e4\u00e4ketieteess\u00e4 ja mitokondriobiologiassa, eli\u00f6lajit olivat ne, jotka vetiv\u00e4t minut biologian pariin. Tutkimuksessani olen erityisen kiinnostunut ei-malliorganismien funktionaalisesta genetiikasta, lajien monimuotoisuudesta sek\u00e4 biologista muuntelua ja sopeutumista muovaavista mekanismeista. Suhtaudun villiin luontoon ja sen s\u00e4ilymiseen nykyisess\u00e4, nopeasti muuttuvassa maailmassa syv\u00e4ll\u00e4 intohimolla, ja n\u00e4en tutkimuksen, opetuksen ja [&hellip;]","og_url":"https:\/\/sites.uef.fi\/biodiversitygenomics\/ihmiset\/","og_site_name":"UEF Biodiversiteettigenetiikka","article_modified_time":"2026-02-12T15:07:57+00:00","og_image":[{"width":2560,"height":1923,"url":"https:\/\/sites.uef.fi\/biodiversitygenomics\/wp-content\/uploads\/sites\/569\/2026\/02\/IMG_2429-1-scaled.jpeg","type":"image\/jpeg"}],"twitter_card":"summary_large_image","twitter_misc":{"Arvioitu lukuaika":"5 minuuttia"},"schema":{"@context":"https:\/\/schema.org","@graph":[{"@type":"WebPage","@id":"https:\/\/sites.uef.fi\/biodiversitygenomics\/ihmiset\/","url":"https:\/\/sites.uef.fi\/biodiversitygenomics\/ihmiset\/","name":"Ihmiset - UEF Biodiversiteettigenetiikka","isPartOf":{"@id":"https:\/\/sites.uef.fi\/biodiversitygenomics\/#website"},"primaryImageOfPage":{"@id":"https:\/\/sites.uef.fi\/biodiversitygenomics\/ihmiset\/#primaryimage"},"image":{"@id":"https:\/\/sites.uef.fi\/biodiversitygenomics\/ihmiset\/#primaryimage"},"thumbnailUrl":"https:\/\/sites.uef.fi\/biodiversitygenomics\/wp-content\/uploads\/sites\/569\/2026\/02\/IMG_2429-1-1024x769.jpeg","datePublished":"2026-02-05T13:07:25+00:00","dateModified":"2026-02-12T15:07:57+00:00","breadcrumb":{"@id":"https:\/\/sites.uef.fi\/biodiversitygenomics\/ihmiset\/#breadcrumb"},"inLanguage":"fi","potentialAction":[{"@type":"ReadAction","target":["https:\/\/sites.uef.fi\/biodiversitygenomics\/ihmiset\/"]}]},{"@type":"ImageObject","inLanguage":"fi","@id":"https:\/\/sites.uef.fi\/biodiversitygenomics\/ihmiset\/#primaryimage","url":"https:\/\/sites.uef.fi\/biodiversitygenomics\/wp-content\/uploads\/sites\/569\/2026\/02\/IMG_2429-1-scaled.jpeg","contentUrl":"https:\/\/sites.uef.fi\/biodiversitygenomics\/wp-content\/uploads\/sites\/569\/2026\/02\/IMG_2429-1-scaled.jpeg","width":2560,"height":1923},{"@type":"BreadcrumbList","@id":"https:\/\/sites.uef.fi\/biodiversitygenomics\/ihmiset\/#breadcrumb","itemListElement":[{"@type":"ListItem","position":1,"name":"Etusivu","item":"https:\/\/sites.uef.fi\/biodiversitygenomics\/"},{"@type":"ListItem","position":2,"name":"Ihmiset"}]},{"@type":"WebSite","@id":"https:\/\/sites.uef.fi\/biodiversitygenomics\/#website","url":"https:\/\/sites.uef.fi\/biodiversitygenomics\/","name":"UEF Biodiversiteettigenetiikka","description":"","potentialAction":[{"@type":"SearchAction","target":{"@type":"EntryPoint","urlTemplate":"https:\/\/sites.uef.fi\/biodiversitygenomics\/?s={search_term_string}"},"query-input":{"@type":"PropertyValueSpecification","valueRequired":true,"valueName":"search_term_string"}}],"inLanguage":"fi"}]}},"_links":{"self":[{"href":"https:\/\/sites.uef.fi\/biodiversitygenomics\/wp-json\/wp\/v2\/pages\/277","targetHints":{"allow":["GET"]}}],"collection":[{"href":"https:\/\/sites.uef.fi\/biodiversitygenomics\/wp-json\/wp\/v2\/pages"}],"about":[{"href":"https:\/\/sites.uef.fi\/biodiversitygenomics\/wp-json\/wp\/v2\/types\/page"}],"author":[{"embeddable":true,"href":"https:\/\/sites.uef.fi\/biodiversitygenomics\/wp-json\/wp\/v2\/users\/1000"}],"replies":[{"embeddable":true,"href":"https:\/\/sites.uef.fi\/biodiversitygenomics\/wp-json\/wp\/v2\/comments?post=277"}],"version-history":[{"count":2,"href":"https:\/\/sites.uef.fi\/biodiversitygenomics\/wp-json\/wp\/v2\/pages\/277\/revisions"}],"predecessor-version":[{"id":421,"href":"https:\/\/sites.uef.fi\/biodiversitygenomics\/wp-json\/wp\/v2\/pages\/277\/revisions\/421"}],"wp:attachment":[{"href":"https:\/\/sites.uef.fi\/biodiversitygenomics\/wp-json\/wp\/v2\/media?parent=277"}],"curies":[{"name":"wp","href":"https:\/\/api.w.org\/{rel}","templated":true}]}}