{"id":281,"date":"2026-02-05T15:11:30","date_gmt":"2026-02-05T13:11:30","guid":{"rendered":"https:\/\/sites.uef.fi\/biodiversitygenomics\/?page_id=281"},"modified":"2026-02-16T13:28:38","modified_gmt":"2026-02-16T11:28:38","slug":"yhteistyo","status":"publish","type":"page","link":"https:\/\/sites.uef.fi\/biodiversitygenomics\/yhteistyo\/","title":{"rendered":"Yhteisty\u00f6"},"content":{"rendered":"\n<figure class=\"wp-block-image size-full is-resized\"><img loading=\"lazy\" decoding=\"async\" width=\"800\" height=\"800\" src=\"https:\/\/sites.uef.fi\/biodiversitygenomics\/wp-content\/uploads\/sites\/569\/2026\/02\/c58dd19b-ad2d-45d3-87ff-a8d37f7d7f60.jpg\" alt=\"\" class=\"wp-image-282\" style=\"width:477px;height:auto\" srcset=\"https:\/\/sites.uef.fi\/biodiversitygenomics\/wp-content\/uploads\/sites\/569\/2026\/02\/c58dd19b-ad2d-45d3-87ff-a8d37f7d7f60.jpg 800w, https:\/\/sites.uef.fi\/biodiversitygenomics\/wp-content\/uploads\/sites\/569\/2026\/02\/c58dd19b-ad2d-45d3-87ff-a8d37f7d7f60-300x300.jpg 300w, https:\/\/sites.uef.fi\/biodiversitygenomics\/wp-content\/uploads\/sites\/569\/2026\/02\/c58dd19b-ad2d-45d3-87ff-a8d37f7d7f60-150x150.jpg 150w, https:\/\/sites.uef.fi\/biodiversitygenomics\/wp-content\/uploads\/sites\/569\/2026\/02\/c58dd19b-ad2d-45d3-87ff-a8d37f7d7f60-768x768.jpg 768w\" sizes=\"auto, (max-width: 800px) 100vw, 800px\" \/><\/figure>\n\n\n\n<h2 class=\"wp-block-heading\">Socially Salient Species Research Community<\/h2>\n\n\n\n<p><em>S3RC <\/em>on l\u00f6yh\u00e4 yhteis\u00f6 tutkimusryhmi\u00e4, jotka ty\u00f6skentelev\u00e4t vieh\u00e4tt\u00e4vien, suurta yleis\u00f6\u00e4 kiinnostavien el\u00e4inten parissa. Yhteis\u00f6 on saanut innostuksensa Joensuussa syntyneest\u00e4, alun perin osin sis\u00e4piirihenkisest\u00e4 \u201cs\u00f6p\u00f6el\u00e4intutkimuksen\u201d ideasta, mutta sen taustalla on vakava ja ajankohtainen tutkimuksellinen ja yhteiskunnallinen tavoite.<\/p>\n\n\n\n<p>Vaikka vieh\u00e4tt\u00e4v\u00e4t tai ikoniset el\u00e4inlajit voivat ensisilm\u00e4yksell\u00e4 vaikuttaa kevyelt\u00e4 tutkimusteemalta, ne tarjoavat poikkeuksellisen tehokkaan v\u00e4yl\u00e4n her\u00e4tt\u00e4\u00e4 kiinnostusta luonnontieteisiin, genomiikkaan ja biodiversiteettitutkimukseen. T\u00e4llaiset lajit toimivat porttina monimutkaisiin kysymyksiin perinn\u00f6llisyydest\u00e4, sopeutumisesta, evoluutiosta ja ymp\u00e4rist\u00f6muutoksista \u2013 aiheisiin, jotka muuten j\u00e4\u00e4v\u00e4t helposti suurelta yleis\u00f6lt\u00e4 et\u00e4isiksi.<\/p>\n\n\n\n<p>Tutkimuksellisesti sosiaalisesti merkitt\u00e4v\u00e4t lajit ovat usein my\u00f6s ekologisesti ja suojelubiologisesti keskeisi\u00e4. Esimerkiksi&nbsp;liito-orava&nbsp;on suomalaisessa luonnonsuojelussa klassinen indikaattori- ja sateenvarjolaji: sen elinymp\u00e4rist\u00f6vaatimukset kytkeytyv\u00e4t laajempaan vanhojen metsien ja mets\u00e4rakenteiden s\u00e4ilymiseen, mik\u00e4 hy\u00f6dytt\u00e4\u00e4 lukuisia muita, v\u00e4hemm\u00e4n tunnettuja lajeja.&nbsp;Saimaannorppa&nbsp;puolestaan on paitsi uhanalainen endeeminen laji my\u00f6s koko Saimaan vesist\u00f6n tilan symboli. Norppatutkimus yhdist\u00e4\u00e4 genomiikan, ekologiaan, ymp\u00e4rist\u00f6myrkkyihin ja ihmistoiminnan vaikutuksiin, ja sill\u00e4 on suoria vaikutuksia suojelup\u00e4\u00e4t\u00f6ksiin ja ymp\u00e4rist\u00f6hallintoon.<\/p>\n\n\n\n<p>Vastaavasti&nbsp;mets\u00e4j\u00e4nis&nbsp;toimii pohjoisten ekosysteemien indikaattorina ja ilmastonmuutoksen vaikutusten airuena: sen vuodenaikaisiin olosuhteisiin sopeutunut v\u00e4rinvaihto ja fysiologia tekev\u00e4t n\u00e4kyv\u00e4ksi lumipeitteen v\u00e4henemisen ja talvien leudontumisen merkityksen pohjoisille el\u00e4imille. Kansainv\u00e4lisess\u00e4 kontekstissa&nbsp;pingviinit<strong>&nbsp;<\/strong>ovat nousseet globaaliksi symboliksi ilmastonmuutokselle, j\u00e4\u00e4peitteen hupenemiselle ja meriekosysteemien muutoksille. N\u00e4iden lajien kautta voidaan viesti\u00e4 tehokkaasti ilmastonmuutoksen biologisista seurauksista tavalla, joka on helposti ymm\u00e4rrett\u00e4v\u00e4\u00e4.<\/p>\n\n\n\n<p>Keskeinen ajatus&nbsp;<em>S3RC<\/em>&nbsp;-yhteis\u00f6ss\u00e4 on, ett\u00e4 n\u00e4kyvien ja karismaattisten lajien tutkimus ei ole ristiriidassa perustutkimuksen kanssa \u2013 p\u00e4invastoin. Ne toimivat sateenvarjolajeina paitsi ekologisesti my\u00f6s viestinn\u00e4llisesti: niiden kautta voidaan tuoda esiin laajoja eli\u00f6ryhmi\u00e4, ekosysteemej\u00e4 ja geneettisi\u00e4 ilmi\u00f6it\u00e4, jotka muuten j\u00e4isiv\u00e4t huomiotta. Samalla ne tarjoavat tutkijoille mahdollisuuden yhdist\u00e4\u00e4 korkeatasoinen genomi- ja evoluutiotutkimus vaikuttavaan tiedeviestint\u00e4\u00e4n, koulutukseen ja yhteiskunnalliseen vuoropuheluun.<\/p>\n\n\n\n<p>Yhteis\u00f6n tavoitteena onkin vahvistaa tutkimuksen ja yleis\u00f6n v\u00e4list\u00e4 yhteytt\u00e4, lis\u00e4t\u00e4 ymm\u00e4rryst\u00e4 luonnon monimuotoisuudesta ja sen suojelun tieteellisist\u00e4 perusteista \u2013 ja tehd\u00e4 se el\u00e4inten kautta, joihin ihmisill\u00e4 on jo valmiiksi tunneside.<\/p>\n\n\n\n<p><strong>Yhteisty\u00f6ryhm\u00e4t: <\/strong><a href=\"https:\/\/www.oulu.fi\/fi\/tutkimusryhmat\/biodiversity-genomics-group\">Stefan Prost, Oulu<\/a>; <a href=\"https:\/\/research.tuni.fi\/mitochondrial-bioenergetics-and-metabolism\/\">Eric Dufour, Tampere<\/a>; <a href=\"https:\/\/www.helsinki.fi\/en\/hilife-helsinki-institute-life-science\/units\/institute-biotechnology\/breakthrough-discoveries\/genomics-and-evolutionary-biology-research-program\/ecological-and-evolutionary-epigenomics-ageing\">Robin Cristofari, Helsinki<\/a>; <a href=\"https:\/\/www.tomminyman.fi\">Tommi Nyman, NIBIO, Norja<\/a>; <a href=\"http:\/\/www.intevobio.fi\">Claudius Kratochwil, Helsinki<\/a><\/p>\n\n\n\n<h2 class=\"wp-block-heading\">Genomihankkeet<\/h2>\n\n\n\n<figure class=\"wp-block-image size-large\"><img loading=\"lazy\" decoding=\"async\" width=\"1024\" height=\"229\" src=\"https:\/\/sites.uef.fi\/biodiversitygenomics\/wp-content\/uploads\/sites\/569\/2026\/02\/Screenshot-2026-02-07-at-11.52.19-1-1024x229.png\" alt=\"\" class=\"wp-image-375\" srcset=\"https:\/\/sites.uef.fi\/biodiversitygenomics\/wp-content\/uploads\/sites\/569\/2026\/02\/Screenshot-2026-02-07-at-11.52.19-1-1024x229.png 1024w, https:\/\/sites.uef.fi\/biodiversitygenomics\/wp-content\/uploads\/sites\/569\/2026\/02\/Screenshot-2026-02-07-at-11.52.19-1-300x67.png 300w, https:\/\/sites.uef.fi\/biodiversitygenomics\/wp-content\/uploads\/sites\/569\/2026\/02\/Screenshot-2026-02-07-at-11.52.19-1-768x172.png 768w, https:\/\/sites.uef.fi\/biodiversitygenomics\/wp-content\/uploads\/sites\/569\/2026\/02\/Screenshot-2026-02-07-at-11.52.19-1-1536x344.png 1536w, https:\/\/sites.uef.fi\/biodiversitygenomics\/wp-content\/uploads\/sites\/569\/2026\/02\/Screenshot-2026-02-07-at-11.52.19-1-2048x459.png 2048w\" sizes=\"auto, (max-width: 1024px) 100vw, 1024px\" \/><figcaption class=\"wp-element-caption\">Joensuulaisen mets\u00e4j\u00e4nis-rusakkohybridin takaisinristeym\u00e4j\u00e4lkel\u00e4isen kromosomit. Punainen: Mets\u00e4j\u00e4niksen geenimuotojen suhteen homotsygoottinen alue, sininen: rusakon geenimuotojen suhteen homotsygoottinen alue, keltainen: heterotsygootti molempien lajien geenimuotojen suhteen.<\/figcaption><\/figure>\n\n\n\n<p>Teemme laajasti yhteisty\u00f6t\u00e4 liittyen verrokkigenomien tuottamiseen, ollen verkostuneita mm. Euroopan referenssigenomiatlaksen kautta. J\u00e4nisgenomiikan ja -populaatiogenetiikan yhteisty\u00f6kumppanina toimii <a href=\"https:\/\/www.cibio.up.pt\/en\/groups\/genomics-of-evolutionary-change-evochange\/\">Jos\u00e9 Melo-Ferreira&#8217;n ryhm\u00e4 CIBIO<\/a>&#8217;lla Portugalissa.<\/p>\n\n\n\n<h2 class=\"wp-block-heading\">DNA-ty\u00f6kalut lajitunnistuksessa<\/h2>\n\n\n\n<figure class=\"wp-block-image size-large\"><img loading=\"lazy\" decoding=\"async\" width=\"1024\" height=\"768\" src=\"https:\/\/sites.uef.fi\/biodiversitygenomics\/wp-content\/uploads\/sites\/569\/2026\/02\/IMG_2819-1-1024x768.jpeg\" alt=\"\" class=\"wp-image-376\" srcset=\"https:\/\/sites.uef.fi\/biodiversitygenomics\/wp-content\/uploads\/sites\/569\/2026\/02\/IMG_2819-1-1024x768.jpeg 1024w, https:\/\/sites.uef.fi\/biodiversitygenomics\/wp-content\/uploads\/sites\/569\/2026\/02\/IMG_2819-1-300x225.jpeg 300w, https:\/\/sites.uef.fi\/biodiversitygenomics\/wp-content\/uploads\/sites\/569\/2026\/02\/IMG_2819-1-768x576.jpeg 768w, https:\/\/sites.uef.fi\/biodiversitygenomics\/wp-content\/uploads\/sites\/569\/2026\/02\/IMG_2819-1-1536x1152.jpeg 1536w, https:\/\/sites.uef.fi\/biodiversitygenomics\/wp-content\/uploads\/sites\/569\/2026\/02\/IMG_2819-1-2048x1536.jpeg 2048w\" sizes=\"auto, (max-width: 1024px) 100vw, 1024px\" \/><\/figure>\n\n\n\n<p>T\u00e4rkein kumppani DNA-pohjaisessa lajirajaustutkimuksessa ja DNA-viivakoodihankkeissa on <a href=\"https:\/\/www.oulu.fi\/fi\/tutkimusryhmat\/hyonteisten-biolukutaito-tutkimusryhma\">Marko Mutasen tutkimusryhm\u00e4<\/a> Oulun yliopistossa. Olemme my\u00f6s osallistuneet EU:n laajuiseen <a href=\"https:\/\/biodiversitygenomics.eu\/bge-research\/sampling\/\">Biodiversity Genomics Europe<\/a> p\u00f6lytt\u00e4j\u00e4yhteis\u00f6tutkimukseen.<\/p>\n","protected":false},"excerpt":{"rendered":"<p>Socially Salient Species Research Community S3RC on l\u00f6yh\u00e4 yhteis\u00f6 tutkimusryhmi\u00e4, jotka ty\u00f6skentelev\u00e4t vieh\u00e4tt\u00e4vien, suurta yleis\u00f6\u00e4 kiinnostavien el\u00e4inten parissa. Yhteis\u00f6 on saanut innostuksensa Joensuussa syntyneest\u00e4, alun perin osin sis\u00e4piirihenkisest\u00e4 \u201cs\u00f6p\u00f6el\u00e4intutkimuksen\u201d ideasta, mutta sen taustalla on vakava ja ajankohtainen tutkimuksellinen ja yhteiskunnallinen tavoite. Vaikka vieh\u00e4tt\u00e4v\u00e4t tai ikoniset el\u00e4inlajit voivat ensisilm\u00e4yksell\u00e4 vaikuttaa kevyelt\u00e4 tutkimusteemalta, ne tarjoavat poikkeuksellisen tehokkaan [&hellip;]<\/p>\n","protected":false},"author":1000,"featured_media":0,"parent":0,"menu_order":0,"comment_status":"closed","ping_status":"closed","template":"","meta":{"_acf_changed":false,"footnotes":""},"class_list":["post-281","page","type-page","status-publish","hentry"],"acf":[],"yoast_head":"<!-- This site is optimized with the Yoast SEO plugin v27.1.1 - https:\/\/yoast.com\/product\/yoast-seo-wordpress\/ -->\n<title>Yhteisty\u00f6 - UEF Biodiversiteettigenetiikka<\/title>\n<meta name=\"robots\" content=\"index, follow, max-snippet:-1, max-image-preview:large, max-video-preview:-1\" \/>\n<link rel=\"canonical\" href=\"https:\/\/sites.uef.fi\/biodiversitygenomics\/yhteistyo\/\" \/>\n<meta property=\"og:locale\" content=\"fi_FI\" \/>\n<meta property=\"og:type\" content=\"article\" \/>\n<meta property=\"og:title\" content=\"Yhteisty\u00f6 - UEF Biodiversiteettigenetiikka\" \/>\n<meta property=\"og:description\" content=\"Socially Salient Species Research Community S3RC on l\u00f6yh\u00e4 yhteis\u00f6 tutkimusryhmi\u00e4, jotka ty\u00f6skentelev\u00e4t vieh\u00e4tt\u00e4vien, suurta yleis\u00f6\u00e4 kiinnostavien el\u00e4inten parissa. Yhteis\u00f6 on saanut innostuksensa Joensuussa syntyneest\u00e4, alun perin osin sis\u00e4piirihenkisest\u00e4 \u201cs\u00f6p\u00f6el\u00e4intutkimuksen\u201d ideasta, mutta sen taustalla on vakava ja ajankohtainen tutkimuksellinen ja yhteiskunnallinen tavoite. Vaikka vieh\u00e4tt\u00e4v\u00e4t tai ikoniset el\u00e4inlajit voivat ensisilm\u00e4yksell\u00e4 vaikuttaa kevyelt\u00e4 tutkimusteemalta, ne tarjoavat poikkeuksellisen tehokkaan [&hellip;]\" \/>\n<meta property=\"og:url\" content=\"https:\/\/sites.uef.fi\/biodiversitygenomics\/yhteistyo\/\" \/>\n<meta property=\"og:site_name\" content=\"UEF Biodiversiteettigenetiikka\" \/>\n<meta property=\"article:modified_time\" content=\"2026-02-16T11:28:38+00:00\" \/>\n<meta property=\"og:image\" content=\"https:\/\/sites.uef.fi\/biodiversitygenomics\/wp-content\/uploads\/sites\/569\/2026\/02\/c58dd19b-ad2d-45d3-87ff-a8d37f7d7f60.jpg\" \/>\n\t<meta property=\"og:image:width\" content=\"800\" \/>\n\t<meta property=\"og:image:height\" content=\"800\" \/>\n\t<meta property=\"og:image:type\" content=\"image\/jpeg\" \/>\n<meta name=\"twitter:card\" content=\"summary_large_image\" \/>\n<meta name=\"twitter:label1\" content=\"Arvioitu lukuaika\" \/>\n\t<meta name=\"twitter:data1\" content=\"3 minuuttia\" \/>\n<script type=\"application\/ld+json\" class=\"yoast-schema-graph\">{\"@context\":\"https:\/\/schema.org\",\"@graph\":[{\"@type\":\"WebPage\",\"@id\":\"https:\/\/sites.uef.fi\/biodiversitygenomics\/yhteistyo\/\",\"url\":\"https:\/\/sites.uef.fi\/biodiversitygenomics\/yhteistyo\/\",\"name\":\"Yhteisty\u00f6 - UEF Biodiversiteettigenetiikka\",\"isPartOf\":{\"@id\":\"https:\/\/sites.uef.fi\/biodiversitygenomics\/#website\"},\"primaryImageOfPage\":{\"@id\":\"https:\/\/sites.uef.fi\/biodiversitygenomics\/yhteistyo\/#primaryimage\"},\"image\":{\"@id\":\"https:\/\/sites.uef.fi\/biodiversitygenomics\/yhteistyo\/#primaryimage\"},\"thumbnailUrl\":\"https:\/\/sites.uef.fi\/biodiversitygenomics\/wp-content\/uploads\/sites\/569\/2026\/02\/c58dd19b-ad2d-45d3-87ff-a8d37f7d7f60.jpg\",\"datePublished\":\"2026-02-05T13:11:30+00:00\",\"dateModified\":\"2026-02-16T11:28:38+00:00\",\"breadcrumb\":{\"@id\":\"https:\/\/sites.uef.fi\/biodiversitygenomics\/yhteistyo\/#breadcrumb\"},\"inLanguage\":\"fi\",\"potentialAction\":[{\"@type\":\"ReadAction\",\"target\":[\"https:\/\/sites.uef.fi\/biodiversitygenomics\/yhteistyo\/\"]}]},{\"@type\":\"ImageObject\",\"inLanguage\":\"fi\",\"@id\":\"https:\/\/sites.uef.fi\/biodiversitygenomics\/yhteistyo\/#primaryimage\",\"url\":\"https:\/\/sites.uef.fi\/biodiversitygenomics\/wp-content\/uploads\/sites\/569\/2026\/02\/c58dd19b-ad2d-45d3-87ff-a8d37f7d7f60.jpg\",\"contentUrl\":\"https:\/\/sites.uef.fi\/biodiversitygenomics\/wp-content\/uploads\/sites\/569\/2026\/02\/c58dd19b-ad2d-45d3-87ff-a8d37f7d7f60.jpg\",\"width\":800,\"height\":800},{\"@type\":\"BreadcrumbList\",\"@id\":\"https:\/\/sites.uef.fi\/biodiversitygenomics\/yhteistyo\/#breadcrumb\",\"itemListElement\":[{\"@type\":\"ListItem\",\"position\":1,\"name\":\"Etusivu\",\"item\":\"https:\/\/sites.uef.fi\/biodiversitygenomics\/\"},{\"@type\":\"ListItem\",\"position\":2,\"name\":\"Yhteisty\u00f6\"}]},{\"@type\":\"WebSite\",\"@id\":\"https:\/\/sites.uef.fi\/biodiversitygenomics\/#website\",\"url\":\"https:\/\/sites.uef.fi\/biodiversitygenomics\/\",\"name\":\"UEF Biodiversiteettigenetiikka\",\"description\":\"\",\"potentialAction\":[{\"@type\":\"SearchAction\",\"target\":{\"@type\":\"EntryPoint\",\"urlTemplate\":\"https:\/\/sites.uef.fi\/biodiversitygenomics\/?s={search_term_string}\"},\"query-input\":{\"@type\":\"PropertyValueSpecification\",\"valueRequired\":true,\"valueName\":\"search_term_string\"}}],\"inLanguage\":\"fi\"}]}<\/script>\n<!-- \/ Yoast SEO plugin. -->","yoast_head_json":{"title":"Yhteisty\u00f6 - UEF Biodiversiteettigenetiikka","robots":{"index":"index","follow":"follow","max-snippet":"max-snippet:-1","max-image-preview":"max-image-preview:large","max-video-preview":"max-video-preview:-1"},"canonical":"https:\/\/sites.uef.fi\/biodiversitygenomics\/yhteistyo\/","og_locale":"fi_FI","og_type":"article","og_title":"Yhteisty\u00f6 - UEF Biodiversiteettigenetiikka","og_description":"Socially Salient Species Research Community S3RC on l\u00f6yh\u00e4 yhteis\u00f6 tutkimusryhmi\u00e4, jotka ty\u00f6skentelev\u00e4t vieh\u00e4tt\u00e4vien, suurta yleis\u00f6\u00e4 kiinnostavien el\u00e4inten parissa. Yhteis\u00f6 on saanut innostuksensa Joensuussa syntyneest\u00e4, alun perin osin sis\u00e4piirihenkisest\u00e4 \u201cs\u00f6p\u00f6el\u00e4intutkimuksen\u201d ideasta, mutta sen taustalla on vakava ja ajankohtainen tutkimuksellinen ja yhteiskunnallinen tavoite. Vaikka vieh\u00e4tt\u00e4v\u00e4t tai ikoniset el\u00e4inlajit voivat ensisilm\u00e4yksell\u00e4 vaikuttaa kevyelt\u00e4 tutkimusteemalta, ne tarjoavat poikkeuksellisen tehokkaan [&hellip;]","og_url":"https:\/\/sites.uef.fi\/biodiversitygenomics\/yhteistyo\/","og_site_name":"UEF Biodiversiteettigenetiikka","article_modified_time":"2026-02-16T11:28:38+00:00","og_image":[{"width":800,"height":800,"url":"https:\/\/sites.uef.fi\/biodiversitygenomics\/wp-content\/uploads\/sites\/569\/2026\/02\/c58dd19b-ad2d-45d3-87ff-a8d37f7d7f60.jpg","type":"image\/jpeg"}],"twitter_card":"summary_large_image","twitter_misc":{"Arvioitu lukuaika":"3 minuuttia"},"schema":{"@context":"https:\/\/schema.org","@graph":[{"@type":"WebPage","@id":"https:\/\/sites.uef.fi\/biodiversitygenomics\/yhteistyo\/","url":"https:\/\/sites.uef.fi\/biodiversitygenomics\/yhteistyo\/","name":"Yhteisty\u00f6 - UEF Biodiversiteettigenetiikka","isPartOf":{"@id":"https:\/\/sites.uef.fi\/biodiversitygenomics\/#website"},"primaryImageOfPage":{"@id":"https:\/\/sites.uef.fi\/biodiversitygenomics\/yhteistyo\/#primaryimage"},"image":{"@id":"https:\/\/sites.uef.fi\/biodiversitygenomics\/yhteistyo\/#primaryimage"},"thumbnailUrl":"https:\/\/sites.uef.fi\/biodiversitygenomics\/wp-content\/uploads\/sites\/569\/2026\/02\/c58dd19b-ad2d-45d3-87ff-a8d37f7d7f60.jpg","datePublished":"2026-02-05T13:11:30+00:00","dateModified":"2026-02-16T11:28:38+00:00","breadcrumb":{"@id":"https:\/\/sites.uef.fi\/biodiversitygenomics\/yhteistyo\/#breadcrumb"},"inLanguage":"fi","potentialAction":[{"@type":"ReadAction","target":["https:\/\/sites.uef.fi\/biodiversitygenomics\/yhteistyo\/"]}]},{"@type":"ImageObject","inLanguage":"fi","@id":"https:\/\/sites.uef.fi\/biodiversitygenomics\/yhteistyo\/#primaryimage","url":"https:\/\/sites.uef.fi\/biodiversitygenomics\/wp-content\/uploads\/sites\/569\/2026\/02\/c58dd19b-ad2d-45d3-87ff-a8d37f7d7f60.jpg","contentUrl":"https:\/\/sites.uef.fi\/biodiversitygenomics\/wp-content\/uploads\/sites\/569\/2026\/02\/c58dd19b-ad2d-45d3-87ff-a8d37f7d7f60.jpg","width":800,"height":800},{"@type":"BreadcrumbList","@id":"https:\/\/sites.uef.fi\/biodiversitygenomics\/yhteistyo\/#breadcrumb","itemListElement":[{"@type":"ListItem","position":1,"name":"Etusivu","item":"https:\/\/sites.uef.fi\/biodiversitygenomics\/"},{"@type":"ListItem","position":2,"name":"Yhteisty\u00f6"}]},{"@type":"WebSite","@id":"https:\/\/sites.uef.fi\/biodiversitygenomics\/#website","url":"https:\/\/sites.uef.fi\/biodiversitygenomics\/","name":"UEF Biodiversiteettigenetiikka","description":"","potentialAction":[{"@type":"SearchAction","target":{"@type":"EntryPoint","urlTemplate":"https:\/\/sites.uef.fi\/biodiversitygenomics\/?s={search_term_string}"},"query-input":{"@type":"PropertyValueSpecification","valueRequired":true,"valueName":"search_term_string"}}],"inLanguage":"fi"}]}},"_links":{"self":[{"href":"https:\/\/sites.uef.fi\/biodiversitygenomics\/wp-json\/wp\/v2\/pages\/281","targetHints":{"allow":["GET"]}}],"collection":[{"href":"https:\/\/sites.uef.fi\/biodiversitygenomics\/wp-json\/wp\/v2\/pages"}],"about":[{"href":"https:\/\/sites.uef.fi\/biodiversitygenomics\/wp-json\/wp\/v2\/types\/page"}],"author":[{"embeddable":true,"href":"https:\/\/sites.uef.fi\/biodiversitygenomics\/wp-json\/wp\/v2\/users\/1000"}],"replies":[{"embeddable":true,"href":"https:\/\/sites.uef.fi\/biodiversitygenomics\/wp-json\/wp\/v2\/comments?post=281"}],"version-history":[{"count":2,"href":"https:\/\/sites.uef.fi\/biodiversitygenomics\/wp-json\/wp\/v2\/pages\/281\/revisions"}],"predecessor-version":[{"id":426,"href":"https:\/\/sites.uef.fi\/biodiversitygenomics\/wp-json\/wp\/v2\/pages\/281\/revisions\/426"}],"wp:attachment":[{"href":"https:\/\/sites.uef.fi\/biodiversitygenomics\/wp-json\/wp\/v2\/media?parent=281"}],"curies":[{"name":"wp","href":"https:\/\/api.w.org\/{rel}","templated":true}]}}