{"id":291,"date":"2026-02-05T15:52:33","date_gmt":"2026-02-05T13:52:33","guid":{"rendered":"https:\/\/sites.uef.fi\/biodiversitygenomics\/?page_id=291"},"modified":"2026-02-05T15:52:36","modified_gmt":"2026-02-05T13:52:36","slug":"uutisia","status":"publish","type":"page","link":"https:\/\/sites.uef.fi\/biodiversitygenomics\/uutisia\/","title":{"rendered":"Uutisia"},"content":{"rendered":"\n<h2 class=\"wp-block-heading\">5.2.2026<\/h2>\n\n\n\n<figure class=\"wp-block-image size-full\"><img loading=\"lazy\" decoding=\"async\" width=\"1024\" height=\"768\" src=\"https:\/\/sites.uef.fi\/biodiversitygenomics\/wp-content\/uploads\/sites\/569\/2026\/02\/Unknown-1.jpeg\" alt=\"\" class=\"wp-image-292\" srcset=\"https:\/\/sites.uef.fi\/biodiversitygenomics\/wp-content\/uploads\/sites\/569\/2026\/02\/Unknown-1.jpeg 1024w, https:\/\/sites.uef.fi\/biodiversitygenomics\/wp-content\/uploads\/sites\/569\/2026\/02\/Unknown-1-300x225.jpeg 300w, https:\/\/sites.uef.fi\/biodiversitygenomics\/wp-content\/uploads\/sites\/569\/2026\/02\/Unknown-1-768x576.jpeg 768w\" sizes=\"auto, (max-width: 1024px) 100vw, 1024px\" \/><\/figure>\n\n\n\n<p>Eilen solulabraan saapui n\u00e4yte toisesta t\u00e4n\u00e4 vuonna kalaverkkoon kuolleesta saimaannorpasta. Kyseess\u00e4 on 3.2.2026 Tolvanselk\u00e4-Katossel\u00e4n kannanseuranta-alueelta Sulkavalta l\u00f6ytyneest\u00e4 nuoresta naaraasta. Edellinen tapaus \u2013 nuori koiras Pihlajavedelt\u00e4 \u2013 oli 22.1. T\u00e4m\u00e4n solut kasvavat jo (kuva).<\/p>\n\n\n\n<p>T\u00e4ll\u00e4 kalastusrajoitusasetuskaudella kalanpyydyksiin on <a href=\"https:\/\/www.metsa.fi\/suojelu-ja-hoito\/lajien-suojelu\/saimaannorppa\/norppakannan-seuranta\/\">kuollut t\u00e4h\u00e4n menness\u00e4 33 saimaannorppaa<\/a>. Tilanne on melko turhauttava, sill\u00e4 samalla viikolla vapaaehtoiset ovat olleet kolaamassa apukinoksia poikaspesiksi, koska talven v\u00e4h\u00e4lumisuus tarkoittaa v\u00e4hemm\u00e4n ja ohuempia luonnonkinoksia kuuttien syntym\u00e4\u00e4 varten. Pes\u00e4kinosten puute lis\u00e4\u00e4 kuuttien kuolleisuutta esimerkiksi siksi, ett\u00e4 ketut p\u00e4\u00e4sev\u00e4t kuutteihin aiempaa helpommin k\u00e4siksi.<br><br>Ilmastonmuutokseen on vaikea vaikuttaa v\u00e4litt\u00f6m\u00e4sti, mutta verkkokalastuskuolleisuuden v\u00e4hent\u00e4minen \u2013 tai poistaminen \u2013 olisi hyvin helppoa.<br><br>Kannan poistumasta tiedet\u00e4\u00e4n, ett\u00e4 jokaista ilmoitettua pyydykseen kuollutta norppaa kohti <a href=\"https:\/\/journals.plos.org\/plosone\/article?id=10.1371\/journal.pone.0311255\">kaksi j\u00e4\u00e4 ilmoittamatta<\/a>. Kalanpyydykset ovat saimaannorpan merkitt\u00e4vin kuolleisuustekij\u00e4 ja hidastaa kannan kasvua ja levitt\u00e4ytymist\u00e4. Vaikka saimaannorpan kanta on hitaasti kasvanut, nopeampi kasvu veisi lajin selv\u00e4sti nopeammin pois vakavimmasta ahdingosta. Suurempi kanta pystyisi puskuroimaan huonojen vuosien aiheuttamaa kuolleisuutta ja on muutenkin sietokykyisempi ilmaston muuttuessa. Saimaannorppa selvisi esimerkiksi Atlanttisesta l\u00e4mp\u00f6kaudesta noin 6 000 vuotta sitten, jolloin Saimaa oli todenn\u00e4k\u00f6isesti monina talvina t\u00e4ysin j\u00e4\u00e4t\u00f6n. <\/p>\n\n\n\n<p>El\u00e4insuojelullisia n\u00e4k\u00f6kulmia ei t\u00e4ss\u00e4 yhteydess\u00e4 liene tarpeen edes erikseen korostaa. Vahvan sukellusrefleksin vuoksi hylkeet eiv\u00e4t huku, vaan tukehtuvat hitaasti pyydyksiss\u00e4.<\/p>\n\n\n\n<p>Olemme yhdess\u00e4 Mets\u00e4hallituksen saimaannorppatutkijoiden kanssa koittaneet l\u00f6yt\u00e4\u00e4 oikeita kudoksia, joiden n\u00e4ytteenotto onnistuu maastossa ja joista el\u00e4vi\u00e4 soluja on viel\u00e4 l\u00f6ydett\u00e4viss\u00e4 p\u00e4ivi\u00e4 kuoleman j\u00e4lkeen. Ker\u00e4tyt el\u00e4v\u00e4t solulinjat t\u00e4ydent\u00e4v\u00e4t Mets\u00e4hallituksen ja It\u00e4-Suomen yliopiston yll\u00e4pit\u00e4m\u00e4\u00e4 saimaannorpan kudospankkia. <\/p>\n\n\n\n<p>Solulinjojen etu pakastettuun kudokseen on se, ett\u00e4 ne auttavat s\u00e4ilytt\u00e4m\u00e4\u00e4n lajin j\u00e4ljell\u00e4 olevaa perinn\u00f6llist\u00e4 muuntelua el\u00e4v\u00e4n\u00e4 sek\u00e4 tarjoavat mahdollisuuksia saimaannorpan aineenvaihdunnan, fysiologian ja ymp\u00e4rist\u00f6myrkkyherkkyyksien tutkimiseen. UEF soluel\u00e4intarha siten osaltaan tukee saimaannorpan perustutkimusta ja suojelua.<\/p>\n","protected":false},"excerpt":{"rendered":"<p>5.2.2026 Eilen solulabraan saapui n\u00e4yte toisesta t\u00e4n\u00e4 vuonna kalaverkkoon kuolleesta saimaannorpasta. Kyseess\u00e4 on 3.2.2026 Tolvanselk\u00e4-Katossel\u00e4n kannanseuranta-alueelta Sulkavalta l\u00f6ytyneest\u00e4 nuoresta naaraasta. Edellinen tapaus \u2013 nuori koiras Pihlajavedelt\u00e4 \u2013 oli 22.1. T\u00e4m\u00e4n solut kasvavat jo (kuva). T\u00e4ll\u00e4 kalastusrajoitusasetuskaudella kalanpyydyksiin on kuollut t\u00e4h\u00e4n menness\u00e4 33 saimaannorppaa. Tilanne on melko turhauttava, sill\u00e4 samalla viikolla vapaaehtoiset ovat olleet kolaamassa apukinoksia [&hellip;]<\/p>\n","protected":false},"author":1000,"featured_media":0,"parent":0,"menu_order":0,"comment_status":"closed","ping_status":"closed","template":"","meta":{"_acf_changed":false,"footnotes":""},"class_list":["post-291","page","type-page","status-publish","hentry"],"acf":[],"yoast_head":"<!-- This site is optimized with the Yoast SEO plugin v27.1.1 - https:\/\/yoast.com\/product\/yoast-seo-wordpress\/ -->\n<title>Uutisia - UEF Biodiversiteettigenetiikka<\/title>\n<meta name=\"robots\" content=\"index, follow, max-snippet:-1, max-image-preview:large, max-video-preview:-1\" \/>\n<link rel=\"canonical\" href=\"https:\/\/sites.uef.fi\/biodiversitygenomics\/uutisia\/\" \/>\n<meta property=\"og:locale\" content=\"fi_FI\" \/>\n<meta property=\"og:type\" content=\"article\" \/>\n<meta property=\"og:title\" content=\"Uutisia - UEF Biodiversiteettigenetiikka\" \/>\n<meta property=\"og:description\" content=\"5.2.2026 Eilen solulabraan saapui n\u00e4yte toisesta t\u00e4n\u00e4 vuonna kalaverkkoon kuolleesta saimaannorpasta. Kyseess\u00e4 on 3.2.2026 Tolvanselk\u00e4-Katossel\u00e4n kannanseuranta-alueelta Sulkavalta l\u00f6ytyneest\u00e4 nuoresta naaraasta. Edellinen tapaus \u2013 nuori koiras Pihlajavedelt\u00e4 \u2013 oli 22.1. T\u00e4m\u00e4n solut kasvavat jo (kuva). T\u00e4ll\u00e4 kalastusrajoitusasetuskaudella kalanpyydyksiin on kuollut t\u00e4h\u00e4n menness\u00e4 33 saimaannorppaa. Tilanne on melko turhauttava, sill\u00e4 samalla viikolla vapaaehtoiset ovat olleet kolaamassa apukinoksia [&hellip;]\" \/>\n<meta property=\"og:url\" content=\"https:\/\/sites.uef.fi\/biodiversitygenomics\/uutisia\/\" \/>\n<meta property=\"og:site_name\" content=\"UEF Biodiversiteettigenetiikka\" \/>\n<meta property=\"article:modified_time\" content=\"2026-02-05T13:52:36+00:00\" \/>\n<meta property=\"og:image\" content=\"https:\/\/sites.uef.fi\/biodiversitygenomics\/wp-content\/uploads\/sites\/569\/2026\/02\/Unknown-1.jpeg\" \/>\n\t<meta property=\"og:image:width\" content=\"1024\" \/>\n\t<meta property=\"og:image:height\" content=\"768\" \/>\n\t<meta property=\"og:image:type\" content=\"image\/jpeg\" \/>\n<meta name=\"twitter:card\" content=\"summary_large_image\" \/>\n<meta name=\"twitter:label1\" content=\"Arvioitu lukuaika\" \/>\n\t<meta name=\"twitter:data1\" content=\"2 minuuttia\" \/>\n<script type=\"application\/ld+json\" class=\"yoast-schema-graph\">{\"@context\":\"https:\/\/schema.org\",\"@graph\":[{\"@type\":\"WebPage\",\"@id\":\"https:\/\/sites.uef.fi\/biodiversitygenomics\/uutisia\/\",\"url\":\"https:\/\/sites.uef.fi\/biodiversitygenomics\/uutisia\/\",\"name\":\"Uutisia - UEF Biodiversiteettigenetiikka\",\"isPartOf\":{\"@id\":\"https:\/\/sites.uef.fi\/biodiversitygenomics\/#website\"},\"primaryImageOfPage\":{\"@id\":\"https:\/\/sites.uef.fi\/biodiversitygenomics\/uutisia\/#primaryimage\"},\"image\":{\"@id\":\"https:\/\/sites.uef.fi\/biodiversitygenomics\/uutisia\/#primaryimage\"},\"thumbnailUrl\":\"https:\/\/sites.uef.fi\/biodiversitygenomics\/wp-content\/uploads\/sites\/569\/2026\/02\/Unknown-1.jpeg\",\"datePublished\":\"2026-02-05T13:52:33+00:00\",\"dateModified\":\"2026-02-05T13:52:36+00:00\",\"breadcrumb\":{\"@id\":\"https:\/\/sites.uef.fi\/biodiversitygenomics\/uutisia\/#breadcrumb\"},\"inLanguage\":\"fi\",\"potentialAction\":[{\"@type\":\"ReadAction\",\"target\":[\"https:\/\/sites.uef.fi\/biodiversitygenomics\/uutisia\/\"]}]},{\"@type\":\"ImageObject\",\"inLanguage\":\"fi\",\"@id\":\"https:\/\/sites.uef.fi\/biodiversitygenomics\/uutisia\/#primaryimage\",\"url\":\"https:\/\/sites.uef.fi\/biodiversitygenomics\/wp-content\/uploads\/sites\/569\/2026\/02\/Unknown-1.jpeg\",\"contentUrl\":\"https:\/\/sites.uef.fi\/biodiversitygenomics\/wp-content\/uploads\/sites\/569\/2026\/02\/Unknown-1.jpeg\",\"width\":1024,\"height\":768},{\"@type\":\"BreadcrumbList\",\"@id\":\"https:\/\/sites.uef.fi\/biodiversitygenomics\/uutisia\/#breadcrumb\",\"itemListElement\":[{\"@type\":\"ListItem\",\"position\":1,\"name\":\"Etusivu\",\"item\":\"https:\/\/sites.uef.fi\/biodiversitygenomics\/\"},{\"@type\":\"ListItem\",\"position\":2,\"name\":\"Uutisia\"}]},{\"@type\":\"WebSite\",\"@id\":\"https:\/\/sites.uef.fi\/biodiversitygenomics\/#website\",\"url\":\"https:\/\/sites.uef.fi\/biodiversitygenomics\/\",\"name\":\"UEF Biodiversiteettigenetiikka\",\"description\":\"\",\"potentialAction\":[{\"@type\":\"SearchAction\",\"target\":{\"@type\":\"EntryPoint\",\"urlTemplate\":\"https:\/\/sites.uef.fi\/biodiversitygenomics\/?s={search_term_string}\"},\"query-input\":{\"@type\":\"PropertyValueSpecification\",\"valueRequired\":true,\"valueName\":\"search_term_string\"}}],\"inLanguage\":\"fi\"}]}<\/script>\n<!-- \/ Yoast SEO plugin. -->","yoast_head_json":{"title":"Uutisia - UEF Biodiversiteettigenetiikka","robots":{"index":"index","follow":"follow","max-snippet":"max-snippet:-1","max-image-preview":"max-image-preview:large","max-video-preview":"max-video-preview:-1"},"canonical":"https:\/\/sites.uef.fi\/biodiversitygenomics\/uutisia\/","og_locale":"fi_FI","og_type":"article","og_title":"Uutisia - UEF Biodiversiteettigenetiikka","og_description":"5.2.2026 Eilen solulabraan saapui n\u00e4yte toisesta t\u00e4n\u00e4 vuonna kalaverkkoon kuolleesta saimaannorpasta. Kyseess\u00e4 on 3.2.2026 Tolvanselk\u00e4-Katossel\u00e4n kannanseuranta-alueelta Sulkavalta l\u00f6ytyneest\u00e4 nuoresta naaraasta. Edellinen tapaus \u2013 nuori koiras Pihlajavedelt\u00e4 \u2013 oli 22.1. T\u00e4m\u00e4n solut kasvavat jo (kuva). T\u00e4ll\u00e4 kalastusrajoitusasetuskaudella kalanpyydyksiin on kuollut t\u00e4h\u00e4n menness\u00e4 33 saimaannorppaa. Tilanne on melko turhauttava, sill\u00e4 samalla viikolla vapaaehtoiset ovat olleet kolaamassa apukinoksia [&hellip;]","og_url":"https:\/\/sites.uef.fi\/biodiversitygenomics\/uutisia\/","og_site_name":"UEF Biodiversiteettigenetiikka","article_modified_time":"2026-02-05T13:52:36+00:00","og_image":[{"width":1024,"height":768,"url":"https:\/\/sites.uef.fi\/biodiversitygenomics\/wp-content\/uploads\/sites\/569\/2026\/02\/Unknown-1.jpeg","type":"image\/jpeg"}],"twitter_card":"summary_large_image","twitter_misc":{"Arvioitu lukuaika":"2 minuuttia"},"schema":{"@context":"https:\/\/schema.org","@graph":[{"@type":"WebPage","@id":"https:\/\/sites.uef.fi\/biodiversitygenomics\/uutisia\/","url":"https:\/\/sites.uef.fi\/biodiversitygenomics\/uutisia\/","name":"Uutisia - UEF Biodiversiteettigenetiikka","isPartOf":{"@id":"https:\/\/sites.uef.fi\/biodiversitygenomics\/#website"},"primaryImageOfPage":{"@id":"https:\/\/sites.uef.fi\/biodiversitygenomics\/uutisia\/#primaryimage"},"image":{"@id":"https:\/\/sites.uef.fi\/biodiversitygenomics\/uutisia\/#primaryimage"},"thumbnailUrl":"https:\/\/sites.uef.fi\/biodiversitygenomics\/wp-content\/uploads\/sites\/569\/2026\/02\/Unknown-1.jpeg","datePublished":"2026-02-05T13:52:33+00:00","dateModified":"2026-02-05T13:52:36+00:00","breadcrumb":{"@id":"https:\/\/sites.uef.fi\/biodiversitygenomics\/uutisia\/#breadcrumb"},"inLanguage":"fi","potentialAction":[{"@type":"ReadAction","target":["https:\/\/sites.uef.fi\/biodiversitygenomics\/uutisia\/"]}]},{"@type":"ImageObject","inLanguage":"fi","@id":"https:\/\/sites.uef.fi\/biodiversitygenomics\/uutisia\/#primaryimage","url":"https:\/\/sites.uef.fi\/biodiversitygenomics\/wp-content\/uploads\/sites\/569\/2026\/02\/Unknown-1.jpeg","contentUrl":"https:\/\/sites.uef.fi\/biodiversitygenomics\/wp-content\/uploads\/sites\/569\/2026\/02\/Unknown-1.jpeg","width":1024,"height":768},{"@type":"BreadcrumbList","@id":"https:\/\/sites.uef.fi\/biodiversitygenomics\/uutisia\/#breadcrumb","itemListElement":[{"@type":"ListItem","position":1,"name":"Etusivu","item":"https:\/\/sites.uef.fi\/biodiversitygenomics\/"},{"@type":"ListItem","position":2,"name":"Uutisia"}]},{"@type":"WebSite","@id":"https:\/\/sites.uef.fi\/biodiversitygenomics\/#website","url":"https:\/\/sites.uef.fi\/biodiversitygenomics\/","name":"UEF Biodiversiteettigenetiikka","description":"","potentialAction":[{"@type":"SearchAction","target":{"@type":"EntryPoint","urlTemplate":"https:\/\/sites.uef.fi\/biodiversitygenomics\/?s={search_term_string}"},"query-input":{"@type":"PropertyValueSpecification","valueRequired":true,"valueName":"search_term_string"}}],"inLanguage":"fi"}]}},"_links":{"self":[{"href":"https:\/\/sites.uef.fi\/biodiversitygenomics\/wp-json\/wp\/v2\/pages\/291","targetHints":{"allow":["GET"]}}],"collection":[{"href":"https:\/\/sites.uef.fi\/biodiversitygenomics\/wp-json\/wp\/v2\/pages"}],"about":[{"href":"https:\/\/sites.uef.fi\/biodiversitygenomics\/wp-json\/wp\/v2\/types\/page"}],"author":[{"embeddable":true,"href":"https:\/\/sites.uef.fi\/biodiversitygenomics\/wp-json\/wp\/v2\/users\/1000"}],"replies":[{"embeddable":true,"href":"https:\/\/sites.uef.fi\/biodiversitygenomics\/wp-json\/wp\/v2\/comments?post=291"}],"version-history":[{"count":1,"href":"https:\/\/sites.uef.fi\/biodiversitygenomics\/wp-json\/wp\/v2\/pages\/291\/revisions"}],"predecessor-version":[{"id":295,"href":"https:\/\/sites.uef.fi\/biodiversitygenomics\/wp-json\/wp\/v2\/pages\/291\/revisions\/295"}],"wp:attachment":[{"href":"https:\/\/sites.uef.fi\/biodiversitygenomics\/wp-json\/wp\/v2\/media?parent=291"}],"curies":[{"name":"wp","href":"https:\/\/api.w.org\/{rel}","templated":true}]}}