{"id":80,"date":"2026-01-23T15:27:49","date_gmt":"2026-01-23T13:27:49","guid":{"rendered":"https:\/\/sites.uef.fi\/biodiversitygenomics\/?page_id=80"},"modified":"2026-02-26T11:07:02","modified_gmt":"2026-02-26T09:07:02","slug":"etusivu","status":"publish","type":"page","link":"https:\/\/sites.uef.fi\/biodiversitygenomics\/","title":{"rendered":"UEF Biodiversiteettigenetiikka"},"content":{"rendered":"\n<p>Biodiversiteettigenetiikan tutkimusryhm\u00e4ss\u00e4 olemme kiinnostuneita siit\u00e4, miten eri el\u00e4inlajien perinn\u00f6lliset erot sanelevat niiden ilmiasujen eroja ja miten erilaisiin ymp\u00e4rist\u00f6olosuhteisiin sopeutuminen ilmenee solutasolla. Tutkimme my\u00f6s elintapastrategioiden evolutiivista perustaa, sit\u00e4 miten resurssien jakoa lis\u00e4\u00e4ntymisen ja solujen yll\u00e4pidon \u2013eli ik\u00e4\u00e4ntymisen \u2013 v\u00e4lill\u00e4 s\u00e4\u00e4dell\u00e4\u00e4n. Sovellamme laajasti erilaisia solu- ja molekyylibiologisia menetelmi\u00e4 n\u00e4iden ilmi\u00f6iden kokeelliseen tutkimukseen. Teemme t\u00f6it\u00e4 my\u00f6s eri lajien genomien parissa, sill\u00e4 ilman n\u00e4it\u00e4 ilmiasujen taustalla olevien geenien tutkimus ei ole mielek\u00e4st\u00e4.<\/p>\n\n\n\n<p>Kokeellisen evolutiivis-fysiologisen tutkimuksen lis\u00e4ksi olemme kiinnostuneita lajien geneettist\u00e4 eroista sek\u00e4 DNA-menetelmien k\u00e4yt\u00f6st\u00e4 lajien rajaamisessa ja laji-inventaarioissa.<\/p>\n\n\n\n<p>Toimimme It\u00e4-Suomen yliopiston ymp\u00e4rist\u00f6- ja biotieteiden laitoksella Joensuun kampuksella.<\/p>\n\n\n\n<h2 class=\"wp-block-heading\"><a href=\"https:\/\/sites.uef.fi\/biodiversitygenomics\/ihmiset\/\">Ihmiset<\/a><\/h2>\n\n\n\n<h2 class=\"wp-block-heading\"><a href=\"https:\/\/sites.uef.fi\/biodiversitygenomics\/hankkeet\/\">Hankkeet<\/a><\/h2>\n\n\n\n<h2 class=\"wp-block-heading\"><a href=\"https:\/\/sites.uef.fi\/biodiversitygenomics\/verrokki-eli-referenssigenomit\/\">Verrokki- eli referenssigenomit<\/a><\/h2>\n\n\n\n<h2 class=\"wp-block-heading\"><a href=\"https:\/\/sites.uef.fi\/biodiversitygenomics\/soluelaintarha\/\">Soluel\u00e4intarha<\/a><\/h2>\n\n\n\n<h2 class=\"wp-block-heading\"><a href=\"https:\/\/sites.uef.fi\/biodiversitygenomics\/yhteistyo\/\">Yhteisty\u00f6<\/a><\/h2>\n\n\n\n<h2 class=\"wp-block-heading\"><a href=\"https:\/\/sites.uef.fi\/biodiversitygenomics\/julkaisut\/\">Julkaisut<\/a><\/h2>\n\n\n\n<h2 class=\"wp-block-heading\"><a href=\"https:\/\/sites.uef.fi\/biodiversitygenomics\/uutisia\/\">Uutisia<\/a><\/h2>\n","protected":false},"excerpt":{"rendered":"<p>Biodiversiteettigenetiikan tutkimusryhm\u00e4ss\u00e4 olemme kiinnostuneita siit\u00e4, miten eri el\u00e4inlajien perinn\u00f6lliset erot sanelevat niiden ilmiasujen eroja ja miten erilaisiin ymp\u00e4rist\u00f6olosuhteisiin sopeutuminen ilmenee solutasolla. Tutkimme my\u00f6s elintapastrategioiden evolutiivista perustaa, sit\u00e4 miten resurssien jakoa lis\u00e4\u00e4ntymisen ja solujen yll\u00e4pidon \u2013eli ik\u00e4\u00e4ntymisen \u2013 v\u00e4lill\u00e4 s\u00e4\u00e4dell\u00e4\u00e4n. Sovellamme laajasti erilaisia solu- ja molekyylibiologisia menetelmi\u00e4 n\u00e4iden ilmi\u00f6iden kokeelliseen tutkimukseen. Teemme t\u00f6it\u00e4 my\u00f6s eri lajien [&hellip;]<\/p>\n","protected":false},"author":966,"featured_media":97,"parent":0,"menu_order":0,"comment_status":"closed","ping_status":"closed","template":"","meta":{"_acf_changed":false,"footnotes":""},"class_list":["post-80","page","type-page","status-publish","has-post-thumbnail","hentry"],"acf":[],"yoast_head":"<!-- This site is optimized with the Yoast SEO plugin v27.1.1 - https:\/\/yoast.com\/product\/yoast-seo-wordpress\/ -->\n<title>UEF Biodiversiteettigenetiikka - UEF Biodiversiteettigenetiikka<\/title>\n<meta name=\"robots\" content=\"index, follow, max-snippet:-1, max-image-preview:large, max-video-preview:-1\" \/>\n<link rel=\"canonical\" href=\"https:\/\/sites.uef.fi\/biodiversitygenomics\/\" \/>\n<meta property=\"og:locale\" content=\"fi_FI\" \/>\n<meta property=\"og:type\" content=\"article\" \/>\n<meta property=\"og:title\" content=\"UEF Biodiversiteettigenetiikka - UEF Biodiversiteettigenetiikka\" \/>\n<meta property=\"og:description\" content=\"Biodiversiteettigenetiikan tutkimusryhm\u00e4ss\u00e4 olemme kiinnostuneita siit\u00e4, miten eri el\u00e4inlajien perinn\u00f6lliset erot sanelevat niiden ilmiasujen eroja ja miten erilaisiin ymp\u00e4rist\u00f6olosuhteisiin sopeutuminen ilmenee solutasolla. Tutkimme my\u00f6s elintapastrategioiden evolutiivista perustaa, sit\u00e4 miten resurssien jakoa lis\u00e4\u00e4ntymisen ja solujen yll\u00e4pidon \u2013eli ik\u00e4\u00e4ntymisen \u2013 v\u00e4lill\u00e4 s\u00e4\u00e4dell\u00e4\u00e4n. Sovellamme laajasti erilaisia solu- ja molekyylibiologisia menetelmi\u00e4 n\u00e4iden ilmi\u00f6iden kokeelliseen tutkimukseen. Teemme t\u00f6it\u00e4 my\u00f6s eri lajien [&hellip;]\" \/>\n<meta property=\"og:url\" content=\"https:\/\/sites.uef.fi\/biodiversitygenomics\/\" \/>\n<meta property=\"og:site_name\" content=\"UEF Biodiversiteettigenetiikka\" \/>\n<meta property=\"article:modified_time\" content=\"2026-02-26T09:07:02+00:00\" \/>\n<meta property=\"og:image\" content=\"https:\/\/sites.uef.fi\/biodiversitygenomics\/wp-content\/uploads\/sites\/569\/2026\/01\/Web_BioDivGen-1-scaled.jpeg\" \/>\n\t<meta property=\"og:image:width\" content=\"2560\" \/>\n\t<meta property=\"og:image:height\" content=\"1014\" \/>\n\t<meta property=\"og:image:type\" content=\"image\/jpeg\" \/>\n<meta name=\"twitter:card\" content=\"summary_large_image\" \/>\n<meta name=\"twitter:label1\" content=\"Arvioitu lukuaika\" \/>\n\t<meta name=\"twitter:data1\" content=\"1 minuutti\" \/>\n<script type=\"application\/ld+json\" class=\"yoast-schema-graph\">{\"@context\":\"https:\/\/schema.org\",\"@graph\":[{\"@type\":\"WebPage\",\"@id\":\"https:\/\/sites.uef.fi\/biodiversitygenomics\/\",\"url\":\"https:\/\/sites.uef.fi\/biodiversitygenomics\/\",\"name\":\"UEF Biodiversiteettigenetiikka - UEF Biodiversiteettigenetiikka\",\"isPartOf\":{\"@id\":\"https:\/\/sites.uef.fi\/biodiversitygenomics\/#website\"},\"primaryImageOfPage\":{\"@id\":\"https:\/\/sites.uef.fi\/biodiversitygenomics\/#primaryimage\"},\"image\":{\"@id\":\"https:\/\/sites.uef.fi\/biodiversitygenomics\/#primaryimage\"},\"thumbnailUrl\":\"https:\/\/sites.uef.fi\/biodiversitygenomics\/wp-content\/uploads\/sites\/569\/2026\/01\/Web_BioDivGen-1-scaled.jpeg\",\"datePublished\":\"2026-01-23T13:27:49+00:00\",\"dateModified\":\"2026-02-26T09:07:02+00:00\",\"breadcrumb\":{\"@id\":\"https:\/\/sites.uef.fi\/biodiversitygenomics\/#breadcrumb\"},\"inLanguage\":\"fi\",\"potentialAction\":[{\"@type\":\"ReadAction\",\"target\":[\"https:\/\/sites.uef.fi\/biodiversitygenomics\/\"]}]},{\"@type\":\"ImageObject\",\"inLanguage\":\"fi\",\"@id\":\"https:\/\/sites.uef.fi\/biodiversitygenomics\/#primaryimage\",\"url\":\"https:\/\/sites.uef.fi\/biodiversitygenomics\/wp-content\/uploads\/sites\/569\/2026\/01\/Web_BioDivGen-1-scaled.jpeg\",\"contentUrl\":\"https:\/\/sites.uef.fi\/biodiversitygenomics\/wp-content\/uploads\/sites\/569\/2026\/01\/Web_BioDivGen-1-scaled.jpeg\",\"width\":2560,\"height\":1014},{\"@type\":\"BreadcrumbList\",\"@id\":\"https:\/\/sites.uef.fi\/biodiversitygenomics\/#breadcrumb\",\"itemListElement\":[{\"@type\":\"ListItem\",\"position\":1,\"name\":\"Etusivu\",\"item\":\"https:\/\/sites.uef.fi\/biodiversitygenomics\/\"},{\"@type\":\"ListItem\",\"position\":2,\"name\":\"UEF Biodiversiteettigenetiikka\"}]},{\"@type\":\"WebSite\",\"@id\":\"https:\/\/sites.uef.fi\/biodiversitygenomics\/#website\",\"url\":\"https:\/\/sites.uef.fi\/biodiversitygenomics\/\",\"name\":\"UEF Biodiversiteettigenetiikka\",\"description\":\"\",\"potentialAction\":[{\"@type\":\"SearchAction\",\"target\":{\"@type\":\"EntryPoint\",\"urlTemplate\":\"https:\/\/sites.uef.fi\/biodiversitygenomics\/?s={search_term_string}\"},\"query-input\":{\"@type\":\"PropertyValueSpecification\",\"valueRequired\":true,\"valueName\":\"search_term_string\"}}],\"inLanguage\":\"fi\"}]}<\/script>\n<!-- \/ Yoast SEO plugin. -->","yoast_head_json":{"title":"UEF Biodiversiteettigenetiikka - UEF Biodiversiteettigenetiikka","robots":{"index":"index","follow":"follow","max-snippet":"max-snippet:-1","max-image-preview":"max-image-preview:large","max-video-preview":"max-video-preview:-1"},"canonical":"https:\/\/sites.uef.fi\/biodiversitygenomics\/","og_locale":"fi_FI","og_type":"article","og_title":"UEF Biodiversiteettigenetiikka - UEF Biodiversiteettigenetiikka","og_description":"Biodiversiteettigenetiikan tutkimusryhm\u00e4ss\u00e4 olemme kiinnostuneita siit\u00e4, miten eri el\u00e4inlajien perinn\u00f6lliset erot sanelevat niiden ilmiasujen eroja ja miten erilaisiin ymp\u00e4rist\u00f6olosuhteisiin sopeutuminen ilmenee solutasolla. Tutkimme my\u00f6s elintapastrategioiden evolutiivista perustaa, sit\u00e4 miten resurssien jakoa lis\u00e4\u00e4ntymisen ja solujen yll\u00e4pidon \u2013eli ik\u00e4\u00e4ntymisen \u2013 v\u00e4lill\u00e4 s\u00e4\u00e4dell\u00e4\u00e4n. Sovellamme laajasti erilaisia solu- ja molekyylibiologisia menetelmi\u00e4 n\u00e4iden ilmi\u00f6iden kokeelliseen tutkimukseen. Teemme t\u00f6it\u00e4 my\u00f6s eri lajien [&hellip;]","og_url":"https:\/\/sites.uef.fi\/biodiversitygenomics\/","og_site_name":"UEF Biodiversiteettigenetiikka","article_modified_time":"2026-02-26T09:07:02+00:00","og_image":[{"width":2560,"height":1014,"url":"https:\/\/sites.uef.fi\/biodiversitygenomics\/wp-content\/uploads\/sites\/569\/2026\/01\/Web_BioDivGen-1-scaled.jpeg","type":"image\/jpeg"}],"twitter_card":"summary_large_image","twitter_misc":{"Arvioitu lukuaika":"1 minuutti"},"schema":{"@context":"https:\/\/schema.org","@graph":[{"@type":"WebPage","@id":"https:\/\/sites.uef.fi\/biodiversitygenomics\/","url":"https:\/\/sites.uef.fi\/biodiversitygenomics\/","name":"UEF Biodiversiteettigenetiikka - UEF Biodiversiteettigenetiikka","isPartOf":{"@id":"https:\/\/sites.uef.fi\/biodiversitygenomics\/#website"},"primaryImageOfPage":{"@id":"https:\/\/sites.uef.fi\/biodiversitygenomics\/#primaryimage"},"image":{"@id":"https:\/\/sites.uef.fi\/biodiversitygenomics\/#primaryimage"},"thumbnailUrl":"https:\/\/sites.uef.fi\/biodiversitygenomics\/wp-content\/uploads\/sites\/569\/2026\/01\/Web_BioDivGen-1-scaled.jpeg","datePublished":"2026-01-23T13:27:49+00:00","dateModified":"2026-02-26T09:07:02+00:00","breadcrumb":{"@id":"https:\/\/sites.uef.fi\/biodiversitygenomics\/#breadcrumb"},"inLanguage":"fi","potentialAction":[{"@type":"ReadAction","target":["https:\/\/sites.uef.fi\/biodiversitygenomics\/"]}]},{"@type":"ImageObject","inLanguage":"fi","@id":"https:\/\/sites.uef.fi\/biodiversitygenomics\/#primaryimage","url":"https:\/\/sites.uef.fi\/biodiversitygenomics\/wp-content\/uploads\/sites\/569\/2026\/01\/Web_BioDivGen-1-scaled.jpeg","contentUrl":"https:\/\/sites.uef.fi\/biodiversitygenomics\/wp-content\/uploads\/sites\/569\/2026\/01\/Web_BioDivGen-1-scaled.jpeg","width":2560,"height":1014},{"@type":"BreadcrumbList","@id":"https:\/\/sites.uef.fi\/biodiversitygenomics\/#breadcrumb","itemListElement":[{"@type":"ListItem","position":1,"name":"Etusivu","item":"https:\/\/sites.uef.fi\/biodiversitygenomics\/"},{"@type":"ListItem","position":2,"name":"UEF Biodiversiteettigenetiikka"}]},{"@type":"WebSite","@id":"https:\/\/sites.uef.fi\/biodiversitygenomics\/#website","url":"https:\/\/sites.uef.fi\/biodiversitygenomics\/","name":"UEF Biodiversiteettigenetiikka","description":"","potentialAction":[{"@type":"SearchAction","target":{"@type":"EntryPoint","urlTemplate":"https:\/\/sites.uef.fi\/biodiversitygenomics\/?s={search_term_string}"},"query-input":{"@type":"PropertyValueSpecification","valueRequired":true,"valueName":"search_term_string"}}],"inLanguage":"fi"}]}},"_links":{"self":[{"href":"https:\/\/sites.uef.fi\/biodiversitygenomics\/wp-json\/wp\/v2\/pages\/80","targetHints":{"allow":["GET"]}}],"collection":[{"href":"https:\/\/sites.uef.fi\/biodiversitygenomics\/wp-json\/wp\/v2\/pages"}],"about":[{"href":"https:\/\/sites.uef.fi\/biodiversitygenomics\/wp-json\/wp\/v2\/types\/page"}],"author":[{"embeddable":true,"href":"https:\/\/sites.uef.fi\/biodiversitygenomics\/wp-json\/wp\/v2\/users\/966"}],"replies":[{"embeddable":true,"href":"https:\/\/sites.uef.fi\/biodiversitygenomics\/wp-json\/wp\/v2\/comments?post=80"}],"version-history":[{"count":2,"href":"https:\/\/sites.uef.fi\/biodiversitygenomics\/wp-json\/wp\/v2\/pages\/80\/revisions"}],"predecessor-version":[{"id":427,"href":"https:\/\/sites.uef.fi\/biodiversitygenomics\/wp-json\/wp\/v2\/pages\/80\/revisions\/427"}],"wp:featuredmedia":[{"embeddable":true,"href":"https:\/\/sites.uef.fi\/biodiversitygenomics\/wp-json\/wp\/v2\/media\/97"}],"wp:attachment":[{"href":"https:\/\/sites.uef.fi\/biodiversitygenomics\/wp-json\/wp\/v2\/media?parent=80"}],"curies":[{"name":"wp","href":"https:\/\/api.w.org\/{rel}","templated":true}]}}