{"id":99,"date":"2026-01-27T11:06:02","date_gmt":"2026-01-27T09:06:02","guid":{"rendered":"https:\/\/sites.uef.fi\/biodiversitygenomics\/?page_id=99"},"modified":"2026-02-12T09:31:55","modified_gmt":"2026-02-12T07:31:55","slug":"saimaannorppa","status":"publish","type":"page","link":"https:\/\/sites.uef.fi\/biodiversitygenomics\/saimaannorppa\/","title":{"rendered":"Saimaannorppa"},"content":{"rendered":"\n<figure class=\"wp-block-image size-large\"><img loading=\"lazy\" decoding=\"async\" width=\"1024\" height=\"733\" src=\"https:\/\/sites.uef.fi\/biodiversitygenomics\/wp-content\/uploads\/sites\/569\/2026\/01\/Tuukka-1024x733.jpg\" alt=\"\" class=\"wp-image-120\" srcset=\"https:\/\/sites.uef.fi\/biodiversitygenomics\/wp-content\/uploads\/sites\/569\/2026\/01\/Tuukka-1024x733.jpg 1024w, https:\/\/sites.uef.fi\/biodiversitygenomics\/wp-content\/uploads\/sites\/569\/2026\/01\/Tuukka-300x215.jpg 300w, https:\/\/sites.uef.fi\/biodiversitygenomics\/wp-content\/uploads\/sites\/569\/2026\/01\/Tuukka-768x550.jpg 768w, https:\/\/sites.uef.fi\/biodiversitygenomics\/wp-content\/uploads\/sites\/569\/2026\/01\/Tuukka-1536x1100.jpg 1536w, https:\/\/sites.uef.fi\/biodiversitygenomics\/wp-content\/uploads\/sites\/569\/2026\/01\/Tuukka-2048x1467.jpg 2048w\" sizes=\"auto, (max-width: 1024px) 100vw, 1024px\" \/><figcaption class=\"wp-element-caption\">Saimaannorpan verrokkiperim\u00e4n tutkijoille tarjonnut Tuukka-norppa. Kuva: UEF Saimaannorppatutkimus.<\/figcaption><\/figure>\n\n\n\n<p>Saimaannorppa (<em>Pusa saimensis<\/em>) on Saimaassa asustava, ainutlaatuinen, kotoper\u00e4inen eli endeeminen j\u00e4rvihylje, joka on \u00e4skett\u00e4in tunnistettu <a href=\"https:\/\/www.pnas.org\/doi\/10.1073\/pnas.2503368122\">omaksi lajikseen<\/a>. Saimaannorpan verrokki- eli referenssiperim\u00e4 on sekvensoitu ja koottu urosyksil\u00f6st\u00e4, joka virallisen tunnistenumeron lis\u00e4ksi kantaa nime\u00e4 Tuukka.<\/p>\n\n\n\n<p>Tuukka siirrettiin Pihlajavedelt\u00e4 Etel\u00e4-Saimaalle 2023 osana <a href=\"https:\/\/www.uef.fi\/fi\/artikkeli\/saimaannorppien-siirtoja-jatkettiin-onnistuneesti\">geneettisi\u00e4 siirtoja<\/a>, joiden tavoitteena on yll\u00e4pit\u00e4\u00e4 norppakannan perinn\u00f6llist\u00e4 monimuotoisuutta ja ehk\u00e4ist\u00e4 Saimaan osakantojen eriytymist\u00e4. Siirron yhteydess\u00e4, osana muuta terveydentilan selvityst\u00e4, Tuukan r\u00e4pyl\u00e4st\u00e4 otettiin pieni ihon\u00e4yte, josta laboratoriossa kasvatettiin solulinja. Biodiversiteettigenetiikan tutkimusryhm\u00e4n yll\u00e4pit\u00e4m\u00e4 <a href=\"https:\/\/sites.uef.fi\/biodiversitygenomics\/soluelaintarha\/\">soluel\u00e4intarha<\/a> on erinomainen ja k\u00e4yt\u00e4nn\u00f6ss\u00e4 ehtym\u00e4t\u00f6n tuoreen DNA:n ja RNA:n l\u00e4hde, joita voidaan hy\u00f6dynt\u00e4\u00e4 genomitutkimuksessa.<\/p>\n\n\n\n<p>Tuukka edustaa harvinaista esimerkki\u00e4 el\u00e4v\u00e4st\u00e4 yksil\u00f6st\u00e4, jonka genomi toimii koko lajin verrokkigenomina. Tuukka valikoitui verrokkiperim\u00e4n lahjoittajaksi, sill\u00e4 uroksena sill\u00e4 on sek\u00e4 X- ett\u00e4 Y-sukupuolikromosomit.<br><br>Tuukan genomi on kooltaan 2,353 miljardia em\u00e4sparia ja koostuu 15 autosomista sek\u00e4 X- ja Y-sukupuolikromosomeista. Geenej\u00e4 n\u00e4iss\u00e4 on noin 21 800. Tuman perim\u00e4n lis\u00e4ksi Tuukalla on my\u00f6s 16 821 em\u00e4sparin pituinen mitokondrio-DNA, joka edustaa haplotyyppi\u00e4 H3.<\/p>\n\n\n\n<p>Genomi ei ole viel\u00e4 julkinen, mutta tavoitteemme on julkaista se kev\u00e4\u00e4n 2026 aikana. Saimaannorpan verrokkigenomi on tuotettu yhteisty\u00f6ss\u00e4 Oulun yliopistolla olevan <a href=\"https:\/\/www.oulu.fi\/fi\/tutkimusryhmat\/biodiversity-genomics-group\">Stefan Prost&#8217;n tutkimusryhm\u00e4n<\/a> kanssa.<br><br>Vertailun vuoksi ihmisperim\u00e4 on kooltaan noin 3,2 miljardia em\u00e4sparia ja koostuu 22 autosomista sek\u00e4 X- ja Y-kromosomeista. Vaikka ihmisperim\u00e4 on isompi, sen geenisis\u00e4lt\u00f6 on hieman norppaa pienempi, noin 20 000.<\/p>\n\n\n\n<h2 class=\"wp-block-heading\">Saimaannorpan verrokkigenomi tukee tutkimusta ja suojelua<\/h2>\n\n\n\n<p>Referenssigenomi toimii\u00a0nimens\u00e4 mukaisesta <strong>vertailukohtana, johon muiden yksil\u00f6iden DNA:ta voidaan verrata<\/strong>. Kun sekvensoidaan lis\u00e4\u00e4 saimaannorppia, niiden perim\u00e4 voidaan asettaa t\u00e4t\u00e4 karttaa vasten ja n\u00e4hd\u00e4, miss\u00e4 kohdissa ne eroavat toisistaan. N\u00e4in saadaan selville esimerkiksi \u00a0verrattavan yksil\u00f6n\u00a0geneettinen monimuotoisuus, sukulaisuussuhteet ja mahdolliset perinn\u00f6lliset riskit.<\/p>\n\n\n\n<p>Toiseksi, referenssigenomi mahdollistaa&nbsp;<strong>geenien tunnistamisen ja toiminnan tutkimisen<\/strong>. Kun tiedet\u00e4\u00e4n, miss\u00e4 geenit ovat, voidaan tutkia, mitk\u00e4 niist\u00e4 liittyv\u00e4t esimerkiksi aineenvaihduntaan, vastustuskykyyn, lis\u00e4\u00e4ntymiseen tai kylmiin olosuhteisiin sopeutumiseen.<\/p>\n\n\n\n<p>Kolmanneksi referenssigenomi on keskeinen ty\u00f6kalu&nbsp;<strong>ymp\u00e4rist\u00f6\u00f6n sopeutumisen ja evoluution tutkimuksessa<\/strong>. Sen avulla voidaan etsi\u00e4 merkkej\u00e4 luonnonvalinnan vaikutuksista: mitk\u00e4 geenit ovat muuttuneet poikkeuksellisen paljon, mitk\u00e4 s\u00e4ilyneet l\u00e4hes muuttumattomina ja mitk\u00e4 mahdollisesti auttavat norppaa selviytym\u00e4\u00e4n juuri Saimaassa.<\/p>\n\n\n\n<p>Lis\u00e4ksi referenssigenomi tekee mahdolliseksi\u00a0<strong>k\u00e4yt\u00e4nn\u00f6n sovellukset suojelussa<\/strong>. Sen avulla voidaan kehitt\u00e4\u00e4 tarkkoja geneettisi\u00e4 menetelmi\u00e4 yksil\u00f6iden tunnistamiseen, sukusiitoksen seurantaan ja kannanhoidon tueksi teht\u00e4viin p\u00e4\u00e4t\u00f6ksiin.<\/p>\n\n\n\n<p>Saimaannorppatutkimuksella on pitk\u00e4t perinteet It\u00e4-Suomen yliopiston ymp\u00e4rist\u00f6- ja biotieteiden laitoksella. Tutkimukseen ja k\u00e4ynniss\u00e4 oleviin hankkeisiin voi tutustua <a href=\"https:\/\/uefconnect.uef.fi\/saimaannorppatutkimus\/\">saimaannorppatutkimuksen UEF-connect sivuilla.<\/a><\/p>\n","protected":false},"excerpt":{"rendered":"<p>Saimaannorppa (Pusa saimensis) on Saimaassa asustava, ainutlaatuinen, kotoper\u00e4inen eli endeeminen j\u00e4rvihylje, joka on \u00e4skett\u00e4in tunnistettu omaksi lajikseen. Saimaannorpan verrokki- eli referenssiperim\u00e4 on sekvensoitu ja koottu urosyksil\u00f6st\u00e4, joka virallisen tunnistenumeron lis\u00e4ksi kantaa nime\u00e4 Tuukka. Tuukka siirrettiin Pihlajavedelt\u00e4 Etel\u00e4-Saimaalle 2023 osana geneettisi\u00e4 siirtoja, joiden tavoitteena on yll\u00e4pit\u00e4\u00e4 norppakannan perinn\u00f6llist\u00e4 monimuotoisuutta ja ehk\u00e4ist\u00e4 Saimaan osakantojen eriytymist\u00e4. Siirron yhteydess\u00e4, [&hellip;]<\/p>\n","protected":false},"author":1000,"featured_media":174,"parent":0,"menu_order":0,"comment_status":"closed","ping_status":"closed","template":"","meta":{"_acf_changed":false,"footnotes":""},"class_list":["post-99","page","type-page","status-publish","has-post-thumbnail","hentry"],"acf":[],"yoast_head":"<!-- This site is optimized with the Yoast SEO plugin v27.1.1 - https:\/\/yoast.com\/product\/yoast-seo-wordpress\/ -->\n<title>Saimaannorppa - UEF Biodiversiteettigenetiikka<\/title>\n<meta name=\"robots\" content=\"index, follow, max-snippet:-1, max-image-preview:large, max-video-preview:-1\" \/>\n<link rel=\"canonical\" href=\"https:\/\/sites.uef.fi\/biodiversitygenomics\/saimaannorppa\/\" \/>\n<meta property=\"og:locale\" content=\"fi_FI\" \/>\n<meta property=\"og:type\" content=\"article\" \/>\n<meta property=\"og:title\" content=\"Saimaannorppa - UEF Biodiversiteettigenetiikka\" \/>\n<meta property=\"og:description\" content=\"Saimaannorppa (Pusa saimensis) on Saimaassa asustava, ainutlaatuinen, kotoper\u00e4inen eli endeeminen j\u00e4rvihylje, joka on \u00e4skett\u00e4in tunnistettu omaksi lajikseen. Saimaannorpan verrokki- eli referenssiperim\u00e4 on sekvensoitu ja koottu urosyksil\u00f6st\u00e4, joka virallisen tunnistenumeron lis\u00e4ksi kantaa nime\u00e4 Tuukka. Tuukka siirrettiin Pihlajavedelt\u00e4 Etel\u00e4-Saimaalle 2023 osana geneettisi\u00e4 siirtoja, joiden tavoitteena on yll\u00e4pit\u00e4\u00e4 norppakannan perinn\u00f6llist\u00e4 monimuotoisuutta ja ehk\u00e4ist\u00e4 Saimaan osakantojen eriytymist\u00e4. Siirron yhteydess\u00e4, [&hellip;]\" \/>\n<meta property=\"og:url\" content=\"https:\/\/sites.uef.fi\/biodiversitygenomics\/saimaannorppa\/\" \/>\n<meta property=\"og:site_name\" content=\"UEF Biodiversiteettigenetiikka\" \/>\n<meta property=\"article:modified_time\" content=\"2026-02-12T07:31:55+00:00\" \/>\n<meta property=\"og:image\" content=\"https:\/\/sites.uef.fi\/biodiversitygenomics\/wp-content\/uploads\/sites\/569\/2026\/01\/Screenshot-2026-01-28-at-20.03.17.png\" \/>\n\t<meta property=\"og:image:width\" content=\"1088\" \/>\n\t<meta property=\"og:image:height\" content=\"768\" \/>\n\t<meta property=\"og:image:type\" content=\"image\/png\" \/>\n<meta name=\"twitter:card\" content=\"summary_large_image\" \/>\n<meta name=\"twitter:label1\" content=\"Arvioitu lukuaika\" \/>\n\t<meta name=\"twitter:data1\" content=\"3 minuuttia\" \/>\n<script type=\"application\/ld+json\" class=\"yoast-schema-graph\">{\"@context\":\"https:\/\/schema.org\",\"@graph\":[{\"@type\":\"WebPage\",\"@id\":\"https:\/\/sites.uef.fi\/biodiversitygenomics\/saimaannorppa\/\",\"url\":\"https:\/\/sites.uef.fi\/biodiversitygenomics\/saimaannorppa\/\",\"name\":\"Saimaannorppa - UEF Biodiversiteettigenetiikka\",\"isPartOf\":{\"@id\":\"https:\/\/sites.uef.fi\/biodiversitygenomics\/#website\"},\"primaryImageOfPage\":{\"@id\":\"https:\/\/sites.uef.fi\/biodiversitygenomics\/saimaannorppa\/#primaryimage\"},\"image\":{\"@id\":\"https:\/\/sites.uef.fi\/biodiversitygenomics\/saimaannorppa\/#primaryimage\"},\"thumbnailUrl\":\"https:\/\/sites.uef.fi\/biodiversitygenomics\/wp-content\/uploads\/sites\/569\/2026\/01\/Screenshot-2026-01-28-at-20.03.17.png\",\"datePublished\":\"2026-01-27T09:06:02+00:00\",\"dateModified\":\"2026-02-12T07:31:55+00:00\",\"breadcrumb\":{\"@id\":\"https:\/\/sites.uef.fi\/biodiversitygenomics\/saimaannorppa\/#breadcrumb\"},\"inLanguage\":\"fi\",\"potentialAction\":[{\"@type\":\"ReadAction\",\"target\":[\"https:\/\/sites.uef.fi\/biodiversitygenomics\/saimaannorppa\/\"]}]},{\"@type\":\"ImageObject\",\"inLanguage\":\"fi\",\"@id\":\"https:\/\/sites.uef.fi\/biodiversitygenomics\/saimaannorppa\/#primaryimage\",\"url\":\"https:\/\/sites.uef.fi\/biodiversitygenomics\/wp-content\/uploads\/sites\/569\/2026\/01\/Screenshot-2026-01-28-at-20.03.17.png\",\"contentUrl\":\"https:\/\/sites.uef.fi\/biodiversitygenomics\/wp-content\/uploads\/sites\/569\/2026\/01\/Screenshot-2026-01-28-at-20.03.17.png\",\"width\":1088,\"height\":768},{\"@type\":\"BreadcrumbList\",\"@id\":\"https:\/\/sites.uef.fi\/biodiversitygenomics\/saimaannorppa\/#breadcrumb\",\"itemListElement\":[{\"@type\":\"ListItem\",\"position\":1,\"name\":\"Etusivu\",\"item\":\"https:\/\/sites.uef.fi\/biodiversitygenomics\/\"},{\"@type\":\"ListItem\",\"position\":2,\"name\":\"Saimaannorppa\"}]},{\"@type\":\"WebSite\",\"@id\":\"https:\/\/sites.uef.fi\/biodiversitygenomics\/#website\",\"url\":\"https:\/\/sites.uef.fi\/biodiversitygenomics\/\",\"name\":\"UEF Biodiversiteettigenetiikka\",\"description\":\"\",\"potentialAction\":[{\"@type\":\"SearchAction\",\"target\":{\"@type\":\"EntryPoint\",\"urlTemplate\":\"https:\/\/sites.uef.fi\/biodiversitygenomics\/?s={search_term_string}\"},\"query-input\":{\"@type\":\"PropertyValueSpecification\",\"valueRequired\":true,\"valueName\":\"search_term_string\"}}],\"inLanguage\":\"fi\"}]}<\/script>\n<!-- \/ Yoast SEO plugin. -->","yoast_head_json":{"title":"Saimaannorppa - UEF Biodiversiteettigenetiikka","robots":{"index":"index","follow":"follow","max-snippet":"max-snippet:-1","max-image-preview":"max-image-preview:large","max-video-preview":"max-video-preview:-1"},"canonical":"https:\/\/sites.uef.fi\/biodiversitygenomics\/saimaannorppa\/","og_locale":"fi_FI","og_type":"article","og_title":"Saimaannorppa - UEF Biodiversiteettigenetiikka","og_description":"Saimaannorppa (Pusa saimensis) on Saimaassa asustava, ainutlaatuinen, kotoper\u00e4inen eli endeeminen j\u00e4rvihylje, joka on \u00e4skett\u00e4in tunnistettu omaksi lajikseen. Saimaannorpan verrokki- eli referenssiperim\u00e4 on sekvensoitu ja koottu urosyksil\u00f6st\u00e4, joka virallisen tunnistenumeron lis\u00e4ksi kantaa nime\u00e4 Tuukka. Tuukka siirrettiin Pihlajavedelt\u00e4 Etel\u00e4-Saimaalle 2023 osana geneettisi\u00e4 siirtoja, joiden tavoitteena on yll\u00e4pit\u00e4\u00e4 norppakannan perinn\u00f6llist\u00e4 monimuotoisuutta ja ehk\u00e4ist\u00e4 Saimaan osakantojen eriytymist\u00e4. Siirron yhteydess\u00e4, [&hellip;]","og_url":"https:\/\/sites.uef.fi\/biodiversitygenomics\/saimaannorppa\/","og_site_name":"UEF Biodiversiteettigenetiikka","article_modified_time":"2026-02-12T07:31:55+00:00","og_image":[{"width":1088,"height":768,"url":"https:\/\/sites.uef.fi\/biodiversitygenomics\/wp-content\/uploads\/sites\/569\/2026\/01\/Screenshot-2026-01-28-at-20.03.17.png","type":"image\/png"}],"twitter_card":"summary_large_image","twitter_misc":{"Arvioitu lukuaika":"3 minuuttia"},"schema":{"@context":"https:\/\/schema.org","@graph":[{"@type":"WebPage","@id":"https:\/\/sites.uef.fi\/biodiversitygenomics\/saimaannorppa\/","url":"https:\/\/sites.uef.fi\/biodiversitygenomics\/saimaannorppa\/","name":"Saimaannorppa - UEF Biodiversiteettigenetiikka","isPartOf":{"@id":"https:\/\/sites.uef.fi\/biodiversitygenomics\/#website"},"primaryImageOfPage":{"@id":"https:\/\/sites.uef.fi\/biodiversitygenomics\/saimaannorppa\/#primaryimage"},"image":{"@id":"https:\/\/sites.uef.fi\/biodiversitygenomics\/saimaannorppa\/#primaryimage"},"thumbnailUrl":"https:\/\/sites.uef.fi\/biodiversitygenomics\/wp-content\/uploads\/sites\/569\/2026\/01\/Screenshot-2026-01-28-at-20.03.17.png","datePublished":"2026-01-27T09:06:02+00:00","dateModified":"2026-02-12T07:31:55+00:00","breadcrumb":{"@id":"https:\/\/sites.uef.fi\/biodiversitygenomics\/saimaannorppa\/#breadcrumb"},"inLanguage":"fi","potentialAction":[{"@type":"ReadAction","target":["https:\/\/sites.uef.fi\/biodiversitygenomics\/saimaannorppa\/"]}]},{"@type":"ImageObject","inLanguage":"fi","@id":"https:\/\/sites.uef.fi\/biodiversitygenomics\/saimaannorppa\/#primaryimage","url":"https:\/\/sites.uef.fi\/biodiversitygenomics\/wp-content\/uploads\/sites\/569\/2026\/01\/Screenshot-2026-01-28-at-20.03.17.png","contentUrl":"https:\/\/sites.uef.fi\/biodiversitygenomics\/wp-content\/uploads\/sites\/569\/2026\/01\/Screenshot-2026-01-28-at-20.03.17.png","width":1088,"height":768},{"@type":"BreadcrumbList","@id":"https:\/\/sites.uef.fi\/biodiversitygenomics\/saimaannorppa\/#breadcrumb","itemListElement":[{"@type":"ListItem","position":1,"name":"Etusivu","item":"https:\/\/sites.uef.fi\/biodiversitygenomics\/"},{"@type":"ListItem","position":2,"name":"Saimaannorppa"}]},{"@type":"WebSite","@id":"https:\/\/sites.uef.fi\/biodiversitygenomics\/#website","url":"https:\/\/sites.uef.fi\/biodiversitygenomics\/","name":"UEF Biodiversiteettigenetiikka","description":"","potentialAction":[{"@type":"SearchAction","target":{"@type":"EntryPoint","urlTemplate":"https:\/\/sites.uef.fi\/biodiversitygenomics\/?s={search_term_string}"},"query-input":{"@type":"PropertyValueSpecification","valueRequired":true,"valueName":"search_term_string"}}],"inLanguage":"fi"}]}},"_links":{"self":[{"href":"https:\/\/sites.uef.fi\/biodiversitygenomics\/wp-json\/wp\/v2\/pages\/99","targetHints":{"allow":["GET"]}}],"collection":[{"href":"https:\/\/sites.uef.fi\/biodiversitygenomics\/wp-json\/wp\/v2\/pages"}],"about":[{"href":"https:\/\/sites.uef.fi\/biodiversitygenomics\/wp-json\/wp\/v2\/types\/page"}],"author":[{"embeddable":true,"href":"https:\/\/sites.uef.fi\/biodiversitygenomics\/wp-json\/wp\/v2\/users\/1000"}],"replies":[{"embeddable":true,"href":"https:\/\/sites.uef.fi\/biodiversitygenomics\/wp-json\/wp\/v2\/comments?post=99"}],"version-history":[{"count":1,"href":"https:\/\/sites.uef.fi\/biodiversitygenomics\/wp-json\/wp\/v2\/pages\/99\/revisions"}],"predecessor-version":[{"id":411,"href":"https:\/\/sites.uef.fi\/biodiversitygenomics\/wp-json\/wp\/v2\/pages\/99\/revisions\/411"}],"wp:featuredmedia":[{"embeddable":true,"href":"https:\/\/sites.uef.fi\/biodiversitygenomics\/wp-json\/wp\/v2\/media\/174"}],"wp:attachment":[{"href":"https:\/\/sites.uef.fi\/biodiversitygenomics\/wp-json\/wp\/v2\/media?parent=99"}],"curies":[{"name":"wp","href":"https:\/\/api.w.org\/{rel}","templated":true}]}}