{"id":3479,"date":"2023-01-09T14:28:07","date_gmt":"2023-01-09T12:28:07","guid":{"rendered":"https:\/\/sites.uef.fi\/biophysics\/?page_id=3479"},"modified":"2025-08-19T19:18:11","modified_gmt":"2025-08-19T16:18:11","slug":"alumni","status":"publish","type":"page","link":"https:\/\/sites.uef.fi\/biophysics\/alumni\/","title":{"rendered":"Alumni"},"content":{"rendered":"<h1 class=\"has-text-align-center\"><strong>Group Founder &amp; Emeritus Member<\/strong><\/h1>\n<p><strong><a href=\"https:\/\/uefconnect.uef.fi\/en\/person\/jukka.jurvelin\/\">Jukka Jurvelin<\/a><\/strong><\/p>\n<h1 class=\"has-text-align-center\"><strong>Alumni<\/strong><\/h1>\n<pre><strong>Tiina Lyyra<\/strong><br \/><strong>Juha T\u00f6yr\u00e4s<\/strong><br \/><strong>Miika Nieminen<\/strong><br \/><strong>Mikko Laasanen<\/strong><br \/><strong>Rami Korhonen<\/strong><br \/><strong>Mikko Hakulinen<\/strong><br \/><strong>Simo Saarakkala<\/strong><br \/><strong>Heikki Nieminen<\/strong><br \/><strong>Eveliina Lammentausta<\/strong><br \/><strong>Chengjuan Qu<\/strong><br \/><strong>Joanna Sierpowska<\/strong><br \/><strong>Jatta Berberat n\u00e9e Kurkij\u00e4rvi<\/strong><br \/><strong>Mikko Nissi<\/strong><br \/><strong>Petro Julkunen<\/strong><br \/><strong>Ossi Riekkinen<\/strong><br \/><strong>Panu Kiviranta<\/strong><br \/><strong>Pekka Tiihonen<\/strong><br \/><strong>Erna Kaleva<\/strong><br \/><strong>Jarno Rieppo<\/strong><br \/><strong>Antti Aula n\u00e9 Kallioniemi<\/strong><br \/><strong>Janne Karjalainen<\/strong><br \/><strong>Tuomas Vir\u00e9n<\/strong><br \/><strong>Harri Kokkonen<\/strong><br \/><strong>Lassi Rieppo<\/strong><br \/><strong>Mika Mononen<\/strong><br \/><strong>Siru Kaartinen n\u00e9e Turunen<\/strong><br \/><strong>Katariina Nissinen<\/strong><br \/><strong>Mikael Turunen<\/strong><br \/><strong>Jussi Kinnunen<\/strong><br \/><strong>Inari Tamminen<\/strong><br \/><strong>Cristina Florea<\/strong><br \/><strong>Yevgeniya Kobrina<\/strong><br \/><strong>Jarkko Iivarinen<\/strong><br \/><strong>Markus Malo<\/strong><br \/><strong>Sami V\u00e4\u00e4n\u00e4nen<\/strong><br \/><strong>Jari Rautiainen<\/strong><br \/><strong>Jukka Liukkonen<\/strong><br \/><strong>Kimmo Halonen<\/strong><br \/><strong>Roope Lasanen<\/strong><br \/><strong>Tuomo Silvast<\/strong><br \/><strong>Pia Puhakka<\/strong><br \/><strong>Janne M\u00e4kel\u00e4<\/strong><br \/><strong>Lasse R\u00e4s\u00e4nen<\/strong><br \/><strong>Juuso Honkanen<\/strong><br \/><strong>Petri Tanska<\/strong><br \/><strong>Elvis Danso<\/strong><br \/><strong>Chibuzor Eneh<\/strong><br \/><strong>Satu Inkinen<\/strong><br \/><strong>Xiaoyu Tong<\/strong><br \/><strong>Mikko Ven\u00e4l\u00e4inen<\/strong><br \/><strong>Xiaowei Ojanen<\/strong><br \/><strong>Mari Huttu<\/strong><br \/><strong>Olesya Klets<\/strong><br \/><strong>Ari Ronkainen<\/strong><br \/><strong>Jaakko Sarin<\/strong><br \/><strong>Mimmi Liukkonen n\u00e9e Bj\u00f6rkman<\/strong><br \/><strong>Mithilesh Prakash<\/strong><br \/><strong>Katariina Myller<\/strong><br \/><strong>Gustavo Orozco<\/strong><br \/><strong>Aapo Ristaniemi<\/strong><br \/><strong>Olli Nyk\u00e4nen<\/strong><br \/><strong>Abhisek Bhattarai<\/strong><br \/><strong>Jari Torniainen<\/strong><br \/><strong>Paul Bolcos<\/strong><br \/><strong>Annina Saukko<\/strong><br \/><strong>Amir Esrafilian<\/strong><br \/><strong>Lingwei Huang<\/strong><br \/><strong>Shohreh Kariminezhad<\/strong><br \/><strong>Jusa Reijonen<br \/><\/strong><strong>Atte Eskelinen<\/strong><br \/><strong>Simo Ojanen<\/strong><br \/><strong>Miitu Honkanen n\u00e9e Korhonen<\/strong><br \/><strong>Nina H\u00e4nninen<\/strong><br \/><strong>Mohammedhossein Ebrahimi<br \/><\/strong><strong>Ali Mohammadi<\/strong><br \/><strong>Adam Kositsky<br \/>Heta Orava<br \/>Alexander Paz Carvajal<br \/>Jere Lavikainen<br \/>Swetha Pala<br \/>Kalle Karjalainen<br \/>Sana Jahangir<br \/>Awuniji Linus<br \/>Antti Aarnio n\u00e9 Paajanen<br \/>Iman Kafian-Attari<br \/>Bilour Khan<br \/>Joonas Kosonen<br \/>Petri Paakkari<br \/><br \/><\/strong><\/pre>\n<h1 class=\"has-text-align-center\"><strong>Research Visitors<\/strong><\/h1>\n<h4>Current<\/h4>\n<h4>Past<\/h4>\n<p><a href=\"https:\/\/carleton.ca\/mae\/profile\/engkuan-moo\/\">Eng Kuan Moo<\/a><\/p>\n<p><a href=\"https:\/\/www.uu.nl\/staff\/NCRteMoller\">Nikae te Moller<\/a><\/p>\n<p><a href=\"https:\/\/scholar.google.com\/citations?user=0qGdstgAAAAJ&amp;hl=en\">Rubina Shaikh<\/a><\/p>\n\n\n<p><\/p>\n","protected":false},"excerpt":{"rendered":"<p>Group Founder &amp; Emeritus Member Jukka Jurvelin Alumni Tiina LyyraJuha T\u00f6yr\u00e4sMiika NieminenMikko LaasanenRami KorhonenMikko HakulinenSimo SaarakkalaHeikki NieminenEveliina LammentaustaChengjuan QuJoanna SierpowskaJatta Berberat n\u00e9e Kurkij\u00e4rviMikko NissiPetro JulkunenOssi RiekkinenPanu KivirantaPekka TiihonenErna KalevaJarno RieppoAntti Aula n\u00e9 KallioniemiJanne KarjalainenTuomas Vir\u00e9nHarri KokkonenLassi RieppoMika MononenSiru Kaartinen n\u00e9e TurunenKatariina NissinenMikael TurunenJussi KinnunenInari TamminenCristina FloreaYevgeniya KobrinaJarkko IivarinenMarkus MaloSami V\u00e4\u00e4n\u00e4nenJari RautiainenJukka LiukkonenKimmo HalonenRoope LasanenTuomo SilvastPia [&hellip;]<\/p>\n","protected":false},"author":631,"featured_media":0,"parent":0,"menu_order":0,"comment_status":"closed","ping_status":"closed","template":"","meta":{"_acf_changed":false,"_monsterinsights_skip_tracking":false,"_monsterinsights_sitenote_active":false,"_monsterinsights_sitenote_note":"","_monsterinsights_sitenote_category":0,"footnotes":""},"class_list":["post-3479","page","type-page","status-publish","hentry"],"acf":[],"yoast_head":"<!-- This site is optimized with the Yoast SEO plugin v27.3 - https:\/\/yoast.com\/product\/yoast-seo-wordpress\/ -->\n<title>Alumni - Biophysics Research Group<\/title>\n<meta name=\"robots\" content=\"index, follow, max-snippet:-1, max-image-preview:large, max-video-preview:-1\" \/>\n<link rel=\"canonical\" href=\"https:\/\/sites.uef.fi\/biophysics\/alumni\/\" \/>\n<meta property=\"og:locale\" content=\"en_US\" \/>\n<meta property=\"og:type\" content=\"article\" \/>\n<meta property=\"og:title\" content=\"Alumni - Biophysics Research Group\" \/>\n<meta property=\"og:description\" content=\"Group Founder &amp; Emeritus Member Jukka Jurvelin Alumni Tiina LyyraJuha T\u00f6yr\u00e4sMiika NieminenMikko LaasanenRami KorhonenMikko HakulinenSimo SaarakkalaHeikki NieminenEveliina LammentaustaChengjuan QuJoanna SierpowskaJatta Berberat n\u00e9e Kurkij\u00e4rviMikko NissiPetro JulkunenOssi RiekkinenPanu KivirantaPekka TiihonenErna KalevaJarno RieppoAntti Aula n\u00e9 KallioniemiJanne KarjalainenTuomas Vir\u00e9nHarri KokkonenLassi RieppoMika MononenSiru Kaartinen n\u00e9e TurunenKatariina NissinenMikael TurunenJussi KinnunenInari TamminenCristina FloreaYevgeniya KobrinaJarkko IivarinenMarkus MaloSami V\u00e4\u00e4n\u00e4nenJari RautiainenJukka LiukkonenKimmo HalonenRoope LasanenTuomo SilvastPia [&hellip;]\" \/>\n<meta property=\"og:url\" content=\"https:\/\/sites.uef.fi\/biophysics\/alumni\/\" \/>\n<meta property=\"og:site_name\" content=\"Biophysics Research Group\" \/>\n<meta property=\"article:modified_time\" content=\"2025-08-19T16:18:11+00:00\" \/>\n<meta name=\"twitter:card\" content=\"summary_large_image\" \/>\n<meta name=\"twitter:label1\" content=\"Est. reading time\" \/>\n\t<meta name=\"twitter:data1\" content=\"1 minute\" \/>\n<script type=\"application\/ld+json\" class=\"yoast-schema-graph\">{\"@context\":\"https:\\\/\\\/schema.org\",\"@graph\":[{\"@type\":\"WebPage\",\"@id\":\"https:\\\/\\\/sites.uef.fi\\\/biophysics\\\/alumni\\\/\",\"url\":\"https:\\\/\\\/sites.uef.fi\\\/biophysics\\\/alumni\\\/\",\"name\":\"Alumni - Biophysics Research Group\",\"isPartOf\":{\"@id\":\"https:\\\/\\\/sites.uef.fi\\\/biophysics\\\/#website\"},\"datePublished\":\"2023-01-09T12:28:07+00:00\",\"dateModified\":\"2025-08-19T16:18:11+00:00\",\"breadcrumb\":{\"@id\":\"https:\\\/\\\/sites.uef.fi\\\/biophysics\\\/alumni\\\/#breadcrumb\"},\"inLanguage\":\"en-US\",\"potentialAction\":[{\"@type\":\"ReadAction\",\"target\":[\"https:\\\/\\\/sites.uef.fi\\\/biophysics\\\/alumni\\\/\"]}]},{\"@type\":\"BreadcrumbList\",\"@id\":\"https:\\\/\\\/sites.uef.fi\\\/biophysics\\\/alumni\\\/#breadcrumb\",\"itemListElement\":[{\"@type\":\"ListItem\",\"position\":1,\"name\":\"Home\",\"item\":\"https:\\\/\\\/sites.uef.fi\\\/biophysics\\\/\"},{\"@type\":\"ListItem\",\"position\":2,\"name\":\"Alumni\"}]},{\"@type\":\"WebSite\",\"@id\":\"https:\\\/\\\/sites.uef.fi\\\/biophysics\\\/#website\",\"url\":\"https:\\\/\\\/sites.uef.fi\\\/biophysics\\\/\",\"name\":\"Biophysics Research Group\",\"description\":\"Biophysics\",\"potentialAction\":[{\"@type\":\"SearchAction\",\"target\":{\"@type\":\"EntryPoint\",\"urlTemplate\":\"https:\\\/\\\/sites.uef.fi\\\/biophysics\\\/?s={search_term_string}\"},\"query-input\":{\"@type\":\"PropertyValueSpecification\",\"valueRequired\":true,\"valueName\":\"search_term_string\"}}],\"inLanguage\":\"en-US\"}]}<\/script>\n<!-- \/ Yoast SEO plugin. -->","yoast_head_json":{"title":"Alumni - Biophysics Research Group","robots":{"index":"index","follow":"follow","max-snippet":"max-snippet:-1","max-image-preview":"max-image-preview:large","max-video-preview":"max-video-preview:-1"},"canonical":"https:\/\/sites.uef.fi\/biophysics\/alumni\/","og_locale":"en_US","og_type":"article","og_title":"Alumni - Biophysics Research Group","og_description":"Group Founder &amp; Emeritus Member Jukka Jurvelin Alumni Tiina LyyraJuha T\u00f6yr\u00e4sMiika NieminenMikko LaasanenRami KorhonenMikko HakulinenSimo SaarakkalaHeikki NieminenEveliina LammentaustaChengjuan QuJoanna SierpowskaJatta Berberat n\u00e9e Kurkij\u00e4rviMikko NissiPetro JulkunenOssi RiekkinenPanu KivirantaPekka TiihonenErna KalevaJarno RieppoAntti Aula n\u00e9 KallioniemiJanne KarjalainenTuomas Vir\u00e9nHarri KokkonenLassi RieppoMika MononenSiru Kaartinen n\u00e9e TurunenKatariina NissinenMikael TurunenJussi KinnunenInari TamminenCristina FloreaYevgeniya KobrinaJarkko IivarinenMarkus MaloSami V\u00e4\u00e4n\u00e4nenJari RautiainenJukka LiukkonenKimmo HalonenRoope LasanenTuomo SilvastPia [&hellip;]","og_url":"https:\/\/sites.uef.fi\/biophysics\/alumni\/","og_site_name":"Biophysics Research Group","article_modified_time":"2025-08-19T16:18:11+00:00","twitter_card":"summary_large_image","twitter_misc":{"Est. reading time":"1 minute"},"schema":{"@context":"https:\/\/schema.org","@graph":[{"@type":"WebPage","@id":"https:\/\/sites.uef.fi\/biophysics\/alumni\/","url":"https:\/\/sites.uef.fi\/biophysics\/alumni\/","name":"Alumni - Biophysics Research Group","isPartOf":{"@id":"https:\/\/sites.uef.fi\/biophysics\/#website"},"datePublished":"2023-01-09T12:28:07+00:00","dateModified":"2025-08-19T16:18:11+00:00","breadcrumb":{"@id":"https:\/\/sites.uef.fi\/biophysics\/alumni\/#breadcrumb"},"inLanguage":"en-US","potentialAction":[{"@type":"ReadAction","target":["https:\/\/sites.uef.fi\/biophysics\/alumni\/"]}]},{"@type":"BreadcrumbList","@id":"https:\/\/sites.uef.fi\/biophysics\/alumni\/#breadcrumb","itemListElement":[{"@type":"ListItem","position":1,"name":"Home","item":"https:\/\/sites.uef.fi\/biophysics\/"},{"@type":"ListItem","position":2,"name":"Alumni"}]},{"@type":"WebSite","@id":"https:\/\/sites.uef.fi\/biophysics\/#website","url":"https:\/\/sites.uef.fi\/biophysics\/","name":"Biophysics Research Group","description":"Biophysics","potentialAction":[{"@type":"SearchAction","target":{"@type":"EntryPoint","urlTemplate":"https:\/\/sites.uef.fi\/biophysics\/?s={search_term_string}"},"query-input":{"@type":"PropertyValueSpecification","valueRequired":true,"valueName":"search_term_string"}}],"inLanguage":"en-US"}]}},"_links":{"self":[{"href":"https:\/\/sites.uef.fi\/biophysics\/wp-json\/wp\/v2\/pages\/3479","targetHints":{"allow":["GET"]}}],"collection":[{"href":"https:\/\/sites.uef.fi\/biophysics\/wp-json\/wp\/v2\/pages"}],"about":[{"href":"https:\/\/sites.uef.fi\/biophysics\/wp-json\/wp\/v2\/types\/page"}],"author":[{"embeddable":true,"href":"https:\/\/sites.uef.fi\/biophysics\/wp-json\/wp\/v2\/users\/631"}],"replies":[{"embeddable":true,"href":"https:\/\/sites.uef.fi\/biophysics\/wp-json\/wp\/v2\/comments?post=3479"}],"version-history":[{"count":1,"href":"https:\/\/sites.uef.fi\/biophysics\/wp-json\/wp\/v2\/pages\/3479\/revisions"}],"predecessor-version":[{"id":5685,"href":"https:\/\/sites.uef.fi\/biophysics\/wp-json\/wp\/v2\/pages\/3479\/revisions\/5685"}],"wp:attachment":[{"href":"https:\/\/sites.uef.fi\/biophysics\/wp-json\/wp\/v2\/media?parent=3479"}],"curies":[{"name":"wp","href":"https:\/\/api.w.org\/{rel}","templated":true}]}}