{"id":3785,"date":"2023-02-01T12:20:28","date_gmt":"2023-02-01T10:20:28","guid":{"rendered":"https:\/\/sites.uef.fi\/biophysics\/?page_id=3785"},"modified":"2025-11-26T15:04:52","modified_gmt":"2025-11-26T13:04:52","slug":"ct-group","status":"publish","type":"page","link":"https:\/\/sites.uef.fi\/biophysics\/ct-group\/","title":{"rendered":"The CT Group (Cartilage Theranostics &amp; Computed Tomography)"},"content":{"rendered":"\n<figure class=\"wp-block-image aligncenter size-large is-resized wp-duotone-unset-1\"><img loading=\"lazy\" decoding=\"async\" width=\"1024\" height=\"1024\" src=\"https:\/\/sites.uef.fi\/biophysics\/wp-content\/uploads\/sites\/87\/2023\/04\/ct_logo-1024x1024.png\" alt=\"\" class=\"wp-image-4578\" style=\"width:153px;height:auto\" srcset=\"https:\/\/sites.uef.fi\/biophysics\/wp-content\/uploads\/sites\/87\/2023\/04\/ct_logo-1024x1024.png 1024w, https:\/\/sites.uef.fi\/biophysics\/wp-content\/uploads\/sites\/87\/2023\/04\/ct_logo-300x300.png 300w, https:\/\/sites.uef.fi\/biophysics\/wp-content\/uploads\/sites\/87\/2023\/04\/ct_logo-150x150.png 150w, https:\/\/sites.uef.fi\/biophysics\/wp-content\/uploads\/sites\/87\/2023\/04\/ct_logo-768x768.png 768w, https:\/\/sites.uef.fi\/biophysics\/wp-content\/uploads\/sites\/87\/2023\/04\/ct_logo-1536x1536.png 1536w, https:\/\/sites.uef.fi\/biophysics\/wp-content\/uploads\/sites\/87\/2023\/04\/ct_logo-100x100.png 100w, https:\/\/sites.uef.fi\/biophysics\/wp-content\/uploads\/sites\/87\/2023\/04\/ct_logo.png 1854w\" sizes=\"auto, (max-width: 1024px) 100vw, 1024px\" \/><\/figure>\n\n\n\n<figure class=\"wp-block-image aligncenter size-large is-resized\"><img loading=\"lazy\" decoding=\"async\" width=\"768\" height=\"1024\" src=\"https:\/\/sites.uef.fi\/biophysics\/wp-content\/uploads\/sites\/87\/2024\/08\/CTgroup-768x1024.jpg\" alt=\"\" class=\"wp-image-5451\" style=\"width:333px;height:auto\" srcset=\"https:\/\/sites.uef.fi\/biophysics\/wp-content\/uploads\/sites\/87\/2024\/08\/CTgroup-768x1024.jpg 768w, https:\/\/sites.uef.fi\/biophysics\/wp-content\/uploads\/sites\/87\/2024\/08\/CTgroup-225x300.jpg 225w, https:\/\/sites.uef.fi\/biophysics\/wp-content\/uploads\/sites\/87\/2024\/08\/CTgroup-1152x1536.jpg 1152w, https:\/\/sites.uef.fi\/biophysics\/wp-content\/uploads\/sites\/87\/2024\/08\/CTgroup-1536x2048.jpg 1536w, https:\/\/sites.uef.fi\/biophysics\/wp-content\/uploads\/sites\/87\/2024\/08\/CTgroup-scaled.jpg 1920w\" sizes=\"auto, (max-width: 768px) 100vw, 768px\" \/><\/figure>\n\n\n\n<p class=\"has-text-align-center\"><em>Left (front to back): Janne M\u00e4kel\u00e4, Jiri J\u00e4ntti, Petri Paakkari, Milka Poimala, Maria Rissanen, Juuso Tuppurainen<\/em><br><em>Right: Elizabeth George, Afifah Tsurayya, Heta Mertano<\/em><\/p>\n\n\n\n<h4 class=\"wp-block-heading\">Principal investigators<\/h4>\n\n\n\n<ul class=\"wp-block-list\">\n<li><strong><a href=\"https:\/\/uefconnect.uef.fi\/en\/janne.makela\/\">Janne M\u00e4kel\u00e4<\/a><\/strong><\/li>\n\n\n\n<li><strong><a href=\"https:\/\/uefconnect.uef.fi\/en\/juha.toyras\/\">Juha T\u00f6yr\u00e4s<\/a><\/strong><\/li>\n<\/ul>\n\n\n\n<h4 class=\"wp-block-heading\">Postdocs<\/h4>\n\n\n\n<ul class=\"wp-block-list\">\n<li><a href=\"https:\/\/uefconnect.uef.fi\/en\/heta.mertano\/\">Heta Mertano<\/a><\/li>\n\n\n\n<li><a href=\"https:\/\/uefconnect.uef.fi\/en\/person\/petri.paakkari\/\">Petri Paakkari<\/a><\/li>\n<\/ul>\n\n\n\n<h4 class=\"wp-block-heading\">Doctoral researchers<\/h4>\n\n\n\n<ul class=\"wp-block-list\">\n<li><a href=\"https:\/\/uefconnect.uef.fi\/en\/person\/elizabeth.george\/\">Elizabeth George<\/a><\/li>\n\n\n\n<li><a href=\"https:\/\/uefconnect.uef.fi\/en\/person\/afifah.tsurayya\/\">Afifah Hana Tsurayya<\/a><\/li>\n\n\n\n<li><a href=\"https:\/\/uefconnect.uef.fi\/en\/person\/jiri.jantti\/\">Jiri J\u00e4ntti<\/a><\/li>\n\n\n\n<li><a href=\"https:\/\/uefconnect.uef.fi\/en\/person\/milka.poimala\/\">Milka Poimala<\/a><\/li>\n\n\n\n<li><a href=\"https:\/\/uefconnect.uef.fi\/en\/person\/maria.rissanen\/\">Maria Rissanen<\/a><\/li>\n\n\n\n<li><a href=\"https:\/\/uefconnect.uef.fi\/en\/person\/juuso.tuppurainen\/\">Juuso Tuppurainen<\/a><\/li>\n<\/ul>\n\n\n\n<h4 class=\"wp-block-heading\">Collaborators<\/h4>\n\n\n\n<ul class=\"wp-block-list\">\n<li><a href=\"https:\/\/connects.catalyst.harvard.edu\/Profiles\/display\/Person\/33025\">Professor Brian Snyder &#8211; Boston Children&#8217;s Hospital<\/a><\/li>\n\n\n\n<li><a href=\"https:\/\/www.grinstaff.org\/\">Professor Mark Grinstaff &#8211; Boston University<\/a><\/li>\n\n\n\n<li><a href=\"https:\/\/www.bu.edu\/eng\/profile\/michael-albro-ph-d\/\">Assistant Professor Michael Albro &#8211; Boston University<\/a><\/li>\n\n\n\n<li><a href=\"https:\/\/staff.ki.se\/people\/seppo-koskinen\">Professor Seppo Koskinen &#8211; Karolinska Institut<\/a><\/li>\n\n\n\n<li><a href=\"https:\/\/www.oulu.fi\/fi\/tutkijat\/miika-nieminen\">Professor Miika Nieminen &#8211; Oulu University<\/a><\/li>\n\n\n\n<li><a href=\"https:\/\/research.qut.edu.au\/cbt\/people\/travis-klein\/\">Professor Travis Klein &#8211; Queensland University of Technology<\/a><\/li>\n\n\n\n<li><a href=\"https:\/\/www.uu.nl\/staff\/PRvanWeeren\">Professor Ren\u00e9 van Weeren &#8211; Utrecht University<\/a><\/li>\n\n\n\n<li><a href=\"https:\/\/www.uu.nl\/staff\/JMalda\">Professor Jos Malda &#8211; Utrecht University<\/a><\/li>\n\n\n\n<li><a href=\"https:\/\/www.mtm.kuleuven.be\/english\/research\/scalint\/mpndt\/team\/00047420\">Associate Professor Greet Kerckhofs &#8211; KU Leuven<\/a><\/li>\n\n\n\n<li><a href=\"https:\/\/biomedical.eng.unimelb.edu.au\/integrative-cartilage\/people\">Associate Professor Kathryn Stok &#8211; University of Melbourne<\/a><\/li>\n<\/ul>\n\n\n\n<h4 class=\"wp-block-heading\">Overview<\/h4>\n\n\n\n<figure class=\"wp-block-image aligncenter size-full is-resized\"><img loading=\"lazy\" decoding=\"async\" width=\"761\" height=\"702\" src=\"https:\/\/sites.uef.fi\/biophysics\/wp-content\/uploads\/sites\/87\/2023\/02\/Janne_Fig1_NanoPart_CT.png\" alt=\"\" class=\"wp-image-3848\" style=\"width:332px;height:auto\" srcset=\"https:\/\/sites.uef.fi\/biophysics\/wp-content\/uploads\/sites\/87\/2023\/02\/Janne_Fig1_NanoPart_CT.png 761w, https:\/\/sites.uef.fi\/biophysics\/wp-content\/uploads\/sites\/87\/2023\/02\/Janne_Fig1_NanoPart_CT-300x277.png 300w\" sizes=\"auto, (max-width: 761px) 100vw, 761px\" \/><\/figure>\n\n\n\n<p>The CT Group (Cartilage Theranostics &amp; Computed Tomography) is committed to early therapeutics and diagnosis of osteoarthritis. Our focus is to study the capability of new (nano) contrast media to image articular cartilage and to develop advanced computed tomography techniques to track disease progression over time. In addition, we are exploring the use of synthetic supplements to reinforce and lubricate the body&#8217;s tribosystems. To gain a deeper understanding of joint lubrication and function, we integrate experimental measurements with computational modeling techniques.<\/p>\n\n\n\n<h4 class=\"wp-block-heading\">Current projects<\/h4>\n\n\n\n<p><strong>New Generation Spectral Computed Tomography and Nano Contrast Media for Osteoarthritis Diagnosis<\/strong><\/p>\n\n\n\n<p>Spectral computed tomography represents the future of X-ray imaging (Fig. 1). Commercial instrumentation is not yet available in Finland. The technology allows retrospective detection of individual elements with only one scan, making it a superb modality to simultaneously trace multiple contrast agents. Concurrently, modern nanotechnology enables more effective design of active targeting contrast agents. The project develops a spectral computed tomography method for early diagnosis of articular cartilage injuries based on the simultaneous use of separate nano contrast agents. The solution to be developed will enable lower radiation doses in imaging, improved imaging accuracy, as well as new information for the optimization of future spectral imaging and nano contrast agents.<\/p>\n\n\n\n<figure class=\"wp-block-image aligncenter size-full is-resized\"><img loading=\"lazy\" decoding=\"async\" width=\"421\" height=\"517\" src=\"https:\/\/sites.uef.fi\/biophysics\/wp-content\/uploads\/sites\/87\/2023\/02\/Janne_Fig2_Academy-e1702298961497.png\" alt=\"\" class=\"wp-image-3845\" style=\"width:344px;height:auto\" srcset=\"https:\/\/sites.uef.fi\/biophysics\/wp-content\/uploads\/sites\/87\/2023\/02\/Janne_Fig2_Academy-e1702298961497.png 421w, https:\/\/sites.uef.fi\/biophysics\/wp-content\/uploads\/sites\/87\/2023\/02\/Janne_Fig2_Academy-e1702298961497-244x300.png 244w\" sizes=\"auto, (max-width: 421px) 100vw, 421px\" \/><\/figure>\n\n\n\n<p><strong>Fig. 1:<\/strong> <strong>A)<\/strong> Elements absorb X-ray attenuation characteristically (solid lines). Spectral-CT scanning uses energy bins (red bars) that allow separation of different element attenuation. <strong>B)<\/strong> Artistic illustration shows an example of imaginary CT image of a patient who has fallen off a bicycle. CT imaging is done using a Iodine and Tantalum NP contrast agent mixture. OA increases cartilage porosity to a point where properly sized nanoparticles diffuse inside the tissue. Bigger iodine NP accumulation reveals clear trauma, which will need reparative surgery. Smaller Tantalum (Ta) reveals mild idiopathic degeneration (fibrillation) at medial sites of both knees which can be treated using a reinforcing nanoviscosupplement.<\/p>\n\n\n\n<h4 class=\"wp-block-heading\">Funding<\/h4>\n\n\n    <div class=\"funders grid\">\n                        <a href=\"https:\/\/www.aka.fi\/en\/\" class=\"funders__link grid__item hover-scale-down\" title=\"Research Council of Finland (Academy Research Fellow)\">\n                            <div class=\"funders__image\">\n                    <img decoding=\"async\" src=\"https:\/\/sites.uef.fi\/biophysics\/wp-content\/uploads\/sites\/87\/2023\/12\/research-council-of-finland-logo-horizontal-16-10.jpg\" alt=\"Research Council of Finland\" \/>\n                <\/div>\n                                    <p class=\"funders__description\">Research Council of Finland (Academy Research Fellow)<\/p>\n                                                    <div class=\"funders__arrow\">\n                    <svg xmlns=\"http:\/\/www.w3.org\/2000\/svg\" height=\"25px\" viewBox=\"0 -960 960 960\" width=\"24px\" ><path fill=\"currentColor\" d=\"M200-120q-33 0-56.5-23.5T120-200v-560q0-33 23.5-56.5T200-840h280v80H200v560h560v-280h80v280q0 33-23.5 56.5T760-120H200Zm188-212-56-56 372-372H560v-80h280v280h-80v-144L388-332Z\"\/><\/svg>                    <\/div>\n                <\/a>\n                            \n                        <div class=\"funders__item grid__item\">\n                            <div class=\"funders__image\">\n                    <img decoding=\"async\" src=\"\" alt=\"\" \/>\n                <\/div>\n                                                <\/div>\n                        \n            <\/div>\n\n\n\n<div class=\"wp-block-group is-layout-constrained wp-block-group-is-layout-constrained\">\n<div class=\"wp-block-group is-layout-constrained wp-block-group-is-layout-constrained\">\n<div class=\"wp-block-group is-layout-constrained wp-block-group-is-layout-constrained\"><\/div>\n<\/div>\n<\/div>\n","protected":false},"excerpt":{"rendered":"<p>Left (front to back): Janne M\u00e4kel\u00e4, Jiri J\u00e4ntti, Petri Paakkari, Milka Poimala, Maria Rissanen, Juuso TuppurainenRight: Elizabeth George, Afifah Tsurayya, Heta Mertano Principal investigators Postdocs Doctoral researchers Collaborators Overview The CT Group (Cartilage Theranostics &amp; Computed Tomography) is committed to early therapeutics and diagnosis of osteoarthritis. Our focus is to study the capability of new [&hellip;]<\/p>\n","protected":false},"author":631,"featured_media":0,"parent":0,"menu_order":0,"comment_status":"closed","ping_status":"closed","template":"","meta":{"_acf_changed":false,"_monsterinsights_skip_tracking":false,"_monsterinsights_sitenote_active":false,"_monsterinsights_sitenote_note":"","_monsterinsights_sitenote_category":0,"footnotes":""},"class_list":["post-3785","page","type-page","status-publish","hentry"],"acf":[],"yoast_head":"<!-- This site is optimized with the Yoast SEO plugin v27.3 - https:\/\/yoast.com\/product\/yoast-seo-wordpress\/ -->\n<title>The CT Group (Cartilage Theranostics &amp; Computed Tomography) - Biophysics Research Group<\/title>\n<meta name=\"robots\" content=\"index, follow, max-snippet:-1, max-image-preview:large, max-video-preview:-1\" \/>\n<link rel=\"canonical\" href=\"https:\/\/sites.uef.fi\/biophysics\/ct-group\/\" \/>\n<meta property=\"og:locale\" content=\"en_US\" \/>\n<meta property=\"og:type\" content=\"article\" \/>\n<meta property=\"og:title\" content=\"The CT Group (Cartilage Theranostics &amp; Computed Tomography) - Biophysics Research Group\" \/>\n<meta property=\"og:description\" content=\"Left (front to back): Janne M\u00e4kel\u00e4, Jiri J\u00e4ntti, Petri Paakkari, Milka Poimala, Maria Rissanen, Juuso TuppurainenRight: Elizabeth George, Afifah Tsurayya, Heta Mertano Principal investigators Postdocs Doctoral researchers Collaborators Overview The CT Group (Cartilage Theranostics &amp; Computed Tomography) is committed to early therapeutics and diagnosis of osteoarthritis. Our focus is to study the capability of new [&hellip;]\" \/>\n<meta property=\"og:url\" content=\"https:\/\/sites.uef.fi\/biophysics\/ct-group\/\" \/>\n<meta property=\"og:site_name\" content=\"Biophysics Research Group\" \/>\n<meta property=\"article:modified_time\" content=\"2025-11-26T13:04:52+00:00\" \/>\n<meta property=\"og:image\" content=\"https:\/\/sites.uef.fi\/biophysics\/wp-content\/uploads\/sites\/87\/2023\/04\/ct_logo.png\" \/>\n\t<meta property=\"og:image:width\" content=\"1854\" \/>\n\t<meta property=\"og:image:height\" content=\"1854\" \/>\n\t<meta property=\"og:image:type\" content=\"image\/png\" \/>\n<meta name=\"twitter:card\" content=\"summary_large_image\" \/>\n<meta name=\"twitter:label1\" content=\"Est. reading time\" \/>\n\t<meta name=\"twitter:data1\" content=\"3 minutes\" \/>\n<script type=\"application\/ld+json\" class=\"yoast-schema-graph\">{\"@context\":\"https:\\\/\\\/schema.org\",\"@graph\":[{\"@type\":\"WebPage\",\"@id\":\"https:\\\/\\\/sites.uef.fi\\\/biophysics\\\/ct-group\\\/\",\"url\":\"https:\\\/\\\/sites.uef.fi\\\/biophysics\\\/ct-group\\\/\",\"name\":\"The CT Group (Cartilage Theranostics &amp; Computed Tomography) - Biophysics Research Group\",\"isPartOf\":{\"@id\":\"https:\\\/\\\/sites.uef.fi\\\/biophysics\\\/#website\"},\"primaryImageOfPage\":{\"@id\":\"https:\\\/\\\/sites.uef.fi\\\/biophysics\\\/ct-group\\\/#primaryimage\"},\"image\":{\"@id\":\"https:\\\/\\\/sites.uef.fi\\\/biophysics\\\/ct-group\\\/#primaryimage\"},\"thumbnailUrl\":\"https:\\\/\\\/sites.uef.fi\\\/biophysics\\\/wp-content\\\/uploads\\\/sites\\\/87\\\/2023\\\/04\\\/ct_logo-1024x1024.png\",\"datePublished\":\"2023-02-01T10:20:28+00:00\",\"dateModified\":\"2025-11-26T13:04:52+00:00\",\"breadcrumb\":{\"@id\":\"https:\\\/\\\/sites.uef.fi\\\/biophysics\\\/ct-group\\\/#breadcrumb\"},\"inLanguage\":\"en-US\",\"potentialAction\":[{\"@type\":\"ReadAction\",\"target\":[\"https:\\\/\\\/sites.uef.fi\\\/biophysics\\\/ct-group\\\/\"]}]},{\"@type\":\"ImageObject\",\"inLanguage\":\"en-US\",\"@id\":\"https:\\\/\\\/sites.uef.fi\\\/biophysics\\\/ct-group\\\/#primaryimage\",\"url\":\"https:\\\/\\\/sites.uef.fi\\\/biophysics\\\/wp-content\\\/uploads\\\/sites\\\/87\\\/2023\\\/04\\\/ct_logo.png\",\"contentUrl\":\"https:\\\/\\\/sites.uef.fi\\\/biophysics\\\/wp-content\\\/uploads\\\/sites\\\/87\\\/2023\\\/04\\\/ct_logo.png\",\"width\":1854,\"height\":1854},{\"@type\":\"BreadcrumbList\",\"@id\":\"https:\\\/\\\/sites.uef.fi\\\/biophysics\\\/ct-group\\\/#breadcrumb\",\"itemListElement\":[{\"@type\":\"ListItem\",\"position\":1,\"name\":\"Home\",\"item\":\"https:\\\/\\\/sites.uef.fi\\\/biophysics\\\/\"},{\"@type\":\"ListItem\",\"position\":2,\"name\":\"The CT Group (Cartilage Theranostics &amp; Computed Tomography)\"}]},{\"@type\":\"WebSite\",\"@id\":\"https:\\\/\\\/sites.uef.fi\\\/biophysics\\\/#website\",\"url\":\"https:\\\/\\\/sites.uef.fi\\\/biophysics\\\/\",\"name\":\"Biophysics Research Group\",\"description\":\"Biophysics\",\"potentialAction\":[{\"@type\":\"SearchAction\",\"target\":{\"@type\":\"EntryPoint\",\"urlTemplate\":\"https:\\\/\\\/sites.uef.fi\\\/biophysics\\\/?s={search_term_string}\"},\"query-input\":{\"@type\":\"PropertyValueSpecification\",\"valueRequired\":true,\"valueName\":\"search_term_string\"}}],\"inLanguage\":\"en-US\"}]}<\/script>\n<!-- \/ Yoast SEO plugin. -->","yoast_head_json":{"title":"The CT Group (Cartilage Theranostics &amp; Computed Tomography) - Biophysics Research Group","robots":{"index":"index","follow":"follow","max-snippet":"max-snippet:-1","max-image-preview":"max-image-preview:large","max-video-preview":"max-video-preview:-1"},"canonical":"https:\/\/sites.uef.fi\/biophysics\/ct-group\/","og_locale":"en_US","og_type":"article","og_title":"The CT Group (Cartilage Theranostics &amp; Computed Tomography) - Biophysics Research Group","og_description":"Left (front to back): Janne M\u00e4kel\u00e4, Jiri J\u00e4ntti, Petri Paakkari, Milka Poimala, Maria Rissanen, Juuso TuppurainenRight: Elizabeth George, Afifah Tsurayya, Heta Mertano Principal investigators Postdocs Doctoral researchers Collaborators Overview The CT Group (Cartilage Theranostics &amp; Computed Tomography) is committed to early therapeutics and diagnosis of osteoarthritis. Our focus is to study the capability of new [&hellip;]","og_url":"https:\/\/sites.uef.fi\/biophysics\/ct-group\/","og_site_name":"Biophysics Research Group","article_modified_time":"2025-11-26T13:04:52+00:00","og_image":[{"width":1854,"height":1854,"url":"https:\/\/sites.uef.fi\/biophysics\/wp-content\/uploads\/sites\/87\/2023\/04\/ct_logo.png","type":"image\/png"}],"twitter_card":"summary_large_image","twitter_misc":{"Est. reading time":"3 minutes"},"schema":{"@context":"https:\/\/schema.org","@graph":[{"@type":"WebPage","@id":"https:\/\/sites.uef.fi\/biophysics\/ct-group\/","url":"https:\/\/sites.uef.fi\/biophysics\/ct-group\/","name":"The CT Group (Cartilage Theranostics &amp; Computed Tomography) - Biophysics Research Group","isPartOf":{"@id":"https:\/\/sites.uef.fi\/biophysics\/#website"},"primaryImageOfPage":{"@id":"https:\/\/sites.uef.fi\/biophysics\/ct-group\/#primaryimage"},"image":{"@id":"https:\/\/sites.uef.fi\/biophysics\/ct-group\/#primaryimage"},"thumbnailUrl":"https:\/\/sites.uef.fi\/biophysics\/wp-content\/uploads\/sites\/87\/2023\/04\/ct_logo-1024x1024.png","datePublished":"2023-02-01T10:20:28+00:00","dateModified":"2025-11-26T13:04:52+00:00","breadcrumb":{"@id":"https:\/\/sites.uef.fi\/biophysics\/ct-group\/#breadcrumb"},"inLanguage":"en-US","potentialAction":[{"@type":"ReadAction","target":["https:\/\/sites.uef.fi\/biophysics\/ct-group\/"]}]},{"@type":"ImageObject","inLanguage":"en-US","@id":"https:\/\/sites.uef.fi\/biophysics\/ct-group\/#primaryimage","url":"https:\/\/sites.uef.fi\/biophysics\/wp-content\/uploads\/sites\/87\/2023\/04\/ct_logo.png","contentUrl":"https:\/\/sites.uef.fi\/biophysics\/wp-content\/uploads\/sites\/87\/2023\/04\/ct_logo.png","width":1854,"height":1854},{"@type":"BreadcrumbList","@id":"https:\/\/sites.uef.fi\/biophysics\/ct-group\/#breadcrumb","itemListElement":[{"@type":"ListItem","position":1,"name":"Home","item":"https:\/\/sites.uef.fi\/biophysics\/"},{"@type":"ListItem","position":2,"name":"The CT Group (Cartilage Theranostics &amp; Computed Tomography)"}]},{"@type":"WebSite","@id":"https:\/\/sites.uef.fi\/biophysics\/#website","url":"https:\/\/sites.uef.fi\/biophysics\/","name":"Biophysics Research Group","description":"Biophysics","potentialAction":[{"@type":"SearchAction","target":{"@type":"EntryPoint","urlTemplate":"https:\/\/sites.uef.fi\/biophysics\/?s={search_term_string}"},"query-input":{"@type":"PropertyValueSpecification","valueRequired":true,"valueName":"search_term_string"}}],"inLanguage":"en-US"}]}},"_links":{"self":[{"href":"https:\/\/sites.uef.fi\/biophysics\/wp-json\/wp\/v2\/pages\/3785","targetHints":{"allow":["GET"]}}],"collection":[{"href":"https:\/\/sites.uef.fi\/biophysics\/wp-json\/wp\/v2\/pages"}],"about":[{"href":"https:\/\/sites.uef.fi\/biophysics\/wp-json\/wp\/v2\/types\/page"}],"author":[{"embeddable":true,"href":"https:\/\/sites.uef.fi\/biophysics\/wp-json\/wp\/v2\/users\/631"}],"replies":[{"embeddable":true,"href":"https:\/\/sites.uef.fi\/biophysics\/wp-json\/wp\/v2\/comments?post=3785"}],"version-history":[{"count":1,"href":"https:\/\/sites.uef.fi\/biophysics\/wp-json\/wp\/v2\/pages\/3785\/revisions"}],"predecessor-version":[{"id":5767,"href":"https:\/\/sites.uef.fi\/biophysics\/wp-json\/wp\/v2\/pages\/3785\/revisions\/5767"}],"wp:attachment":[{"href":"https:\/\/sites.uef.fi\/biophysics\/wp-json\/wp\/v2\/media?parent=3785"}],"curies":[{"name":"wp","href":"https:\/\/api.w.org\/{rel}","templated":true}]}}