{"id":1219,"date":"2023-11-20T09:44:02","date_gmt":"2023-11-20T07:44:02","guid":{"rendered":"https:\/\/sites.uef.fi\/biopro\/?page_id=1219"},"modified":"2025-10-22T10:25:10","modified_gmt":"2025-10-22T07:25:10","slug":"research-methodologies-in-forest-sciences","status":"publish","type":"page","link":"https:\/\/sites.uef.fi\/biopro\/courses\/research-methodologies-in-forest-sciences\/","title":{"rendered":"Research Methodologies in Forest Sciences"},"content":{"rendered":"\n<div class=\"wp-block-group\"><div class=\"wp-block-group__inner-container is-layout-constrained wp-block-group-is-layout-constrained\">\n<h1 class=\"wp-block-heading\">Research Methodologies in Forest Sciences<\/h1>\n\n\n\n<p>Blas MOLA-YUDEGO<\/p>\n<\/div><\/div>\n\n\n\n<div class=\"wp-block-group\"><div class=\"wp-block-group__inner-container is-layout-constrained wp-block-group-is-layout-constrained\">\n<h2 class=\"wp-block-heading\">Course description<\/h2>\n\n\n\n<p>Developing studies in forest sciences requires an understanding on statistical methods and to be familiar with the most common methodological approaches. Research Methods in Forest Sciences aims to review several methodological tools, statistical and GIS based, related to forest studies. The course was originally conceived for students of the MSc of European Forestry in 2005, to prepare them for the final thesis. Shortly after, it was open to other students of the School of Forest Sciences at the University of Eastern Finland. The course was originally designed by Blas Mola and Celeste Lacuna, under the leadership of Paavo Pelkonen. Several instructors have been involved along years, among others:&nbsp;Janet Chaseling, Jos\u00e9 Ramon Gonz\u00e1lez-Olabarria, Alejandro Ruete, Sanna H\u00e4rk\u00f6nen and Olalla D\u00edaz-Y\u00e1\u00f1ez. The present form of the course dates back to 2015, with Blas Mola as main instructor and coordinator, and different co-lecturers: Timo Tokola, Sanna H\u00e4rk\u00f6nen, Marina Peris and Mari Selkim\u00e4ki; the course includes background lectures, R and GIS exercises and a final exam.<\/p>\n<\/div><\/div>\n\n\n\n<h3 class=\"wp-block-heading\">Learning outcomes<\/h3>\n\n\n\n<p>The course consists of lectures and exercises and independent and collaborative work on learning tasks. Upon successful completion of this course, you will be able to:<\/p>\n\n\n\n<ul style=\"background-color:#fcfcfc\" class=\"wp-block-list has-background\">\n<li>interpret statistical results<\/li>\n\n\n\n<li>become familiarized with typical research methods in forest science, eg. GIS tools&nbsp;<\/li>\n\n\n\n<li>to present statistical information in an academic way<\/li>\n\n\n\n<li>understand experiments, the reasons behind the set-ups, and the most common sampling techniques<\/li>\n\n\n\n<li>build simple statistical models, for the most common analysis performed in forest science<\/li>\n<\/ul>\n\n\n\n<div class=\"wp-block-group\"><div class=\"wp-block-group__inner-container is-layout-constrained wp-block-group-is-layout-constrained\">\n<div class=\"wp-block-group\"><div class=\"wp-block-group__inner-container is-layout-constrained wp-block-group-is-layout-constrained\">\n<h3 class=\"wp-block-heading\">Essentials<\/h3>\n\n\n\n<p>Applied statistics, research methodology, biometric and ecosystem modeling concepts, R statistics, GIS and remote sensing techniques.<\/p>\n<\/div><\/div>\n<\/div><\/div>\n\n\n\n<div class=\"wp-block-group\"><div class=\"wp-block-group__inner-container is-layout-constrained wp-block-group-is-layout-constrained\">\n<div class=\"wp-block-group\"><div class=\"wp-block-group__inner-container is-layout-constrained wp-block-group-is-layout-constrained\">\n<h3 class=\"wp-block-heading\">Course responsible<\/h3>\n\n\n\n<p>Blas Mola-Yudego, School of Forest Sciences, Borealis room 376, email address: blas.mola(at)uef.fi<\/p>\n<\/div><\/div>\n\n\n\n<div class=\"wp-block-buttons is-layout-flex wp-block-buttons-is-layout-flex\">\n<div class=\"wp-block-button\"><a class=\"wp-block-button__link wp-element-button\" href=\"https:\/\/sites.uef.fi\/biopro\/courses\/research-methodologies-in-forest-sciences\/course-structure\/\">Go to course<\/a><\/div>\n<\/div>\n<\/div><\/div>\n","protected":false},"excerpt":{"rendered":"<p>Research Methodologies in Forest Sciences Blas MOLA-YUDEGO Course description Developing studies in forest sciences requires an understanding on statistical methods and to be familiar with the most common methodological approaches. Research Methods in Forest Sciences aims to review several methodological tools, statistical and GIS based, related to forest studies. The course was originally conceived for &hellip; <\/p>\n<p class=\"link-more\"><a href=\"https:\/\/sites.uef.fi\/biopro\/courses\/research-methodologies-in-forest-sciences\/\" class=\"more-link\">Continue reading<span class=\"screen-reader-text\"> &#8220;Research Methodologies in Forest Sciences&#8221;<\/span><\/a><\/p>\n","protected":false},"author":836,"featured_media":0,"parent":69,"menu_order":2,"comment_status":"closed","ping_status":"closed","template":"","meta":{"_acf_changed":false,"footnotes":""},"class_list":["post-1219","page","type-page","status-publish","hentry"],"acf":[],"yoast_head":"<!-- This site is optimized with the Yoast SEO plugin v27.1.1 - https:\/\/yoast.com\/product\/yoast-seo-wordpress\/ -->\n<title>Research Methodologies in Forest Sciences - Biomass Production<\/title>\n<meta name=\"description\" content=\"Developing studies in forest sciences requires an understanding on statistical methods and to be familiar with the most common methodological approaches. Research Methods in Forest Sciences aims to review several methodological tools, statistical and GIS based, related to forest studies.\" \/>\n<meta name=\"robots\" content=\"index, follow, max-snippet:-1, max-image-preview:large, max-video-preview:-1\" \/>\n<link rel=\"canonical\" href=\"https:\/\/sites.uef.fi\/biopro\/courses\/research-methodologies-in-forest-sciences\/\" \/>\n<meta property=\"og:locale\" content=\"en_US\" \/>\n<meta property=\"og:type\" content=\"article\" \/>\n<meta property=\"og:title\" content=\"Research Methodologies in Forest Sciences - Biomass Production\" \/>\n<meta property=\"og:description\" content=\"Developing studies in forest sciences requires an understanding on statistical methods and to be familiar with the most common methodological approaches. Research Methods in Forest Sciences aims to review several methodological tools, statistical and GIS based, related to forest studies.\" \/>\n<meta property=\"og:url\" content=\"https:\/\/sites.uef.fi\/biopro\/courses\/research-methodologies-in-forest-sciences\/\" \/>\n<meta property=\"og:site_name\" content=\"Biomass Production\" \/>\n<meta property=\"article:modified_time\" content=\"2025-10-22T07:25:10+00:00\" \/>\n<meta name=\"twitter:card\" content=\"summary_large_image\" \/>\n<meta name=\"twitter:label1\" content=\"Est. reading time\" \/>\n\t<meta name=\"twitter:data1\" content=\"2 minutes\" \/>\n<script type=\"application\/ld+json\" class=\"yoast-schema-graph\">{\"@context\":\"https:\/\/schema.org\",\"@graph\":[{\"@type\":\"WebPage\",\"@id\":\"https:\/\/sites.uef.fi\/biopro\/courses\/research-methodologies-in-forest-sciences\/\",\"url\":\"https:\/\/sites.uef.fi\/biopro\/courses\/research-methodologies-in-forest-sciences\/\",\"name\":\"Research Methodologies in Forest Sciences - Biomass Production\",\"isPartOf\":{\"@id\":\"https:\/\/sites.uef.fi\/biopro\/#website\"},\"datePublished\":\"2023-11-20T07:44:02+00:00\",\"dateModified\":\"2025-10-22T07:25:10+00:00\",\"description\":\"Developing studies in forest sciences requires an understanding on statistical methods and to be familiar with the most common methodological approaches. Research Methods in Forest Sciences aims to review several methodological tools, statistical and GIS based, related to forest studies.\",\"breadcrumb\":{\"@id\":\"https:\/\/sites.uef.fi\/biopro\/courses\/research-methodologies-in-forest-sciences\/#breadcrumb\"},\"inLanguage\":\"en-US\",\"potentialAction\":[{\"@type\":\"ReadAction\",\"target\":[\"https:\/\/sites.uef.fi\/biopro\/courses\/research-methodologies-in-forest-sciences\/\"]}]},{\"@type\":\"BreadcrumbList\",\"@id\":\"https:\/\/sites.uef.fi\/biopro\/courses\/research-methodologies-in-forest-sciences\/#breadcrumb\",\"itemListElement\":[{\"@type\":\"ListItem\",\"position\":1,\"name\":\"Home\",\"item\":\"https:\/\/sites.uef.fi\/biopro\/\"},{\"@type\":\"ListItem\",\"position\":2,\"name\":\"Courses\",\"item\":\"https:\/\/sites.uef.fi\/biopro\/courses\/\"},{\"@type\":\"ListItem\",\"position\":3,\"name\":\"Research Methodologies in Forest Sciences\"}]},{\"@type\":\"WebSite\",\"@id\":\"https:\/\/sites.uef.fi\/biopro\/#website\",\"url\":\"https:\/\/sites.uef.fi\/biopro\/\",\"name\":\"Biomass Production\",\"description\":\"\",\"publisher\":{\"@id\":\"https:\/\/sites.uef.fi\/biopro\/#organization\"},\"potentialAction\":[{\"@type\":\"SearchAction\",\"target\":{\"@type\":\"EntryPoint\",\"urlTemplate\":\"https:\/\/sites.uef.fi\/biopro\/?s={search_term_string}\"},\"query-input\":{\"@type\":\"PropertyValueSpecification\",\"valueRequired\":true,\"valueName\":\"search_term_string\"}}],\"inLanguage\":\"en-US\"},{\"@type\":\"Organization\",\"@id\":\"https:\/\/sites.uef.fi\/biopro\/#organization\",\"name\":\"Biomass Production\",\"url\":\"https:\/\/sites.uef.fi\/biopro\/\",\"logo\":{\"@type\":\"ImageObject\",\"inLanguage\":\"en-US\",\"@id\":\"https:\/\/sites.uef.fi\/biopro\/#\/schema\/logo\/image\/\",\"url\":\"https:\/\/sites.uef.fi\/biopro\/wp-content\/uploads\/sites\/380\/2025\/08\/cropped-Biomass-Production-Research-Group-Logo-Square.png\",\"contentUrl\":\"https:\/\/sites.uef.fi\/biopro\/wp-content\/uploads\/sites\/380\/2025\/08\/cropped-Biomass-Production-Research-Group-Logo-Square.png\",\"width\":250,\"height\":250,\"caption\":\"Biomass Production\"},\"image\":{\"@id\":\"https:\/\/sites.uef.fi\/biopro\/#\/schema\/logo\/image\/\"}}]}<\/script>\n<!-- \/ Yoast SEO plugin. -->","yoast_head_json":{"title":"Research Methodologies in Forest Sciences - Biomass Production","description":"Developing studies in forest sciences requires an understanding on statistical methods and to be familiar with the most common methodological approaches. Research Methods in Forest Sciences aims to review several methodological tools, statistical and GIS based, related to forest studies.","robots":{"index":"index","follow":"follow","max-snippet":"max-snippet:-1","max-image-preview":"max-image-preview:large","max-video-preview":"max-video-preview:-1"},"canonical":"https:\/\/sites.uef.fi\/biopro\/courses\/research-methodologies-in-forest-sciences\/","og_locale":"en_US","og_type":"article","og_title":"Research Methodologies in Forest Sciences - Biomass Production","og_description":"Developing studies in forest sciences requires an understanding on statistical methods and to be familiar with the most common methodological approaches. Research Methods in Forest Sciences aims to review several methodological tools, statistical and GIS based, related to forest studies.","og_url":"https:\/\/sites.uef.fi\/biopro\/courses\/research-methodologies-in-forest-sciences\/","og_site_name":"Biomass Production","article_modified_time":"2025-10-22T07:25:10+00:00","twitter_card":"summary_large_image","twitter_misc":{"Est. reading time":"2 minutes"},"schema":{"@context":"https:\/\/schema.org","@graph":[{"@type":"WebPage","@id":"https:\/\/sites.uef.fi\/biopro\/courses\/research-methodologies-in-forest-sciences\/","url":"https:\/\/sites.uef.fi\/biopro\/courses\/research-methodologies-in-forest-sciences\/","name":"Research Methodologies in Forest Sciences - Biomass Production","isPartOf":{"@id":"https:\/\/sites.uef.fi\/biopro\/#website"},"datePublished":"2023-11-20T07:44:02+00:00","dateModified":"2025-10-22T07:25:10+00:00","description":"Developing studies in forest sciences requires an understanding on statistical methods and to be familiar with the most common methodological approaches. Research Methods in Forest Sciences aims to review several methodological tools, statistical and GIS based, related to forest studies.","breadcrumb":{"@id":"https:\/\/sites.uef.fi\/biopro\/courses\/research-methodologies-in-forest-sciences\/#breadcrumb"},"inLanguage":"en-US","potentialAction":[{"@type":"ReadAction","target":["https:\/\/sites.uef.fi\/biopro\/courses\/research-methodologies-in-forest-sciences\/"]}]},{"@type":"BreadcrumbList","@id":"https:\/\/sites.uef.fi\/biopro\/courses\/research-methodologies-in-forest-sciences\/#breadcrumb","itemListElement":[{"@type":"ListItem","position":1,"name":"Home","item":"https:\/\/sites.uef.fi\/biopro\/"},{"@type":"ListItem","position":2,"name":"Courses","item":"https:\/\/sites.uef.fi\/biopro\/courses\/"},{"@type":"ListItem","position":3,"name":"Research Methodologies in Forest Sciences"}]},{"@type":"WebSite","@id":"https:\/\/sites.uef.fi\/biopro\/#website","url":"https:\/\/sites.uef.fi\/biopro\/","name":"Biomass Production","description":"","publisher":{"@id":"https:\/\/sites.uef.fi\/biopro\/#organization"},"potentialAction":[{"@type":"SearchAction","target":{"@type":"EntryPoint","urlTemplate":"https:\/\/sites.uef.fi\/biopro\/?s={search_term_string}"},"query-input":{"@type":"PropertyValueSpecification","valueRequired":true,"valueName":"search_term_string"}}],"inLanguage":"en-US"},{"@type":"Organization","@id":"https:\/\/sites.uef.fi\/biopro\/#organization","name":"Biomass Production","url":"https:\/\/sites.uef.fi\/biopro\/","logo":{"@type":"ImageObject","inLanguage":"en-US","@id":"https:\/\/sites.uef.fi\/biopro\/#\/schema\/logo\/image\/","url":"https:\/\/sites.uef.fi\/biopro\/wp-content\/uploads\/sites\/380\/2025\/08\/cropped-Biomass-Production-Research-Group-Logo-Square.png","contentUrl":"https:\/\/sites.uef.fi\/biopro\/wp-content\/uploads\/sites\/380\/2025\/08\/cropped-Biomass-Production-Research-Group-Logo-Square.png","width":250,"height":250,"caption":"Biomass Production"},"image":{"@id":"https:\/\/sites.uef.fi\/biopro\/#\/schema\/logo\/image\/"}}]}},"_links":{"self":[{"href":"https:\/\/sites.uef.fi\/biopro\/wp-json\/wp\/v2\/pages\/1219","targetHints":{"allow":["GET"]}}],"collection":[{"href":"https:\/\/sites.uef.fi\/biopro\/wp-json\/wp\/v2\/pages"}],"about":[{"href":"https:\/\/sites.uef.fi\/biopro\/wp-json\/wp\/v2\/types\/page"}],"author":[{"embeddable":true,"href":"https:\/\/sites.uef.fi\/biopro\/wp-json\/wp\/v2\/users\/836"}],"replies":[{"embeddable":true,"href":"https:\/\/sites.uef.fi\/biopro\/wp-json\/wp\/v2\/comments?post=1219"}],"version-history":[{"count":2,"href":"https:\/\/sites.uef.fi\/biopro\/wp-json\/wp\/v2\/pages\/1219\/revisions"}],"predecessor-version":[{"id":2052,"href":"https:\/\/sites.uef.fi\/biopro\/wp-json\/wp\/v2\/pages\/1219\/revisions\/2052"}],"up":[{"embeddable":true,"href":"https:\/\/sites.uef.fi\/biopro\/wp-json\/wp\/v2\/pages\/69"}],"wp:attachment":[{"href":"https:\/\/sites.uef.fi\/biopro\/wp-json\/wp\/v2\/media?parent=1219"}],"curies":[{"name":"wp","href":"https:\/\/api.w.org\/{rel}","templated":true}]}}